{"id":3731,"date":"2019-05-22T05:14:08","date_gmt":"2019-05-21T21:14:08","guid":{"rendered":"https:\/\/www.agriculture-machine.com\/?p=3731"},"modified":"2024-09-23T11:16:59","modified_gmt":"2024-09-23T03:16:59","slug":"animal-feed-cutting-grass-machine-straw-cutter-grass-cutter-with-great-capacity","status":"publish","type":"product","link":"https:\/\/www.agriculture-machine.com\/de\/animal-feed-cutting-grass-machine-straw-cutter-grass-cutter-with-great-capacity\/","title":{"rendered":"Tierfutter-Schneidemaschine | Strohschneider | Graskutter mit gro\u00dfer Kapazit\u00e4t"},"content":{"rendered":"<p class=\"translation-block\">Scheibenf\u00f6rmiges <strong>Gras schneidemaschine<\/strong> wird verwendet, um trockenes oder nasses Gras, Getreidestroh, St\u00e4ngel usw. zu schneiden, und es gibt drei Modelle, n\u00e4mlich 9Z-1.2, 9Z-1.5 und 9Z-1.8. Verschiedene Modelle haben unterschiedliche Kapazit\u00e4ten. Es kann mit einem 2,2-3 kW Motor, Benzin- oder Dieselmotor kombiniert werden, und die Zerkleinerungsgr\u00f6\u00dfe kann 5 mm, 11 mm oder 15 mm sein. Das zerkleinerte Gras kann verschiedene Tiere wie K\u00fche, Schafe, G\u00e4nse, H\u00fchner usw. f\u00fcttern.<\/p>   <p><iframe loading=\"lazy\" title=\"Sehr g\u00fcnstige Gras- und K\u00f6rnerzerkleinerungsmaschine, M\u00e4hwerk\" width=\"500\" height=\"281\" src=\"https:\/\/www.youtube.com\/embed\/WTOfgH9OdSs?feature=oembed\" frameborder=\"0\" allow=\"accelerometer; autoplay; clipboard-write; encrypted-media; gyroscope; picture-in-picture; web-share\" referrerpolicy=\"strict-origin-when-cross-origin\" allowfullscreen><\/iframe><\/p>    <figure class=\"wp-block-image aligncenter wp-image-3736\"><img loading=\"lazy\" decoding=\"async\" width=\"750\" height=\"775\" src=\"https:\/\/www.agriculture-machine.com\/wp-content\/uploads\/2019\/05\/\u672a\u6807\u9898-1_01.jpg\" alt=\"Gras-Schneidemaschine\" class=\"wp-image-3736\" srcset=\"https:\/\/www.agriculture-machine.com\/wp-content\/uploads\/2019\/05\/\u672a\u6807\u9898-1_01.jpg 750w, https:\/\/www.agriculture-machine.com\/wp-content\/uploads\/2019\/05\/\u672a\u6807\u9898-1_01-261x270.jpg 261w, https:\/\/www.agriculture-machine.com\/wp-content\/uploads\/2019\/05\/\u672a\u6807\u9898-1_01-523x540.jpg 523w\" sizes=\"auto, (max-width: 750px) 100vw, 750px\" \/><figcaption class=\"wp-element-caption\">Gras-Schneidemaschine<\/figcaption><\/figure>    <figure class=\"wp-block-image aligncenter wp-image-3735\"><img loading=\"lazy\" decoding=\"async\" width=\"750\" height=\"750\" src=\"https:\/\/www.agriculture-machine.com\/wp-content\/uploads\/2019\/05\/\u672a\u6807\u9898-1.jpg\" alt=\"Aufbau des Rasenm\u00e4hers\" class=\"wp-image-3735\" srcset=\"https:\/\/www.agriculture-machine.com\/wp-content\/uploads\/2019\/05\/\u672a\u6807\u9898-1.jpg 750w, https:\/\/www.agriculture-machine.com\/wp-content\/uploads\/2019\/05\/\u672a\u6807\u9898-1-270x270.jpg 270w, https:\/\/www.agriculture-machine.com\/wp-content\/uploads\/2019\/05\/\u672a\u6807\u9898-1-540x540.jpg 540w\" sizes=\"auto, (max-width: 750px) 100vw, 750px\" \/><figcaption class=\"wp-element-caption\">Aufbau des Rasenm\u00e4hers<\/figcaption><\/figure>    <h2 class=\"wp-block-heading\">Technische Parameter des Gras schneidemaschine<\/h2>    <figure class=\"wp-block-table is-style-stripes\"><table><tbody><tr><td>Modell<\/td><td>9Z-1.2<\/td><td>9Z-1,5<\/td><td>9Z-1.8<\/td><\/tr><tr><td>Strukturtyp<\/td><td>Scheibenart<\/td><td>Scheibenart<\/td><td>Scheibenart<\/td><\/tr><tr><td>Leistung<\/td><td>2,2 kW - 3 kW<\/td><td>2,2 kW - 3 kW<\/td><td>2,2 kW - 3 kW<\/td><\/tr><tr><td>Gewicht<\/td><td>80kg<\/td><td>90kg<\/td><td>100kg<\/td><\/tr><tr><td>Abmessung<\/td><td>660*995*1840mm<\/td><td>770*1010*1870mm<\/td><td>800*1010*1900mm<\/td><\/tr><tr><td>Kapazit\u00e4t<\/td><td>1200kg\/h<\/td><td>1500kg\/h<\/td><td>1800kg\/h<\/td><\/tr><tr><td>Drehzahl der Hauptwelle<\/td><td>950r\/min<\/td><td>950r\/min<\/td><td>950r\/min<\/td><\/tr><tr><td>Rotordurchmesser<\/td><td>470mm<\/td><td>510mm<\/td><td>560mm<\/td><\/tr><tr><td>Anzahl der Messer<\/td><td>6 St\u00fcck<\/td><td>6 St\u00fcck<\/td><td>6 St\u00fcck<\/td><\/tr><tr><td>Messershape<\/td><td>Rechteck<\/td><td>Rechteck<\/td><td>Rechteck<\/td><\/tr><tr><td>Geschwindigkeit des Futterwalzens<\/td><td>360r\/min<\/td><td>360r\/min<\/td><td>360r\/min<\/td><\/tr><tr><td>F\u00fctterungsmodus<\/td><td>Manuell<\/td><td>Manuell<\/td><td>Manuell<\/td><\/tr><tr><td>Zerkleinerungsgr\u00f6\u00dfe<\/td><td>5mm, 11mm, 15mm<\/td><td>5mm, 11mm, 15mm<\/td><td>5mm, 11mm, 15mm<\/td><\/tr><tr><td>Futtereingangsbreite<\/td><td>170mm<\/td><td>180mm<\/td><td>220mm<\/td><\/tr><\/tbody><\/table><figcaption class=\"wp-element-caption\">Technische Daten der Gras schneidemaschine<\/figcaption><\/figure>    <h2 class=\"wp-block-heading\">Vorteile des Gras schneidemaschine<\/h2>    <ol class=\"wp-block-list\"> <li>Angemessene Struktur. Der lange Auslass macht es bequem, Gras abzulassen, und drei G\u00e4nge k\u00f6nnen die L\u00e4nge des Grases steuern. Au\u00dferdem kann das Regal unter dem Einlass das Gewicht eines Benzinmotors tragen.<\/li>    <li>Vier R\u00e4der erleichtern die Mobilit\u00e4t.<\/li>    <li>Gro\u00dfe Arbeitsleistung und leichtgewichtig. Das Gewicht der Maschine betr\u00e4gt nur etwa 90 kg, aber ihre Kapazit\u00e4t ist 1,5 t\/h.<\/li>    <li>Die Zerkleinerungsgr\u00f6\u00dfe kann nach Bedarf eingestellt werden, also 5 mm, 11 mm, 15 mm.<\/li>    <li>Die Zerkleinerungseffizienz des Gras schneidemaschine ist sehr gut, und die Endprodukte k\u00f6nnen zur Tierf\u00fctterung verwendet werden.<\/li>    <li>Sie k\u00f6nnen je nach Bedarf verschiedene Modelle w\u00e4hlen.<\/li>    <li>Das Messer im Inneren der Maschine ist sehr scharf mit langer Lebensdauer und kann das Gras vollst\u00e4ndig schneiden.<\/li>    <li>Das Gras schneidemaschine ist einfach zu bedienen und kann von einer Person allein erledigt werden.<\/li> <\/ol>    <figure class=\"wp-block-image aligncenter wp-image-3732\"><img decoding=\"async\" src=\"https:\/\/www.agriculture-machine.com\/wp-content\/uploads\/2019\/05\/DSC_3842.jpg\" alt=\"Maisst\u00e4ngel auf Testgel\u00e4nde der Schneidemaschine\" class=\"wp-image-3732\"\/><figcaption class=\"wp-element-caption\">Maisst\u00e4ngel auf Testgel\u00e4nde der Schneidemaschine<\/figcaption><\/figure>    <figure class=\"wp-block-image aligncenter wp-image-3733\"><img decoding=\"async\" src=\"https:\/\/www.agriculture-machine.com\/wp-content\/uploads\/2019\/05\/DSC_3848.jpg\" alt=\"Heu-Schneidemaschine\" class=\"wp-image-3733\"\/><figcaption class=\"wp-element-caption\">Heu-Schneidemaschine<\/figcaption><\/figure>    <h2 class=\"wp-block-heading\">Funktionsprinzip der Gras schneidemaschine<\/h2>    <ol class=\"wp-block-list\"> <li>Zuerst das Gras in den Futtertrichter legen.<\/li>    <li>Es gibt drei G\u00e4nge, einschlie\u00dflich langer, mittlerer und kurzer Gang, die die L\u00e4nge des Grases steuern k\u00f6nnen. 6 Messer und die H\u00e4mmer schneiden und zerkleinern das Gras vollst\u00e4ndig in diesem Moment.<\/li>    <li>Nach einigen Sekunden werden die Gr\u00e4ser aus dem Ausgang entlassen.<\/li> <\/ol>    <figure class=\"wp-block-image aligncenter wp-image-3734\"><img decoding=\"async\" src=\"https:\/\/www.agriculture-machine.com\/wp-content\/uploads\/2019\/05\/DSC_3851.jpg\" alt=\"Schneideffekt des M\u00e4hwerks\" class=\"wp-image-3734\"\/><figcaption class=\"wp-element-caption\">Schneideffekt des M\u00e4hwerks<\/figcaption><\/figure>    <h2 class=\"wp-block-heading\"><span style=\"color: #ff0000;\">Die Vorbehandlung des Grases<\/span><\/h2>    <ol class=\"wp-block-list\"> <li>Entfernen Sie harte Gegenst\u00e4nde wie Holzst\u00f6cke, Eisen, Steine usw. im Gras schneidemaschine.<\/li>    <li>Installieren Sie das Geschwindigkeitsregelungsgetriebe entsprechend der gew\u00fcnschten Grasl\u00e4nge.<\/li>    <li>Schalten Sie die Stromquelle ein und lassen Sie die Maschine einige Minuten im Leerlauf laufen. Nehmen Sie dann die entsprechende Menge Gras gleichm\u00e4\u00dfig in den Einlass, damit keine abnormalen Situationen auftreten. Zu viel Gras kann zu einem \u00dcberlaststopp f\u00fchren, andernfalls beeintr\u00e4chtigt es die Schneideffizienz.<\/li>    <li>Beim Anhalten lassen Sie die Maschine zwei Minuten im Leerlauf laufen. Blasen Sie Staub und Unkraut im Inneren des Gras schneidemaschine, dann schalten Sie die Maschine aus und stellen den Griff auf die \u201eStopp\u201c-Position.<\/li>    <li>Bei Verwendung eines Dieselmotors oder Traktormotors sollte die Drossel des Dieselmotors richtig eingestellt werden (normalerweise die mittlere Drossel). Ist sie zu gro\u00df, f\u00fchrt dies zu einem \u00dcberlauf der Maschine. Andernfalls beeintr\u00e4chtigt es die Arbeitseffizienz.<\/li>    <li>The gearbox handle of this machine has 3 gear positions, push the handle to the (in) position during normal use. When the feeding is too blocked, push the handle to the \u201cstop\u201d position, wait for a moment, and then push To the &#8220;return&#8221; position. You shall reduce the feeding amount and re-work. When the operation stops, the handle is adjusted to the &#8220;stop&#8221; position; when the handle is pushed, the pushing force should be appropriate.<\/li> <\/ol>    <h2 class=\"wp-block-heading\">FAQ der Gras schneidemaschine<\/h2>   <div id=\"rank-math-faq\" class=\"rank-math-block\"> <div class=\"rank-math-list\"> <div id=\"faq-question-1707040336268\" class=\"rank-math-list-item\"> <h3 class=\"rank-math-question\">Wie viele Messer sind im Inneren der Maschine? Und die Form des Messers?<\/h3> <div class=\"rank-math-answer\">  <p>Es gibt 6 Messer.<\/p>  <\/div> <\/div> <div id=\"faq-question-1707040349705\" class=\"rank-math-list-item\"> <h3 class=\"rank-math-question\">Wie sieht die Form der Messer aus?<\/h3> <div class=\"rank-math-answer\">  <p>Sie sehen aus wie Rechtecke.<\/p>  <\/div> <\/div> <div id=\"faq-question-1707040362057\" class=\"rank-math-list-item\"> <h3 class=\"rank-math-question\">Was ist die Zerkleinerungsgr\u00f6\u00dfe des endg\u00fcltigen Grases?<\/h3> <div class=\"rank-math-answer\">  <p>5mm, 11mm und 15mm.<\/p>  <\/div> <\/div> <div id=\"faq-question-1707040375585\" class=\"rank-math-list-item\"> <h3 class=\"rank-math-question\">Haben Sie andere Maschinen mit unterschiedlichen Kapazit\u00e4ten?<\/h3> <div class=\"rank-math-answer\">  <p class=\"translation-block\">Ja, wir haben es. Die Kapazit\u00e4t dieser <strong><a href=\"https:\/\/www.agriculture-machine.com\/de\/small-chaff-cutter\/\"><em>M\u00e4hwerk<\/em><\/a><\/strong> betr\u00e4gt 1,5 t\/h. Wir haben auch Maschinen mit 2 t\/h bis 10 t\/h.<\/p>  <\/div> <\/div> <div id=\"faq-question-1707040389913\" class=\"rank-math-list-item\"> <h3 class=\"rank-math-question\">Wof\u00fcr kann das zerkleinerte Gras verwendet werden?<\/h3> <div class=\"rank-math-answer\">  <p>Zerkleinertes Gras kann zur F\u00fctterung von Tieren verwendet werden.<\/p>  <\/div> <\/div> <\/div> <\/div>","protected":false},"excerpt":{"rendered":"<p>Diese Gras schneidemaschine kann mit einem 2,2 kW Motor, Benzin- oder Dieselmotor kombiniert werden, und die Zerkleinerungsgr\u00f6\u00dfe kann 5 mm, 11 mm, 15 mm sein. Das zerkleinerte Gras kann verschiedene Tiere wie K\u00fche, Schafe, G\u00e4nse, H\u00fchner usw. f\u00fcttern.\u00a0<\/p>","protected":false},"author":1,"featured_media":14626,"parent":0,"comment_status":"closed","ping_status":"closed","template":"","tags":[2609,2630],"product-type":[912,876],"class_list":["post-3731","product","type-product","status-publish","has-post-thumbnail","hentry","tag-cutter","tag-feed","product-type-chaff-cutter","product-type-silage-machine"],"_links":{"self":[{"href":"https:\/\/www.agriculture-machine.com\/de\/wp-json\/wp\/v2\/product\/3731","targetHints":{"allow":["GET"]}}],"collection":[{"href":"https:\/\/www.agriculture-machine.com\/de\/wp-json\/wp\/v2\/product"}],"about":[{"href":"https:\/\/www.agriculture-machine.com\/de\/wp-json\/wp\/v2\/types\/product"}],"author":[{"embeddable":true,"href":"https:\/\/www.agriculture-machine.com\/de\/wp-json\/wp\/v2\/users\/1"}],"replies":[{"embeddable":true,"href":"https:\/\/www.agriculture-machine.com\/de\/wp-json\/wp\/v2\/comments?post=3731"}],"wp:featuredmedia":[{"embeddable":true,"href":"https:\/\/www.agriculture-machine.com\/de\/wp-json\/wp\/v2\/media\/14626"}],"wp:attachment":[{"href":"https:\/\/www.agriculture-machine.com\/de\/wp-json\/wp\/v2\/media?parent=3731"}],"wp:term":[{"taxonomy":"post_tag","embeddable":true,"href":"https:\/\/www.agriculture-machine.com\/de\/wp-json\/wp\/v2\/tags?post=3731"},{"taxonomy":"product-type","embeddable":true,"href":"https:\/\/www.agriculture-machine.com\/de\/wp-json\/wp\/v2\/product-type?post=3731"}],"curies":[{"name":"wp","href":"https:\/\/api.w.org\/{rel}","templated":true}]}}