{"id":3747,"date":"2019-05-23T05:13:35","date_gmt":"2019-05-22T21:13:35","guid":{"rendered":"https:\/\/www.agriculture-machine.com\/?p=3747"},"modified":"2024-08-20T17:43:04","modified_gmt":"2024-08-20T09:43:04","slug":"stainless-steel-cocoa-beans-peeling-machine-with-long-service-life","status":"publish","type":"product","link":"https:\/\/www.agriculture-machine.com\/de\/stainless-steel-cocoa-beans-peeling-machine-with-long-service-life\/","title":{"rendered":"Edelstahl-Kakaobohnen-Sch\u00e4lmaschine mit langer Lebensdauer"},"content":{"rendered":"<p class=\"translation-block\">Usually, people will process cocoa beans into a variety of cocoa powder, chocolate and other foods. And because of the hardness of the cocoa bean&#8217;s shell. People can use the <a href=\"https:\/\/www.agriculture-machine.com\/de\/cocoa-pod-breaker-cocoa-pod-splitter-cocoa-pod-opener\/\">cocoa pod breaker<\/a> to break the shell. So that it is convenient for the further process of the cocoa bean. After opening the pod of the cocoa bean, we can use the cocoa beans peeling machine.<strong> The cocoa beans peeling machine<\/strong>\u00a0includes peeling roller, fan and gravity sorting part. This machine has simple and compact structure and stable performance. What\u2019s more, it is safe and reliable during operation. Peeled cocoa beans boasts great aroma, widely applying to produce chocolate, candy and other industries.<\/p> <div id='gallery-1' class='gallery galleryid-3747 gallery-columns-2 gallery-size-full'><figure class='gallery-item'> \t\t\t<div class='gallery-icon portrait'> \t\t\t\t<a href='https:\/\/www.agriculture-machine.com\/de\/stainless-steel-cocoa-beans-peeling-machine-with-long-service-life\/attachment\/cocoa-beans-peeling-delivery-1\/'><img loading=\"lazy\" decoding=\"async\" width=\"400\" height=\"500\" src=\"https:\/\/www.agriculture-machine.com\/wp-content\/uploads\/2019\/05\/cocoa-beans-peeling-delivery-1.jpg\" class=\"attachment-full size-full\" alt=\"Kakaobohnen-Sch\u00e4llieferung (1)\" srcset=\"https:\/\/www.agriculture-machine.com\/wp-content\/uploads\/2019\/05\/cocoa-beans-peeling-delivery-1.jpg 400w, https:\/\/www.agriculture-machine.com\/wp-content\/uploads\/2019\/05\/cocoa-beans-peeling-delivery-1-216x270.jpg 216w\" sizes=\"auto, (max-width: 400px) 100vw, 400px\" \/><\/a> \t\t\t<\/div><\/figure><figure class='gallery-item'> \t\t\t<div class='gallery-icon portrait'> \t\t\t\t<a href='https:\/\/www.agriculture-machine.com\/de\/stainless-steel-cocoa-beans-peeling-machine-with-long-service-life\/attachment\/cocoa-beans-peeling-2\/'><img loading=\"lazy\" decoding=\"async\" width=\"400\" height=\"500\" src=\"https:\/\/www.agriculture-machine.com\/wp-content\/uploads\/2019\/05\/cocoa-beans-peeling-2.jpg\" class=\"attachment-full size-full\" alt=\"Kakaobohnen-Sch\u00e4lung (2)\" srcset=\"https:\/\/www.agriculture-machine.com\/wp-content\/uploads\/2019\/05\/cocoa-beans-peeling-2.jpg 400w, https:\/\/www.agriculture-machine.com\/wp-content\/uploads\/2019\/05\/cocoa-beans-peeling-2-216x270.jpg 216w\" sizes=\"auto, (max-width: 400px) 100vw, 400px\" \/><\/a> \t\t\t<\/div><\/figure> \t\t<\/div>  <h2>Funktionsprinzip der Kakaobohnen-Sch\u00e4lmaschine<\/h2> <ol> <li>Gie\u00dfen Sie die Kakaobohnen gleichm\u00e4\u00dfig in den Zuf\u00fchrtrichter.<\/li> <li>Kakaobohnen werden von den Rollen im Inneren der Maschine kontinuierlich gerollt, und die Haut der Kakaobohnen wird sp\u00e4ter abgetragen.<\/li> <li>Der Wind des Ventilators saugt die Haut in den Wirbelsturm an.<\/li> <li>Schlie\u00dflich werden die gesch\u00e4lten Kakaobohnen von der anderen Seite der Maschine ausgetragen<\/li> <\/ol> <div id='gallery-2' class='gallery galleryid-3747 gallery-columns-2 gallery-size-full'><figure class='gallery-item'> \t\t\t<div class='gallery-icon portrait'> \t\t\t\t<a href='https:\/\/www.agriculture-machine.com\/de\/stainless-steel-cocoa-beans-peeling-machine-with-long-service-life\/attachment\/cocoa-beans-peeling-delivery-6\/'><img loading=\"lazy\" decoding=\"async\" width=\"400\" height=\"500\" src=\"https:\/\/www.agriculture-machine.com\/wp-content\/uploads\/2019\/05\/cocoa-beans-peeling-delivery-6.jpg\" class=\"attachment-full size-full\" alt=\"Kakaobohnen-Sch\u00e4llieferung (6)\" srcset=\"https:\/\/www.agriculture-machine.com\/wp-content\/uploads\/2019\/05\/cocoa-beans-peeling-delivery-6.jpg 400w, https:\/\/www.agriculture-machine.com\/wp-content\/uploads\/2019\/05\/cocoa-beans-peeling-delivery-6-216x270.jpg 216w\" sizes=\"auto, (max-width: 400px) 100vw, 400px\" \/><\/a> \t\t\t<\/div><\/figure><figure class='gallery-item'> \t\t\t<div class='gallery-icon portrait'> \t\t\t\t<a href='https:\/\/www.agriculture-machine.com\/de\/stainless-steel-cocoa-beans-peeling-machine-with-long-service-life\/attachment\/cocoa-beans-peeling-2\/'><img loading=\"lazy\" decoding=\"async\" width=\"400\" height=\"500\" src=\"https:\/\/www.agriculture-machine.com\/wp-content\/uploads\/2019\/05\/cocoa-beans-peeling-2.jpg\" class=\"attachment-full size-full\" alt=\"Kakaobohnen-Sch\u00e4lung (2)\" srcset=\"https:\/\/www.agriculture-machine.com\/wp-content\/uploads\/2019\/05\/cocoa-beans-peeling-2.jpg 400w, https:\/\/www.agriculture-machine.com\/wp-content\/uploads\/2019\/05\/cocoa-beans-peeling-2-216x270.jpg 216w\" sizes=\"auto, (max-width: 400px) 100vw, 400px\" \/><\/a> \t\t\t<\/div><\/figure> \t\t<\/div>  <h2>Anwendung von Kakaobohnen-Sch\u00e4lger\u00e4t<\/h2> <p>Kakaopulver hat ein starkes Aroma und kann in hochwertiger Schokolade, Eis, S\u00fc\u00dfigkeiten und Backwaren verwendet werden. Es kann auch in anderen Branchen wie Medizin und Gesundheitsprodukten angewendet werden.<\/p> <div id='gallery-3' class='gallery galleryid-3747 gallery-columns-2 gallery-size-full'><figure class='gallery-item'> \t\t\t<div class='gallery-icon portrait'> \t\t\t\t<a href='https:\/\/www.agriculture-machine.com\/de\/stainless-steel-cocoa-beans-peeling-machine-with-long-service-life\/attachment\/cocoa-beans-peeling-5\/'><img loading=\"lazy\" decoding=\"async\" width=\"400\" height=\"500\" src=\"https:\/\/www.agriculture-machine.com\/wp-content\/uploads\/2019\/05\/cocoa-beans-peeling-5.jpg\" class=\"attachment-full size-full\" alt=\"kakaobohnen-sch\u00e4len (5)\" srcset=\"https:\/\/www.agriculture-machine.com\/wp-content\/uploads\/2019\/05\/cocoa-beans-peeling-5.jpg 400w, https:\/\/www.agriculture-machine.com\/wp-content\/uploads\/2019\/05\/cocoa-beans-peeling-5-216x270.jpg 216w\" sizes=\"auto, (max-width: 400px) 100vw, 400px\" \/><\/a> \t\t\t<\/div><\/figure><figure class='gallery-item'> \t\t\t<div class='gallery-icon portrait'> \t\t\t\t<a href='https:\/\/www.agriculture-machine.com\/de\/stainless-steel-cocoa-beans-peeling-machine-with-long-service-life\/attachment\/cocoa-beans-peeling-delivery-2\/'><img loading=\"lazy\" decoding=\"async\" width=\"400\" height=\"500\" src=\"https:\/\/www.agriculture-machine.com\/wp-content\/uploads\/2019\/05\/cocoa-beans-peeling-delivery-2.jpg\" class=\"attachment-full size-full\" alt=\"Kakaobohnen-Sch\u00e4llieferung (2)\" srcset=\"https:\/\/www.agriculture-machine.com\/wp-content\/uploads\/2019\/05\/cocoa-beans-peeling-delivery-2.jpg 400w, https:\/\/www.agriculture-machine.com\/wp-content\/uploads\/2019\/05\/cocoa-beans-peeling-delivery-2-216x270.jpg 216w\" sizes=\"auto, (max-width: 400px) 100vw, 400px\" \/><\/a> \t\t\t<\/div><\/figure> \t\t<\/div>  <h2>Vorteile der Kakaobohnen-Sch\u00e4lermaschine<\/h2> <ol> <li>Durch Anpassen der Luftmenge und der Sch\u00e4lschnittweite k\u00f6nnen alle Hautschichten und Bohnen durch Einstellen der Gebl\u00e4seleistung und des Sch\u00e4lwalzenabstands vollst\u00e4ndig getrennt werden.<\/li> <li>Gro\u00dfer Wirbelsturm an der Seite des Sch\u00e4lers kann die Haut der Kakaobohnen vollst\u00e4ndig aufnehmen, wodurch die Reinigungsrate erh\u00f6ht wird.<\/li> <li>Sch\u00e4lrate kann 99% oder mehr erreichen, und die gesch\u00e4lten Kakaobohnen behalten dennoch ihr urspr\u00fcngliches Aroma.<\/li> <li>Es besteht aus Edelstahl und hat eine lange Lebensdauer sowie eine starke Best\u00e4ndigkeit gegen Korrosion.<\/li> <\/ol> <h2>Technische Parameter der Kakaobohnen-Sch\u00e4lmaschine<\/h2> <table> <tbody> <tr> <td width=\"284\">Kapazit\u00e4t<\/td> <td width=\"284\">400KG\/H<\/td> <\/tr> <tr> <td width=\"284\">Motor<\/td> <td width=\"284\">\u00a00,75 kW.<\/td> <\/tr> <tr> <td width=\"284\">Spannung<\/td> <td width=\"284\">380V<\/td> <\/tr> <tr> <td width=\"284\">Sch\u00e4lrate<\/td> <td width=\"284\">\u00a0&gt;99%<\/td> <\/tr> <tr> <td width=\"284\">Abmessung<\/td> <td width=\"284\">130*80* 130cm<\/td> <\/tr> <tr> <td width=\"284\">Gewicht<\/td> <td width=\"284\">140kg<\/td> <\/tr> <\/tbody> <\/table> <h2>Erfolgsfall der Kakaobohnen-Sch\u00e4lanlage<\/h2> <p>Als Zutat von Schokolade, Eis, S\u00fc\u00dfigkeiten und Backwaren ist diese Maschine in den meisten L\u00e4ndern sehr beliebt. Wir haben gestern 5 S\u00e4tze Kakaobohnen-Sch\u00e4lermaschinen nach Kamerun verkauft, und dieser Kunde hat bei uns bereits mehrere Male eine solche Maschine bestellt. Unten finden Sie die Verpackungsdetails.<\/p> <p>Der Wirbelsturm muss aufgrund seiner gro\u00dfen Gr\u00f6\u00dfe entleert werden.<\/p> <div id='gallery-4' class='gallery galleryid-3747 gallery-columns-2 gallery-size-full'><figure class='gallery-item'> \t\t\t<div class='gallery-icon portrait'> \t\t\t\t<a href='https:\/\/www.agriculture-machine.com\/de\/stainless-steel-cocoa-beans-peeling-machine-with-long-service-life\/attachment\/cocoa-beans-peeling-delivery-5\/'><img loading=\"lazy\" decoding=\"async\" width=\"400\" height=\"500\" src=\"https:\/\/www.agriculture-machine.com\/wp-content\/uploads\/2019\/05\/cocoa-beans-peeling-delivery-5.jpg\" class=\"attachment-full size-full\" alt=\"Kakaobohnen-Sch\u00e4llieferung (5)\" srcset=\"https:\/\/www.agriculture-machine.com\/wp-content\/uploads\/2019\/05\/cocoa-beans-peeling-delivery-5.jpg 400w, https:\/\/www.agriculture-machine.com\/wp-content\/uploads\/2019\/05\/cocoa-beans-peeling-delivery-5-216x270.jpg 216w\" sizes=\"auto, (max-width: 400px) 100vw, 400px\" \/><\/a> \t\t\t<\/div><\/figure><figure class='gallery-item'> \t\t\t<div class='gallery-icon portrait'> \t\t\t\t<a href='https:\/\/www.agriculture-machine.com\/de\/stainless-steel-cocoa-beans-peeling-machine-with-long-service-life\/attachment\/cocoa-beans-peeling-delivery-7\/'><img loading=\"lazy\" decoding=\"async\" width=\"400\" height=\"500\" src=\"https:\/\/www.agriculture-machine.com\/wp-content\/uploads\/2019\/05\/cocoa-beans-peeling-delivery-7.jpg\" class=\"attachment-full size-full\" alt=\"Kakaobohnen-Sch\u00e4llieferung (7)\" srcset=\"https:\/\/www.agriculture-machine.com\/wp-content\/uploads\/2019\/05\/cocoa-beans-peeling-delivery-7.jpg 400w, https:\/\/www.agriculture-machine.com\/wp-content\/uploads\/2019\/05\/cocoa-beans-peeling-delivery-7-216x270.jpg 216w\" sizes=\"auto, (max-width: 400px) 100vw, 400px\" \/><\/a> \t\t\t<\/div><\/figure> \t\t<\/div>  <div id='gallery-5' class='gallery galleryid-3747 gallery-columns-2 gallery-size-full'><figure class='gallery-item'> \t\t\t<div class='gallery-icon portrait'> \t\t\t\t<a href='https:\/\/www.agriculture-machine.com\/de\/stainless-steel-cocoa-beans-peeling-machine-with-long-service-life\/attachment\/cocoa-beans-peeling-delivery-2\/'><img loading=\"lazy\" decoding=\"async\" width=\"400\" height=\"500\" src=\"https:\/\/www.agriculture-machine.com\/wp-content\/uploads\/2019\/05\/cocoa-beans-peeling-delivery-2.jpg\" class=\"attachment-full size-full\" alt=\"Kakaobohnen-Sch\u00e4llieferung (2)\" srcset=\"https:\/\/www.agriculture-machine.com\/wp-content\/uploads\/2019\/05\/cocoa-beans-peeling-delivery-2.jpg 400w, https:\/\/www.agriculture-machine.com\/wp-content\/uploads\/2019\/05\/cocoa-beans-peeling-delivery-2-216x270.jpg 216w\" sizes=\"auto, (max-width: 400px) 100vw, 400px\" \/><\/a> \t\t\t<\/div><\/figure><figure class='gallery-item'> \t\t\t<div class='gallery-icon portrait'> \t\t\t\t<a href='https:\/\/www.agriculture-machine.com\/de\/stainless-steel-cocoa-beans-peeling-machine-with-long-service-life\/attachment\/cocoa-beans-peeling-delivery-3\/'><img loading=\"lazy\" decoding=\"async\" width=\"400\" height=\"500\" src=\"https:\/\/www.agriculture-machine.com\/wp-content\/uploads\/2019\/05\/cocoa-beans-peeling-delivery-3.jpg\" class=\"attachment-full size-full\" alt=\"Kakaobohnen-Sch\u00e4llieferung (3)\" srcset=\"https:\/\/www.agriculture-machine.com\/wp-content\/uploads\/2019\/05\/cocoa-beans-peeling-delivery-3.jpg 400w, https:\/\/www.agriculture-machine.com\/wp-content\/uploads\/2019\/05\/cocoa-beans-peeling-delivery-3-216x270.jpg 216w\" sizes=\"auto, (max-width: 400px) 100vw, 400px\" \/><\/a> \t\t\t<\/div><\/figure> \t\t<\/div>  <h2>FAQ der Kakaobohnen-Sch\u00e4lmaschine<\/h2> <ol> <li>Wie hoch ist die Sch\u00e4lrate dieses Ger\u00e4ts?<\/li> <\/ol> <p>Mehr als 99%.<\/p> <ol start=\"2\"> <li>Kann ich den Abstand der Walze einstellen?<\/li> <\/ol> <p>Ja, nat\u00fcrlich, der Walzenabstand ist einstellbar, da verschiedene Kakaobohnen unterschiedliche Gr\u00f6\u00dfen haben.<\/p> <ol start=\"3\"> <li>Wof\u00fcr werden die gesch\u00e4lten Kakaobohnen verwendet?<\/li> <\/ol> <p>Sie kann verwendet werden, um Schokolade, Eis, S\u00fc\u00dfigkeiten und Backwaren herzustellen usw.<\/p>","protected":false},"excerpt":{"rendered":"<p>Usually, people will process cocoa beans into a variety of cocoa powder, chocolate and other foods. And because of the hardness of the cocoa bean&#8217;s shell. People can use the cocoa pod breaker to break the shell. So that it is convenient for the further process of the cocoa bean. After opening the pod of [&hellip;]<\/p>\n","protected":false},"author":1,"featured_media":3748,"parent":0,"comment_status":"open","ping_status":"open","template":"","tags":[],"product-type":[904],"class_list":["post-3747","product","type-product","status-publish","has-post-thumbnail","hentry","product-type-cocao-beans-dehuller-machine"],"_links":{"self":[{"href":"https:\/\/www.agriculture-machine.com\/de\/wp-json\/wp\/v2\/product\/3747","targetHints":{"allow":["GET"]}}],"collection":[{"href":"https:\/\/www.agriculture-machine.com\/de\/wp-json\/wp\/v2\/product"}],"about":[{"href":"https:\/\/www.agriculture-machine.com\/de\/wp-json\/wp\/v2\/types\/product"}],"author":[{"embeddable":true,"href":"https:\/\/www.agriculture-machine.com\/de\/wp-json\/wp\/v2\/users\/1"}],"replies":[{"embeddable":true,"href":"https:\/\/www.agriculture-machine.com\/de\/wp-json\/wp\/v2\/comments?post=3747"}],"wp:featuredmedia":[{"embeddable":true,"href":"https:\/\/www.agriculture-machine.com\/de\/wp-json\/wp\/v2\/media\/3748"}],"wp:attachment":[{"href":"https:\/\/www.agriculture-machine.com\/de\/wp-json\/wp\/v2\/media?parent=3747"}],"wp:term":[{"taxonomy":"post_tag","embeddable":true,"href":"https:\/\/www.agriculture-machine.com\/de\/wp-json\/wp\/v2\/tags?post=3747"},{"taxonomy":"product-type","embeddable":true,"href":"https:\/\/www.agriculture-machine.com\/de\/wp-json\/wp\/v2\/product-type?post=3747"}],"curies":[{"name":"wp","href":"https:\/\/api.w.org\/{rel}","templated":true}]}}