{"id":3771,"date":"2019-05-27T04:04:16","date_gmt":"2019-05-26T20:04:16","guid":{"rendered":"https:\/\/www.agriculture-machine.com\/?p=3771"},"modified":"2026-02-25T17:41:02","modified_gmt":"2026-02-25T09:41:02","slug":"wheat-thresher-for-sale-sorghum-rice-thresher-beans-millet-threshing-machine","status":"publish","type":"product","link":"https:\/\/www.agriculture-machine.com\/de\/wheat-thresher-for-sale-sorghum-rice-thresher-beans-millet-threshing-machine\/","title":{"rendered":"Weizenabsch\u00e4umer | Reissch\u00e4umer zum Verkauf"},"content":{"rendered":"<p class=\"translation-block\">Dies ist ein neues Design <strong>Reiskocher<\/strong> mit hoher Arbeitseffizienz, weit verbreitet f\u00fcr das Dreschen von Weizen, Reis und Hirse, und seine Kapazit\u00e4t betr\u00e4gt 400-500kg\/h. Es kann mit Motor, Benzinmotor und Dieselmotor ausgestattet werden und ist praktisch f\u00fcr Gebiete, in denen der Strom unzureichend ist.<\/p>    <figure class=\"wp-block-image aligncenter wp-image-3775 size-full\"><img loading=\"lazy\" decoding=\"async\" width=\"600\" height=\"500\" src=\"https:\/\/www.agriculture-machine.com\/wp-content\/uploads\/2019\/05\/wheat-thresher-13.jpg\" alt=\"Reissch\u00e4ler\" class=\"wp-image-3775\" srcset=\"https:\/\/www.agriculture-machine.com\/wp-content\/uploads\/2019\/05\/wheat-thresher-13.jpg 600w, https:\/\/www.agriculture-machine.com\/wp-content\/uploads\/2019\/05\/wheat-thresher-13-324x270.jpg 324w\" sizes=\"auto, (max-width: 600px) 100vw, 600px\" \/><figcaption class=\"wp-element-caption\">Reissch\u00e4ler<\/figcaption><\/figure>    <p>Der Weizenreaper hat zwei R\u00e4der, einen verstellbaren Rahmen, einen Zuf\u00fchrtrichter, einen Fremdk\u00f6rperauslass, einen Strohauslass und einen Kornauslass usw.<\/p>    <figure class=\"wp-block-image aligncenter wp-image-3774 size-full\"><img loading=\"lazy\" decoding=\"async\" width=\"600\" height=\"500\" src=\"https:\/\/www.agriculture-machine.com\/wp-content\/uploads\/2019\/05\/wheat-thresher-12.jpg\" alt=\"Reissch\u00e4ler\" class=\"wp-image-3774\" srcset=\"https:\/\/www.agriculture-machine.com\/wp-content\/uploads\/2019\/05\/wheat-thresher-12.jpg 600w, https:\/\/www.agriculture-machine.com\/wp-content\/uploads\/2019\/05\/wheat-thresher-12-324x270.jpg 324w\" sizes=\"auto, (max-width: 600px) 100vw, 600px\" \/><figcaption class=\"wp-element-caption\">Reissch\u00e4ler<\/figcaption><\/figure>    <h2 class=\"wp-block-heading\">Technische Parameter des Reissch\u00e4lers<\/h2>    <figure class=\"wp-block-table\"><table class=\"has-fixed-layout\"><tbody><tr><td><strong><b>Modell<\/b><\/strong><\/td><td><strong><b>TZ-50<\/b><\/strong><\/td><\/tr><tr><td><strong><b>Kapazit\u00e4t<\/b><\/strong><\/td><td>400-500kg\/h<\/td><\/tr><tr><td><strong><b>Leistung<\/b><\/strong><\/td><td>3kW Motor<br><p>8PS Dieselmotor170F Benzinmotor<\/p><\/td><\/tr><tr><td><strong><b>Gewicht<\/b><\/strong><\/td><td>85kg<\/td><\/tr><tr><td><strong><b>Gr\u00f6\u00dfe<\/b><\/strong><\/td><td>1260*1320*1120mm<\/td><\/tr><\/tbody><\/table><\/figure>    <h2 class=\"wp-block-heading\">Vorteile des Reissch\u00e4lers<\/h2>    <ol class=\"wp-block-list\"> <li>Ein Ausgang mit gro\u00dfem Ausgang kann die Reinigungsrate verbessern.<\/li>    <li>Er passt sich je nach Bedarf an Motor, Dieselmotor und Benzinmotor an.<\/li>    <li>Zwei R\u00e4der und R\u00e4der erleichtern die Bewegung.<\/li>    <li>Hohe Rei\u00dfrate. Es kann 98% erreichen, und die endg\u00fcltigen K\u00f6rner sind sehr sauber.<\/li>    <li>Mehrere Funktionen. Durch den Austausch verschiedener Siebe, <a href=\"https:\/\/www.agriculture-machine.com\/de\/small-thresher-for-rice-wheat-beans-sorghum-millet\/\"><strong>Weizenreaper<\/strong><\/a> Kann viele Pflanzen wie Reis, Weizen, Bohnen usw. rechen.<\/li> <\/ol>    <figure class=\"wp-block-image aligncenter wp-image-3773 size-full\"><img loading=\"lazy\" decoding=\"async\" width=\"600\" height=\"500\" src=\"https:\/\/www.agriculture-machine.com\/wp-content\/uploads\/2019\/05\/wheat-thresher-11.jpg\" alt=\"Weizenreaper\" class=\"wp-image-3773\" srcset=\"https:\/\/www.agriculture-machine.com\/wp-content\/uploads\/2019\/05\/wheat-thresher-11.jpg 600w, https:\/\/www.agriculture-machine.com\/wp-content\/uploads\/2019\/05\/wheat-thresher-11-324x270.jpg 324w\" sizes=\"auto, (max-width: 600px) 100vw, 600px\" \/><figcaption class=\"wp-element-caption\">Weizenreaper<\/figcaption><\/figure>    <p>&nbsp;<\/p>    <h2 class=\"wp-block-heading\">Funktionsprinzip des Reissch\u00e4lers<\/h2>    <ol class=\"wp-block-list\"> <li>Benutzer gibt den Reis allm\u00e4hlich in den Einlass<\/li>    <li>Unter der Kraft der Walzen werden Reisk\u00f6rner vom Stroh getrennt und fallen in den Beh\u00e4lter.<\/li>    <li>3. Und Stroh wird durch einen anderen Ausgang ausgeblasen.<\/li>    <li>Um zu vermeiden, dass Stroh den Ausgang blockiert, ist es besser, es rechtzeitig mit einer Schaufel zu entfernen.<\/li> <\/ol>    <figure class=\"wp-block-image aligncenter wp-image-3772 size-full\"><img loading=\"lazy\" decoding=\"async\" width=\"600\" height=\"500\" src=\"https:\/\/www.agriculture-machine.com\/wp-content\/uploads\/2019\/05\/wheat-thresher-10.jpg\" alt=\"Weizenreaper Einlass\" class=\"wp-image-3772\" srcset=\"https:\/\/www.agriculture-machine.com\/wp-content\/uploads\/2019\/05\/wheat-thresher-10.jpg 600w, https:\/\/www.agriculture-machine.com\/wp-content\/uploads\/2019\/05\/wheat-thresher-10-324x270.jpg 324w\" sizes=\"auto, (max-width: 600px) 100vw, 600px\" \/><figcaption class=\"wp-element-caption\">Weizenreaper Einlass<\/figcaption><\/figure>    <h2 class=\"wp-block-heading\">Erfolgsfall des Reissch\u00e4lers<\/h2>    <p class=\"translation-block\">Im Februar 2019 wurden 79 Sets <strong> Weizenreaper<\/strong> nach Peru exportiert. Hohe Rei\u00dfrate, hohe Reinigungsrate und ausgezeichnete Arbeitseffizienz machen ihn auf dem Markt \u00e4u\u00dferst beliebt, und die folgenden sind die Verpackungsdetails.<\/p>    <figure class=\"wp-block-image aligncenter wp-image-3344 size-full\"><img loading=\"lazy\" decoding=\"async\" width=\"600\" height=\"500\" src=\"https:\/\/www.agriculture-machine.com\/wp-content\/uploads\/2019\/04\/wheat-thresher-4.jpg\" alt=\"Reissch\u00e4ler Lieferort\" class=\"wp-image-3344\" srcset=\"https:\/\/www.agriculture-machine.com\/wp-content\/uploads\/2019\/04\/wheat-thresher-4.jpg 600w, https:\/\/www.agriculture-machine.com\/wp-content\/uploads\/2019\/04\/wheat-thresher-4-324x270.jpg 324w\" sizes=\"auto, (max-width: 600px) 100vw, 600px\" \/><figcaption class=\"wp-element-caption\">Reissch\u00e4ler Lieferort<\/figcaption><\/figure>    <figure class=\"wp-block-image aligncenter wp-image-3345 size-full\"><img loading=\"lazy\" decoding=\"async\" width=\"600\" height=\"500\" src=\"https:\/\/www.agriculture-machine.com\/wp-content\/uploads\/2019\/04\/wheat-thresher-5.jpg\" alt=\"Bohnenreaper Lieferort\" class=\"wp-image-3345\" srcset=\"https:\/\/www.agriculture-machine.com\/wp-content\/uploads\/2019\/04\/wheat-thresher-5.jpg 600w, https:\/\/www.agriculture-machine.com\/wp-content\/uploads\/2019\/04\/wheat-thresher-5-324x270.jpg 324w\" sizes=\"auto, (max-width: 600px) 100vw, 600px\" \/><figcaption class=\"wp-element-caption\">Bohnenreaper Lieferort<\/figcaption><\/figure>    <h2 class=\"wp-block-heading\">FAQ zum Reiskocher<\/h2>   <div id=\"rank-math-faq\" class=\"rank-math-block\"> <div class=\"rank-math-list\"> <div id=\"faq-question-1772012282082\" class=\"rank-math-list-item\"> <h3 class=\"rank-math-question\">What&#8217;s the capacity of the rice thresher machine?<\/h3> <div class=\"rank-math-answer\">  <p>400-500kg\/h.<\/p>  <\/div> <\/div> <div id=\"faq-question-1772012303332\" class=\"rank-math-list-item\"> <h3 class=\"rank-math-question\">Aus welches Land haben Sie zuvor exportiert?<\/h3> <div class=\"rank-math-answer\">  <p>Dieser Weizenreaper wurde nach Philippinen, Thailand, Nigeria, Pakistan usw. exportiert.<\/p>  <\/div> <\/div> <div id=\"faq-question-1772012313786\" class=\"rank-math-list-item\"> <h3 class=\"rank-math-question\">Wie hoch ist die Reinigungsrate?<\/h3> <div class=\"rank-math-answer\">  <p>Rei\u00dfrate ist mehr als 98%.<\/p>  <\/div> <\/div> <div id=\"faq-question-1772012317685\" class=\"rank-math-list-item\"> <h3 class=\"rank-math-question\">Was ist das Rohmaterial?<\/h3> <div class=\"rank-math-answer\">  <p>Das Rohmaterial besteht haupts\u00e4chlich aus Reis und Weizen.<\/p>  <\/div> <\/div> <\/div> <\/div>","protected":false},"excerpt":{"rendered":"<p>This rice wheat thresher\u00a0machine with high working efficiency, widely applying to thresh wheat, rice and millet, and its capacity is 400-500kg\/h.<\/p>","protected":false},"author":1,"featured_media":3780,"parent":0,"comment_status":"closed","ping_status":"closed","template":"","tags":[2614],"product-type":[894],"class_list":["post-3771","product","type-product","status-publish","has-post-thumbnail","hentry","tag-thresher","product-type-rice-and-wheat-thresher"],"_links":{"self":[{"href":"https:\/\/www.agriculture-machine.com\/de\/wp-json\/wp\/v2\/product\/3771","targetHints":{"allow":["GET"]}}],"collection":[{"href":"https:\/\/www.agriculture-machine.com\/de\/wp-json\/wp\/v2\/product"}],"about":[{"href":"https:\/\/www.agriculture-machine.com\/de\/wp-json\/wp\/v2\/types\/product"}],"author":[{"embeddable":true,"href":"https:\/\/www.agriculture-machine.com\/de\/wp-json\/wp\/v2\/users\/1"}],"replies":[{"embeddable":true,"href":"https:\/\/www.agriculture-machine.com\/de\/wp-json\/wp\/v2\/comments?post=3771"}],"wp:featuredmedia":[{"embeddable":true,"href":"https:\/\/www.agriculture-machine.com\/de\/wp-json\/wp\/v2\/media\/3780"}],"wp:attachment":[{"href":"https:\/\/www.agriculture-machine.com\/de\/wp-json\/wp\/v2\/media?parent=3771"}],"wp:term":[{"taxonomy":"post_tag","embeddable":true,"href":"https:\/\/www.agriculture-machine.com\/de\/wp-json\/wp\/v2\/tags?post=3771"},{"taxonomy":"product-type","embeddable":true,"href":"https:\/\/www.agriculture-machine.com\/de\/wp-json\/wp\/v2\/product-type?post=3771"}],"curies":[{"name":"wp","href":"https:\/\/api.w.org\/{rel}","templated":true}]}}