{"id":3818,"date":"2019-06-03T05:42:18","date_gmt":"2019-06-02T21:42:18","guid":{"rendered":"https:\/\/www.agriculture-machine.com\/?p=3818"},"modified":"2024-09-18T16:04:28","modified_gmt":"2024-09-18T08:04:28","slug":"hand-operated-maize-corn-planter-machine-peanut-plant","status":"publish","type":"product","link":"https:\/\/www.agriculture-machine.com\/de\/hand-operated-maize-corn-planter-machine-peanut-plant\/","title":{"rendered":"Handbetriebene Mais- und Erdnuss-Pflanzmaschine"},"content":{"rendered":"<p class=\"translation-block\"><strong>Der Maispflanzer<\/strong> wird zum Pflanzen verschiedener Kulturen wie Mais, Erdnuss verwendet, und wir haben verschiedene Arten von handbetriebenen Pflanzern mit unterschiedlichen Kapazit\u00e4ten. Sie sind leicht und f\u00fcr jeden Landwirt erschwinglich.<\/p> <h2><span style=\"color: #ff0000;\">Typ eins<\/span><\/h2> <h2><strong><b>Kurze Einf\u00fchrung in den Maispflanzer<\/b><\/strong><\/h2> <p class=\"translation-block\">Es ist handbetrieben<strong> Maispflanzer <\/strong>mit doppelten Beh\u00e4ltern, und seine Kapazit\u00e4t betr\u00e4gt 0,5 Acre\/h, weit verbreitet f\u00fcr die Aussaat von Mais, Erdnuss, Sojabohne, Weizen, Sorghum usw. Dieser Pflanzer besteht haupts\u00e4chlich aus Futtertrichter, einem gro\u00dfen Rad, zwei Griffen, Bodengr\u00e4ber, Bodenbedeckungsteil und Samensetzteil.<\/p> <figure id=\"attachment_3827\" aria-describedby=\"caption-attachment-3827\" style=\"width: 600px\" class=\"wp-caption aligncenter\"><img loading=\"lazy\" decoding=\"async\" class=\"wp-image-3827 size-full\" src=\"https:\/\/www.agriculture-machine.com\/wp-content\/uploads\/2019\/06\/corn-planting-9.jpg\" alt=\"Maispflanzer\" width=\"600\" height=\"410\" srcset=\"https:\/\/www.agriculture-machine.com\/wp-content\/uploads\/2019\/06\/corn-planting-9.jpg 600w, https:\/\/www.agriculture-machine.com\/wp-content\/uploads\/2019\/06\/corn-planting-9-360x246.jpg 360w\" sizes=\"auto, (max-width: 600px) 100vw, 600px\" \/><figcaption id=\"caption-attachment-3827\" class=\"wp-caption-text\">Maispflanzer<\/figcaption><\/figure> <p>Zwei Personen sind bei der Bedienung erforderlich, und es ist einfach zu verwenden und zu bedienen. Die gr\u00fcne Achse au\u00dferhalb des Lagerbeh\u00e4lters des S\u00e4trog steuert das Abfallen der Samen, und die Schrauben an der gr\u00fcnen Achse k\u00f6nnen den Lagerbeh\u00e4lter wechseln. Der Abstand beim S\u00e4en h\u00e4ngt von der Geschwindigkeit des Bedieners ab.<\/p> <figure id=\"attachment_3823\" aria-describedby=\"caption-attachment-3823\" style=\"width: 600px\" class=\"wp-caption aligncenter\"><img loading=\"lazy\" decoding=\"async\" class=\"wp-image-3823 size-full\" src=\"https:\/\/www.agriculture-machine.com\/wp-content\/uploads\/2019\/06\/corn-planting-5.jpg\" alt=\"Maispflanzmaschine\" width=\"600\" height=\"476\" srcset=\"https:\/\/www.agriculture-machine.com\/wp-content\/uploads\/2019\/06\/corn-planting-5.jpg 600w, https:\/\/www.agriculture-machine.com\/wp-content\/uploads\/2019\/06\/corn-planting-5-340x270.jpg 340w\" sizes=\"auto, (max-width: 600px) 100vw, 600px\" \/><figcaption id=\"caption-attachment-3823\" class=\"wp-caption-text\">Maispflanzmaschine<\/figcaption><\/figure> <figure id=\"attachment_3822\" aria-describedby=\"caption-attachment-3822\" style=\"width: 600px\" class=\"wp-caption aligncenter\"><img loading=\"lazy\" decoding=\"async\" class=\"wp-image-3822 size-full\" src=\"https:\/\/www.agriculture-machine.com\/wp-content\/uploads\/2019\/06\/corn-planting-4.jpg\" alt=\"Maispflanzer\" width=\"600\" height=\"476\" srcset=\"https:\/\/www.agriculture-machine.com\/wp-content\/uploads\/2019\/06\/corn-planting-4.jpg 600w, https:\/\/www.agriculture-machine.com\/wp-content\/uploads\/2019\/06\/corn-planting-4-340x270.jpg 340w\" sizes=\"auto, (max-width: 600px) 100vw, 600px\" \/><figcaption id=\"caption-attachment-3822\" class=\"wp-caption-text\">Maispflanzer<\/figcaption><\/figure> <h2><strong><b>Technische Parameter<\/b><\/strong><strong><b> von TZY-100<\/b><\/strong><\/h2> <table> <tbody> <tr> <td width=\"284\">Name<\/td> <td width=\"284\">Aussaatmaschine<\/td> <\/tr> <tr> <td width=\"284\">Modell<\/td> <td width=\"284\">TZY-100<\/td> <\/tr> <tr> <td width=\"284\">Kapazit\u00e4t<\/td> <td width=\"284\">0,5 Acre\/h<\/td> <\/tr> <tr> <td width=\"284\">Gr\u00f6\u00dfe<\/td> <td width=\"284\">1370*420*900<\/td> <\/tr> <tr> <td width=\"284\">Gewicht<\/td> <td width=\"284\">12 kg<\/td> <\/tr> <\/tbody> <\/table> <h2><strong><b>Funktionsprinzip der Maispflanzer-Maschine<br \/> <\/b><\/strong><\/h2> <ol> <li>Die vordere Person zieht den G\u00fcrtel des Vorderrads, und die hintere Person schiebt die Maschine, um die Richtung zu steuern.<\/li> <li>Der Bodengr\u00e4ber gr\u00e4bt zun\u00e4chst den Boden in einer bestimmten Tiefe.<\/li> <li>Dann fallen die Samen im S\u00e4trog allm\u00e4hlich auf den Boden, w\u00e4hrend sich die beiden Bediener bewegen.<\/li> <li>Schlie\u00dflich bedeckt das kleine Hinterrad die Samen mit Erde.<\/li> <\/ol> <figure id=\"attachment_3821\" aria-describedby=\"caption-attachment-3821\" style=\"width: 600px\" class=\"wp-caption aligncenter\"><img loading=\"lazy\" decoding=\"async\" class=\"wp-image-3821 size-full\" src=\"https:\/\/www.agriculture-machine.com\/wp-content\/uploads\/2019\/06\/corn-planting-3.jpg\" alt=\"Maispflanzer\" width=\"600\" height=\"476\" srcset=\"https:\/\/www.agriculture-machine.com\/wp-content\/uploads\/2019\/06\/corn-planting-3.jpg 600w, https:\/\/www.agriculture-machine.com\/wp-content\/uploads\/2019\/06\/corn-planting-3-340x270.jpg 340w\" sizes=\"auto, (max-width: 600px) 100vw, 600px\" \/><figcaption id=\"caption-attachment-3821\" class=\"wp-caption-text\">Maispflanzer<\/figcaption><\/figure> <figure id=\"attachment_3820\" aria-describedby=\"caption-attachment-3820\" style=\"width: 600px\" class=\"wp-caption aligncenter\"><img loading=\"lazy\" decoding=\"async\" class=\"wp-image-3820 size-full\" src=\"https:\/\/www.agriculture-machine.com\/wp-content\/uploads\/2019\/06\/corn-planting-2.jpg\" alt=\"Bild des Inneren der Maschine\" width=\"600\" height=\"476\" srcset=\"https:\/\/www.agriculture-machine.com\/wp-content\/uploads\/2019\/06\/corn-planting-2.jpg 600w, https:\/\/www.agriculture-machine.com\/wp-content\/uploads\/2019\/06\/corn-planting-2-340x270.jpg 340w\" sizes=\"auto, (max-width: 600px) 100vw, 600px\" \/><figcaption id=\"caption-attachment-3820\" class=\"wp-caption-text\">Bild des Inneren der Maschine<\/figcaption><\/figure> <h2><strong><b>Vorteil unserer Maschine<br \/> <\/b><\/strong><\/h2> <ol> <li>Der Maispflanzer kann viele Kulturen wie Mais, Bohnen, Erdn\u00fcsse, Weizen pflanzen.<\/li> <li><strong>Maispflanzer zum Verkauf<\/strong> ist leicht und einfach zu bedienen.<\/li> <li>Die Samen fallen gleichm\u00e4\u00dfig auf das Feld und haben eine hohe \u00dcberlebensrate.<\/li> <li>Es ist einfach, die Samenbeh\u00e4lter zu wechseln, um verschiedene Kulturen zu pflanzen.<\/li> <li>Seine Struktur ist einfach, was die Montage und Demontage erleichtert.<\/li> <li>Am wichtigsten ist, dass dieser manuelle Maispflanzer preiswert ist und jeder ihn sich leisten kann.<\/li> <\/ol> <figure id=\"attachment_3824\" aria-describedby=\"caption-attachment-3824\" style=\"width: 600px\" class=\"wp-caption aligncenter\"><img loading=\"lazy\" decoding=\"async\" class=\"wp-image-3824 size-full\" src=\"https:\/\/www.agriculture-machine.com\/wp-content\/uploads\/2019\/06\/corn-planting-6.jpg\" alt=\"Maschinenzubeh\u00f6r\" width=\"600\" height=\"476\" srcset=\"https:\/\/www.agriculture-machine.com\/wp-content\/uploads\/2019\/06\/corn-planting-6.jpg 600w, https:\/\/www.agriculture-machine.com\/wp-content\/uploads\/2019\/06\/corn-planting-6-340x270.jpg 340w\" sizes=\"auto, (max-width: 600px) 100vw, 600px\" \/><figcaption id=\"caption-attachment-3824\" class=\"wp-caption-text\">Maschinenzubeh\u00f6r<\/figcaption><\/figure> <h2><span style=\"color: #ff0000;\">Typ zwei: Handbetriebener Rad-Maispflanzer<\/span><\/h2> <p>Produktstil: 6 Modelle (optional)<br \/> Seeding depth: 3.5&#8211;7.8 cm.<br \/> Aussaatmenge: 1-3 Maiskerne (verstellbar)<\/p> <figure id=\"attachment_4242\" aria-describedby=\"caption-attachment-4242\" style=\"width: 581px\" class=\"wp-caption aligncenter\"><img loading=\"lazy\" decoding=\"async\" class=\"wp-image-4242\" src=\"https:\/\/www.agriculture-machine.com\/wp-content\/uploads\/2019\/06\/corn-planter-5.jpg\" alt=\"Maschinendetails\" width=\"581\" height=\"581\" srcset=\"https:\/\/www.agriculture-machine.com\/wp-content\/uploads\/2019\/06\/corn-planter-5.jpg 500w, https:\/\/www.agriculture-machine.com\/wp-content\/uploads\/2019\/06\/corn-planter-5-270x270.jpg 270w\" sizes=\"auto, (max-width: 581px) 100vw, 581px\" \/><figcaption id=\"caption-attachment-4242\" class=\"wp-caption-text\">Maschinendetails<\/figcaption><\/figure> <p>Anwendung: Dieser Maispflanzer verzichtet auf traditionelle Pflanzmethoden, und die Maschine kann die Samen direkt in den Boden injizieren. Eine Person kann 6-8 Acres pro Tag mit einer Maschine pflanzen, und die Aussaatleistung wird verdreifacht. Sie zeichnet sich durch pr\u00e4zises S\u00e4en, ordentliche Setzlinge aus. Au\u00dferdem ist sie einfach zu bedienen und arbeitet effizient.<\/p> <figure id=\"attachment_4241\" aria-describedby=\"caption-attachment-4241\" style=\"width: 583px\" class=\"wp-caption aligncenter\"><img loading=\"lazy\" decoding=\"async\" class=\"wp-image-4241\" src=\"https:\/\/www.agriculture-machine.com\/wp-content\/uploads\/2019\/06\/corn-planter-4.jpg\" alt=\"Maispflanzer zum Verkauf\" width=\"583\" height=\"583\" srcset=\"https:\/\/www.agriculture-machine.com\/wp-content\/uploads\/2019\/06\/corn-planter-4.jpg 500w, https:\/\/www.agriculture-machine.com\/wp-content\/uploads\/2019\/06\/corn-planter-4-270x270.jpg 270w\" sizes=\"auto, (max-width: 583px) 100vw, 583px\" \/><figcaption id=\"caption-attachment-4241\" class=\"wp-caption-text\">Maispflanzer zum Verkauf<\/figcaption><\/figure> <p>Merkmale:<br \/> 1. Dieser Typ Maispflanzer hat ein spezielles Zahnraddesign, das aufgrund seines geringen Gewichts leicht im Feld bewegt werden kann.<br \/> 2. Bequeme Bedienung. Eine Person kann alle Prozesse abschlie\u00dfen.<br \/> 3. Es ist geeignet f\u00fcr verschiedene Gebiete wie Berge, H\u00e4nge und Terrassen.<br \/> 4. Pr\u00e4zisionsaussaat. Die Setzlinge haben eine hohe \u00dcberlebensrate.<br \/> 5. Breite Anwendung: Es kann Mais, Sojabohnen usw. pflanzen, und der Durchmesser der Samen reicht von 3 mm bis 15 mm.<br \/> 6. Niedriger Preis. Dieser Maispflanzer ist sehr g\u00fcnstig, und alle Landwirte k\u00f6nnen ihn sich leisten.<\/p> <figure id=\"attachment_4240\" aria-describedby=\"caption-attachment-4240\" style=\"width: 585px\" class=\"wp-caption aligncenter\"><img loading=\"lazy\" decoding=\"async\" class=\"wp-image-4240\" src=\"https:\/\/www.agriculture-machine.com\/wp-content\/uploads\/2019\/06\/corn-planter-3.jpg\" alt=\"Erfolgsfall des Maispflanzers\" width=\"585\" height=\"585\" srcset=\"https:\/\/www.agriculture-machine.com\/wp-content\/uploads\/2019\/06\/corn-planter-3.jpg 500w, https:\/\/www.agriculture-machine.com\/wp-content\/uploads\/2019\/06\/corn-planter-3-270x270.jpg 270w\" sizes=\"auto, (max-width: 585px) 100vw, 585px\" \/><figcaption id=\"caption-attachment-4240\" class=\"wp-caption-text\">Erfolgsfall des Maispflanzers<\/figcaption><\/figure> <figure id=\"attachment_4239\" aria-describedby=\"caption-attachment-4239\" style=\"width: 583px\" class=\"wp-caption aligncenter\"><img loading=\"lazy\" decoding=\"async\" class=\"wp-image-4239\" src=\"https:\/\/www.agriculture-machine.com\/wp-content\/uploads\/2019\/06\/corn-planter-2.jpg\" alt=\"Maispflanzer\" width=\"583\" height=\"583\" srcset=\"https:\/\/www.agriculture-machine.com\/wp-content\/uploads\/2019\/06\/corn-planter-2.jpg 500w, https:\/\/www.agriculture-machine.com\/wp-content\/uploads\/2019\/06\/corn-planter-2-270x270.jpg 270w\" sizes=\"auto, (max-width: 583px) 100vw, 583px\" \/><figcaption id=\"caption-attachment-4239\" class=\"wp-caption-text\">Maispflanzer<\/figcaption><\/figure> <h2>Liefernachrichten des Maispflanzers<\/h2> <p class=\"translation-block\">Im M\u00e4rz 2019 wurden 1100 Sets <strong>Erdnusspflanzmaschinen<\/strong> nach Nigeria geliefert, und Sie k\u00f6nnen auf den folgenden Link klicken, um weitere Informationen \u00fcber die Liefernachrichten zu sehen.<\/p> <h2 class=\"post-title entry-title\"><a href=\"https:\/\/www.agriculture-machine.com\/de\/1100-sets-hand-operated-corn-peanut-planter-machine-have-been-delivered-to-nigeria\/\">1100 handbetriebene Mais- und Erdnuss-Pflanzmaschinen wurden nach Nigeria geliefert<\/a><\/h2> <figure id=\"attachment_3819\" aria-describedby=\"caption-attachment-3819\" style=\"width: 600px\" class=\"wp-caption aligncenter\"><img loading=\"lazy\" decoding=\"async\" class=\"wp-image-3819 size-full\" src=\"https:\/\/www.agriculture-machine.com\/wp-content\/uploads\/2019\/06\/corn-planting-1.jpg\" alt=\"FAQ zum Maispflanzer \" width=\"600\" height=\"476\" srcset=\"https:\/\/www.agriculture-machine.com\/wp-content\/uploads\/2019\/06\/corn-planting-1.jpg 600w, https:\/\/www.agriculture-machine.com\/wp-content\/uploads\/2019\/06\/corn-planting-1-340x270.jpg 340w\" sizes=\"auto, (max-width: 600px) 100vw, 600px\" \/><figcaption id=\"caption-attachment-3819\" class=\"wp-caption-text\">FAQ zum Maispflanzer<\/figcaption><\/figure> <h2>Kann Mais mit D\u00fcnger gemischt werden?<\/h2> <ol> <li>Nein, das k\u00f6nnen Sie nicht, D\u00fcnger schadet den Maiskeimlingen.<\/li> <\/ol> <p>Wof\u00fcr wird diese Maispflanzer-Maschine verwendet?<\/p> <ol start=\"2\"> <li>Mais, Bohne, Erdnuss, Weizen.<\/li> <\/ol> <p>Wie viele Personen werden w\u00e4hrend des Betriebs ben\u00f6tigt?<\/p> <ol start=\"3\"> <li>2 Personen.<\/li> <\/ol> <p>Warum kann ein Pflanzer verschiedene Kulturen pflanzen?<\/p> <ol start=\"4\"> <li>Da das Saatgutwechselger\u00e4t je nach Gr\u00f6\u00dfe der verschiedenen Kulturen angepasst werden kann.<\/li> <\/ol> <p>Kann ich die Aussaatgeschwindigkeit steuern?<\/p> <ol start=\"5\"> <li>Technische Parameter des TZY-100<\/li> <\/ol> <p>Ja, nat\u00fcrlich.<\/p>","protected":false},"excerpt":{"rendered":"<p>Corn planter machine is used to plant various of crops such as corn, peanut, and we have different kinds of hand-operated planter with different capacities. They are light in weight and light in weight, and every farmer can afford it. type one Brief introduction of corn planter It is hand-operated corn planter\u00a0machine with double bins, [&hellip;]<\/p>\n","protected":false},"author":1,"featured_media":4246,"parent":0,"comment_status":"closed","ping_status":"closed","template":"","tags":[491,492],"product-type":[882],"class_list":["post-3818","product","type-product","status-publish","has-post-thumbnail","hentry","tag-corn","tag-planter","product-type-corn-planter"],"_links":{"self":[{"href":"https:\/\/www.agriculture-machine.com\/de\/wp-json\/wp\/v2\/product\/3818","targetHints":{"allow":["GET"]}}],"collection":[{"href":"https:\/\/www.agriculture-machine.com\/de\/wp-json\/wp\/v2\/product"}],"about":[{"href":"https:\/\/www.agriculture-machine.com\/de\/wp-json\/wp\/v2\/types\/product"}],"author":[{"embeddable":true,"href":"https:\/\/www.agriculture-machine.com\/de\/wp-json\/wp\/v2\/users\/1"}],"replies":[{"embeddable":true,"href":"https:\/\/www.agriculture-machine.com\/de\/wp-json\/wp\/v2\/comments?post=3818"}],"wp:featuredmedia":[{"embeddable":true,"href":"https:\/\/www.agriculture-machine.com\/de\/wp-json\/wp\/v2\/media\/4246"}],"wp:attachment":[{"href":"https:\/\/www.agriculture-machine.com\/de\/wp-json\/wp\/v2\/media?parent=3818"}],"wp:term":[{"taxonomy":"post_tag","embeddable":true,"href":"https:\/\/www.agriculture-machine.com\/de\/wp-json\/wp\/v2\/tags?post=3818"},{"taxonomy":"product-type","embeddable":true,"href":"https:\/\/www.agriculture-machine.com\/de\/wp-json\/wp\/v2\/product-type?post=3818"}],"curies":[{"name":"wp","href":"https:\/\/api.w.org\/{rel}","templated":true}]}}