{"id":3912,"date":"2019-06-16T23:43:24","date_gmt":"2019-06-16T15:43:24","guid":{"rendered":"https:\/\/www.agriculture-machine.com\/?p=3912"},"modified":"2024-09-18T16:12:11","modified_gmt":"2024-09-18T08:12:11","slug":"rope-braiding-machine","status":"publish","type":"product","link":"https:\/\/www.agriculture-machine.com\/de\/rope-braiding-machine\/","title":{"rendered":"Seilkette \/ Seil Flechtmaschine 2020 NEUES DESIGN"},"content":{"rendered":"<p class=\"translation-block\"><strong>Seilherstellungsmaschine<\/strong> ist ein gutes Werkzeug zum Flechten von Seilen, einschlie\u00dflich Seilplatte, Motor, Fahrwerk, ein gro\u00dfer Rad mit einem G\u00fcrtel, und das Rohmaterial kann Weizenstroh, Reissstroh und andere Gr\u00e4ser sein. Sie k\u00f6nnen den Durchmesser des Seils durch \u00c4ndern der verschiedenen Einl\u00e4sse einstellen, die wie eine Trompete aussehen. Das End-Seil kann weitreichend zum Schutz von B\u00e4umen und Ziegeln, Gem\u00fcse-B\u00fcndeln usw. verwendet werden.<\/p> <p><img loading=\"lazy\" decoding=\"async\" class=\"alignnone size-full wp-image-3921\" src=\"https:\/\/www.agriculture-machine.com\/wp-content\/uploads\/2019\/06\/rope-making-machine-9.jpg\" alt=\"\" width=\"600\" height=\"500\" srcset=\"https:\/\/www.agriculture-machine.com\/wp-content\/uploads\/2019\/06\/rope-making-machine-9.jpg 600w, https:\/\/www.agriculture-machine.com\/wp-content\/uploads\/2019\/06\/rope-making-machine-9-324x270.jpg 324w\" sizes=\"auto, (max-width: 600px) 100vw, 600px\" \/><\/p> <h2>Technische Parameter der Seilherstellungsmaschine<\/h2> <table> <tbody> <tr> <td width=\"284\">Modell<\/td> <td width=\"284\">\u00a0\u00a0SL-450<\/td> <\/tr> <tr> <td width=\"284\">Leistung<\/td> <td width=\"284\">120W, 220V, 50Hz<\/td> <\/tr> <tr> <td width=\"284\">Durchmesser<\/td> <td width=\"284\">\u00a04-30mm<\/td> <\/tr> <tr> <td width=\"284\">Netzgewicht<\/td> <td width=\"284\">\u00a040kg<\/td> <\/tr> <tr> <td width=\"284\">Kapazit\u00e4t<\/td> <td width=\"284\">\u00a05m\/s<\/td> <\/tr> <tr> <td width=\"284\">Gr\u00f6\u00dfe<\/td> <td width=\"284\">\u00a097*40*60mm<\/td> <\/tr> <\/tbody> <\/table> <h2>Vorteile der Seilherstellungsmaschine<\/h2> <p class=\"translation-block\">1. <strong>Seilherstellungsmaschine<\/strong> zum Verkauf ist einfach zu bedienen und eine Person kann es fertigstellen.<\/p> <ol start=\"2\"> <li>Dies<strong> Seilflechtmaschine<\/strong> selbst hergestellt; vollst\u00e4ndig nutzten die vergeudeten Stroh- oder Gr\u00e4serreste und vermeiden Umweltverschmutzung.<\/li> <li>Breite Anwendung. Das fertige Seil kann zum Schutz von B\u00e4umen, B\u00fcndeln von Gem\u00fcse und zur Dekoration von Bastelarbeiten usw. verwendet werden.<\/li> <li><strong>Seilwickelmaschine<\/strong> ist sehr klein und geeignet f\u00fcr den Heimgebrauch.<\/li> <\/ol> <p><img loading=\"lazy\" decoding=\"async\" class=\"alignnone size-full wp-image-3922\" src=\"https:\/\/www.agriculture-machine.com\/wp-content\/uploads\/2019\/06\/rope-making-machine-10.jpg\" alt=\"\" width=\"600\" height=\"500\" srcset=\"https:\/\/www.agriculture-machine.com\/wp-content\/uploads\/2019\/06\/rope-making-machine-10.jpg 600w, https:\/\/www.agriculture-machine.com\/wp-content\/uploads\/2019\/06\/rope-making-machine-10-324x270.jpg 324w\" sizes=\"auto, (max-width: 600px) 100vw, 600px\" \/><\/p> <h2>Funktionsprinzip der Seilherstellungsmaschine<\/h2> <ol> <li>Der Benutzer platziert das Stroh gleichzeitig in zwei Einl\u00e4sse,<\/li> <li>Unter der konstanten Rotation der Seilflechtmaschine werden die zwei dicken Seile zu einem Seil verdreht.<\/li> <li>Die L\u00e4nge des Seils wird w\u00e4hrend des Betriebs l\u00e4nger.<\/li> <li>Benutzer k\u00f6nnen den Betrieb stoppen, wenn der Durchmesser fast derselbe ist wie der der zwei Einl\u00e4sse.<\/li> <\/ol> <p>5. Schlie\u00dflich dreht der Bediener die Schraube, entfernt sich von zwei Platten, und dann kann das Seil vom Zentrum genommen werden.<\/p> <p><img loading=\"lazy\" decoding=\"async\" class=\"alignnone size-full wp-image-3915\" src=\"https:\/\/www.agriculture-machine.com\/wp-content\/uploads\/2019\/06\/rope-making-machine-3.jpg\" alt=\"\" width=\"600\" height=\"500\" srcset=\"https:\/\/www.agriculture-machine.com\/wp-content\/uploads\/2019\/06\/rope-making-machine-3.jpg 600w, https:\/\/www.agriculture-machine.com\/wp-content\/uploads\/2019\/06\/rope-making-machine-3-324x270.jpg 324w\" sizes=\"auto, (max-width: 600px) 100vw, 600px\" \/><\/p> <h2>Erfolgreicher Fall der Seilherstellungsmaschine<\/h2> <p class=\"translation-block\">Zu Beginn des April exportierten wir 20GP<strong> gedrehte Seilherstellungsmaschine<\/strong> nach S\u00fcdafrika und die folgenden Verpackungsdetails.<\/p> <p><img loading=\"lazy\" decoding=\"async\" class=\"alignnone size-full wp-image-3916\" src=\"https:\/\/www.agriculture-machine.com\/wp-content\/uploads\/2019\/06\/rope-making-machine-4.jpg\" alt=\"\" width=\"600\" height=\"500\" srcset=\"https:\/\/www.agriculture-machine.com\/wp-content\/uploads\/2019\/06\/rope-making-machine-4.jpg 600w, https:\/\/www.agriculture-machine.com\/wp-content\/uploads\/2019\/06\/rope-making-machine-4-324x270.jpg 324w\" sizes=\"auto, (max-width: 600px) 100vw, 600px\" \/><\/p> <p><img loading=\"lazy\" decoding=\"async\" class=\"alignnone size-full wp-image-3917\" src=\"https:\/\/www.agriculture-machine.com\/wp-content\/uploads\/2019\/06\/rope-making-machine-5.jpg\" alt=\"\" width=\"600\" height=\"500\" srcset=\"https:\/\/www.agriculture-machine.com\/wp-content\/uploads\/2019\/06\/rope-making-machine-5.jpg 600w, https:\/\/www.agriculture-machine.com\/wp-content\/uploads\/2019\/06\/rope-making-machine-5-324x270.jpg 324w\" sizes=\"auto, (max-width: 600px) 100vw, 600px\" \/><\/p> <p><img loading=\"lazy\" decoding=\"async\" class=\"alignnone size-full wp-image-3918\" src=\"https:\/\/www.agriculture-machine.com\/wp-content\/uploads\/2019\/06\/rope-making-machine-6.jpg\" alt=\"\" width=\"600\" height=\"500\" srcset=\"https:\/\/www.agriculture-machine.com\/wp-content\/uploads\/2019\/06\/rope-making-machine-6.jpg 600w, https:\/\/www.agriculture-machine.com\/wp-content\/uploads\/2019\/06\/rope-making-machine-6-324x270.jpg 324w\" sizes=\"auto, (max-width: 600px) 100vw, 600px\" \/><\/p> <h2>FAQ zur Seilherstellungsmaschine<\/h2> <ol> <li>Kann ich den Durchmesser einstellen? <strong>Seilflechtmaschine<\/strong>?<\/li> <\/ol> <p>Ja, es kann durch \u00c4ndern der verschiedenen Einl\u00e4sse eingestellt werden, und der Durchmesserbereich betr\u00e4gt 4-30 mm.<\/p> <ol start=\"2\"> <li>Wie viele verschiedene Einl\u00e4sse haben Sie\uff1f<\/li> <\/ol> <p>Wir haben 6mm, 7mm, 7,5mm, 8mm, 9mm, 10mm, 11mm, 13mm, 15mm, 20mm und 2,5 cm. Sie k\u00f6nnen je nach Bedarf unterschiedliche ausw\u00e4hlen.<\/p> <p><img loading=\"lazy\" decoding=\"async\" class=\"alignnone size-full wp-image-3919\" src=\"https:\/\/www.agriculture-machine.com\/wp-content\/uploads\/2019\/06\/rope-making-machine-7.jpg\" alt=\"\" width=\"600\" height=\"500\" srcset=\"https:\/\/www.agriculture-machine.com\/wp-content\/uploads\/2019\/06\/rope-making-machine-7.jpg 600w, https:\/\/www.agriculture-machine.com\/wp-content\/uploads\/2019\/06\/rope-making-machine-7-324x270.jpg 324w\" sizes=\"auto, (max-width: 600px) 100vw, 600px\" \/><\/p> <ol start=\"3\"> <li>Was ist das Rohmaterial?<\/li> <\/ol> <p>Das Rohmaterial kann Weizenstroh, Reissstroh und andere Gr\u00e4ser sein.<\/p> <ol start=\"4\"> <li>Wie viele Einl\u00e4sse hat die Maschine?<\/li> <\/ol> <p>Es gibt zwei Eins\u00e4tze, was bedeutet, dass das Rohmaterial auf beiden Seiten der Eins\u00e4tze platziert wird.<\/p> <p>&nbsp;<\/p> <p>&nbsp;<\/p> <p>&nbsp;<\/p> <p>&nbsp;<\/p>","protected":false},"excerpt":{"rendered":"<p>Rope making machine is a good tool to braid ropes including rope plate, motor, chassis, a big wheel with a belt, and the raw material can be wheat straw, rice straw and other grasses. You can adjust the diameter of the rope by changing different inlets that looks like a trumpet. The final rope can [&hellip;]<\/p>\n","protected":false},"author":1,"featured_media":3921,"parent":0,"comment_status":"closed","ping_status":"closed","template":"","tags":[2620],"product-type":[1,919],"class_list":["post-3912","product","type-product","status-publish","has-post-thumbnail","hentry","tag-rope","product-type-other","product-type-rice-straw-rope-machine"],"_links":{"self":[{"href":"https:\/\/www.agriculture-machine.com\/de\/wp-json\/wp\/v2\/product\/3912","targetHints":{"allow":["GET"]}}],"collection":[{"href":"https:\/\/www.agriculture-machine.com\/de\/wp-json\/wp\/v2\/product"}],"about":[{"href":"https:\/\/www.agriculture-machine.com\/de\/wp-json\/wp\/v2\/types\/product"}],"author":[{"embeddable":true,"href":"https:\/\/www.agriculture-machine.com\/de\/wp-json\/wp\/v2\/users\/1"}],"replies":[{"embeddable":true,"href":"https:\/\/www.agriculture-machine.com\/de\/wp-json\/wp\/v2\/comments?post=3912"}],"wp:featuredmedia":[{"embeddable":true,"href":"https:\/\/www.agriculture-machine.com\/de\/wp-json\/wp\/v2\/media\/3921"}],"wp:attachment":[{"href":"https:\/\/www.agriculture-machine.com\/de\/wp-json\/wp\/v2\/media?parent=3912"}],"wp:term":[{"taxonomy":"post_tag","embeddable":true,"href":"https:\/\/www.agriculture-machine.com\/de\/wp-json\/wp\/v2\/tags?post=3912"},{"taxonomy":"product-type","embeddable":true,"href":"https:\/\/www.agriculture-machine.com\/de\/wp-json\/wp\/v2\/product-type?post=3912"}],"curies":[{"name":"wp","href":"https:\/\/api.w.org\/{rel}","templated":true}]}}