{"id":4647,"date":"2019-09-06T05:48:10","date_gmt":"2019-09-05T21:48:10","guid":{"rendered":"https:\/\/www.agriculture-machine.com\/?p=4647"},"modified":"2024-09-23T11:20:42","modified_gmt":"2024-09-23T03:20:42","slug":"garri-production-line-garri-flour-making-machine","status":"publish","type":"product","link":"https:\/\/www.agriculture-machine.com\/de\/garri-production-line-garri-flour-making-machine\/","title":{"rendered":"Gari-Produktionlinie \/ Gari-Mehlmaschine"},"content":{"rendered":"<p class=\"translation-block\"><strong>Garri-Produktionslinie<\/strong> ist auf dem afrikanischen Markt sehr bekannt, da es dort viele Garri-Felder gibt und die Menschen dort auch gerne essen. Die Garri-Verarbeitungsanlage kann Garri aus Maniok herstellen, was einen ziemlich komplizierten Prozess erfordert. Als das g\u00e4ngige Lebensmittel in Afrika, insbesondere in Nigeria, kaufen immer mehr H\u00e4ndler diese Produktionslinie in unserer Fabrik und verkaufen das verarbeitete Garri im Gro\u00dfhandel. Wie wird aus Maniok Garri? Ich gebe Ihnen jetzt einen kurzen \u00dcberblick dar\u00fcber.<\/p> <p><img loading=\"lazy\" decoding=\"async\" class=\"alignnone size-full wp-image-4661\" src=\"https:\/\/www.agriculture-machine.com\/wp-content\/uploads\/2019\/09\/cassava-production-line-13.jpg\" alt=\"\" width=\"720\" height=\"540\" srcset=\"https:\/\/www.agriculture-machine.com\/wp-content\/uploads\/2019\/09\/cassava-production-line-13.jpg 720w, https:\/\/www.agriculture-machine.com\/wp-content\/uploads\/2019\/09\/cassava-production-line-13-360x270.jpg 360w, https:\/\/www.agriculture-machine.com\/wp-content\/uploads\/2019\/09\/cassava-production-line-13-240x180.jpg 240w\" sizes=\"auto, (max-width: 720px) 100vw, 720px\" \/><\/p> <p>W\u00e4hrend der Garri-Produktionslinie ben\u00f6tigen Sie eine Maniok-Sch\u00e4l- und Waschmaschine, eine Maniok-Zerkleifer, eine hydraulische Pressmaschine, eine Maniok-Mahlmaschine und eine Siebmaschine. Nat\u00fcrlich ist es notwendig, eine Verpackungsmaschine zu kaufen, wenn Sie Garri in Beutel verpacken m\u00f6chten.<\/p> <p>&nbsp;<\/p> <h2>Maniok-Wasch- und Sch\u00e4lsmaschine<\/h2> <p>Sie kann Schlamm, Sand und andere Verunreinigungen auf der Oberfl\u00e4che von Maniok entfernen, und das Wasser muss sauber und frei von Kontaminationen sein. Dann werden sie gesch\u00e4lt und durch Schrauben transportiert. Die Sch\u00e4lerate liegt bei 70%-80%.<\/p> <p><img loading=\"lazy\" decoding=\"async\" class=\"alignnone size-full wp-image-4649\" src=\"https:\/\/www.agriculture-machine.com\/wp-content\/uploads\/2019\/09\/cassava-production-line-1.jpg\" alt=\"\" width=\"720\" height=\"540\" srcset=\"https:\/\/www.agriculture-machine.com\/wp-content\/uploads\/2019\/09\/cassava-production-line-1.jpg 720w, https:\/\/www.agriculture-machine.com\/wp-content\/uploads\/2019\/09\/cassava-production-line-1-360x270.jpg 360w, https:\/\/www.agriculture-machine.com\/wp-content\/uploads\/2019\/09\/cassava-production-line-1-240x180.jpg 240w\" sizes=\"auto, (max-width: 720px) 100vw, 720px\" \/><\/p> <h2>Maniok-Zerkleiferungsmaschine<\/h2> <p>Unter der Kraft der rotierenden Walzen wird der Maniok in kleine St\u00fccke zerdr\u00fcckt. Das Entladeloch befindet sich am Boden der Maschine, und Sie sollten einen Beh\u00e4lter zum Sammeln des Ausgangs aufstellen.<\/p> <p><img loading=\"lazy\" decoding=\"async\" class=\"alignnone size-full wp-image-4651\" src=\"https:\/\/www.agriculture-machine.com\/wp-content\/uploads\/2019\/09\/cassava-production-line-3.jpg\" alt=\"\" width=\"720\" height=\"540\" srcset=\"https:\/\/www.agriculture-machine.com\/wp-content\/uploads\/2019\/09\/cassava-production-line-3.jpg 720w, https:\/\/www.agriculture-machine.com\/wp-content\/uploads\/2019\/09\/cassava-production-line-3-360x270.jpg 360w, https:\/\/www.agriculture-machine.com\/wp-content\/uploads\/2019\/09\/cassava-production-line-3-240x180.jpg 240w\" sizes=\"auto, (max-width: 720px) 100vw, 720px\" \/><\/p> <h2>Hydraulische Maniok-Pressmaschine<\/h2> <p>Vor der Arbeit legen Sie die Maniokst\u00fccke in Beutel und legen sie dann in die Maschine. Das hydraulische Ger\u00e4t kann Maniok vollst\u00e4ndig pressen, und es gibt zwei Ausg\u00e4nge, einen f\u00fcr das gepresste Wasser und einen f\u00fcr das Manioknetz. Das Wasser kann zur St\u00e4rkeerzeugung verwendet werden.<\/p> <p><img loading=\"lazy\" decoding=\"async\" class=\"alignnone size-full wp-image-4653\" src=\"https:\/\/www.agriculture-machine.com\/wp-content\/uploads\/2019\/09\/cassava-production-line-5.jpg\" alt=\"\" width=\"720\" height=\"540\" srcset=\"https:\/\/www.agriculture-machine.com\/wp-content\/uploads\/2019\/09\/cassava-production-line-5.jpg 720w, https:\/\/www.agriculture-machine.com\/wp-content\/uploads\/2019\/09\/cassava-production-line-5-360x270.jpg 360w, https:\/\/www.agriculture-machine.com\/wp-content\/uploads\/2019\/09\/cassava-production-line-5-240x180.jpg 240w\" sizes=\"auto, (max-width: 720px) 100vw, 720px\" \/><\/p> <p>Der n\u00e4chste Schritt ist, den gepressten Maniok offen f\u00fcr 24 Stunden zu fermentieren.<\/p> <h2>Maniok-Mahlmaschine<\/h2> <p>Die Mahlmaschine dient dazu, Maniokbrei zu mahlen, um ein gleichm\u00e4\u00dfiges feines Pulver zu erhalten. Die Maschine hat H\u00e4mmer, die den Maniok vollst\u00e4ndig zerdr\u00fccken k\u00f6nnen.<\/p> <p><img loading=\"lazy\" decoding=\"async\" class=\"alignnone size-full wp-image-4655\" src=\"https:\/\/www.agriculture-machine.com\/wp-content\/uploads\/2019\/09\/cassava-production-line-7.jpg\" alt=\"\" width=\"720\" height=\"540\" srcset=\"https:\/\/www.agriculture-machine.com\/wp-content\/uploads\/2019\/09\/cassava-production-line-7.jpg 720w, https:\/\/www.agriculture-machine.com\/wp-content\/uploads\/2019\/09\/cassava-production-line-7-360x270.jpg 360w, https:\/\/www.agriculture-machine.com\/wp-content\/uploads\/2019\/09\/cassava-production-line-7-240x180.jpg 240w\" sizes=\"auto, (max-width: 720px) 100vw, 720px\" \/><\/p> <h2>Maniok-Fritteuse<\/h2> <p>Das Frittieren von Maniok ist ein sehr wichtiger Schritt, da es die giftigen Substanzen beim Erhitzen entfernen kann. Die Temperatur liegt bei etwa 40-50 Grad Celsius, und die Erhitzungszeit ist kurz. Das Maniokpulver kann durch st\u00e4ndiges R\u00fchren gleichm\u00e4\u00dfig erhitzt werden.<\/p> <p><img loading=\"lazy\" decoding=\"async\" class=\"alignnone size-full wp-image-4658\" src=\"https:\/\/www.agriculture-machine.com\/wp-content\/uploads\/2019\/09\/cassava-production-line-10.jpg\" alt=\"\" width=\"720\" height=\"540\" srcset=\"https:\/\/www.agriculture-machine.com\/wp-content\/uploads\/2019\/09\/cassava-production-line-10.jpg 720w, https:\/\/www.agriculture-machine.com\/wp-content\/uploads\/2019\/09\/cassava-production-line-10-360x270.jpg 360w, https:\/\/www.agriculture-machine.com\/wp-content\/uploads\/2019\/09\/cassava-production-line-10-240x180.jpg 240w\" sizes=\"auto, (max-width: 720px) 100vw, 720px\" \/><\/p> <h2>Siebmaschine<\/h2> <p>Sie wird verwendet, um grobes Garri von feinem Garri zu trennen, weil feines Garri einen besseren Geschmack hat und auf dem Markt verkauft wird. Au\u00dferdem hat die Siebmaschine drei Schichten, sodass die Siebung sehr effektiv ist.<\/p> <p><img loading=\"lazy\" decoding=\"async\" class=\"alignnone size-full wp-image-4660\" src=\"https:\/\/www.agriculture-machine.com\/wp-content\/uploads\/2019\/09\/cassava-production-line-12.jpg\" alt=\"\" width=\"720\" height=\"540\" srcset=\"https:\/\/www.agriculture-machine.com\/wp-content\/uploads\/2019\/09\/cassava-production-line-12.jpg 720w, https:\/\/www.agriculture-machine.com\/wp-content\/uploads\/2019\/09\/cassava-production-line-12-360x270.jpg 360w, https:\/\/www.agriculture-machine.com\/wp-content\/uploads\/2019\/09\/cassava-production-line-12-240x180.jpg 240w\" sizes=\"auto, (max-width: 720px) 100vw, 720px\" \/><\/p> <h2>Erfolgreicher Fall<\/h2> <p class=\"translation-block\">Unsere Garri-Verarbeitungsmaschine  ist bei nigerianischen Kunden sehr beliebt. Bis jetzt haben wir dort zahlreiche Linien verkauft. Gleichzeitig f\u00fchren die hohe Qualit\u00e4t der Maniokmehlmaschine und die professionelle Kompetenz unserer Verk\u00e4ufer dazu, dass Kunden, die diese Produktionslinie gekauft haben, ihre Freunde an uns weiterempfehlen. Anfang August empfahl eine unserer Kundinnen, Nancy, ihren Freund Victor, eine Maniokmehlmaschine zu kaufen. Victor war besorgt \u00fcber die Qualit\u00e4t des Garri, also schickte er zun\u00e4chst eine Garri-Probe an unsere Fabrik, um zu best\u00e4tigen, ob wir das gew\u00fcnschte Garri herstellen k\u00f6nnen. Wir lieferten auch die zuvor produzierte Garri-Probe, um sein Vertrauen zu gewinnen. Nach \u00dcberpr\u00fcfung bestellte er sofort.<\/p> <p><img loading=\"lazy\" decoding=\"async\" class=\"alignnone size-full wp-image-4648\" src=\"https:\/\/www.agriculture-machine.com\/wp-content\/uploads\/2019\/09\/cassava-garri.jpg\" alt=\"\" width=\"720\" height=\"312\" srcset=\"https:\/\/www.agriculture-machine.com\/wp-content\/uploads\/2019\/09\/cassava-garri.jpg 720w, https:\/\/www.agriculture-machine.com\/wp-content\/uploads\/2019\/09\/cassava-garri-360x156.jpg 360w\" sizes=\"auto, (max-width: 720px) 100vw, 720px\" \/><\/p> <h2>FAQ<\/h2> <ol> <li>Kann ich Maniok selbst waschen und sch\u00e4len?<\/li> <\/ol> <p>Eigentlich k\u00f6nnen Sie das, aber es ist wirklich zeit- und energieaufwendig.<\/p> <ol start=\"2\"> <li>Gibt es nach dem Waschen und Sch\u00e4len von Maniok giftige Substanzen?<\/li> <\/ol> <p>Ja, es gibt noch eine kleine Menge giftiger Substanzen, daher ist es notwendig, Maniokpulver zu frittieren.<\/p> <ol start=\"3\"> <li>Was soll ich mit grobem Garri machen?<\/li> <\/ol> <p>Sie kann zum F\u00fcttern von Tieren verwendet werden.<\/p> <ol start=\"4\"> <li>Was ist der Unterschied zwischen der ersten und der zweiten Zerkleiferung?<\/li> <\/ol> <p>Die erste Zerkleiferungsmaschine zerkleinert Maniok in kleine St\u00fccke, aber die zweite Zerkleiferungsmaschine zermahlt diese kleinen St\u00fccke zu feinem Pulver.<\/p> <p>&nbsp;<\/p>","protected":false},"excerpt":{"rendered":"<p>Garri production line is very famous in the African market, for there are many garri farmlands, and people there also like to eat it. Garri processing line can produce garri from cassava, which needs a rather complicated process. However, as the common food in Africa, especially in Nigeria, a growing number of dealers purchases this [&hellip;]<\/p>\n","protected":false},"author":1,"featured_media":4661,"parent":0,"comment_status":"closed","ping_status":"closed","template":"","tags":[924,2634],"product-type":[1],"class_list":["post-4647","product","type-product","status-publish","has-post-thumbnail","hentry","tag-flour","tag-garri","product-type-other"],"_links":{"self":[{"href":"https:\/\/www.agriculture-machine.com\/de\/wp-json\/wp\/v2\/product\/4647","targetHints":{"allow":["GET"]}}],"collection":[{"href":"https:\/\/www.agriculture-machine.com\/de\/wp-json\/wp\/v2\/product"}],"about":[{"href":"https:\/\/www.agriculture-machine.com\/de\/wp-json\/wp\/v2\/types\/product"}],"author":[{"embeddable":true,"href":"https:\/\/www.agriculture-machine.com\/de\/wp-json\/wp\/v2\/users\/1"}],"replies":[{"embeddable":true,"href":"https:\/\/www.agriculture-machine.com\/de\/wp-json\/wp\/v2\/comments?post=4647"}],"wp:featuredmedia":[{"embeddable":true,"href":"https:\/\/www.agriculture-machine.com\/de\/wp-json\/wp\/v2\/media\/4661"}],"wp:attachment":[{"href":"https:\/\/www.agriculture-machine.com\/de\/wp-json\/wp\/v2\/media?parent=4647"}],"wp:term":[{"taxonomy":"post_tag","embeddable":true,"href":"https:\/\/www.agriculture-machine.com\/de\/wp-json\/wp\/v2\/tags?post=4647"},{"taxonomy":"product-type","embeddable":true,"href":"https:\/\/www.agriculture-machine.com\/de\/wp-json\/wp\/v2\/product-type?post=4647"}],"curies":[{"name":"wp","href":"https:\/\/api.w.org\/{rel}","templated":true}]}}