{"id":6613,"date":"2020-04-26T17:17:44","date_gmt":"2020-04-26T09:17:44","guid":{"rendered":"https:\/\/www.agriculture-machine.com\/?p=6613"},"modified":"2025-11-28T17:12:35","modified_gmt":"2025-11-28T09:12:35","slug":"bean-peeling-machine-green-bean-peeler","status":"publish","type":"product","link":"https:\/\/www.agriculture-machine.com\/de\/bean-peeling-machine-green-bean-peeler\/","title":{"rendered":"Bohnen-Sch\u00e4lmaschine Sojabohnen, Broad Beans, Rote Bohnen, Hautsch\u00e4ler"},"content":{"rendered":"<p>Die Bohnenh\u00e4utchenmaschine eignet sich zum Sch\u00e4len und Verarbeiten von Sojabohnen, Mungbohnen, roten Bohnen, Kichererbsen, Linsen, Erbsen, Saubohnen, gr\u00fcnen Bohnen usw. Ihre Sch\u00e4lerate liegt bei 98 % oder mehr, und die Zerkleinerungsrate ist weniger als 2 %, was die ideale Wahl f\u00fcr das Entaromen von Bohnen und die Verbesserung der Produktqualit\u00e4t ist.<\/p>    <p>Die Verarbeitungskapazit\u00e4t der Einzelmaschine liegt bei bis zu 500kg-12 Tonnen pro Stunde und wird in Lebensmittelverarbeitungsbetrieben, Getreide- und \u00d6lfabriken, Hotels, Kantinen und anderen Einrichtungen breit eingesetzt. <\/p>    <p>In diesem Artikel stellen wir Ihnen im Detail drei verschiedene Arten von Bohnenh\u00e4utchenmaschinen vor, die in unserer Fabrik hergestellt werden, um Ihnen bei der Suche nach der geeignetsten L\u00f6sung zu helfen.<\/p>    <figure class=\"wp-block-embed aligncenter is-type-video is-provider-youtube wp-block-embed-youtube wp-embed-aspect-16-9 wp-has-aspect-ratio\"><div class=\"wp-block-embed__wrapper\"> <iframe loading=\"lazy\" title=\"Effiziente Sojabohnen-Hautentferner: Das Geheimnis der Bohnenh\u00e4utchenentfernung!#Bohne #Hautentferner\" width=\"500\" height=\"281\" src=\"https:\/\/www.youtube.com\/embed\/riTJ58a5sVI?feature=oembed\" frameborder=\"0\" allow=\"accelerometer; autoplay; clipboard-write; encrypted-media; gyroscope; picture-in-picture; web-share\" referrerpolicy=\"strict-origin-when-cross-origin\" allowfullscreen><\/iframe> <\/div><figcaption class=\"wp-element-caption\">Video zum Betrieb des Bohnenh\u00e4utchenentferners<\/figcaption><\/figure>    <h2 class=\"wp-block-heading\">Anwendungsbereiche der Bohnenh\u00e4utchenmaschine<\/h2>    <ul class=\"wp-block-list\"> <li>Lebensmittelverarbeitungsanlage: Wird zur Herstellung von Sojaprodukten wie Tofu, Sojamilch, getrockneten Bohnen usw. verwendet, um Geschmack und Qualit\u00e4t der Produkte zu verbessern.<\/li>    <li>Getreide- und \u00d6lverarbeitungsanlage: Als Vorbehandlungsger\u00e4t f\u00fcr Bohnen, um die Effizienz der nachfolgenden \u00d6lgewinnung, Mahlen und anderer Prozesse zu verbessern.<\/li>    <li>Gastronomie (wie Hotels, Kantinen, Restaurants): Wird f\u00fcr das Sch\u00e4len gro\u00dfer Mengen an Bohnen verwendet, um schnelles Kochen und Verarbeitung zu erleichtern.<\/li>    <li>Tiefverarbeitungsunternehmen f\u00fcr landwirtschaftliche Produkte: Wird f\u00fcr die Tiefenverarbeitung von exportierten Sojaprodukten verwendet, um den Mehrwert zu steigern.<\/li>    <li>Einzelpersonen oder kleine Werkst\u00e4tten: F\u00fcr die Kleinserienproduktion von Sojaprodukten vor Ort, das Ger\u00e4t ist einfach zu bedienen.<\/li> <\/ul>    <figure class=\"wp-block-gallery has-nested-images columns-2 is-cropped wp-block-gallery-2 is-layout-flex wp-block-gallery-is-layout-flex\"> <figure class=\"wp-block-image size-full\"><img loading=\"lazy\" decoding=\"async\" width=\"720\" height=\"540\" data-id=\"17298\" src=\"https:\/\/www.agriculture-machine.com\/wp-content\/uploads\/2020\/04\/soybean-peeling-machine.webp\" alt=\"Sojabohnen-Sch\u00e4lmaschine\" class=\"wp-image-17298\" title=\"Sojabohnen-Hautentferner\" srcset=\"https:\/\/www.agriculture-machine.com\/wp-content\/uploads\/2020\/04\/soybean-peeling-machine.webp 720w, https:\/\/www.agriculture-machine.com\/wp-content\/uploads\/2020\/04\/soybean-peeling-machine-360x270.webp 360w, https:\/\/www.agriculture-machine.com\/wp-content\/uploads\/2020\/04\/soybean-peeling-machine-240x180.webp 240w, https:\/\/www.agriculture-machine.com\/wp-content\/uploads\/2020\/04\/soybean-peeling-machine-16x12.webp 16w\" sizes=\"auto, (max-width: 720px) 100vw, 720px\" \/><figcaption class=\"wp-element-caption\">Sojabohnen-Sch\u00e4lmaschine<\/figcaption><\/figure>    <figure class=\"wp-block-image size-large\"><img loading=\"lazy\" decoding=\"async\" width=\"720\" height=\"540\" data-id=\"12911\" src=\"https:\/\/www.agriculture-machine.com\/wp-content\/uploads\/2022\/04\/red-bean-peeling-machine1.jpg\" alt=\"Rote-Bohnen-Hautentferner\" class=\"wp-image-12911\" title=\"Rote-Bohnen-Hautentferner\" srcset=\"https:\/\/www.agriculture-machine.com\/wp-content\/uploads\/2022\/04\/red-bean-peeling-machine1.jpg 720w, https:\/\/www.agriculture-machine.com\/wp-content\/uploads\/2022\/04\/red-bean-peeling-machine1-360x270.jpg 360w, https:\/\/www.agriculture-machine.com\/wp-content\/uploads\/2022\/04\/red-bean-peeling-machine1-240x180.jpg 240w\" sizes=\"auto, (max-width: 720px) 100vw, 720px\" \/><figcaption class=\"wp-element-caption\">Rote-Bohnen-Hautentferner<\/figcaption><\/figure>    <figure class=\"wp-block-image size-large\"><img loading=\"lazy\" decoding=\"async\" width=\"720\" height=\"540\" data-id=\"12912\" src=\"https:\/\/www.agriculture-machine.com\/wp-content\/uploads\/2022\/04\/broad-bean-peeler1.jpg\" alt=\"\" class=\"wp-image-12912\" srcset=\"https:\/\/www.agriculture-machine.com\/wp-content\/uploads\/2022\/04\/broad-bean-peeler1.jpg 720w, https:\/\/www.agriculture-machine.com\/wp-content\/uploads\/2022\/04\/broad-bean-peeler1-360x270.jpg 360w, https:\/\/www.agriculture-machine.com\/wp-content\/uploads\/2022\/04\/broad-bean-peeler1-240x180.jpg 240w\" sizes=\"auto, (max-width: 720px) 100vw, 720px\" \/><figcaption class=\"wp-element-caption\">Saubohnen-Hautentferner<\/figcaption><\/figure>    <figure class=\"wp-block-image size-large\"><img loading=\"lazy\" decoding=\"async\" width=\"720\" height=\"540\" data-id=\"12913\" src=\"https:\/\/www.agriculture-machine.com\/wp-content\/uploads\/2022\/04\/bean-peel-removing-machine1.jpg\" alt=\"Bohnenh\u00e4utchenentferner\" class=\"wp-image-12913\" title=\"Bohnenh\u00e4utchenentferner\" srcset=\"https:\/\/www.agriculture-machine.com\/wp-content\/uploads\/2022\/04\/bean-peel-removing-machine1.jpg 720w, https:\/\/www.agriculture-machine.com\/wp-content\/uploads\/2022\/04\/bean-peel-removing-machine1-360x270.jpg 360w, https:\/\/www.agriculture-machine.com\/wp-content\/uploads\/2022\/04\/bean-peel-removing-machine1-240x180.jpg 240w\" sizes=\"auto, (max-width: 720px) 100vw, 720px\" \/><figcaption class=\"wp-element-caption\">Bohnenh\u00e4utchenentferner<\/figcaption><\/figure> <figcaption class=\"blocks-gallery-caption wp-element-caption\">Sojabohnen-Hautentfernermaschinen<\/figcaption><\/figure>    <h2 class=\"wp-block-heading\">Typ 1: Sojabohnen-Hautentferner<\/h2>    <p>Diese Art des Sojabohnen-Hautentferners besteht haupts\u00e4chlich aus Zuf\u00fchrtrichter, Rahmen, Reduktionsgetriebe, Sch\u00e4lerraum, Ventilator, Verteilerkasten, Entladetrichter und anderen Teilen.<\/p>    <p>Dieses Ger\u00e4t eignet sich f\u00fcr runde, regelm\u00e4\u00dfige Bohnen wie Sojabohnen, Saubohnen und Erbsen.<\/p>    <figure class=\"wp-block-image aligncenter size-full\"><img loading=\"lazy\" decoding=\"async\" width=\"720\" height=\"540\" src=\"https:\/\/www.agriculture-machine.com\/wp-content\/uploads\/2022\/04\/green-pea-peeling-machine1.jpg\" alt=\"Gr\u00fcne Erbsen-Hautentferner\" class=\"wp-image-12916\" title=\"Gr\u00fcne Erbsen-Hautentferner\" srcset=\"https:\/\/www.agriculture-machine.com\/wp-content\/uploads\/2022\/04\/green-pea-peeling-machine1.jpg 720w, https:\/\/www.agriculture-machine.com\/wp-content\/uploads\/2022\/04\/green-pea-peeling-machine1-360x270.jpg 360w, https:\/\/www.agriculture-machine.com\/wp-content\/uploads\/2022\/04\/green-pea-peeling-machine1-240x180.jpg 240w\" sizes=\"auto, (max-width: 720px) 100vw, 720px\" \/><figcaption class=\"wp-element-caption\">Gr\u00fcne Erbsen-Hautentferner<\/figcaption><\/figure>    <h3 class=\"wp-block-heading\" id=\"h-technical-specifications-of-mung-bean-peeler\">Technische Spezifikationen des Mungbohnen-Hautentferners<\/h3>    <figure class=\"wp-block-table is-style-stripes\"><table><tbody><tr><td>Modell<\/td><td>TZ-10<\/td><\/tr><tr><td>Gewicht<\/td><td>200kg<\/td><\/tr><tr><td>Gr\u00f6\u00dfe<\/td><td>190*140*75cm<\/td><\/tr><tr><td>Kapazit\u00e4t<\/td><td>300-400kg\/h<\/td><\/tr><tr><td>Leistung<\/td><td>5,5kw 1,5kw<\/td><\/tr><\/tbody><\/table><figcaption class=\"wp-element-caption\">Technische Daten der Sojabohnen-Hautentfernermaschine<\/figcaption><\/figure>    <h2 class=\"wp-block-heading\">Typ 2: Kidney-Bohnen-Hautentferner<\/h2>    <p>Dieses Kidney-Bohnen-Hautentfernerger\u00e4t verf\u00fcgt haupts\u00e4chlich \u00fcber einen Trichter, Staubsammler, Sch\u00e4len, Druckregulierungssystem, Ausgang, Motor usw.  <\/p>    <p>Dieses Ger\u00e4t ist ein multifunktionaler Sch\u00e4ler. Es kann sowohl runde als auch flache Bohnen entfernen.<\/p>    <figure class=\"wp-block-image aligncenter size-full\"><img loading=\"lazy\" decoding=\"async\" width=\"720\" height=\"540\" src=\"https:\/\/www.agriculture-machine.com\/wp-content\/uploads\/2022\/04\/mung-bean-peeling-machine-2.jpg\" alt=\"Mungbohnen-Hautentferner \" class=\"wp-image-12917\" title=\"Mungbohnen-Hautentferner \" srcset=\"https:\/\/www.agriculture-machine.com\/wp-content\/uploads\/2022\/04\/mung-bean-peeling-machine-2.jpg 720w, https:\/\/www.agriculture-machine.com\/wp-content\/uploads\/2022\/04\/mung-bean-peeling-machine-2-360x270.jpg 360w, https:\/\/www.agriculture-machine.com\/wp-content\/uploads\/2022\/04\/mung-bean-peeling-machine-2-240x180.jpg 240w\" sizes=\"auto, (max-width: 720px) 100vw, 720px\" \/><figcaption class=\"wp-element-caption\">Mungbohnen-Hautentferner <\/figcaption><\/figure>    <h3 class=\"wp-block-heading\">Detaillierte Informationen zur Saubohnenh\u00e4utchenmaschine<\/h3>    <figure class=\"wp-block-table is-style-stripes\"><table><tbody><tr><td>Modell<\/td><td>S18<\/td><\/tr><tr><td>Leistung<\/td><td>15KW<\/td><\/tr><tr><td>Kapazit\u00e4t<\/td><td>500KG\/H<\/td><\/tr><tr><td>Gr\u00f6\u00dfe<\/td><td>1800*1200*2150mm<\/td><\/tr><\/tbody><\/table><figcaption class=\"wp-element-caption\">broad bean peeler&#8217;s information<\/figcaption><\/figure>    <h2 class=\"wp-block-heading\">Typ 3: Saubohnenh\u00e4utchenmaschine<\/h2>    <p>Die Maschinenstruktur dieses Modells unterscheidet sich stark von Typ 1 und Typ 2. Es hat eine relativ einfache Struktur, die einen Trichter, Sch\u00e4lerraum, Ausg\u00e4nge usw. umfasst. Dieser Sch\u00e4ler wird haupts\u00e4chlich zum Sch\u00e4len der Saubohnen verwendet. Er wird auch Fava-Bohnen-Hautentferner genannt. <\/p>    <p>Dieses Ger\u00e4t entfernt auch die Schale von \u00d6lbohnen, Limabohnen, Feuer-Hanf-Samen, Austern-Samen und anderen flacheren Bohnen, was zu einer h\u00f6heren Entschalungsrate f\u00fchrt.<\/p>    <figure class=\"wp-block-image aligncenter size-large\"><img loading=\"lazy\" decoding=\"async\" width=\"717\" height=\"540\" src=\"https:\/\/www.agriculture-machine.com\/wp-content\/uploads\/2022\/04\/Fava-beans-skin-peeler-2-717x540.png\" alt=\"Fava-Bohnen-Hautentferner \" class=\"wp-image-12920\" title=\"Fava-Bohnen-Hautentferner \" srcset=\"https:\/\/www.agriculture-machine.com\/wp-content\/uploads\/2022\/04\/Fava-beans-skin-peeler-2-717x540.png 717w, https:\/\/www.agriculture-machine.com\/wp-content\/uploads\/2022\/04\/Fava-beans-skin-peeler-2-360x270.png 360w, https:\/\/www.agriculture-machine.com\/wp-content\/uploads\/2022\/04\/Fava-beans-skin-peeler-2-240x180.png 240w, https:\/\/www.agriculture-machine.com\/wp-content\/uploads\/2022\/04\/Fava-beans-skin-peeler-2.png 720w\" sizes=\"auto, (max-width: 717px) 100vw, 717px\" \/><figcaption class=\"wp-element-caption\">Fava-Bohnen-Hautentferner<\/figcaption><\/figure>    <h3 class=\"wp-block-heading\">Parameter des Fava-Bohnenh\u00e4utchenentferners<\/h3>    <figure class=\"wp-block-table is-style-stripes\"><table><tbody><tr><td>Gr\u00f6\u00dfe<\/td><td>1000*1150*1400mm<\/td><\/tr><tr><td>Leistung<\/td><td>5KW<\/td><\/tr><tr><td>Kapazit\u00e4t<\/td><td>200KG\/H<\/td><\/tr><tr><td>Gewicht<\/td><td>400KG<\/td><\/tr><\/tbody><\/table><figcaption class=\"wp-element-caption\">fava beans skin peeler&#8217;s parameter<\/figcaption><\/figure>    <h2 class=\"wp-block-heading\">Funktionsprinzip der Bohnenh\u00e4utchenmaschine<\/h2>    <p>Zuerst gelangt die Sojabohne in die Maschine, und unter der Rotation der beiden Schleifscheiben kann das Sch\u00e4len erreicht werden. <\/p>    <p>Wenn die Sojabohnen gesch\u00e4lt und durch die Trennkammer gef\u00fchrt werden, werden die gesch\u00e4lten Bohnen durch den Luftdruck aus dem Ausgang entlassen. Gleichzeitig werden Haut und andere Pulver durch den Luftaustritt aus dem Ausgang ausgesto\u00dfen.<\/p>    <figure class=\"wp-block-embed aligncenter is-type-video is-provider-youtube wp-block-embed-youtube wp-embed-aspect-16-9 wp-has-aspect-ratio\"><div class=\"wp-block-embed__wrapper\"> <iframe loading=\"lazy\" title=\"Trockene Bohnen-Hautentferner \/ Mungbohnen-Sch\u00e4ler \/ Gr\u00fcne Bohnen oder Saubohnen-Sch\u00e4ler\" width=\"500\" height=\"281\" src=\"https:\/\/www.youtube.com\/embed\/7pt3S2lx6eE?feature=oembed\" frameborder=\"0\" allow=\"accelerometer; autoplay; clipboard-write; encrypted-media; gyroscope; picture-in-picture; web-share\" referrerpolicy=\"strict-origin-when-cross-origin\" allowfullscreen><\/iframe> <\/div><figcaption class=\"wp-element-caption\">Videoanzeige des Betriebs der Sojabohnen-Hautentferner<\/figcaption><\/figure>    <h2 class=\"wp-block-heading\" id=\"h-why-peel-beans-before-deep-processing\">Warum Bohnen vor der Tiefenverarbeitung sch\u00e4len?<\/h2>    <ul class=\"wp-block-list\"> <li>Angemessene Hitzebehandlung vor dem Sch\u00e4len kann die Sojaproteine moderat denaturieren, die Bildung von unangenehmen Geschmackstoffen hemmen und die N\u00e4hrstoffaufnahme verbessern.<\/li>    <li>Die Haut von Sojabohnen enth\u00e4lt oft bodenresistente Bakterien, das Sch\u00e4len hilft, diese Bakterien zu reduzieren und die Lebensmittelsicherheit zu verbessern.<\/li>    <li>Das Sch\u00e4len f\u00f6rdert die Passivierung der Lipoxygenase, verk\u00fcrzt die Heizzeit, reduziert die thermische Denaturierung der N\u00e4hrstoffe und verhindert enzymatische Br\u00e4unung.<\/li> <\/ul>    <figure class=\"wp-block-image aligncenter size-large\"><img loading=\"lazy\" decoding=\"async\" width=\"720\" height=\"540\" src=\"https:\/\/www.agriculture-machine.com\/wp-content\/uploads\/2020\/04\/peeling-soybean.jpg\" alt=\"Sch\u00e4len-Sojabohne\" class=\"wp-image-10921\" srcset=\"https:\/\/www.agriculture-machine.com\/wp-content\/uploads\/2020\/04\/peeling-soybean.jpg 720w, https:\/\/www.agriculture-machine.com\/wp-content\/uploads\/2020\/04\/peeling-soybean-360x270.jpg 360w, https:\/\/www.agriculture-machine.com\/wp-content\/uploads\/2020\/04\/peeling-soybean-240x180.jpg 240w\" sizes=\"auto, (max-width: 720px) 100vw, 720px\" \/><figcaption class=\"wp-element-caption\">Sch\u00e4len-Sojabohne<\/figcaption><\/figure>    <h2 class=\"wp-block-heading\" id=\"h-why-choose-taizy-bean-peeling-machine\">Vorteile der Taizy-Bohnenh\u00e4utchenmaschine<\/h2>    <ul class=\"wp-block-list\"> <li>Hohe Effizienz und gleichm\u00e4\u00dfiges Sch\u00e4len: Das Ger\u00e4t arbeitet mit hoher Effizienz und erzielt eine gleichm\u00e4\u00dfige Sch\u00e4lerwirkung, wodurch ungleichm\u00e4\u00dfiges Sch\u00e4len und Bohnenbr\u00fcche vermieden werden.<\/li>    <li>Geschmack und Qualit\u00e4t verbessern: Effektiv den Geruch der Bohnen entfernen, den Geschmack von Sojaprodukten verbessern, die Gesamtqualit\u00e4t und den Marktwert des Produkts deutlich steigern.<\/li>    <li>Vielseitig, voll funktionsf\u00e4hig: mit Sch\u00e4len und Trennfunktionen, einfach zu bedienen, stabile Leistung, geeignet f\u00fcr verschiedene Bohnenverarbeitungen.<\/li>    <li>Erf\u00fcllung moderner Produktionsanforderungen: Entwickelt f\u00fcr hochwertige Bohnenprodukte, besonders geeignet f\u00fcr die hochwertige Lebensmittelverarbeitung.<\/li> <\/ul>    <figure class=\"wp-block-image aligncenter size-full\"><img loading=\"lazy\" decoding=\"async\" width=\"720\" height=\"540\" src=\"https:\/\/www.agriculture-machine.com\/wp-content\/uploads\/2020\/04\/beans-peeler-for-sale.webp\" alt=\"Bohnenh\u00e4utchen zum Verkauf\" class=\"wp-image-15519\" srcset=\"https:\/\/www.agriculture-machine.com\/wp-content\/uploads\/2020\/04\/beans-peeler-for-sale.webp 720w, https:\/\/www.agriculture-machine.com\/wp-content\/uploads\/2020\/04\/beans-peeler-for-sale-360x270.webp 360w, https:\/\/www.agriculture-machine.com\/wp-content\/uploads\/2020\/04\/beans-peeler-for-sale-240x180.webp 240w\" sizes=\"auto, (max-width: 720px) 100vw, 720px\" \/><figcaption class=\"wp-element-caption\">Bohnenh\u00e4utchen zum Verkauf<\/figcaption><\/figure>    <h2 class=\"wp-block-heading\">Sojabohnenh\u00e4utchenmaschine verkauft nach Kanada<\/h2>    <p>Einer unserer Kunden kommt aus Kanada. Er kontaktierte uns \u00fcber ein Video, das auf unserem YouTube-Kanal gepostet wurde. Es ist bekannt, dass der Kunde schwarze Augenbohnen, Sojabohnen und Kidneybohnen entpellen m\u00f6chte. <\/p>    <p>According to the customer&#8217;s desired output and budget, we recommend Type 1 and Type 2. The final customer places an order from us. Below is the packaging and shipping diagram of the machine.<\/p>    <figure class=\"wp-block-gallery has-nested-images columns-default is-cropped wp-block-gallery-3 is-layout-flex wp-block-gallery-is-layout-flex\"> <figure class=\"wp-block-image size-large\"><img loading=\"lazy\" decoding=\"async\" width=\"720\" height=\"540\" data-id=\"12929\" src=\"https:\/\/www.agriculture-machine.com\/wp-content\/uploads\/2022\/04\/wooden-case-packing1.jpg\" alt=\"Holzschatullenverpackung\" class=\"wp-image-12929\" title=\"Holzschatullenverpackung\" srcset=\"https:\/\/www.agriculture-machine.com\/wp-content\/uploads\/2022\/04\/wooden-case-packing1.jpg 720w, https:\/\/www.agriculture-machine.com\/wp-content\/uploads\/2022\/04\/wooden-case-packing1-360x270.jpg 360w, https:\/\/www.agriculture-machine.com\/wp-content\/uploads\/2022\/04\/wooden-case-packing1-240x180.jpg 240w\" sizes=\"auto, (max-width: 720px) 100vw, 720px\" \/><figcaption class=\"wp-element-caption\">Holzschatullenverpackung<\/figcaption><\/figure>    <figure class=\"wp-block-image size-large\"><img loading=\"lazy\" decoding=\"async\" width=\"720\" height=\"540\" data-id=\"12930\" src=\"https:\/\/www.agriculture-machine.com\/wp-content\/uploads\/2022\/04\/shipping-of-soybean-peeler1.jpg\" alt=\"Versand der Sojabohnen-Hautentferner\" class=\"wp-image-12930\" title=\"Versand der Sojabohnen-Hautentferner\" srcset=\"https:\/\/www.agriculture-machine.com\/wp-content\/uploads\/2022\/04\/shipping-of-soybean-peeler1.jpg 720w, https:\/\/www.agriculture-machine.com\/wp-content\/uploads\/2022\/04\/shipping-of-soybean-peeler1-360x270.jpg 360w, https:\/\/www.agriculture-machine.com\/wp-content\/uploads\/2022\/04\/shipping-of-soybean-peeler1-240x180.jpg 240w\" sizes=\"auto, (max-width: 720px) 100vw, 720px\" \/><figcaption class=\"wp-element-caption\">Versand der Sojabohnen-Hautentferner<\/figcaption><\/figure> <\/figure>    <p class=\"translation-block\">Unsere Maschinen wurden nach Nigeria, Vietnam, Kamerun, Holland und andere L\u00e4nder exportiert. Neben der Bohnenh\u00e4utchenmaschine haben wir auch <strong><em><a href=\"https:\/\/www.agriculture-machine.com\/de\/corn-grits-making-machine\/\">Maisgrie\u00dfmaschine<\/a> <\/em><\/strong> und <a href=\"https:\/\/www.agriculture-machine.com\/de\/hammer-mill-machine\/\"><strong><em>Getreidem\u00fchle<\/em><\/strong><\/a>. Sie k\u00f6nnen Getreide in verschiedene K\u00f6rner und Pulver verarbeiten.<\/p>    <p>Wenn Sie an unseren Produkten interessiert sind oder Fragen haben, z\u00f6gern Sie nicht, uns zu kontaktieren. Unser professionelles Team steht Ihnen jederzeit zur Verf\u00fcgung, um Ihnen detaillierte Informationen \u00fcber unsere Maschinen zu geben, und wir laden Sie herzlich ein, unsere Fabrik zu besuchen. Wir freuen uns darauf, Ihnen den besten Service zu bieten!<\/p>","protected":false},"excerpt":{"rendered":"<p>The bean peeling machine has a wide range of applications and is designed for removing the outer skin of all kinds of beans. Its advanced technology and reliable performance make it ideal for bean processing.<\/p>","protected":false},"author":1,"featured_media":12906,"parent":0,"comment_status":"closed","ping_status":"closed","template":"","tags":[489,2600],"product-type":[902],"class_list":["post-6613","product","type-product","status-publish","has-post-thumbnail","hentry","tag-bean","tag-soybean","product-type-soybean-peeling-machine"],"_links":{"self":[{"href":"https:\/\/www.agriculture-machine.com\/de\/wp-json\/wp\/v2\/product\/6613","targetHints":{"allow":["GET"]}}],"collection":[{"href":"https:\/\/www.agriculture-machine.com\/de\/wp-json\/wp\/v2\/product"}],"about":[{"href":"https:\/\/www.agriculture-machine.com\/de\/wp-json\/wp\/v2\/types\/product"}],"author":[{"embeddable":true,"href":"https:\/\/www.agriculture-machine.com\/de\/wp-json\/wp\/v2\/users\/1"}],"replies":[{"embeddable":true,"href":"https:\/\/www.agriculture-machine.com\/de\/wp-json\/wp\/v2\/comments?post=6613"}],"wp:featuredmedia":[{"embeddable":true,"href":"https:\/\/www.agriculture-machine.com\/de\/wp-json\/wp\/v2\/media\/12906"}],"wp:attachment":[{"href":"https:\/\/www.agriculture-machine.com\/de\/wp-json\/wp\/v2\/media?parent=6613"}],"wp:term":[{"taxonomy":"post_tag","embeddable":true,"href":"https:\/\/www.agriculture-machine.com\/de\/wp-json\/wp\/v2\/tags?post=6613"},{"taxonomy":"product-type","embeddable":true,"href":"https:\/\/www.agriculture-machine.com\/de\/wp-json\/wp\/v2\/product-type?post=6613"}],"curies":[{"name":"wp","href":"https:\/\/api.w.org\/{rel}","templated":true}]}}