{"id":7114,"date":"2020-07-14T10:36:12","date_gmt":"2020-07-14T02:36:12","guid":{"rendered":"https:\/\/www.agriculture-machine.com\/?p=7114"},"modified":"2024-10-24T14:11:31","modified_gmt":"2024-10-24T06:11:31","slug":"tzy-79-nursery-seeding-machine","status":"publish","type":"product","link":"https:\/\/www.agriculture-machine.com\/de\/tzy-79-nursery-seeding-machine\/","title":{"rendered":"G\u00e4rtnersaatgutmaschine\u4e28automatische G\u00e4rtnersaatmaschine"},"content":{"rendered":"<p class=\"translation-block\">Die <strong>Baumschulsetzlingsmaschine<\/strong> ist ein Ger\u00e4t, das verschiedene Gem\u00fcse- und Blumensamen in ein Stecklings-Tablett pflanzen kann. Es gibt verschiedene Arten von Baumschulsetzlingsmaschinen auf dem Markt, wie halbautomatisch und vollautomatisch. Die manuelle Aussaatmethode ist zeitaufwendig und arbeitsintensiv.<\/p>    <p>Damit k\u00f6nnen die Menschen die Effizienz erheblich steigern und Energie sparen, indem sie eine Setzlingsmaschine verwenden. Au\u00dferdem saugt die Setzlingsmaschine Samen auf und s\u00e4t sie pr\u00e4zise. So kann diese Maschine Samen sparen und die Keimrate erh\u00f6hen. Daher werden Setzlingsmaschinen heute weit verbreitet eingesetzt, um die Aufzucht von Setzlingen zu unterst\u00fctzen.<\/p>    <figure class=\"wp-block-embed is-type-video is-provider-youtube wp-block-embed-youtube wp-embed-aspect-16-9 wp-has-aspect-ratio\"><div class=\"wp-block-embed__wrapper\"> <iframe loading=\"lazy\" title=\"Vollautomatische Gem\u00fcsesamen-Baumschulsetzlingsmaschine zum Verkauf!\" width=\"500\" height=\"281\" src=\"https:\/\/www.youtube.com\/embed\/oeNMbovVJbo?start=17&#038;feature=oembed\" frameborder=\"0\" allow=\"accelerometer; autoplay; clipboard-write; encrypted-media; gyroscope; picture-in-picture; web-share\" referrerpolicy=\"strict-origin-when-cross-origin\" allowfullscreen><\/iframe> <\/div><figcaption class=\"wp-element-caption\">KMR-78-2 Baumschulsetzlingsmaschinen Arbeitsvideo<\/figcaption><\/figure>    <p>The above shows our factory&#8217;s more popular fully-automatic models.<\/p>    <h2 class=\"wp-block-heading\">Einf\u00fchrung in die Baumschulsetzlingsmaschine<\/h2>    <p class=\"translation-block\">Wir produzieren verschiedene Arten von Baumschulmaschinen, um unterschiedliche Baumschulbed\u00fcrfnisse zu erf\u00fcllen. Eine der vollautomatischen Baumschulmaschinen kann auch Wasser spr\u00fchen. Au\u00dferdem haben wir eine Mehrreihen-Saatgutablage entworfen und hergestellt, um den Bedarf an mehreren Samen in einem Loch zu erf\u00fcllen. Dieser Artikel konzentriert sich auf die <strong>KMR78-2 automatische Baumschul-S\u00e4maschine<\/strong>. Dieses Modell kann Mulchen, Lochstanzen, Saatgut ablegen und sekund\u00e4res Mulchen in einem Arbeitsgang ausf\u00fchren.<\/p>    <p class=\"translation-block\">What&#8217;s more watering and multi-row seeding are additional functions. And customers can choose according to their needs. We also produce semi-automatic seedling nursery machines, <a href=\"https:\/\/www.agriculture-machine.com\/de\/peony-transplant-cucumber-transplant-factory-direct\/\">vegetable transplants<\/a>, and <a href=\"https:\/\/www.agriculture-machine.com\/de\/walk-behind-rice-transplanter-rice-planting-machine\/\">rice transplanters<\/a>. The combination of a seedling machine and a transplanter can save a lot of seedling sowing time.<\/p>    <figure class=\"wp-block-gallery has-nested-images columns-default is-cropped wp-block-gallery-2 is-layout-flex wp-block-gallery-is-layout-flex\"> <figure class=\"wp-block-image size-large\"><img loading=\"lazy\" decoding=\"async\" width=\"720\" height=\"540\" data-id=\"13592\" src=\"https:\/\/www.agriculture-machine.com\/wp-content\/uploads\/2022\/05\/nursery-seedling-machine1.jpg\" alt=\"Baumschulsetzlingsmaschine\" class=\"wp-image-13592\" title=\"Baumschulsetzlingsmaschine\" srcset=\"https:\/\/www.agriculture-machine.com\/wp-content\/uploads\/2022\/05\/nursery-seedling-machine1.jpg 720w, https:\/\/www.agriculture-machine.com\/wp-content\/uploads\/2022\/05\/nursery-seedling-machine1-360x270.jpg 360w, https:\/\/www.agriculture-machine.com\/wp-content\/uploads\/2022\/05\/nursery-seedling-machine1-240x180.jpg 240w\" sizes=\"auto, (max-width: 720px) 100vw, 720px\" \/><figcaption class=\"wp-element-caption\">Baumschulsetzlingsmaschine<\/figcaption><\/figure>    <figure class=\"wp-block-image size-large\"><img loading=\"lazy\" decoding=\"async\" width=\"720\" height=\"540\" data-id=\"13593\" src=\"https:\/\/www.agriculture-machine.com\/wp-content\/uploads\/2022\/05\/automatic-nursery-sowing-machine-.jpg\" alt=\"Automatische Baumschul-S\u00e4maschine\" class=\"wp-image-13593\" title=\"Automatische Baumschul-S\u00e4maschine\" srcset=\"https:\/\/www.agriculture-machine.com\/wp-content\/uploads\/2022\/05\/automatic-nursery-sowing-machine-.jpg 720w, https:\/\/www.agriculture-machine.com\/wp-content\/uploads\/2022\/05\/automatic-nursery-sowing-machine--360x270.jpg 360w, https:\/\/www.agriculture-machine.com\/wp-content\/uploads\/2022\/05\/automatic-nursery-sowing-machine--240x180.jpg 240w\" sizes=\"auto, (max-width: 720px) 100vw, 720px\" \/><figcaption class=\"wp-element-caption\">Automatische Baumschul-S\u00e4maschine<\/figcaption><\/figure> <\/figure>    <h2 class=\"wp-block-heading\">Welche Samenarten kann die Baumschulpflanzmaschine s\u00e4en?<\/h2>    <p>Die Baumschulpflanzmaschine kann verschiedene Gem\u00fcse- und Blumensamen s\u00e4en. Zum Beispiel Tomate, Salat, Chinakohl, Kohl, S\u00fc\u00dfmais, K\u00fcrbis, Hanfsamen, Okra, Gurke, Aubergine, Melone, Wassermelone, Paprika, Chili, Kohl, Taiwan-Kohl, Fischgericht, getrocknetes Licht, Lauch, Rote Beete, Kohlgem\u00fcse, Sellerie, Hanf usw.<\/p>    <figure class=\"wp-block-gallery has-nested-images columns-default is-cropped wp-block-gallery-3 is-layout-flex wp-block-gallery-is-layout-flex\"> <figure class=\"wp-block-image size-large\"><img loading=\"lazy\" decoding=\"async\" width=\"720\" height=\"541\" data-id=\"13606\" src=\"https:\/\/www.agriculture-machine.com\/wp-content\/uploads\/2022\/05\/vegetable-seeds-.jpg\" alt=\"Gem\u00fcsesamen\" class=\"wp-image-13606\" title=\"Gem\u00fcsesamen\" srcset=\"https:\/\/www.agriculture-machine.com\/wp-content\/uploads\/2022\/05\/vegetable-seeds-.jpg 720w, https:\/\/www.agriculture-machine.com\/wp-content\/uploads\/2022\/05\/vegetable-seeds--360x270.jpg 360w, https:\/\/www.agriculture-machine.com\/wp-content\/uploads\/2022\/05\/vegetable-seeds--240x180.jpg 240w\" sizes=\"auto, (max-width: 720px) 100vw, 720px\" \/><figcaption class=\"wp-element-caption\">Gem\u00fcsesamen<\/figcaption><\/figure>    <figure class=\"wp-block-image size-large\"><img loading=\"lazy\" decoding=\"async\" width=\"720\" height=\"540\" data-id=\"13607\" src=\"https:\/\/www.agriculture-machine.com\/wp-content\/uploads\/2022\/05\/flower-seeds-.jpg\" alt=\"Blumensamen\" class=\"wp-image-13607\" title=\"Blumensamen\" srcset=\"https:\/\/www.agriculture-machine.com\/wp-content\/uploads\/2022\/05\/flower-seeds-.jpg 720w, https:\/\/www.agriculture-machine.com\/wp-content\/uploads\/2022\/05\/flower-seeds--360x270.jpg 360w, https:\/\/www.agriculture-machine.com\/wp-content\/uploads\/2022\/05\/flower-seeds--240x180.jpg 240w\" sizes=\"auto, (max-width: 720px) 100vw, 720px\" \/><figcaption class=\"wp-element-caption\">Blumensamen<\/figcaption><\/figure> <\/figure>    <h2 class=\"wp-block-heading\">Struktur der automatischen Baumschul-S\u00e4maschine<\/h2>    <p>Dieses Modell der Baumschul-S\u00e4maschine umfasst haupts\u00e4chlich Abdeckvorrichtungen, B\u00fcrsten, Graben, Saatgutablage, Bodentonnen usw. Dies ist die Grundstruktur der Maschine, Sie k\u00f6nnen auch Wasser-Quellung und Mehrreihen-Saatfunktionen w\u00e4hlen.<\/p>    <figure class=\"wp-block-image aligncenter size-full\"><img loading=\"lazy\" decoding=\"async\" width=\"720\" height=\"540\" src=\"https:\/\/www.agriculture-machine.com\/wp-content\/uploads\/2022\/05\/plug-seedling-machine\u2018s-structure0.jpg\" alt=\"Stecklingsmaschine-Layout\" class=\"wp-image-13594\" title=\"Stecklingsmaschine-Layout\" srcset=\"https:\/\/www.agriculture-machine.com\/wp-content\/uploads\/2022\/05\/plug-seedling-machine\u2018s-structure0.jpg 720w, https:\/\/www.agriculture-machine.com\/wp-content\/uploads\/2022\/05\/plug-seedling-machine\u2018s-structure0-360x270.jpg 360w, https:\/\/www.agriculture-machine.com\/wp-content\/uploads\/2022\/05\/plug-seedling-machine\u2018s-structure0-240x180.jpg 240w\" sizes=\"auto, (max-width: 720px) 100vw, 720px\" \/><figcaption class=\"wp-element-caption\">plug seedling machine&#8217;s structure<\/figcaption><\/figure>    <h3 class=\"wp-block-heading\">Funktion jedes Teils<\/h3>    <ol class=\"wp-block-list\" id=\"block-b0620b7d-e759-448e-aefe-02f00d44eaf2\"> <li>Aussaat-Abdeckvorrichtung: Dieser Teil kann N\u00e4hrboden auf das Stecklings-Tablett legen.<\/li>    <li>Umlaufb\u00fcrste f\u00fcr Saatgutboden: Dieser Teil hat eine Haarb\u00fcrste, die den N\u00e4hrbodensmooth macht, und das Tablett abdeckt.<\/li>    <li>Ein Loch graben: hat Pressfunktion und kommt in ein Loch.<\/li>    <li>Aussaatvorrichtung: Dies ist der wichtigste Teil der Maschine. Nach dem Graben f\u00e4llt das Saatgut in das Loch, ein Samen pro Loch.<\/li>    <li>Erdabdeckungs-Trichter: legt den N\u00e4hrboden erneut auf das ges\u00e4te Stecklings-Tablett.<\/li> <\/ol>    <h2 class=\"wp-block-heading\" id=\"h-specification-of-the-nursery-seedling-machine\">Spezifikation der Baumschulsetzlingsmaschine<\/h2>    <figure class=\"wp-block-table is-style-stripes\"><table><tbody><tr><td>Modell<\/td><td>KMR-78-2<\/td><\/tr><tr><td>Pr\u00e4zision<\/td><td>&gt;97-98%<\/td><\/tr><tr><td>Prinzip<\/td><td>Elektrisch und Luftkompressor<\/td><\/tr><tr><td>Kapazit\u00e4t<\/td><td>500-600 Tabletts\/Stunde&nbsp;<\/td><\/tr><tr><td>Gr\u00f6\u00dfe<\/td><td>4800*800*1600mm<\/td><\/tr><tr><td>Gewicht<\/td><td>400kg<\/td><\/tr><tr><td>Spannung<\/td><td>220V \/110V 600W<\/td><\/tr><tr><td>Gr\u00f6\u00dfe f\u00fcr Samen<\/td><td>0,3-12mm<\/td><\/tr><tr><td>Breite des Tabletts<\/td><td>\u2264540mm<\/td><\/tr><tr><td>Material<\/td><td>Edelstahl<\/td><\/tr><\/tbody><\/table><figcaption class=\"wp-element-caption\">nursery seedling machine&#8217;s parameter<\/figcaption><\/figure>    <h2 class=\"wp-block-heading\" id=\"h-features-of-the-pumpkin-nursery-seedling-machine\">Merkmale der K\u00fcrbisschulsetzlingsmaschine<\/h2>    <ul class=\"wp-block-list\"> <li>Automatische Baumschul-S\u00e4maschine integriert automatische Bodenausbreitung, Bew\u00e4sserung, Aussaat und Erddeckung in einem. So kann sie alle Arbeitsg\u00e4nge in einem Durchgang ausf\u00fchren.<\/li>    <li>Die K\u00fcrbisschulsetzlingsmaschine kann sowohl mit harten als auch mit weichen Kunststoffplatten arbeiten. Die Arbeitseffizienz der Maschine betr\u00e4gt 500-600 Tabletts pro Stunde. Sie erm\u00f6glicht die mechanisierte Produktion eines ganzen Kurses von Getreide.<\/li>    <li>Von der Baumschulsetzlingsmaschine kultivierte Keimlinge sind schlank, ordentlich und kr\u00e4ftig.<\/li> <\/ul>    <h2 class=\"wp-block-heading\" id=\"h-what-advantages-does-the-onion-transplanting-machine-has\">Welche Vorteile hat eine Zwiebelsetzlingsmaschine?<\/h2>    <ul class=\"wp-block-list\"> <li>Die Einstellung der Aussaatmenge ist bequem und zuverl\u00e4ssig. So erh\u00f6ht diese Maschine die pr\u00e4zise Aussaat bei kleinen Volumina erheblich. Au\u00dferdem kann sie eine Saat pro Loch gew\u00e4hrleisten, unabh\u00e4ngig von der Samenart.<\/li>    <li>Einsparung von 20% bei der Leerlochung, was niedriger ist als bei der manuellen Pflanzung. So wird die Produktion und das Einkommen erh\u00f6ht. Der gute Setzlingeffekt, Steigerung der Produktion und Kosteneinsparung.<\/li>    <li>Setzlings-Setzmaschine ist eine notwendige Komponente, die stabile und hohe Produktion gew\u00e4hrleistet. Und auch eine Wahl zur Steigerung der Produktion und Kosteneinsparung.<\/li> <\/ul>    <figure class=\"wp-block-gallery has-nested-images columns-default is-cropped wp-block-gallery-4 is-layout-flex wp-block-gallery-is-layout-flex\"> <figure class=\"wp-block-image size-large\"><img loading=\"lazy\" decoding=\"async\" width=\"720\" height=\"540\" data-id=\"13597\" src=\"https:\/\/www.agriculture-machine.com\/wp-content\/uploads\/2022\/05\/automatic-tomato-nursery-seedling-machine-.jpg\" alt=\"Automatische Tomaten-Setzlingsmaschine\" class=\"wp-image-13597\" title=\"Automatische Tomaten-Setzlingsmaschine\" srcset=\"https:\/\/www.agriculture-machine.com\/wp-content\/uploads\/2022\/05\/automatic-tomato-nursery-seedling-machine-.jpg 720w, https:\/\/www.agriculture-machine.com\/wp-content\/uploads\/2022\/05\/automatic-tomato-nursery-seedling-machine--360x270.jpg 360w, https:\/\/www.agriculture-machine.com\/wp-content\/uploads\/2022\/05\/automatic-tomato-nursery-seedling-machine--240x180.jpg 240w\" sizes=\"auto, (max-width: 720px) 100vw, 720px\" \/><figcaption class=\"wp-element-caption\">Automatische Tomaten-Setzlingsmaschine<\/figcaption><\/figure>    <figure class=\"wp-block-image size-large\"><img loading=\"lazy\" decoding=\"async\" width=\"720\" height=\"540\" data-id=\"13598\" src=\"https:\/\/www.agriculture-machine.com\/wp-content\/uploads\/2022\/05\/automatic-tray-seeder-.jpg\" alt=\"Automatischer Tablett-S\u00e4er\" class=\"wp-image-13598\" title=\"Automatischer Tablett-S\u00e4er\" srcset=\"https:\/\/www.agriculture-machine.com\/wp-content\/uploads\/2022\/05\/automatic-tray-seeder-.jpg 720w, https:\/\/www.agriculture-machine.com\/wp-content\/uploads\/2022\/05\/automatic-tray-seeder--360x270.jpg 360w, https:\/\/www.agriculture-machine.com\/wp-content\/uploads\/2022\/05\/automatic-tray-seeder--240x180.jpg 240w\" sizes=\"auto, (max-width: 720px) 100vw, 720px\" \/><figcaption class=\"wp-element-caption\">Automatischer Tablett-S\u00e4er<\/figcaption><\/figure> <\/figure>    <h2 class=\"wp-block-heading\">Automatische Baumschulmaschine nach Singapur geliefert<\/h2>    <p>Unser Kunde kommt aus Singapur. Er kontaktierte uns \u00fcber Alibaba. Danach kommunizierte unser Verkaufsleiter per E-Mail mit dem Kunden \u00fcber die Maschine. Wir erfuhren durch die Kommunikation mit dem Kunden, dass der Kunde Gew\u00e4chsh\u00e4user zum Anbau verschiedener Gem\u00fcsesorten hat. Au\u00dferdem wusste der Kunde mehr \u00fcber die Baumschulsetzlingsmaschine. <\/p>    <p>And he wants to buy a fully automatic vegetable seedling machine. According to the customer&#8217;s specific needs and budget, we recommended the KMR78-2 seedling machine. The customer finally decided to buy one set of automatic nursery sowing machines. Below is the packing and shipping picture of the machine.<\/p>    <figure class=\"wp-block-gallery has-nested-images columns-default is-cropped wp-block-gallery-5 is-layout-flex wp-block-gallery-is-layout-flex\"> <figure class=\"wp-block-image size-large\"><img loading=\"lazy\" decoding=\"async\" width=\"720\" height=\"540\" data-id=\"13603\" src=\"https:\/\/www.agriculture-machine.com\/wp-content\/uploads\/2022\/05\/greenhouse-seeder-machine.jpg\" alt=\"Gew\u00e4chshaus-S\u00e4maschine\" class=\"wp-image-13603\" title=\"Gew\u00e4chshaus-S\u00e4maschine\" srcset=\"https:\/\/www.agriculture-machine.com\/wp-content\/uploads\/2022\/05\/greenhouse-seeder-machine.jpg 720w, https:\/\/www.agriculture-machine.com\/wp-content\/uploads\/2022\/05\/greenhouse-seeder-machine-360x270.jpg 360w, https:\/\/www.agriculture-machine.com\/wp-content\/uploads\/2022\/05\/greenhouse-seeder-machine-240x180.jpg 240w\" sizes=\"auto, (max-width: 720px) 100vw, 720px\" \/><figcaption class=\"wp-element-caption\">Gew\u00e4chshaus-S\u00e4maschine<\/figcaption><\/figure>    <figure class=\"wp-block-image size-large\"><img loading=\"lazy\" decoding=\"async\" width=\"720\" height=\"540\" data-id=\"13604\" src=\"https:\/\/www.agriculture-machine.com\/wp-content\/uploads\/2022\/05\/automatic-seedling-raising-machine.jpg\" alt=\"Automatische Setzlingsanzuchtmaschine\" class=\"wp-image-13604\" title=\"Automatische Setzlingsanzuchtmaschine\" srcset=\"https:\/\/www.agriculture-machine.com\/wp-content\/uploads\/2022\/05\/automatic-seedling-raising-machine.jpg 720w, https:\/\/www.agriculture-machine.com\/wp-content\/uploads\/2022\/05\/automatic-seedling-raising-machine-360x270.jpg 360w, https:\/\/www.agriculture-machine.com\/wp-content\/uploads\/2022\/05\/automatic-seedling-raising-machine-240x180.jpg 240w\" sizes=\"auto, (max-width: 720px) 100vw, 720px\" \/><figcaption class=\"wp-element-caption\">Automatische Setzlingsanzuchtmaschine<\/figcaption><\/figure>    <figure class=\"wp-block-image size-large\"><img loading=\"lazy\" decoding=\"async\" width=\"720\" height=\"540\" data-id=\"13605\" src=\"https:\/\/www.agriculture-machine.com\/wp-content\/uploads\/2022\/05\/nursery-planting-machine-.jpg\" alt=\"Baumschulpflanzmaschine\" class=\"wp-image-13605\" title=\"Baumschulpflanzmaschine\" srcset=\"https:\/\/www.agriculture-machine.com\/wp-content\/uploads\/2022\/05\/nursery-planting-machine-.jpg 720w, https:\/\/www.agriculture-machine.com\/wp-content\/uploads\/2022\/05\/nursery-planting-machine--360x270.jpg 360w, https:\/\/www.agriculture-machine.com\/wp-content\/uploads\/2022\/05\/nursery-planting-machine--240x180.jpg 240w\" sizes=\"auto, (max-width: 720px) 100vw, 720px\" \/><figcaption class=\"wp-element-caption\">Baumschulpflanzmaschine<\/figcaption><\/figure> <\/figure>    <h2 class=\"wp-block-heading\">Setzling-Effektanzeige<\/h2>    <p>All over the world, many customers have achieved remarkable nursery results with our nursery machines. We have received a large number of positive feedback from our customers, and their success stories fully demonstrate the efficient performance and excellent quality of our seedling breeders. Below are some of our customers&#8217; actual results after using our seedling nurseries:<\/p>    <figure class=\"wp-block-gallery has-nested-images columns-2 is-cropped wp-block-gallery-6 is-layout-flex wp-block-gallery-is-layout-flex\"> <figure class=\"wp-block-image size-large\"><img loading=\"lazy\" decoding=\"async\" width=\"720\" height=\"540\" data-id=\"16045\" src=\"https:\/\/www.agriculture-machine.com\/wp-content\/uploads\/2020\/07\/nursery-seeder-use-effect.webp\" alt=\"Effekt des Baumschulsetzlingsers\" class=\"wp-image-16045\" srcset=\"https:\/\/www.agriculture-machine.com\/wp-content\/uploads\/2020\/07\/nursery-seeder-use-effect.webp 720w, https:\/\/www.agriculture-machine.com\/wp-content\/uploads\/2020\/07\/nursery-seeder-use-effect-360x270.webp 360w, https:\/\/www.agriculture-machine.com\/wp-content\/uploads\/2020\/07\/nursery-seeder-use-effect-240x180.webp 240w, https:\/\/www.agriculture-machine.com\/wp-content\/uploads\/2020\/07\/nursery-seeder-use-effect-16x12.webp 16w\" sizes=\"auto, (max-width: 720px) 100vw, 720px\" \/><figcaption class=\"wp-element-caption\">Effekt des Baumschulsetzlingsers<\/figcaption><\/figure>    <figure class=\"wp-block-image size-large\"><img loading=\"lazy\" decoding=\"async\" width=\"720\" height=\"540\" data-id=\"16046\" src=\"https:\/\/www.agriculture-machine.com\/wp-content\/uploads\/2020\/07\/seedling-machine-customer-feedback.webp\" alt=\"R\u00fcckmeldung des Kunden zur Baumschulsetzlingsmaschine\" class=\"wp-image-16046\" srcset=\"https:\/\/www.agriculture-machine.com\/wp-content\/uploads\/2020\/07\/seedling-machine-customer-feedback.webp 720w, https:\/\/www.agriculture-machine.com\/wp-content\/uploads\/2020\/07\/seedling-machine-customer-feedback-360x270.webp 360w, https:\/\/www.agriculture-machine.com\/wp-content\/uploads\/2020\/07\/seedling-machine-customer-feedback-240x180.webp 240w, https:\/\/www.agriculture-machine.com\/wp-content\/uploads\/2020\/07\/seedling-machine-customer-feedback-16x12.webp 16w\" sizes=\"auto, (max-width: 720px) 100vw, 720px\" \/><figcaption class=\"wp-element-caption\">R\u00fcckmeldung des Kunden zur Baumschulsetzlingsmaschine<\/figcaption><\/figure>    <figure class=\"wp-block-image size-large\"><img loading=\"lazy\" decoding=\"async\" width=\"405\" height=\"540\" data-id=\"16044\" src=\"https:\/\/www.agriculture-machine.com\/wp-content\/uploads\/2020\/07\/automatic-nursery-tray-seeding-machine-feedback-405x540.webp\" alt=\"Automatisches Baumschul-Tablett-S\u00e4maschinen-Feedback\" class=\"wp-image-16044\" srcset=\"https:\/\/www.agriculture-machine.com\/wp-content\/uploads\/2020\/07\/automatic-nursery-tray-seeding-machine-feedback-405x540.webp 405w, https:\/\/www.agriculture-machine.com\/wp-content\/uploads\/2020\/07\/automatic-nursery-tray-seeding-machine-feedback-203x270.webp 203w, https:\/\/www.agriculture-machine.com\/wp-content\/uploads\/2020\/07\/automatic-nursery-tray-seeding-machine-feedback-9x12.webp 9w, https:\/\/www.agriculture-machine.com\/wp-content\/uploads\/2020\/07\/automatic-nursery-tray-seeding-machine-feedback.webp 540w\" sizes=\"auto, (max-width: 405px) 100vw, 405px\" \/><figcaption class=\"wp-element-caption\">Automatisches Baumschul-Tablett-S\u00e4maschinen-Feedback<\/figcaption><\/figure>    <figure class=\"wp-block-image size-large\"><img loading=\"lazy\" decoding=\"async\" width=\"405\" height=\"540\" data-id=\"16047\" src=\"https:\/\/www.agriculture-machine.com\/wp-content\/uploads\/2020\/07\/vegetable-seedlings-machine-405x540.webp\" alt=\"Gem\u00fcsesetzlingsmaschine\" class=\"wp-image-16047\" srcset=\"https:\/\/www.agriculture-machine.com\/wp-content\/uploads\/2020\/07\/vegetable-seedlings-machine-405x540.webp 405w, https:\/\/www.agriculture-machine.com\/wp-content\/uploads\/2020\/07\/vegetable-seedlings-machine-203x270.webp 203w, https:\/\/www.agriculture-machine.com\/wp-content\/uploads\/2020\/07\/vegetable-seedlings-machine-9x12.webp 9w, https:\/\/www.agriculture-machine.com\/wp-content\/uploads\/2020\/07\/vegetable-seedlings-machine.webp 540w\" sizes=\"auto, (max-width: 405px) 100vw, 405px\" \/><figcaption class=\"wp-element-caption\">Gem\u00fcsesetzlingsmaschine<\/figcaption><\/figure> <\/figure>    <p class=\"translation-block\">Unser Unternehmen hat auch andere Arten von Baumschulmaschinen f\u00fcr Anpassung und Auswahl, Sie k\u00f6nnen sie durch Klicken ansehen: <strong><em><a href=\"https:\/\/www.agriculture-machine.com\/de\/nursery-seeding-machine-seeder-machine-vegetable-seeder-machine\/\">Baumschul-S\u00e4maschine | S\u00e4maschine | Gem\u00fcses\u00e4maschine<\/a><\/em><\/strong>, z\u00f6gern Sie nicht, uns f\u00fcr detailliertere Informationen zu kontaktieren.<\/p>","protected":false},"excerpt":{"rendered":"<p>Die Baumschulsetzlingsmaschine kann verschiedene Gem\u00fcse- und Blumensamen in ein Stecklings-Tablett pflanzen. Sie kann verschiedene Funktionen in einem Durchgang ausf\u00fchren. Dieser Artikel handelt von den meistverkauften automatischen Baumschulmaschinen. <\/p>","protected":false},"author":1,"featured_media":13595,"parent":0,"comment_status":"closed","ping_status":"closed","template":"","tags":[2618,2607],"product-type":[915],"class_list":["post-7114","product","type-product","status-publish","has-post-thumbnail","hentry","tag-hemp","tag-nursery","product-type-nursery-seedlings-machine"],"_links":{"self":[{"href":"https:\/\/www.agriculture-machine.com\/de\/wp-json\/wp\/v2\/product\/7114","targetHints":{"allow":["GET"]}}],"collection":[{"href":"https:\/\/www.agriculture-machine.com\/de\/wp-json\/wp\/v2\/product"}],"about":[{"href":"https:\/\/www.agriculture-machine.com\/de\/wp-json\/wp\/v2\/types\/product"}],"author":[{"embeddable":true,"href":"https:\/\/www.agriculture-machine.com\/de\/wp-json\/wp\/v2\/users\/1"}],"replies":[{"embeddable":true,"href":"https:\/\/www.agriculture-machine.com\/de\/wp-json\/wp\/v2\/comments?post=7114"}],"wp:featuredmedia":[{"embeddable":true,"href":"https:\/\/www.agriculture-machine.com\/de\/wp-json\/wp\/v2\/media\/13595"}],"wp:attachment":[{"href":"https:\/\/www.agriculture-machine.com\/de\/wp-json\/wp\/v2\/media?parent=7114"}],"wp:term":[{"taxonomy":"post_tag","embeddable":true,"href":"https:\/\/www.agriculture-machine.com\/de\/wp-json\/wp\/v2\/tags?post=7114"},{"taxonomy":"product-type","embeddable":true,"href":"https:\/\/www.agriculture-machine.com\/de\/wp-json\/wp\/v2\/product-type?post=7114"}],"curies":[{"name":"wp","href":"https:\/\/api.w.org\/{rel}","templated":true}]}}