{"id":7676,"date":"2020-09-17T18:12:42","date_gmt":"2020-09-17T10:12:42","guid":{"rendered":"https:\/\/www.agriculture-machine.com\/?p=7676"},"modified":"2024-09-18T16:13:40","modified_gmt":"2024-09-18T08:13:40","slug":"sprinkler-irrigation","status":"publish","type":"product","link":"https:\/\/www.agriculture-machine.com\/de\/sprinkler-irrigation\/","title":{"rendered":"Sprinklerbew\u00e4sserungsmaschine | Bew\u00e4sserungssystem | Bew\u00e4sserer"},"content":{"rendered":"<p>Die Sprinklerbew\u00e4sserungsmaschine bezieht sich auf die Ausr\u00fcstung, die zur Spr\u00fchbew\u00e4sserung von Wasser verwendet wird. Das gesamte Sprinklersystem umfasst in der Regel eine Wasserpumpeneinheit, Rohrleitungen, Sprinkler und ein Fahrgestell. Die Sprinklerbew\u00e4sserungsausr\u00fcstung spr\u00fcht Wasser mit einem bestimmten Druck in die Luft durch eine spezielle Maschine und Ausr\u00fcstung aus der D\u00fcse und zerstreut es dann in feine Tropfen, die gleichm\u00e4\u00dfig wie Regen auf das Feld gespr\u00fcht werden, um Kulturen, Blumen, Setzlinge und andere Pflanzen ausreichend mit Wasser zu versorgen. Diese Art von Sprinkler bew\u00e4ssert auf nat\u00fcrliche Weise. Die Verbindung der Druckerh\u00f6hung, Wasserlieferung, Wassersprinkler, Bewegung und anderer Ger\u00e4te zu einem beweglichen Ganzen wird als Sprinklerbew\u00e4sserungsmaschine bezeichnet.<\/p>    <h2 class=\"wp-block-heading\">Arten von Sprinklersystemen<\/h2>    <p>Es gibt viele Arten von Sprinklerbew\u00e4sserungsmaschinen, und das Einheitstyp-Sprinklerbew\u00e4sserungssystem umfasst zwei Typen: festes Spr\u00fcheinheit und mobiles Spr\u00fcheinheit.<\/p>    <p>Die feste Spr\u00fcheinheit umfasst einen Handdrucksprinkler, einen traktorgezogenen Sprinkler, einen traktormontierten Sprinkler. <span style=\"color: #000000;\">ein rollender Sprinkler<\/span>, und einen Traktor-Doppelausleger-Sprinkler.<\/p>    <p>Die mobile Sprinklereinheit umfasst einen zentralen Pivot-Sprinkler, einen translationalen Sprinkler und einen Spulen-Sprinkler. Unter ihnen umfasst der Spulentyp zwei Typen: Drahtseil-Zugspulen-Sprinklerbew\u00e4sserungsmaschine und Schlauch-Zugspulen-Sprinklerbew\u00e4sserungsmaschine.<\/p>    <p class=\"translation-block\">JP-Serie <strong>Spulen-Sprinklerbew\u00e4sserungsmaschine<\/strong> ist eine Bew\u00e4sserungsmaschine, die das PE-Rohr auf der Spule aufwickelt, den Sprinklerdruck nutzt, um die Wasserturbine zum Rotieren zu bringen, die Spule \u00fcber das Getriebe mit variabler Geschwindigkeit zu drehen und den Sprinklerwagen automatisch zu bewegen und zu spr\u00fchen. Die JP-Serie Spulen-Sprinklerbew\u00e4sserungsmaschine kann nicht nur eine gro\u00dfe Fl\u00e4che von Ackerland bew\u00e4ssern, sondern auch das Wasservolumen entsprechend der Gr\u00f6\u00dfe des Spr\u00fchwassers steuern, um die unterschiedlichen Anforderungen an das Sprinklerbew\u00e4sserungswasservolumen zu erf\u00fcllen. Es ist die beste Wahl f\u00fcr die wassersparende Bew\u00e4sserung von Ackerland.<\/p>    <figure class=\"wp-block-image alignnone size-full wp-image-8700\"><img loading=\"lazy\" decoding=\"async\" width=\"720\" height=\"540\" src=\"https:\/\/www.agriculture-machine.com\/wp-content\/uploads\/2020\/09\/reel-irrigation-system.jpg\" alt=\"Spulenbew\u00e4sserungssystem\" class=\"wp-image-8700\" srcset=\"https:\/\/www.agriculture-machine.com\/wp-content\/uploads\/2020\/09\/reel-irrigation-system.jpg 720w, https:\/\/www.agriculture-machine.com\/wp-content\/uploads\/2020\/09\/reel-irrigation-system-360x270.jpg 360w, https:\/\/www.agriculture-machine.com\/wp-content\/uploads\/2020\/09\/reel-irrigation-system-240x180.jpg 240w\" sizes=\"auto, (max-width: 720px) 100vw, 720px\" \/><figcaption class=\"wp-element-caption\">Spulenbew\u00e4sserungssystem<\/figcaption><\/figure>    <p class=\"translation-block\">Neben den allgemeinen Funktionen eines Spulen-Sprinklers hat der <strong>horizontale Rahmen-Spulen-Sprinkler<\/strong> die folgenden einzigartigen Eigenschaften: niedriger Arbeitsdruck, energiesparend, mehrere D\u00fcsen, kleine Wassertropfen und hohe Gleichm\u00e4\u00dfigkeit der Wasserverteilung. Die Auswirkungen auf Kulturen und Boden sind gering, und er wird weniger von Wind beeinflusst. Er kann vor Ort installiert und demontiert werden.<\/p>    <figure class=\"wp-block-embed is-type-video is-provider-youtube wp-block-embed-youtube wp-embed-aspect-16-9 wp-has-aspect-ratio\"><div class=\"wp-block-embed__wrapper\"> <iframe loading=\"lazy\" title=\"horizontaler Rahmen-Spulen-Sprinkler\/Spulen-Sprinkler-Maschine\/Bew\u00e4sserungssystem\" width=\"500\" height=\"281\" src=\"https:\/\/www.youtube.com\/embed\/_rTfLXyjg-0?feature=oembed\" frameborder=\"0\" allow=\"accelerometer; autoplay; clipboard-write; encrypted-media; gyroscope; picture-in-picture; web-share\" referrerpolicy=\"strict-origin-when-cross-origin\" allowfullscreen><\/iframe> <\/div><\/figure>    <p class=\"translation-block\">Unter den oben genannten <strong>Sprinklerbew\u00e4sserungsmaschinen<\/strong> sind die Handdruck- und Handhebe-Typen kleine Einheiten. Aufgrund ihrer einfachen Struktur, geringen Gr\u00f6\u00dfe, flexibler Nutzung und niedrigen Preise sind sie das am weitesten verbreitete Modell im Bereich der Sprinklerbew\u00e4sserung in verschiedenen L\u00e4ndern. Mit der Entwicklung der intensiven landwirtschaftlichen Produktion wird gefordert, die Arbeitseffizienz zu verbessern, und verschiedene gro\u00dfe und mittelgro\u00dfe Sprinkler werden breite Anwendungsperspektiven haben.<\/p>    <h2 class=\"wp-block-heading\">Anwendung des Bew\u00e4sserungssystems<\/h2>    <p>Verschiedene Arten von Sprinklerbew\u00e4sserungsmaschinen k\u00f6nnen f\u00fcr die Bew\u00e4sserung von gro\u00dfen, mittleren und kleinen Kulturen, Gartenbew\u00e4sserung, (Rasenbew\u00e4sserung) st\u00e4dtisches Begr\u00fcnen, Obst und Gem\u00fcse, Teeanbau, Weideland, Tabak, Zuckerrohr sowie f\u00fcr Kraftwerke, Docks, Baustellen, Kohleminen, Staubverh\u00fctung in Kraftwerken und anderen Bereichen eingesetzt werden.<\/p>    <h2 class=\"wp-block-heading\">Let&#8217;s Know about the More Reel Sprinkler System<\/h2>    <p>Die Modelle der Spulen-Sprinklerbew\u00e4sserungsmaschine sind vollst\u00e4ndig, wir haben eine gro\u00dfe Spulen-Sprinklerbew\u00e4sserungsmaschine, eine mittlere Spulen-Sprinklerbew\u00e4sserungsmaschine, eine leichte Spulen-Sprinklerbew\u00e4sserungsmaschine, eine Mini-Spulen-Sprinklerbew\u00e4sserungsmaschine usw. Au\u00dferdem werden wir nach den Bed\u00fcrfnissen der Kunden anpassen.<\/p>    <figure class=\"wp-block-image alignnone size-full wp-image-7678\"><img loading=\"lazy\" decoding=\"async\" width=\"720\" height=\"540\" src=\"https:\/\/www.agriculture-machine.com\/wp-content\/uploads\/2020\/09\/All-Kinds-of-Sprinkler.jpg\" alt=\"Alle Arten von Sprinklern\" class=\"wp-image-7678\" srcset=\"https:\/\/www.agriculture-machine.com\/wp-content\/uploads\/2020\/09\/All-Kinds-of-Sprinkler.jpg 720w, https:\/\/www.agriculture-machine.com\/wp-content\/uploads\/2020\/09\/All-Kinds-of-Sprinkler-360x270.jpg 360w, https:\/\/www.agriculture-machine.com\/wp-content\/uploads\/2020\/09\/All-Kinds-of-Sprinkler-240x180.jpg 240w\" sizes=\"auto, (max-width: 720px) 100vw, 720px\" \/><figcaption class=\"wp-element-caption\">Alle Arten von Sprinklern<\/figcaption><\/figure>    <h3 class=\"wp-block-heading\">Antriebsmodus<\/h3>    <p>Wasserturbinenantrieb, hydraulischer Antrieb, elektrischer Antrieb, Antrieb durch Verbrennungsmotor.<\/p>    <figure class=\"wp-block-image alignnone size-full wp-image-7682\"><img loading=\"lazy\" decoding=\"async\" width=\"720\" height=\"540\" src=\"https:\/\/www.agriculture-machine.com\/wp-content\/uploads\/2020\/09\/Water-Turbine-and-Gearbox.jpg\" alt=\"Wasserturbine und Getriebe\" class=\"wp-image-7682\" srcset=\"https:\/\/www.agriculture-machine.com\/wp-content\/uploads\/2020\/09\/Water-Turbine-and-Gearbox.jpg 720w, https:\/\/www.agriculture-machine.com\/wp-content\/uploads\/2020\/09\/Water-Turbine-and-Gearbox-360x270.jpg 360w, https:\/\/www.agriculture-machine.com\/wp-content\/uploads\/2020\/09\/Water-Turbine-and-Gearbox-240x180.jpg 240w\" sizes=\"auto, (max-width: 720px) 100vw, 720px\" \/><figcaption class=\"wp-element-caption\">Wasserturbine und Getriebe<\/figcaption><\/figure>    <h3 class=\"wp-block-heading\">Spr\u00fchmethode<\/h3>    <p>Einzelpistolen-Spr\u00fchung, Doppelpistolen-Spr\u00fchung, Flammenspr\u00fchung.<\/p>    <figure class=\"wp-block-image alignnone size-full wp-image-7683\"><img loading=\"lazy\" decoding=\"async\" width=\"2560\" height=\"1920\" src=\"https:\/\/www.agriculture-machine.com\/wp-content\/uploads\/2020\/09\/gun-spray.png\" alt=\"Pistolen-Spr\u00fchung\" class=\"wp-image-7683\" srcset=\"https:\/\/www.agriculture-machine.com\/wp-content\/uploads\/2020\/09\/gun-spray.png 2560w, https:\/\/www.agriculture-machine.com\/wp-content\/uploads\/2020\/09\/gun-spray-360x270.png 360w, https:\/\/www.agriculture-machine.com\/wp-content\/uploads\/2020\/09\/gun-spray-720x540.png 720w, https:\/\/www.agriculture-machine.com\/wp-content\/uploads\/2020\/09\/gun-spray-240x180.png 240w, https:\/\/www.agriculture-machine.com\/wp-content\/uploads\/2020\/09\/gun-spray-768x576.png 768w, https:\/\/www.agriculture-machine.com\/wp-content\/uploads\/2020\/09\/gun-spray-1536x1152.png 1536w, https:\/\/www.agriculture-machine.com\/wp-content\/uploads\/2020\/09\/gun-spray-2048x1536.png 2048w\" sizes=\"auto, (max-width: 2560px) 100vw, 2560px\" \/><figcaption class=\"wp-element-caption\">Pistolen-Spr\u00fchung<\/figcaption><\/figure>    <h3 class=\"wp-block-heading\">Teilekonfiguration<\/h3>    <p class=\"translation-block\"><strong>Sprinklerrohr:<\/strong> Es verwendet umweltfreundliches und gesundes HDPE-Rohrmaterial und Polyethylenharzmaterial. Das Produkt hat eine gute Schwei\u00dfbarkeit und Widerstandsf\u00e4higkeit gegen Umwelteinfl\u00fcsse. Seine Leistung hat internationale Standards erreicht.<\/p>    <figure class=\"wp-block-image alignnone wp-image-7680 size-full\"><img loading=\"lazy\" decoding=\"async\" width=\"720\" height=\"540\" src=\"https:\/\/www.agriculture-machine.com\/wp-content\/uploads\/2020\/09\/Water-Pipe.jpg\" alt=\"Sprinklerrohr\" class=\"wp-image-7680\" srcset=\"https:\/\/www.agriculture-machine.com\/wp-content\/uploads\/2020\/09\/Water-Pipe.jpg 720w, https:\/\/www.agriculture-machine.com\/wp-content\/uploads\/2020\/09\/Water-Pipe-360x270.jpg 360w, https:\/\/www.agriculture-machine.com\/wp-content\/uploads\/2020\/09\/Water-Pipe-240x180.jpg 240w\" sizes=\"auto, (max-width: 720px) 100vw, 720px\" \/><figcaption class=\"wp-element-caption\">Sprinklerrohr<\/figcaption><\/figure>    <p class=\"translation-block\"><strong>Generatorensatz-Serie:<\/strong> Dieselgeneratoren bestehen aus Dieselmotoren und Generatoren. Zuverl\u00e4ssige Qualit\u00e4t, einfach zu bedienen und leicht zu warten. Es gibt bis zu 20 Arten von Generatoren, die sicherlich Ihren Bed\u00fcrfnissen entsprechen.<\/p>    <figure class=\"wp-block-image alignnone wp-image-7679 size-full\"><img loading=\"lazy\" decoding=\"async\" width=\"720\" height=\"540\" src=\"https:\/\/www.agriculture-machine.com\/wp-content\/uploads\/2020\/09\/diesel-engine.jpg\" alt=\"Generatorensatz-Serie\" class=\"wp-image-7679\" srcset=\"https:\/\/www.agriculture-machine.com\/wp-content\/uploads\/2020\/09\/diesel-engine.jpg 720w, https:\/\/www.agriculture-machine.com\/wp-content\/uploads\/2020\/09\/diesel-engine-360x270.jpg 360w, https:\/\/www.agriculture-machine.com\/wp-content\/uploads\/2020\/09\/diesel-engine-240x180.jpg 240w\" sizes=\"auto, (max-width: 720px) 100vw, 720px\" \/><figcaption class=\"wp-element-caption\">Generatorensatz-Serie<\/figcaption><\/figure>    <p class=\"translation-block\"><strong>Tauchpumpenserie:<\/strong> Die Tauchpumpe ist eine Art von Wasserhebetechnik, bei der ein vertikaler Motor und eine Wasserpumpe direkt verbunden sind. Sie ist beim Arbeiten vollst\u00e4ndig in Wasser eingetaucht, und ihr Arbeitsmodus ist kontinuierliches Arbeiten. Die Wasserpumpe hat eine kleine Gr\u00f6\u00dfe, ein geringes Gewicht, eine einfache und kompakte Struktur. Sie ist einfach zu installieren und zu verwenden und hat eine starke Anpassungsf\u00e4higkeit. Es ist ein energiesparendes, hocheffizientes und fortschrittlicheres Produkt mit fortschrittlichen Leistungsindikatoren. Wir k\u00f6nnen die Tauchpumpe auch nach dem Durchmesser Ihres Wasserabflusses f\u00fcr Sie anpassen.<\/p>    <figure class=\"wp-block-image alignnone size-full wp-image-7681\"><img loading=\"lazy\" decoding=\"async\" width=\"720\" height=\"540\" src=\"https:\/\/www.agriculture-machine.com\/wp-content\/uploads\/2020\/09\/submersible-pump.jpg\" alt=\"Tauchpumpe\" class=\"wp-image-7681\" srcset=\"https:\/\/www.agriculture-machine.com\/wp-content\/uploads\/2020\/09\/submersible-pump.jpg 720w, https:\/\/www.agriculture-machine.com\/wp-content\/uploads\/2020\/09\/submersible-pump-360x270.jpg 360w, https:\/\/www.agriculture-machine.com\/wp-content\/uploads\/2020\/09\/submersible-pump-240x180.jpg 240w\" sizes=\"auto, (max-width: 720px) 100vw, 720px\" \/><figcaption class=\"wp-element-caption\">Tauchpumpe<\/figcaption><\/figure>    <p class=\"translation-block\"><strong>Sprinklerventil<\/strong><\/p>    <figure class=\"wp-block-image alignnone size-full wp-image-7684\"><img loading=\"lazy\" decoding=\"async\" width=\"380\" height=\"380\" src=\"https:\/\/www.agriculture-machine.com\/wp-content\/uploads\/2020\/09\/sprinkler-valve.jpg\" alt=\"Sprinklerventil\" class=\"wp-image-7684\" srcset=\"https:\/\/www.agriculture-machine.com\/wp-content\/uploads\/2020\/09\/sprinkler-valve.jpg 380w, https:\/\/www.agriculture-machine.com\/wp-content\/uploads\/2020\/09\/sprinkler-valve-270x270.jpg 270w\" sizes=\"auto, (max-width: 380px) 100vw, 380px\" \/><figcaption class=\"wp-element-caption\">Sprinklerventil<\/figcaption><\/figure>    <h3 class=\"wp-block-heading\"><a href=\"https:\/\/www.agriculture-machine.com\/de\/reel-sprinkler-irrigation-makes-crops-grow-greener\/\">Was sind die Vorteile des Spulen-Sprinklers?<\/a><\/h3>    <p class=\"translation-block\"><strong>Wassersparen:<\/strong> Sprinklerbew\u00e4sserung kann die Menge des gespr\u00fchten Wassers und die Gleichm\u00e4\u00dfigkeit der Bew\u00e4sserung kontrollieren und Bodenabfluss sowie tiefe Leckverluste vermeiden.<\/p>    <p class=\"translation-block\"><strong>Ertragssteigerung:<\/strong> Die Sprinklerbew\u00e4sserung kann eine kleine Bew\u00e4sserungsquote f\u00fcr die flache Bew\u00e4sserung von Kulturen verwenden, was eine strenge Kontrolle der Bodenfeuchtigkeit zur Lockerung des Bodens erleichtert. Es entstehen viele L\u00fccken, und es gibt gute Bel\u00fcftungsbedingungen, die den N\u00e4hrstoffabbau f\u00f6rdern.<\/p>    <p class=\"translation-block\"><strong>Arbeitseinsparung:<\/strong> Die Sprinklerbew\u00e4sserung beseitigt die Wasserliefergr\u00e4ben im Feld und reduziert das Wachstum von Unkraut. Spart viel Arbeit bei der Anwendung von chemischen D\u00fcngemitteln und Pestiziden.<\/p>    <h3 class=\"wp-block-heading\"><a href=\"https:\/\/www.agriculture-machine.com\/de\/reel-sprinkler-irrigation-machine-and-mobile-sprinkler-irrigation\/\">Anwendung des Spulen-Sprinklers<\/a><\/h3>    <p>Die kleinen Spulen-Sprinkler sind geeignet f\u00fcr die Bew\u00e4sserung von Weideland, Ackerland, Parks, Sportpl\u00e4tzen, st\u00e4dtischen Rasenfl\u00e4chen und zur Staubentfernung in Fabriken und Minen sowie an Docks.<\/p>    <h4 class=\"wp-block-heading\">Unterst\u00fctzende Energie<\/h4>    <p>Die Energie kann eine Tauchpumpe, eine Zentrifugal-Elektropumpe oder eine Dieselwasserpumpeneinheit w\u00e4hlen.<\/p>    <h3 class=\"wp-block-heading\">Details zur Sprinklerbew\u00e4sserungsmaschine<\/h3>    <figure class=\"wp-block-image alignnone size-full wp-image-7706\"><img loading=\"lazy\" decoding=\"async\" width=\"720\" height=\"540\" src=\"https:\/\/www.agriculture-machine.com\/wp-content\/uploads\/2020\/09\/\u672a\u6807\u9898-1.jpg\" alt=\"Bew\u00e4sserungs- und Entw\u00e4sserungsmaschine\" class=\"wp-image-7706\" srcset=\"https:\/\/www.agriculture-machine.com\/wp-content\/uploads\/2020\/09\/\u672a\u6807\u9898-1.jpg 720w, https:\/\/www.agriculture-machine.com\/wp-content\/uploads\/2020\/09\/\u672a\u6807\u9898-1-360x270.jpg 360w, https:\/\/www.agriculture-machine.com\/wp-content\/uploads\/2020\/09\/\u672a\u6807\u9898-1-240x180.jpg 240w\" sizes=\"auto, (max-width: 720px) 100vw, 720px\" \/><figcaption class=\"wp-element-caption\">Bew\u00e4sserungs- und Entw\u00e4sserungsmaschine<\/figcaption><\/figure>    <ol class=\"wp-block-list\"> <li>Spule 2. Zahnplatte 3. PE-Rohr 4. Spulenantriebskette 5. Vorderst\u00fctze 6. Chassis 7. Drehst\u00fctzpositionierungsstift 8. Drehst\u00fctze 9. Reifenachse 10. Einlassrohr 13. Ausgleichsrahmen 15. Zugstange 19. Induktionsstange<\/li> <\/ol>    <h2 class=\"wp-block-heading\">Was ist der Unterschied zwischen Sprinklerbew\u00e4sserung und Tropfbew\u00e4sserung?<\/h2>    <p class=\"translation-block\"><strong>Sprinklerbew\u00e4sserung<\/strong> ist eine Bew\u00e4sserungsmethode, die eine Pumpe verwendet, um das Bew\u00e4sserungswasser durch einen Sprinkler in die Luft zu pressen. Dann wird es in feine Tropfen zerstreut. Schlie\u00dflich fallen sie gleichm\u00e4\u00dfig wie Regen, um den Mangel an Bodenfeuchtigkeit auszugleichen.<\/p>    <p>Die Sprinklerbew\u00e4sserung hat die Vorteile der Wassereinsparung, Arbeitseinsparung, Ertragssteigerung, starker Anpassungsf\u00e4higkeit an Gel\u00e4nde und Bodenqualit\u00e4t sowie der F\u00e4higkeit, Wasser und Boden zu erhalten. Sie wird weit verbreitet zur Bew\u00e4sserung von Kulturen wie Gem\u00fcse, Rasen und Weizen eingesetzt.<\/p>    <figure class=\"wp-block-image alignnone size-full wp-image-7709\"><img loading=\"lazy\" decoding=\"async\" width=\"720\" height=\"540\" src=\"https:\/\/www.agriculture-machine.com\/wp-content\/uploads\/2020\/09\/12.jpg\" alt=\"Sprinkler\" class=\"wp-image-7709\" srcset=\"https:\/\/www.agriculture-machine.com\/wp-content\/uploads\/2020\/09\/12.jpg 720w, https:\/\/www.agriculture-machine.com\/wp-content\/uploads\/2020\/09\/12-360x270.jpg 360w, https:\/\/www.agriculture-machine.com\/wp-content\/uploads\/2020\/09\/12-240x180.jpg 240w\" sizes=\"auto, (max-width: 720px) 100vw, 720px\" \/><figcaption class=\"wp-element-caption\">Sprinkler<\/figcaption><\/figure>    <p>Die Tropfbew\u00e4sserung ist die Verwendung von Kunststoffrohren, um Wasser zu den Wurzeln der Pflanzen f\u00fcr die lokale Bew\u00e4sserung zu leiten. Die Tropfbew\u00e4sserung wird h\u00e4ufig in Gew\u00e4chsh\u00e4usern und bei Feldfr\u00fcchten eingesetzt. Besonders geeignet f\u00fcr Gem\u00fcse, Obst, Blumen, Baumschulen, Landschaftsgestaltung und andere Kulturen. Die Tropfbew\u00e4sserung ist sehr geeignet f\u00fcr Gew\u00e4chsh\u00e4user in Gebieten, in denen Wasserressourcen und Arbeitskr\u00e4fte relativ knapp sind, f\u00fcr die Bew\u00e4sserung von Feldfr\u00fcchten, die gr\u00fcne Bew\u00e4sserung von Obstb\u00e4umen im Garten und andere Situationen.<\/p>    <figure class=\"wp-block-image alignnone size-full wp-image-7711\"><img loading=\"lazy\" decoding=\"async\" width=\"720\" height=\"540\" src=\"https:\/\/www.agriculture-machine.com\/wp-content\/uploads\/2020\/09\/24.jpg\" alt=\"Tropfbew\u00e4sserung\" class=\"wp-image-7711\" srcset=\"https:\/\/www.agriculture-machine.com\/wp-content\/uploads\/2020\/09\/24.jpg 720w, https:\/\/www.agriculture-machine.com\/wp-content\/uploads\/2020\/09\/24-360x270.jpg 360w, https:\/\/www.agriculture-machine.com\/wp-content\/uploads\/2020\/09\/24-240x180.jpg 240w\" sizes=\"auto, (max-width: 720px) 100vw, 720px\" \/><figcaption class=\"wp-element-caption\">Tropfbew\u00e4sserung<\/figcaption><\/figure>","protected":false},"excerpt":{"rendered":"<p>Sprinkler irrigation machine refers to the equipment used to spray irrigation water. The whole sprinkler system generally includes a water pump unit, pipeline, sprinkler, and walking frame. The sprinkler irrigation equipment sprays water with a certain pressure into the air through a special machine and equipment from the nozzle and then disperses into fine droplets, [&hellip;]<\/p>\n","protected":false},"author":1,"featured_media":7717,"parent":0,"comment_status":"closed","ping_status":"closed","template":"","tags":[811],"product-type":[880],"class_list":["post-7676","product","type-product","status-publish","has-post-thumbnail","hentry","tag-irrigator","product-type-irrigation-system"],"_links":{"self":[{"href":"https:\/\/www.agriculture-machine.com\/de\/wp-json\/wp\/v2\/product\/7676","targetHints":{"allow":["GET"]}}],"collection":[{"href":"https:\/\/www.agriculture-machine.com\/de\/wp-json\/wp\/v2\/product"}],"about":[{"href":"https:\/\/www.agriculture-machine.com\/de\/wp-json\/wp\/v2\/types\/product"}],"author":[{"embeddable":true,"href":"https:\/\/www.agriculture-machine.com\/de\/wp-json\/wp\/v2\/users\/1"}],"replies":[{"embeddable":true,"href":"https:\/\/www.agriculture-machine.com\/de\/wp-json\/wp\/v2\/comments?post=7676"}],"wp:featuredmedia":[{"embeddable":true,"href":"https:\/\/www.agriculture-machine.com\/de\/wp-json\/wp\/v2\/media\/7717"}],"wp:attachment":[{"href":"https:\/\/www.agriculture-machine.com\/de\/wp-json\/wp\/v2\/media?parent=7676"}],"wp:term":[{"taxonomy":"post_tag","embeddable":true,"href":"https:\/\/www.agriculture-machine.com\/de\/wp-json\/wp\/v2\/tags?post=7676"},{"taxonomy":"product-type","embeddable":true,"href":"https:\/\/www.agriculture-machine.com\/de\/wp-json\/wp\/v2\/product-type?post=7676"}],"curies":[{"name":"wp","href":"https:\/\/api.w.org\/{rel}","templated":true}]}}