{"id":7979,"date":"2020-11-06T11:28:21","date_gmt":"2020-11-06T03:28:21","guid":{"rendered":"https:\/\/www.agriculture-machine.com\/?p=7979"},"modified":"2025-05-14T17:45:16","modified_gmt":"2025-05-14T09:45:16","slug":"sesame-seed-peeling-machine","status":"publish","type":"product","link":"https:\/\/www.agriculture-machine.com\/de\/sesame-seed-peeling-machine\/","title":{"rendered":"Sesamsamen-Sch\u00e4lmaschine\u4e28Automatischer Schwarzer Sesam-Entferner"},"content":{"rendered":"<p>Die Sesamsamen-Pelletiermaschine ist eine Hochleistungsausr\u00fcstung, die Einweichen, R\u00fchren, Sch\u00e4len und Trennen integriert und in der Lebensmittelverarbeitung, wie bei schwarzem Sesam, wei\u00dfem Sesam usw., weit verbreitet ist. <\/p>    <p>Mit kompaktem Design und bequemer Bedienung kann diese Ausr\u00fcstung sicherstellen, dass die Farbe der Sesamsamen wei\u00df ist und die Integrit\u00e4tsrate \u00fcber 95% liegt. Es kann eine Sch\u00e4lrate von 80%-85% erreicht werden, was die ideale Sesamverarbeitungsanlage f\u00fcr Lebensmittelverarbeitungsbetriebe, Frittierfabriken usw. ist.<\/p>    <figure class=\"wp-block-embed aligncenter is-type-video is-provider-youtube wp-block-embed-youtube wp-embed-aspect-16-9 wp-has-aspect-ratio\"><div class=\"wp-block-embed__wrapper\"> <iframe loading=\"lazy\" title=\"Automatisierte Sesam-Wasch- und Pelletiermaschine, einfache Bedienung!#Sesam\" width=\"500\" height=\"281\" src=\"https:\/\/www.youtube.com\/embed\/-b8T08_WaI8?feature=oembed\" frameborder=\"0\" allow=\"accelerometer; autoplay; clipboard-write; encrypted-media; gyroscope; picture-in-picture; web-share\" referrerpolicy=\"strict-origin-when-cross-origin\" allowfullscreen><\/iframe> <\/div><figcaption class=\"wp-element-caption\">Sesamsamen-Pelletierungsvideo<\/figcaption><\/figure>    <h2 class=\"wp-block-heading\">H\u00f6hepunkte der Sesam-Pelletiermaschine<\/h2>    <ul class=\"wp-block-list\"> <li>Vertikales Zylinderdesign, interne Verbundschichtstruktur (Sch\u00e4lbeh\u00e4lter   Reinigungsbeh\u00e4lter), beansprucht nur ein Drittel der Fl\u00e4che herk\u00f6mmlicher Ger\u00e4te.<\/li>    <li>Der Verbundr\u00fchrer sorgt durch axiale Antrieb   radiale Streuung   Ringdrehung daf\u00fcr, dass der Sesam beim Sch\u00e4len gleichm\u00e4\u00dfig belastet wird, keine toten Stellen verbleiben, und die Sch\u00e4lrate stabil bei 80% oder mehr liegt.<\/li>    <li>Integrierte PLC-Steuerungspanel, einstellbare Einweichzeit (10-30 Min), Wasserflussintensit\u00e4t und andere Parameter.<\/li>    <li>Der fertige Sesamkern ist wei\u00df und hell, geeignet f\u00fcr Sesampaste, Sesam\u00f6l, Backzutaten und andere hochwertige Produktlinien.<\/li>    <li>Ausgestattet mit Zirkulationswasserfiltrationssystem und Unterdruck-Staubabsaugvorrichtung, Wasserverbrauch um 60% reduziert, Staubemission \u2264 10mg\/m\u00b3.<\/li> <\/ul>    <figure class=\"wp-block-gallery has-nested-images columns-default is-cropped wp-block-gallery-2 is-layout-flex wp-block-gallery-is-layout-flex\"> <figure class=\"wp-block-image size-large\"><img loading=\"lazy\" decoding=\"async\" width=\"720\" height=\"540\" data-id=\"12942\" src=\"https:\/\/www.agriculture-machine.com\/wp-content\/uploads\/2022\/04\/seame-washing-and-peeling-machine-1.jpg\" alt=\"Sesam-Wasch- und Pelletiermaschine \" class=\"wp-image-12942\" title=\"Sesam-Wasch- und Pelletiermaschine \" srcset=\"https:\/\/www.agriculture-machine.com\/wp-content\/uploads\/2022\/04\/seame-washing-and-peeling-machine-1.jpg 720w, https:\/\/www.agriculture-machine.com\/wp-content\/uploads\/2022\/04\/seame-washing-and-peeling-machine-1-360x270.jpg 360w, https:\/\/www.agriculture-machine.com\/wp-content\/uploads\/2022\/04\/seame-washing-and-peeling-machine-1-240x180.jpg 240w\" sizes=\"auto, (max-width: 720px) 100vw, 720px\" \/><figcaption class=\"wp-element-caption\">Sesam-Wasch- und Pelletiermaschine <\/figcaption><\/figure>    <figure class=\"wp-block-image size-large\"><img loading=\"lazy\" decoding=\"async\" width=\"720\" height=\"540\" data-id=\"12943\" src=\"https:\/\/www.agriculture-machine.com\/wp-content\/uploads\/2022\/04\/sesame-dehuller0.jpg\" alt=\"Sesam-Entsch\u00e4lmaschine\" class=\"wp-image-12943\" title=\"Sesam-Entsch\u00e4lmaschine\" srcset=\"https:\/\/www.agriculture-machine.com\/wp-content\/uploads\/2022\/04\/sesame-dehuller0.jpg 720w, https:\/\/www.agriculture-machine.com\/wp-content\/uploads\/2022\/04\/sesame-dehuller0-360x270.jpg 360w, https:\/\/www.agriculture-machine.com\/wp-content\/uploads\/2022\/04\/sesame-dehuller0-240x180.jpg 240w\" sizes=\"auto, (max-width: 720px) 100vw, 720px\" \/><figcaption class=\"wp-element-caption\">Sesam-Entsch\u00e4lmaschine<\/figcaption><\/figure> <\/figure>    <h2 class=\"wp-block-heading\" id=\"h-what-is-the-working-principle-of-black-sesame-dehuller\">Struktur und Prinzip des schwarzen Sesam-Entsch\u00e4lers<\/h2>    <ul class=\"wp-block-list\"> <li>Reduzierer: treibt den Verbundr\u00fchrer an, sich zu drehen.<\/li>    <li>Doppelr\u00fchrbeh\u00e4lter: vollst\u00e4ndiger Prozess des Einweichens, R\u00fchrens und Sch\u00e4lens von Sesamsamen.<\/li>    <li>Verbundr\u00fchrer: erzeugt axialen, radialen und kreisf\u00f6rmigen Drehung, verbessert die Sch\u00e4l-Effizienz.<\/li>    <li>Trennsiebplatte: zur Realisierung der Trennung von Sesamschale und Samenkern.<\/li>    <li>Ein- und Auslass: zur Erleichterung des Kreislaufs und der Entladung von Sesam, Schale und Wasser.<\/li>    <li>Wasserf\u00fcllleitungssystem: zur Steuerung der Wassermenge im Einweich- und Reinigungsprozess.<\/li> <\/ul>    <figure class=\"wp-block-gallery has-nested-images columns-2 is-cropped wp-block-gallery-3 is-layout-flex wp-block-gallery-is-layout-flex\"> <figure class=\"wp-block-image size-large\"><img loading=\"lazy\" decoding=\"async\" width=\"720\" height=\"540\" data-id=\"12947\" src=\"https:\/\/www.agriculture-machine.com\/wp-content\/uploads\/2022\/04\/seame-washing-and-peeling-machine1-2.jpg\" alt=\"Sesam-Wasch- und Pelletiermaschine \" class=\"wp-image-12947\" title=\"Sesam-Wasch- und Pelletiermaschine \" srcset=\"https:\/\/www.agriculture-machine.com\/wp-content\/uploads\/2022\/04\/seame-washing-and-peeling-machine1-2.jpg 720w, https:\/\/www.agriculture-machine.com\/wp-content\/uploads\/2022\/04\/seame-washing-and-peeling-machine1-2-360x270.jpg 360w, https:\/\/www.agriculture-machine.com\/wp-content\/uploads\/2022\/04\/seame-washing-and-peeling-machine1-2-240x180.jpg 240w\" sizes=\"auto, (max-width: 720px) 100vw, 720px\" \/><figcaption class=\"wp-element-caption\">Sesam-Wasch- und Pelletiermaschine<\/figcaption><\/figure>    <figure class=\"wp-block-image size-large\"><img loading=\"lazy\" decoding=\"async\" width=\"720\" height=\"540\" data-id=\"12948\" src=\"https:\/\/www.agriculture-machine.com\/wp-content\/uploads\/2022\/04\/sesame-hulling-machine0.jpg\" alt=\"Sesam-Entsch\u00e4lmaschine\" class=\"wp-image-12948\" title=\"Sesam-Entsch\u00e4lmaschine\" srcset=\"https:\/\/www.agriculture-machine.com\/wp-content\/uploads\/2022\/04\/sesame-hulling-machine0.jpg 720w, https:\/\/www.agriculture-machine.com\/wp-content\/uploads\/2022\/04\/sesame-hulling-machine0-360x270.jpg 360w, https:\/\/www.agriculture-machine.com\/wp-content\/uploads\/2022\/04\/sesame-hulling-machine0-240x180.jpg 240w\" sizes=\"auto, (max-width: 720px) 100vw, 720px\" \/><figcaption class=\"wp-element-caption\">Sesam-Entsch\u00e4lmaschine<\/figcaption><\/figure>    <figure class=\"wp-block-image size-large\"><img loading=\"lazy\" decoding=\"async\" width=\"720\" height=\"540\" data-id=\"12949\" src=\"https:\/\/www.agriculture-machine.com\/wp-content\/uploads\/2022\/04\/automatic-sesame-peeling-machine1.jpg\" alt=\"Automatische Sesam-Pelletiermaschine\" class=\"wp-image-12949\" title=\"Automatische Sesam-Pelletiermaschine\" srcset=\"https:\/\/www.agriculture-machine.com\/wp-content\/uploads\/2022\/04\/automatic-sesame-peeling-machine1.jpg 720w, https:\/\/www.agriculture-machine.com\/wp-content\/uploads\/2022\/04\/automatic-sesame-peeling-machine1-360x270.jpg 360w, https:\/\/www.agriculture-machine.com\/wp-content\/uploads\/2022\/04\/automatic-sesame-peeling-machine1-240x180.jpg 240w\" sizes=\"auto, (max-width: 720px) 100vw, 720px\" \/><figcaption class=\"wp-element-caption\">Automatische Sesam-Pelletiermaschine<\/figcaption><\/figure>    <figure class=\"wp-block-image size-large\"><img loading=\"lazy\" decoding=\"async\" width=\"720\" height=\"540\" data-id=\"12950\" src=\"https:\/\/www.agriculture-machine.com\/wp-content\/uploads\/2022\/04\/sesame-cleaning-and-peeling-machine1.jpg\" alt=\"Sesam-Reinigungs- und Pelletiermaschine\" class=\"wp-image-12950\" title=\"Sesam-Reinigungs- und Pelletiermaschine\" srcset=\"https:\/\/www.agriculture-machine.com\/wp-content\/uploads\/2022\/04\/sesame-cleaning-and-peeling-machine1.jpg 720w, https:\/\/www.agriculture-machine.com\/wp-content\/uploads\/2022\/04\/sesame-cleaning-and-peeling-machine1-360x270.jpg 360w, https:\/\/www.agriculture-machine.com\/wp-content\/uploads\/2022\/04\/sesame-cleaning-and-peeling-machine1-240x180.jpg 240w\" sizes=\"auto, (max-width: 720px) 100vw, 720px\" \/><figcaption class=\"wp-element-caption\">Sesam-Reinigungs- und Pelletiermaschine<\/figcaption><\/figure> <figcaption class=\"blocks-gallery-caption wp-element-caption\">black sesame dehuller&#8217;s working principle<\/figcaption><\/figure>    <h2 class=\"wp-block-heading\" id=\"h-working-steps-of-sesame-peeler-machine\">Arbeitsg\u00e4nge der Sesam-Pelletiermaschine<\/h2>    <ol class=\"wp-block-list\"> <li>Einweichvorbehandlung: Sesamsamen in alkalischem Wasser (oder hei\u00dfem Wasser) f\u00fcr 10-13 Minuten einweichen.<\/li>    <li>Stirnsch\u00e4len: Die eingeweichten Sesamsamen in den Sch\u00e4lbeh\u00e4lter geben, den R\u00fchrer f\u00fcr 3-5 Minuten bei Hochgeschwindigkeit starten.<\/li>    <li>Trennen der Haut vom Kern: Verwendung der Trennsiebplatte, um den Samenkern zu behalten und die gesch\u00e4lten Sesamsamen zu entfernen.<\/li>    <li>In die Waschtrommel: Sesamsamen gelangen durch das Ventil in die Waschtrommel, f\u00fcgen etwa 1\/3 Wasser hinzu (Sesamsamen: Wasser = 3:1), r\u00fchren 5-10 Minuten.<\/li>    <li>Reinigung und Abl\u00f6sung der Schale: \u00d6ffnen Sie das untere Ablassventil, lassen Sie die Schale ab, w\u00e4hrend Sie Wasser zuf\u00fchren, um sicherzustellen, dass der Sesamkern sauber ist.<\/li>    <li>Entladungssammlung: \u00d6ffnen Sie das Entladungsventil nach dem Abtropfen, sammeln Sie den verarbeiteten Sesamkern.<\/li> <\/ol>    <figure class=\"wp-block-embed aligncenter is-type-video is-provider-youtube wp-block-embed-youtube wp-embed-aspect-16-9 wp-has-aspect-ratio\"><div class=\"wp-block-embed__wrapper\"> <iframe loading=\"lazy\" title=\"Schwarze Sesamsch\u00e4lmaschine\/Sesamreinigungsmaschine\/Sesamsamen-Reinigungsprozess\/Sesamsch\u00e4ler\" width=\"500\" height=\"281\" src=\"https:\/\/www.youtube.com\/embed\/nry_H53-UTE?feature=oembed\" frameborder=\"0\" allow=\"accelerometer; autoplay; clipboard-write; encrypted-media; gyroscope; picture-in-picture; web-share\" referrerpolicy=\"strict-origin-when-cross-origin\" allowfullscreen><\/iframe> <\/div><figcaption class=\"wp-element-caption\">Arbeitsvideo einer Sesamsamen-Pelletiermaschine<\/figcaption><\/figure>    <p>Sesamsamen m\u00fcssen beim Mahlen zu So\u00dfe und \u00d6lpressen nicht gesch\u00e4lt werden, und bei Verwendung in der Lebensmittelindustrie sollte gesch\u00e4lt werden.<\/p>    <h2 class=\"wp-block-heading\">Technische Parameter der Sesam-Sch\u00e4lmaschine<\/h2>    <figure class=\"wp-block-table is-style-stripes\"><table class=\"has-fixed-layout\"><tbody><tr><td>Maschinenname<\/td><td>Sesam-Entsch\u00e4lmaschine<\/td><\/tr><tr><td>Leistung<\/td><td>Entsch\u00e4lmotor 2,2 kW,<br>Trennmotor 1,5 kW<\/td><\/tr><tr><td>Kapazit\u00e4t<\/td><td>400-500kg\/h<br>30-50kg\/Fass<\/td><\/tr><tr><td>Entsch\u00e4lungsrate<\/td><td>80%-85%<\/td><\/tr><tr><td>Gewicht<\/td><td>500kg<\/td><\/tr><tr><td>Gr\u00f6\u00dfe<\/td><td>1400*700*2000mm<\/td><\/tr><tr><td>Maschinenmaterial<\/td><td>Aus Edelstahl gefertigt<\/td><\/tr><\/tbody><\/table><figcaption class=\"wp-element-caption\">Detaillierte Parameterinformationen der Sesam-Sch\u00e4lmaschine<\/figcaption><\/figure>    <h2 class=\"wp-block-heading\" id=\"h-the-purpose-of-peeling-sesame\"><a href=\"https:\/\/www.agriculture-machine.com\/de\/why-sesame-seeds-need-to-peel\/\">Zweck des Sch\u00e4len von Sesam<\/a><\/h2>    <p>Sesam wird in der allgemeinen \u00d6lproduktion m\u00f6glicherweise nicht gesch\u00e4lt, aber wenn er direkt konsumiert oder f\u00fcr die Weiterverarbeitung verwendet wird, ist das Sch\u00e4len besonders wichtig. Die Gr\u00fcnde sind wie folgt:<\/p>    <ul class=\"wp-block-list\"> <li>Die \u00e4u\u00dfere Schale der Sesamsamen enth\u00e4lt viel Ballaststoffe und Oxalate (etwa 2%-3% Calciumoxalat-Komplex), die vom K\u00f6rper nicht leicht aufgenommen werden.<\/li>    <li>Gesch\u00e4lter Sesam ist leichter verdaulich und vom K\u00f6rper besser aufnehmbar, mit h\u00f6herer Nutzung von Protein und Mineralstoffen.<\/li>    <li>Gesch\u00e4lter Sesam ist wei\u00df, fein in der Textur, besser im Geschmack und besser geeignet f\u00fcr Sesamsauce, Sesampaste, Geb\u00e4ck und andere Lebensmittel.<\/li> <\/ul>    <h2 class=\"wp-block-heading\" id=\"h-the-wide-application-of-peeled-sesame\"><a href=\"https:\/\/www.agriculture-machine.com\/de\/sesame-seeds-peeling-machine-are-widely-used-in-food-processing\/\">Breite Anwendung des gesch\u00e4lten Sesams<\/a><\/h2>    <p>Gesch\u00e4lter Sesam hat eine breite Anwendung, haupts\u00e4chlich in der Lebensmittel- und Gastronomiebranche. Zum Beispiel Brot, Burger, Kekse, Shaqima, Tahini, Sesam\u00f6l, Mehlkuchen usw.<\/p>    <figure class=\"wp-block-image aligncenter size-full wp-image-7981\"><img loading=\"lazy\" decoding=\"async\" width=\"720\" height=\"540\" src=\"https:\/\/www.agriculture-machine.com\/wp-content\/uploads\/2020\/11\/The-Application-of-peeled-sesame.jpg\" alt=\"Anwendung des gesch\u00e4lten Sesams\" class=\"wp-image-7981\" srcset=\"https:\/\/www.agriculture-machine.com\/wp-content\/uploads\/2020\/11\/The-Application-of-peeled-sesame.jpg 720w, https:\/\/www.agriculture-machine.com\/wp-content\/uploads\/2020\/11\/The-Application-of-peeled-sesame-360x270.jpg 360w, https:\/\/www.agriculture-machine.com\/wp-content\/uploads\/2020\/11\/The-Application-of-peeled-sesame-240x180.jpg 240w\" sizes=\"auto, (max-width: 720px) 100vw, 720px\" \/><figcaption class=\"wp-element-caption\">Anwendung des gesch\u00e4lten Sesams<\/figcaption><\/figure>    <h2 class=\"wp-block-heading\" id=\"h-installation-and-maintenance-of-the-sesame-seed-peeling-machine\">Installation und Wartung der Sesam-Entsch\u00e4lmaschine<\/h2>    <p class=\"translation-block\"><strong>Installationsanforderungen:<\/strong><\/p>    <ul class=\"wp-block-list\"> <li>F\u00fcr die Erstinstallation sollte die Sesam-Entsch\u00e4lmaschine in der N\u00e4he einer Wasserquelle, einer Stromquelle und guter Entw\u00e4sserungseinrichtungen stehen.<\/li>    <li>Schlie\u00dfen Sie das Inlet- und Outlet-Rohr an die Wasserquelle an. Falls der Wasserdruck nicht ausreicht, muss eine Druckerh\u00f6hungspumpe installiert werden.<\/li>    <li>Nach dem Anschlie\u00dfen an die Stromversorgung pr\u00fcfen, ob die Ausr\u00fcstung normal funktioniert.<\/li> <\/ul>    <p class=\"translation-block\"><strong>T\u00e4gliche Wartung:<\/strong><\/p>    <ul class=\"wp-block-list\"> <li>Reinigen Sie nach jedem Gebrauch die R\u00fcckst\u00e4nde der Sesam-Pelletiermaschine und halten Sie das Geh\u00e4use sauber.<\/li>    <li>Reinigen Sie die Oberfl\u00e4che des Trennsiebs mit Wasser, bei Blockaden verwenden Sie einen Hochdruckwasserstrahl.<\/li>    <li>Der Geschwindigkeitsregler muss regelm\u00e4\u00dfig mit Schmier\u00f6l gewechselt werden, um einen reibungslosen Betrieb zu gew\u00e4hrleisten.<\/li>    <li>Regelm\u00e4\u00dfig pr\u00fcfen, ob die Teile abgenutzt sind, und die Verbrauchsmaterialien (wie Messer, Siebgewebe usw.) rechtzeitig austauschen.<\/li> <\/ul>    <figure class=\"wp-block-gallery has-nested-images columns-default is-cropped wp-block-gallery-4 is-layout-flex wp-block-gallery-is-layout-flex\"> <figure class=\"wp-block-image size-large\"><img loading=\"lazy\" decoding=\"async\" width=\"720\" height=\"540\" data-id=\"16411\" src=\"https:\/\/www.agriculture-machine.com\/wp-content\/uploads\/2020\/11\/sesame-seed-washer-and-peeler.webp\" alt=\"Sesam-Wasch- und Sch\u00e4lmaschine\" class=\"wp-image-16411\" srcset=\"https:\/\/www.agriculture-machine.com\/wp-content\/uploads\/2020\/11\/sesame-seed-washer-and-peeler.webp 720w, https:\/\/www.agriculture-machine.com\/wp-content\/uploads\/2020\/11\/sesame-seed-washer-and-peeler-360x270.webp 360w, https:\/\/www.agriculture-machine.com\/wp-content\/uploads\/2020\/11\/sesame-seed-washer-and-peeler-240x180.webp 240w, https:\/\/www.agriculture-machine.com\/wp-content\/uploads\/2020\/11\/sesame-seed-washer-and-peeler-16x12.webp 16w\" sizes=\"auto, (max-width: 720px) 100vw, 720px\" \/><figcaption class=\"wp-element-caption\">Sesam-Wasch- und Sch\u00e4lmaschine<\/figcaption><\/figure>    <figure class=\"wp-block-image size-full\"><img loading=\"lazy\" decoding=\"async\" width=\"720\" height=\"540\" data-id=\"16412\" src=\"https:\/\/www.agriculture-machine.com\/wp-content\/uploads\/2020\/11\/sesame-washing-and-peeling-machine.webp\" alt=\"Sesam-Wasch- und Pelletiermaschine\" class=\"wp-image-16412\" srcset=\"https:\/\/www.agriculture-machine.com\/wp-content\/uploads\/2020\/11\/sesame-washing-and-peeling-machine.webp 720w, https:\/\/www.agriculture-machine.com\/wp-content\/uploads\/2020\/11\/sesame-washing-and-peeling-machine-360x270.webp 360w, https:\/\/www.agriculture-machine.com\/wp-content\/uploads\/2020\/11\/sesame-washing-and-peeling-machine-240x180.webp 240w, https:\/\/www.agriculture-machine.com\/wp-content\/uploads\/2020\/11\/sesame-washing-and-peeling-machine-16x12.webp 16w\" sizes=\"auto, (max-width: 720px) 100vw, 720px\" \/><figcaption class=\"wp-element-caption\">Sesam-Wasch- und Pelletiermaschine<\/figcaption><\/figure> <\/figure>    <h2 class=\"wp-block-heading\" id=\"h-other-applications-of-sesame-cleaning-and-peeling-machine\">Weitere Anwendungen der Sesam-Reinigungs- und Pelletiermaschine<\/h2>    <p>Eine Sesamsch\u00e4lmaschine kann auch zum Sch\u00e4len von K\u00fcrbiskernen verwendet werden. Das Prinzip des K\u00fcrbissch\u00e4lens ist dasselbe wie beim Sesamsch\u00e4len, es wird die gleiche Maschine verwendet. <\/p>    <p>It&#8217;s just that different people will call different names. Some people will specifically call him a pumpkin seeds dehulling machine. So let&#8217;s take a look at how the pumpkin is peeled, and the effect of peeling.<\/p>    <figure class=\"wp-block-embed aligncenter is-type-video is-provider-youtube wp-block-embed-youtube wp-embed-aspect-16-9 wp-has-aspect-ratio\"><div class=\"wp-block-embed__wrapper\"> <iframe loading=\"lazy\" title=\"Sch\u00e4len von K\u00fcrbiskernen\/K\u00fcrbiskern-Entsch\u00e4lmaschine\/Wie man K\u00fcrbiskerne sch\u00e4lt.\" width=\"500\" height=\"281\" src=\"https:\/\/www.youtube.com\/embed\/0y8TtwI3woc?feature=oembed\" frameborder=\"0\" allow=\"accelerometer; autoplay; clipboard-write; encrypted-media; gyroscope; picture-in-picture; web-share\" referrerpolicy=\"strict-origin-when-cross-origin\" allowfullscreen><\/iframe> <\/div><\/figure>    <h2 class=\"wp-block-heading\">Sesamsch\u00e4lmaschine nach Tansania verkauft<\/h2>    <p>Einer unserer Kunden kommt aus Tansania. Er betreibt eine Sesamverarbeitungsanlage, die gesch\u00e4lten Sesam an verschiedene Lebensmittelverarbeiter verkauft.<\/p>    <p>Je nach Kapazit\u00e4tsbedarf empfehlen wir, 5 Sets der Sesamsch\u00e4lmaschine gleichzeitig zu betreiben. Unten sind die Verpackungs- und Versandbilder.<\/p>    <figure class=\"wp-block-gallery has-nested-images columns-2 is-cropped wp-block-gallery-5 is-layout-flex wp-block-gallery-is-layout-flex\"> <figure class=\"wp-block-image size-large\"><img loading=\"lazy\" decoding=\"async\" width=\"720\" height=\"540\" data-id=\"12961\" src=\"https:\/\/www.agriculture-machine.com\/wp-content\/uploads\/2022\/04\/high-quality-sesame-peeling-machine0.jpg\" alt=\"Hochwertige Sesam-Pelletiermaschine\" class=\"wp-image-12961\" title=\"Hochwertige Sesam-Pelletiermaschine\" srcset=\"https:\/\/www.agriculture-machine.com\/wp-content\/uploads\/2022\/04\/high-quality-sesame-peeling-machine0.jpg 720w, https:\/\/www.agriculture-machine.com\/wp-content\/uploads\/2022\/04\/high-quality-sesame-peeling-machine0-360x270.jpg 360w, https:\/\/www.agriculture-machine.com\/wp-content\/uploads\/2022\/04\/high-quality-sesame-peeling-machine0-240x180.jpg 240w\" sizes=\"auto, (max-width: 720px) 100vw, 720px\" \/><figcaption class=\"wp-element-caption\">Hochwertige Sesam-Pelletiermaschine<\/figcaption><\/figure>    <figure class=\"wp-block-image size-large\"><img loading=\"lazy\" decoding=\"async\" width=\"720\" height=\"540\" data-id=\"12962\" src=\"https:\/\/www.agriculture-machine.com\/wp-content\/uploads\/2022\/04\/packing-of-the-sesame-peeling-machine0.jpg\" alt=\"Verpackung der Sesam-Pelletiermaschine\" class=\"wp-image-12962\" title=\"Verpackung der Sesam-Pelletiermaschine\" srcset=\"https:\/\/www.agriculture-machine.com\/wp-content\/uploads\/2022\/04\/packing-of-the-sesame-peeling-machine0.jpg 720w, https:\/\/www.agriculture-machine.com\/wp-content\/uploads\/2022\/04\/packing-of-the-sesame-peeling-machine0-360x270.jpg 360w, https:\/\/www.agriculture-machine.com\/wp-content\/uploads\/2022\/04\/packing-of-the-sesame-peeling-machine0-240x180.jpg 240w\" sizes=\"auto, (max-width: 720px) 100vw, 720px\" \/><figcaption class=\"wp-element-caption\">Verpackung der Sesam-Pelletiermaschine<\/figcaption><\/figure>    <figure class=\"wp-block-image size-large\"><img loading=\"lazy\" decoding=\"async\" width=\"720\" height=\"540\" data-id=\"12963\" src=\"https:\/\/www.agriculture-machine.com\/wp-content\/uploads\/2022\/04\/wooden-case-packing-of-sesame-peeler1.jpg\" alt=\"Holzrahmenverpackung des Sesamsch\u00e4lers\" class=\"wp-image-12963\" title=\"Holzrahmenverpackung des Sesamsch\u00e4lers\" srcset=\"https:\/\/www.agriculture-machine.com\/wp-content\/uploads\/2022\/04\/wooden-case-packing-of-sesame-peeler1.jpg 720w, https:\/\/www.agriculture-machine.com\/wp-content\/uploads\/2022\/04\/wooden-case-packing-of-sesame-peeler1-360x270.jpg 360w, https:\/\/www.agriculture-machine.com\/wp-content\/uploads\/2022\/04\/wooden-case-packing-of-sesame-peeler1-240x180.jpg 240w\" sizes=\"auto, (max-width: 720px) 100vw, 720px\" \/><figcaption class=\"wp-element-caption\">Holzrahmenverpackung des Sesamsch\u00e4lers<\/figcaption><\/figure>    <figure class=\"wp-block-image size-large\"><img loading=\"lazy\" decoding=\"async\" width=\"720\" height=\"540\" data-id=\"12965\" src=\"https:\/\/www.agriculture-machine.com\/wp-content\/uploads\/2022\/04\/shipping-of-sesame-seed-washing-peeling-machine-tuya_720_540.jpg\" alt=\"Versand der Sesamsamen-Wasch- und Pelletiermaschine \" class=\"wp-image-12965\" title=\"Versand der Sesamsamen-Wasch- und Pelletiermaschine \" srcset=\"https:\/\/www.agriculture-machine.com\/wp-content\/uploads\/2022\/04\/shipping-of-sesame-seed-washing-peeling-machine-tuya_720_540.jpg 720w, https:\/\/www.agriculture-machine.com\/wp-content\/uploads\/2022\/04\/shipping-of-sesame-seed-washing-peeling-machine-tuya_720_540-360x270.jpg 360w, https:\/\/www.agriculture-machine.com\/wp-content\/uploads\/2022\/04\/shipping-of-sesame-seed-washing-peeling-machine-tuya_720_540-240x180.jpg 240w\" sizes=\"auto, (max-width: 720px) 100vw, 720px\" \/><figcaption class=\"wp-element-caption\">Versand der Sesamsamen-Wasch- und Pelletiermaschine<\/figcaption><\/figure> <\/figure>    <p>Wenn Sie Fragen oder Bed\u00fcrfnisse bez\u00fcglich dieser Sesamsamen-Pelletiermaschine haben, kontaktieren Sie uns bitte. Wir versprechen, schnell zu antworten und alle Ihre Fragen geduldig zu beantworten, und sind bestrebt, Ihnen professionelle Unterst\u00fctzung und Service zu bieten. Wir freuen uns auf die Zusammenarbeit mit Ihnen!<\/p>","protected":false},"excerpt":{"rendered":"<p>Die Sesamsamen-Wasch- und Sch\u00e4ummaschine ist ein professionelles Ger\u00e4t im Sesamsch\u00e4lprozess. Und ihr Hauptzweck ist es, einzuweichen, zu sch\u00e4len und die Schale vom Kern zu trennen. <\/p>","protected":false},"author":1,"featured_media":12934,"parent":0,"comment_status":"closed","ping_status":"closed","template":"","tags":[788,785],"product-type":[874,903],"class_list":["post-7979","product","type-product","status-publish","has-post-thumbnail","hentry","tag-pumpkin-seed","tag-sesame","product-type-grains-peeling-machine","product-type-sesame-washing-and-peeling-machine"],"_links":{"self":[{"href":"https:\/\/www.agriculture-machine.com\/de\/wp-json\/wp\/v2\/product\/7979","targetHints":{"allow":["GET"]}}],"collection":[{"href":"https:\/\/www.agriculture-machine.com\/de\/wp-json\/wp\/v2\/product"}],"about":[{"href":"https:\/\/www.agriculture-machine.com\/de\/wp-json\/wp\/v2\/types\/product"}],"author":[{"embeddable":true,"href":"https:\/\/www.agriculture-machine.com\/de\/wp-json\/wp\/v2\/users\/1"}],"replies":[{"embeddable":true,"href":"https:\/\/www.agriculture-machine.com\/de\/wp-json\/wp\/v2\/comments?post=7979"}],"wp:featuredmedia":[{"embeddable":true,"href":"https:\/\/www.agriculture-machine.com\/de\/wp-json\/wp\/v2\/media\/12934"}],"wp:attachment":[{"href":"https:\/\/www.agriculture-machine.com\/de\/wp-json\/wp\/v2\/media?parent=7979"}],"wp:term":[{"taxonomy":"post_tag","embeddable":true,"href":"https:\/\/www.agriculture-machine.com\/de\/wp-json\/wp\/v2\/tags?post=7979"},{"taxonomy":"product-type","embeddable":true,"href":"https:\/\/www.agriculture-machine.com\/de\/wp-json\/wp\/v2\/product-type?post=7979"}],"curies":[{"name":"wp","href":"https:\/\/api.w.org\/{rel}","templated":true}]}}