{"id":7987,"date":"2020-11-06T16:25:30","date_gmt":"2020-11-06T08:25:30","guid":{"rendered":"https:\/\/www.agriculture-machine.com\/?p=7987"},"modified":"2025-04-14T16:45:48","modified_gmt":"2025-04-14T08:45:48","slug":"rice-nursery-seedling-machine","status":"publish","type":"product","link":"https:\/\/www.agriculture-machine.com\/de\/rice-nursery-seedling-machine\/","title":{"rendered":"Automatische Reissaatgutmaschine, Reissaatger\u00e4t"},"content":{"rendered":"<p>Die vollautomatische Reissaatgutmaschine integriert automatische Bodenausbreitung, Aussaat, Spr\u00fchbew\u00e4sserung, Erddeckung usw. und kann alle Arbeitsg\u00e4nge der Setzlingsaussaat in einem Durchgang erledigen. Der Einsatz dieser Reissaatmaschine verbessert die Pr\u00e4zisionsaussaat bei kleinen Chargen erheblich. Sie spart 20% Saatgut im Leerstand im Vergleich zur manuellen Aussaat.<\/p>    <p>Gleichzeitig hat die Maschine eine gute Setzlingwirkung, erh\u00f6ht die Produktion und spart Kosten. Die Scheiben-Kultivationsknospenpflanzlinie ist schlank, ordentlich und robust. Die Maschine kann sowohl harte Kunststoffscheiben als auch flexible Scheiben verwenden, und ihre Effizienz liegt bei \u00fcber 900 Scheiben pro Stunde.<\/p>    <figure class=\"wp-block-embed aligncenter is-type-video is-provider-youtube wp-block-embed-youtube wp-embed-aspect-16-9 wp-has-aspect-ratio\"><div class=\"wp-block-embed__wrapper\"> <iframe loading=\"lazy\" title=\"Automatische Reissaatgutmaschine \/ G\u00fcnstige vollst\u00e4ndige Reissaatlinie \/ Reissaatmaschine\/\" width=\"500\" height=\"281\" src=\"https:\/\/www.youtube.com\/embed\/XYGRaffTC6I?feature=oembed\" frameborder=\"0\" allow=\"accelerometer; autoplay; clipboard-write; encrypted-media; gyroscope; picture-in-picture; web-share\" referrerpolicy=\"strict-origin-when-cross-origin\" allowfullscreen><\/iframe> <\/div><figcaption class=\"wp-element-caption\">Video zum Arbeitsprinzip der Reissaatgutmaschine<\/figcaption><\/figure>    <p class=\"translation-block\">Der Spiral-S\u00e4meter erf\u00fcllt die Anforderungen an pr\u00e4zise Aussaat. Er kann die Anzahl der Samen verstellbar machen und die Gleichm\u00e4\u00dfigkeit verbessern. Diese Reissaatgutmaschine nutzt die Schl\u00fcsseltechnologien der Transplantations-Setzlingsindustrie, um <a href=\"https:\/\/www.agriculture-machine.com\/de\/the-advantages-of-rice-nursery-seedlings-and-rice-transplanting\/\">die automatische Technologie<\/a> zu verbessern.<\/p>    <figure class=\"wp-block-image aligncenter size-full\"><img loading=\"lazy\" decoding=\"async\" width=\"720\" height=\"540\" src=\"https:\/\/www.agriculture-machine.com\/wp-content\/uploads\/2022\/05\/Rice-Nursery-Seedling-Machine-.jpg\" alt=\"Reis-G\u00e4rtnersaatgutmaschine\" class=\"wp-image-13579\" title=\"Reis-G\u00e4rtnersaatgutmaschine\" srcset=\"https:\/\/www.agriculture-machine.com\/wp-content\/uploads\/2022\/05\/Rice-Nursery-Seedling-Machine-.jpg 720w, https:\/\/www.agriculture-machine.com\/wp-content\/uploads\/2022\/05\/Rice-Nursery-Seedling-Machine--360x270.jpg 360w, https:\/\/www.agriculture-machine.com\/wp-content\/uploads\/2022\/05\/Rice-Nursery-Seedling-Machine--240x180.jpg 240w\" sizes=\"auto, (max-width: 720px) 100vw, 720px\" \/><figcaption class=\"wp-element-caption\">Reis-G\u00e4rtnersaatgutmaschine<\/figcaption><\/figure>    <h2 class=\"wp-block-heading\" id=\"h-the-structure-of-the-rice-seedling-machine\">Struktur der Reissaatgutmaschine<\/h2>    <p>Die gesamte Reissetzlingsmaschine kann eine h\u00e4ngende Stecklingsschale, Abdeckungsvorrichtung, Bodenrevolverb\u00fcrste, Spr\u00fchvorrichtung, Trichter, Bodenabdeckhilfe, Bodenentfernungsb\u00fcrste, Platten-Sammelmaschine usw. umfassen.<\/p>    <figure class=\"wp-block-image aligncenter size-full\"><img loading=\"lazy\" decoding=\"async\" width=\"720\" height=\"540\" src=\"https:\/\/www.agriculture-machine.com\/wp-content\/uploads\/2022\/05\/rice-seedling-machine-.jpg\" alt=\"Struktur der Reissaatgutmaschine \" class=\"wp-image-13581\" title=\"Struktur der Reissaatgutmaschine \" srcset=\"https:\/\/www.agriculture-machine.com\/wp-content\/uploads\/2022\/05\/rice-seedling-machine-.jpg 720w, https:\/\/www.agriculture-machine.com\/wp-content\/uploads\/2022\/05\/rice-seedling-machine--360x270.jpg 360w, https:\/\/www.agriculture-machine.com\/wp-content\/uploads\/2022\/05\/rice-seedling-machine--240x180.jpg 240w\" sizes=\"auto, (max-width: 720px) 100vw, 720px\" \/><figcaption class=\"wp-element-caption\">Struktur der Reissaatgutmaschine <\/figcaption><\/figure>    <h2 class=\"wp-block-heading\">Technische Parameter der Reissaatgutmaschine<\/h2>    <figure class=\"wp-block-table is-style-stripes\"><table><tbody><tr><td>Modell<strong><\/strong><\/td><td>TZY-280A<strong><\/strong><\/td><\/tr><tr><td>Gr\u00f6\u00dfe<\/td><td>6830*460*1020mm<strong><\/strong><\/td><\/tr><tr><td>Gewicht<\/td><td>190kg<strong><\/strong><\/td><\/tr><tr><td>Leistung<\/td><td>240W f\u00fcr Lieferung<br>120W f\u00fcr Aussaat<\/td><\/tr><tr><td>Saatbett-Bodenhilfstrichter<\/td><td>45L<strong><\/strong><\/td><\/tr><tr><td>Samen-Trichter<\/td><td>30L<strong><\/strong><\/td><\/tr><tr><td>Hybridreis-Aussaatmenge<\/td><td>95-304,5g\/Schale<\/td><\/tr><tr><td>Kapazit\u00e4t<\/td><td>969-1017 Schalen\/Stunde<\/td><\/tr><tr><td>Dicke des Unterbodens<\/td><td>18-25mm<\/td><\/tr><tr><td>Oberbodendicke<\/td><td>3-9mm<\/td><\/tr><\/tbody><\/table><figcaption class=\"wp-element-caption\">Parameter der Reissaatgutmaschine<\/figcaption><\/figure>    <h2 class=\"wp-block-heading\" id=\"h-tips-and-attention-when-use-rice-seedling-machine\">Tipps und Hinweise bei der Verwendung einer Reissaatmaschine<\/h2>    <h3 class=\"wp-block-heading\" id=\"h-tips\">Tipps<\/h3>    <ol class=\"wp-block-list\"> <li>Saatbettboden: W\u00e4hlen Sie Gem\u00fcsegartenboden, reifen, trockenen Boden oder Paddy-Boden. Zerkleinern und sieben Sie den Boden. F\u00fcgen Sie dann biologischen Bakteriend\u00fcnger oder speziellen Reisd\u00fcnger hinzu.<\/li>    <li>Reissamen: Hochwertige, ertragreiche und stressresistente Sorten w\u00e4hlen, die f\u00fcr die lokale Pflanzung als Setzlinge geeignet sind. Vor dem Setzling die Samen 1 Tag sonnen und dann 72 Stunden mit Medikamenten tr\u00e4nken, um die Samen zu desinfizieren und Keime abzut\u00f6ten.<\/li>    <li>Saatbettvorbereitung: Achten Sie auf die Auswahl von Saatfeldern, die f\u00fcr Bew\u00e4sserung, Entw\u00e4sserung und Saatguttransport geeignet sind und leicht zu verwalten sind. Nat\u00fcrlich k\u00f6nnen Sie auch den Saatbettrahmen mit Wasserspr\u00fchsystem w\u00e4hlen, was bequemer ist.<\/li>    <li>Achten Sie auf die Saatmenge: In der Regel verwendet eine Setzlingsschale eine Papiertasse Saatgut. Die Aussaat muss genau, gleichm\u00e4\u00dfig, nicht zu schwer und nicht undicht sein. Die automatische Setzlingszuchtmaschine kann pr\u00e4zise auss\u00e4en.<\/li> <\/ol>    <figure class=\"wp-block-gallery has-nested-images columns-default is-cropped wp-block-gallery-2 is-layout-flex wp-block-gallery-is-layout-flex\"> <figure class=\"wp-block-image size-large\"><img loading=\"lazy\" decoding=\"async\" width=\"720\" height=\"540\" data-id=\"13582\" src=\"https:\/\/www.agriculture-machine.com\/wp-content\/uploads\/2022\/05\/Rice-Nursery-Sowing-Machine-.jpg\" alt=\"Reissaatgutmaschine\" class=\"wp-image-13582\" title=\"Reissaatgutmaschine\" srcset=\"https:\/\/www.agriculture-machine.com\/wp-content\/uploads\/2022\/05\/Rice-Nursery-Sowing-Machine-.jpg 720w, https:\/\/www.agriculture-machine.com\/wp-content\/uploads\/2022\/05\/Rice-Nursery-Sowing-Machine--360x270.jpg 360w, https:\/\/www.agriculture-machine.com\/wp-content\/uploads\/2022\/05\/Rice-Nursery-Sowing-Machine--240x180.jpg 240w\" sizes=\"auto, (max-width: 720px) 100vw, 720px\" \/><figcaption class=\"wp-element-caption\">Reissaatgutmaschine<\/figcaption><\/figure>    <figure class=\"wp-block-image size-large\"><img loading=\"lazy\" decoding=\"async\" width=\"720\" height=\"540\" data-id=\"13583\" src=\"https:\/\/www.agriculture-machine.com\/wp-content\/uploads\/2022\/05\/factory-.jpg\" alt=\"Fabrik\" class=\"wp-image-13583\" title=\"Fabrik\" srcset=\"https:\/\/www.agriculture-machine.com\/wp-content\/uploads\/2022\/05\/factory-.jpg 720w, https:\/\/www.agriculture-machine.com\/wp-content\/uploads\/2022\/05\/factory--360x270.jpg 360w, https:\/\/www.agriculture-machine.com\/wp-content\/uploads\/2022\/05\/factory--240x180.jpg 240w\" sizes=\"auto, (max-width: 720px) 100vw, 720px\" \/><figcaption class=\"wp-element-caption\">Fabrik<\/figcaption><\/figure> <\/figure>    <h3 class=\"wp-block-heading\" id=\"h-attentions\">Achten<\/h3>    <ol class=\"wp-block-list\"> <li>Beim Bedecken des Bodens ist auf die Dicke des Bodenschirms zu achten, die in der Regel etwa 0,3 cm-0,5 cm betr\u00e4gt, und es ist besser, die Reissamen nicht sichtbar zu machen.<\/li>    <li>Achten Sie w\u00e4hrend der Setzlingsentwicklung auf W\u00e4rmed\u00e4mmung und Feuchtigkeitsversorgung. Wir sollten die Temperatur bei 30\u00b0C halten. Bei \u00dcberschreitung von 35\u00b0C sind L\u00fcftung und K\u00fchlung erforderlich. Die Luftfeuchtigkeit sollte \u00fcber 80% gehalten werden, und bei starkem Regen Wasser ablassen, um Wasseransammlungen im Saatbett zu vermeiden.<\/li>    <li>D\u00fcnger- und Wassermanagement. Achten Sie auf feucht, dann trocken. Vor den Setzlingen mit nur drei Bl\u00e4ttern ist der Boden oder die Saatbettboden feucht. Kontrollieren Sie das Wasser vor dem Umpflanzen, um die gesunden Wurzeln der Setzlinge zu f\u00f6rdern. D\u00fcngen Sie rechtzeitig entsprechend der Situation der Setzlinge. Beim D\u00fcngen sollte mit Wasser gegossen werden, um die direkte Anwendung von Trockenfutter zu vermeiden.<\/li>    <li>Pr\u00e4vention ist das Wichtigste und kombiniert Pr\u00e4vention und Kontrolle. Entfernen Sie regelm\u00e4\u00dfig schlechte Setzlinge und Unkraut, um die Reinheit zu gew\u00e4hrleisten.<\/li> <\/ol>    <h2 class=\"wp-block-heading\">2BZP-800 wirtschaftliches Modell der Reissaatgutmaschine<\/h2>    <p>Im Vergleich zu herk\u00f6mmlicher Reissaatguttechnik, die meist teuer und kompliziert ist, bietet die 2BZP-800 Reissaatgutmaschine eine kosteng\u00fcnstige und praktische L\u00f6sung f\u00fcr kleine und mittlere Landwirte mit dem Kern \u201egeringe Investition und hoher Ertrag\u201c. Hier sind die wichtigsten Vorteile.<\/p>    <figure class=\"wp-block-gallery has-nested-images columns-2 is-cropped wp-block-gallery-3 is-layout-flex wp-block-gallery-is-layout-flex\"> <figure class=\"wp-block-image size-large\"><img loading=\"lazy\" decoding=\"async\" width=\"720\" height=\"540\" data-id=\"16948\" src=\"https:\/\/www.agriculture-machine.com\/wp-content\/uploads\/2020\/11\/rice-nursery-preparation.webp\" alt=\"Reis-G\u00e4rtnereivorbereitung\" class=\"wp-image-16948\" srcset=\"https:\/\/www.agriculture-machine.com\/wp-content\/uploads\/2020\/11\/rice-nursery-preparation.webp 720w, https:\/\/www.agriculture-machine.com\/wp-content\/uploads\/2020\/11\/rice-nursery-preparation-360x270.webp 360w, https:\/\/www.agriculture-machine.com\/wp-content\/uploads\/2020\/11\/rice-nursery-preparation-240x180.webp 240w, https:\/\/www.agriculture-machine.com\/wp-content\/uploads\/2020\/11\/rice-nursery-preparation-16x12.webp 16w\" sizes=\"auto, (max-width: 720px) 100vw, 720px\" \/><figcaption class=\"wp-element-caption\">Reis-G\u00e4rtnereivorbereitung<\/figcaption><\/figure>    <figure class=\"wp-block-image size-large\"><img loading=\"lazy\" decoding=\"async\" width=\"720\" height=\"540\" data-id=\"16949\" src=\"https:\/\/www.agriculture-machine.com\/wp-content\/uploads\/2020\/11\/rice-planting-machine.webp\" alt=\"Reispflanzmaschine\" class=\"wp-image-16949\" srcset=\"https:\/\/www.agriculture-machine.com\/wp-content\/uploads\/2020\/11\/rice-planting-machine.webp 720w, https:\/\/www.agriculture-machine.com\/wp-content\/uploads\/2020\/11\/rice-planting-machine-360x270.webp 360w, https:\/\/www.agriculture-machine.com\/wp-content\/uploads\/2020\/11\/rice-planting-machine-240x180.webp 240w, https:\/\/www.agriculture-machine.com\/wp-content\/uploads\/2020\/11\/rice-planting-machine-16x12.webp 16w\" sizes=\"auto, (max-width: 720px) 100vw, 720px\" \/><figcaption class=\"wp-element-caption\">Reispflanzmaschine<\/figcaption><\/figure>    <figure class=\"wp-block-image size-large\"><img loading=\"lazy\" decoding=\"async\" width=\"720\" height=\"540\" data-id=\"16950\" src=\"https:\/\/www.agriculture-machine.com\/wp-content\/uploads\/2020\/11\/rice-seed-planter.webp\" alt=\"Reiss\u00e4maschine\" class=\"wp-image-16950\" srcset=\"https:\/\/www.agriculture-machine.com\/wp-content\/uploads\/2020\/11\/rice-seed-planter.webp 720w, https:\/\/www.agriculture-machine.com\/wp-content\/uploads\/2020\/11\/rice-seed-planter-360x270.webp 360w, https:\/\/www.agriculture-machine.com\/wp-content\/uploads\/2020\/11\/rice-seed-planter-240x180.webp 240w, https:\/\/www.agriculture-machine.com\/wp-content\/uploads\/2020\/11\/rice-seed-planter-16x12.webp 16w\" sizes=\"auto, (max-width: 720px) 100vw, 720px\" \/><figcaption class=\"wp-element-caption\">Reiss\u00e4maschine<\/figcaption><\/figure>    <figure class=\"wp-block-image size-large\"><img loading=\"lazy\" decoding=\"async\" width=\"720\" height=\"540\" data-id=\"16947\" src=\"https:\/\/www.agriculture-machine.com\/wp-content\/uploads\/2020\/11\/paddy-nursery-machine.webp\" alt=\"Paddy-G\u00e4rtnereimaschine\" class=\"wp-image-16947\" srcset=\"https:\/\/www.agriculture-machine.com\/wp-content\/uploads\/2020\/11\/paddy-nursery-machine.webp 720w, https:\/\/www.agriculture-machine.com\/wp-content\/uploads\/2020\/11\/paddy-nursery-machine-360x270.webp 360w, https:\/\/www.agriculture-machine.com\/wp-content\/uploads\/2020\/11\/paddy-nursery-machine-240x180.webp 240w, https:\/\/www.agriculture-machine.com\/wp-content\/uploads\/2020\/11\/paddy-nursery-machine-16x12.webp 16w\" sizes=\"auto, (max-width: 720px) 100vw, 720px\" \/><figcaption class=\"wp-element-caption\">Paddy-G\u00e4rtnereimaschine<\/figcaption><\/figure> <\/figure>    <ul class=\"wp-block-list\"> <li>F\u00fcr kleine und mittlere Landwirte konzipiert, ist der Preis nur 60%-70% vergleichbarer Produkte. Die Aussaatgenauigkeit ist stabil bei \u00b13% des Branchenstandards, mit dem Rillenwalzens\u00e4er, um die Saatmenge pro Schale pr\u00e4zise zu kontrollieren, bei 50-150g (verstellbar).<\/li>    <li>Die gesamte Maschine misst nur 3450\u00d7500\u00d71010mm und wiegt 124kg, passt sich leicht an enge R\u00e4ume wie Gew\u00e4chsh\u00e4user und Felder an.<\/li>    <li>Ausgestattet mit 35L gro\u00dfem Bodenausbreiter und Mulchbeh\u00e4lter, kann die Einzelbeladung kontinuierlich mehr als 200 Schalen verarbeiten, was die wiederholte Nachf\u00fcllzeit reduziert.<\/li>    <li>Integrating the whole process of \u201csoil spreading &#8211; watering &#8211; seeding &#8211; mulching\u201d, the single machine completes the work of the traditional 4 sets of equipment.<\/li>    <li>Bodenverteilung und Mulchen verwenden sowohl Rad- als auch Riemenstrukturen, mit einem verstellbaren F\u00f6rderband von 0,025-0,125m\/s, es k\u00f6nnen 500 Schalen in 30 Minuten verarbeitet werden, die Effizienz steigt um mehr als 50%.<\/li>    <li>Die Gesamtleistung der Maschine betr\u00e4gt nur 260W (das traditionelle Modell ist mehr als 500W), und die drei Motoren f\u00fcr Bodenausbreitung, Aussaat und Mulchen werden unabh\u00e4ngig betrieben, was den Energieverbrauch auf weniger als 1 Yuan pro Tag reduziert.<\/li>    <li>Modulares Design der Schl\u00fcsselkomponenten, Aussaatkasten, F\u00f6rderband und andere Verschlei\u00dfteile f\u00fcr schnellen Ab- und Aufbau, ohne professionelles Wartungspersonal.<\/li> <\/ul>    <figure class=\"wp-block-embed aligncenter is-type-video is-provider-youtube wp-block-embed-youtube wp-embed-aspect-16-9 wp-has-aspect-ratio\"><div class=\"wp-block-embed__wrapper\"> <iframe loading=\"lazy\" title=\"Fortschrittliche Setzlingsmaschine - Revolutioniert die moderne Landwirtschaft#aussaat #samen #saatgutmaschine #setzlingsmaschine\" width=\"500\" height=\"281\" src=\"https:\/\/www.youtube.com\/embed\/CPCIYYsPubk?feature=oembed\" frameborder=\"0\" allow=\"accelerometer; autoplay; clipboard-write; encrypted-media; gyroscope; picture-in-picture; web-share\" referrerpolicy=\"strict-origin-when-cross-origin\" allowfullscreen><\/iframe> <\/div><figcaption class=\"wp-element-caption\">Arbeitsvideo der Reissaatgutmaschine<\/figcaption><\/figure>    <h2 class=\"wp-block-heading\" id=\"h-rice-seedling-machine-match-with-rice-transplanting-machine\">Reissaatgutmaschine passend zu <a href=\"https:\/\/www.agriculture-machine.com\/de\/technology-and-characteristcs-of-the-rice-transplanter-machine\/\">Reis-Transplanter<\/a><\/h2>    <p class=\"translation-block\">Nach Abschluss der Reissetzlinge muss die <a href=\"https:\/\/www.agriculture-machine.com\/de\/walk-behind-rice-transplanter-rice-planting-machine\/\"><strong>Reis-Transplanter<\/strong><\/a> verwendet werden, um zu verpflanzen.<\/p>    <p>Unten ist der Schritt-f\u00fcr-Schritt-Reis-Transplanter.<\/p>    <figure class=\"wp-block-image aligncenter size-full\"><img loading=\"lazy\" decoding=\"async\" width=\"720\" height=\"540\" src=\"https:\/\/www.agriculture-machine.com\/wp-content\/uploads\/2022\/05\/paddy-transplanter-1.jpg\" alt=\"Paddy-Transplanter\" class=\"wp-image-13569\" title=\"Paddy-Transplanter\" srcset=\"https:\/\/www.agriculture-machine.com\/wp-content\/uploads\/2022\/05\/paddy-transplanter-1.jpg 720w, https:\/\/www.agriculture-machine.com\/wp-content\/uploads\/2022\/05\/paddy-transplanter-1-360x270.jpg 360w, https:\/\/www.agriculture-machine.com\/wp-content\/uploads\/2022\/05\/paddy-transplanter-1-240x180.jpg 240w\" sizes=\"auto, (max-width: 720px) 100vw, 720px\" \/><figcaption class=\"wp-element-caption\">Paddy-Transplanter<\/figcaption><\/figure>    <h2 class=\"wp-block-heading\" id=\"h-operation-video-of-rice-transplanter\">Betriebsvideo des Reis-Transplanters<\/h2>    <p>Wir k\u00f6nnen eine 2-Reihen-, 4-Reihen-, 6-Reihen- oder 8-Reihen-Reispflanzmaschine nach Ihren W\u00fcnschen anpassen.<\/p>    <figure class=\"wp-block-embed aligncenter is-type-video is-provider-youtube wp-block-embed-youtube wp-embed-aspect-4-3 wp-has-aspect-ratio\"><div class=\"wp-block-embed__wrapper\"> <iframe loading=\"lazy\" title=\"Top 10 Maschine in China 8-Reihen-Reispflanzmaschine\" width=\"500\" height=\"375\" src=\"https:\/\/www.youtube.com\/embed\/eISgGkH0Tqk?feature=oembed\" frameborder=\"0\" allow=\"accelerometer; autoplay; clipboard-write; encrypted-media; gyroscope; picture-in-picture; web-share\" referrerpolicy=\"strict-origin-when-cross-origin\" allowfullscreen><\/iframe> <\/div><figcaption class=\"wp-element-caption\">Arbeitsvideo der Reissetzlingspflanzmaschine<\/figcaption><\/figure>    <h2 class=\"wp-block-heading\">Reis-G\u00e4rtnersaatmaschine nach Pakistan verschickt<\/h2>    <p>Der Kunde kommt aus Pakistan und hat ein spezielles Gew\u00e4chshaus zum Reisanbau. Der Kunde hat zuvor traditionelle Pflanzmethoden verwendet. Um die Effizienz zu verbessern, suchte er nach einer professionellen Reissetzlingsmaschine. <\/p>    <p>Er wollte mehr \u00fcber die Reissaatgutmaschine erfahren, indem er unsere Webseite las. Unser Verkaufsleiter kommunizierte mit dem Kunden via WhatsApp. Und unser Verkaufsleiter gab schnelle und professionelle Antworten auf alle Fragen. Schlie\u00dflich entschied sich der Kunde, bei uns zu kaufen.<\/p>    <figure class=\"wp-block-gallery has-nested-images columns-default is-cropped wp-block-gallery-4 is-layout-flex wp-block-gallery-is-layout-flex\"> <figure class=\"wp-block-image size-large\"><img loading=\"lazy\" decoding=\"async\" width=\"720\" height=\"540\" data-id=\"13584\" src=\"https:\/\/www.agriculture-machine.com\/wp-content\/uploads\/2022\/05\/wooden-case-pacakging-of-the-rice-seeder-.jpg\" alt=\"Holzboxverpackung der Reissaatmaschine\" class=\"wp-image-13584\" title=\"Holzboxverpackung der Reissaatmaschine\" srcset=\"https:\/\/www.agriculture-machine.com\/wp-content\/uploads\/2022\/05\/wooden-case-pacakging-of-the-rice-seeder-.jpg 720w, https:\/\/www.agriculture-machine.com\/wp-content\/uploads\/2022\/05\/wooden-case-pacakging-of-the-rice-seeder--360x270.jpg 360w, https:\/\/www.agriculture-machine.com\/wp-content\/uploads\/2022\/05\/wooden-case-pacakging-of-the-rice-seeder--240x180.jpg 240w\" sizes=\"auto, (max-width: 720px) 100vw, 720px\" \/><figcaption class=\"wp-element-caption\">Holzboxverpackung der Reissaatmaschine<\/figcaption><\/figure>    <figure class=\"wp-block-image size-large\"><img loading=\"lazy\" decoding=\"async\" width=\"720\" height=\"540\" data-id=\"13585\" src=\"https:\/\/www.agriculture-machine.com\/wp-content\/uploads\/2022\/05\/paddy-seed-sowing-machine-.jpg\" alt=\"Reis-Saatgutmaschine\" class=\"wp-image-13585\" title=\"Reis-Saatgutmaschine\" srcset=\"https:\/\/www.agriculture-machine.com\/wp-content\/uploads\/2022\/05\/paddy-seed-sowing-machine-.jpg 720w, https:\/\/www.agriculture-machine.com\/wp-content\/uploads\/2022\/05\/paddy-seed-sowing-machine--360x270.jpg 360w, https:\/\/www.agriculture-machine.com\/wp-content\/uploads\/2022\/05\/paddy-seed-sowing-machine--240x180.jpg 240w\" sizes=\"auto, (max-width: 720px) 100vw, 720px\" \/><figcaption class=\"wp-element-caption\">Reis-Saatgutmaschine<\/figcaption><\/figure>    <figure class=\"wp-block-image size-large\"><img loading=\"lazy\" decoding=\"async\" width=\"720\" height=\"540\" data-id=\"13586\" src=\"https:\/\/www.agriculture-machine.com\/wp-content\/uploads\/2022\/05\/shipping-of-the-machine-.jpg\" alt=\"Versand der Maschine.\" class=\"wp-image-13586\" title=\"Versand der Maschine.\" srcset=\"https:\/\/www.agriculture-machine.com\/wp-content\/uploads\/2022\/05\/shipping-of-the-machine-.jpg 720w, https:\/\/www.agriculture-machine.com\/wp-content\/uploads\/2022\/05\/shipping-of-the-machine--360x270.jpg 360w, https:\/\/www.agriculture-machine.com\/wp-content\/uploads\/2022\/05\/shipping-of-the-machine--240x180.jpg 240w\" sizes=\"auto, (max-width: 720px) 100vw, 720px\" \/><figcaption class=\"wp-element-caption\">Versand der Maschine <\/figcaption><\/figure> <\/figure>    <h2 class=\"wp-block-heading\">FAQ zur Reissaatgutmaschine<\/h2>   <div id=\"rank-math-faq\" class=\"rank-math-block\"> <div class=\"rank-math-list\"> <div id=\"faq-question-1722847379966\" class=\"rank-math-list-item\"> <h3 class=\"rank-math-question\">Kann diese Reissaatgutmaschine auch anderes Gem\u00fcse s\u00e4en?<\/h3> <div class=\"rank-math-answer\">  <p class=\"translation-block\">Nein, dies ist eine spezielle Setzlingsmaschine nur f\u00fcr Reis. Wir haben eine spezielle <a href=\"https:\/\/www.agriculture-machine.com\/de\/plug-seedling-machine-seedling-machine-vegetable-seedling-machine\/\">Gem\u00fcse-Saatgutmaschine<\/a>.<\/p>  <\/div> <\/div> <div id=\"faq-question-1722847386025\" class=\"rank-math-list-item\"> <h3 class=\"rank-math-question\">In welche L\u00e4nder haben Sie exportiert?<\/h3> <div class=\"rank-math-answer\">  <p class=\"translation-block\">Um ein spezialisierter Hersteller landwirtschaftlicher Maschinen zu sein, wurden unsere Reissetzlingsmaschinen nach Aserbaidschan , Uganda, Kenia, Indonesien und so weiter exportiert.<\/p>  <\/div> <\/div> <div id=\"faq-question-1722847400185\" class=\"rank-math-list-item\"> <h3 class=\"rank-math-question\">Was tun, wenn die Reissaatgutmaschine kaputt ist?<\/h3> <div class=\"rank-math-answer\">  <p>Zun\u00e4chst einmal haben wir eine einj\u00e4hrige Garantie. Zweitens werden wir Verschlei\u00dfteile und Werkzeugk\u00e4sten ausstatten. Wichtig ist, dass die exportierten Maschinen solche Probleme nicht hatten.<\/p>  <\/div> <\/div> <\/div> <\/div>","protected":false},"excerpt":{"rendered":"<p>Die Reissaatgutmaschine ist speziell f\u00fcr die Anzucht von Reissetzlingen konzipiert, was eine mechanisierte Produktion erm\u00f6glicht. Zusammen mit dem Reis-Transplanter kann die Ernteertrag gesteigert werden.<\/p>","protected":false},"author":1,"featured_media":13588,"parent":0,"comment_status":"closed","ping_status":"closed","template":"","tags":[2607],"product-type":[246,913,2],"class_list":["post-7987","product","type-product","status-publish","has-post-thumbnail","hentry","tag-nursery","product-type-hot-sale","product-type-paddy-rice-nursery-machine","product-type-products"],"_links":{"self":[{"href":"https:\/\/www.agriculture-machine.com\/de\/wp-json\/wp\/v2\/product\/7987","targetHints":{"allow":["GET"]}}],"collection":[{"href":"https:\/\/www.agriculture-machine.com\/de\/wp-json\/wp\/v2\/product"}],"about":[{"href":"https:\/\/www.agriculture-machine.com\/de\/wp-json\/wp\/v2\/types\/product"}],"author":[{"embeddable":true,"href":"https:\/\/www.agriculture-machine.com\/de\/wp-json\/wp\/v2\/users\/1"}],"replies":[{"embeddable":true,"href":"https:\/\/www.agriculture-machine.com\/de\/wp-json\/wp\/v2\/comments?post=7987"}],"wp:featuredmedia":[{"embeddable":true,"href":"https:\/\/www.agriculture-machine.com\/de\/wp-json\/wp\/v2\/media\/13588"}],"wp:attachment":[{"href":"https:\/\/www.agriculture-machine.com\/de\/wp-json\/wp\/v2\/media?parent=7987"}],"wp:term":[{"taxonomy":"post_tag","embeddable":true,"href":"https:\/\/www.agriculture-machine.com\/de\/wp-json\/wp\/v2\/tags?post=7987"},{"taxonomy":"product-type","embeddable":true,"href":"https:\/\/www.agriculture-machine.com\/de\/wp-json\/wp\/v2\/product-type?post=7987"}],"curies":[{"name":"wp","href":"https:\/\/api.w.org\/{rel}","templated":true}]}}