{"id":8094,"date":"2020-11-18T11:39:51","date_gmt":"2020-11-18T03:39:51","guid":{"rendered":"https:\/\/www.agriculture-machine.com\/?p=8094"},"modified":"2025-06-13T17:45:43","modified_gmt":"2025-06-13T09:45:43","slug":"combined-chaff-cutter-and-grinder-straw-cutter-and-grain-grinder","status":"publish","type":"product","link":"https:\/\/www.agriculture-machine.com\/de\/combined-chaff-cutter-and-grinder-straw-cutter-and-grain-grinder\/","title":{"rendered":"Heu- und Getreide-Schneider | Kombinierter Strohschneider und Zerkleinerer"},"content":{"rendered":"<p>Der Silage-Heu-Schneider und Getreidem\u00fchle ist eine multifunktionale Futterverarbeitungsmaschine, die Schneiden, Kneten und Zerkleinern integriert. Sie kann nicht nur alle Arten von Silage und Stroh verarbeiten, sondern auch viele Getreidearten sowie grobes und feines Futter pulverisieren.<\/p>    <p>Egal ob trockenes oder nasses Material, Block, Streifen oder granulare Rohstoffe, vom Gras schneiden (3-50mm verstellbar) bis hin zu feinem Getreidezerkleinern (Bildschirmkontrolle 0,1-5mm Partikelgr\u00f6\u00dfe), diese Maschine kann effizient arbeiten.<\/p>    <p>Die Maschine wird haupts\u00e4chlich in kleinen und mittleren Bauernh\u00f6fen, Futterverarbeitungsanlagen und Familienbetrieben eingesetzt. Gleichzeitig findet sie auch in der Lebensmittel-, Pharma-, Chemie- und anderen Industrien bei der Rohstoffzerkleinerung und P\u00fcrierung Anwendung, was sie zu einem vielseitigen, wirtschaftlichen und effizienten Futterverarbeitungshelfer macht.<\/p>    <figure class=\"wp-block-embed is-type-video is-provider-youtube wp-block-embed-youtube wp-embed-aspect-16-9 wp-has-aspect-ratio\"><div class=\"wp-block-embed__wrapper\"> <iframe loading=\"lazy\" title=\"Wie funktioniert der Heu-Schneider und Getreidezerkleinerer? Kombinierter Strohschneider und Zerkleinerer\" width=\"500\" height=\"281\" src=\"https:\/\/www.youtube.com\/embed\/fRnZ0Yh8jaE?feature=oembed\" frameborder=\"0\" allow=\"accelerometer; autoplay; clipboard-write; encrypted-media; gyroscope; picture-in-picture; web-share\" referrerpolicy=\"strict-origin-when-cross-origin\" allowfullscreen><\/iframe> <\/div><figcaption class=\"wp-element-caption\">Video der Silage-Schneidemaschine in Betrieb<\/figcaption><\/figure>    <h2 class=\"wp-block-heading\" id=\"h-the-application-of-chaff-cutter-and-grinder-combined-machine\">Anwendung der kombinierten Heu-Schneider- und Zerkleinerungsmaschine<\/h2>    <h3 class=\"wp-block-heading\">Anwendbare Rohstoffarten<\/h3>    <ul class=\"wp-block-list\"> <li>Silage: Luzerne, S\u00fcdsorghum, Weidegras, Wei\u00dfstroh, Reisstroh, Weizengestr\u00fcpp, Maisst\u00e4ngel usw.<\/li>    <li>Getreidearten: Mais, Sojabohnen, S\u00fc\u00dfkartoffeln, Kartoffeln usw. (einschlie\u00dflich eingeweichte Rohstoffe)<\/li>    <li>Raufutter und Nebenprodukte: Erbsenschalen, Zuckerrohrk\u00f6pfe, Orangest\u00e4ngel, Baumwollst\u00e4ngel, Maiskolben, Pilzmaterialien usw.<\/li>    <li>Andere Materialien: Chinesische Heilkr\u00e4uter, einige chemische Rohstoffe usw.<\/li> <\/ul>    <h3 class=\"wp-block-heading\">Anwendbare Branchen und Szenarien<\/h3>    <ul class=\"wp-block-list\"> <li>Alle Arten von Viehzucht- und Gefl\u00fcgelbetrieben: Rinder, Schafe, Pferde, Schweine, Kaninchen, H\u00fchner, Enten, G\u00e4nse usw.<\/li>    <li>Futterverarbeitungsanlagen, Lebensmittelverarbeitungsanlagen, Pharmaanlagen, Chemieanlagen usw.<\/li>    <li>Geeignet f\u00fcr kleine und mittlere Bauernh\u00f6fe sowie Familienbetriebe f\u00fcr die t\u00e4gliche Futterverarbeitung.<\/li> <\/ul>    <figure class=\"wp-block-image aligncenter size-full wp-image-8095\"><img loading=\"lazy\" decoding=\"async\" width=\"720\" height=\"540\" src=\"https:\/\/www.agriculture-machine.com\/wp-content\/uploads\/2020\/11\/The-Applicable-breeding-range-of-Chaff-cutter-and-grinder-.jpg\" alt=\"Anwendungsbereich des Heu- und Getreide-Schneiders\" class=\"wp-image-8095\" srcset=\"https:\/\/www.agriculture-machine.com\/wp-content\/uploads\/2020\/11\/The-Applicable-breeding-range-of-Chaff-cutter-and-grinder-.jpg 720w, https:\/\/www.agriculture-machine.com\/wp-content\/uploads\/2020\/11\/The-Applicable-breeding-range-of-Chaff-cutter-and-grinder--360x270.jpg 360w, https:\/\/www.agriculture-machine.com\/wp-content\/uploads\/2020\/11\/The-Applicable-breeding-range-of-Chaff-cutter-and-grinder--240x180.jpg 240w\" sizes=\"auto, (max-width: 720px) 100vw, 720px\" \/><figcaption class=\"wp-element-caption\">Anwendungsbereich des Heu- und Getreide-Schneiders<\/figcaption><\/figure>    <h2 class=\"wp-block-heading\" id=\"h-the-structure-of-the-combined-chaff-cutter-and-grinder\">Struktur des <a href=\"https:\/\/www.agriculture-machine.com\/de\/chaff-cutter-and-grain-crusher\/\">c<strong>Kombinierter Heu-Schneider und Zerkleinerer<\/strong><\/a><\/h2>    <ol class=\"wp-block-list\"> <li>Die Maschinen sind mit beweglichen Rollen ausgestattet, die beliebig bewegt werden k\u00f6nnen, sodass der Arbeitsplatz flexibel ist.<\/li>    <li>Diese Maschinenserie besteht aus Obergeh\u00e4use, Untergeh\u00e4use, Auslass, Zuf\u00fchrtrichter, Winkelstahlrahmen, Hammerm\u00fchle, Schneidewerk usw.<\/li>    <li>Beim Zerkleinern von K\u00f6rnern wird die Dicke des zerkleinerten Materials durch die Gr\u00f6\u00dfe der Sieb\u00f6ffnungen kontrolliert, und verschiedene Siebe k\u00f6nnen ausgetauscht werden.<\/li>    <li>Beim Schneiden nur des Grases kann das Sieb herausgezogen werden.<\/li> <\/ol>    <p class=\"translation-block\">Jetzt stellen wir in der Serie drei verschiedene Heu- und Getreide-Schneider vor.<\/p>    <h2 class=\"wp-block-heading\" id=\"h-type-one-9zf-500b\">Typ Eins: 9ZF-500B<\/h2>    <figure class=\"wp-block-image aligncenter size-full wp-image-8096\"><img loading=\"lazy\" decoding=\"async\" width=\"720\" height=\"540\" src=\"https:\/\/www.agriculture-machine.com\/wp-content\/uploads\/2020\/11\/Combine-Chaff-Cutter-and-Grinder-Machine.jpg\" alt=\"Kombinierter Heu-Schneider und Zerkleinerer\" class=\"wp-image-8096\" srcset=\"https:\/\/www.agriculture-machine.com\/wp-content\/uploads\/2020\/11\/Combine-Chaff-Cutter-and-Grinder-Machine.jpg 720w, https:\/\/www.agriculture-machine.com\/wp-content\/uploads\/2020\/11\/Combine-Chaff-Cutter-and-Grinder-Machine-360x270.jpg 360w, https:\/\/www.agriculture-machine.com\/wp-content\/uploads\/2020\/11\/Combine-Chaff-Cutter-and-Grinder-Machine-240x180.jpg 240w\" sizes=\"auto, (max-width: 720px) 100vw, 720px\" \/><figcaption class=\"wp-element-caption\">Kombinierter Heu-Schneider und Zerkleinerer<\/figcaption><\/figure>    <h3 class=\"wp-block-heading\" id=\"h-the-details-of-9zf-500b-chaff-cutter-and-grain-crushing-machine\">Details zum 9ZF-500B Heu-Schneider und Getreidezerkleinerer<\/h3>    <p>Die Maschine besteht haupts\u00e4chlich aus Getreideeingang, Heu-Eingang, Kupferkernmotor, hohen Auslauf, mittlerem Auslauf, niedrigem Auslauf und mobilen Rollen. Beim Gebrauch eines Eingangs ist der andere Eingang zu blockieren, um Materialaustritt zu verhindern. <\/p>    <p>Dabei ist das Material aus dem hohen Auslauf trocken, das Material aus dem mittleren Auslauf nass, und das Material aus dem niedrigen Auslauf zerkleinerte K\u00f6rner. Beim Gebrauch eines Auslasses k\u00f6nnen die anderen beiden Ausl\u00e4sse blockiert werden.<\/p>    <figure class=\"wp-block-image aligncenter size-full wp-image-8097\"><img loading=\"lazy\" decoding=\"async\" width=\"720\" height=\"540\" src=\"https:\/\/www.agriculture-machine.com\/wp-content\/uploads\/2020\/11\/the-structure-of-aombine-chaff-cutter-and-grinder-.jpg\" alt=\"Die Struktur des kombinierten Heu-Schneiders und Zerkleinerers\" class=\"wp-image-8097\" srcset=\"https:\/\/www.agriculture-machine.com\/wp-content\/uploads\/2020\/11\/the-structure-of-aombine-chaff-cutter-and-grinder-.jpg 720w, https:\/\/www.agriculture-machine.com\/wp-content\/uploads\/2020\/11\/the-structure-of-aombine-chaff-cutter-and-grinder--360x270.jpg 360w, https:\/\/www.agriculture-machine.com\/wp-content\/uploads\/2020\/11\/the-structure-of-aombine-chaff-cutter-and-grinder--240x180.jpg 240w\" sizes=\"auto, (max-width: 720px) 100vw, 720px\" \/><figcaption class=\"wp-element-caption\">Die Struktur eines kombinierten Heu-Schneiders und Zerkleinerers<\/figcaption><\/figure>    <h3 class=\"wp-block-heading\" id=\"h-internal-blade-structure\">Innenmesserstruktur<\/h3>    <p>Dicker Manganstahlmesser, stark und langlebig.<\/p>    <figure class=\"wp-block-image aligncenter size-full wp-image-8098\"><img loading=\"lazy\" decoding=\"async\" width=\"720\" height=\"540\" src=\"https:\/\/www.agriculture-machine.com\/wp-content\/uploads\/2020\/11\/the-blade-of-chaff-cutter-and-grain-crusher-.jpg\" alt=\"Das Messer des Heu-Schneiders und Getreidezerkleinerers\" class=\"wp-image-8098\" srcset=\"https:\/\/www.agriculture-machine.com\/wp-content\/uploads\/2020\/11\/the-blade-of-chaff-cutter-and-grain-crusher-.jpg 720w, https:\/\/www.agriculture-machine.com\/wp-content\/uploads\/2020\/11\/the-blade-of-chaff-cutter-and-grain-crusher--360x270.jpg 360w, https:\/\/www.agriculture-machine.com\/wp-content\/uploads\/2020\/11\/the-blade-of-chaff-cutter-and-grain-crusher--240x180.jpg 240w\" sizes=\"auto, (max-width: 720px) 100vw, 720px\" \/><figcaption class=\"wp-element-caption\">Das Messer des Heu-Schneiders und Getreidezerkleinerers<\/figcaption><\/figure>    <h3 class=\"wp-block-heading\">Parameter des 9ZF-500B Heu-Schneiders und Zerkleinerers<\/h3>    <figure class=\"wp-block-table is-style-stripes\"><table><tbody><tr><td>9ZF-500B Heu-Schneider und Zerkleinerer<\/td><\/tr><tr><td>Abgleichschirm: 4 (2\/3\/10\/30)<\/td><td>Leistung: 3KW<\/td><\/tr><tr><td>Motordrehzahl: 2800 rpm<\/td><td>Maschinengewicht: 68KG<\/td><\/tr><tr><td>Nennspannung: 220V<\/td><td>Maschinenleistung: 1200KG\/H<\/td><\/tr><tr><td>Gr\u00f6\u00dfe: 1220*1070*1190mm<\/td><\/tr><\/tbody><\/table><figcaption class=\"wp-element-caption\">Detaillierte Informationen zum Heu-Schneider und Getreidezerkleinerer<\/figcaption><\/figure>    <h2 class=\"wp-block-heading\" id=\"h-type-two-9zf-1800\">Typ Zwei: 9ZF-1800<\/h2>    <figure class=\"wp-block-image aligncenter size-full wp-image-8099\"><img loading=\"lazy\" decoding=\"async\" width=\"720\" height=\"540\" src=\"https:\/\/www.agriculture-machine.com\/wp-content\/uploads\/2020\/11\/Straw-cutter-machine-and-grain-crusher.jpg\" alt=\"Strohschneider und Getreidezerkleinerer\" class=\"wp-image-8099\" srcset=\"https:\/\/www.agriculture-machine.com\/wp-content\/uploads\/2020\/11\/Straw-cutter-machine-and-grain-crusher.jpg 720w, https:\/\/www.agriculture-machine.com\/wp-content\/uploads\/2020\/11\/Straw-cutter-machine-and-grain-crusher-360x270.jpg 360w, https:\/\/www.agriculture-machine.com\/wp-content\/uploads\/2020\/11\/Straw-cutter-machine-and-grain-crusher-240x180.jpg 240w\" sizes=\"auto, (max-width: 720px) 100vw, 720px\" \/><figcaption class=\"wp-element-caption\">Strohschneider und Getreidezerkleinerer<\/figcaption><\/figure>    <h3 class=\"wp-block-heading\" id=\"h-the-details-of-9zf-1800-straw-cutter-machine-and-grain-crusher\">Details zum 9ZF-1800 Strohschneider und Getreidezerkleinerer<\/h3>    <figure class=\"wp-block-image aligncenter size-full wp-image-8100\"><img loading=\"lazy\" decoding=\"async\" width=\"720\" height=\"540\" src=\"https:\/\/www.agriculture-machine.com\/wp-content\/uploads\/2020\/11\/Straw-cutter-machine-and-grain-crusher-1.jpg\" alt=\"Strohschneider und Getreidezerkleinerer\" class=\"wp-image-8100\" srcset=\"https:\/\/www.agriculture-machine.com\/wp-content\/uploads\/2020\/11\/Straw-cutter-machine-and-grain-crusher-1.jpg 720w, https:\/\/www.agriculture-machine.com\/wp-content\/uploads\/2020\/11\/Straw-cutter-machine-and-grain-crusher-1-360x270.jpg 360w, https:\/\/www.agriculture-machine.com\/wp-content\/uploads\/2020\/11\/Straw-cutter-machine-and-grain-crusher-1-240x180.jpg 240w\" sizes=\"auto, (max-width: 720px) 100vw, 720px\" \/><figcaption class=\"wp-element-caption\">Strohschneider und Getreidezerkleinerer<\/figcaption><\/figure>    <p>Diese Heu-Schneider- und Getreidezerkleinerer-Maschine verf\u00fcgt \u00fcber einen Getreideeingang, vergr\u00f6\u00dferten Heu-Eingang, Kupferkernmotor, hohen Auslauf, Zerkleinerungsbeh\u00e4lter und niedrigen Auslauf. <\/p>    <p>Beim Gebrauch eines Eingangs ist der andere zu blockieren, um Materialaustritt zu verhindern. Dabei ist das Material, das aus dem hohen Auslauf kommt, trocken, und das Material aus dem niedrigen Auslauf sind zerkleinerte K\u00f6rner oder nasse Materialien.<\/p>    <h3 class=\"wp-block-heading\" id=\"h-internal-blade-structure-of-9zf-1800-straw-cutter-machine-and-grain-crusher\">Innenmesserstruktur des 9ZF-1800 Heu-Schneiders und Getreidezerkleinerers<\/h3>    <p>Dicker Manganstahlmesser, stark und langlebig<\/p>    <figure class=\"wp-block-image aligncenter size-full wp-image-8101\"><img loading=\"lazy\" decoding=\"async\" width=\"720\" height=\"540\" src=\"https:\/\/www.agriculture-machine.com\/wp-content\/uploads\/2020\/11\/the-balde-of-straw-cutter-machine-and-grain-crusher.jpg\" alt=\"Das Messer des Strohschneiders und Getreidezerkleinerers\" class=\"wp-image-8101\" srcset=\"https:\/\/www.agriculture-machine.com\/wp-content\/uploads\/2020\/11\/the-balde-of-straw-cutter-machine-and-grain-crusher.jpg 720w, https:\/\/www.agriculture-machine.com\/wp-content\/uploads\/2020\/11\/the-balde-of-straw-cutter-machine-and-grain-crusher-360x270.jpg 360w, https:\/\/www.agriculture-machine.com\/wp-content\/uploads\/2020\/11\/the-balde-of-straw-cutter-machine-and-grain-crusher-240x180.jpg 240w\" sizes=\"auto, (max-width: 720px) 100vw, 720px\" \/><figcaption class=\"wp-element-caption\">Das Messer des Strohschneiders und Getreidezerkleinerers<\/figcaption><\/figure>    <h3 class=\"wp-block-heading\" id=\"h-machine-parameters-of-9zf-1800-straw-cutter-machine-and-grain-crusher\">Parameter des 9ZF-1800 Heu-Schneiders und Getreidezerkleinerers<\/h3>    <figure class=\"wp-block-table is-style-stripes\"><table><tbody><tr><td>9ZF-1800 Heu-Schneider und Getreidezerkleinerer<\/td><\/tr><tr><td>Maschinenmodell: 9ZF-1800<\/td><td>Leistung: 3KW<\/td><\/tr><tr><td>Motordrehzahl: 2800 rpm<\/td><td>Maschinengewicht: 75KG<\/td><\/tr><tr><td>Nennspannung: 220V<\/td><td>Maschinenleistung: 1800KG\/H<\/td><\/tr><tr><td>Anwendungsbereich: K\u00fche, Schafe, Schweine, H\u00fchner, Enten, Kaninchen und andere Nutztiere<\/td><\/tr><\/tbody><\/table><figcaption class=\"wp-element-caption\">Parameter des Silage-Schneiders<\/figcaption><\/figure>    <h2 class=\"wp-block-heading\" id=\"h-type-three-9zf-1200\">Typ Drei: 9ZF-1200<\/h2>    <figure class=\"wp-block-image aligncenter size-full wp-image-8102\"><img loading=\"lazy\" decoding=\"async\" width=\"720\" height=\"540\" src=\"https:\/\/www.agriculture-machine.com\/wp-content\/uploads\/2020\/11\/Chaff-cutter-and-Grain-Grinder.jpg\" alt=\"Heu-Schneider und Getreidezerkleinerer\" class=\"wp-image-8102\" srcset=\"https:\/\/www.agriculture-machine.com\/wp-content\/uploads\/2020\/11\/Chaff-cutter-and-Grain-Grinder.jpg 720w, https:\/\/www.agriculture-machine.com\/wp-content\/uploads\/2020\/11\/Chaff-cutter-and-Grain-Grinder-360x270.jpg 360w, https:\/\/www.agriculture-machine.com\/wp-content\/uploads\/2020\/11\/Chaff-cutter-and-Grain-Grinder-240x180.jpg 240w\" sizes=\"auto, (max-width: 720px) 100vw, 720px\" \/><figcaption class=\"wp-element-caption\">Heu-Schneider und Getreidezerkleinerer<\/figcaption><\/figure>    <h3 class=\"wp-block-heading\" id=\"h-the-detailed-structure-of-9zf-1200-chaff-cutter-and-grain-grinder\">Detaillierte Struktur des 9ZF-1200 Heu-Schneiders und Getreidezerkleinerers<\/h3>    <figure class=\"wp-block-image aligncenter size-full wp-image-8103\"><img loading=\"lazy\" decoding=\"async\" width=\"720\" height=\"540\" src=\"https:\/\/www.agriculture-machine.com\/wp-content\/uploads\/2020\/11\/The-Structure-Chaff-cutter-and-Grain-Grinder.jpg\" alt=\"Die Struktur des Heu-Schneiders und Getreidezerkleinerers\" class=\"wp-image-8103\" srcset=\"https:\/\/www.agriculture-machine.com\/wp-content\/uploads\/2020\/11\/The-Structure-Chaff-cutter-and-Grain-Grinder.jpg 720w, https:\/\/www.agriculture-machine.com\/wp-content\/uploads\/2020\/11\/The-Structure-Chaff-cutter-and-Grain-Grinder-360x270.jpg 360w, https:\/\/www.agriculture-machine.com\/wp-content\/uploads\/2020\/11\/The-Structure-Chaff-cutter-and-Grain-Grinder-240x180.jpg 240w\" sizes=\"auto, (max-width: 720px) 100vw, 720px\" \/><figcaption class=\"wp-element-caption\">Die Struktur des Heu-Schneiders und Getreidezerkleinerers<\/figcaption><\/figure>    <p>Diese Maschine verf\u00fcgt \u00fcber einen Getreideeingang, Heu-Eingang, Kupferkernmotor, hohen Auslauf, Schutzabdeckung, Ausgang und mobile Rollen.<\/p>    <h3 class=\"wp-block-heading\" id=\"h-internal-blade-structure-of-9zf-1200-chaff-cutter-and-grain-grinder\">Innere Messerstruktur des 9ZF-1200 Heu-Schneiders und Getreidezerkleinerers<\/h3>    <figure class=\"wp-block-image aligncenter size-full wp-image-8104\"><img loading=\"lazy\" decoding=\"async\" width=\"720\" height=\"540\" src=\"https:\/\/www.agriculture-machine.com\/wp-content\/uploads\/2020\/11\/The-blade-of-Chaff-cutter-and-Grain-Grinder.jpg\" alt=\"Das Messer des Heu-Schneiders und Getreidezerkleinerers\" class=\"wp-image-8104\" srcset=\"https:\/\/www.agriculture-machine.com\/wp-content\/uploads\/2020\/11\/The-blade-of-Chaff-cutter-and-Grain-Grinder.jpg 720w, https:\/\/www.agriculture-machine.com\/wp-content\/uploads\/2020\/11\/The-blade-of-Chaff-cutter-and-Grain-Grinder-360x270.jpg 360w, https:\/\/www.agriculture-machine.com\/wp-content\/uploads\/2020\/11\/The-blade-of-Chaff-cutter-and-Grain-Grinder-240x180.jpg 240w\" sizes=\"auto, (max-width: 720px) 100vw, 720px\" \/><figcaption class=\"wp-element-caption\">Das Messer des Heu-Schneiders und Getreidezerkleinerers<\/figcaption><\/figure>    <h3 class=\"wp-block-heading\" id=\"h-machine-parameters-of-9zf-1200-chaff-cutter-and-grain-grinder\">Technische Parameter des 9ZF-1200 Heu-Schneiders und Getreidezerkleinerers<\/h3>    <figure class=\"wp-block-table is-style-stripes\"><table><tbody><tr><td>9ZR-1200 Heu-Schneider und Getreidezerkleinerer<\/td><\/tr><tr><td>Leistung: 3KW<\/td><td>Motordrehzahl: 2800 rpm<\/td><\/tr><tr><td>Maschinengewicht: 55KG<\/td><td>Gr\u00f6\u00dfe: 920*930*1250mm<\/td><\/tr><tr><td>Maschinenleistung: 1200KG\/H<\/td><td>Zerkleinerungseffizienz: 300-500KG\/H<\/td><\/tr><tr><td>Anzahl der Messer: 3<\/td><td>Schlegelmesser: 24<\/td><\/tr><tr><td>Dreieckiger Reibemesser: 18<\/td><td>Anzahl der Siebe: 4<\/td><\/tr><tr><td>F\u00fctterungsmethode: manuelle Zuf\u00fchrung<\/td><td>Austrittseffekt: Weich, seidig \/ Pulver<\/td><\/tr><\/tbody><\/table><figcaption class=\"wp-element-caption\">Technische Daten des Heu-Schneiders<\/figcaption><\/figure>    <h2 class=\"wp-block-heading\" id=\"h-the-chaff-cutter-and-grinder-price\">Kontaktieren Sie uns jederzeit<\/h2>    <p class=\"translation-block\">Zusammenfassend haben wir in der Serie drei verschiedene Silage- und Heu-Schneider sowie Getreidezerkleinerer vorgestellt, mit unterschiedlichen Leistungen, Strukturen und Preisen. Wir k\u00f6nnen die passendste Maschine f\u00fcr Ihre Rohstoffe und Ihren Industriezweig konfigurieren.<\/p>    <p>Durch effiziente Produktionsprozesse und optimierte Materialverteilung k\u00f6nnen wir hohe Qualit\u00e4t bei gleichzeitig vern\u00fcnftigen Kosten gew\u00e4hrleisten. F\u00fcr weitere Informationen f\u00fcllen Sie bitte das Formular auf der rechten Seite aus, und kontaktieren Sie uns gerne.<\/p>","protected":false},"excerpt":{"rendered":"<p>Der Heu-Schneider und Getreidezerkleinerer integriert Schneiden, Kneten und Zerkleinern in einem, geeignet f\u00fcr Silage, Weide, Stroh und Getreideverarbeitung. Wird in Zucht, Futter, Lebensmittel, Pharma und anderen Industrien breit eingesetzt.<\/p>","protected":false},"author":1,"featured_media":8109,"parent":0,"comment_status":"closed","ping_status":"closed","template":"","tags":[780,591,761],"product-type":[911,246,2],"class_list":["post-8094","product","type-product","status-publish","has-post-thumbnail","hentry","tag-grass","tag-silage","tag-straw","product-type-combined-chaff-cutter-and-maize-crusher","product-type-hot-sale","product-type-products"],"_links":{"self":[{"href":"https:\/\/www.agriculture-machine.com\/de\/wp-json\/wp\/v2\/product\/8094","targetHints":{"allow":["GET"]}}],"collection":[{"href":"https:\/\/www.agriculture-machine.com\/de\/wp-json\/wp\/v2\/product"}],"about":[{"href":"https:\/\/www.agriculture-machine.com\/de\/wp-json\/wp\/v2\/types\/product"}],"author":[{"embeddable":true,"href":"https:\/\/www.agriculture-machine.com\/de\/wp-json\/wp\/v2\/users\/1"}],"replies":[{"embeddable":true,"href":"https:\/\/www.agriculture-machine.com\/de\/wp-json\/wp\/v2\/comments?post=8094"}],"wp:featuredmedia":[{"embeddable":true,"href":"https:\/\/www.agriculture-machine.com\/de\/wp-json\/wp\/v2\/media\/8109"}],"wp:attachment":[{"href":"https:\/\/www.agriculture-machine.com\/de\/wp-json\/wp\/v2\/media?parent=8094"}],"wp:term":[{"taxonomy":"post_tag","embeddable":true,"href":"https:\/\/www.agriculture-machine.com\/de\/wp-json\/wp\/v2\/tags?post=8094"},{"taxonomy":"product-type","embeddable":true,"href":"https:\/\/www.agriculture-machine.com\/de\/wp-json\/wp\/v2\/product-type?post=8094"}],"curies":[{"name":"wp","href":"https:\/\/api.w.org\/{rel}","templated":true}]}}