{"id":8326,"date":"2020-12-11T16:16:18","date_gmt":"2020-12-11T08:16:18","guid":{"rendered":"https:\/\/www.agriculture-machine.com\/?p=8326"},"modified":"2025-12-22T17:36:20","modified_gmt":"2025-12-22T09:36:20","slug":"walking-tractor-simplicity-walking-tractor","status":"publish","type":"product","link":"https:\/\/www.agriculture-machine.com\/de\/walking-tractor-simplicity-walking-tractor\/","title":{"rendered":"Kleiner und einfacher landwirtschaftlicher Walk-Traktor"},"content":{"rendered":"<p>Der kleine landwirtschaftliche Walking-Traktor, leicht und flexibel, aber mit kraftvollem Antrieb, kann problemlos eine Vielzahl landwirtschaftlicher Arbeiten wie Pfl\u00fcgen, S\u00e4en, Ernten, Transportieren und mehr mit nur einer Person am Steuer ausf\u00fchren.<\/p>    <p>Whether it&#8217;s a plain or a mountainous area, it can realize the whole process of operation with more than a hundred kinds of accessories such as quick-changeable plows, seeders, harvesters, fertilizer spreaders and so on.<\/p>    <p>Das einfache Bedien- und Handhabungsdesign des Handgriffs erm\u00f6glicht es dem Bediener, intuitiv Ein\/Aus, Kupplung und Geschwindigkeitsanpassung zu erfassen. Das kompakte Dieselmotorensystem sorgt f\u00fcr starkes Drehmoment bei geringem Kraftstoffverbrauch und einfacher Wartung.<\/p>    <figure class=\"wp-block-embed aligncenter is-type-video is-provider-youtube wp-block-embed-youtube wp-embed-aspect-16-9 wp-has-aspect-ratio\"><div class=\"wp-block-embed__wrapper\"> <iframe loading=\"lazy\" title=\"Was k\u00f6nnen Sie mit einem Walking-Traktor machen? #walkingtractor, #Pflugmaschine, #Zweiradtraktor\" width=\"500\" height=\"281\" src=\"https:\/\/www.youtube.com\/embed\/fxYFIychRc4?feature=oembed\" frameborder=\"0\" allow=\"accelerometer; autoplay; clipboard-write; encrypted-media; gyroscope; picture-in-picture; web-share\" referrerpolicy=\"strict-origin-when-cross-origin\" allowfullscreen><\/iframe> <\/div><figcaption class=\"wp-element-caption\">Arbeitsvideo des landwirtschaftlichen Walking-Traktors<\/figcaption><\/figure>    <h2 class=\"wp-block-heading\">Walking-Traktor mit Anbauger\u00e4ten<\/h2>    <p>Der landwirtschaftliche Walking-Traktor kann mit verschiedenen Anbauger\u00e4ten kombiniert werden, darunter Doppel-Scheibenpflug, Einzelpflug, Doppelpflug, Schlammrad, Rotavator, Weizens\u00e4maschine, Maispflanzer, Anh\u00e4nger, Reihen und Wasserpumpen. <\/p>    <p>Alles, was Sie tun m\u00fcssen, ist, die landwirtschaftlichen Werkzeuge auszutauschen, um verschiedene landwirtschaftliche Aufgaben zu bew\u00e4ltigen!<\/p>    <figure class=\"wp-block-gallery has-nested-images columns-3 is-cropped wp-block-gallery-2 is-layout-flex wp-block-gallery-is-layout-flex\"> <figure class=\"wp-block-image size-large\"><img loading=\"lazy\" decoding=\"async\" width=\"720\" height=\"541\" data-id=\"12859\" src=\"https:\/\/www.agriculture-machine.com\/wp-content\/uploads\/2020\/12\/small-tractor-1-.jpg\" alt=\"Kleiner Traktor\" class=\"wp-image-12859\" srcset=\"https:\/\/www.agriculture-machine.com\/wp-content\/uploads\/2020\/12\/small-tractor-1-.jpg 720w, https:\/\/www.agriculture-machine.com\/wp-content\/uploads\/2020\/12\/small-tractor-1--360x270.jpg 360w, https:\/\/www.agriculture-machine.com\/wp-content\/uploads\/2020\/12\/small-tractor-1--240x180.jpg 240w\" sizes=\"auto, (max-width: 720px) 100vw, 720px\" \/><figcaption class=\"wp-element-caption\">Kleiner Traktor <\/figcaption><\/figure>    <figure class=\"wp-block-image size-large\"><img loading=\"lazy\" decoding=\"async\" width=\"720\" height=\"540\" data-id=\"12860\" src=\"https:\/\/www.agriculture-machine.com\/wp-content\/uploads\/2020\/12\/farm-walking-tractor1.jpg\" alt=\"Anbauger\u00e4te f\u00fcr landwirtschaftliche Walking-Traktoren\" class=\"wp-image-12860\" srcset=\"https:\/\/www.agriculture-machine.com\/wp-content\/uploads\/2020\/12\/farm-walking-tractor1.jpg 720w, https:\/\/www.agriculture-machine.com\/wp-content\/uploads\/2020\/12\/farm-walking-tractor1-360x270.jpg 360w, https:\/\/www.agriculture-machine.com\/wp-content\/uploads\/2020\/12\/farm-walking-tractor1-240x180.jpg 240w\" sizes=\"auto, (max-width: 720px) 100vw, 720px\" \/><figcaption class=\"wp-element-caption\">Anbauger\u00e4te f\u00fcr landwirtschaftliche Walking-Traktoren<\/figcaption><\/figure> <\/figure>    <h2 class=\"wp-block-heading\">Verschiedene Verwendungszwecke des Walk-Behind-Traktors&nbsp;<\/h2>    <h3 class=\"wp-block-heading\">Pfl\u00fcgen<\/h3>    <p>Der landwirtschaftliche Walking-Traktor mit Pflug \u2013 auch bekannt als Walking-Traktor-Pflug. Diese Maschine ist \u00e4u\u00dferst effizient, benutzerfreundlich und ideal zum Lockern des Bodens.<\/p>    <figure class=\"wp-block-embed aligncenter is-type-video is-provider-youtube wp-block-embed-youtube wp-embed-aspect-4-3 wp-has-aspect-ratio\"><div class=\"wp-block-embed__wrapper\"> <iframe loading=\"lazy\" title=\"Walking-Traktor\/Walking-Traktor mit Pflug\/Pfl\u00fcgen des Feldes mit Walking-Traktor\" width=\"500\" height=\"375\" src=\"https:\/\/www.youtube.com\/embed\/JB7ozo20LVk?feature=oembed\" frameborder=\"0\" allow=\"accelerometer; autoplay; clipboard-write; encrypted-media; gyroscope; picture-in-picture; web-share\" referrerpolicy=\"strict-origin-when-cross-origin\" allowfullscreen><\/iframe> <\/div><figcaption class=\"wp-element-caption\">Traktor arbeitet mit Pflug<\/figcaption><\/figure>    <h3 class=\"wp-block-heading\">Grabenarbeiten<\/h3>    <p>Auf der Suche nach einer landwirtschaftlichen L\u00f6sung? Schauen Sie sich den Walking-Traktor mit Grabenfr\u00e4se an! Dieses leistungsstarke Duo kann nahezu alle Grabenarbeiten auf Ihrem Hof bew\u00e4ltigen.<\/p>    <figure class=\"wp-block-embed aligncenter is-type-video is-provider-youtube wp-block-embed-youtube wp-embed-aspect-16-9 wp-has-aspect-ratio\"><div class=\"wp-block-embed__wrapper\"> <iframe loading=\"lazy\" title=\"Walking-Traktor mit Grabenfr\u00e4se\/Walking-Traktor\" width=\"500\" height=\"281\" src=\"https:\/\/www.youtube.com\/embed\/tmkBMoxVov0?feature=oembed\" frameborder=\"0\" allow=\"accelerometer; autoplay; clipboard-write; encrypted-media; gyroscope; picture-in-picture; web-share\" referrerpolicy=\"strict-origin-when-cross-origin\" allowfullscreen><\/iframe> <\/div><figcaption class=\"wp-element-caption\">Walking-Traktor mit Grabenfr\u00e4se<\/figcaption><\/figure>    <h3 class=\"wp-block-heading\">Reihenbildung<\/h3>    <p>Ein kleiner landwirtschaftlicher Walking-Traktor, der f\u00fcr das Reihenger\u00e4t konzipiert ist \u2013 speziell ein Walking-Traktor-Reihenger\u00e4t. <\/p>    <p>Dieses Ger\u00e4t ist perfekt f\u00fcr das Pflanzen von S\u00fc\u00dfkartoffeln, Tomaten, Erdbeeren, Kartoffeln, Erdn\u00fcssen, Radieschen und mehr.<\/p>    <figure class=\"wp-block-embed aligncenter is-type-video is-provider-youtube wp-block-embed-youtube wp-embed-aspect-16-9 wp-has-aspect-ratio\"><div class=\"wp-block-embed__wrapper\"> <iframe loading=\"lazy\" title=\"Walking-Traktor\/Walking-Traktor mit Reihenger\u00e4t\/Reihenger\u00e4t\" width=\"500\" height=\"281\" src=\"https:\/\/www.youtube.com\/embed\/QUPr2rJ2jhw?feature=oembed\" frameborder=\"0\" allow=\"accelerometer; autoplay; clipboard-write; encrypted-media; gyroscope; picture-in-picture; web-share\" referrerpolicy=\"strict-origin-when-cross-origin\" allowfullscreen><\/iframe> <\/div><figcaption class=\"wp-element-caption\">landwirtschaftlicher Walking-Traktor mit Reihenger\u00e4t<\/figcaption><\/figure>    <h3 class=\"wp-block-heading\">Rotierende Bodenbearbeitung<\/h3>    <p>Auf der Suche nach einem leistungsstarken Werkzeug f\u00fcr Ihre landwirtschaftlichen Bed\u00fcrfnisse? Schauen Sie sich den Diesel-Motor-Walking-Traktor mit Rotationsbodenbearbeitung an! <\/p>    <p>This tiller, designed to work with a 15 Hp walking tractor, lets you dig anywhere from 6 to 10 inches deep. It&#8217;s similar to a rototiller, and its main job is to churn the soil, helping to aerate and break it up for better planting.<\/p>    <figure class=\"wp-block-embed aligncenter is-type-video is-provider-youtube wp-block-embed-youtube wp-embed-aspect-4-3 wp-has-aspect-ratio\"><div class=\"wp-block-embed__wrapper\"> <iframe loading=\"lazy\" title=\"Walking-Traktor\/Walking-Traktor mit Rotationsbodenbearbeitung.\" width=\"500\" height=\"375\" src=\"https:\/\/www.youtube.com\/embed\/IkBjgBirCS8?feature=oembed\" frameborder=\"0\" allow=\"accelerometer; autoplay; clipboard-write; encrypted-media; gyroscope; picture-in-picture; web-share\" referrerpolicy=\"strict-origin-when-cross-origin\" allowfullscreen><\/iframe> <\/div><figcaption class=\"wp-element-caption\">Walk-Behind-Traktor mit Rotationsbodenbearbeitung<\/figcaption><\/figure>    <h2 class=\"wp-block-heading\">Walking-Traktor mit <a href=\"https:\/\/www.agriculture-machine.com\/de\/corn-planter\/\">Maispflanzer<\/a> und Weizensaat<\/h2>    <p>Wenn Sie einen Mais- oder Weizenpflanzer mit Ihrem kleinen Walking-Traktor kombinieren, k\u00f6nnen Sie Ihre Getreidesamen effektiv direkt in den Boden pflanzen, wo sie gedeihen k\u00f6nnen. <\/p>    <p>Dieser Ansatz erh\u00f6ht die \u00dcberlebensrate der Samen erheblich und verbessert die Qualit\u00e4t der Setzlinge.<\/p>    <figure class=\"wp-block-gallery has-nested-images columns-default is-cropped wp-block-gallery-3 is-layout-flex wp-block-gallery-is-layout-flex\"> <figure class=\"wp-block-image size-large\"><img loading=\"lazy\" decoding=\"async\" width=\"720\" height=\"540\" data-id=\"12864\" src=\"https:\/\/www.agriculture-machine.com\/wp-content\/uploads\/2020\/12\/manual-walking-tractor-with-corn-planter-2.jpg\" alt=\"Manueller Walking-Traktor mit Maispflanzmaschine\" class=\"wp-image-12864\" srcset=\"https:\/\/www.agriculture-machine.com\/wp-content\/uploads\/2020\/12\/manual-walking-tractor-with-corn-planter-2.jpg 720w, https:\/\/www.agriculture-machine.com\/wp-content\/uploads\/2020\/12\/manual-walking-tractor-with-corn-planter-2-360x270.jpg 360w, https:\/\/www.agriculture-machine.com\/wp-content\/uploads\/2020\/12\/manual-walking-tractor-with-corn-planter-2-240x180.jpg 240w\" sizes=\"auto, (max-width: 720px) 100vw, 720px\" \/><figcaption class=\"wp-element-caption\">Manueller Walking-Traktor mit Maispflanzmaschine <\/figcaption><\/figure>    <figure class=\"wp-block-image size-large\"><img loading=\"lazy\" decoding=\"async\" width=\"720\" height=\"540\" data-id=\"12863\" src=\"https:\/\/www.agriculture-machine.com\/wp-content\/uploads\/2020\/12\/walking-tractor-with-wheat-seeder-2.jpg\" alt=\"landwirtschaftlicher Walking-Traktor mit Weizens\u00e4maschine\" class=\"wp-image-12863\" srcset=\"https:\/\/www.agriculture-machine.com\/wp-content\/uploads\/2020\/12\/walking-tractor-with-wheat-seeder-2.jpg 720w, https:\/\/www.agriculture-machine.com\/wp-content\/uploads\/2020\/12\/walking-tractor-with-wheat-seeder-2-360x270.jpg 360w, https:\/\/www.agriculture-machine.com\/wp-content\/uploads\/2020\/12\/walking-tractor-with-wheat-seeder-2-240x180.jpg 240w\" sizes=\"auto, (max-width: 720px) 100vw, 720px\" \/><figcaption class=\"wp-element-caption\">landwirtschaftlicher Walking-Traktor mit Weizens\u00e4maschine<\/figcaption><\/figure> <\/figure>    <h2 class=\"wp-block-heading\">Simplicity Walking-Traktor mit Anh\u00e4nger<\/h2>    <p>Wenn Sie einen Anh\u00e4nger mit einem Hand-Walking-Traktor kombinieren, er\u00f6ffnen sich eine Vielzahl von All-Terrain-Transportm\u00f6glichkeiten. <\/p>    <p>Au\u00dferdem erweitert es den Aufgabenbereich, den Walking-Traktoren auf Ihrem vielf\u00e4ltigen Hof bew\u00e4ltigen k\u00f6nnen. Zum Beispiel k\u00f6nnen sie effizient Ernteg\u00fcter von Feldern, Ballenpressen, Obstg\u00e4rten oder Weiden transportieren.<\/p>    <figure class=\"wp-block-image aligncenter size-full\"><img loading=\"lazy\" decoding=\"async\" width=\"720\" height=\"540\" src=\"https:\/\/www.agriculture-machine.com\/wp-content\/uploads\/2020\/12\/walking-tractor-with-trailer1.jpg\" alt=\"Walking-Traktor mit Anh\u00e4nger\" class=\"wp-image-12867\" srcset=\"https:\/\/www.agriculture-machine.com\/wp-content\/uploads\/2020\/12\/walking-tractor-with-trailer1.jpg 720w, https:\/\/www.agriculture-machine.com\/wp-content\/uploads\/2020\/12\/walking-tractor-with-trailer1-360x270.jpg 360w, https:\/\/www.agriculture-machine.com\/wp-content\/uploads\/2020\/12\/walking-tractor-with-trailer1-240x180.jpg 240w\" sizes=\"auto, (max-width: 720px) 100vw, 720px\" \/><figcaption class=\"wp-element-caption\">Walking-Traktor mit Anh\u00e4nger<\/figcaption><\/figure>    <h2 class=\"wp-block-heading\"><a href=\"https:\/\/www.agriculture-machine.com\/de\/how-much-is-the-price-of-a-farm-walking-tractor\/\">Preis f\u00fcr kleinen Walking-Traktor<\/a><\/h2>    <p>Unsere landwirtschaftlichen Walking-Traktoren gibt es in verschiedenen Pferdest\u00e4rken, und sie k\u00f6nnen mit einer Vielzahl von landwirtschaftlichen Ger\u00e4ten kombiniert werden, um alle Arten von landwirtschaftlichen Aufgaben zu bew\u00e4ltigen. <\/p>    <p>Whether you&#8217;re plowing, rotary tilling, ridging, or sowing, our machines have got you covered. If you&#8217;re interested in learning more about our walking tractors, feel free to reach out to us!<\/p>    <figure class=\"wp-block-table is-style-stripes\"><table><tbody><tr><td> <p>Modell<\/p> <\/td><td colspan=\"2\"> <p>&nbsp;15PS Walking-Traktor<\/p> <\/td><\/tr><tr><td> <p>Motorparameter<\/p> <\/td><td> <p>Motormodell<\/p> <\/td><td> <p>ZS1100<\/p> <\/td><\/tr><tr><td>&nbsp;<\/td><td><p>Motortyp<\/p><\/td><td> <p>Einzeln, horizontal, wassergek\u00fchlt, Viertakt<\/p> <\/td><\/tr><tr><td>&nbsp;<\/td><td> <p>Startmethode<\/p> <\/td><td> <p>Handstart\/Elektrischer Start<\/p> <\/td><\/tr><tr><td>&nbsp;<\/td><td><p>Verbrennungssystem<\/p><\/td><td> <p>Direkteinspritzung<\/p> <\/td><\/tr><tr><td>&nbsp;<\/td><td> <p>K\u00fchlungsart<\/p> <\/td><td> <p>Verdampfung\/Kondensation<\/p> <\/td><\/tr><tr><td>&nbsp;<\/td><td> <p>Leistung<\/p> <\/td><td> <p>1 Stunde: 12,13kw\/16hp<\/p> <\/td><\/tr><tr><td>&nbsp;<\/td><td>&nbsp;<\/td><td> <p>12 Stunden: 11,03kw\/15hp<\/p> <\/td><\/tr><tr><td> <p>Abmessungen (LxBxH)<\/p> <\/td><td colspan=\"2\"> <p>2680\u00d7960\u00d71250mm<\/p> <\/td><\/tr><tr><td><p>Min. Bodendistanz<\/p><\/td><td colspan=\"2\"> <p>185mm<\/p> <\/td><\/tr><tr><td> <p>Radstand<\/p> <\/td><td colspan=\"2\"> <p>580-600mm<\/p> <\/td><\/tr><tr><td> <p>Gewicht<\/p> <\/td><td colspan=\"2\"> <p>350kg<\/p> <\/td><\/tr><tr><td><p>Reifenmodell<\/p><\/td><td colspan=\"2\"> <p>6.00-12<\/p> <\/td><\/tr><tr><td><p>Reifendruck<\/p><\/td><td><p>Feldarbeit<\/p><\/td><td> <p>80~200(0,8~2,0kgf\/cm<sup>2<\/sup>)<\/p> <\/td><\/tr><tr><td>&nbsp;<\/td><td><p>Transportarbeiten<\/p><\/td><td> <p>140-200(1,4~2,0kgf\/cm2\u00a0)<\/p> <\/td><\/tr><\/tbody><\/table><figcaption class=\"wp-element-caption\">Parameter des landwirtschaftlichen Walking-Traktors<\/figcaption><\/figure>    <h2 class=\"wp-block-heading\" id=\"h-maintenance-of-the-two-wheel-walking-tractor\">Wartung des Zweirad-Walking-Traktors<\/h2>    <p>If a walk-behind tractor sits idle for an extended period, it can run into some issues. To prevent any problems when you decide to use it again, it&#8217;s important to take some maintenance steps.<\/p>    <ul class=\"wp-block-list\"> <li>Zuerst \u00fcberlegen Sie, wo Sie ihn parken. Idealerweise sollten Sie ihn in einem Lagerhaus aufbewahren, aber stellen Sie sicher, dass er nicht neben chemischen D\u00fcngemitteln oder Pestiziden steht, um Korrosion an den Teilen zu vermeiden.<\/li>    <li>Wenn Sie ihn drau\u00dfen lassen m\u00fcssen, w\u00e4hlen Sie einen hohen, trockenen und gut bel\u00fcfteten Platz und decken Sie ihn mit Plastikfolie ab, um ihn vor mechanischer Besch\u00e4digung und Rost zu sch\u00fctzen.<\/li>    <li>Verwenden Sie Holzkl\u00f6tze oder Mauerwerk, um den Traktor hochzulegen und den Druck auf die Reifen zu verringern. Wenn Sie diese Unterst\u00fctzung nicht bieten k\u00f6nnen, stellen Sie sicher, dass Sie die Reifen um 10% bis 20% aufpumpen und regelm\u00e4\u00dfig \u00fcberpr\u00fcfen, um sie richtig aufgepumpt zu halten.<\/li>    <li>Make sure to scrub off any dirt and oil from the tractor&#8217;s exterior, and give it a thorough inspection. Adjust and tighten all parts and screws to prevent any loosening or falling off.<\/li>    <li>Wenn es um Fl\u00fcssigkeiten geht, entleeren Sie nach dem Stillstand des Traktors das K\u00fchlwasser, Diesel und Motor\u00f6l. F\u00fcllen Sie es bei der n\u00e4chsten Verwendung mit sauberem \u00d6l und Wasser nach.<\/li>    <li>Gie\u00dfen Sie eine geeignete Menge an dehydriertem Motor\u00f6l in die Ansaugleitung und drehen Sie die Kurbelwelle, um sicherzustellen, dass das \u00d6l den Kolben, Kolbenstange, Zylinderlaufbuchse und Ventil bedeckt.<\/li>    <li>F\u00fcr den Injektor entfernen Sie ihn, reinigen ihn und legen ihn in sauberen Diesel. Lockern Sie die Einstellschraube und verschlie\u00dfen Sie die Injektor\u00f6ffnung mit einem Holzstopfen.<\/li>    <li>Zuletzt f\u00fcllen Sie die Achsboxe mit \u00d6l. Gie\u00dfen Sie 1kg dehydriertes Motor\u00f6l in den Kurbelgeh\u00e4use, drehen Sie die Kurbelwelle einige Male, um sicherzustellen, dass das Schmierungssystem mit \u00d6l gef\u00fcllt ist.<\/li> <\/ul>    <p>&nbsp;<\/p>    <p>Wenn Sie an unseren landwirtschaftlichen Gehtraktoren interessiert sind, z\u00f6gern Sie bitte nicht, uns zu kontaktieren. Wir bauen die passendste Maschine f\u00fcr Sie.<\/p>","protected":false},"excerpt":{"rendered":"<p>Der landwirtschaftliche Walking-Traktor hat in der Regel zwei R\u00e4der. Er kann von einer Person gesteuert werden. Er kann mit verschiedenen landwirtschaftlichen Maschinen wie Kultivatoren, Anh\u00e4ngern, Bodenbearbeitern, Pflanzmaschinen, Erntemaschinen usw. arbeiten.<\/p>","protected":false},"author":1,"featured_media":12797,"parent":0,"comment_status":"closed","ping_status":"closed","template":"","tags":[698],"product-type":[878],"class_list":["post-8326","product","type-product","status-publish","has-post-thumbnail","hentry","tag-tractor","product-type-manual-tractor"],"_links":{"self":[{"href":"https:\/\/www.agriculture-machine.com\/de\/wp-json\/wp\/v2\/product\/8326","targetHints":{"allow":["GET"]}}],"collection":[{"href":"https:\/\/www.agriculture-machine.com\/de\/wp-json\/wp\/v2\/product"}],"about":[{"href":"https:\/\/www.agriculture-machine.com\/de\/wp-json\/wp\/v2\/types\/product"}],"author":[{"embeddable":true,"href":"https:\/\/www.agriculture-machine.com\/de\/wp-json\/wp\/v2\/users\/1"}],"replies":[{"embeddable":true,"href":"https:\/\/www.agriculture-machine.com\/de\/wp-json\/wp\/v2\/comments?post=8326"}],"wp:featuredmedia":[{"embeddable":true,"href":"https:\/\/www.agriculture-machine.com\/de\/wp-json\/wp\/v2\/media\/12797"}],"wp:attachment":[{"href":"https:\/\/www.agriculture-machine.com\/de\/wp-json\/wp\/v2\/media?parent=8326"}],"wp:term":[{"taxonomy":"post_tag","embeddable":true,"href":"https:\/\/www.agriculture-machine.com\/de\/wp-json\/wp\/v2\/tags?post=8326"},{"taxonomy":"product-type","embeddable":true,"href":"https:\/\/www.agriculture-machine.com\/de\/wp-json\/wp\/v2\/product-type?post=8326"}],"curies":[{"name":"wp","href":"https:\/\/api.w.org\/{rel}","templated":true}]}}