{"id":90,"date":"2018-07-12T03:02:30","date_gmt":"2018-07-11T19:02:30","guid":{"rendered":"https:\/\/www.agriculture-machine.com\/?p=90"},"modified":"2024-10-24T14:11:29","modified_gmt":"2024-10-24T06:11:29","slug":"maize-peeler-and-thresher","status":"publish","type":"product","link":"https:\/\/www.agriculture-machine.com\/de\/maize-peeler-and-thresher\/","title":{"rendered":"Mais-Sch\u00e4ler Maschine | Mais-Sch\u00e4ler | Mais-Peeler und -Sch\u00e4ler"},"content":{"rendered":"<div class=\"img\"> <h2>Kurze Einf\u00fchrung des Maisentkerners<\/h2> <p class=\"translation-block\"><a href=\"https:\/\/www.agriculture-machine.com\/de\/maize-sheller\/\">Maisreinigungsmaschine<\/a> bezieht sich auf eine mechanische Vorrichtung zum Rechen von Mais. Die Maisreinigungsmaschine zeichnet sich durch hohe Automatisierung, starke Sicherheit, einfache Bedienung und niedrigen Energieverbrauch aus.<\/p> <p class=\"translation-block\">Der innere Teil der <a href=\"https:\/\/www.agriculture-machine.com\/de\/corn-thresher-a-good-helper-for-farmers\/\"><strong>Maisentkerner<\/strong><\/a> ist eine Auf- und Ab-Struktur, bei der die Maish\u00fclle zuerst gesch\u00e4lt und dann gereinigt wird. Der zylindrische Hammer ist ein wichtiger Bestandteil, um die Schale und den Kern unzerbrochen zu halten. Mit durchdachtem Design und hoher Kapazit\u00e4t ist dieser Maissch\u00e4ler wirklich ein n\u00fctzliches Werkzeug f\u00fcr Landwirte und eignet sich f\u00fcr den Haus- oder Industriebetrieb, was die Arbeitseffizienz erheblich steigert.<\/p> <\/div>    <figure class=\"wp-block-image alignnone size-full wp-image-8656\"><img loading=\"lazy\" decoding=\"async\" width=\"720\" height=\"540\" src=\"https:\/\/www.agriculture-machine.com\/wp-content\/uploads\/2018\/07\/Cylindroid-hammer-of-corn-sheller.jpg\" alt=\"Zylindrischer-Hammer-des-Maisentkernes\" class=\"wp-image-8656\" srcset=\"https:\/\/www.agriculture-machine.com\/wp-content\/uploads\/2018\/07\/Cylindroid-hammer-of-corn-sheller.jpg 720w, https:\/\/www.agriculture-machine.com\/wp-content\/uploads\/2018\/07\/Cylindroid-hammer-of-corn-sheller-360x270.jpg 360w, https:\/\/www.agriculture-machine.com\/wp-content\/uploads\/2018\/07\/Cylindroid-hammer-of-corn-sheller-240x180.jpg 240w\" sizes=\"auto, (max-width: 720px) 100vw, 720px\" \/><figcaption class=\"wp-element-caption\">Zylindrischer-Hammer-des-Maisentkernes<\/figcaption><\/figure>    <h2 class=\"wp-block-heading\">Arbeitsvideo der Maisreinigungsmaschine<\/h2>   <p><iframe loading=\"lazy\" title=\"Hochtechnologie 1,5 t\/h Maisentkerner zum Verkauf \/ Maissch\u00e4ler \/ Fabrikpreis f\u00fcr Maisreinigungsmaschine\" width=\"500\" height=\"281\" src=\"https:\/\/www.youtube.com\/embed\/1I_5hDldvw4?feature=oembed\" frameborder=\"0\" allow=\"accelerometer; autoplay; clipboard-write; encrypted-media; gyroscope; picture-in-picture; web-share\" referrerpolicy=\"strict-origin-when-cross-origin\" allowfullscreen><\/iframe><\/p>    <figure class=\"wp-block-image aligncenter\"><img loading=\"lazy\" decoding=\"async\" width=\"500\" height=\"600\" src=\"https:\/\/www.agriculture-machine.com\/wp-content\/uploads\/2018\/07\/corn-shelling-machine-8.jpg\" alt=\"\" class=\"wp-image-2891\" srcset=\"https:\/\/www.agriculture-machine.com\/wp-content\/uploads\/2018\/07\/corn-shelling-machine-8.jpg 500w, https:\/\/www.agriculture-machine.com\/wp-content\/uploads\/2018\/07\/corn-shelling-machine-8-225x270.jpg 225w, https:\/\/www.agriculture-machine.com\/wp-content\/uploads\/2018\/07\/corn-shelling-machine-8-450x540.jpg 450w\" sizes=\"auto, (max-width: 500px) 100vw, 500px\" \/><\/figure>    <h2 class=\"wp-block-heading\">Passende Leistung der Maisreinigungsmaschine<\/h2>    <p>To meet customer&#8217;s different requirements, our maize thresher can be driven by a 2.2KW motor, 170F gasoline engine, or 8 HP diesel engine.<\/p>    <figure class=\"wp-block-image aligncenter\"><img loading=\"lazy\" decoding=\"async\" width=\"500\" height=\"600\" src=\"https:\/\/www.agriculture-machine.com\/wp-content\/uploads\/2018\/07\/corn-shelling-machine-9.jpg\" alt=\"\" class=\"wp-image-2892\" srcset=\"https:\/\/www.agriculture-machine.com\/wp-content\/uploads\/2018\/07\/corn-shelling-machine-9.jpg 500w, https:\/\/www.agriculture-machine.com\/wp-content\/uploads\/2018\/07\/corn-shelling-machine-9-225x270.jpg 225w, https:\/\/www.agriculture-machine.com\/wp-content\/uploads\/2018\/07\/corn-shelling-machine-9-450x540.jpg 450w\" sizes=\"auto, (max-width: 500px) 100vw, 500px\" \/><\/figure>    <h2 class=\"wp-block-heading\">Vorteile der Maisreinigungsmaschine<\/h2>    <ol class=\"wp-block-list\"> <li>Der Saugl\u00fcfter kann Verunreinigungen wie Maissilber, Maishaut, Staub usw. aus den K\u00f6rnern absaugen.<\/li>    <li>Aufgrund der vier R\u00e4der ist die Maisreinigungsmaschine einfach zu installieren und w\u00e4hrend des Betriebs beweglich, und der Arbeitsbereich der Maisreinigungsmaschine ist nicht eingeschr\u00e4nkt.<\/li>    <li>Die Maisreinigungsmaschine hat zwei Funktionen, einmal das Entfernen der Maishaut und einmal das Reinigungsprozess, was die Arbeitszeit und Kosten im Vergleich zu einer Einzelfunktionsmaschine erheblich spart.<\/li>    <li>Hohe Effizienz ist das herausragende Merkmal, es kann 1-1,5 t Maisk\u00f6rner pro Stunde verarbeiten, da die Sch\u00e4l- und Reinigungsfunktion gleichzeitig ausgef\u00fchrt werden k\u00f6nnen. Wichtig ist, dass die Reinigungsrate 97 % erreicht, was bedeutet, dass fast alle K\u00f6rner intakt bleiben.<\/li>    <li>Niedrige Bruchrate. Sie liegt unter 3 %.<\/li> <\/ol>    <figure class=\"wp-block-image aligncenter size-full wp-image-9072\"><img loading=\"lazy\" decoding=\"async\" width=\"500\" height=\"600\" src=\"https:\/\/www.agriculture-machine.com\/wp-content\/uploads\/2018\/07\/corn-thresher-machine.jpg\" alt=\"Maisreinigungsmaschine\" class=\"wp-image-9072\" srcset=\"https:\/\/www.agriculture-machine.com\/wp-content\/uploads\/2018\/07\/corn-thresher-machine.jpg 500w, https:\/\/www.agriculture-machine.com\/wp-content\/uploads\/2018\/07\/corn-thresher-machine-225x270.jpg 225w, https:\/\/www.agriculture-machine.com\/wp-content\/uploads\/2018\/07\/corn-thresher-machine-450x540.jpg 450w\" sizes=\"auto, (max-width: 500px) 100vw, 500px\" \/><figcaption class=\"wp-element-caption\">Maisreinigungsmaschine<\/figcaption><\/figure>    <h2 class=\"wp-block-heading\">Technische Parameter der Maisentkerner<\/h2>    <figure class=\"wp-block-table is-style-stripes\"><table><tbody><tr><td>Modell<\/td><td>SL-AB2<\/td><\/tr><tr><td>Leistung<\/td><td>2,2 kW<\/td><\/tr><tr><td>Kapazit\u00e4t<\/td><td>1-1,5 t\/h<\/td><\/tr><tr><td>Gewicht<\/td><td>110 kg<\/td><\/tr><tr><td>Gr\u00f6\u00dfe<\/td><td>1050*500*1300mm<\/td><\/tr><\/tbody><\/table><figcaption class=\"wp-element-caption\">Detaillierte technische Daten der Maissch\u00e4lermaschine<\/figcaption><\/figure>    <h2 class=\"wp-block-heading\">Erfolgreicher Fall eines Maisentkernes<\/h2>    <p class=\"translation-block\">Wir haben zahlreiche Container mit <strong>Maisreinigungsmaschinen<\/strong> ins Ausland verkauft, z.B. Maschinen nach Pakistan <a href=\"https:\/\/www.agriculture-machine.com\/de\/maize-sheller-price-in-kenya\/\">besonders f\u00fcr den afrikanischen Markt<\/a>, (Nigeria, Ghana, Kenia, Marokko usw). <\/p>    <p>Diese Maisreinigungsmaschine ist bei all unseren Kunden sehr beliebt, weshalb sie der meistverkaufte Artikel in unserer Fabrik ist. <\/p>    <p>K\u00fcrzlich haben wir 1500 Maisentkerner nach Simbabwe als Regierungsbeschaffung geliefert. Es hat uns einen Monat gedauert, diese Bestellung abzuschlie\u00dfen und sie sorgf\u00e4ltig zu verpacken, um eine sichere Lieferung zu gew\u00e4hrleisten.<\/p>    <figure class=\"wp-block-image aligncenter\"><img loading=\"lazy\" decoding=\"async\" width=\"500\" height=\"600\" src=\"https:\/\/www.agriculture-machine.com\/wp-content\/uploads\/2018\/07\/corn-shelling-machine-5.jpg\" alt=\"\" class=\"wp-image-2888\" srcset=\"https:\/\/www.agriculture-machine.com\/wp-content\/uploads\/2018\/07\/corn-shelling-machine-5.jpg 500w, https:\/\/www.agriculture-machine.com\/wp-content\/uploads\/2018\/07\/corn-shelling-machine-5-225x270.jpg 225w, https:\/\/www.agriculture-machine.com\/wp-content\/uploads\/2018\/07\/corn-shelling-machine-5-450x540.jpg 450w\" sizes=\"auto, (max-width: 500px) 100vw, 500px\" \/><\/figure>    <figure class=\"wp-block-image aligncenter\"><img loading=\"lazy\" decoding=\"async\" width=\"500\" height=\"600\" src=\"https:\/\/www.agriculture-machine.com\/wp-content\/uploads\/2018\/07\/corn-shelling-machine-1.jpg\" alt=\"\" class=\"wp-image-2885\" srcset=\"https:\/\/www.agriculture-machine.com\/wp-content\/uploads\/2018\/07\/corn-shelling-machine-1.jpg 500w, https:\/\/www.agriculture-machine.com\/wp-content\/uploads\/2018\/07\/corn-shelling-machine-1-225x270.jpg 225w, https:\/\/www.agriculture-machine.com\/wp-content\/uploads\/2018\/07\/corn-shelling-machine-1-450x540.jpg 450w\" sizes=\"auto, (max-width: 500px) 100vw, 500px\" \/><\/figure>    <h2 class=\"wp-block-heading\">FAQ der Maisentkerner<\/h2>   <div id=\"rank-math-faq\" class=\"rank-math-block\"> <div class=\"rank-math-list\"> <div id=\"faq-question-1715244983299\" class=\"rank-math-list-item\"> <h3 class=\"rank-math-question\">Was ist die innere Struktur des<strong> Maissch\u00e4ler Maschine?<\/strong><\/h3> <div class=\"rank-math-answer\">  <p>Dies ist eine Auf- und Ab-Struktur-Reinigungsmaschine, was bedeutet, dass die Maschine zuerst die Schale sch\u00e4lt und dann das Korn reinigt.<\/p>  <\/div> <\/div> <div id=\"faq-question-1715244989064\" class=\"rank-math-list-item\"> <h3 class=\"rank-math-question\">Wie hoch ist die Kapazit\u00e4t dieser Maisentkerner?<\/h3> <div class=\"rank-math-answer\">  <p>Seine Kapazit\u00e4t betr\u00e4gt 1-1,5 t\/h<\/p>  <\/div> <\/div> <div id=\"faq-question-1715245004624\" class=\"rank-math-list-item\"> <h3 class=\"rank-math-question\">Was sind die anf\u00e4lligen Ersatzteile? Muss ich sie beim Kauf einer Maschine bei Ihnen mitbestellen?<\/h3> <div class=\"rank-math-answer\">  <p>Zwei Walzen im Inneren der Maisreinigungsmaschine sind anf\u00e4llig und m\u00fcssen j\u00e4hrlich ausgetauscht werden. Es ist besser, eine zus\u00e4tzliche zu kaufen.<\/p>  <\/div> <\/div> <div id=\"faq-question-1715245024080\" class=\"rank-math-list-item\"> <h3 class=\"rank-math-question\">Kann die Maishaut vollst\u00e4ndig entfernt werden?<\/h3> <div class=\"rank-math-answer\">  <p>Ja, es kann vollst\u00e4ndig entfernt und durch einen Luftstrom ausgeblasen werden.<\/p>  <\/div> <\/div> <div id=\"faq-question-1715245037520\" class=\"rank-math-list-item\"> <h3 class=\"rank-math-question\">Wie hoch ist die Reinigungsrate?<\/h3> <div class=\"rank-math-answer\">  <p>Die Reinigungsrate kann 98 % erreichen, und die Maisk\u00f6rner sind nach der Reinigung sehr sauber.<\/p>  <\/div> <\/div> <div id=\"faq-question-1715245045096\" class=\"rank-math-list-item\"> <h3 class=\"rank-math-question\">Gibt es nach dem Reinigungsprozess zerbrochene Maisk\u00f6rner?<\/h3> <div class=\"rank-math-answer\">  <p>Zwei Walzen aus speziellem Material spielen eine wichtige Rolle beim Reinigungsprozess, und die Zylinderstruktur kann die Bruchrate minimieren. Daher liegt die Bruchrate unter 3 %.<\/p>  <\/div> <\/div> <div id=\"faq-question-1715245052392\" class=\"rank-math-list-item\"> <h3 class=\"rank-math-question\">Ist diese Maisreinigungsmaschine nur f\u00fcr Mais geeignet?<\/h3> <div class=\"rank-math-answer\">  <p>Ja, es ist eine Maschine, die nur f\u00fcr Mais oder Ma\u00efs verwendet werden kann, aber wir haben auch andere multifunktionale Reinigungsmaschinen, um verschiedene Erntekulturen zu reinigen. Kontaktieren Sie uns, um mehr zu erfahren.<\/p>  <\/div> <\/div> <\/div> <\/div>   <h2 class=\"wp-block-heading\">Warum Maisreinigungsmaschine bei uns kaufen?<\/h2>    <div>Wir sind ein Hersteller, der sich auf landwirtschaftliche Maschinen spezialisiert hat. Zus\u00e4tzlich zu <a href=\"https:\/\/www.agriculture-machine.com\/de\/multifunctional-thresher-for-maize-beans-sorghum-millet\/\">Maisreinigungsmaschinen<\/a>, we also have corn planters, seedling machines, transplanters, peanut shelling machines, grain grinders, grass cutters, etc. At present, much African government&#8217;s poverty alleviation projects have cooperated with us and purchased a large number of agricultural machinery from us.<\/div>    <div> <\/div>    <figure class=\"wp-block-image aligncenter size-full wp-image-8658\"><img loading=\"lazy\" decoding=\"async\" width=\"720\" height=\"540\" src=\"https:\/\/www.agriculture-machine.com\/wp-content\/uploads\/2018\/07\/African-government-poverty-alleviation-project-to-purchase-agricultural-machinery.jpg\" alt=\"Afrikanisches Regierungsarmutsbek\u00e4mpfungsprojekt zum Kauf landwirtschaftlicher Maschinen\" class=\"wp-image-8658\" srcset=\"https:\/\/www.agriculture-machine.com\/wp-content\/uploads\/2018\/07\/African-government-poverty-alleviation-project-to-purchase-agricultural-machinery.jpg 720w, https:\/\/www.agriculture-machine.com\/wp-content\/uploads\/2018\/07\/African-government-poverty-alleviation-project-to-purchase-agricultural-machinery-360x270.jpg 360w, https:\/\/www.agriculture-machine.com\/wp-content\/uploads\/2018\/07\/African-government-poverty-alleviation-project-to-purchase-agricultural-machinery-240x180.jpg 240w\" sizes=\"auto, (max-width: 720px) 100vw, 720px\" \/><figcaption class=\"wp-element-caption\">Afrikanisches Regierungsarmutsbek\u00e4mpfungsprojekt zum Kauf landwirtschaftlicher Maschinen<\/figcaption><\/figure>    <h2 class=\"wp-block-heading\">Kontaktieren Sie uns jederzeit<\/h2>    <p>Wenn Sie an unseren Maisreinigungsmaschinen interessiert sind oder Fragen haben, z\u00f6gern Sie bitte nicht, uns zu kontaktieren. Wir laden Sie herzlich ein, unsere Fabrik zu besuchen, mehr Details \u00fcber unsere Produkte zu erfahren und den vollen Service zu erleben, den wir bieten. Wir freuen uns auf die Zusammenarbeit mit Ihnen!<\/p>","protected":false},"excerpt":{"rendered":"<p>Dies ist eine Maisreinigungsmaschine, die zuerst die Maiskapsel entfernt und dann das Korn reinigt. Daher wird sie auch als Maisentkerner und Sch\u00e4lmaschine bezeichnet. Mit hoher Reinigungsrate sind die K\u00f6rner am Ende sehr sauber.<\/p>","protected":false},"author":1,"featured_media":0,"parent":0,"comment_status":"closed","ping_status":"closed","template":"","tags":[491,2614],"product-type":[893,872],"class_list":["post-90","product","type-product","status-publish","hentry","tag-corn","tag-thresher","product-type-corn-thresher","product-type-thresher-sheller"],"_links":{"self":[{"href":"https:\/\/www.agriculture-machine.com\/de\/wp-json\/wp\/v2\/product\/90","targetHints":{"allow":["GET"]}}],"collection":[{"href":"https:\/\/www.agriculture-machine.com\/de\/wp-json\/wp\/v2\/product"}],"about":[{"href":"https:\/\/www.agriculture-machine.com\/de\/wp-json\/wp\/v2\/types\/product"}],"author":[{"embeddable":true,"href":"https:\/\/www.agriculture-machine.com\/de\/wp-json\/wp\/v2\/users\/1"}],"replies":[{"embeddable":true,"href":"https:\/\/www.agriculture-machine.com\/de\/wp-json\/wp\/v2\/comments?post=90"}],"wp:attachment":[{"href":"https:\/\/www.agriculture-machine.com\/de\/wp-json\/wp\/v2\/media?parent=90"}],"wp:term":[{"taxonomy":"post_tag","embeddable":true,"href":"https:\/\/www.agriculture-machine.com\/de\/wp-json\/wp\/v2\/tags?post=90"},{"taxonomy":"product-type","embeddable":true,"href":"https:\/\/www.agriculture-machine.com\/de\/wp-json\/wp\/v2\/product-type?post=90"}],"curies":[{"name":"wp","href":"https:\/\/api.w.org\/{rel}","templated":true}]}}