{"id":9825,"date":"2021-04-09T14:37:03","date_gmt":"2021-04-09T06:37:03","guid":{"rendered":"https:\/\/www.agriculture-machine.com\/?p=9825"},"modified":"2025-08-29T14:33:29","modified_gmt":"2025-08-29T06:33:29","slug":"corn-flour-machine-maize-flour-milling-machine","status":"publish","type":"product","link":"https:\/\/www.agriculture-machine.com\/de\/corn-flour-machine-maize-flour-milling-machine\/","title":{"rendered":"Maismehlm\u00fchle, Maismehlm\u00fchle"},"content":{"rendered":"<p>Die Maismehlmaschine ist eine vielseitige Schleifmaschine, geeignet f\u00fcr Mais, Weizen, Reis, K\u00f6rner, H\u00fclsenfr\u00fcchte sowie bestimmte industrielle, chemische und pharmazeutische Pellets, mit einer t\u00e4glichen Leistung von 350-500 kg\/h. Sie kann Mais zu feinem Pulver \u00fcber 100 Mesh mahlen, das eine glatte, gleichm\u00e4\u00dfige Oberfl\u00e4che ohne dunkle Flecken erzeugt und gleichzeitig die N\u00e4hrstoffe und den Geschmack der K\u00f6rner maximiert.<\/p>    <p>Ausgestattet mit einem Hochdruckgebl\u00e4se und Doppel-Hopper-Mini-Lagerbeh\u00e4ltern erm\u00f6glicht es eine vollautomatische pneumatische Zuf\u00fchrung. Zuf\u00fchrung, Mahlen und Sieben erfolgen ohne manuelles Eingreifen, was die Produktionseffizienz erheblich steigert und den Arbeitsaufwand reduziert.<\/p>    <figure class=\"wp-block-image aligncenter size-full wp-image-9827\"><img loading=\"lazy\" decoding=\"async\" width=\"720\" height=\"540\" src=\"https:\/\/www.agriculture-machine.com\/wp-content\/uploads\/2021\/04\/maize-flour-grinding-machine.jpg\" alt=\"Maismehlmahlmaschine\" class=\"wp-image-9827\" srcset=\"https:\/\/www.agriculture-machine.com\/wp-content\/uploads\/2021\/04\/maize-flour-grinding-machine.jpg 720w, https:\/\/www.agriculture-machine.com\/wp-content\/uploads\/2021\/04\/maize-flour-grinding-machine-360x270.jpg 360w, https:\/\/www.agriculture-machine.com\/wp-content\/uploads\/2021\/04\/maize-flour-grinding-machine-240x180.jpg 240w\" sizes=\"auto, (max-width: 720px) 100vw, 720px\" \/><figcaption class=\"wp-element-caption\">Maismehlmahlmaschine<\/figcaption><\/figure>    <h2 class=\"wp-block-heading\">Vorteile der Maismahlmaschine<\/h2>    <ul class=\"wp-block-list\"> <li>Hohe Effizienz &amp; Energieeinsparung: geringer Energieverbrauch, hohe Produktionseffizienz und stabile Tagesleistung.<\/li>    <li>Kompakte Grundfl\u00e4che: Die Gesamtfl\u00e4che \u00fcberschreitet nicht 3 Quadratmeter, ideal f\u00fcr kleine Werkst\u00e4tten und Heimbetriebe.<\/li>    <li>Vollautomatischer Betrieb: automatisiert Zuf\u00fchrung, Mahlen, Sieben und Klassifizieren mit Steuerung durch eine einzelne Person.<\/li>    <li>Vielseitige Anwendung: mahlt Mais unterschiedlicher Gr\u00f6\u00dfen zusammen mit anderen K\u00f6rnern und H\u00fclsenfr\u00fcchten.<\/li>    <li>Hygienisch sicher: Alle Kontaktfl\u00e4chen bestehen aus Edelstahl f\u00fcr einfache Reinigung und Einhaltung der Lebensmittelsicherheitsstandards.<\/li>    <li>Hohe Leistung &amp; Langlebigkeit: erzielt 5 % h\u00f6here Ausbeute als vergleichbare Ger\u00e4te mit einer Lebensdauer von \u00fcber 5 Jahren.<\/li> <\/ul>    <figure class=\"wp-block-image aligncenter size-full wp-image-9843\"><img loading=\"lazy\" decoding=\"async\" width=\"720\" height=\"540\" src=\"https:\/\/www.agriculture-machine.com\/wp-content\/uploads\/2021\/04\/corn-flour-maize-flour-sorghum-flour-1.jpg\" alt=\"Maismehl, Maismehl, Sorghummehl\" class=\"wp-image-9843\" srcset=\"https:\/\/www.agriculture-machine.com\/wp-content\/uploads\/2021\/04\/corn-flour-maize-flour-sorghum-flour-1.jpg 720w, https:\/\/www.agriculture-machine.com\/wp-content\/uploads\/2021\/04\/corn-flour-maize-flour-sorghum-flour-1-360x270.jpg 360w, https:\/\/www.agriculture-machine.com\/wp-content\/uploads\/2021\/04\/corn-flour-maize-flour-sorghum-flour-1-240x180.jpg 240w\" sizes=\"auto, (max-width: 720px) 100vw, 720px\" \/><figcaption class=\"wp-element-caption\">Maismehl, Maismehl, Sorghummehl<\/figcaption><\/figure>    <h2 class=\"wp-block-heading\">Struktur der Weizen- und Maismehlm\u00fchle<\/h2>    <p>Die Struktur der Maismehlmaschine besteht aus Mahlequipment, Siebequipment und Bremsen. Die folgende Abbildung zeigt die Struktur und Eigenschaften der kleinen Haushalts-Maismahlmaschine im Detail.<\/p>    <p>Diese Getreidem\u00fchle besteht aus einem Mahlrollensatz, Mahlkopf, Bremsdrachen, Ventilator, Luftschleuse, Rundsieb, Entladevorrichtung, Stromverteilerkasten und anderen Hauptkomponenten. Der Stromverteilerkasten ist einzigartig in unserer Fabrik. Das Design ist auch der Grund, warum viele Kunden unsere Mehlmaschine w\u00e4hlen.<\/p>    <figure class=\"wp-block-image aligncenter size-full wp-image-9828\"><img loading=\"lazy\" decoding=\"async\" width=\"720\" height=\"540\" src=\"https:\/\/www.agriculture-machine.com\/wp-content\/uploads\/2021\/04\/the-structure-of-corn-flour-machine.jpg\" alt=\"Struktur der Maismehlmaschine\" class=\"wp-image-9828\" srcset=\"https:\/\/www.agriculture-machine.com\/wp-content\/uploads\/2021\/04\/the-structure-of-corn-flour-machine.jpg 720w, https:\/\/www.agriculture-machine.com\/wp-content\/uploads\/2021\/04\/the-structure-of-corn-flour-machine-360x270.jpg 360w, https:\/\/www.agriculture-machine.com\/wp-content\/uploads\/2021\/04\/the-structure-of-corn-flour-machine-240x180.jpg 240w\" sizes=\"auto, (max-width: 720px) 100vw, 720px\" \/><figcaption class=\"wp-element-caption\">Struktur der Maismehlmaschine<\/figcaption><\/figure>    <h2 class=\"wp-block-heading\">Unterschied zwischen Maisgritzmaschine und Maismehlmaschine<\/h2>    <ul class=\"wp-block-list\"> <li><strong>Maispeeling und <a href=\"https:\/\/www.agriculture-machine.com\/de\/corn-grits-making-machine\/\">Grit-Herstellungsmaschine<\/a><\/strong> werden auch als Maisgritzmaschinen bezeichnet. Diese Maschine verwendet Maisk\u00f6rner als Rohmaterial, um Reinigung, Peeling, Keimentfernung, Wurzelentfernung, schwarze Nabelentfernung, Zerkleinerung, Grit-Herstellung, Klassifizierung, Polieren usw. durchzuf\u00fchren. <\/li>    <li>Der Prozess wird in einem Schritt abgeschlossen, und es k\u00f6nnen unterschiedliche Partikelgr\u00f6\u00dfen von Maisgrie\u00df und Maismehl hergestellt werden. Diese Maisgrie\u00df k\u00f6nnen direkt in Superm\u00e4rkten und Gro\u00dfhandelsm\u00e4rkten f\u00fcr Getreide und \u00d6l verkauft werden.<\/li> <\/ul>    <figure class=\"wp-block-image aligncenter size-full\"><img loading=\"lazy\" decoding=\"async\" width=\"720\" height=\"540\" src=\"https:\/\/www.agriculture-machine.com\/wp-content\/uploads\/2021\/04\/corn-grit-making-machine.jpg\" alt=\"Grit-Herstellungsmaschine f\u00fcr Mais\" class=\"wp-image-9830\" srcset=\"https:\/\/www.agriculture-machine.com\/wp-content\/uploads\/2021\/04\/corn-grit-making-machine.jpg 720w, https:\/\/www.agriculture-machine.com\/wp-content\/uploads\/2021\/04\/corn-grit-making-machine-360x270.jpg 360w, https:\/\/www.agriculture-machine.com\/wp-content\/uploads\/2021\/04\/corn-grit-making-machine-240x180.jpg 240w\" sizes=\"auto, (max-width: 720px) 100vw, 720px\" \/><figcaption class=\"wp-element-caption\">Grit-Herstellungsmaschine f\u00fcr Mais<\/figcaption><\/figure>    <ul class=\"wp-block-list\"> <li>Der <strong>Maismehlmaschine<\/strong> ist eine Sammlung von Sieben, Zerkleinern und Mehlm\u00fchlen. Die Struktur ist einfach, kompakt und leicht. Die Maschine verarbeitet Mais zu Maismehl, Sorghum zu Sorghummehl und Weizen zu Weizenmehl. <\/li>    <li>Sehr bequem und flexibel in der Anwendung. Eine Maschine hat mehrere Funktionen und ist geeignet f\u00fcr l\u00e4ndliche und kleine Getreide- und Futtermittelverarbeitungsbetriebe.<br><\/li> <\/ul>    <figure class=\"wp-block-image aligncenter size-full\"><img loading=\"lazy\" decoding=\"async\" width=\"720\" height=\"540\" src=\"https:\/\/www.agriculture-machine.com\/wp-content\/uploads\/2021\/04\/maize-flour-grinding-machine-1.jpg\" alt=\"Maismehlmahlmaschine\" class=\"wp-image-9831\" srcset=\"https:\/\/www.agriculture-machine.com\/wp-content\/uploads\/2021\/04\/maize-flour-grinding-machine-1.jpg 720w, https:\/\/www.agriculture-machine.com\/wp-content\/uploads\/2021\/04\/maize-flour-grinding-machine-1-360x270.jpg 360w, https:\/\/www.agriculture-machine.com\/wp-content\/uploads\/2021\/04\/maize-flour-grinding-machine-1-240x180.jpg 240w\" sizes=\"auto, (max-width: 720px) 100vw, 720px\" \/><figcaption class=\"wp-element-caption\">Maismehlmahlmaschine<\/figcaption><\/figure>    <p>Taizy Machinery Manufacturing Company produziert Mehlm\u00fchlen, kleine Maismehlmaschinen, Mehlm\u00fchlen, Steinmehlm\u00fchlen, Mehlmaschinen und andere Ger\u00e4te. Wenn Sie den Preis f\u00fcr Mehlm\u00fchlen wissen m\u00f6chten, fragen Sie bitte kostenlos an.<\/p>    <h2 class=\"wp-block-heading\">Erfolgreiche F\u00e4lle<\/h2>    <p>Unsere Ausr\u00fcstung wurde in mehr als 50 L\u00e4nder exportiert, darunter Simbabwe, Kolumbien, Ghana, Pakistan, Sri Lanka und Jemen, und deckt die gesamte Getreideverarbeitungsindustrie ab. <\/p>    <p>Um Kollisionen w\u00e4hrend des Transports zu vermeiden, verwenden wir Eisenrahmen, um die Maschine zu fixieren, und verpacken sie dann in Holzkisten. Daher hat jede exportierte Maismehlm\u00fchle keine Sch\u00e4den erlitten.<\/p>    <figure class=\"wp-block-gallery has-nested-images columns-3 is-cropped wp-block-gallery-2 is-layout-flex wp-block-gallery-is-layout-flex\"> <figure class=\"wp-block-image size-large\"><a href=\"https:\/\/www.agriculture-machine.com\/wp-content\/uploads\/2021\/04\/packing-maize-flour1.jpg\"><img loading=\"lazy\" decoding=\"async\" width=\"720\" height=\"540\" data-id=\"9832\" src=\"https:\/\/www.agriculture-machine.com\/wp-content\/uploads\/2021\/04\/packing-maize-flour1.jpg\" alt=\"Verpackung f\u00fcr Maismehlm\u00fchle\" class=\"wp-image-9832\" srcset=\"https:\/\/www.agriculture-machine.com\/wp-content\/uploads\/2021\/04\/packing-maize-flour1.jpg 720w, https:\/\/www.agriculture-machine.com\/wp-content\/uploads\/2021\/04\/packing-maize-flour1-360x270.jpg 360w, https:\/\/www.agriculture-machine.com\/wp-content\/uploads\/2021\/04\/packing-maize-flour1-240x180.jpg 240w\" sizes=\"auto, (max-width: 720px) 100vw, 720px\" \/><\/a><figcaption class=\"wp-element-caption\">Verpackung f\u00fcr Maismehlm\u00fchle<\/figcaption><\/figure>    <figure class=\"wp-block-image size-large\"><a href=\"https:\/\/www.agriculture-machine.com\/wp-content\/uploads\/2021\/04\/packing-maize-flour2.jpg\"><img loading=\"lazy\" decoding=\"async\" width=\"720\" height=\"540\" data-id=\"9833\" src=\"https:\/\/www.agriculture-machine.com\/wp-content\/uploads\/2021\/04\/packing-maize-flour2.jpg\" alt=\"Maismehlmaschine zum Verkauf\" class=\"wp-image-9833\" srcset=\"https:\/\/www.agriculture-machine.com\/wp-content\/uploads\/2021\/04\/packing-maize-flour2.jpg 720w, https:\/\/www.agriculture-machine.com\/wp-content\/uploads\/2021\/04\/packing-maize-flour2-360x270.jpg 360w, https:\/\/www.agriculture-machine.com\/wp-content\/uploads\/2021\/04\/packing-maize-flour2-240x180.jpg 240w\" sizes=\"auto, (max-width: 720px) 100vw, 720px\" \/><\/a><figcaption class=\"wp-element-caption\">Maismehlmaschine zum Verkauf<\/figcaption><\/figure>    <figure class=\"wp-block-image size-large\"><a href=\"https:\/\/www.agriculture-machine.com\/wp-content\/uploads\/2021\/04\/packing-maize-flour3.jpg\"><img loading=\"lazy\" decoding=\"async\" width=\"720\" height=\"540\" data-id=\"9834\" src=\"https:\/\/www.agriculture-machine.com\/wp-content\/uploads\/2021\/04\/packing-maize-flour3.jpg\" alt=\"Verpackung f\u00fcr Maismehlmaschine\" class=\"wp-image-9834\" srcset=\"https:\/\/www.agriculture-machine.com\/wp-content\/uploads\/2021\/04\/packing-maize-flour3.jpg 720w, https:\/\/www.agriculture-machine.com\/wp-content\/uploads\/2021\/04\/packing-maize-flour3-360x270.jpg 360w, https:\/\/www.agriculture-machine.com\/wp-content\/uploads\/2021\/04\/packing-maize-flour3-240x180.jpg 240w\" sizes=\"auto, (max-width: 720px) 100vw, 720px\" \/><\/a><figcaption class=\"wp-element-caption\">Verpackung f\u00fcr Maismehlmaschine<\/figcaption><\/figure> <\/figure>    <h2 class=\"wp-block-heading\">Ist die Maism\u00fchle in Kenia profitabel?<\/h2>    <p>Nat\u00fcrlich macht es Geld. Die h\u00e4ufigsten Kulturpflanzen, die kenianische Landwirte anbauen, sind Mais, Reis und Weizen. Zuf\u00e4llig kann unsere Maschine Mais, Weizen, Sorghum usw. mahlen. Menschen sind auf Nahrung angewiesen, und viele Landwirte konsumieren Mais- und Weizenmehl, was f\u00fcr Sie sehr profitabel sein kann, wenn Sie in eine Weizen- und Maismehlm\u00fchle investieren.<\/p>    <h2 class=\"wp-block-heading\">Wie viel kostet eine M\u00fchle?<\/h2>    <p class=\"translation-block\">Wir sind ein professioneller Hersteller landwirtschaftlicher Maschinen. Neben einer 500 kg Maismehlmaschine haben wir auch 600 kg, 800 kg und 1000 kg Maismehlm\u00fchlen. Daher sind die Preise der einzelnen Maschinen unterschiedlich. Kontaktieren Sie mich, wenn Sie die <a href=\"https:\/\/www.agriculture-machine.com\/de\/what-is-maize-flour-making-machine-price\/\">Preise der Maismehlm\u00fchlen<\/a> wissen m\u00f6chten.<\/p>    <h2 class=\"wp-block-heading\">Parameter der Maismehlmaschine<\/h2>    <figure class=\"wp-block-table is-style-stripes\"><table><tbody><tr><td>Modell<\/td><td>Kapazit\u00e4t<\/td><td>Leistung<\/td><td>Gewicht<\/td><td>Gr\u00f6\u00dfe<\/td><\/tr><tr><td>6F35<\/td><td>0,3 t\/h<\/td><td>9,7 kW<\/td><td>800kg<\/td><td>2450*1000*3500mm<\/td><\/tr><tr><td>6F40<\/td><td>0,35 t\/h<\/td><td>13,2 kW<\/td><td>1000kg<\/td><td>2450*1000*3500mm<\/td><\/tr><tr><td>6F60<\/td><td>0,5 t\/h<\/td><td>17,2 kW<\/td><td>1500kg<\/td><td>2550*1000*3500mm<\/td><\/tr><\/tbody><\/table><figcaption class=\"wp-element-caption\">Technische Daten der Maismehlmaschine<\/figcaption><\/figure>    <h2 class=\"wp-block-heading\">Kontaktieren Sie uns jederzeit<\/h2>    <p class=\"translation-block\">Wir sind seit \u00fcber drei\u00dfig Jahren im Bereich der Mais- und Getreideverarbeitungsger\u00e4te t\u00e4tig, und die entsprechenden Ger\u00e4te decken die gesamte Mais- und <a href=\"https:\/\/en.wikipedia.org\/wiki\/Grain\" target=\"_blank\" rel=\"noopener\">Getreide<\/a>-Industrie ab.<\/p>    <p class=\"translation-block\">In China hat unsere Ausr\u00fcstung ein f\u00fchrendes technisches Niveau. Zum Beispiel <a href=\"https:\/\/www.agriculture-machine.com\/de\/corn-cleaner-machine\/\">Getreide-Reinigungsmaschinen<\/a>, <a href=\"https:\/\/www.agriculture-machine.com\/de\/maize-skin-peeling-machine-corn-skin-peeler-maize-peeling-machine\/\">Maiskorn-Peelmaschinen<\/a>, Maism\u00fchlen und so weiter. Wenn Sie an unserer Ausr\u00fcstung interessiert sind, kontaktieren Sie uns bitte, und wir unterbreiten Ihnen das beste Angebot.<\/p>","protected":false},"excerpt":{"rendered":"<p>Die Maismehlmaschine mahlt verschiedene Getreide zu feinem, gleichm\u00e4\u00dfigem Mehl, spart Arbeit und ben\u00f6tigt minimalen Platz. Sie ist geeignet f\u00fcr kleine Werkst\u00e4tten und die Lebensmittelverarbeitungsindustrie.<\/p>","protected":false},"author":1,"featured_media":9847,"parent":0,"comment_status":"closed","ping_status":"closed","template":"","tags":[491,924,135,158],"product-type":[900],"class_list":["post-9825","product","type-product","status-publish","has-post-thumbnail","hentry","tag-corn","tag-flour","tag-sorghum","tag-wheat","product-type-maize-flour-machine"],"_links":{"self":[{"href":"https:\/\/www.agriculture-machine.com\/de\/wp-json\/wp\/v2\/product\/9825","targetHints":{"allow":["GET"]}}],"collection":[{"href":"https:\/\/www.agriculture-machine.com\/de\/wp-json\/wp\/v2\/product"}],"about":[{"href":"https:\/\/www.agriculture-machine.com\/de\/wp-json\/wp\/v2\/types\/product"}],"author":[{"embeddable":true,"href":"https:\/\/www.agriculture-machine.com\/de\/wp-json\/wp\/v2\/users\/1"}],"replies":[{"embeddable":true,"href":"https:\/\/www.agriculture-machine.com\/de\/wp-json\/wp\/v2\/comments?post=9825"}],"wp:featuredmedia":[{"embeddable":true,"href":"https:\/\/www.agriculture-machine.com\/de\/wp-json\/wp\/v2\/media\/9847"}],"wp:attachment":[{"href":"https:\/\/www.agriculture-machine.com\/de\/wp-json\/wp\/v2\/media?parent=9825"}],"wp:term":[{"taxonomy":"post_tag","embeddable":true,"href":"https:\/\/www.agriculture-machine.com\/de\/wp-json\/wp\/v2\/tags?post=9825"},{"taxonomy":"product-type","embeddable":true,"href":"https:\/\/www.agriculture-machine.com\/de\/wp-json\/wp\/v2\/product-type?post=9825"}],"curies":[{"name":"wp","href":"https:\/\/api.w.org\/{rel}","templated":true}]}}