{"id":9922,"date":"2021-04-14T18:34:07","date_gmt":"2021-04-14T10:34:07","guid":{"rendered":"https:\/\/www.agriculture-machine.com\/?p=9922"},"modified":"2024-09-18T15:53:40","modified_gmt":"2024-09-18T07:53:40","slug":"maize-skin-peeling-machine-corn-skin-peeler-maize-peeling-machine","status":"publish","type":"product","link":"https:\/\/www.agriculture-machine.com\/de\/maize-skin-peeling-machine-corn-skin-peeler-maize-peeling-machine\/","title":{"rendered":"Maiskorn-Peeling-Maschine Maissch\u00e4lmaschine"},"content":{"rendered":"<p>Der Maiskernscherer wird verwendet, um die \u00e4u\u00dfere Haut des Maises, den Keim zu entfernen und den Mais in kleine K\u00f6rner zu zerbrechen. Diese Maishautsch\u00e4lmaschine verwendet eine Schleifkugel und Siebe aus speziellen Materialien. Der Mais wird durch die Einstellung des Spalts und des Drucks leicht zerdr\u00fcckt. Das verarbeitete Endprodukt ist gleichm\u00e4\u00dfig, glatt, ohne schwarze Keime und ohne Kleie.<\/p>    <p>Er erreicht typischerweise eine Sch\u00e4lrate von 85 % bis 95 %, die je nach Maschinentyp, Maissorte sowie Feuchtigkeit oder Trockenheit des Maises variieren kann. Der gesch\u00e4lte Mais hat einen guten Geschmack und ist leicht zu verarbeiten f\u00fcr Maismehl, verschiedene Snacks und so weiter. Der von dieser Maschine produzierte huskless Mais kann auch zur Herstellung von hochwertigerem Futter verwendet werden. Diese Maschine ist auch f\u00fcr Weizen geeignet.<\/p>    <figure class=\"wp-block-embed aligncenter is-type-video is-provider-youtube wp-block-embed-youtube wp-embed-aspect-16-9 wp-has-aspect-ratio\"><div class=\"wp-block-embed__wrapper\"> <iframe loading=\"lazy\" title=\"Schneller Maiskernscherer!#mais #maiskerne #sch\u00e4ler\" width=\"500\" height=\"281\" src=\"https:\/\/www.youtube.com\/embed\/UVmJFJyhZLk?feature=oembed\" frameborder=\"0\" allow=\"accelerometer; autoplay; clipboard-write; encrypted-media; gyroscope; picture-in-picture; web-share\" referrerpolicy=\"strict-origin-when-cross-origin\" allowfullscreen><\/iframe> <\/div><figcaption class=\"wp-element-caption\">Arbeitsvideo der Maiskernschermaschine<\/figcaption><\/figure>    <p class=\"translation-block\">Neben dieser Maiskernschermaschine haben wir auch eine <a href=\"https:\/\/www.agriculture-machine.com\/de\/corn-grits-making-machine\/\"><strong><em>Maisgrie\u00dfmaschine<\/em><\/strong><\/a>, die den Mais sch\u00e4lt und zu Maisgrie\u00df und Maismehl mahlt. Vor der Verwendung der Maisch\u00e4l- oder Grie\u00dfmaschine k\u00f6nnen Sie auch die <a href=\"https:\/\/www.agriculture-machine.com\/de\/maize-peeler-and-thresher\/\"><strong><em>Maisdreschmaschine<\/em><\/strong><\/a> verwenden, um Zeit und Energie zu sparen.<\/p>    <figure class=\"wp-block-gallery has-nested-images columns-2 is-cropped wp-block-gallery-2 is-layout-flex wp-block-gallery-is-layout-flex\"> <figure class=\"wp-block-image size-large\"><img loading=\"lazy\" decoding=\"async\" width=\"720\" height=\"540\" data-id=\"12988\" src=\"https:\/\/www.agriculture-machine.com\/wp-content\/uploads\/2022\/04\/maize-peeler0.jpg\" alt=\"Maisch\u00e4ler\" class=\"wp-image-12988\" title=\"Maisch\u00e4ler\" srcset=\"https:\/\/www.agriculture-machine.com\/wp-content\/uploads\/2022\/04\/maize-peeler0.jpg 720w, https:\/\/www.agriculture-machine.com\/wp-content\/uploads\/2022\/04\/maize-peeler0-360x270.jpg 360w, https:\/\/www.agriculture-machine.com\/wp-content\/uploads\/2022\/04\/maize-peeler0-240x180.jpg 240w\" sizes=\"auto, (max-width: 720px) 100vw, 720px\" \/><figcaption class=\"wp-element-caption\">Maisch\u00e4ler<\/figcaption><\/figure>    <figure class=\"wp-block-image size-large\"><img loading=\"lazy\" decoding=\"async\" width=\"720\" height=\"540\" data-id=\"12989\" src=\"https:\/\/www.agriculture-machine.com\/wp-content\/uploads\/2022\/04\/corn-skin-peeler0.jpg\" alt=\"Maishautsch\u00e4ler\" class=\"wp-image-12989\" title=\"Maishautsch\u00e4ler\" srcset=\"https:\/\/www.agriculture-machine.com\/wp-content\/uploads\/2022\/04\/corn-skin-peeler0.jpg 720w, https:\/\/www.agriculture-machine.com\/wp-content\/uploads\/2022\/04\/corn-skin-peeler0-360x270.jpg 360w, https:\/\/www.agriculture-machine.com\/wp-content\/uploads\/2022\/04\/corn-skin-peeler0-240x180.jpg 240w\" sizes=\"auto, (max-width: 720px) 100vw, 720px\" \/><figcaption class=\"wp-element-caption\">Maishautsch\u00e4ler<\/figcaption><\/figure>    <figure class=\"wp-block-image size-large\"><img loading=\"lazy\" decoding=\"async\" width=\"720\" height=\"540\" data-id=\"12990\" src=\"https:\/\/www.agriculture-machine.com\/wp-content\/uploads\/2022\/04\/Corn-kernel-peeling-machine0.jpg\" alt=\"Maiskernscherer\" class=\"wp-image-12990\" title=\"Maiskernscherer\" srcset=\"https:\/\/www.agriculture-machine.com\/wp-content\/uploads\/2022\/04\/Corn-kernel-peeling-machine0.jpg 720w, https:\/\/www.agriculture-machine.com\/wp-content\/uploads\/2022\/04\/Corn-kernel-peeling-machine0-360x270.jpg 360w, https:\/\/www.agriculture-machine.com\/wp-content\/uploads\/2022\/04\/Corn-kernel-peeling-machine0-240x180.jpg 240w\" sizes=\"auto, (max-width: 720px) 100vw, 720px\" \/><figcaption class=\"wp-element-caption\">Maiskernscherer<\/figcaption><\/figure>    <figure class=\"wp-block-image size-large\"><img loading=\"lazy\" decoding=\"async\" width=\"720\" height=\"540\" data-id=\"12991\" src=\"https:\/\/www.agriculture-machine.com\/wp-content\/uploads\/2022\/04\/Maize-skin-peeling-machine-.jpg\" alt=\"Maissensch\u00e4lmaschine\" class=\"wp-image-12991\" title=\"Maissch\u00e4lmaschine\" srcset=\"https:\/\/www.agriculture-machine.com\/wp-content\/uploads\/2022\/04\/Maize-skin-peeling-machine-.jpg 720w, https:\/\/www.agriculture-machine.com\/wp-content\/uploads\/2022\/04\/Maize-skin-peeling-machine--360x270.jpg 360w, https:\/\/www.agriculture-machine.com\/wp-content\/uploads\/2022\/04\/Maize-skin-peeling-machine--240x180.jpg 240w\" sizes=\"auto, (max-width: 720px) 100vw, 720px\" \/><figcaption class=\"wp-element-caption\">Maissch\u00e4lmaschine<\/figcaption><\/figure> <\/figure>    <h2 class=\"wp-block-heading\" id=\"h-structure-of-maize-skin-peeling-machine\">Aufbau der Maissch\u00e4lmaschine<\/h2>    <p>This corn skin peeler machine is relatively small and easy to operate. The corn removal white skin machine can be equipped with two different power modes, a diesel engine, and an electric motor. So, the power can meet many customers&#8217; needs.<\/p>    <p>Wie im Bild unten gezeigt, umfasst die Maiskernschermaschine haupts\u00e4chlich einen Zuf\u00fchrer, eine Steuerung des Zuf\u00fchrgeschwindigkeits-Schraubens, einen kleinen Getreideausgang, eine Sch\u00e4lklinge, einen Hautsch\u00e4l-Ausgang, einen Fertigprodukt-Ausgang usw.<\/p>    <figure class=\"wp-block-image aligncenter size-full\"><img loading=\"lazy\" decoding=\"async\" width=\"720\" height=\"540\" src=\"https:\/\/www.agriculture-machine.com\/wp-content\/uploads\/2022\/04\/corn-skin-removers-structure-0.jpg\" alt=\"Aufbau des Maishautentferners \" class=\"wp-image-12984\" title=\"Aufbau des Maishautentferners \" srcset=\"https:\/\/www.agriculture-machine.com\/wp-content\/uploads\/2022\/04\/corn-skin-removers-structure-0.jpg 720w, https:\/\/www.agriculture-machine.com\/wp-content\/uploads\/2022\/04\/corn-skin-removers-structure-0-360x270.jpg 360w, https:\/\/www.agriculture-machine.com\/wp-content\/uploads\/2022\/04\/corn-skin-removers-structure-0-240x180.jpg 240w\" sizes=\"auto, (max-width: 720px) 100vw, 720px\" \/><figcaption class=\"wp-element-caption\">corn skin remover&#8217;s structure <\/figcaption><\/figure>    <h2 class=\"wp-block-heading\" id=\"h-applications-of-maize-peeling-machine\">Anwendungen der Maiskernschermaschine<\/h2>    <h3 class=\"wp-block-heading\" id=\"h-it-is-suitable-for-peeling-corn-in-small-grain-processing-plants-mills\">Geeignet zum Sch\u00e4len von Mais in kleinen Getreideverarbeitungsbetrieben (M\u00fchlen)<\/h3>    <p>Gesch\u00e4lter Mais erleichtert die Herstellung von Maisgrie\u00df und Maismehl, und die Qualit\u00e4t ist besser. Es ist auch ein Haushalts-Maisch\u00e4ler.<\/p>    <figure class=\"wp-block-image aligncenter size-full wp-image-9946\"><img loading=\"lazy\" decoding=\"async\" width=\"720\" height=\"540\" src=\"https:\/\/www.agriculture-machine.com\/wp-content\/uploads\/2021\/04\/corn-grits-and-cornflour.jpg\" alt=\"Maisgrie\u00df und Maismehl\" class=\"wp-image-9946\" srcset=\"https:\/\/www.agriculture-machine.com\/wp-content\/uploads\/2021\/04\/corn-grits-and-cornflour.jpg 720w, https:\/\/www.agriculture-machine.com\/wp-content\/uploads\/2021\/04\/corn-grits-and-cornflour-360x270.jpg 360w, https:\/\/www.agriculture-machine.com\/wp-content\/uploads\/2021\/04\/corn-grits-and-cornflour-240x180.jpg 240w\" sizes=\"auto, (max-width: 720px) 100vw, 720px\" \/><figcaption class=\"wp-element-caption\">Maisgrie\u00df und Maismehl<\/figcaption><\/figure>    <h3 class=\"wp-block-heading\" id=\"h-maize-peeling-machine-used-in-chicken-feed-processing-industry\">Verwendung in der Gefl\u00fcgelfutterindustrie<\/h3>    <p>Im traditionellen Prozess der Verarbeitung von Mais f\u00fcr H\u00fchner- und Gefl\u00fcgelfutter werden haupts\u00e4chlich die Maispellets verwendet. Der traditionelle Pelletierer bestimmt die Gr\u00f6\u00dfe der Partikel durch die Einstellung der Zahnr\u00e4der. <\/p>    <p>Da die fertigen Futtermittel, die mit dem Pelletierer verarbeitet werden, oft zu viel Hautpulver und schwarze Keime enthalten und die Partikel nicht glatt sind. Der Markt f\u00fcr H\u00fchnchenfutter kann aufgrund dieser M\u00e4ngel oft nicht erschlossen werden. Daher verwenden immer mehr H\u00fchnchen- und Gefl\u00fcgelfutter die Maiskernschermaschine.<\/p>    <figure class=\"wp-block-image aligncenter size-full wp-image-9947\"><img loading=\"lazy\" decoding=\"async\" width=\"720\" height=\"540\" src=\"https:\/\/www.agriculture-machine.com\/wp-content\/uploads\/2021\/04\/peel-corn-white-skin.jpg\" alt=\"Entfernen der wei\u00dfen Haut vom Mais\" class=\"wp-image-9947\" srcset=\"https:\/\/www.agriculture-machine.com\/wp-content\/uploads\/2021\/04\/peel-corn-white-skin.jpg 720w, https:\/\/www.agriculture-machine.com\/wp-content\/uploads\/2021\/04\/peel-corn-white-skin-360x270.jpg 360w, https:\/\/www.agriculture-machine.com\/wp-content\/uploads\/2021\/04\/peel-corn-white-skin-240x180.jpg 240w\" sizes=\"auto, (max-width: 720px) 100vw, 720px\" \/><figcaption class=\"wp-element-caption\">Entfernen der wei\u00dfen Haut vom Mais<\/figcaption><\/figure>    <h2 class=\"wp-block-heading\">Technische Parameter des Maishautsch\u00e4lers<\/h2>    <figure class=\"wp-block-table is-style-stripes\"><table><tbody><tr><td>Name<\/td><td>Maisch\u00e4ler Maschine<\/td><\/tr><tr><td>Leistung<\/td><td>5,5 kW Elektromotor oder 12 PS Dieselmotor<\/td><\/tr><tr><td>Kapazit\u00e4t<\/td><td>300-500kg\/h.<\/td><\/tr><tr><td>Gewicht<\/td><td>100kg<\/td><\/tr><tr><td>Gr\u00f6\u00dfe<\/td><td>660*450*1020mm<\/td><\/tr><\/tbody><\/table><figcaption class=\"wp-element-caption\">corn skin peeler&#8217;s parameter <\/figcaption><\/figure>    <h2 class=\"wp-block-heading\" id=\"h-what-is-the-corn-peeling-machine-price\">Was kostet die Maisch\u00e4lmaschine?<\/h2>    <p class=\"translation-block\">Zun\u00e4chst m\u00fcssen Sie kl\u00e4ren, welche Art von Maiskernscherer Sie ben\u00f6tigen. Wir haben diese kleine Maishautsch\u00e4lmaschine sowie eine spezielle Maisgrie\u00dfmaschine (<strong><em><a href=\"https:\/\/www.agriculture-machine.com\/de\/what-is-maize-flour-making-machine-price\/\">Was kostet eine Maismehlmaschine<\/a><\/em><\/strong>), diese Maschine kann auch die wei\u00dfe Haut des Maises entfernen. Aber die Preise f\u00fcr diese beiden Maschinen sind sehr unterschiedlich.<\/p>    <p>Dar\u00fcber hinaus k\u00f6nnen unsere Maiskernscherer mit Elektromotoren und Dieselmotoren ausgestattet werden, sodass der Preis variieren kann. Wenn Sie den Preis der Maisch\u00e4lmaschine erfahren m\u00f6chten, teilen Sie uns bitte die gew\u00fcnschte Verarbeitung des Maises mit.<\/p>    <figure class=\"wp-block-embed aligncenter is-type-video is-provider-youtube wp-block-embed-youtube wp-embed-aspect-16-9 wp-has-aspect-ratio\"><div class=\"wp-block-embed__wrapper\"> <iframe loading=\"lazy\" title=\"Hochleistungs-Getreidesch\u00e4lmaschine: Perfekt f\u00fcr Weizen, Mais und Gerste!#getreide #sch\u00e4len\" width=\"500\" height=\"281\" src=\"https:\/\/www.youtube.com\/embed\/0wQ4TkY_6SY?feature=oembed\" frameborder=\"0\" allow=\"accelerometer; autoplay; clipboard-write; encrypted-media; gyroscope; picture-in-picture; web-share\" referrerpolicy=\"strict-origin-when-cross-origin\" allowfullscreen><\/iframe> <\/div><figcaption class=\"wp-element-caption\">Arbeitsvideo der Getreidekernschermaschine<\/figcaption><\/figure>    <h2 class=\"wp-block-heading\">Vorteile des Sch\u00e4lens der Maishaut<\/h2>    <p>Maiskolben, ein Nebenprodukt der Maisverarbeitung, bestehen haupts\u00e4chlich aus Ballaststoffen, St\u00e4rke und Protein und sind nicht so nahrhaft wie der Rest. Au\u00dferdem ist der Geschmack des Maiskolbens sehr schlecht. <\/p>    <p>Bei der Verarbeitung von Maismehl, Maisgrie\u00df und Maisprodukten wird die Maishaut vor der weiteren Verarbeitung entfernt.<\/p>    <ul class=\"wp-block-list\"> <li>Durch das Sch\u00e4len des Maises wird die von der Maisverarbeitungsanlage produzierte Maishautschicht reduziert, was die Produktqualit\u00e4t verbessern kann.<\/li>    <li>Der Embryo und das Endosperm des Maises sind von der Haut umh\u00fcllt. Nach dem Sch\u00e4len ist es leicht zu trennen, was die Bestimmungseffizienz verbessern kann.<\/li>    <li>Nach dem Sch\u00e4len kann die Essensqualit\u00e4t der durch Mais hergestellten verschiedenen Lebensmittel verbessert werden.<\/li>    <li>Die \u00e4u\u00dfere Schicht des Maises kann sch\u00e4dliche Substanzen enthalten, die durch das Entschalen entfernt werden k\u00f6nnen, um die Reinheit des Produkts zu verbessern.<\/li> <\/ul>    <figure class=\"wp-block-gallery has-nested-images columns-default is-cropped wp-block-gallery-3 is-layout-flex wp-block-gallery-is-layout-flex\"> <figure class=\"wp-block-image size-large\"><img loading=\"lazy\" decoding=\"async\" width=\"720\" height=\"540\" data-id=\"16361\" src=\"https:\/\/www.agriculture-machine.com\/wp-content\/uploads\/2021\/04\/maize-kernel-peeler.webp\" alt=\"Maissch\u00e4ler\" class=\"wp-image-16361\" srcset=\"https:\/\/www.agriculture-machine.com\/wp-content\/uploads\/2021\/04\/maize-kernel-peeler.webp 720w, https:\/\/www.agriculture-machine.com\/wp-content\/uploads\/2021\/04\/maize-kernel-peeler-360x270.webp 360w, https:\/\/www.agriculture-machine.com\/wp-content\/uploads\/2021\/04\/maize-kernel-peeler-240x180.webp 240w, https:\/\/www.agriculture-machine.com\/wp-content\/uploads\/2021\/04\/maize-kernel-peeler-16x12.webp 16w\" sizes=\"auto, (max-width: 720px) 100vw, 720px\" \/><figcaption class=\"wp-element-caption\">Maissch\u00e4ler<\/figcaption><\/figure>    <figure class=\"wp-block-image size-large\"><img loading=\"lazy\" decoding=\"async\" width=\"720\" height=\"540\" data-id=\"16362\" src=\"https:\/\/www.agriculture-machine.com\/wp-content\/uploads\/2021\/04\/corn-kernel-peel-remover.webp\" alt=\"Maiskernen-Entferner\" class=\"wp-image-16362\" srcset=\"https:\/\/www.agriculture-machine.com\/wp-content\/uploads\/2021\/04\/corn-kernel-peel-remover.webp 720w, https:\/\/www.agriculture-machine.com\/wp-content\/uploads\/2021\/04\/corn-kernel-peel-remover-360x270.webp 360w, https:\/\/www.agriculture-machine.com\/wp-content\/uploads\/2021\/04\/corn-kernel-peel-remover-240x180.webp 240w, https:\/\/www.agriculture-machine.com\/wp-content\/uploads\/2021\/04\/corn-kernel-peel-remover-16x12.webp 16w\" sizes=\"auto, (max-width: 720px) 100vw, 720px\" \/><figcaption class=\"wp-element-caption\">Maiskernen-Entferner<\/figcaption><\/figure> <\/figure>    <h2 class=\"wp-block-heading\" id=\"h-which-countries-have-we-exported\">In welche L\u00e4nder wurden unsere Maschinen exportiert?<\/h2>    <p>Wir verpacken die exportierten Maiskernscherer sorgf\u00e4ltig, um Kollisionen w\u00e4hrend des Transports zu vermeiden. Derzeit exportieren wir nach Ukraine, Nigeria, Ghana, Marokko, Bangladesch, Philippinen, Malaysia usw. Unten sind Bilder vom Verpacken und Versand unserer Mini-Maisch\u00e4ler an unsere Kunden aus Marokko.<\/p>    <p>Der Kunde besitzt einen Laden, der eine Vielzahl kleiner landwirtschaftlicher Maschinen verkauft. Durch seine Recherche stellte er fest, dass es vor Ort eine Nachfrage nach Maisch\u00e4lern gibt. Daher m\u00f6chte er mehrere Maisch\u00e4ler kaufen. Schlie\u00dflich bestellte er 20 Sets Maishautentferner.<\/p>    <figure class=\"wp-block-gallery has-nested-images columns-2 is-cropped wp-block-gallery-4 is-layout-flex wp-block-gallery-is-layout-flex\"> <figure class=\"wp-block-image size-large\"><a href=\"https:\/\/www.agriculture-machine.com\/wp-content\/uploads\/2022\/04\/wooden-case-packing-of-corn-skin-remover-.jpg\"><img loading=\"lazy\" decoding=\"async\" width=\"720\" height=\"540\" data-id=\"13004\" src=\"https:\/\/www.agriculture-machine.com\/wp-content\/uploads\/2022\/04\/wooden-case-packing-of-corn-skin-remover-.jpg\" alt=\"Holzrahmenverpackung des Maishautentferners \" class=\"wp-image-13004\" title=\"Holzrahmenverpackung des Maishautentferners \" srcset=\"https:\/\/www.agriculture-machine.com\/wp-content\/uploads\/2022\/04\/wooden-case-packing-of-corn-skin-remover-.jpg 720w, https:\/\/www.agriculture-machine.com\/wp-content\/uploads\/2022\/04\/wooden-case-packing-of-corn-skin-remover--360x270.jpg 360w, https:\/\/www.agriculture-machine.com\/wp-content\/uploads\/2022\/04\/wooden-case-packing-of-corn-skin-remover--240x180.jpg 240w\" sizes=\"auto, (max-width: 720px) 100vw, 720px\" \/><\/a><figcaption class=\"wp-element-caption\">Holzrahmenverpackung des Maishautentferners<\/figcaption><\/figure>    <figure class=\"wp-block-image size-large\"><a href=\"https:\/\/www.agriculture-machine.com\/wp-content\/uploads\/2022\/04\/laoding-and-shipping-of-corn-kernel-peeler-.jpg\"><img loading=\"lazy\" decoding=\"async\" width=\"720\" height=\"540\" data-id=\"13007\" src=\"https:\/\/www.agriculture-machine.com\/wp-content\/uploads\/2022\/04\/laoding-and-shipping-of-corn-kernel-peeler-.jpg\" alt=\"Ladung und Versand des Maiskernscherers\" class=\"wp-image-13007\" title=\"Ladung und Versand des Maiskernscherers\" srcset=\"https:\/\/www.agriculture-machine.com\/wp-content\/uploads\/2022\/04\/laoding-and-shipping-of-corn-kernel-peeler-.jpg 720w, https:\/\/www.agriculture-machine.com\/wp-content\/uploads\/2022\/04\/laoding-and-shipping-of-corn-kernel-peeler--360x270.jpg 360w, https:\/\/www.agriculture-machine.com\/wp-content\/uploads\/2022\/04\/laoding-and-shipping-of-corn-kernel-peeler--240x180.jpg 240w\" sizes=\"auto, (max-width: 720px) 100vw, 720px\" \/><\/a><figcaption class=\"wp-element-caption\">Ladung und Versand des Maiskernscherers<\/figcaption><\/figure> <\/figure>    <h2 class=\"wp-block-heading\" id=\"h-client-feedback-on-maize-skin-peeler\">Kundenfeedback zum Maissch\u00e4ler<\/h2>    <p>Unseren Kunden sind die exportierten Maschinen sehr lobend. Wir verpacken die Maschine vor dem Export sorgf\u00e4ltig, um Kollisionen w\u00e4hrend des Transports zu vermeiden. Nach Erhalt der Maiskernschermaschine werden wir sie sorgf\u00e4ltig anleiten, wie man die Maschine installiert und benutzt. Daher ist das Feedback unserer Kunden sehr positiv.<\/p>    <figure class=\"wp-block-image aligncenter size-full wp-image-9945\"><img loading=\"lazy\" decoding=\"async\" width=\"720\" height=\"540\" src=\"https:\/\/www.agriculture-machine.com\/wp-content\/uploads\/2021\/04\/Client-Feedback-of-Corn-Skin-Peeler.jpg\" alt=\"Kundenfeedback zum Maishautsch\u00e4ler\" class=\"wp-image-9945\" srcset=\"https:\/\/www.agriculture-machine.com\/wp-content\/uploads\/2021\/04\/Client-Feedback-of-Corn-Skin-Peeler.jpg 720w, https:\/\/www.agriculture-machine.com\/wp-content\/uploads\/2021\/04\/Client-Feedback-of-Corn-Skin-Peeler-360x270.jpg 360w, https:\/\/www.agriculture-machine.com\/wp-content\/uploads\/2021\/04\/Client-Feedback-of-Corn-Skin-Peeler-240x180.jpg 240w\" sizes=\"auto, (max-width: 720px) 100vw, 720px\" \/><figcaption class=\"wp-element-caption\">Kundenfeedback zum Maishautsch\u00e4ler<\/figcaption><\/figure>    <p>Wenn Sie an unseren Maschinen interessiert sind oder detailliertere Informationen w\u00fcnschen, k\u00f6nnen Sie Ihre spezifischen Bed\u00fcrfnisse direkt \u00fcber das Formular rechts angeben. Wir antworten Ihnen rechtzeitig!<\/p>","protected":false},"excerpt":{"rendered":"<p>Die Maiskernschermaschine entfernt die wei\u00dfe Haut auf der Au\u00dfenseite des Maises. Das gesch\u00e4lte Mais kann zur Herstellung von Maisgrie\u00df usw. verwendet werden.<\/p>","protected":false},"author":1,"featured_media":12983,"parent":0,"comment_status":"closed","ping_status":"closed","template":"","tags":[491,2613],"product-type":[874],"class_list":["post-9922","product","type-product","status-publish","has-post-thumbnail","hentry","tag-corn","tag-peeling","product-type-grains-peeling-machine"],"_links":{"self":[{"href":"https:\/\/www.agriculture-machine.com\/de\/wp-json\/wp\/v2\/product\/9922","targetHints":{"allow":["GET"]}}],"collection":[{"href":"https:\/\/www.agriculture-machine.com\/de\/wp-json\/wp\/v2\/product"}],"about":[{"href":"https:\/\/www.agriculture-machine.com\/de\/wp-json\/wp\/v2\/types\/product"}],"author":[{"embeddable":true,"href":"https:\/\/www.agriculture-machine.com\/de\/wp-json\/wp\/v2\/users\/1"}],"replies":[{"embeddable":true,"href":"https:\/\/www.agriculture-machine.com\/de\/wp-json\/wp\/v2\/comments?post=9922"}],"wp:featuredmedia":[{"embeddable":true,"href":"https:\/\/www.agriculture-machine.com\/de\/wp-json\/wp\/v2\/media\/12983"}],"wp:attachment":[{"href":"https:\/\/www.agriculture-machine.com\/de\/wp-json\/wp\/v2\/media?parent=9922"}],"wp:term":[{"taxonomy":"post_tag","embeddable":true,"href":"https:\/\/www.agriculture-machine.com\/de\/wp-json\/wp\/v2\/tags?post=9922"},{"taxonomy":"product-type","embeddable":true,"href":"https:\/\/www.agriculture-machine.com\/de\/wp-json\/wp\/v2\/product-type?post=9922"}],"curies":[{"name":"wp","href":"https:\/\/api.w.org\/{rel}","templated":true}]}}