{"id":9924,"date":"2021-04-14T16:11:54","date_gmt":"2021-04-14T08:11:54","guid":{"rendered":"https:\/\/www.agriculture-machine.com\/?p=9924"},"modified":"2024-08-20T17:43:13","modified_gmt":"2024-08-20T09:43:13","slug":"vegetable-seed-planters-vegetable-sowing-machine","status":"publish","type":"product","link":"https:\/\/www.agriculture-machine.com\/de\/vegetable-seed-planters-vegetable-sowing-machine\/","title":{"rendered":"Gem\u00fcse-S\u00e4maschinen | Gem\u00fcse-S\u00e4maschine"},"content":{"rendered":"<h2 class=\"wp-block-heading\">Kurze Einf\u00fchrung in Gem\u00fcsesamenpflanzer<\/h2>    <p>Ein Gem\u00fcsepflanzer ist eine hochautomatisierte Gem\u00fcses\u00e4maschine. Sie k\u00f6nnen verschiedene Radformen f\u00fcr unterschiedliche Gem\u00fcsesorten verwenden. <\/p>    <p>Es eignet sich f\u00fcr das Pflanzen von Karotten, R\u00fcben, Oliven, Brokkoli, Senf, wei\u00dfem Radieschen, Kohlrabi, Spinat, Amaranth, Sellerie, Fr\u00fchlingszwiebeln, Koriander, Meeresgr\u00fcn, Kohl, Rucola, Wasser-Spinat und einige andere Gem\u00fcsesorten. Gem\u00fcsesamenpflanzer k\u00f6nnen das Pflanzen schneller und effizienter machen.<\/p>    <figure class=\"wp-block-embed aligncenter is-type-video is-provider-youtube wp-block-embed-youtube wp-embed-aspect-16-9 wp-has-aspect-ratio\"><div class=\"wp-block-embed__wrapper\"> <iframe loading=\"lazy\" title=\"Gem\u00fcses\u00e4maschine | Gem\u00fcsesaatmaschine | Manuelle Gem\u00fcsesaat\" width=\"500\" height=\"281\" src=\"https:\/\/www.youtube.com\/embed\/KYVzcSCBFWg?list=PL58YSJlfYgUlvljp-hHHOMNqePkLFUp2k\" frameborder=\"0\" allow=\"accelerometer; autoplay; clipboard-write; encrypted-media; gyroscope; picture-in-picture; web-share\" referrerpolicy=\"strict-origin-when-cross-origin\" allowfullscreen><\/iframe> <\/div><figcaption class=\"wp-element-caption\">Arbeitsvideo der Pr\u00e4zisions-Gem\u00fcsepflanzger\u00e4te<\/figcaption><\/figure>    <h2 class=\"wp-block-heading\">Strukturen der Gem\u00fcsesaatmaschine<\/h2>    <p>Eine Gem\u00fcses\u00e4maschine besteht aus einer Walze, Samenboxen, Samenmessvorrichtung, Graben\u00f6ffner, Bodendeckung, Werkzeugen, Reifen, Benzinmotor, Armlehne usw. Die Walze liefert die Kraft f\u00fcr die Samenmessvorrichtung, mit gro\u00dfem Durchmesser und einer Greifklaue am Rand. <\/p>    <p>Das Unterdr\u00fcckungsrad hat einen kleinen Durchmesser und eine glatte Oberfl\u00e4che, einige sind mit Gummi bedeckt, um Ton durch die Elastizit\u00e4t des Gummis zu verhindern. Diese beiden R\u00e4der spielen auch die Rolle der Gel\u00e4ndeprofilierung und Tiefenbegrenzung. Die Arten der Samenboxen sind unterschiedlich f\u00fcr verschiedene Gem\u00fcsesaaten. Sie k\u00f6nnen sie leicht und frei wechseln.<\/p>    <figure class=\"wp-block-image aligncenter size-full wp-image-9928\"><img loading=\"lazy\" decoding=\"async\" width=\"720\" height=\"540\" src=\"https:\/\/www.agriculture-machine.com\/wp-content\/uploads\/2021\/04\/structures-of-vegetable-seed-sowing-machine.jpg\" alt=\"Strukturen der Gem\u00fcsesaatmaschine\" class=\"wp-image-9928\" srcset=\"https:\/\/www.agriculture-machine.com\/wp-content\/uploads\/2021\/04\/structures-of-vegetable-seed-sowing-machine.jpg 720w, https:\/\/www.agriculture-machine.com\/wp-content\/uploads\/2021\/04\/structures-of-vegetable-seed-sowing-machine-360x270.jpg 360w, https:\/\/www.agriculture-machine.com\/wp-content\/uploads\/2021\/04\/structures-of-vegetable-seed-sowing-machine-240x180.jpg 240w\" sizes=\"auto, (max-width: 720px) 100vw, 720px\" \/><figcaption class=\"wp-element-caption\">Strukturen der Gem\u00fcsesaatmaschine<\/figcaption><\/figure>    <h2 class=\"wp-block-heading\">Vorteile der Verwendung der S\u00e4maschine<\/h2>    <ol class=\"wp-block-list\"> <li>Zeit und viel Arbeit sparen. Im Vergleich zum manuellen S\u00e4en ist die Geschwindigkeit der Gem\u00fcses\u00e4maschinen mehr als 15-mal so hoch wie die der Arbeiter.<\/li>    <li>Die Aussaatwirkung ist ebenfalls besser. Die Setzlinge einer einzelnen Pflanze sind st\u00e4rker, und die Ernte kann um 10 bis 20 % gesteigert werden.<\/li>    <li>Diese Maschine ist einfach zu bedienen. Sie ist bei Menschen, die Gem\u00fcse anbauen, sehr beliebt.<\/li>    <li>Sie ist f\u00fcr viele Arten des Gem\u00fcses\u00e4ens geeignet. Die Forschung und Entwicklung von Gem\u00fcses\u00e4maschinen hat jahrelange Verbesserungen und Fortschritte durchlaufen. Sie kann die Bed\u00fcrfnisse der Kunden in allen Aspekten erf\u00fcllen und ist f\u00fcr die Aussaat verschiedener Gem\u00fcsesorten geeignet.<\/li>    <li>Das Kerntechnologie-Forschungsteam der Hersteller von Gem\u00fcses\u00e4maschinen ist stark. W\u00e4hrend der Entwicklung des Prozesses k\u00f6nnen die Anforderungen und Details des genauen S\u00e4prozesses vollst\u00e4ndig ber\u00fccksichtigt werden. Daher kann das S\u00e4en von Gem\u00fcse professioneller und hoch effizienter gestaltet werden.<\/li> <\/ol>    <figure class=\"wp-block-image aligncenter size-full wp-image-9929\"><img loading=\"lazy\" decoding=\"async\" width=\"720\" height=\"540\" src=\"https:\/\/www.agriculture-machine.com\/wp-content\/uploads\/2021\/04\/vegetable-seed-sowing.jpg\" alt=\"Gem\u00fcses\u00e4en\" class=\"wp-image-9929\" srcset=\"https:\/\/www.agriculture-machine.com\/wp-content\/uploads\/2021\/04\/vegetable-seed-sowing.jpg 720w, https:\/\/www.agriculture-machine.com\/wp-content\/uploads\/2021\/04\/vegetable-seed-sowing-360x270.jpg 360w, https:\/\/www.agriculture-machine.com\/wp-content\/uploads\/2021\/04\/vegetable-seed-sowing-240x180.jpg 240w\" sizes=\"auto, (max-width: 720px) 100vw, 720px\" \/><figcaption class=\"wp-element-caption\">Gem\u00fcses\u00e4en<\/figcaption><\/figure>    <h2 class=\"wp-block-heading\">Funktionsprinzip der Gem\u00fcses\u00e4maschine<\/h2>    <p>Das Funktionsprinzip der Gem\u00fcses\u00e4maschinen ist die Verwendung des Uhrsteuerungssystems, um die Anzahl der n\u00e4chsten Samen pr\u00e4zise zu steuern. <\/p>    <p>Beim S\u00e4en kann die Entfernung eingestellt werden, und die Samen k\u00f6nnen regelm\u00e4\u00dfig im Boden vergraben werden, auch die Tiefe kann eingestellt werden. <\/p>    <p>Dies kann die Pflanzwirkung verbessern, die Arbeit des manuellen B\u00fcckens der Setzlinge reduzieren und vermeiden, die Pflanzen jederzeit auf Wachstum zu \u00fcberpr\u00fcfen.<\/p>    <h2 class=\"wp-block-heading\">Export der Gem\u00fcses\u00e4maschine<\/h2>    <p class=\"translation-block\"><a href=\"https:\/\/www.agriculture-machine.com\/de\/\">Zhengzhou Taizy Machinery Co., Ltd<\/a> ist seit 10 Jahren im Export von Maschinen und Ausr\u00fcstung t\u00e4tig. Die Exportst\u00e4dte der Maschinen umfassen mehr als 100 L\u00e4nder auf allen Kontinenten der Welt. <\/p>    <p class=\"translation-block\">Wir haben auch handbetriebene <a href=\"https:\/\/www.agriculture-machine.com\/de\/hand-operated-maize-corn-planter-machine-peanut-plant\/\">Maispflanzmaschinen<\/a> und Erdnuss-Pflanzmaschinen zum Verkauf, Sie k\u00f6nnen je nach Bedarf w\u00e4hlen. Unsere Gem\u00fcsesamenpflanzer sind gut verpackt, und die Exportmaschinen werden nicht besch\u00e4digt. <\/p>    <p>Wir bieten einen vollst\u00e4ndigen After-Sales-Service f\u00fcr die Maschine. Wenn Sie w\u00e4hrend der Installation oder Nutzung Schwierigkeiten haben, k\u00f6nnen Sie jederzeit unser Personal kontaktieren, und wir helfen Ihnen, diese so schnell wie m\u00f6glich zu l\u00f6sen.<\/p>    <figure class=\"wp-block-image aligncenter size-full wp-image-9991\"><img loading=\"lazy\" decoding=\"async\" width=\"720\" height=\"540\" src=\"https:\/\/www.agriculture-machine.com\/wp-content\/uploads\/2021\/04\/seed-discs.jpg\" alt=\"Gem\u00fcse-Samenpflanzer-Saatplatten\" class=\"wp-image-9991\" srcset=\"https:\/\/www.agriculture-machine.com\/wp-content\/uploads\/2021\/04\/seed-discs.jpg 720w, https:\/\/www.agriculture-machine.com\/wp-content\/uploads\/2021\/04\/seed-discs-360x270.jpg 360w, https:\/\/www.agriculture-machine.com\/wp-content\/uploads\/2021\/04\/seed-discs-240x180.jpg 240w\" sizes=\"auto, (max-width: 720px) 100vw, 720px\" \/><figcaption class=\"wp-element-caption\">Saatplatten<\/figcaption><\/figure>    <h2 class=\"wp-block-heading\">Technische Parameter der Saatmaschine<\/h2>    <figure class=\"wp-block-table is-style-stripes\"><table><tbody><tr><td>Name<\/td><td>Gem\u00fcses\u00e4maschine<\/td><\/tr><tr><td>Modell<\/td><td>SC-9<\/td><\/tr><tr><td>Reihen<\/td><td>1-14<\/td><\/tr><tr><td>Samen<\/td><td>Spinat, Karotte, Sellerie usw.<\/td><\/tr><tr><td>Leistung<\/td><td>Benzinmotor<\/td><\/tr><tr><td>Verpackungsgr\u00f6\u00dfe<\/td><td>116*126*87cm<\/td><\/tr><tr><td>Gewicht<\/td><td>160kg<\/td><\/tr><\/tbody><\/table><figcaption class=\"wp-element-caption\">Parameter der Gem\u00fcsesamenpflanzer<\/figcaption><\/figure>    <h2 class=\"wp-block-heading\">FAQ<\/h2>   <div id=\"rank-math-faq\" class=\"rank-math-block\"> <div class=\"rank-math-list\"> <div id=\"faq-question-1709536974282\" class=\"rank-math-list-item\"> <h3 class=\"rank-math-question\">Warum ist diese Maschine f\u00fcr verschiedene Gem\u00fcsesaaten geeignet?<\/h3> <div class=\"rank-math-answer\">  <p>Wir bieten verschiedene Modelle der Samenboxen an. Verschiedene Radformen f\u00fcr unterschiedliche Gem\u00fcsesorten.<\/p>  <\/div> <\/div> <div id=\"faq-question-1709536980970\" class=\"rank-math-list-item\"> <h3 class=\"rank-math-question\">Wird der Samenabstand zu dicht oder zu locker sein?<\/h3> <div class=\"rank-math-answer\">  <p>Sie k\u00f6nnen den Samenabstand durch den Wechsel des Getriebes und der Aussaatplatten der Gem\u00fcses\u00e4maschine einstellen.<\/p>  <\/div> <\/div> <div id=\"faq-question-1709537012297\" class=\"rank-math-list-item\"> <h3 class=\"rank-math-question\">Welche Funktionen hat die Gem\u00fcsesamenpflanzer?\ufffc<\/h3> <div class=\"rank-math-answer\">  <p class=\"translation-block\">Der Walze der S\u00e4maschine kann die Erde gl\u00e4tten. Die Samenbox kann verschiedene <a href=\"https:\/\/en.wikipedia.org\/wiki\/Vegetable\" target=\"_blank\" rel=\"noopener\">Gem\u00fcse<\/a> Samen speichern. Dann k\u00f6nnen Sie die Saatgutplatten je nach Bedarf f\u00fcr unterschiedliche Gem\u00fcsesorten und Pflanzabst\u00e4nde wechseln. Es macht Ihren Aussaatprozess einfacher und effizienter.<\/p>  <\/div> <\/div> <\/div> <\/div>   <h2 class=\"wp-block-heading\">Kontaktieren Sie uns jederzeit<\/h2>    <p>If you are interested in our seeder or have any questions, don&#8217;t hesitate to contact us! Our enthusiastic customer service team is always ready to provide you with professional advice and support. Meanwhile, we sincerely welcome you to visit our factory and witness the excellent quality and advanced technology of our products. We look forward to serving you!<\/p>","protected":false},"excerpt":{"rendered":"<p>Gem\u00fcsesamenpflanzer sind vorteilhaft f\u00fcr pr\u00e4zises S\u00e4en. Es macht die Gem\u00fcseanpflanzung einfacher und hoch effizient.<\/p>","protected":false},"author":1,"featured_media":9930,"parent":0,"comment_status":"closed","ping_status":"closed","template":"","tags":[927,926,928,929,930],"product-type":[870,885],"class_list":["post-9924","product","type-product","status-publish","has-post-thumbnail","hentry","tag-onion-seedlings","tag-pumpkin-seedlings","tag-vegetable-seed-planters","tag-vegetable-seed-sowing","tag-vegetable-seedling","product-type-planter","product-type-vegetable-planter"],"_links":{"self":[{"href":"https:\/\/www.agriculture-machine.com\/de\/wp-json\/wp\/v2\/product\/9924","targetHints":{"allow":["GET"]}}],"collection":[{"href":"https:\/\/www.agriculture-machine.com\/de\/wp-json\/wp\/v2\/product"}],"about":[{"href":"https:\/\/www.agriculture-machine.com\/de\/wp-json\/wp\/v2\/types\/product"}],"author":[{"embeddable":true,"href":"https:\/\/www.agriculture-machine.com\/de\/wp-json\/wp\/v2\/users\/1"}],"replies":[{"embeddable":true,"href":"https:\/\/www.agriculture-machine.com\/de\/wp-json\/wp\/v2\/comments?post=9924"}],"wp:featuredmedia":[{"embeddable":true,"href":"https:\/\/www.agriculture-machine.com\/de\/wp-json\/wp\/v2\/media\/9930"}],"wp:attachment":[{"href":"https:\/\/www.agriculture-machine.com\/de\/wp-json\/wp\/v2\/media?parent=9924"}],"wp:term":[{"taxonomy":"post_tag","embeddable":true,"href":"https:\/\/www.agriculture-machine.com\/de\/wp-json\/wp\/v2\/tags?post=9924"},{"taxonomy":"product-type","embeddable":true,"href":"https:\/\/www.agriculture-machine.com\/de\/wp-json\/wp\/v2\/product-type?post=9924"}],"curies":[{"name":"wp","href":"https:\/\/api.w.org\/{rel}","templated":true}]}}