{"id":9960,"date":"2021-04-16T10:56:11","date_gmt":"2021-04-16T02:56:11","guid":{"rendered":"https:\/\/www.agriculture-machine.com\/?p=9960"},"modified":"2024-09-23T11:21:59","modified_gmt":"2024-09-23T03:21:59","slug":"garlic-planting-machine-garlic-planter-for-sale-method-of-planting-garlic","status":"publish","type":"product","link":"https:\/\/www.agriculture-machine.com\/de\/garlic-planting-machine-garlic-planter-for-sale-method-of-planting-garlic\/","title":{"rendered":"Knoblauchpflanzmaschine | Knoblauch-S\u00e4maschine zum Verkauf"},"content":{"rendered":"<h2 class=\"wp-block-heading\">Kurze Einf\u00fchrung der Knoblauchpflanzmaschine<\/h2>    <p class=\"translation-block\">Die <strong>Knoblauchpflanzmaschine<\/strong> ist eine landwirtschaftliche Pflanzmaschine, die f\u00fcr gro\u00dffl\u00e4chiges und mechanisiertes Knoblauchpflanzen geeignet ist. Verschiedene Typen von Knoblauchpflanzmaschinen sind mit unterschiedlichen Leistungen ausgestattet.<\/p>    <p>Diese Knoblauchpflanzmaschine ist mit einem pr\u00e4zisen Positionierungssystem ausgestattet, um sicherzustellen, dass jeder Knoblauchsamens genau positioniert und gepflanzt wird, was den Aussaat-Erfolg maximiert.<\/p>    <figure class=\"wp-block-embed is-type-video is-provider-youtube wp-block-embed-youtube wp-embed-aspect-16-9 wp-has-aspect-ratio\"><div class=\"wp-block-embed__wrapper\"> <iframe loading=\"lazy\" title=\"Knoblauchpflanzmaschine, Knoblauchpflanzmaschine, Automatisches Knoblauchpflanzen, Knoblauch-S\u00e4methoden\" width=\"500\" height=\"281\" src=\"https:\/\/www.youtube.com\/embed\/aze8r_tBbwc?feature=oembed\" frameborder=\"0\" allow=\"accelerometer; autoplay; clipboard-write; encrypted-media; gyroscope; picture-in-picture; web-share\" referrerpolicy=\"strict-origin-when-cross-origin\" allowfullscreen><\/iframe> <\/div><figcaption class=\"wp-element-caption\">Effizienter Einsatzort der Knoblauchpflanzmaschine<\/figcaption><\/figure>    <p class=\"translation-block\">Sie kann mit einem Benzinmotor f\u00fcr eigenst\u00e4ndigen Einsatz ausgestattet werden oder in Verbindung mit kleinen und mittleren <a href=\"https:\/\/www.agriculture-machine.com\/de\/walking-tractor-simplicity-walking-tractor\/\">landwirtschaftlichen Traktoren<\/a> verwendet werden, die von Landwirten \u00fcblich sind. Das manuelle Pflanzen von Knoblauch ist ineffizient und zeitaufwendig. Der Einsatz einer mechanischen Knoblauchpflanzmaschine kann die Pflanzarbeit einsparen und gr\u00f6\u00dfere wirtschaftliche Vorteile bringen.<\/p>    <figure class=\"wp-block-image aligncenter size-full wp-image-9977\"><img loading=\"lazy\" decoding=\"async\" width=\"720\" height=\"540\" src=\"https:\/\/www.agriculture-machine.com\/wp-content\/uploads\/2021\/04\/plant-garlic.jpg\" alt=\"Knoblauch pflanzen\" class=\"wp-image-9977\" srcset=\"https:\/\/www.agriculture-machine.com\/wp-content\/uploads\/2021\/04\/plant-garlic.jpg 720w, https:\/\/www.agriculture-machine.com\/wp-content\/uploads\/2021\/04\/plant-garlic-360x270.jpg 360w, https:\/\/www.agriculture-machine.com\/wp-content\/uploads\/2021\/04\/plant-garlic-240x180.jpg 240w\" sizes=\"auto, (max-width: 720px) 100vw, 720px\" \/><figcaption class=\"wp-element-caption\">Knoblauch pflanzen<\/figcaption><\/figure>    <h2 class=\"wp-block-heading\">Aufbau der Knoblauch-S\u00e4maschine<\/h2>    <p>Der Knoblauchpflanzer besteht aus Boxen f\u00fcr Knoblauch, F\u00f6rderband, Vorderrad, Hinterrad, Reduzierer, Scheibenfr\u00e4se, Transmission, Getriebe, Abstandskontrolle, Tiefeneinstellung und so weiter.<\/p>    <p>Die Vorder- und Hinterr\u00e4der k\u00f6nnen den Boden ebnen. Das Scheibenfr\u00e4se ist f\u00fcr das Graben von Gr\u00e4ben zum Vergraben der Samen verantwortlich. Die Tiefe des Grabens und der Abstand zwischen den Pflanzen k\u00f6nnen von Ihnen eingestellt werden. Das Getriebe und das F\u00f6rderband sind f\u00fcr den Transport der Samen zust\u00e4ndig. Der automatische Betriebsprozess macht das Pflanzen von Knoblauch einfacher.<\/p>    <figure class=\"wp-block-image aligncenter size-full wp-image-9976\"><img loading=\"lazy\" decoding=\"async\" width=\"720\" height=\"540\" src=\"https:\/\/www.agriculture-machine.com\/wp-content\/uploads\/2021\/04\/structure-of-garlic-planter.jpg\" alt=\"Aufbau der Knoblauchpflanzmaschine\" class=\"wp-image-9976\" srcset=\"https:\/\/www.agriculture-machine.com\/wp-content\/uploads\/2021\/04\/structure-of-garlic-planter.jpg 720w, https:\/\/www.agriculture-machine.com\/wp-content\/uploads\/2021\/04\/structure-of-garlic-planter-360x270.jpg 360w, https:\/\/www.agriculture-machine.com\/wp-content\/uploads\/2021\/04\/structure-of-garlic-planter-240x180.jpg 240w\" sizes=\"auto, (max-width: 720px) 100vw, 720px\" \/><figcaption class=\"wp-element-caption\">Aufbau der Knoblauchpflanzmaschine<\/figcaption><\/figure>    <h2 class=\"wp-block-heading\">Vorteile der Verwendung der Knoblauchpflanzmaschine<\/h2>    <p>1. Die effektive und vern\u00fcnftige Konfiguration der Maschine sorgt f\u00fcr einen stabilen, zuverl\u00e4ssigen und effizienten Betriebsprozess.<br>2. Schnelles Anpassen der Richtung der Knoblauchsamens, damit die Samen nach oben zeigen, um die \u00dcberlebensrate beim Pflanzen zu sichern.<br>3. Automatisches Pflanzen von Knoblauch kann Arbeitskosten einsparen. Das Pflanzgebiet ist gro\u00df, und die manuelle Pflanzung ist teuer. Der Einsatz von Maschinen kann Kosten sparen und die wirtschaftliche Effizienz verbessern.<br>4. Die Pflanzdichte ist vern\u00fcnftig und die Aussaat gleichm\u00e4\u00dfig. Verbesserung der \u00dcberlebensrate beim S\u00e4en und der Ernteertrag beim Knoblauch.<\/p>    <figure class=\"wp-block-image aligncenter size-full wp-image-9978\"><img loading=\"lazy\" decoding=\"async\" width=\"720\" height=\"540\" src=\"https:\/\/www.agriculture-machine.com\/wp-content\/uploads\/2021\/04\/garlic-harvesting.jpg\" alt=\"Knoblaucheerntung\" class=\"wp-image-9978\" srcset=\"https:\/\/www.agriculture-machine.com\/wp-content\/uploads\/2021\/04\/garlic-harvesting.jpg 720w, https:\/\/www.agriculture-machine.com\/wp-content\/uploads\/2021\/04\/garlic-harvesting-360x270.jpg 360w, https:\/\/www.agriculture-machine.com\/wp-content\/uploads\/2021\/04\/garlic-harvesting-240x180.jpg 240w\" sizes=\"auto, (max-width: 720px) 100vw, 720px\" \/><figcaption class=\"wp-element-caption\">Knoblaucheerntung<\/figcaption><\/figure>    <h2 class=\"wp-block-heading\">Funktionsprinzip der Knoblauchpflanzmaschine<\/h2>    <p>Die Knoblauchsamens werden in die Samenboxen gelegt. Das Antriebssystem treibt die Knoblauchpflanzmaschine an. Das Erdungsrad treibt das Getriebe an. Das Rad und das Getriebe drehen sich synchron durch die Transmission. Das Rad treibt das F\u00f6rderband an, um die Samen zu transportieren. <\/p>    <p>Die mechanische Knoblauchpflanzmaschine hat eine einfache Struktur. Sie ist bequem zu bedienen und kann die Arbeitskraft und die Pflanzqualit\u00e4t verbessern. <\/p>    <p>Es gibt verschiedene Maschinentypen. Kleine Maschinen wie eine 4-Reihen-Knoblauchpflanzmaschine und eine 5-Reihen-Knoblauchpflanzmaschine sind mit einem Dieselmotor ausgestattet. <\/p>    <p>Gro\u00dfe Maschinen wie eine 10-Reihen-Knoblauchpflanzmaschine k\u00f6nnen von Traktoren angetrieben werden. Es gibt verschiedene Maschinentypen, und wir empfehlen Ihnen passende Maschinen.<\/p>    <h2 class=\"wp-block-heading\">Parameter der Knoblauchpflanzmaschine<\/h2>    <figure class=\"wp-block-table is-style-stripes\"><table><tbody><tr><td>Modell<\/td><td>GP-6<\/td><\/tr><tr><td>Reihen<\/td><td>Anpassbar<\/td><\/tr><tr><td>Reihenabstand<\/td><td>Verstellbar<\/td><\/tr><tr><td>Reihenabstand<\/td><td>Verstellbar<\/td><\/tr><tr><td>Traktor<\/td><td>&gt;30PS<\/td><\/tr><\/tbody><\/table><figcaption class=\"wp-element-caption\">Knoblauchpflanzmaschine technische Daten<\/figcaption><\/figure>    <h2 class=\"wp-block-heading\">Erfolgreiche F\u00e4lle<\/h2>    <p class=\"translation-block\">In den letzten Jahren haben wir viele Maschinen in \u00fcber 100 L\u00e4nder der Welt exportiert. Wir exportieren verschiedene landwirtschaftliche Maschinen wie <a href=\"https:\/\/www.agriculture-machine.com\/de\/vegetable-seed-planters-vegetable-sowing-machine\/\">Gem\u00fcse-S\u00e4maschinen<\/a>, Seilmaschinen und so weiter. Die Kunden sind sehr zufrieden mit unseren Produkten. <\/p>    <p>Die Knoblauchpflanzmaschinen haben vielen Menschen beim Knoblauchpflanzen geholfen und ihre Pflanzeffizienz erheblich verbessert. Wir sind auf den Export von Maschinen spezialisiert. Kontaktieren Sie uns bei Fragen.<\/p>    <figure class=\"wp-block-image aligncenter size-full wp-image-9982\"><img loading=\"lazy\" decoding=\"async\" width=\"720\" height=\"540\" src=\"https:\/\/www.agriculture-machine.com\/wp-content\/uploads\/2021\/04\/export-machines-1.jpg\" alt=\"Exportmaschinen\" class=\"wp-image-9982\" srcset=\"https:\/\/www.agriculture-machine.com\/wp-content\/uploads\/2021\/04\/export-machines-1.jpg 720w, https:\/\/www.agriculture-machine.com\/wp-content\/uploads\/2021\/04\/export-machines-1-360x270.jpg 360w, https:\/\/www.agriculture-machine.com\/wp-content\/uploads\/2021\/04\/export-machines-1-240x180.jpg 240w\" sizes=\"auto, (max-width: 720px) 100vw, 720px\" \/><figcaption class=\"wp-element-caption\">Exportmaschinen<\/figcaption><\/figure>    <h2 class=\"wp-block-heading\">Kontaktieren Sie uns jederzeit<\/h2>    <p>Kontaktieren Sie uns jederzeit f\u00fcr weitere Details zum Knoblauch-S\u00e4maschine. Wir sind bestrebt, effiziente und zuverl\u00e4ssige landwirtschaftliche Maschinenl\u00f6sungen anzubieten. Au\u00dferdem laden wir Sie herzlich ein, unsere Fabrik zu besuchen und die hervorragende Leistung des Knoblauch-S\u00e4maschine selbst zu erleben. Vielen Dank, dass Sie unsere Produkte gew\u00e4hlt haben, und wir freuen uns darauf, Ihnen exzellenten Service und Unterst\u00fctzung zu bieten.<\/p>","protected":false},"excerpt":{"rendered":"<p>Die Knoblauchpflanzmaschine kombiniert verstellbare Pflanztiefe, hochpr\u00e4zises Pflanzen mit hoher Geschwindigkeit und eine Ein-Knopf-Bedienung, um die Effizienz und Produktivit\u00e4t beim Knoblauchpflanzen zu steigern.<\/p>","protected":false},"author":1,"featured_media":9974,"parent":0,"comment_status":"closed","ping_status":"closed","template":"","tags":[2635,492],"product-type":[870,885],"class_list":["post-9960","product","type-product","status-publish","has-post-thumbnail","hentry","tag-garlic","tag-planter","product-type-planter","product-type-vegetable-planter"],"_links":{"self":[{"href":"https:\/\/www.agriculture-machine.com\/de\/wp-json\/wp\/v2\/product\/9960","targetHints":{"allow":["GET"]}}],"collection":[{"href":"https:\/\/www.agriculture-machine.com\/de\/wp-json\/wp\/v2\/product"}],"about":[{"href":"https:\/\/www.agriculture-machine.com\/de\/wp-json\/wp\/v2\/types\/product"}],"author":[{"embeddable":true,"href":"https:\/\/www.agriculture-machine.com\/de\/wp-json\/wp\/v2\/users\/1"}],"replies":[{"embeddable":true,"href":"https:\/\/www.agriculture-machine.com\/de\/wp-json\/wp\/v2\/comments?post=9960"}],"wp:featuredmedia":[{"embeddable":true,"href":"https:\/\/www.agriculture-machine.com\/de\/wp-json\/wp\/v2\/media\/9974"}],"wp:attachment":[{"href":"https:\/\/www.agriculture-machine.com\/de\/wp-json\/wp\/v2\/media?parent=9960"}],"wp:term":[{"taxonomy":"post_tag","embeddable":true,"href":"https:\/\/www.agriculture-machine.com\/de\/wp-json\/wp\/v2\/tags?post=9960"},{"taxonomy":"product-type","embeddable":true,"href":"https:\/\/www.agriculture-machine.com\/de\/wp-json\/wp\/v2\/product-type?post=9960"}],"curies":[{"name":"wp","href":"https:\/\/api.w.org\/{rel}","templated":true}]}}