{"id":9993,"date":"2021-04-16T16:38:00","date_gmt":"2021-04-16T08:38:00","guid":{"rendered":"https:\/\/www.agriculture-machine.com\/?p=9993"},"modified":"2024-09-18T16:17:30","modified_gmt":"2024-09-18T08:17:30","slug":"walk-behind-rice-transplanter-rice-planting-machine","status":"publish","type":"product","link":"https:\/\/www.agriculture-machine.com\/de\/walk-behind-rice-transplanter-rice-planting-machine\/","title":{"rendered":"Schritt-f\u00fcr-Schritt-Reis-Transplanter | Reispflanzmaschine"},"content":{"rendered":"<p class=\"translation-block\">Der Walk-behind <strong>Reis-Transplanter<\/strong> ist eine landwirtschaftliche Maschine, die Reissetzlinge in die Reisfelder pflanzt. Heutzutage wird Reis in vielen Regionen der Welt weit verbreitet angebaut. Das Pflanzen der Reissetzlinge von Hand ist jedoch zeitaufwendig und arbeitsintensiv. Die Verwendung eines Reispflanzers ist die Wahl vieler Reisbauer geworden. <\/p>    <p>Der Walk-behind-Reis-Transplanter ist einfach zu bedienen und verbessert die Effizienz sowie die Pflanzqualit\u00e4t der Reispflanzung erheblich. Daher tr\u00e4gt er auch zur Erh\u00f6hung der \u00dcberlebensrate der Reissetzlinge bei. <\/p>    <figure class=\"wp-block-embed is-type-video is-provider-youtube wp-block-embed-youtube wp-embed-aspect-16-9 wp-has-aspect-ratio\"><div class=\"wp-block-embed__wrapper\"> <iframe loading=\"lazy\" title=\"Drei Arten von Reispflanzmaschinen zur Auswahl. Reispflanzer\/Reis-Pflanzmaschine\" width=\"500\" height=\"281\" src=\"https:\/\/www.youtube.com\/embed\/_KvEf-3Jk44?start=120&#038;feature=oembed\" frameborder=\"0\" allow=\"accelerometer; autoplay; clipboard-write; encrypted-media; gyroscope; picture-in-picture; web-share\" referrerpolicy=\"strict-origin-when-cross-origin\" allowfullscreen><\/iframe> <\/div><figcaption class=\"wp-element-caption\">6- und 8-Reihen-Reis-Transplantationsmaschine<\/figcaption><\/figure>    <p class=\"translation-block\">Derzeit produzieren wir vier- und sechssitzige Hand-Reispflanzer. Neben der Reispflanzung haben wir auch Maschinen f\u00fcr die Pflanzung verschiedener <a href=\"https:\/\/www.agriculture-machine.com\/de\/peony-transplant-cucumber-transplant-factory-direct\/\">Gem\u00fcsesetzlinge<\/a>, die viele Gem\u00fcsesetzlinge pflanzen k\u00f6nnen. Die Leute k\u00f6nnen auch eine <a href=\"https:\/\/www.agriculture-machine.com\/de\/rice-nursery-seedling-machine\/\">Baumschulsetzlingsmaschine<\/a> w\u00e4hlen, um die manuelle Setzlingskultivierung zu ersetzen. Der Einsatz dieser Maschinen kann die Effizienz und Qualit\u00e4t der Setzlinge erheblich verbessern. <\/p>    <h2 class=\"wp-block-heading\">Einf\u00fchrung des Walk-behind-Reis-Transplanters<\/h2>    <p>Der Walk-behind-Reis-Transplanter ist ebenfalls eine Art Reispflanzer. Der Unterschied zum vorherigen Reispflanzer besteht darin, dass dieser Reispflanzer es erm\u00f6glicht, hinter ihm zu laufen und ihn \u00fcber den Griff zu steuern. Wir haben 4-Reihen- und 6-Reihen-Modelle, die hinter dem Reis-Transplanter laufen. <\/p>    <p>About the power, our rice transplanter is equipped with a gasoline engine. And the planting depth of the machine can be adjusted. So, it can meet different customers&#8217; needs for depth. Our machines have professional large-diameter wheels that can move flexibly in the field. <\/p>    <figure class=\"wp-block-image aligncenter size-full\"><img loading=\"lazy\" decoding=\"async\" width=\"720\" height=\"540\" src=\"https:\/\/www.agriculture-machine.com\/wp-content\/uploads\/2022\/05\/paddy-transplanter.jpg\" alt=\"Paddy-Transplanter\" class=\"wp-image-13526\" title=\"Paddy-Transplanter\" srcset=\"https:\/\/www.agriculture-machine.com\/wp-content\/uploads\/2022\/05\/paddy-transplanter.jpg 720w, https:\/\/www.agriculture-machine.com\/wp-content\/uploads\/2022\/05\/paddy-transplanter-360x270.jpg 360w, https:\/\/www.agriculture-machine.com\/wp-content\/uploads\/2022\/05\/paddy-transplanter-240x180.jpg 240w\" sizes=\"auto, (max-width: 720px) 100vw, 720px\" \/><figcaption class=\"wp-element-caption\">Paddy-Transplanter<\/figcaption><\/figure>    <h2 class=\"wp-block-heading\" id=\"h-what-are-the-dvantages-of-rice-planting-machine\">Was sind die Vorteile von Reispflanzmaschinen<\/h2>    <ol class=\"wp-block-list\"> <li>Dieses Walk-behind-Reis-Transplanter kann mit einem Benzinmotor betrieben werden, der dem Ger\u00e4t mehr Leistung verleiht.<\/li>    <li>Der Pflanzabstand kann durch die Einstellung der Geschwindigkeit und des Abstandsreglers in vier Stufen angepasst werden. Er kann 12-14 oder 16-21 cm durch eine einfache und schnelle Bedienung realisieren.<\/li>    <li>Hohe Anwendbarkeit. Der Reispflanzer kann auch in verrotteten Feldern mit einer Schlammh\u00f6he von 15-35 cm leicht laufen. Er ist nicht durch die Gr\u00f6\u00dfe des Feldes begrenzt.<\/li>    <li>Das Ger\u00e4t ist leicht, was viel Arbeit spart.<\/li>    <li>Der Benutzer sollte die Setzlinge gleichm\u00e4\u00dfig und zuverl\u00e4ssig platzieren, um das Auslassen von Transplantationen effektiv zu vermeiden.<\/li>    <li>\u00c4sthetische Form und Durchtriebskraft\u00fcbertragung machen die Maschine st\u00e4rker und besser ausbalanciert.<\/li> <\/ol>    <figure class=\"wp-block-gallery has-nested-images columns-2 is-cropped wp-block-gallery-2 is-layout-flex wp-block-gallery-is-layout-flex\"> <figure class=\"wp-block-image size-full\"><a href=\"https:\/\/www.agriculture-machine.com\/wp-content\/uploads\/2021\/04\/machine-details-of-walk-behind-rice-transplanter.jpg\"><img loading=\"lazy\" decoding=\"async\" width=\"720\" height=\"540\" data-id=\"9995\" src=\"https:\/\/www.agriculture-machine.com\/wp-content\/uploads\/2021\/04\/machine-details-of-walk-behind-rice-transplanter.jpg\" alt=\"Maschinendetails des Walk-behind-Reis-Transplanters\" class=\"wp-image-9995\" title=\"Maschinendetails des Walk-behind-Reis-Transplanters\" srcset=\"https:\/\/www.agriculture-machine.com\/wp-content\/uploads\/2021\/04\/machine-details-of-walk-behind-rice-transplanter.jpg 720w, https:\/\/www.agriculture-machine.com\/wp-content\/uploads\/2021\/04\/machine-details-of-walk-behind-rice-transplanter-360x270.jpg 360w, https:\/\/www.agriculture-machine.com\/wp-content\/uploads\/2021\/04\/machine-details-of-walk-behind-rice-transplanter-240x180.jpg 240w\" sizes=\"auto, (max-width: 720px) 100vw, 720px\" \/><\/a><figcaption class=\"wp-element-caption\">Maschinendetails des Walk-behind-Reis-Transplanters<\/figcaption><\/figure>    <figure class=\"wp-block-image size-full\"><a href=\"https:\/\/www.agriculture-machine.com\/wp-content\/uploads\/2021\/04\/Walk-behind-rice-transplanter-prats.jpg\"><img loading=\"lazy\" decoding=\"async\" width=\"720\" height=\"540\" data-id=\"9996\" src=\"https:\/\/www.agriculture-machine.com\/wp-content\/uploads\/2021\/04\/Walk-behind-rice-transplanter-prats.jpg\" alt=\"Walk-behind-Reis-Transplanter-Prats\" class=\"wp-image-9996\" title=\"Walk-behind-Reis-Transplanter-Prats\" srcset=\"https:\/\/www.agriculture-machine.com\/wp-content\/uploads\/2021\/04\/Walk-behind-rice-transplanter-prats.jpg 720w, https:\/\/www.agriculture-machine.com\/wp-content\/uploads\/2021\/04\/Walk-behind-rice-transplanter-prats-360x270.jpg 360w, https:\/\/www.agriculture-machine.com\/wp-content\/uploads\/2021\/04\/Walk-behind-rice-transplanter-prats-240x180.jpg 240w\" sizes=\"auto, (max-width: 720px) 100vw, 720px\" \/><\/a><figcaption class=\"wp-element-caption\">Walk-behind-Reis-Transplanter-Prats<\/figcaption><\/figure> <\/figure>    <h2 class=\"wp-block-heading\" id=\"h-structure-details-of-the-4-rows-manual-rice-transplanter\">Strukturdetails des 4-Reihen-Hand-Reis-Transplanters<\/h2>    <p>Der manuelle Walk-behind-Reis-Transplanter hat eine kompakte Struktur, ist leicht, einfach zu bedienen und verf\u00fcgt \u00fcber eine leistungsstarke Funktion, was ihn zu einem guten Helfer f\u00fcr Landwirte bei der Reispflanzung macht.<\/p>    <figure class=\"wp-block-gallery has-nested-images columns-2 is-cropped wp-block-gallery-3 is-layout-flex wp-block-gallery-is-layout-flex\"> <figure class=\"wp-block-image size-large\"><a href=\"https:\/\/www.agriculture-machine.com\/wp-content\/uploads\/2021\/04\/structure-of-4-row-rice-transplanter-machine.jpg\"><img loading=\"lazy\" decoding=\"async\" width=\"720\" height=\"540\" data-id=\"10008\" src=\"https:\/\/www.agriculture-machine.com\/wp-content\/uploads\/2021\/04\/structure-of-4-row-rice-transplanter-machine.jpg\" alt=\"Struktur des 4-Reihen-Reis-Transplanters\" class=\"wp-image-10008\" title=\"Struktur des 4-Reihen-Reis-Transplanters\" srcset=\"https:\/\/www.agriculture-machine.com\/wp-content\/uploads\/2021\/04\/structure-of-4-row-rice-transplanter-machine.jpg 720w, https:\/\/www.agriculture-machine.com\/wp-content\/uploads\/2021\/04\/structure-of-4-row-rice-transplanter-machine-360x270.jpg 360w, https:\/\/www.agriculture-machine.com\/wp-content\/uploads\/2021\/04\/structure-of-4-row-rice-transplanter-machine-240x180.jpg 240w\" sizes=\"auto, (max-width: 720px) 100vw, 720px\" \/><\/a><figcaption class=\"wp-element-caption\">Struktur des 4-Reihen-Reis-Transplanters<\/figcaption><\/figure>    <figure class=\"wp-block-image size-large\"><a href=\"https:\/\/www.agriculture-machine.com\/wp-content\/uploads\/2021\/04\/4-row-walk-behind-rice-transplanter.jpg\"><img loading=\"lazy\" decoding=\"async\" width=\"720\" height=\"540\" data-id=\"10009\" src=\"https:\/\/www.agriculture-machine.com\/wp-content\/uploads\/2021\/04\/4-row-walk-behind-rice-transplanter.jpg\" alt=\"4-Reihen-Walk-behind-Reis-Transplanter\" class=\"wp-image-10009\" title=\"4-Reihen-Walk-behind-Reis-Transplanter\" srcset=\"https:\/\/www.agriculture-machine.com\/wp-content\/uploads\/2021\/04\/4-row-walk-behind-rice-transplanter.jpg 720w, https:\/\/www.agriculture-machine.com\/wp-content\/uploads\/2021\/04\/4-row-walk-behind-rice-transplanter-360x270.jpg 360w, https:\/\/www.agriculture-machine.com\/wp-content\/uploads\/2021\/04\/4-row-walk-behind-rice-transplanter-240x180.jpg 240w\" sizes=\"auto, (max-width: 720px) 100vw, 720px\" \/><\/a><figcaption class=\"wp-element-caption\">4-Reihen-Walk-behind-Reis-Transplanter<\/figcaption><\/figure> <\/figure>    <h2 class=\"wp-block-heading\" id=\"h-how-to-transplant-rice-seedlings\">Wie pflanzt man Reissetzlinge?<\/h2>    <p>Es gibt zwei M\u00f6glichkeiten, Reis zu pflanzen. Was sind die beiden Methoden der Reispflanzung? Eine ist die traditionelle Setzlingspflanzung, also manuell, und die andere ist die maschinelle Setzlingspflanzung. Zeit ist Gold, pflanzen Sie noch immer traditionell Reissetzlinge? Um die Arbeitseffizienz zu verbessern, w\u00e4hlen Sie nat\u00fcrlich die mechanisierte Pflanzung. Mit diesem handgehaltenen Reispflanzer kann der Pflanzabstand jederzeit angepasst werden.<\/p>    <figure class=\"wp-block-embed is-type-video is-provider-youtube wp-block-embed-youtube wp-embed-aspect-16-9 wp-has-aspect-ratio\"><div class=\"wp-block-embed__wrapper\"> <iframe loading=\"lazy\" title=\"Wie pflanzt man Reis oder Paddy? W\u00e4hlen Sie einen Walk-behind-Reis-Transplanter oder einen Traktor-Typ?\" width=\"500\" height=\"281\" src=\"https:\/\/www.youtube.com\/embed\/PW-tT4ietAc?feature=oembed\" frameborder=\"0\" allow=\"accelerometer; autoplay; clipboard-write; encrypted-media; gyroscope; picture-in-picture; web-share\" referrerpolicy=\"strict-origin-when-cross-origin\" allowfullscreen><\/iframe> <\/div><figcaption class=\"wp-element-caption\">Arbeitsbild des Walk-behind-Reis-Transplanters<\/figcaption><\/figure>    <h2 class=\"wp-block-heading\" id=\"h-what-are-the-benefits-of-using-machine-transplant-rice\">Vorteile der maschinellen Reispflanzung<\/h2>    <p>Was ist der Unterschied zwischen einer Reispflanzmaschine und manueller Reispflanzung? Aus Effizienzsicht sollte der Reispflanzer besser sein. Schlie\u00dflich sind Maschinen besser als manuelle Arbeit. Beim Pflanzen derselben Anzahl von Reissetzlingen kann die manuelle Pflanzung an einem Tag erledigt werden, w\u00e4hrend der Transplanter dies in einer Stunde schafft.<\/p>    <p>Neben der hohen Geschwindigkeit hat der Walk-behind-Reis-Transplanter einen weiteren Vorteil, n\u00e4mlich, dass der Pflanzabstand gleich bleibt. Bei manueller Pflanzung gibt es immer einige Fehler, entweder zu nah oder zu weit auseinander. Der Pflanzabstand kann mit einer Reispflanzmaschine kontrolliert werden, was manuell nicht m\u00f6glich ist. <\/p>    <p>The yield is said to be higher if the seedlings are transplanted by machine. The above two points are undoubtedly the biggest advantages of rice planting machines, and they are also the disadvantages of manual transplanting. What can&#8217;t be done manually is done by the machine.<\/p>    <figure class=\"wp-block-gallery has-nested-images columns-2 is-cropped wp-block-gallery-4 is-layout-flex wp-block-gallery-is-layout-flex\"> <figure class=\"wp-block-image size-large\"><a href=\"https:\/\/www.agriculture-machine.com\/wp-content\/uploads\/2021\/04\/Manual-transplanting.jpg\"><img loading=\"lazy\" decoding=\"async\" width=\"640\" height=\"427\" data-id=\"10007\" src=\"https:\/\/www.agriculture-machine.com\/wp-content\/uploads\/2021\/04\/Manual-transplanting.jpg\" alt=\"Manuelle Transplantation\" class=\"wp-image-10007\" title=\"Manuelle Transplantation\" srcset=\"https:\/\/www.agriculture-machine.com\/wp-content\/uploads\/2021\/04\/Manual-transplanting.jpg 640w, https:\/\/www.agriculture-machine.com\/wp-content\/uploads\/2021\/04\/Manual-transplanting-360x240.jpg 360w\" sizes=\"auto, (max-width: 640px) 100vw, 640px\" \/><\/a><figcaption class=\"wp-element-caption\">Manuelle Transplantation<\/figcaption><\/figure>    <figure class=\"wp-block-image size-large\"><a href=\"https:\/\/www.agriculture-machine.com\/wp-content\/uploads\/2021\/04\/transplanting-rice.jpg\"><img loading=\"lazy\" decoding=\"async\" width=\"720\" height=\"540\" data-id=\"10005\" src=\"https:\/\/www.agriculture-machine.com\/wp-content\/uploads\/2021\/04\/transplanting-rice.jpg\" alt=\"Transplantation--Reis\" class=\"wp-image-10005\" title=\"Transplantation--Reis\" srcset=\"https:\/\/www.agriculture-machine.com\/wp-content\/uploads\/2021\/04\/transplanting-rice.jpg 720w, https:\/\/www.agriculture-machine.com\/wp-content\/uploads\/2021\/04\/transplanting-rice-360x270.jpg 360w, https:\/\/www.agriculture-machine.com\/wp-content\/uploads\/2021\/04\/transplanting-rice-240x180.jpg 240w\" sizes=\"auto, (max-width: 720px) 100vw, 720px\" \/><\/a><figcaption class=\"wp-element-caption\">transplanting&#8211;rice<\/figcaption><\/figure> <\/figure>    <h2 class=\"wp-block-heading\" id=\"h-technical-parameters-of-the-high-efficiency-rice-transplanter\">Technische Parameter des Walk-behind-Reis-Transplanters<\/h2>    <figure class=\"wp-block-table is-style-stripes\"><table><tbody><tr><td>Modell<\/td><td>Technische Spezifikation<\/td><\/tr><tr><td><\/td><td>Einheit<\/td><td>Spezifikation<\/td><\/tr><tr><td>2ZS-4<\/td><td>Typ<\/td><td><\/td><td>Zwei R\u00e4der mit drei Schwimmplatten<\/td><\/tr><tr><td>Abmessung (L\u00e4nge x Breite x H\u00f6he)<\/td><td>(mm)<\/td><td>2140\u00d71630\u00d7910<\/td><\/tr><tr><td>Gewicht<\/td><td>(kg)<\/td><td>165<\/td><\/tr><tr><td>Motornamen<\/td><td><\/td><td>YAMAHA \/ MZ175-B-1<\/td><\/tr><tr><td>Motorkraft<\/td><td>(kw\/rpm)<\/td><td>2.6\/3000<\/td><\/tr><tr><td>Typ<\/td><td><\/td><td>Luftgek\u00fchlter Viertakt-OHV-Motor<\/td><\/tr><tr><td>Arbeitslinien<\/td><td><\/td><td>4 Linien<\/td><\/tr><tr><td>Arbeitsgeschwindigkeit<\/td><td>\uff08m\/s\uff09<\/td><td>0.34-0.77<\/td><\/tr><tr><td>Linienabstand<\/td><td>(mm)<\/td><td>300<\/td><\/tr><tr><td>Aussaatabstand<\/td><td>(mm)<\/td><td>210;180;160;140;120<\/td><\/tr><tr><td>Aussaattiefe<\/td><td>(mm)<\/td><td>15-35<\/td><\/tr><tr><td>Arbeitskapazit\u00e4t<\/td><td>Arbeit\/ Stunde<\/td><td>0.10-0.2<\/td><\/tr><tr><td>Paddy-Rad<\/td><td>Struktur<\/td><td><\/td><td>Gummirad<\/td><\/tr><tr><td>Durchmesser<\/td><td>(mm)<\/td><td>660<\/td><\/tr><tr><td>Fahrstil<\/td><td><\/td><td>&nbsp;Antriebswelle-Getriebe<\/td><\/tr><tr><td>Transplantationsstruktur<\/td><td><\/td><td>Kurbelhebel-Mechanismus<\/td><\/tr><\/tbody><\/table><figcaption class=\"wp-element-caption\">Technische Daten des Walk-behind-Reis-Transplanters<\/figcaption><\/figure>    <h2 class=\"wp-block-heading\">Funktionsprinzip des automatischen Reispflanzers<\/h2>    <p>Die Setzlinge werden ordentlich in die Setzlingskiste gelegt, in einer Gruppierung. Dann bewegt sich die Kiste seitlich, sodass der Setzlingspicker die Setzlinge einzeln entnehmen kann. <\/p>    <p>Anschlie\u00dfend werden die Setzlinge gem\u00e4\u00df den agronomischen Anforderungen unter der Wirkung des Reispflanzbahnsteuermechanismus in den Boden eingesetzt. Schlie\u00dflich kehrt der Setzlingsselektor in die Kiste zur\u00fcck, um die Setzlinge entsprechend einer bestimmten Bahn zu entnehmen.<\/p>    <figure class=\"wp-block-gallery has-nested-images columns-default is-cropped wp-block-gallery-5 is-layout-flex wp-block-gallery-is-layout-flex\"> <figure class=\"wp-block-image aligncenter size-large\"><img loading=\"lazy\" decoding=\"async\" width=\"720\" height=\"540\" data-id=\"13528\" src=\"https:\/\/www.agriculture-machine.com\/wp-content\/uploads\/2022\/05\/4.jpg\" alt=\"Fabrik\" class=\"wp-image-13528\" title=\"Fabrik\" srcset=\"https:\/\/www.agriculture-machine.com\/wp-content\/uploads\/2022\/05\/4.jpg 720w, https:\/\/www.agriculture-machine.com\/wp-content\/uploads\/2022\/05\/4-360x270.jpg 360w, https:\/\/www.agriculture-machine.com\/wp-content\/uploads\/2022\/05\/4-240x180.jpg 240w\" sizes=\"auto, (max-width: 720px) 100vw, 720px\" \/><figcaption class=\"wp-element-caption\">Fabrik<\/figcaption><\/figure> <\/figure>    <h2 class=\"wp-block-heading\">Ein 6-Reihen-Reispflanzer wurde nach Nigeria verkauft.<\/h2>    <p>Der Kunde besitzt ein gro\u00dfes Reisfeld in der Gegend, und jedes Mal, wenn er Reis pflanzt, ist es seine gesch\u00e4ftigste Zeit. Um Zeit zu sparen und die Effizienz zu verbessern, ben\u00f6tigte er einen Reispflanzer. Wir kontaktierten den Kunden, als wir seine Anforderungen sahen. <\/p>    <p>Nach einer Phase der Kommunikation schlugen wir dem Kunden einen 6-Reihen-Reispflanzer vor. Schlie\u00dflich entschied sich der Kunde f\u00fcr den Kauf eines Walk-behind-Reis-Transplanters. Hier ist das Verpackungs- und Versandbild des Ger\u00e4ts.<\/p>    <figure class=\"wp-block-gallery has-nested-images columns-default is-cropped wp-block-gallery-6 is-layout-flex wp-block-gallery-is-layout-flex\"> <figure class=\"wp-block-image size-large\"><img loading=\"lazy\" decoding=\"async\" width=\"720\" height=\"540\" data-id=\"13518\" src=\"https:\/\/www.agriculture-machine.com\/wp-content\/uploads\/2022\/05\/wooden-case-packing-of-rice-transplanter-.jpg\" alt=\"Holzrahmenverpackung des Reispflanzers \" class=\"wp-image-13518\" title=\"Holzrahmenverpackung des Reispflanzers \" srcset=\"https:\/\/www.agriculture-machine.com\/wp-content\/uploads\/2022\/05\/wooden-case-packing-of-rice-transplanter-.jpg 720w, https:\/\/www.agriculture-machine.com\/wp-content\/uploads\/2022\/05\/wooden-case-packing-of-rice-transplanter--360x270.jpg 360w, https:\/\/www.agriculture-machine.com\/wp-content\/uploads\/2022\/05\/wooden-case-packing-of-rice-transplanter--240x180.jpg 240w\" sizes=\"auto, (max-width: 720px) 100vw, 720px\" \/><figcaption class=\"wp-element-caption\">Holzrahmenverpackung des Reispflanzers<\/figcaption><\/figure>    <figure class=\"wp-block-image size-large\"><img loading=\"lazy\" decoding=\"async\" width=\"720\" height=\"540\" data-id=\"13519\" src=\"https:\/\/www.agriculture-machine.com\/wp-content\/uploads\/2022\/05\/shipping-of-the-paddy-transplanter0.jpg\" alt=\"Versand des Paddy-Transplanters\" class=\"wp-image-13519\" title=\"Versand des Paddy-Transplanters\" srcset=\"https:\/\/www.agriculture-machine.com\/wp-content\/uploads\/2022\/05\/shipping-of-the-paddy-transplanter0.jpg 720w, https:\/\/www.agriculture-machine.com\/wp-content\/uploads\/2022\/05\/shipping-of-the-paddy-transplanter0-360x270.jpg 360w, https:\/\/www.agriculture-machine.com\/wp-content\/uploads\/2022\/05\/shipping-of-the-paddy-transplanter0-240x180.jpg 240w\" sizes=\"auto, (max-width: 720px) 100vw, 720px\" \/><figcaption class=\"wp-element-caption\">Versand des Paddy-Transplanters<\/figcaption><\/figure> <\/figure>    <h2 class=\"wp-block-heading\">Kontaktieren Sie uns jederzeit<\/h2>    <p>Vielen Dank, dass Sie sich unsere Reispflanzger\u00e4te im Detail angesehen haben. Wenn Sie Fragen haben oder weitere Informationen ben\u00f6tigen, wenden Sie sich bitte an unser professionelles Team. Wir laden Sie auch herzlich ein, unsere Fabrik zu besuchen. Wir freuen uns auf die Zusammenarbeit, um exzellente L\u00f6sungen f\u00fcr Ihre landwirtschaftliche Produktion zu bieten.<\/p>","protected":false},"excerpt":{"rendered":"<p>Dieser Walk-behind-Reis-Transplanter wird per Hand gesteuert. Die Pflanztiefe und die Gehgeschwindigkeit k\u00f6nnen jederzeit angepasst werden. Und Reissetzlinge werden pr\u00e4zise und effizient in die Paddy-Felder transplantiert.<\/p>","protected":false},"author":1,"featured_media":13524,"parent":0,"comment_status":"closed","ping_status":"closed","template":"","tags":[796,151],"product-type":[1,914],"class_list":["post-9993","product","type-product","status-publish","has-post-thumbnail","hentry","tag-rice","tag-transplanter","product-type-other","product-type-rice-transplanter"],"_links":{"self":[{"href":"https:\/\/www.agriculture-machine.com\/de\/wp-json\/wp\/v2\/product\/9993","targetHints":{"allow":["GET"]}}],"collection":[{"href":"https:\/\/www.agriculture-machine.com\/de\/wp-json\/wp\/v2\/product"}],"about":[{"href":"https:\/\/www.agriculture-machine.com\/de\/wp-json\/wp\/v2\/types\/product"}],"author":[{"embeddable":true,"href":"https:\/\/www.agriculture-machine.com\/de\/wp-json\/wp\/v2\/users\/1"}],"replies":[{"embeddable":true,"href":"https:\/\/www.agriculture-machine.com\/de\/wp-json\/wp\/v2\/comments?post=9993"}],"wp:featuredmedia":[{"embeddable":true,"href":"https:\/\/www.agriculture-machine.com\/de\/wp-json\/wp\/v2\/media\/13524"}],"wp:attachment":[{"href":"https:\/\/www.agriculture-machine.com\/de\/wp-json\/wp\/v2\/media?parent=9993"}],"wp:term":[{"taxonomy":"post_tag","embeddable":true,"href":"https:\/\/www.agriculture-machine.com\/de\/wp-json\/wp\/v2\/tags?post=9993"},{"taxonomy":"product-type","embeddable":true,"href":"https:\/\/www.agriculture-machine.com\/de\/wp-json\/wp\/v2\/product-type?post=9993"}],"curies":[{"name":"wp","href":"https:\/\/api.w.org\/{rel}","templated":true}]}}