{"id":14370,"date":"2023-02-07T18:18:28","date_gmt":"2023-02-07T10:18:28","guid":{"rendered":"https:\/\/www.agriculture-machine.com\/?page_id=14370"},"modified":"2023-02-08T11:48:07","modified_gmt":"2023-02-08T03:48:07","slug":"about-us","status":"publish","type":"page","link":"https:\/\/www.agriculture-machine.com\/es\/about-us\/","title":{"rendered":"Sobre nosotros"},"content":{"rendered":"<div class=\"wp-block-media-text alignwide is-stacked-on-mobile\" style=\"grid-template-columns:42% auto\"><figure class=\"wp-block-media-text__media\"><img loading=\"lazy\" decoding=\"async\" width=\"720\" height=\"540\" src=\"https:\/\/www.agriculture-machine.com\/wp-content\/uploads\/2023\/02\/Taizy-factory-.webp\" alt=\"\" class=\"wp-image-14374 size-full\"\/><\/figure><div class=\"wp-block-media-text__content\"> <div class=\"wp-block-columns is-layout-flex wp-container-core-columns-is-layout-9d6595d7 wp-block-columns-is-layout-flex\"> <div class=\"wp-block-column is-layout-flow wp-block-column-is-layout-flow\" style=\"flex-basis:100%\"> <p class=\"translation-block\"><strong>Taizy<\/strong> es un fabricante de maquinaria con enfoque en maquinaria agr\u00edcola. Para poder innovar y desarrollarse constantemente, prestamos gran atenci\u00f3n a la renovaci\u00f3n tecnol\u00f3gica e innovaci\u00f3n. Esto ha dado como resultado productos que satisfacen constantemente las nuevas necesidades de los clientes y hacen su vida diaria m\u00e1s c\u00f3moda. Contamos con una f\u00e1brica de m\u00e1s de 30.000 metros cuadrados. Dentro de la f\u00e1brica, contamos con departamentos especializados de I D, supervisi\u00f3n, fabricaci\u00f3n y embalaje. Los materiales utilizados en la fabricaci\u00f3n de nuestros productos son de alta calidad y norma. Cada paso del proceso es cuidadosamente supervisado y verificado. Como resultado, el equipo producido es de buena calidad, resistente y duradero.<\/p> <\/div> <\/div> <\/div><\/div>    <h2 class=\"wp-block-heading\">Exportaci\u00f3n de Taizy<\/h2>    <div class=\"wp-block-media-text alignwide has-media-on-the-right is-stacked-on-mobile\"><div class=\"wp-block-media-text__content\"> <p class=\"translation-block\">Con desarrollo continuo, hemos lanzado un negocio de comercio exterior. Hasta ahora tenemos m\u00e1s de 15 a\u00f1os de experiencia en exportaci\u00f3n. Podemos recomendar la m\u00e1quina adecuada, ofrecer una variedad de m\u00e9todos de pago, tener un sistema log\u00edstico perfecto y un servicio postventa maduro. Nuestra maquinaria agr\u00edcola ya ha sido exportada a muchos pa\u00edses como <strong>\u00c1frica, Asia Sudoriental y Am\u00e9rica del Sur,<\/strong> como Nigeria, Ghana, Per\u00fa, Indonesia, Zambia, Canad\u00e1, Senegal, Guatemala, Per\u00fa, Zimbabue, Marruecos, Botsuana, Zimbabue, Uganda, Argelia, y Estados Unidos, Botsuana, Zimbabue, Uganda, Argelia, Camer\u00fan, etc.<\/p> <\/div><figure class=\"wp-block-media-text__media\"><img loading=\"lazy\" decoding=\"async\" width=\"720\" height=\"540\" src=\"https:\/\/www.agriculture-machine.com\/wp-content\/uploads\/2023\/02\/Taizy-customers-1.webp\" alt=\"\" class=\"wp-image-14386 size-full\"\/><\/figure><\/div>    <h2 class=\"wp-block-heading\">Los productos de Taizy<\/h2>    <p class=\"translation-block\">La gama de productos de Taizy incluye <strong>molinos de grano<\/strong>, <strong>cribadoras<\/strong>, <strong>pl\u00e1ntulas<\/strong>, <strong>cosechadoras<\/strong>, <strong>engrasadoras<\/strong>, <strong>sembradoras<\/strong>, <strong>molinos de arroz<\/strong>, <strong>peladores de grano<\/strong>, <strong>secadores<\/strong>, etc. En los \u00faltimos a\u00f1os, nuestros productos se han vuelto muy populares. En los \u00faltimos a\u00f1os, estos productos han sido muy populares entre nuestros clientes en \u00c1frica y Asia Oriental, especialmente<br><strong>Nigeria, Kenia, Sud\u00e1frica, Ghana, Congo, Etiop\u00eda, Namibia, Marruecos, Botsuana, Zimbabue, Uganda, Argelia y Camer\u00fan.<\/strong><\/p>    <figure class=\"wp-block-image size-full\"><img loading=\"lazy\" decoding=\"async\" width=\"720\" height=\"540\" src=\"https:\/\/www.agriculture-machine.com\/wp-content\/uploads\/2023\/02\/Taizys-products-.webp\" alt=\"Los productos de Taizy\" class=\"wp-image-14376\" title=\"Los productos de Taizy\"\/><figcaption class=\"wp-element-caption\">Los productos de Taizy<\/figcaption><\/figure>    <h2 class=\"wp-block-heading\">El servicio de Taizy<\/h2>    <p>Desde el inicio de nuestras exportaciones, hemos recibido elogios de nuestros clientes por nuestro servicio. Dicen que se sienten c\u00f3modos comprando con nosotros. A continuaci\u00f3n, se presentan los principales elementos de nuestro servicio.<\/p>    <ol class=\"wp-block-list\"> <li><strong>Pre-venta.<\/strong> Proporcionaremos a nuestros clientes fotos, par\u00e1metros y videos de nuestros productos. Permitir que los clientes comprendan completamente nuestras m\u00e1quinas. Al mismo tiempo, responderemos a cualquier pregunta de nuestros clientes de forma oportuna.<\/li>    <li><strong>Durante la venta.<\/strong> Recomendaremos la soluci\u00f3n de m\u00e1quina adecuada seg\u00fan la situaci\u00f3n espec\u00edfica del cliente. Resolvemos cualquier pregunta sobre la m\u00e1quina, por ejemplo, el voltaje, el tiempo necesario para fabricar la m\u00e1quina, el m\u00e9todo de uso, la instalaci\u00f3n y la puesta en marcha, etc. <strong>Sobre m\u00e9todos de pago,<\/strong> apoyamos Trade Assurance, T\/T, Western Union, Money Gram, L\/C, Pay Pal, Cash, etc. Tambi\u00e9n podemos proporcionar enlaces de pago directos a Alibaba, donde los clientes pueden pagar directamente. Esta es una forma de pago segura y r\u00e1pida.<\/li> <\/ol>    <ol class=\"wp-block-list\" start=\"3\"> <li><strong>Servicio postventa.<\/strong> Proporcionaremos m\u00e9todos de env\u00edo seg\u00fan las necesidades del cliente. El cliente tambi\u00e9n puede comprobar el estado del transporte de la m\u00e1quina en tiempo real.<br>Tambi\u00e9n ofrecemos un <strong>un servicio postventa de un a\u00f1o:<\/strong> Despu\u00e9s de realizar el pedido, brindaremos servicios de orientaci\u00f3n en l\u00ednea de por life. Otros fallos que sean causados por errores de operaci\u00f3n, problemas humanos, etc., ser\u00e1n responsabilidad de los clientes. Otros fallos que sean causados por errores de operaci\u00f3n, problemas humanos, etc., ser\u00e1n responsabilidad de los clientes.<\/li> <\/ol>    <figure class=\"wp-block-image size-full\"><img loading=\"lazy\" decoding=\"async\" width=\"720\" height=\"540\" src=\"https:\/\/www.agriculture-machine.com\/wp-content\/uploads\/2023\/02\/Taizys-service-.webp\" alt=\"El servicio de Taizy\" class=\"wp-image-14377\" title=\"El servicio de Taizy\"\/><figcaption class=\"wp-element-caption\">El servicio de Taizy<\/figcaption><\/figure>    <h2 class=\"wp-block-heading\">Certificados y honores de Taizy<\/h2>    <p>Gracias a la buena calidad de nuestras m\u00e1quinas y al apoyo de nuestros muchos clientes hemos recibido muchos premios y certificados. En el futuro, continuaremos innovando y desarroll\u00e1ndonos pensando en nuestros clientes, y estamos comprometidos a producir productos a\u00fan mejores. \u00a1Damos la bienvenida a nuestros clientes para consultar sobre nuestros productos en cualquier momento y en cualquier lugar!<\/p>    <figure class=\"wp-block-image size-full\"><img loading=\"lazy\" decoding=\"async\" width=\"720\" height=\"540\" src=\"https:\/\/www.agriculture-machine.com\/wp-content\/uploads\/2023\/02\/Taizys-certificates-and-honors-.webp\" alt=\"Certificados y honores de Taizy\" class=\"wp-image-14378\" title=\"Certificados y honores de Taizy\"\/><figcaption class=\"wp-element-caption\">Certificados y honores de Taizy<\/figcaption><\/figure>","protected":false},"excerpt":{"rendered":"<p>Taizy&#8217;s export business With continuous development, we have launched a foreign trade business. By now we have over 15 years of export experience. We can recommend the right machine, offer a variety of payment methods, have a perfect logistics system, and mature after-sales service. Our agricultural machinery has now been exported to many countries such [&hellip;]<\/p>\n","protected":false},"author":1,"featured_media":0,"parent":0,"menu_order":0,"comment_status":"closed","ping_status":"closed","template":"","meta":{"footnotes":""},"class_list":["post-14370","page","type-page","status-publish","hentry"],"_links":{"self":[{"href":"https:\/\/www.agriculture-machine.com\/es\/wp-json\/wp\/v2\/pages\/14370","targetHints":{"allow":["GET"]}}],"collection":[{"href":"https:\/\/www.agriculture-machine.com\/es\/wp-json\/wp\/v2\/pages"}],"about":[{"href":"https:\/\/www.agriculture-machine.com\/es\/wp-json\/wp\/v2\/types\/page"}],"author":[{"embeddable":true,"href":"https:\/\/www.agriculture-machine.com\/es\/wp-json\/wp\/v2\/users\/1"}],"replies":[{"embeddable":true,"href":"https:\/\/www.agriculture-machine.com\/es\/wp-json\/wp\/v2\/comments?post=14370"}],"version-history":[{"count":0,"href":"https:\/\/www.agriculture-machine.com\/es\/wp-json\/wp\/v2\/pages\/14370\/revisions"}],"wp:attachment":[{"href":"https:\/\/www.agriculture-machine.com\/es\/wp-json\/wp\/v2\/media?parent=14370"}],"curies":[{"name":"wp","href":"https:\/\/api.w.org\/{rel}","templated":true}]}}