{"id":14679,"date":"2023-05-29T16:57:09","date_gmt":"2023-05-29T08:57:09","guid":{"rendered":"https:\/\/www.agriculture-machine.com\/?page_id=14679"},"modified":"2023-05-29T17:52:28","modified_gmt":"2023-05-29T09:52:28","slug":"corporate-culture","status":"publish","type":"page","link":"https:\/\/www.agriculture-machine.com\/es\/corporate-culture\/","title":{"rendered":"Cultura corporativa"},"content":{"rendered":"<p class=\"translation-block\"><strong>Cultura Corporativa de Taizy: \u00a1Dejemos que las M\u00e1quinas Chinas Cambien Cada Rinc\u00f3n del Mundo!<\/strong><\/p>    <p>Nuestra cultura corporativa se basa en los siguientes elementos clave, con el objetivo de guiar los esfuerzos colectivos de nuestros empleados para lograr nuestra misi\u00f3n y visi\u00f3n.<\/p>    <p class=\"translation-block\"><strong>Misi\u00f3n Corporativa:<\/strong> Capacitar a las M\u00e1quinas Chinas para Transformar Cada Rinc\u00f3n del Mundo<\/p>    <p>Como una empresa de fabricaci\u00f3n de maquinaria, nuestra misi\u00f3n es hacer que las m\u00e1quinas chinas tengan un papel, generen cambios e impacten en cada rinc\u00f3n del mundo a trav\u00e9s de la innovaci\u00f3n y productos de alta calidad. Nos comprometemos a ofrecer soluciones de maquinaria avanzadas, confiables y eficientes que creen valor para nuestros clientes.<\/p>    <p class=\"translation-block\"><strong>Visi\u00f3n Corporativa:<\/strong> \u00a1Mejorando el Valor para los Clientes, Fomentando el Crecimiento de los Empleados!<\/p>    <p>Nuestra visi\u00f3n es convertirnos en un socio de confianza para nuestros clientes, proporcionando continuamente valor a trav\u00e9s de productos y servicios excepcionales. Al mismo tiempo, estamos dedicados a crear un entorno para nuestros empleados que ofrezca oportunidades de desarrollo, desaf\u00edos y una plataforma para el crecimiento personal y profesional.<\/p>    <p class=\"translation-block\"><strong>Valores Taizy:<\/strong> Integridad, Gratitud, Altruismo, Energ\u00eda Positiva, Abrazo del Cambio, Esp\u00edritu de Equipo<\/p>    <figure class=\"wp-block-image size-full\"><img loading=\"lazy\" decoding=\"async\" width=\"720\" height=\"540\" src=\"https:\/\/www.agriculture-machine.com\/wp-content\/uploads\/2023\/05\/Corporate-culture-.webp\" alt=\"\" class=\"wp-image-14688\" srcset=\"https:\/\/www.agriculture-machine.com\/wp-content\/uploads\/2023\/05\/Corporate-culture-.webp 720w, https:\/\/www.agriculture-machine.com\/wp-content\/uploads\/2023\/05\/Corporate-culture--360x270.webp 360w, https:\/\/www.agriculture-machine.com\/wp-content\/uploads\/2023\/05\/Corporate-culture--240x180.webp 240w\" sizes=\"auto, (max-width: 720px) 100vw, 720px\" \/><\/figure>    <p>En nuestra cultura corporativa, nos adherimos a los siguientes Valores Taizy como principios rectores y manifestaciones de nuestro esp\u00edritu:<\/p>    <p class=\"translation-block\"><strong>Integridad:<\/strong> Establecemos relaciones basadas en la confianza con nuestros clientes, socios y empleados, fundamentadas en la integridad. Mantenemos principios de honestidad, integridad y justicia, siempre honrando nuestros compromisos.<\/p>    <p class=\"translation-block\"><strong>Gratitud:<\/strong> Expresamos gratitud por el apoyo y la confianza de nuestros clientes, la dedicaci\u00f3n de nuestros empleados y la ayuda de nuestros socios. Valoramos las relaciones de cooperaci\u00f3n y apreciamos las contribuciones de los dem\u00e1s.<\/p>    <p class=\"translation-block\"><strong>Altruismo:<\/strong> Enfatizamos el altruismo, cuidando las necesidades e intereses de los dem\u00e1s, consider\u00e1ndolo nuestra responsabilidad servirles. Animamos a los empleados a ayudarse y apoyarse mutuamente, trabajando hacia el \u00e9xito del equipo.<\/p>    <p class=\"translation-block\"><strong>Energ\u00eda Positiva:<\/strong> Promovemos activamente la energ\u00eda positiva, alentando a los empleados a mantener una actitud optimista frente a los desaf\u00edos y dificultades. Creemos que una mentalidad positiva puede inspirar innovaci\u00f3n y promover el cambio.<\/p>    <p class=\"translation-block\"><strong>Abrazo del Cambio:<\/strong> Abrazamos el cambio, reconocemos su inevitabilidad y buscamos continuamente la mejora y la innovaci\u00f3n. Animamos a los empleados a adaptarse al cambio y a afrontar con valent\u00eda los nuevos desaf\u00edos.<\/p>    <p class=\"translation-block\"><strong>Esp\u00edritu de Equipo:<\/strong> Abogamos por el esp\u00edritu de equipo, fomentando la cooperaci\u00f3n, comunicaci\u00f3n y colaboraci\u00f3n entre los empleados. Creemos en el poder de la unidad y en trabajar juntos para buscar la excelencia.<\/p>    <p>A trav\u00e9s de una cultura corporativa as\u00ed, creemos que podemos lograr nuestra misi\u00f3n y visi\u00f3n, convirti\u00e9ndonos en una empresa influyente.<\/p>    <figure class=\"wp-block-image size-full\"><img loading=\"lazy\" decoding=\"async\" width=\"720\" height=\"540\" src=\"https:\/\/www.agriculture-machine.com\/wp-content\/uploads\/2023\/05\/Corporate-culture1-.webp\" alt=\"\" class=\"wp-image-14690\" srcset=\"https:\/\/www.agriculture-machine.com\/wp-content\/uploads\/2023\/05\/Corporate-culture1-.webp 720w, https:\/\/www.agriculture-machine.com\/wp-content\/uploads\/2023\/05\/Corporate-culture1--360x270.webp 360w, https:\/\/www.agriculture-machine.com\/wp-content\/uploads\/2023\/05\/Corporate-culture1--240x180.webp 240w\" sizes=\"auto, (max-width: 720px) 100vw, 720px\" \/><\/figure>","protected":false},"excerpt":{"rendered":"<p>Taizy&#8217;s Corporate Culture: Let Chinese Machines Change Every Corner of the World! Our corporate culture is built upon the following core elements, aiming to guide our employees&#8217; collective efforts in achieving our mission and vision. Corporate Mission: Empowering Chinese Machines to Transform Every Corner of the World As a machine manufacturing company, our mission is [&hellip;]<\/p>\n","protected":false},"author":1,"featured_media":0,"parent":0,"menu_order":0,"comment_status":"closed","ping_status":"closed","template":"","meta":{"footnotes":""},"class_list":["post-14679","page","type-page","status-publish","hentry"],"_links":{"self":[{"href":"https:\/\/www.agriculture-machine.com\/es\/wp-json\/wp\/v2\/pages\/14679","targetHints":{"allow":["GET"]}}],"collection":[{"href":"https:\/\/www.agriculture-machine.com\/es\/wp-json\/wp\/v2\/pages"}],"about":[{"href":"https:\/\/www.agriculture-machine.com\/es\/wp-json\/wp\/v2\/types\/page"}],"author":[{"embeddable":true,"href":"https:\/\/www.agriculture-machine.com\/es\/wp-json\/wp\/v2\/users\/1"}],"replies":[{"embeddable":true,"href":"https:\/\/www.agriculture-machine.com\/es\/wp-json\/wp\/v2\/comments?post=14679"}],"version-history":[{"count":0,"href":"https:\/\/www.agriculture-machine.com\/es\/wp-json\/wp\/v2\/pages\/14679\/revisions"}],"wp:attachment":[{"href":"https:\/\/www.agriculture-machine.com\/es\/wp-json\/wp\/v2\/media?parent=14679"}],"curies":[{"name":"wp","href":"https:\/\/api.w.org\/{rel}","templated":true}]}}