{"id":10097,"date":"2021-04-22T16:59:16","date_gmt":"2021-04-22T08:59:16","guid":{"rendered":"https:\/\/www.agriculture-machine.com\/?p=10097"},"modified":"2024-09-18T16:15:17","modified_gmt":"2024-09-18T08:15:17","slug":"thresher-5td-70-for-rice-wheat-bean-sorghum-millet-pearl-millet","status":"publish","type":"product","link":"https:\/\/www.agriculture-machine.com\/es\/thresher-5td-70-for-rice-wheat-bean-sorghum-millet-pearl-millet\/","title":{"rendered":"Trillador 5TD-70 para arroz, trigo, soja, sorgo, mijo, mijo perla"},"content":{"rendered":"<p class=\"translation-block\">This article will show you the thresher 5TD-70, which is also a multifunctional thresher machine. The difference from the <a href=\"https:\/\/www.agriculture-machine.com\/es\/walk-behind-rice-transplanter-rice-planting-machine\/\">5TD-50 thresher machine<\/a> is that 5TD-70 thresher can&#8217;t thresh corn. The structure is bigger than 5TD-50 thresher, so it is a medium-sized thresher machine. Let&#8217;s take a look at the 5TD-70 thresher machine.<\/p> <h2>\u00bfQu\u00e9 cultivos puede procesar la trilladora 5TD-70?<\/h2> <p>Esta m\u00e1quina trilladora puede trillar habas, soja, sorgo, mijo perla, arroz, trigo, garbanzo, sorgo, mijo perla, garbanzo, etc. | Puede contactarnos si desea cualquier grano. Le asignaremos la m\u00e1quina trilladora m\u00e1s adecuada.<\/p> <figure id=\"attachment_10099\" aria-describedby=\"caption-attachment-10099\" style=\"width: 720px\" class=\"wp-caption alignnone\"><img loading=\"lazy\" decoding=\"async\" class=\"size-full wp-image-10099\" src=\"https:\/\/www.agriculture-machine.com\/wp-content\/uploads\/2021\/04\/thresher-for-rice-wheat-sorghum-bean-millet.jpg\" alt=\"trilladora para arroz, trigo, sorgo, frijol, mijo\" width=\"720\" height=\"540\" srcset=\"https:\/\/www.agriculture-machine.com\/wp-content\/uploads\/2021\/04\/thresher-for-rice-wheat-sorghum-bean-millet.jpg 720w, https:\/\/www.agriculture-machine.com\/wp-content\/uploads\/2021\/04\/thresher-for-rice-wheat-sorghum-bean-millet-360x270.jpg 360w, https:\/\/www.agriculture-machine.com\/wp-content\/uploads\/2021\/04\/thresher-for-rice-wheat-sorghum-bean-millet-240x180.jpg 240w\" sizes=\"auto, (max-width: 720px) 100vw, 720px\" \/><figcaption id=\"caption-attachment-10099\" class=\"wp-caption-text\">trilladora para arroz, trigo, sorgo, frijol, mijo<\/figcaption><\/figure> <h2>Pantalla de la trilladora 5TD-50<\/h2> <p>Esta m\u00e1quina trilladora multifuncional puede ser pintada en diferentes colores seg\u00fan las necesidades de los clientes. Adem\u00e1s, se pueden personalizar neum\u00e1ticos grandes, marcos de tracci\u00f3n y chasis remolcados por tractores. La trilladora tiene dos ventiladores, y los granos despu\u00e9s de trillarlos son muy limpios. La m\u00e1quina trilladora solo puede estar equipada con motores el\u00e9ctricos y motores di\u00e9sel.<\/p> <div id='gallery-1' class='gallery galleryid-10097 gallery-columns-3 gallery-size-full'><figure class='gallery-item'> \t\t\t<div class='gallery-icon landscape'> \t\t\t\t<a href='https:\/\/www.agriculture-machine.com\/wp-content\/uploads\/2021\/04\/Big-tire-thresher-machine.jpg'><img loading=\"lazy\" decoding=\"async\" width=\"720\" height=\"540\" src=\"https:\/\/www.agriculture-machine.com\/wp-content\/uploads\/2021\/04\/Big-tire-thresher-machine.jpg\" class=\"attachment-full size-full\" alt=\"M\u00e1quina trilladora de neum\u00e1ticos grandes\" aria-describedby=\"gallery-1-10100\" srcset=\"https:\/\/www.agriculture-machine.com\/wp-content\/uploads\/2021\/04\/Big-tire-thresher-machine.jpg 720w, https:\/\/www.agriculture-machine.com\/wp-content\/uploads\/2021\/04\/Big-tire-thresher-machine-360x270.jpg 360w, https:\/\/www.agriculture-machine.com\/wp-content\/uploads\/2021\/04\/Big-tire-thresher-machine-240x180.jpg 240w\" sizes=\"auto, (max-width: 720px) 100vw, 720px\" \/><\/a> \t\t\t<\/div> \t\t\t\t<figcaption class='wp-caption-text gallery-caption' id='gallery-1-10100'> \t\t\t\tM\u00e1quina trilladora de neum\u00e1ticos grandes \t\t\t\t<\/figcaption><\/figure><figure class='gallery-item'> \t\t\t<div class='gallery-icon landscape'> \t\t\t\t<a href='https:\/\/www.agriculture-machine.com\/wp-content\/uploads\/2021\/04\/Big-tire-thresher.jpg'><img loading=\"lazy\" decoding=\"async\" width=\"720\" height=\"540\" src=\"https:\/\/www.agriculture-machine.com\/wp-content\/uploads\/2021\/04\/Big-tire-thresher.jpg\" class=\"attachment-full size-full\" alt=\"Trilladora de neum\u00e1ticos grandes\" aria-describedby=\"gallery-1-10101\" srcset=\"https:\/\/www.agriculture-machine.com\/wp-content\/uploads\/2021\/04\/Big-tire-thresher.jpg 720w, https:\/\/www.agriculture-machine.com\/wp-content\/uploads\/2021\/04\/Big-tire-thresher-360x270.jpg 360w, https:\/\/www.agriculture-machine.com\/wp-content\/uploads\/2021\/04\/Big-tire-thresher-240x180.jpg 240w\" sizes=\"auto, (max-width: 720px) 100vw, 720px\" \/><\/a> \t\t\t<\/div> \t\t\t\t<figcaption class='wp-caption-text gallery-caption' id='gallery-1-10101'> \t\t\t\tTrilladora de neum\u00e1ticos grandes \t\t\t\t<\/figcaption><\/figure><figure class='gallery-item'> \t\t\t<div class='gallery-icon landscape'> \t\t\t\t<a href='https:\/\/www.agriculture-machine.com\/wp-content\/uploads\/2021\/04\/Diesel-engine-thresher-machine-5TD-70.jpg'><img loading=\"lazy\" decoding=\"async\" width=\"720\" height=\"540\" src=\"https:\/\/www.agriculture-machine.com\/wp-content\/uploads\/2021\/04\/Diesel-engine-thresher-machine-5TD-70.jpg\" class=\"attachment-full size-full\" alt=\"M\u00e1quina trilladora con motor di\u00e9sel 5TD-70\" aria-describedby=\"gallery-1-10102\" srcset=\"https:\/\/www.agriculture-machine.com\/wp-content\/uploads\/2021\/04\/Diesel-engine-thresher-machine-5TD-70.jpg 720w, https:\/\/www.agriculture-machine.com\/wp-content\/uploads\/2021\/04\/Diesel-engine-thresher-machine-5TD-70-360x270.jpg 360w, https:\/\/www.agriculture-machine.com\/wp-content\/uploads\/2021\/04\/Diesel-engine-thresher-machine-5TD-70-240x180.jpg 240w\" sizes=\"auto, (max-width: 720px) 100vw, 720px\" \/><\/a> \t\t\t<\/div> \t\t\t\t<figcaption class='wp-caption-text gallery-caption' id='gallery-1-10102'> \t\t\t\tM\u00e1quina trilladora con motor di\u00e9sel 5TD-70 \t\t\t\t<\/figcaption><\/figure> \t\t<\/div>  <h2>\u00bfQu\u00e9 debe saber al usar la trilladora 5TD-70?<\/h2> <ol> <li>Debe cambiar la pantalla al trillar diferentes cultivos.<\/li> <li>La velocidad de rotaci\u00f3n del tambor es diferente cuando se trilla arroz y soja.<\/li> <li>El rendimiento de trilla de arroz y trigo es de 600-1000kg\/h. El rendimiento de trilla de soja y sorgo es de 400-800kg\/h.<\/li> <\/ol> <h2>Caso de cliente<\/h2> <p>Un cliente zambiano nos encarg\u00f3 una trilladora 5TD-70 con 40 armarios altos, que se usa para trillar arroz, trigo y soja. Hemos configurado tres tipos de pantallas para nuestros clientes. Son modelos con motor, y algunos son modelos di\u00e9sel. Nuestro objetivo es satisfacer todas las necesidades de los clientes. Si necesita maquinaria agr\u00edcola, puede contactarnos.<\/p> <div id='gallery-2' class='gallery galleryid-10097 gallery-columns-2 gallery-size-full'><figure class='gallery-item'> \t\t\t<div class='gallery-icon landscape'> \t\t\t\t<a href='https:\/\/www.agriculture-machine.com\/wp-content\/uploads\/2021\/04\/packing.jpg'><img loading=\"lazy\" decoding=\"async\" width=\"720\" height=\"540\" src=\"https:\/\/www.agriculture-machine.com\/wp-content\/uploads\/2021\/04\/packing.jpg\" class=\"attachment-full size-full\" alt=\"embalaje\" aria-describedby=\"gallery-2-10103\" srcset=\"https:\/\/www.agriculture-machine.com\/wp-content\/uploads\/2021\/04\/packing.jpg 720w, https:\/\/www.agriculture-machine.com\/wp-content\/uploads\/2021\/04\/packing-360x270.jpg 360w, https:\/\/www.agriculture-machine.com\/wp-content\/uploads\/2021\/04\/packing-240x180.jpg 240w\" sizes=\"auto, (max-width: 720px) 100vw, 720px\" \/><\/a> \t\t\t<\/div> \t\t\t\t<figcaption class='wp-caption-text gallery-caption' id='gallery-2-10103'> \t\t\t\tembalaje \t\t\t\t<\/figcaption><\/figure><figure class='gallery-item'> \t\t\t<div class='gallery-icon landscape'> \t\t\t\t<a href='https:\/\/www.agriculture-machine.com\/wp-content\/uploads\/2021\/04\/shipping.jpg'><img loading=\"lazy\" decoding=\"async\" width=\"720\" height=\"540\" src=\"https:\/\/www.agriculture-machine.com\/wp-content\/uploads\/2021\/04\/shipping.jpg\" class=\"attachment-full size-full\" alt=\"Env\u00edo\" aria-describedby=\"gallery-2-10104\" srcset=\"https:\/\/www.agriculture-machine.com\/wp-content\/uploads\/2021\/04\/shipping.jpg 720w, https:\/\/www.agriculture-machine.com\/wp-content\/uploads\/2021\/04\/shipping-360x270.jpg 360w, https:\/\/www.agriculture-machine.com\/wp-content\/uploads\/2021\/04\/shipping-240x180.jpg 240w\" sizes=\"auto, (max-width: 720px) 100vw, 720px\" \/><\/a> \t\t\t<\/div> \t\t\t\t<figcaption class='wp-caption-text gallery-caption' id='gallery-2-10104'> \t\t\t\tEnv\u00edo \t\t\t\t<\/figcaption><\/figure> \t\t<\/div>  <h2>Par\u00e1metros t\u00e9cnicos<\/h2> <table> <tbody> <tr> <td width=\"534\">Modelo<\/td> <td width=\"632\">5TD-70<\/td> <\/tr> <tr> <td>Potencia<\/td> <td>Motor de 7.5kw, 380v o motor di\u00e9sel de 12-15 hp<\/td> <\/tr> <tr> <td>Peso de la m\u00e1quina<\/td> <td>230kg<\/td> <\/tr> <tr> <td>Velocidad del husillo<\/td> <td>1200r\/min<\/td> <\/tr> <tr> <td>Tama\u00f1o de la m\u00e1quina<\/td> <td>1340*2030*1380mm<\/td> <\/tr> <tr> <td>Tama\u00f1o de embalaje<\/td> <td>1050*850*1300mm<\/td> <\/tr> <tr> <td>Doble ventilador<\/td> <td>2500r\/min<\/td> <\/tr> <tr> <td>Capacidad de producci\u00f3n<\/td> <td>600\u20141000kg\/h (arroz y trigo)<\/p> <p>400&#8211;800kg\/h(bean sorghum)<\/td> <\/tr> <\/tbody> <\/table>","protected":false},"excerpt":{"rendered":"<p>This article will show you the thresher 5TD-70, which is also a multifunctional thresher machine. The difference from the 5TD-50 thresher machine is that 5TD-70 thresher can&#8217;t thresh corn. The structure is bigger than 5TD-50 thresher, so it is a medium-sized thresher machine. Let&#8217;s take a look at the 5TD-70 thresher machine. What crops does [&hellip;]<\/p>\n","protected":false},"author":1,"featured_media":10098,"parent":0,"comment_status":"closed","ping_status":"closed","template":"","tags":[796,135,2614,158],"product-type":[872],"class_list":["post-10097","product","type-product","status-publish","has-post-thumbnail","hentry","tag-rice","tag-sorghum","tag-thresher","tag-wheat","product-type-thresher-sheller"],"_links":{"self":[{"href":"https:\/\/www.agriculture-machine.com\/es\/wp-json\/wp\/v2\/product\/10097","targetHints":{"allow":["GET"]}}],"collection":[{"href":"https:\/\/www.agriculture-machine.com\/es\/wp-json\/wp\/v2\/product"}],"about":[{"href":"https:\/\/www.agriculture-machine.com\/es\/wp-json\/wp\/v2\/types\/product"}],"author":[{"embeddable":true,"href":"https:\/\/www.agriculture-machine.com\/es\/wp-json\/wp\/v2\/users\/1"}],"replies":[{"embeddable":true,"href":"https:\/\/www.agriculture-machine.com\/es\/wp-json\/wp\/v2\/comments?post=10097"}],"wp:featuredmedia":[{"embeddable":true,"href":"https:\/\/www.agriculture-machine.com\/es\/wp-json\/wp\/v2\/media\/10098"}],"wp:attachment":[{"href":"https:\/\/www.agriculture-machine.com\/es\/wp-json\/wp\/v2\/media?parent=10097"}],"wp:term":[{"taxonomy":"post_tag","embeddable":true,"href":"https:\/\/www.agriculture-machine.com\/es\/wp-json\/wp\/v2\/tags?post=10097"},{"taxonomy":"product-type","embeddable":true,"href":"https:\/\/www.agriculture-machine.com\/es\/wp-json\/wp\/v2\/product-type?post=10097"}],"curies":[{"name":"wp","href":"https:\/\/api.w.org\/{rel}","templated":true}]}}