{"id":10136,"date":"2021-04-26T16:16:15","date_gmt":"2021-04-26T08:16:15","guid":{"rendered":"https:\/\/www.agriculture-machine.com\/?p=10136"},"modified":"2024-09-18T16:15:45","modified_gmt":"2024-09-18T08:15:45","slug":"thresher-machine-5td-125-for-beans-rice-wheat-corn-sorghum","status":"publish","type":"product","link":"https:\/\/www.agriculture-machine.com\/es\/thresher-machine-5td-125-for-beans-rice-wheat-corn-sorghum\/","title":{"rendered":"M\u00e1quina de trilla 5TD-125 para frijoles, arroz, trigo, ma\u00edz, sorgo"},"content":{"rendered":"<h2>\u00bfQu\u00e9 cultivos puede procesar la trilladora 5TD-125?<\/h2> <p>Este modelo de trilladora se utiliza principalmente para la trilla de trigo, ma\u00edz, soja, cebada, arroz, sorgo, mijo, mijo perlado y otros cultivos. Es simple en estructura y f\u00e1cil de operar. Tiene alta eficiencia.<\/p> <figure id=\"attachment_10138\" aria-describedby=\"caption-attachment-10138\" style=\"width: 720px\" class=\"wp-caption alignnone\"><img loading=\"lazy\" decoding=\"async\" class=\"size-full wp-image-10138\" src=\"https:\/\/www.agriculture-machine.com\/wp-content\/uploads\/2021\/04\/5TD-125-thresher-machine-for-wheat-rice-sorghum-bean-millet.jpg\" alt=\"Trilladora 5TD-125 para trigo, arroz, sorgo, frijol, mijo\" width=\"720\" height=\"540\" srcset=\"https:\/\/www.agriculture-machine.com\/wp-content\/uploads\/2021\/04\/5TD-125-thresher-machine-for-wheat-rice-sorghum-bean-millet.jpg 720w, https:\/\/www.agriculture-machine.com\/wp-content\/uploads\/2021\/04\/5TD-125-thresher-machine-for-wheat-rice-sorghum-bean-millet-360x270.jpg 360w, https:\/\/www.agriculture-machine.com\/wp-content\/uploads\/2021\/04\/5TD-125-thresher-machine-for-wheat-rice-sorghum-bean-millet-240x180.jpg 240w\" sizes=\"auto, (max-width: 720px) 100vw, 720px\" \/><figcaption id=\"caption-attachment-10138\" class=\"wp-caption-text\">Trilladora 5TD-125 para trigo, arroz, sorgo, frijol, mijo<\/figcaption><\/figure> <h2>\u00bfCu\u00e1les son los requisitos para los cultivos al trillar?<\/h2> <p>Como se mencion\u00f3 anteriormente, esta trilladora puede separar muchos cultivos. Aqu\u00ed tomamos arroz, trigo y sorgo como ejemplos para ilustrar la demanda de cultivos al usar la m\u00e1quina.<br \/> Trigo<br \/> El contenido de humedad del trigo es del 15-20%.<br \/> Contenido de humedad del tallo: 10-25%.<br \/> Proporci\u00f3n de hierba a grano: 0.8-1.2<br \/> Arroz<br \/> El contenido de humedad del arroz en el grano es del 15-28%.<br \/> La proporci\u00f3n de hierba a grano es de 1.0-2.4<\/p> <div id='gallery-1' class='gallery galleryid-10136 gallery-columns-3 gallery-size-full'><figure class='gallery-item'> \t\t\t<div class='gallery-icon landscape'> \t\t\t\t<a href='https:\/\/www.agriculture-machine.com\/wp-content\/uploads\/2021\/04\/5TD-125-thresher-machine-for-wheat.jpg'><img loading=\"lazy\" decoding=\"async\" width=\"720\" height=\"540\" src=\"https:\/\/www.agriculture-machine.com\/wp-content\/uploads\/2021\/04\/5TD-125-thresher-machine-for-wheat.jpg\" class=\"attachment-full size-full\" alt=\"Trilladora 5TD-125 para trigo\" aria-describedby=\"gallery-1-10141\" srcset=\"https:\/\/www.agriculture-machine.com\/wp-content\/uploads\/2021\/04\/5TD-125-thresher-machine-for-wheat.jpg 720w, https:\/\/www.agriculture-machine.com\/wp-content\/uploads\/2021\/04\/5TD-125-thresher-machine-for-wheat-360x270.jpg 360w, https:\/\/www.agriculture-machine.com\/wp-content\/uploads\/2021\/04\/5TD-125-thresher-machine-for-wheat-240x180.jpg 240w\" sizes=\"auto, (max-width: 720px) 100vw, 720px\" \/><\/a> \t\t\t<\/div> \t\t\t\t<figcaption class='wp-caption-text gallery-caption' id='gallery-1-10141'> \t\t\t\tTrilladora 5TD-125 para trigo \t\t\t\t<\/figcaption><\/figure><figure class='gallery-item'> \t\t\t<div class='gallery-icon landscape'> \t\t\t\t<a href='https:\/\/www.agriculture-machine.com\/wp-content\/uploads\/2021\/04\/5TD-125-thresher-machine-for-sorghum.jpg'><img loading=\"lazy\" decoding=\"async\" width=\"720\" height=\"540\" src=\"https:\/\/www.agriculture-machine.com\/wp-content\/uploads\/2021\/04\/5TD-125-thresher-machine-for-sorghum.jpg\" class=\"attachment-full size-full\" alt=\"Trilladora 5TD-125 para sorgo\" aria-describedby=\"gallery-1-10140\" srcset=\"https:\/\/www.agriculture-machine.com\/wp-content\/uploads\/2021\/04\/5TD-125-thresher-machine-for-sorghum.jpg 720w, https:\/\/www.agriculture-machine.com\/wp-content\/uploads\/2021\/04\/5TD-125-thresher-machine-for-sorghum-360x270.jpg 360w, https:\/\/www.agriculture-machine.com\/wp-content\/uploads\/2021\/04\/5TD-125-thresher-machine-for-sorghum-240x180.jpg 240w\" sizes=\"auto, (max-width: 720px) 100vw, 720px\" \/><\/a> \t\t\t<\/div> \t\t\t\t<figcaption class='wp-caption-text gallery-caption' id='gallery-1-10140'> \t\t\t\tTrilladora 5TD-125 para sorgo \t\t\t\t<\/figcaption><\/figure><figure class='gallery-item'> \t\t\t<div class='gallery-icon landscape'> \t\t\t\t<a href='https:\/\/www.agriculture-machine.com\/wp-content\/uploads\/2021\/04\/5TD-125-thresher-machine-for-rice.jpg'><img loading=\"lazy\" decoding=\"async\" width=\"720\" height=\"540\" src=\"https:\/\/www.agriculture-machine.com\/wp-content\/uploads\/2021\/04\/5TD-125-thresher-machine-for-rice.jpg\" class=\"attachment-full size-full\" alt=\"Trilladora 5TD-125 para arroz\" aria-describedby=\"gallery-1-10139\" srcset=\"https:\/\/www.agriculture-machine.com\/wp-content\/uploads\/2021\/04\/5TD-125-thresher-machine-for-rice.jpg 720w, https:\/\/www.agriculture-machine.com\/wp-content\/uploads\/2021\/04\/5TD-125-thresher-machine-for-rice-360x270.jpg 360w, https:\/\/www.agriculture-machine.com\/wp-content\/uploads\/2021\/04\/5TD-125-thresher-machine-for-rice-240x180.jpg 240w\" sizes=\"auto, (max-width: 720px) 100vw, 720px\" \/><\/a> \t\t\t<\/div> \t\t\t\t<figcaption class='wp-caption-text gallery-caption' id='gallery-1-10139'> \t\t\t\tTrilladora 5TD-125 para arroz \t\t\t\t<\/figcaption><\/figure> \t\t<\/div>  <h2>\u00bfCu\u00e1l es el principio de funcionamiento de la trilladora?<\/h2> <p>Los cultivos se alimentan de manera continua y uniforme durante el trabajo. Los cultivos tienen fricci\u00f3n, compresi\u00f3n, colisi\u00f3n y vibraci\u00f3n entre el bastidor del tambor y el conjunto de pantallas, de modo que los granos se separan de los tallos y luego fluyen fuera de las pantallas. El tallo se desecha por acci\u00f3n centr\u00edfuga para completar toda la trilla.<\/p> <h2>Detalles de estructura de la trilladora 5TD-125<\/h2> <p>Este tipo de trilladora tiene principalmente entrada de alimentaci\u00f3n, parte de trilla, ventiladores, pantalla, salida de descarga, salida de impurezas, pto, soporte, neum\u00e1tico, etc.<\/p> <div id='gallery-2' class='gallery galleryid-10136 gallery-columns-2 gallery-size-full'><figure class='gallery-item'> \t\t\t<div class='gallery-icon landscape'> \t\t\t\t<a href='https:\/\/www.agriculture-machine.com\/wp-content\/uploads\/2021\/04\/structure-details1.jpg'><img loading=\"lazy\" decoding=\"async\" width=\"720\" height=\"540\" src=\"https:\/\/www.agriculture-machine.com\/wp-content\/uploads\/2021\/04\/structure-details1.jpg\" class=\"attachment-full size-full\" alt=\"Detalles de estructura1\" aria-describedby=\"gallery-2-10142\" srcset=\"https:\/\/www.agriculture-machine.com\/wp-content\/uploads\/2021\/04\/structure-details1.jpg 720w, https:\/\/www.agriculture-machine.com\/wp-content\/uploads\/2021\/04\/structure-details1-360x270.jpg 360w, https:\/\/www.agriculture-machine.com\/wp-content\/uploads\/2021\/04\/structure-details1-240x180.jpg 240w\" sizes=\"auto, (max-width: 720px) 100vw, 720px\" \/><\/a> \t\t\t<\/div> \t\t\t\t<figcaption class='wp-caption-text gallery-caption' id='gallery-2-10142'> \t\t\t\tDetalles de estructura1 \t\t\t\t<\/figcaption><\/figure><figure class='gallery-item'> \t\t\t<div class='gallery-icon landscape'> \t\t\t\t<a href='https:\/\/www.agriculture-machine.com\/wp-content\/uploads\/2021\/04\/structure-details2.jpg'><img loading=\"lazy\" decoding=\"async\" width=\"720\" height=\"540\" src=\"https:\/\/www.agriculture-machine.com\/wp-content\/uploads\/2021\/04\/structure-details2.jpg\" class=\"attachment-full size-full\" alt=\"Detalles de estructura2\" aria-describedby=\"gallery-2-10143\" srcset=\"https:\/\/www.agriculture-machine.com\/wp-content\/uploads\/2021\/04\/structure-details2.jpg 720w, https:\/\/www.agriculture-machine.com\/wp-content\/uploads\/2021\/04\/structure-details2-360x270.jpg 360w, https:\/\/www.agriculture-machine.com\/wp-content\/uploads\/2021\/04\/structure-details2-240x180.jpg 240w\" sizes=\"auto, (max-width: 720px) 100vw, 720px\" \/><\/a> \t\t\t<\/div> \t\t\t\t<figcaption class='wp-caption-text gallery-caption' id='gallery-2-10143'> \t\t\t\tDetalles de estructura2 \t\t\t\t<\/figcaption><\/figure> \t\t<\/div>  <h2>Retroalimentaci\u00f3n de clientes sobre la trilladora<\/h2> <p>De la imagen, podemos ver que la m\u00e1quina es muy eficiente y las personas no tienen que trabajar tan duro. Normalmente, una o dos personas pueden completar la trilla.<br \/> Uno de los escenarios de uso es un cliente nigeriano trillando arroz, y otro es un cliente canadiense trillando trigo. Podemos ver que el efecto de trilla es muy bueno y la eficiencia del trabajo tambi\u00e9n es muy alta.<\/p> <div id='gallery-3' class='gallery galleryid-10136 gallery-columns-2 gallery-size-full'><figure class='gallery-item'> \t\t\t<div class='gallery-icon landscape'> \t\t\t\t<a href='https:\/\/www.agriculture-machine.com\/wp-content\/uploads\/2021\/04\/thresher-machine-for-rice-in-Nigeria.jpg'><img loading=\"lazy\" decoding=\"async\" width=\"720\" height=\"540\" src=\"https:\/\/www.agriculture-machine.com\/wp-content\/uploads\/2021\/04\/thresher-machine-for-rice-in-Nigeria.jpg\" class=\"attachment-full size-full\" alt=\"Trilladora para arroz en Nigeria\" aria-describedby=\"gallery-3-10144\" srcset=\"https:\/\/www.agriculture-machine.com\/wp-content\/uploads\/2021\/04\/thresher-machine-for-rice-in-Nigeria.jpg 720w, https:\/\/www.agriculture-machine.com\/wp-content\/uploads\/2021\/04\/thresher-machine-for-rice-in-Nigeria-360x270.jpg 360w, https:\/\/www.agriculture-machine.com\/wp-content\/uploads\/2021\/04\/thresher-machine-for-rice-in-Nigeria-240x180.jpg 240w\" sizes=\"auto, (max-width: 720px) 100vw, 720px\" \/><\/a> \t\t\t<\/div> \t\t\t\t<figcaption class='wp-caption-text gallery-caption' id='gallery-3-10144'> \t\t\t\tTrilladora para arroz en Nigeria \t\t\t\t<\/figcaption><\/figure><figure class='gallery-item'> \t\t\t<div class='gallery-icon landscape'> \t\t\t\t<a href='https:\/\/www.agriculture-machine.com\/wp-content\/uploads\/2021\/04\/thresher-machine-for-wheat-in-Canada.jpg'><img loading=\"lazy\" decoding=\"async\" width=\"720\" height=\"540\" src=\"https:\/\/www.agriculture-machine.com\/wp-content\/uploads\/2021\/04\/thresher-machine-for-wheat-in-Canada.jpg\" class=\"attachment-full size-full\" alt=\"Trilladora para trigo en Canad\u00e1\" aria-describedby=\"gallery-3-10145\" srcset=\"https:\/\/www.agriculture-machine.com\/wp-content\/uploads\/2021\/04\/thresher-machine-for-wheat-in-Canada.jpg 720w, https:\/\/www.agriculture-machine.com\/wp-content\/uploads\/2021\/04\/thresher-machine-for-wheat-in-Canada-360x270.jpg 360w, https:\/\/www.agriculture-machine.com\/wp-content\/uploads\/2021\/04\/thresher-machine-for-wheat-in-Canada-240x180.jpg 240w\" sizes=\"auto, (max-width: 720px) 100vw, 720px\" \/><\/a> \t\t\t<\/div> \t\t\t\t<figcaption class='wp-caption-text gallery-caption' id='gallery-3-10145'> \t\t\t\tTrilladora para trigo en Canad\u00e1 \t\t\t\t<\/figcaption><\/figure> \t\t<\/div>  <h2>Embalaje y env\u00edo<\/h2> <p>Esta es la escena donde clientes nigerianos y canadienses ordenaron nuestras m\u00e1quinas, y las embalamos y enviamos. Clientes que nos compren m\u00e1quinas, por favor, tengan la seguridad de que empaquetaremos cuidadosamente cada m\u00e1quina para que reciba una m\u00e1quina completa. Puede contactarnos si necesita maquinaria agr\u00edcola.<\/p> <div id='gallery-4' class='gallery galleryid-10136 gallery-columns-2 gallery-size-full'><figure class='gallery-item'> \t\t\t<div class='gallery-icon landscape'> \t\t\t\t<a href='https:\/\/www.agriculture-machine.com\/wp-content\/uploads\/2021\/04\/shipping-1.jpg'><img loading=\"lazy\" decoding=\"async\" width=\"720\" height=\"540\" src=\"https:\/\/www.agriculture-machine.com\/wp-content\/uploads\/2021\/04\/shipping-1.jpg\" class=\"attachment-full size-full\" alt=\"Env\u00edo\" aria-describedby=\"gallery-4-10148\" srcset=\"https:\/\/www.agriculture-machine.com\/wp-content\/uploads\/2021\/04\/shipping-1.jpg 720w, https:\/\/www.agriculture-machine.com\/wp-content\/uploads\/2021\/04\/shipping-1-360x270.jpg 360w, https:\/\/www.agriculture-machine.com\/wp-content\/uploads\/2021\/04\/shipping-1-240x180.jpg 240w\" sizes=\"auto, (max-width: 720px) 100vw, 720px\" \/><\/a> \t\t\t<\/div> \t\t\t\t<figcaption class='wp-caption-text gallery-caption' id='gallery-4-10148'> \t\t\t\tEnv\u00edo \t\t\t\t<\/figcaption><\/figure><figure class='gallery-item'> \t\t\t<div class='gallery-icon landscape'> \t\t\t\t<a href='https:\/\/www.agriculture-machine.com\/wp-content\/uploads\/2021\/04\/packing1.jpg'><img loading=\"lazy\" decoding=\"async\" width=\"720\" height=\"540\" src=\"https:\/\/www.agriculture-machine.com\/wp-content\/uploads\/2021\/04\/packing1.jpg\" class=\"attachment-full size-full\" alt=\"embalaje1\" aria-describedby=\"gallery-4-10146\" srcset=\"https:\/\/www.agriculture-machine.com\/wp-content\/uploads\/2021\/04\/packing1.jpg 720w, https:\/\/www.agriculture-machine.com\/wp-content\/uploads\/2021\/04\/packing1-360x270.jpg 360w, https:\/\/www.agriculture-machine.com\/wp-content\/uploads\/2021\/04\/packing1-240x180.jpg 240w\" sizes=\"auto, (max-width: 720px) 100vw, 720px\" \/><\/a> \t\t\t<\/div> \t\t\t\t<figcaption class='wp-caption-text gallery-caption' id='gallery-4-10146'> \t\t\t\tembalaje1 \t\t\t\t<\/figcaption><\/figure><figure class='gallery-item'> \t\t\t<div class='gallery-icon landscape'> \t\t\t\t<a href='https:\/\/www.agriculture-machine.com\/wp-content\/uploads\/2021\/04\/packing2.jpg'><img loading=\"lazy\" decoding=\"async\" width=\"720\" height=\"352\" src=\"https:\/\/www.agriculture-machine.com\/wp-content\/uploads\/2021\/04\/packing2.jpg\" class=\"attachment-full size-full\" alt=\"embalaje2\" aria-describedby=\"gallery-4-10147\" srcset=\"https:\/\/www.agriculture-machine.com\/wp-content\/uploads\/2021\/04\/packing2.jpg 720w, https:\/\/www.agriculture-machine.com\/wp-content\/uploads\/2021\/04\/packing2-360x176.jpg 360w\" sizes=\"auto, (max-width: 720px) 100vw, 720px\" \/><\/a> \t\t\t<\/div> \t\t\t\t<figcaption class='wp-caption-text gallery-caption' id='gallery-4-10147'> \t\t\t\tembalaje2 \t\t\t\t<\/figcaption><\/figure><figure class='gallery-item'> \t\t\t<div class='gallery-icon landscape'> \t\t\t\t<a href='https:\/\/www.agriculture-machine.com\/wp-content\/uploads\/2021\/04\/shipping2.jpg'><img loading=\"lazy\" decoding=\"async\" width=\"720\" height=\"391\" src=\"https:\/\/www.agriculture-machine.com\/wp-content\/uploads\/2021\/04\/shipping2.jpg\" class=\"attachment-full size-full\" alt=\"\" aria-describedby=\"gallery-4-10149\" srcset=\"https:\/\/www.agriculture-machine.com\/wp-content\/uploads\/2021\/04\/shipping2.jpg 720w, https:\/\/www.agriculture-machine.com\/wp-content\/uploads\/2021\/04\/shipping2-360x196.jpg 360w\" sizes=\"auto, (max-width: 720px) 100vw, 720px\" \/><\/a> \t\t\t<\/div> \t\t\t\t<figcaption class='wp-caption-text gallery-caption' id='gallery-4-10149'> \t\t\t\tenv\u00edo2 \t\t\t\t<\/figcaption><\/figure> \t\t<\/div>  <h2>Par\u00e1metros t\u00e9cnicos<\/h2> <table style=\"border-collapse: collapse; width: 381.02pt;\" border=\"0\" width=\"762\" cellspacing=\"0\" cellpadding=\"0\"> <tbody> <tr style=\"height: 14.00pt;\"> <td style=\"height: 14.00pt; width: 100.50pt;\" width=\"201\" height=\"28\">Modelo<\/td> <td style=\"width: 280.50pt;\" width=\"561\">5TD-125<\/td> <\/tr> <tr style=\"height: 14.00pt;\"> <td style=\"height: 14.00pt;\" height=\"28\">Productividad<\/td> <td>1000-1500kg\/h(wheat and rice),600&#8211;800kg\/h(beans)<\/td> <\/tr> <tr style=\"height: 14.00pt;\"> <td style=\"height: 14.00pt;\" height=\"28\">Potencia coincidente<\/td> <td>Motor di\u00e9sel de 22 caballos o motor de 11-13kw<\/td> <\/tr> <tr style=\"height: 14.00pt;\"> <td style=\"height: 14.00pt;\" height=\"28\">Peso de la m\u00e1quina<\/td> <td>420kg<\/td> <\/tr> <tr style=\"height: 14.00pt;\"> <td style=\"height: 14.00pt;\" height=\"28\">Velocidad del husillo<\/td> <td>1050 r\/min, 550 r\/min (trillado de frijoles)<\/td> <\/tr> <tr style=\"height: 14.00pt;\"> <td style=\"height: 14.00pt;\" height=\"28\">Velocidad doble del ventilador<\/td> <td>2500 r\/min<\/td> <\/tr> <tr style=\"height: 14.00pt;\"> <td style=\"height: 14.00pt;\" height=\"28\">Tama\u00f1o de la m\u00e1quina<\/td> <td>2500*1770*1550mm<\/td> <\/tr> <tr style=\"height: 14.00pt;\"> <td style=\"height: 14.00pt;\" height=\"28\">Tama\u00f1o de embalaje<\/td> <td>1600*1200*1500mm<\/td> <\/tr> <\/tbody> <\/table>","protected":false},"excerpt":{"rendered":"<p>What crops do the 5TD-125 thresher machine can process? This model thresher machine is mainly used for the threshing of wheat, corn, soybeans, barley, rice, sorghum, millet, pearl millet and other crops. It is simple in structure, and it is convenient to operate. It has high efficiency. What are the requirements for crops when threshing? [&hellip;]<\/p>\n","protected":false},"author":1,"featured_media":10137,"parent":0,"comment_status":"closed","ping_status":"closed","template":"","tags":[491,796,135,2614,158],"product-type":[872],"class_list":["post-10136","product","type-product","status-publish","has-post-thumbnail","hentry","tag-corn","tag-rice","tag-sorghum","tag-thresher","tag-wheat","product-type-thresher-sheller"],"_links":{"self":[{"href":"https:\/\/www.agriculture-machine.com\/es\/wp-json\/wp\/v2\/product\/10136","targetHints":{"allow":["GET"]}}],"collection":[{"href":"https:\/\/www.agriculture-machine.com\/es\/wp-json\/wp\/v2\/product"}],"about":[{"href":"https:\/\/www.agriculture-machine.com\/es\/wp-json\/wp\/v2\/types\/product"}],"author":[{"embeddable":true,"href":"https:\/\/www.agriculture-machine.com\/es\/wp-json\/wp\/v2\/users\/1"}],"replies":[{"embeddable":true,"href":"https:\/\/www.agriculture-machine.com\/es\/wp-json\/wp\/v2\/comments?post=10136"}],"wp:featuredmedia":[{"embeddable":true,"href":"https:\/\/www.agriculture-machine.com\/es\/wp-json\/wp\/v2\/media\/10137"}],"wp:attachment":[{"href":"https:\/\/www.agriculture-machine.com\/es\/wp-json\/wp\/v2\/media?parent=10136"}],"wp:term":[{"taxonomy":"post_tag","embeddable":true,"href":"https:\/\/www.agriculture-machine.com\/es\/wp-json\/wp\/v2\/tags?post=10136"},{"taxonomy":"product-type","embeddable":true,"href":"https:\/\/www.agriculture-machine.com\/es\/wp-json\/wp\/v2\/product-type?post=10136"}],"curies":[{"name":"wp","href":"https:\/\/api.w.org\/{rel}","templated":true}]}}