{"id":10256,"date":"2021-05-07T15:02:07","date_gmt":"2021-05-07T07:02:07","guid":{"rendered":"https:\/\/www.agriculture-machine.com\/?p=10256"},"modified":"2024-09-18T16:07:18","modified_gmt":"2024-09-18T08:07:18","slug":"multifunctional-thresher-5t-1000-for-rice-corn-wheat-sorghum","status":"publish","type":"product","link":"https:\/\/www.agriculture-machine.com\/es\/multifunctional-thresher-5t-1000-for-rice-corn-wheat-sorghum\/","title":{"rendered":"Trillador multifuncional 5T-1000 para arroz, ma\u00edz, trigo, sorgo"},"content":{"rendered":"<h2>\u00bfQu\u00e9 cultivos puede procesar la trilladora multifuncional 5T-1000?<\/h2> <p>La m\u00e1quina trilladora 5T-1000 es multifuncional. Puede trillar habas, soja, sorgo, ma\u00edz, arroz, trigo, mijo, mijo perla, garbanzo, etc. Al trillar diferentes cultivos, es necesario reemplazar las pantallas de diferentes tama\u00f1os. Con diferentes pantallas para diferentes cultivos, el efecto de trilla es mejor.<\/p> <figure id=\"attachment_10262\" aria-describedby=\"caption-attachment-10262\" style=\"width: 720px\" class=\"wp-caption alignnone\"><img loading=\"lazy\" decoding=\"async\" class=\"size-full wp-image-10262\" src=\"https:\/\/www.agriculture-machine.com\/wp-content\/uploads\/2021\/05\/multifunctional-thresher-for-rice-wheat-corn-sorghum-millet.jpg\" alt=\"Trilladora multifuncional para arroz, trigo, ma\u00edz, sorgo, mijo\" width=\"720\" height=\"540\" srcset=\"https:\/\/www.agriculture-machine.com\/wp-content\/uploads\/2021\/05\/multifunctional-thresher-for-rice-wheat-corn-sorghum-millet.jpg 720w, https:\/\/www.agriculture-machine.com\/wp-content\/uploads\/2021\/05\/multifunctional-thresher-for-rice-wheat-corn-sorghum-millet-360x270.jpg 360w, https:\/\/www.agriculture-machine.com\/wp-content\/uploads\/2021\/05\/multifunctional-thresher-for-rice-wheat-corn-sorghum-millet-240x180.jpg 240w\" sizes=\"auto, (max-width: 720px) 100vw, 720px\" \/><figcaption id=\"caption-attachment-10262\" class=\"wp-caption-text\">Trilladora multifuncional para arroz, trigo, ma\u00edz, sorgo, mijo<\/figcaption><\/figure> <h2>Estructura de la trilladora multifuncional 5T-1000<\/h2> <p>Este tipo de trilladora tiene principalmente una entrada, parte de trilla, parte de sujeci\u00f3n, neum\u00e1tico grande, doble ventilador, salida, PTO.<br \/> Tomando el arroz como ejemplo, alimentaci\u00f3n manual, poner el arroz en la entrada de alimentaci\u00f3n, el trillo se completa en la parte de trilla, y luego las impurezas y el polvo o c\u00e1scaras de arroz son expulsadas por el doble ventilador. A continuaci\u00f3n, el arroz trillado sale por la salida. Dado que la m\u00e1quina tiene dos ventiladores, el arroz despu\u00e9s de trillar est\u00e1 muy limpio.<\/p> <figure id=\"attachment_10268\" aria-describedby=\"caption-attachment-10268\" style=\"width: 720px\" class=\"wp-caption alignnone\"><img loading=\"lazy\" decoding=\"async\" class=\"size-full wp-image-10268\" src=\"https:\/\/www.agriculture-machine.com\/wp-content\/uploads\/2021\/05\/multifunctional-thresher-structure.jpg\" alt=\"Estructura de la trilladora multifuncional\" width=\"720\" height=\"540\" srcset=\"https:\/\/www.agriculture-machine.com\/wp-content\/uploads\/2021\/05\/multifunctional-thresher-structure.jpg 720w, https:\/\/www.agriculture-machine.com\/wp-content\/uploads\/2021\/05\/multifunctional-thresher-structure-360x270.jpg 360w, https:\/\/www.agriculture-machine.com\/wp-content\/uploads\/2021\/05\/multifunctional-thresher-structure-240x180.jpg 240w\" sizes=\"auto, (max-width: 720px) 100vw, 720px\" \/><figcaption id=\"caption-attachment-10268\" class=\"wp-caption-text\">Estructura de la trilladora multifuncional<\/figcaption><\/figure> <h2>Pantalla de la m\u00e1quina<\/h2> <p>La m\u00e1quina trilladora de gran capacidad tiene 3 tipos: tipo b\u00e1sico, tipo con ruedas grandes y tipo accionado por PTO. Es m\u00e1s f\u00e1cil para los clientes moverla y trabajar en la granja. Adem\u00e1s, tiene tres modos de potencia: motor di\u00e9sel, tractor y motor el\u00e9ctrico. La altura de la m\u00e1quina sin neum\u00e1ticos es de 1900 cm, el ancho es de 150 cm y la m\u00e1s larga, incluyendo el soporte, es de 340 cm. La trilladora con motor di\u00e9sel est\u00e1 soldada con un marco di\u00e9sel para hacer la m\u00e1quina m\u00e1s estable en el proceso de trabajo. Soldamos un marco de remolque para el tractor, lo que hace que la m\u00e1quina camine m\u00e1s temperatura sin estar restringida por el terreno. Adem\u00e1s, cada m\u00e1quina tiene un soporte.<\/p> <div id='gallery-1' class='gallery galleryid-10256 gallery-columns-2 gallery-size-full'><figure class='gallery-item'> \t\t\t<div class='gallery-icon landscape'> \t\t\t\t<a href='https:\/\/www.agriculture-machine.com\/wp-content\/uploads\/2021\/05\/thresher-machine.jpg'><img loading=\"lazy\" decoding=\"async\" width=\"720\" height=\"540\" src=\"https:\/\/www.agriculture-machine.com\/wp-content\/uploads\/2021\/05\/thresher-machine.jpg\" class=\"attachment-full size-full\" alt=\"Trilladora multifuncional\" aria-describedby=\"gallery-1-10267\" srcset=\"https:\/\/www.agriculture-machine.com\/wp-content\/uploads\/2021\/05\/thresher-machine.jpg 720w, https:\/\/www.agriculture-machine.com\/wp-content\/uploads\/2021\/05\/thresher-machine-360x270.jpg 360w, https:\/\/www.agriculture-machine.com\/wp-content\/uploads\/2021\/05\/thresher-machine-240x180.jpg 240w\" sizes=\"auto, (max-width: 720px) 100vw, 720px\" \/><\/a> \t\t\t<\/div> \t\t\t\t<figcaption class='wp-caption-text gallery-caption' id='gallery-1-10267'> \t\t\t\tM\u00e1quina trilladora para trigo, ma\u00edz, soja, cebada, arroz, sorgo, mijo, mijo perla y otros cultivos \t\t\t\t<\/figcaption><\/figure><figure class='gallery-item'> \t\t\t<div class='gallery-icon landscape'> \t\t\t\t<a href='https:\/\/www.agriculture-machine.com\/wp-content\/uploads\/2021\/05\/2.jpg'><img loading=\"lazy\" decoding=\"async\" width=\"720\" height=\"441\" src=\"https:\/\/www.agriculture-machine.com\/wp-content\/uploads\/2021\/05\/2.jpg\" class=\"attachment-full size-full\" alt=\"Trilladora multifuncional\" aria-describedby=\"gallery-1-10264\" srcset=\"https:\/\/www.agriculture-machine.com\/wp-content\/uploads\/2021\/05\/2.jpg 720w, https:\/\/www.agriculture-machine.com\/wp-content\/uploads\/2021\/05\/2-360x221.jpg 360w\" sizes=\"auto, (max-width: 720px) 100vw, 720px\" \/><\/a> \t\t\t<\/div> \t\t\t\t<figcaption class='wp-caption-text gallery-caption' id='gallery-1-10264'> \t\t\t\tM\u00e1quina trilladora para trigo, ma\u00edz, soja, cebada, arroz, sorgo, mijo, mijo perla y otros cultivos \t\t\t\t<\/figcaption><\/figure><figure class='gallery-item'> \t\t\t<div class='gallery-icon landscape'> \t\t\t\t<a href='https:\/\/www.agriculture-machine.com\/wp-content\/uploads\/2021\/05\/3.jpg'><img loading=\"lazy\" decoding=\"async\" width=\"720\" height=\"495\" src=\"https:\/\/www.agriculture-machine.com\/wp-content\/uploads\/2021\/05\/3.jpg\" class=\"attachment-full size-full\" alt=\"Trilladora multifuncional\" aria-describedby=\"gallery-1-10265\" srcset=\"https:\/\/www.agriculture-machine.com\/wp-content\/uploads\/2021\/05\/3.jpg 720w, https:\/\/www.agriculture-machine.com\/wp-content\/uploads\/2021\/05\/3-360x248.jpg 360w\" sizes=\"auto, (max-width: 720px) 100vw, 720px\" \/><\/a> \t\t\t<\/div> \t\t\t\t<figcaption class='wp-caption-text gallery-caption' id='gallery-1-10265'> \t\t\t\tM\u00e1quina trilladora para trigo, ma\u00edz, soja, cebada, arroz, sorgo, mijo, mijo perla y otros cultivos \t\t\t\t<\/figcaption><\/figure><figure class='gallery-item'> \t\t\t<div class='gallery-icon landscape'> \t\t\t\t<a href='https:\/\/www.agriculture-machine.com\/wp-content\/uploads\/2021\/05\/4.jpg'><img loading=\"lazy\" decoding=\"async\" width=\"720\" height=\"494\" src=\"https:\/\/www.agriculture-machine.com\/wp-content\/uploads\/2021\/05\/4.jpg\" class=\"attachment-full size-full\" alt=\"Trilladora multifuncional\" aria-describedby=\"gallery-1-10266\" srcset=\"https:\/\/www.agriculture-machine.com\/wp-content\/uploads\/2021\/05\/4.jpg 720w, https:\/\/www.agriculture-machine.com\/wp-content\/uploads\/2021\/05\/4-360x247.jpg 360w\" sizes=\"auto, (max-width: 720px) 100vw, 720px\" \/><\/a> \t\t\t<\/div> \t\t\t\t<figcaption class='wp-caption-text gallery-caption' id='gallery-1-10266'> \t\t\t\tM\u00e1quina trilladora multifuncional  \t\t\t\t<\/figcaption><\/figure> \t\t<\/div>  <h2>Embalaje y env\u00edo<\/h2> <p>Actualmente, nuestra m\u00e1quina trilladora se vende a Nigeria, Botsuana, Uganda, Estados Unidos, Bangladesh, etc. Empaquetaremos la m\u00e1quina antes del env\u00edo, algunas en un marco de hierro o caja de madera.<\/p> <div id='gallery-2' class='gallery galleryid-10256 gallery-columns-3 gallery-size-full'><figure class='gallery-item'> \t\t\t<div class='gallery-icon landscape'> \t\t\t\t<a href='https:\/\/www.agriculture-machine.com\/wp-content\/uploads\/2021\/05\/packing.jpg'><img loading=\"lazy\" decoding=\"async\" width=\"720\" height=\"498\" src=\"https:\/\/www.agriculture-machine.com\/wp-content\/uploads\/2021\/05\/packing.jpg\" class=\"attachment-full size-full\" alt=\"\" aria-describedby=\"gallery-2-10271\" srcset=\"https:\/\/www.agriculture-machine.com\/wp-content\/uploads\/2021\/05\/packing.jpg 720w, https:\/\/www.agriculture-machine.com\/wp-content\/uploads\/2021\/05\/packing-360x249.jpg 360w\" sizes=\"auto, (max-width: 720px) 100vw, 720px\" \/><\/a> \t\t\t<\/div> \t\t\t\t<figcaption class='wp-caption-text gallery-caption' id='gallery-2-10271'> \t\t\t\tembalaje \t\t\t\t<\/figcaption><\/figure><figure class='gallery-item'> \t\t\t<div class='gallery-icon landscape'> \t\t\t\t<a href='https:\/\/www.agriculture-machine.com\/wp-content\/uploads\/2021\/05\/multifunctional-thresher-packing.jpg'><img loading=\"lazy\" decoding=\"async\" width=\"720\" height=\"404\" src=\"https:\/\/www.agriculture-machine.com\/wp-content\/uploads\/2021\/05\/multifunctional-thresher-packing.jpg\" class=\"attachment-full size-full\" alt=\"embalaje de la trilladora multifuncional\" aria-describedby=\"gallery-2-10270\" srcset=\"https:\/\/www.agriculture-machine.com\/wp-content\/uploads\/2021\/05\/multifunctional-thresher-packing.jpg 720w, https:\/\/www.agriculture-machine.com\/wp-content\/uploads\/2021\/05\/multifunctional-thresher-packing-360x202.jpg 360w\" sizes=\"auto, (max-width: 720px) 100vw, 720px\" \/><\/a> \t\t\t<\/div> \t\t\t\t<figcaption class='wp-caption-text gallery-caption' id='gallery-2-10270'> \t\t\t\tembalaje de la trilladora multifuncional \t\t\t\t<\/figcaption><\/figure><figure class='gallery-item'> \t\t\t<div class='gallery-icon landscape'> \t\t\t\t<a href='https:\/\/www.agriculture-machine.com\/wp-content\/uploads\/2021\/05\/multifunctional-shipping.jpg'><img loading=\"lazy\" decoding=\"async\" width=\"720\" height=\"540\" src=\"https:\/\/www.agriculture-machine.com\/wp-content\/uploads\/2021\/05\/multifunctional-shipping.jpg\" class=\"attachment-full size-full\" alt=\"Env\u00edo de la trilladora multifuncional\" aria-describedby=\"gallery-2-10269\" srcset=\"https:\/\/www.agriculture-machine.com\/wp-content\/uploads\/2021\/05\/multifunctional-shipping.jpg 720w, https:\/\/www.agriculture-machine.com\/wp-content\/uploads\/2021\/05\/multifunctional-shipping-360x270.jpg 360w, https:\/\/www.agriculture-machine.com\/wp-content\/uploads\/2021\/05\/multifunctional-shipping-240x180.jpg 240w\" sizes=\"auto, (max-width: 720px) 100vw, 720px\" \/><\/a> \t\t\t<\/div> \t\t\t\t<figcaption class='wp-caption-text gallery-caption' id='gallery-2-10269'> \t\t\t\tEnv\u00edo de la trilladora multifuncional \t\t\t\t<\/figcaption><\/figure> \t\t<\/div>  <h2>Par\u00e1metros t\u00e9cnicos<\/h2> <table> <tbody> <tr> <td width=\"284\">Modelo<\/td> <td width=\"284\">5T-1000<\/td> <\/tr> <tr> <td width=\"284\">Capacidad<\/td> <td width=\"284\">2000-4000kg\/h para ma\u00edz, 1000-2000kg\/h para mijo<\/td> <\/tr> <tr> <td width=\"284\">Tasa de descascarado<\/td> <td width=\"284\">99%<\/td> <\/tr> <tr> <td width=\"284\">Potencia<\/td> <td width=\"284\">Motor el\u00e9ctrico de 7.5kw o motor di\u00e9sel de 12hp<\/td> <\/tr> <tr> <td width=\"284\">Tama\u00f1o<\/td> <td width=\"284\">3400*2100*1980mm<\/td> <\/tr> <tr> <td width=\"284\">Peso<\/td> <td width=\"284\">700kg<\/td> <\/tr> <\/tbody> <\/table> <p>&nbsp;<\/p>","protected":false},"excerpt":{"rendered":"<p>What crops do the 5T-1000 multifunctional thresher can process? The 5T-1000 thresher machine is multifunctional. It can thresh broad bean, soybean, sorghum, corn, rice, wheat, millet, pearl millet, chickpea, etc. When threshing different crops, it is necessary to replace screens of different sizes. With different screens for different crops, the threshing effect is better. 5T-1000 [&hellip;]<\/p>\n","protected":false},"author":1,"featured_media":10261,"parent":0,"comment_status":"closed","ping_status":"closed","template":"","tags":[2614],"product-type":[872],"class_list":["post-10256","product","type-product","status-publish","has-post-thumbnail","hentry","tag-thresher","product-type-thresher-sheller"],"_links":{"self":[{"href":"https:\/\/www.agriculture-machine.com\/es\/wp-json\/wp\/v2\/product\/10256","targetHints":{"allow":["GET"]}}],"collection":[{"href":"https:\/\/www.agriculture-machine.com\/es\/wp-json\/wp\/v2\/product"}],"about":[{"href":"https:\/\/www.agriculture-machine.com\/es\/wp-json\/wp\/v2\/types\/product"}],"author":[{"embeddable":true,"href":"https:\/\/www.agriculture-machine.com\/es\/wp-json\/wp\/v2\/users\/1"}],"replies":[{"embeddable":true,"href":"https:\/\/www.agriculture-machine.com\/es\/wp-json\/wp\/v2\/comments?post=10256"}],"wp:featuredmedia":[{"embeddable":true,"href":"https:\/\/www.agriculture-machine.com\/es\/wp-json\/wp\/v2\/media\/10261"}],"wp:attachment":[{"href":"https:\/\/www.agriculture-machine.com\/es\/wp-json\/wp\/v2\/media?parent=10256"}],"wp:term":[{"taxonomy":"post_tag","embeddable":true,"href":"https:\/\/www.agriculture-machine.com\/es\/wp-json\/wp\/v2\/tags?post=10256"},{"taxonomy":"product-type","embeddable":true,"href":"https:\/\/www.agriculture-machine.com\/es\/wp-json\/wp\/v2\/product-type?post=10256"}],"curies":[{"name":"wp","href":"https:\/\/api.w.org\/{rel}","templated":true}]}}