{"id":10273,"date":"2021-05-07T18:46:54","date_gmt":"2021-05-07T10:46:54","guid":{"rendered":"https:\/\/www.agriculture-machine.com\/?p=10273"},"modified":"2024-09-23T11:37:01","modified_gmt":"2024-09-23T03:37:01","slug":"corn-thresher-maize-thresher-corn-sheller-5tym-650","status":"publish","type":"product","link":"https:\/\/www.agriculture-machine.com\/es\/corn-thresher-maize-thresher-corn-sheller-5tym-650\/","title":{"rendered":"Trillador de ma\u00edz | Trillador de ma\u00edz | Desgranador de ma\u00edz 5TYM-650"},"content":{"rendered":"<p>Este es un nuevo tipo de trillador de ma\u00edz. La estructura interna adopta dientes de trillado, que tienen un mejor efecto de trillado. El nuevo tipo de trillador de ma\u00edz es una m\u00e1quina profesional para trillado de ma\u00edz. La m\u00e1quina puede equiparse con ruedas grandes, que pueden trillarse con alta eficiencia, alta tasa de limpieza, y es conveniente de usar.<\/p> <figure id=\"attachment_10281\" aria-describedby=\"caption-attachment-10281\" style=\"width: 720px\" class=\"wp-caption alignnone\"><img loading=\"lazy\" decoding=\"async\" class=\"size-full wp-image-10281\" src=\"https:\/\/www.agriculture-machine.com\/wp-content\/uploads\/2021\/05\/The-internal-structure-of-the-corn-thresher.jpg\" alt=\"La estructura interna del trillador de ma\u00edz\" width=\"720\" height=\"540\" srcset=\"https:\/\/www.agriculture-machine.com\/wp-content\/uploads\/2021\/05\/The-internal-structure-of-the-corn-thresher.jpg 720w, https:\/\/www.agriculture-machine.com\/wp-content\/uploads\/2021\/05\/The-internal-structure-of-the-corn-thresher-360x270.jpg 360w, https:\/\/www.agriculture-machine.com\/wp-content\/uploads\/2021\/05\/The-internal-structure-of-the-corn-thresher-240x180.jpg 240w\" sizes=\"auto, (max-width: 720px) 100vw, 720px\" \/><figcaption id=\"caption-attachment-10281\" class=\"wp-caption-text\">La estructura interna del trillador de ma\u00edz<\/figcaption><\/figure> <h2>\u00bfCon qu\u00e9 tipo de potencia puede equiparse la m\u00e1quina?<\/h2> <p>Nuestro trillador de ma\u00edz puede equiparse con un motor el\u00e9ctrico, motor di\u00e9sel, motor de gasolina como potencia. Adem\u00e1s, podemos personalizar neum\u00e1ticos grandes, soportes, marcos de tracci\u00f3n. Si su terreno es plano, puede elegir un trillador de ma\u00edz equipado con neum\u00e1ticos peque\u00f1os. Si su terreno es accidentado, puede elegir un trillador de ma\u00edz equipado con neum\u00e1ticos grandes o con soportes, as\u00ed que no importa si su terreno es plano o accidentado, la m\u00e1quina puede caminar suavemente.<br \/> Adem\u00e1s, si le resulta conveniente usar electricidad, puede elegir un trillador de ma\u00edz con motor. Si la electricidad no es conveniente, puede elegir un trillador de ma\u00edz con motor de gasolina o di\u00e9sel. Lo importante es que este trillador de ma\u00edz tambi\u00e9n puede conectarse a un tractor de arrastre y trabajar directamente en el campo. Si planta ma\u00edz, entonces puede elegir este trillador.<\/p> <div id='gallery-1' class='gallery galleryid-10273 gallery-columns-3 gallery-size-full'><figure class='gallery-item'> \t\t\t<div class='gallery-icon landscape'> \t\t\t\t<a href='https:\/\/www.agriculture-machine.com\/wp-content\/uploads\/2021\/05\/maize-threshing-.jpg'><img loading=\"lazy\" decoding=\"async\" width=\"720\" height=\"526\" src=\"https:\/\/www.agriculture-machine.com\/wp-content\/uploads\/2021\/05\/maize-threshing-.jpg\" class=\"attachment-full size-full\" alt=\"trillado de ma\u00edz\" aria-describedby=\"gallery-1-10278\" srcset=\"https:\/\/www.agriculture-machine.com\/wp-content\/uploads\/2021\/05\/maize-threshing-.jpg 720w, https:\/\/www.agriculture-machine.com\/wp-content\/uploads\/2021\/05\/maize-threshing--360x263.jpg 360w\" sizes=\"auto, (max-width: 720px) 100vw, 720px\" \/><\/a> \t\t\t<\/div> \t\t\t\t<figcaption class='wp-caption-text gallery-caption' id='gallery-1-10278'> \t\t\t\ttrillado de ma\u00edz \t\t\t\t<\/figcaption><\/figure><figure class='gallery-item'> \t\t\t<div class='gallery-icon landscape'> \t\t\t\t<a href='https:\/\/www.agriculture-machine.com\/wp-content\/uploads\/2021\/05\/maize-thresher.jpg'><img loading=\"lazy\" decoding=\"async\" width=\"720\" height=\"540\" src=\"https:\/\/www.agriculture-machine.com\/wp-content\/uploads\/2021\/05\/maize-thresher.jpg\" class=\"attachment-full size-full\" alt=\"ma\u00edz\" aria-describedby=\"gallery-1-10277\" srcset=\"https:\/\/www.agriculture-machine.com\/wp-content\/uploads\/2021\/05\/maize-thresher.jpg 720w, https:\/\/www.agriculture-machine.com\/wp-content\/uploads\/2021\/05\/maize-thresher-360x270.jpg 360w, https:\/\/www.agriculture-machine.com\/wp-content\/uploads\/2021\/05\/maize-thresher-240x180.jpg 240w\" sizes=\"auto, (max-width: 720px) 100vw, 720px\" \/><\/a> \t\t\t<\/div> \t\t\t\t<figcaption class='wp-caption-text gallery-caption' id='gallery-1-10277'> \t\t\t\tma\u00edz \t\t\t\t<\/figcaption><\/figure><figure class='gallery-item'> \t\t\t<div class='gallery-icon landscape'> \t\t\t\t<a href='https:\/\/www.agriculture-machine.com\/wp-content\/uploads\/2021\/05\/Diesel-engine-model.jpg'><img loading=\"lazy\" decoding=\"async\" width=\"720\" height=\"528\" src=\"https:\/\/www.agriculture-machine.com\/wp-content\/uploads\/2021\/05\/Diesel-engine-model.jpg\" class=\"attachment-full size-full\" alt=\"Modelo de motor di\u00e9sel\" aria-describedby=\"gallery-1-10276\" srcset=\"https:\/\/www.agriculture-machine.com\/wp-content\/uploads\/2021\/05\/Diesel-engine-model.jpg 720w, https:\/\/www.agriculture-machine.com\/wp-content\/uploads\/2021\/05\/Diesel-engine-model-360x264.jpg 360w\" sizes=\"auto, (max-width: 720px) 100vw, 720px\" \/><\/a> \t\t\t<\/div> \t\t\t\t<figcaption class='wp-caption-text gallery-caption' id='gallery-1-10276'> \t\t\t\tModelo de motor di\u00e9sel \t\t\t\t<\/figcaption><\/figure> \t\t<\/div>  <h2>Ventajas de la m\u00e1quina trilladora de ma\u00edz<\/h2> <ul> <li>La tasa de desgranado alcanz\u00f3 el 98%.<\/li> <li>La producci\u00f3n por hora puede alcanzar 2 toneladas.<\/li> <li>Personalizaci\u00f3n fuerte.<\/li> <li>M\u00faltiples opciones de modos de potencia.<\/li> <li>Estructura interna \u00fanica (lanzamiento de dientes).<\/li> <li>El mazorquero (mazorca de ma\u00edz) despu\u00e9s del trillado est\u00e1 completo y no afecta el uso posterior.<\/li> <\/ul> <figure id=\"attachment_10279\" aria-describedby=\"caption-attachment-10279\" style=\"width: 720px\" class=\"wp-caption alignnone\"><img loading=\"lazy\" decoding=\"async\" class=\"size-full wp-image-10279\" src=\"https:\/\/www.agriculture-machine.com\/wp-content\/uploads\/2021\/05\/corn-maize.jpg\" alt=\"ma\u00edz\" width=\"720\" height=\"540\" srcset=\"https:\/\/www.agriculture-machine.com\/wp-content\/uploads\/2021\/05\/corn-maize.jpg 720w, https:\/\/www.agriculture-machine.com\/wp-content\/uploads\/2021\/05\/corn-maize-360x270.jpg 360w, https:\/\/www.agriculture-machine.com\/wp-content\/uploads\/2021\/05\/corn-maize-240x180.jpg 240w\" sizes=\"auto, (max-width: 720px) 100vw, 720px\" \/><figcaption id=\"caption-attachment-10279\" class=\"wp-caption-text\">ma\u00edz<\/figcaption><\/figure> <h2>Estructura del trillador de ma\u00edz 5TYM-650<\/h2> <p>Esta m\u00e1quina trilladora de ma\u00edz tiene entrada de alimentaci\u00f3n, neum\u00e1tico grande, soporte, salida, potencia, marco de tracci\u00f3n.<\/p> <figure id=\"attachment_10282\" aria-describedby=\"caption-attachment-10282\" style=\"width: 720px\" class=\"wp-caption alignnone\"><img loading=\"lazy\" decoding=\"async\" class=\"size-full wp-image-10282\" src=\"https:\/\/www.agriculture-machine.com\/wp-content\/uploads\/2021\/05\/the-structure-of-5TYM-650-maize-thresher.jpg\" alt=\"la estructura del trillador de ma\u00edz 5TYM-650\" width=\"720\" height=\"540\" srcset=\"https:\/\/www.agriculture-machine.com\/wp-content\/uploads\/2021\/05\/the-structure-of-5TYM-650-maize-thresher.jpg 720w, https:\/\/www.agriculture-machine.com\/wp-content\/uploads\/2021\/05\/the-structure-of-5TYM-650-maize-thresher-360x270.jpg 360w, https:\/\/www.agriculture-machine.com\/wp-content\/uploads\/2021\/05\/the-structure-of-5TYM-650-maize-thresher-240x180.jpg 240w\" sizes=\"auto, (max-width: 720px) 100vw, 720px\" \/><figcaption id=\"caption-attachment-10282\" class=\"wp-caption-text\">la estructura del trillador de ma\u00edz 5TYM-650<\/figcaption><\/figure> <h2>Par\u00e1metros t\u00e9cnicos<\/h2> <table> <tbody> <tr> <td width=\"284\">Modelo<\/td> <td width=\"284\">5TYM-650<\/td> <\/tr> <tr> <td width=\"284\">Peso<\/td> <td width=\"284\">50kg<\/td> <\/tr> <tr> <td width=\"284\">Potencia compatible<\/td> <td width=\"284\">2.2-3kw o 5-8hp<\/td> <\/tr> <tr> <td width=\"284\">Tama\u00f1o<\/td> <td width=\"284\">900*600*920<\/td> <\/tr> <tr> <td width=\"284\">Productividad<\/td> <td width=\"284\">1-2t\/h<\/td> <\/tr> <tr> <td width=\"284\">Tasa de limpieza<\/td> <td width=\"284\">99%<\/td> <\/tr> <\/tbody> <\/table>","protected":false},"excerpt":{"rendered":"<p>This is a new type of maize thresher. The internal structure adopts threshing teeth, which has a better threshing effect. The new type of corn thresher is a professional machine for threshing maize. The machine can be equipped with large wheels, which can thresh corn with high efficiency, high cleaning rate, and it is convenient [&hellip;]<\/p>\n","protected":false},"author":1,"featured_media":10275,"parent":0,"comment_status":"closed","ping_status":"closed","template":"","tags":[2614],"product-type":[872],"class_list":["post-10273","product","type-product","status-publish","has-post-thumbnail","hentry","tag-thresher","product-type-thresher-sheller"],"_links":{"self":[{"href":"https:\/\/www.agriculture-machine.com\/es\/wp-json\/wp\/v2\/product\/10273","targetHints":{"allow":["GET"]}}],"collection":[{"href":"https:\/\/www.agriculture-machine.com\/es\/wp-json\/wp\/v2\/product"}],"about":[{"href":"https:\/\/www.agriculture-machine.com\/es\/wp-json\/wp\/v2\/types\/product"}],"author":[{"embeddable":true,"href":"https:\/\/www.agriculture-machine.com\/es\/wp-json\/wp\/v2\/users\/1"}],"replies":[{"embeddable":true,"href":"https:\/\/www.agriculture-machine.com\/es\/wp-json\/wp\/v2\/comments?post=10273"}],"wp:featuredmedia":[{"embeddable":true,"href":"https:\/\/www.agriculture-machine.com\/es\/wp-json\/wp\/v2\/media\/10275"}],"wp:attachment":[{"href":"https:\/\/www.agriculture-machine.com\/es\/wp-json\/wp\/v2\/media?parent=10273"}],"wp:term":[{"taxonomy":"post_tag","embeddable":true,"href":"https:\/\/www.agriculture-machine.com\/es\/wp-json\/wp\/v2\/tags?post=10273"},{"taxonomy":"product-type","embeddable":true,"href":"https:\/\/www.agriculture-machine.com\/es\/wp-json\/wp\/v2\/product-type?post=10273"}],"curies":[{"name":"wp","href":"https:\/\/api.w.org\/{rel}","templated":true}]}}