{"id":1032,"date":"2018-10-17T10:25:36","date_gmt":"2018-10-17T02:25:36","guid":{"rendered":"https:\/\/www.agriculture-machine.com\/?p=1032"},"modified":"2026-03-10T11:23:51","modified_gmt":"2026-03-10T03:23:51","slug":"baling-and-wrapping-machine","status":"publish","type":"product","link":"https:\/\/www.agriculture-machine.com\/es\/baling-and-wrapping-machine\/","title":{"rendered":"55-52 M\u00e1quina de ensilado y enrollado, Equipo de empacado de heno"},"content":{"rendered":"<p>La m\u00e1quina de hacer pacas de ensilaje y envolver es un equipo agr\u00edcola y de ganader\u00eda, ampliamente utilizado en la recolecci\u00f3n y conservaci\u00f3n de forraje, paja y otros alimentos.<\/p>    <p>El equipo ensila y envuelve el forraje mediante pel\u00edcula pl\u00e1stica, cuerda de red o cuerda, y realiza la fermentaci\u00f3n del ensilaje en un ambiente anaer\u00f3bico. Esto bloquea eficazmente los nutrientes del alimento, extiende el tiempo de conservaci\u00f3n y satisface las necesidades de alimentaci\u00f3n durante todo el a\u00f1o de ganado rumiante como vacas, ovejas, caballos, ciervos y burros.<\/p>    <figure class=\"wp-block-embed is-type-video is-provider-youtube wp-block-embed-youtube wp-embed-aspect-16-9 wp-has-aspect-ratio\"><div class=\"wp-block-embed__wrapper\"> <iframe loading=\"lazy\" title=\"M\u00e1quina eficiente de hacer pacas de ensilaje y de envolver - \u00a1Mejora la eficiencia del embalaje agr\u00edcola!\" width=\"500\" height=\"281\" src=\"https:\/\/www.youtube.com\/embed\/McQj2v6Lsx8?feature=oembed\" frameborder=\"0\" allow=\"accelerometer; autoplay; clipboard-write; encrypted-media; gyroscope; picture-in-picture; web-share\" referrerpolicy=\"strict-origin-when-cross-origin\" allowfullscreen><\/iframe> <\/div><figcaption class=\"wp-element-caption\">Video de funcionamiento de la m\u00e1quina de hacer pacas y envolver de ensilaje<\/figcaption><\/figure>    <p>Especialmente, la m\u00e1quina de hacer pacas y envolver TZ-55-52 tiene una estructura compacta, rendimiento estable y operaci\u00f3n sencilla. Est\u00e1 equipada con un motor de 5.5kw, con dimensiones de 1600x1450x1060mm, y puede hacer entre 30 y 50 pacas de hierba por hora, con cada paca pesando entre 30 y 90kg.<\/p>    <p>El n\u00famero de capas de mulching es de 2-4, y el peso despu\u00e9s del mulching es de 135kg, que es la opci\u00f3n ideal para peque\u00f1os y medianos agricultores y explotaciones para mejorar la eficiencia del procesamiento de alimentos.<\/p>    <figure class=\"wp-block-gallery has-nested-images columns-default is-cropped wp-block-gallery-2 is-layout-flex wp-block-gallery-is-layout-flex\"> <figure class=\"wp-block-image size-large\"><img loading=\"lazy\" decoding=\"async\" width=\"720\" height=\"540\" data-id=\"13674\" src=\"https:\/\/www.agriculture-machine.com\/wp-content\/uploads\/2022\/05\/round-silage-baler0-1.jpg\" alt=\"Baler de ensilaje redondo\" class=\"wp-image-13674\" title=\"Baler de ensilaje redondo\" srcset=\"https:\/\/www.agriculture-machine.com\/wp-content\/uploads\/2022\/05\/round-silage-baler0-1.jpg 720w, https:\/\/www.agriculture-machine.com\/wp-content\/uploads\/2022\/05\/round-silage-baler0-1-240x180.jpg 240w, https:\/\/www.agriculture-machine.com\/wp-content\/uploads\/2022\/05\/round-silage-baler0-1-360x270.jpg 360w\" sizes=\"auto, (max-width: 720px) 100vw, 720px\" \/><figcaption class=\"wp-element-caption\">Baler de ensilaje redondo<\/figcaption><\/figure>    <figure class=\"wp-block-image size-large\"><img loading=\"lazy\" decoding=\"async\" width=\"720\" height=\"540\" data-id=\"13675\" src=\"https:\/\/www.agriculture-machine.com\/wp-content\/uploads\/2022\/05\/silage-packing-machine0-1.jpg\" alt=\"M\u00e1quina de empaquetado de ensilaje\" class=\"wp-image-13675\" title=\"M\u00e1quina de empaquetado de ensilaje\" srcset=\"https:\/\/www.agriculture-machine.com\/wp-content\/uploads\/2022\/05\/silage-packing-machine0-1.jpg 720w, https:\/\/www.agriculture-machine.com\/wp-content\/uploads\/2022\/05\/silage-packing-machine0-1-240x180.jpg 240w, https:\/\/www.agriculture-machine.com\/wp-content\/uploads\/2022\/05\/silage-packing-machine0-1-360x270.jpg 360w\" sizes=\"auto, (max-width: 720px) 100vw, 720px\" \/><figcaption class=\"wp-element-caption\">M\u00e1quina de empaquetado de ensilaje<\/figcaption><\/figure> <\/figure>    <h2 class=\"wp-block-heading\" id=\"h-brief-introduction-to-baling-and-wrapping-machine\">\u00c1mbito de aplicaci\u00f3n de la m\u00e1quina baler de ensilaje<\/h2>    <ul class=\"wp-block-list\"> <li>Materias primas ampliamente aplicables: puede usarse para pasto de ensilaje, paja fresca y seca, como paja de trigo, paja de arroz, paja de soja, tallos de ma\u00edz, etc.<\/li>    <li>Adecuado para la alimentaci\u00f3n de muchos tipos de ganado: el ensilaje en pacas puede alimentarse a vacas, ovejas, caballos, ciervos, burros, cerdos, camellos, conejos y otros tipos de ganado y rumiantes.<\/li>    <li>Apto para diferentes regiones y escalas agr\u00edcolas: puede usarse eficientemente en granjas familiares, cooperativas y peque\u00f1as y medianas explotaciones, y es conveniente para almacenamiento y transporte a largo plazo.<\/li> <\/ul>    <figure class=\"wp-block-gallery has-nested-images columns-default is-cropped wp-block-gallery-3 is-layout-flex wp-block-gallery-is-layout-flex\"> <figure class=\"wp-block-image size-large\"><img loading=\"lazy\" decoding=\"async\" width=\"720\" height=\"540\" data-id=\"13676\" src=\"https:\/\/www.agriculture-machine.com\/wp-content\/uploads\/2022\/05\/application-scope_-1.jpg\" alt=\"\u00c1mbito de aplicaci\u00f3n\" class=\"wp-image-13676\" title=\"\u00c1mbito de aplicaci\u00f3n\" srcset=\"https:\/\/www.agriculture-machine.com\/wp-content\/uploads\/2022\/05\/application-scope_-1.jpg 720w, https:\/\/www.agriculture-machine.com\/wp-content\/uploads\/2022\/05\/application-scope_-1-240x180.jpg 240w, https:\/\/www.agriculture-machine.com\/wp-content\/uploads\/2022\/05\/application-scope_-1-360x270.jpg 360w\" sizes=\"auto, (max-width: 720px) 100vw, 720px\" \/><figcaption class=\"wp-element-caption\">\u00c1mbito de aplicaci\u00f3n<\/figcaption><\/figure>    <figure class=\"wp-block-image size-large\"><img loading=\"lazy\" decoding=\"async\" width=\"720\" height=\"540\" data-id=\"13677\" src=\"https:\/\/www.agriculture-machine.com\/wp-content\/uploads\/2022\/05\/application.jpg\" alt=\"Aplicaci\u00f3n de la m\u00e1quina de hacer pacas y envolver\" class=\"wp-image-13677\" title=\"M\u00e1quina de hacer pacas y envolver\" srcset=\"https:\/\/www.agriculture-machine.com\/wp-content\/uploads\/2022\/05\/application.jpg 720w, https:\/\/www.agriculture-machine.com\/wp-content\/uploads\/2022\/05\/application-240x180.jpg 240w, https:\/\/www.agriculture-machine.com\/wp-content\/uploads\/2022\/05\/application-360x270.jpg 360w\" sizes=\"auto, (max-width: 720px) 100vw, 720px\" \/><figcaption class=\"wp-element-caption\">Aplicaci\u00f3n de la m\u00e1quina de hacer pacas y envolver<\/figcaption><\/figure> <\/figure>    <h2 class=\"wp-block-heading\">Envolvedora de pacas de tracci\u00f3n de neum\u00e1ticos grandes personalizadas<\/h2>    <p>Nuestra \u00faltima m\u00e1quina m\u00f3vil personalizada 55-52 de hacer pacas y envolver ensilaje ha sido mejorada respecto al modelo original, ahora con neum\u00e1ticos m\u00e1s grandes que facilitan el remolque y el movimiento r\u00e1pido por diferentes parcelas, aumentando significativamente la flexibilidad operativa. <\/p>    <figure class=\"wp-block-gallery has-nested-images columns-default is-cropped wp-block-gallery-4 is-layout-flex wp-block-gallery-is-layout-flex\"> <figure class=\"wp-block-image size-large\"><img loading=\"lazy\" decoding=\"async\" width=\"720\" height=\"540\" data-id=\"16875\" src=\"https:\/\/www.agriculture-machine.com\/wp-content\/uploads\/2018\/10\/hay-baling-wrapping-machine.webp\" alt=\"M\u00e1quina de envolver y hacer pacas de heno\" class=\"wp-image-16875\" srcset=\"https:\/\/www.agriculture-machine.com\/wp-content\/uploads\/2018\/10\/hay-baling-wrapping-machine.webp 720w, https:\/\/www.agriculture-machine.com\/wp-content\/uploads\/2018\/10\/hay-baling-wrapping-machine-360x270.webp 360w, https:\/\/www.agriculture-machine.com\/wp-content\/uploads\/2018\/10\/hay-baling-wrapping-machine-240x180.webp 240w, https:\/\/www.agriculture-machine.com\/wp-content\/uploads\/2018\/10\/hay-baling-wrapping-machine-16x12.webp 16w\" sizes=\"auto, (max-width: 720px) 100vw, 720px\" \/><figcaption class=\"wp-element-caption\">M\u00e1quina de envolver y hacer pacas de heno<\/figcaption><\/figure>    <figure class=\"wp-block-image size-large\"><img loading=\"lazy\" decoding=\"async\" width=\"720\" height=\"540\" data-id=\"16876\" src=\"https:\/\/www.agriculture-machine.com\/wp-content\/uploads\/2018\/10\/mobile-type-forage-baler-machine.webp\" alt=\"M\u00e1quina de hacer pacas de forraje m\u00f3vil\" class=\"wp-image-16876\" srcset=\"https:\/\/www.agriculture-machine.com\/wp-content\/uploads\/2018\/10\/mobile-type-forage-baler-machine.webp 720w, https:\/\/www.agriculture-machine.com\/wp-content\/uploads\/2018\/10\/mobile-type-forage-baler-machine-360x270.webp 360w, https:\/\/www.agriculture-machine.com\/wp-content\/uploads\/2018\/10\/mobile-type-forage-baler-machine-240x180.webp 240w, https:\/\/www.agriculture-machine.com\/wp-content\/uploads\/2018\/10\/mobile-type-forage-baler-machine-16x12.webp 16w\" sizes=\"auto, (max-width: 720px) 100vw, 720px\" \/><figcaption class=\"wp-element-caption\">M\u00e1quina de hacer pacas de forraje m\u00f3vil<\/figcaption><\/figure> <\/figure>    <p>Esta actualizaci\u00f3n es particularmente beneficiosa para \u00c1frica y otras \u00e1reas con terrenos desafiantes y explotaciones dispersas, haciendo que el proceso de hacer pacas de ensilaje y almacenamiento sea m\u00e1s eficiente y f\u00e1cil de usar. Ya sea para una gran granja o una peque\u00f1a, este modelo destaca como una excelente opci\u00f3n para mejorar la productividad agr\u00edcola.<\/p>    <figure class=\"wp-block-embed aligncenter is-type-video is-provider-youtube wp-block-embed-youtube wp-embed-aspect-16-9 wp-has-aspect-ratio\"><div class=\"wp-block-embed__wrapper\"> <iframe loading=\"lazy\" title=\"Envolvedora de pacas redondas con neum\u00e1ticos grandes personalizados - Soluci\u00f3n eficiente para envolver pacas#silagebaler\" width=\"500\" height=\"281\" src=\"https:\/\/www.youtube.com\/embed\/b_8wTFsUBp4?feature=oembed\" frameborder=\"0\" allow=\"accelerometer; autoplay; clipboard-write; encrypted-media; gyroscope; picture-in-picture; web-share\" referrerpolicy=\"strict-origin-when-cross-origin\" allowfullscreen><\/iframe> <\/div><figcaption class=\"wp-element-caption\">Video de funcionamiento de la m\u00e1quina de hacer pacas de ensilaje y la m\u00e1quina de envolver<\/figcaption><\/figure>    <h2 class=\"wp-block-heading\">Estructura principal de la m\u00e1quina baler de heno<\/h2>    <ul class=\"wp-block-list\"> <li><strong>Parte de triturar<\/strong><br>Silage or forage is prepared by shredding, crushing, and extruding to break down the tough stem segments on the straw&#8217;s surface, making it easier for livestock to consume the parts of the straw that are not directly edible.<\/li>    <li><strong>Parte de hacer pacas<\/strong><br>El forraje se alimenta r\u00e1pida y uniformemente en la c\u00e1mara de trabajo de la paca para su compresi\u00f3n. Una vez que cada paca pesa aproximadamente 80kg, la rueda de se\u00f1al gira a una velocidad constante, accionando la manija de embrague de enrollado para envolver la paca con cuerda. Despu\u00e9s de cortar la cuerda, el usuario opera la manija de apertura para liberar la paca.<\/li>    <li><strong>Parte de envolver<\/strong><br>Las pacas se colocan en las dos bandas paralelas de la m\u00e1quina de envolver. Cuando se activa el interruptor de envoltura, gira el marco para mover las pacas. Luego, las pacas estiran la pel\u00edcula pl\u00e1stica para envolverlas autom\u00e1ticamente. Los usuarios tambi\u00e9n pueden ajustar el n\u00famero de capas de recubrimiento, eligiendo entre 2 y 4 capas.<\/li> <\/ul>    <figure class=\"wp-block-image aligncenter size-full\"><img loading=\"lazy\" decoding=\"async\" width=\"720\" height=\"540\" src=\"https:\/\/www.agriculture-machine.com\/wp-content\/uploads\/2022\/05\/structure-of-silage-baler-1-1.jpg\" alt=\" estructura de la baler de ensilaje\" class=\"wp-image-13678\" title=\" estructura de la baler de ensilaje\" srcset=\"https:\/\/www.agriculture-machine.com\/wp-content\/uploads\/2022\/05\/structure-of-silage-baler-1-1.jpg 720w, https:\/\/www.agriculture-machine.com\/wp-content\/uploads\/2022\/05\/structure-of-silage-baler-1-1-240x180.jpg 240w, https:\/\/www.agriculture-machine.com\/wp-content\/uploads\/2022\/05\/structure-of-silage-baler-1-1-360x270.jpg 360w\" sizes=\"auto, (max-width: 720px) 100vw, 720px\" \/><figcaption class=\"wp-element-caption\"> estructura de la baler de ensilaje<\/figcaption><\/figure>    <h2 class=\"wp-block-heading\"><a href=\"https:\/\/www.agriculture-machine.com\/es\/silage-baler-and-wrapping-machines-working-principle\/\">Principio de funcionamiento de la m\u00e1quina baler<\/a><\/h2>    <ul class=\"wp-block-list\"> <li>El operador usa la pala para poner la paja en la entrada.<\/li>    <li>Despu\u00e9s de varios minutos, los paquetes estar\u00e1n terminados bajo la fuerza de las cuerdas.<\/li>    <li>El usuario empuja los paquetes hacia adelante y luego presiona un bot\u00f3n, y las pacas se har\u00e1n autom\u00e1ticamente.<\/li> <\/ul>    <figure class=\"wp-block-embed aligncenter is-type-video is-provider-youtube wp-block-embed-youtube wp-embed-aspect-16-9 wp-has-aspect-ratio\"><div class=\"wp-block-embed__wrapper\"> <iframe loading=\"lazy\" title=\"Demostraci\u00f3n en tiempo real de una m\u00e1quina eficiente de hacer pacas y envolver!#silage #silagebaler\" width=\"500\" height=\"281\" src=\"https:\/\/www.youtube.com\/embed\/K28IRyNOT1A?feature=oembed\" frameborder=\"0\" allow=\"accelerometer; autoplay; clipboard-write; encrypted-media; gyroscope; picture-in-picture; web-share\" referrerpolicy=\"strict-origin-when-cross-origin\" allowfullscreen><\/iframe> <\/div><figcaption class=\"wp-element-caption\">Sitio de trabajo de la m\u00e1quina autom\u00e1tica de envolver pacas de ensilaje<\/figcaption><\/figure>    <h2 class=\"wp-block-heading\" id=\"h-how-to-install-a-corn-silage-baler-machine\">\u00bfC\u00f3mo instalar una m\u00e1quina de hacer pacas de ensilaje de ma\u00edz?<\/h2>   <div id=\"rank-math-howto\" class=\"rank-math-block\" > <div class=\"rank-math-howto-description\">  <\/div>  <div class=\"rank-math-steps\"> <div id=\"howto-step-1716370344060\" class=\"rank-math-step\"> <div class=\"rank-math-step-content\"><p>La ficha roja de la pel\u00edcula de ensilaje est\u00e1 orientada hacia arriba y luego se fija en el marco de transporte de la pel\u00edcula. Luego, debe usar un sujetador para ajustar su \u00e1ngulo. La distancia entre las pel\u00edculas de ensilaje debe ser adecuada. Si la distancia es demasiado grande, puede ajustarse con dos tornillos debajo del transportador.<\/p> <\/div> <\/div> <div id=\"howto-step-1716370378589\" class=\"rank-math-step\"> <div class=\"rank-math-step-content\"><p>En segundo lugar, coloque la cuerda para pasar por el agujero en la m\u00e1quina de hacer pacas y la m\u00e1quina de envolver.<\/p> <\/div> <\/div> <div id=\"howto-step-1716370385500\" class=\"rank-math-step\"> <h3 class=\"rank-math-step-title\"> <\/h3> <div class=\"rank-math-step-content\"><p>Tercero, conecte los cables. Debe conectar los cables el\u00e9ctricos trif\u00e1sicos dentro de la caja de control. Hay dos ajustadores de tiempo, incluyendo la cuerda de transporte y el baler, que se pueden ajustar.<\/p> <\/div> <\/div> <div id=\"howto-step-1716370393227\" class=\"rank-math-step\"> <div class=\"rank-math-step-content\"><p>Cuarto, la instalaci\u00f3n de la bomba de aire. Conecte el motor de la bomba de aire a la fuente de alimentaci\u00f3n. Conecte la tuber\u00eda de aire a la m\u00e1quina y abra el interruptor de ventilaci\u00f3n. La presi\u00f3n de aire durante la operaci\u00f3n debe mantenerse entre 0.6 y 0.8Pa.<\/p> <\/div> <\/div> <div id=\"howto-step-1716370411875\" class=\"rank-math-step\"> <div class=\"rank-math-step-content\"><p>Revise cuidadosamente todas las partes de la m\u00e1quina de hacer pacas y la m\u00e1quina de envolver antes de usarlas y confirme que la m\u00e1quina funciona en la direcci\u00f3n correcta.<\/p> <\/div> <\/div> <\/div> <\/div>       <figure class=\"wp-block-embed is-type-video is-provider-youtube wp-block-embed-youtube wp-embed-aspect-16-9 wp-has-aspect-ratio\"><div class=\"wp-block-embed__wrapper\"> <iframe loading=\"lazy\" title=\"M\u00e1quina de hacer pacas de ensilaje de ma\u00edz\/m\u00e1quina de hacer pacas de paja\/procesos de la m\u00e1quina de hacer pacas y envolvedora de ensilaje\" width=\"500\" height=\"281\" src=\"https:\/\/www.youtube.com\/embed\/stBWAHxhA-c?feature=oembed\" frameborder=\"0\" allow=\"accelerometer; autoplay; clipboard-write; encrypted-media; gyroscope; picture-in-picture; web-share\" referrerpolicy=\"strict-origin-when-cross-origin\" allowfullscreen><\/iframe> <\/div><figcaption class=\"wp-element-caption\">Proceso de instalaci\u00f3n de la m\u00e1quina de hacer pacas de ensilaje<\/figcaption><\/figure>    <h2 class=\"wp-block-heading\" id=\"h-technical-parameter-of-the-baling-and-wrapping-machine\">Par\u00e1metros de la m\u00e1quina de hacer pacas y la m\u00e1quina de envolver<\/h2>    <figure class=\"wp-block-table is-style-stripes\"><table class=\"has-fixed-layout\"><tbody><tr><td><strong><strong>Modelo<\/strong><\/strong><\/td><td>TZ-55-52<\/td><\/tr><tr><td><strong><strong>Motor<\/strong><\/strong><\/td><td>5.5KW<\/td><\/tr><tr><td><strong><strong>Dimensi\u00f3n<\/strong><\/strong><\/td><td>1600x1450x1060mm<\/td><\/tr><tr><td><strong><strong>Peso<\/strong><\/strong><\/td><td>380kg<\/td><\/tr><tr><td><strong>Velocidad de operaci\u00f3n<\/strong><\/td><td>30-50 paquetes\/h<\/td><\/tr><tr><td><strong>Peso de la paca<\/strong><\/td><td>30-90kg<\/td><\/tr><tr><td><strong>Capa recubierta<\/strong><\/td><td>2-4 capas<\/td><\/tr><tr><td><strong>Eficiencia recubierta<\/strong><\/td><td>12 segundos\/paca 2 capas\u2026<\/td><\/tr><tr><td><strong>Peso de la m\u00e1quina recubierta<\/strong><\/td><td>135kg<\/td><\/tr><tr><td><strong>Tipo de paca<\/strong><\/td><td>Forma redonda con pel\u00edcula para almacenamiento prolongado<\/td><\/tr><tr><td><strong>Materia prima<\/strong><\/td><td>Adecuado para casi todo tipo de ensilaje, pajas de trigo, arroz, soja, ma\u00edz, etc., frescas o secas<\/td><\/tr><\/tbody><\/table><\/figure>    <h2 class=\"wp-block-heading\">M\u00e1quina de empaquetado de ensilaje vendida a Bangladesh<\/h2>    <p class=\"translation-block\">Nuestros clientes son principalmente de <a href=\"https:\/\/en.wikipedia.org\/wiki\/Bangladesh\" target=\"_blank\" rel=\"noopener\">Bangladesh<\/a>, y nos contactan a trav\u00e9s de nuestro canal de YouTube. El cliente tiene la intenci\u00f3n de comprar una m\u00e1quina de hacer pacas y una m\u00e1quina de envolver para uso personal.<\/p>    <p>During discussions, our sales managers gather information about the client&#8217;s budget. As a result, the sales manager suggested the small silage packing baler machine TZ-55-52.<\/p>    <p>Customers believe this machine fits their requirements well. Additionally, the client expressed a desire to pack the forage using nets and ropes. This machine is versatile enough to accommodate both options, catering to the customer&#8217;s needs.<\/p>    <figure class=\"wp-block-gallery has-nested-images columns-default is-cropped wp-block-gallery-5 is-layout-flex wp-block-gallery-is-layout-flex\"> <figure class=\"wp-block-image size-large\"><img loading=\"lazy\" decoding=\"async\" width=\"720\" height=\"540\" data-id=\"13679\" src=\"https:\/\/www.agriculture-machine.com\/wp-content\/uploads\/2022\/05\/1.-film-packing-1-1.jpg\" alt=\"embalaje con pel\u00edcula\" class=\"wp-image-13679\" title=\"embalaje con pel\u00edcula\" srcset=\"https:\/\/www.agriculture-machine.com\/wp-content\/uploads\/2022\/05\/1.-film-packing-1-1.jpg 720w, https:\/\/www.agriculture-machine.com\/wp-content\/uploads\/2022\/05\/1.-film-packing-1-1-240x180.jpg 240w, https:\/\/www.agriculture-machine.com\/wp-content\/uploads\/2022\/05\/1.-film-packing-1-1-360x270.jpg 360w\" sizes=\"auto, (max-width: 720px) 100vw, 720px\" \/><figcaption class=\"wp-element-caption\">embalaje con pel\u00edcula<\/figcaption><\/figure>    <figure class=\"wp-block-image size-large\"><img loading=\"lazy\" decoding=\"async\" width=\"720\" height=\"540\" data-id=\"13680\" src=\"https:\/\/www.agriculture-machine.com\/wp-content\/uploads\/2022\/05\/wooden-package-1-1.jpg\" alt=\"Paquete de caja de madera de la m\u00e1quina de hacer pacas de ensilaje\" class=\"wp-image-13680\" title=\"Paquete de caja de madera de la m\u00e1quina de hacer pacas de ensilaje\" srcset=\"https:\/\/www.agriculture-machine.com\/wp-content\/uploads\/2022\/05\/wooden-package-1-1.jpg 720w, https:\/\/www.agriculture-machine.com\/wp-content\/uploads\/2022\/05\/wooden-package-1-1-240x180.jpg 240w, https:\/\/www.agriculture-machine.com\/wp-content\/uploads\/2022\/05\/wooden-package-1-1-360x270.jpg 360w\" sizes=\"auto, (max-width: 720px) 100vw, 720px\" \/><figcaption class=\"wp-element-caption\">Paquete de caja de madera de la m\u00e1quina de hacer pacas de ensilaje<\/figcaption><\/figure> <\/figure>    <p class=\"translation-block\">Normalmente, antes de usar la m\u00e1quina de hacer pacas y la m\u00e1quina de envolver, podemos triturar el forraje con un <a href=\"https:\/\/www.agriculture-machine.com\/es\/4-15t-h-grass-cutting-machine-cutting-wet-grass-grass-cutter\/\">cortador de paja<\/a>. Esto se debe a que el forraje tratado es m\u00e1s f\u00e1cil de hacer pacas. <\/p>    <figure class=\"wp-block-embed aligncenter is-type-video is-provider-youtube wp-block-embed-youtube wp-embed-aspect-16-9 wp-has-aspect-ratio\"><div class=\"wp-block-embed__wrapper\"> <iframe loading=\"lazy\" title=\"Trituradora de ensilaje con envolvedora de pacas combinada | Procesamiento eficiente de forraje#silage #baler\" width=\"500\" height=\"281\" src=\"https:\/\/www.youtube.com\/embed\/WnhgAncaJ2s?feature=oembed\" frameborder=\"0\" allow=\"accelerometer; autoplay; clipboard-write; encrypted-media; gyroscope; picture-in-picture; web-share\" referrerpolicy=\"strict-origin-when-cross-origin\" allowfullscreen><\/iframe> <\/div><figcaption class=\"wp-element-caption\">M\u00e1quina de hacer pacas de ensilaje y m\u00e1quina de envolver trabajando con un picador de forraje<\/figcaption><\/figure>    <p class=\"translation-block\">Si desea conocer m\u00e1s detalles sobre nuestra m\u00e1quina de hacer pacas de ensilaje y m\u00e1quinas de envolver, por favor haga clic en <strong><em><a href=\"https:\/\/www.agriculture-machine.com\/es\/full-automatic-silage-baling-machine\/\">M\u00e1quina de hacer pacas de ensilaje | M\u00e1quina autom\u00e1tica completa de hacer pacas de ensilaje<\/a><\/em><\/strong>. No dude en contactarnos en cualquier momento.<\/p>    <h2 class=\"wp-block-heading\">Preguntas frecuentes<\/h2>   <div id=\"rank-math-faq\" class=\"rank-math-block\"> <div class=\"rank-math-list\"> <div id=\"faq-question-1716370592680\" class=\"rank-math-list-item\"> <h3 class=\"rank-math-question\">\u00bfCu\u00e1l es la potencia de la m\u00e1quina?<\/h3> <div class=\"rank-math-answer\">  <p>La potencia puede ser un motor di\u00e9sel, gasolina o el\u00e9ctrico. Los diferentes modelos de m\u00e1quinas tienen diferentes requisitos de potencia.<\/p>  <\/div> <\/div> <div id=\"faq-question-1716370601077\" class=\"rank-math-list-item\"> <h3 class=\"rank-math-question\">\u00bfCu\u00e1l es el prop\u00f3sito de la m\u00e1quina de envolver pacas?<\/h3> <div class=\"rank-math-answer\">  <p>Ensile seco o h\u00famedo, malas hierbas, paja.<\/p>  <\/div> <\/div> <div id=\"faq-question-1716370606396\" class=\"rank-math-list-item\"> <h3 class=\"rank-math-question\">\u00bfCu\u00e1nto tiempo puede almacenarse el alimento envasado?<\/h3> <div class=\"rank-math-answer\">  <p>2-3 a\u00f1os.<\/p>  <\/div> <\/div> <div id=\"faq-question-1716370614540\" class=\"rank-math-list-item\"> <h3 class=\"rank-math-question\">\u00bfLa m\u00e1quina usa un compresor de aire?<\/h3> <div class=\"rank-math-answer\">  <p>Las necesidades totalmente autom\u00e1ticas, las semi-autom\u00e1ticas no requieren compresor de aire.<\/p>  <\/div> <\/div> <\/div> <\/div>","protected":false},"excerpt":{"rendered":"<p>La m\u00e1quina de hacer pacas y la m\u00e1quina de envolver son adecuadas para la conservaci\u00f3n de ensilaje de muchos tipos de paja y forraje, sirviendo ampliamente a todo tipo de granjas de rumiantes.<\/p>","protected":false},"author":1,"featured_media":17512,"parent":0,"comment_status":"closed","ping_status":"closed","template":"","tags":[591],"product-type":[876,908],"class_list":["post-1032","product","type-product","status-publish","has-post-thumbnail","hentry","tag-silage","product-type-silage-machine","product-type-sliage-baler"],"_links":{"self":[{"href":"https:\/\/www.agriculture-machine.com\/es\/wp-json\/wp\/v2\/product\/1032","targetHints":{"allow":["GET"]}}],"collection":[{"href":"https:\/\/www.agriculture-machine.com\/es\/wp-json\/wp\/v2\/product"}],"about":[{"href":"https:\/\/www.agriculture-machine.com\/es\/wp-json\/wp\/v2\/types\/product"}],"author":[{"embeddable":true,"href":"https:\/\/www.agriculture-machine.com\/es\/wp-json\/wp\/v2\/users\/1"}],"replies":[{"embeddable":true,"href":"https:\/\/www.agriculture-machine.com\/es\/wp-json\/wp\/v2\/comments?post=1032"}],"wp:featuredmedia":[{"embeddable":true,"href":"https:\/\/www.agriculture-machine.com\/es\/wp-json\/wp\/v2\/media\/17512"}],"wp:attachment":[{"href":"https:\/\/www.agriculture-machine.com\/es\/wp-json\/wp\/v2\/media?parent=1032"}],"wp:term":[{"taxonomy":"post_tag","embeddable":true,"href":"https:\/\/www.agriculture-machine.com\/es\/wp-json\/wp\/v2\/tags?post=1032"},{"taxonomy":"product-type","embeddable":true,"href":"https:\/\/www.agriculture-machine.com\/es\/wp-json\/wp\/v2\/product-type?post=1032"}],"curies":[{"name":"wp","href":"https:\/\/api.w.org\/{rel}","templated":true}]}}