{"id":10328,"date":"2021-05-10T16:41:47","date_gmt":"2021-05-10T08:41:47","guid":{"rendered":"https:\/\/www.agriculture-machine.com\/?p=10328"},"modified":"2024-09-18T16:07:43","modified_gmt":"2024-09-18T08:07:43","slug":"multifunctional-thresher-mt-860-for-corn-wheat-sorghum-rice","status":"publish","type":"product","link":"https:\/\/www.agriculture-machine.com\/es\/multifunctional-thresher-mt-860-for-corn-wheat-sorghum-rice\/","title":{"rendered":"Trillador multifuncional MT-860 para ma\u00edz, trigo, sorgo, arroz"},"content":{"rendered":"<p class=\"translation-block\">Este trillador multifuncional es<a href=\"https:\/\/www.agriculture-machine.com\/es\/multifunctional-thresher-for-maize-beans-sorghum-millet\/\"> un peque\u00f1o trillador dom\u00e9stico<\/a>. La caracter\u00edstica \u00fanica es que hay dos conductos de aire, por lo que no importa qu\u00e9 grano se trille, es muy limpio.<\/p> <h2>Aplicaci\u00f3n<\/h2> <p>Este trillador multifuncional puede trillar ma\u00edz, trigo, sorgo, frijoles, mijo, arroz, mijo perlado, etc.<\/p> <figure id=\"attachment_10331\" aria-describedby=\"caption-attachment-10331\" style=\"width: 720px\" class=\"wp-caption alignnone\"><img loading=\"lazy\" decoding=\"async\" class=\"size-full wp-image-10331\" src=\"https:\/\/www.agriculture-machine.com\/wp-content\/uploads\/2021\/05\/application-of-Multifunctional-thresher-MT-860.jpg\" alt=\"Aplicaci\u00f3n del trillador multifuncional MT-860\" width=\"720\" height=\"540\" srcset=\"https:\/\/www.agriculture-machine.com\/wp-content\/uploads\/2021\/05\/application-of-Multifunctional-thresher-MT-860.jpg 720w, https:\/\/www.agriculture-machine.com\/wp-content\/uploads\/2021\/05\/application-of-Multifunctional-thresher-MT-860-360x270.jpg 360w, https:\/\/www.agriculture-machine.com\/wp-content\/uploads\/2021\/05\/application-of-Multifunctional-thresher-MT-860-240x180.jpg 240w\" sizes=\"auto, (max-width: 720px) 100vw, 720px\" \/><figcaption id=\"caption-attachment-10331\" class=\"wp-caption-text\">Aplicaci\u00f3n del trillador multifuncional MT-860<\/figcaption><\/figure> <h2>Ventajas del trillador multifuncional<\/h2> <ol> <li>La funci\u00f3n de conducto de aire y filtraci\u00f3n dise\u00f1ada por la m\u00e1quina eliminar\u00e1 directamente las impurezas del grano trillado.<\/li> <li>Ampliamente utilizado, la m\u00e1quina trilladora puede trillar una variedad de cultivos<\/li> <li>La abertura de alimentaci\u00f3n ampliada y la alta inclinaci\u00f3n hacen que la alimentaci\u00f3n sea m\u00e1s r\u00e1pida y suave.<\/li> <li>Cuerpo de m\u00e1quina m\u00e1s largo, martillo de lanzamiento de alta densidad de cuatro ejes, mayor tasa de trilla.<\/li> <li>El exportador de paja se vuelve a filtrar. Si sale grano, caer\u00e1 directamente.<\/li> <li>Despu\u00e9s del trilla, el grano se filtra directamente y se descarga limpio. Ahorra mano de obra.<\/li> <li>Funci\u00f3n de ajuste de potencia e\u00f3lica, diferentes cultivos tienen diferentes proporciones, y la altura de la tobera se puede ajustar seg\u00fan las necesidades reales para ajustar la potencia del viento.<\/li> <\/ol> <h2>Estructura del trillador multifuncional<\/h2> <figure id=\"attachment_10332\" aria-describedby=\"caption-attachment-10332\" style=\"width: 720px\" class=\"wp-caption alignnone\"><img loading=\"lazy\" decoding=\"async\" class=\"size-full wp-image-10332\" src=\"https:\/\/www.agriculture-machine.com\/wp-content\/uploads\/2021\/05\/structure-Multifunctional-thresher-MT-860.jpg\" alt=\"estructura Trillador multifuncional MT-860\" width=\"720\" height=\"540\" srcset=\"https:\/\/www.agriculture-machine.com\/wp-content\/uploads\/2021\/05\/structure-Multifunctional-thresher-MT-860.jpg 720w, https:\/\/www.agriculture-machine.com\/wp-content\/uploads\/2021\/05\/structure-Multifunctional-thresher-MT-860-360x270.jpg 360w, https:\/\/www.agriculture-machine.com\/wp-content\/uploads\/2021\/05\/structure-Multifunctional-thresher-MT-860-240x180.jpg 240w\" sizes=\"auto, (max-width: 720px) 100vw, 720px\" \/><figcaption id=\"caption-attachment-10332\" class=\"wp-caption-text\">estructura Trillador multifuncional MT-860<\/figcaption><\/figure> <h2>Diferencia entre dos tipos de trillador multifuncional<\/h2> <p>Tuvimos un trillador multifuncional antes, que solo ten\u00eda un conducto de aire, pero el trillador multifuncional que se muestra hoy tiene dos conductos de aire, por lo que en comparaci\u00f3n, el trilla posterior es m\u00e1s limpio.<br \/> Adem\u00e1s, esta m\u00e1quina trilladora tambi\u00e9n puede equiparse con neum\u00e1ticos grandes, soportes grandes, marcos de tracci\u00f3n de tractor, etc. Trillar diferentes cultivos requiere reemplazo constante de pantallas.<\/p> <h3>C\u00f3mo elegir entre los dos tipos de m\u00e1quina trilladora<\/h3> <p>Puede comparar estos dos trilladores multifuncionales y elegir uno seg\u00fan la funci\u00f3n, producci\u00f3n, estructura y presupuesto.<\/p> <div id='gallery-1' class='gallery galleryid-10328 gallery-columns-2 gallery-size-full'><figure class='gallery-item'> \t\t\t<div class='gallery-icon landscape'> \t\t\t\t<a href='https:\/\/www.agriculture-machine.com\/wp-content\/uploads\/2021\/05\/Multifunctional-thresher-machine.jpg'><img loading=\"lazy\" decoding=\"async\" width=\"720\" height=\"540\" src=\"https:\/\/www.agriculture-machine.com\/wp-content\/uploads\/2021\/05\/Multifunctional-thresher-machine.jpg\" class=\"attachment-full size-full\" alt=\"M\u00e1quina trilladora multifuncional\" aria-describedby=\"gallery-1-10333\" srcset=\"https:\/\/www.agriculture-machine.com\/wp-content\/uploads\/2021\/05\/Multifunctional-thresher-machine.jpg 720w, https:\/\/www.agriculture-machine.com\/wp-content\/uploads\/2021\/05\/Multifunctional-thresher-machine-360x270.jpg 360w, https:\/\/www.agriculture-machine.com\/wp-content\/uploads\/2021\/05\/Multifunctional-thresher-machine-240x180.jpg 240w\" sizes=\"auto, (max-width: 720px) 100vw, 720px\" \/><\/a> \t\t\t<\/div> \t\t\t\t<figcaption class='wp-caption-text gallery-caption' id='gallery-1-10333'> \t\t\t\tM\u00e1quina trilladora multifuncional \t\t\t\t<\/figcaption><\/figure><figure class='gallery-item'> \t\t\t<div class='gallery-icon landscape'> \t\t\t\t<a href='https:\/\/www.agriculture-machine.com\/wp-content\/uploads\/2021\/05\/Multifunctional-thresher-MT-860-1.jpg'><img loading=\"lazy\" decoding=\"async\" width=\"720\" height=\"540\" src=\"https:\/\/www.agriculture-machine.com\/wp-content\/uploads\/2021\/05\/Multifunctional-thresher-MT-860-1.jpg\" class=\"attachment-full size-full\" alt=\"\" aria-describedby=\"gallery-1-10334\" srcset=\"https:\/\/www.agriculture-machine.com\/wp-content\/uploads\/2021\/05\/Multifunctional-thresher-MT-860-1.jpg 720w, https:\/\/www.agriculture-machine.com\/wp-content\/uploads\/2021\/05\/Multifunctional-thresher-MT-860-1-360x270.jpg 360w, https:\/\/www.agriculture-machine.com\/wp-content\/uploads\/2021\/05\/Multifunctional-thresher-MT-860-1-240x180.jpg 240w\" sizes=\"auto, (max-width: 720px) 100vw, 720px\" \/><\/a> \t\t\t<\/div> \t\t\t\t<figcaption class='wp-caption-text gallery-caption' id='gallery-1-10334'> \t\t\t\tTrillador-multifuncional-MT-860 \t\t\t\t<\/figcaption><\/figure> \t\t<\/div>  <h2>\u00bfCu\u00e1l es el precio del trillador?<\/h2> <p>Como se mencion\u00f3 anteriormente en el art\u00edculo, tuvimos un trillador multifuncional antes, por lo que el precio de estos dos tipos de trilladores multifuncionales es definitivamente diferente. Si desea obtener una cotizaci\u00f3n precisa, por favor d\u00edganos qu\u00e9 trillador multifuncional necesita.<\/p> <h2>Video de trabajo del trillador multifuncional<\/h2> <p><iframe loading=\"lazy\" title=\"Nunca te arrepentir\u00e1s de comprar -m\u00e1quina descascaradora de ma\u00edz, mijo, sorgo, frijoles, descascarador de ma\u00edz, trillador de ma\u00edz\" width=\"500\" height=\"281\" src=\"https:\/\/www.youtube.com\/embed\/GR28h0y-wcc?feature=oembed\" frameborder=\"0\" allow=\"accelerometer; autoplay; clipboard-write; encrypted-media; gyroscope; picture-in-picture; web-share\" referrerpolicy=\"strict-origin-when-cross-origin\" allowfullscreen><\/iframe><\/p> <h2>Par\u00e1metros t\u00e9cnicos<\/h2> <table width=\"388\"> <tbody> <tr> <td width=\"178\">Modelo<\/td> <td width=\"210\">MT-860<\/td> <\/tr> <tr> <td width=\"178\">Capacidad<\/td> <td>1-1.5T\/h<\/td> <\/tr> <tr> <td width=\"178\">Motor<\/td> <td>motor de gasolina<\/td> <\/tr> <tr> <td>Peso<\/td> <td>112kg<\/td> <\/tr> <tr> <td>Tama\u00f1o<\/td> <td>1150*860*1160mm<\/td> <\/tr> <\/tbody> <\/table>","protected":false},"excerpt":{"rendered":"<p>This multifunctional thresher is a small household thresher. The unique feature is that there are two air ducts, so no matter what grain is threshed, it is very clean. Application This multifunctional thresher can thresh corn, wheat, sorghum, beans, millet, rice, pearl millet, etc. Advantages of the multifunctional thresher The air duct and screening function [&hellip;]<\/p>\n","protected":false},"author":1,"featured_media":10330,"parent":0,"comment_status":"closed","ping_status":"closed","template":"","tags":[2614],"product-type":[872],"class_list":["post-10328","product","type-product","status-publish","has-post-thumbnail","hentry","tag-thresher","product-type-thresher-sheller"],"_links":{"self":[{"href":"https:\/\/www.agriculture-machine.com\/es\/wp-json\/wp\/v2\/product\/10328","targetHints":{"allow":["GET"]}}],"collection":[{"href":"https:\/\/www.agriculture-machine.com\/es\/wp-json\/wp\/v2\/product"}],"about":[{"href":"https:\/\/www.agriculture-machine.com\/es\/wp-json\/wp\/v2\/types\/product"}],"author":[{"embeddable":true,"href":"https:\/\/www.agriculture-machine.com\/es\/wp-json\/wp\/v2\/users\/1"}],"replies":[{"embeddable":true,"href":"https:\/\/www.agriculture-machine.com\/es\/wp-json\/wp\/v2\/comments?post=10328"}],"wp:featuredmedia":[{"embeddable":true,"href":"https:\/\/www.agriculture-machine.com\/es\/wp-json\/wp\/v2\/media\/10330"}],"wp:attachment":[{"href":"https:\/\/www.agriculture-machine.com\/es\/wp-json\/wp\/v2\/media?parent=10328"}],"wp:term":[{"taxonomy":"post_tag","embeddable":true,"href":"https:\/\/www.agriculture-machine.com\/es\/wp-json\/wp\/v2\/tags?post=10328"},{"taxonomy":"product-type","embeddable":true,"href":"https:\/\/www.agriculture-machine.com\/es\/wp-json\/wp\/v2\/product-type?post=10328"}],"curies":[{"name":"wp","href":"https:\/\/api.w.org\/{rel}","templated":true}]}}