{"id":10381,"date":"2021-05-14T17:07:42","date_gmt":"2021-05-14T09:07:42","guid":{"rendered":"https:\/\/www.agriculture-machine.com\/?p=10381"},"modified":"2024-09-18T15:51:42","modified_gmt":"2024-09-18T07:51:42","slug":"cocoa-pod-breaker-cocoa-pod-splitter-cocoa-pod-opener","status":"publish","type":"product","link":"https:\/\/www.agriculture-machine.com\/es\/cocoa-pod-breaker-cocoa-pod-splitter-cocoa-pod-opener\/","title":{"rendered":"trituradora de vainas de cacao | cortador de vainas de cacao | abre vainas de cacao"},"content":{"rendered":"<p class=\"translation-block\"><strong>Rompedor de vainas de cacao<\/strong> es equipo de procesamiento de granos. Se usa principalmente para cortar vainas de cacao frescas y clasificar los granos de cacao. <\/p>    <p>El divisor de vainas de cacao es una m\u00e1quina de desarrollo reciente. Ahorra mucho en costos laborales, tambi\u00e9n mejora la eficiencia del trabajo y reduce la tasa de da\u00f1o de los granos de cacao. Es adecuado para plantaciones de cacao y grandes fincas.<\/p>    <figure class=\"wp-block-embed is-type-video is-provider-youtube wp-block-embed-youtube wp-embed-aspect-16-9 wp-has-aspect-ratio\"><div class=\"wp-block-embed__wrapper\"> <iframe loading=\"lazy\" title=\"\u00bfC\u00f3mo abrir la vaina de cacao usando la m\u00e1quina rompevainas de cacao? rompevainas de cacao | divisor de vainas de cacao\" width=\"500\" height=\"281\" src=\"https:\/\/www.youtube.com\/embed\/fzDi_NHatYo?start=8&#038;feature=oembed\" frameborder=\"0\" allow=\"accelerometer; autoplay; clipboard-write; encrypted-media; gyroscope; picture-in-picture; web-share\" referrerpolicy=\"strict-origin-when-cross-origin\" allowfullscreen><\/iframe> <\/div><figcaption class=\"wp-element-caption\">video de trabajo de maquinaria de procesamiento de cacao<\/figcaption><\/figure>    <h2 class=\"wp-block-heading\">\u00bfCu\u00e1l es la composici\u00f3n del rompedor de vainas de cacao?<\/h2>    <p>El divisor de vainas de cacao est\u00e1 compuesto principalmente por un elevador, una m\u00e1quina de corte, una c\u00e1scara y una m\u00e1quina de clasificaci\u00f3n de granos de cacao. <\/p>    <p>La m\u00e1quina de elevaci\u00f3n y corte se usa principalmente para cortar vainas de cacao frescas en dos mitades. La m\u00e1quina de clasificaci\u00f3n de c\u00e1scaras y granos de cacao se usa principalmente para separar vainas y granos de cacao a trav\u00e9s de un tamiz.<\/p>    <h2 class=\"wp-block-heading\">\u00bfC\u00f3mo usar el divisor de vainas de cacao?<\/h2>    <p>El funcionamiento de nuestro abrevainas de cacao es muy simple y no requiere un alto nivel t\u00e9cnico. Todo el proceso de operaci\u00f3n puede ser realizado por una sola persona.<br>1. El operador solo necesita estar frente al divisor de vainas de cacao y colocar los granos de cacao en la cinta transportadora uno por uno.<br>2. Los granos de cacao completos se transportan a la m\u00e1quina de corte mediante el elevador.<br>3. La m\u00e1quina de corte usa una cuchilla de corte para dividir los granos de cacao en dos mitades, y las vainas cortadas ingresan a la m\u00e1quina de clasificaci\u00f3n de granos de cacao. Los granos y vainas se separan en la m\u00e1quina y salen por diferentes salidas.<\/p>    <figure class=\"wp-block-gallery has-nested-images columns-2 is-cropped wp-block-gallery-2 is-layout-flex wp-block-gallery-is-layout-flex\"> <figure class=\"wp-block-image size-large\"><a href=\"https:\/\/www.agriculture-machine.com\/wp-content\/uploads\/2021\/05\/cocoa-bean-pod-opening-machine.jpg\"><img loading=\"lazy\" decoding=\"async\" width=\"720\" height=\"406\" data-id=\"10385\" src=\"https:\/\/www.agriculture-machine.com\/wp-content\/uploads\/2021\/05\/cocoa-bean-pod-opening-machine.jpg\" alt=\"m\u00e1quina de apertura de vainas de cacao\" class=\"wp-image-10385\" srcset=\"https:\/\/www.agriculture-machine.com\/wp-content\/uploads\/2021\/05\/cocoa-bean-pod-opening-machine.jpg 720w, https:\/\/www.agriculture-machine.com\/wp-content\/uploads\/2021\/05\/cocoa-bean-pod-opening-machine-360x203.jpg 360w\" sizes=\"auto, (max-width: 720px) 100vw, 720px\" \/><\/a><figcaption class=\"wp-element-caption\">m\u00e1quina de apertura de vainas de cacao<\/figcaption><\/figure>    <figure class=\"wp-block-image size-large\"><a href=\"https:\/\/www.agriculture-machine.com\/wp-content\/uploads\/2021\/05\/cocoa-bean-pod-opener.jpg\"><img loading=\"lazy\" decoding=\"async\" width=\"720\" height=\"407\" data-id=\"10384\" src=\"https:\/\/www.agriculture-machine.com\/wp-content\/uploads\/2021\/05\/cocoa-bean-pod-opener.jpg\" alt=\"abrebainas de cacao\" class=\"wp-image-10384\" srcset=\"https:\/\/www.agriculture-machine.com\/wp-content\/uploads\/2021\/05\/cocoa-bean-pod-opener.jpg 720w, https:\/\/www.agriculture-machine.com\/wp-content\/uploads\/2021\/05\/cocoa-bean-pod-opener-360x204.jpg 360w\" sizes=\"auto, (max-width: 720px) 100vw, 720px\" \/><\/a><figcaption class=\"wp-element-caption\">abrebainas de cacao<\/figcaption><\/figure>    <figure class=\"wp-block-image size-large\"><a href=\"https:\/\/www.agriculture-machine.com\/wp-content\/uploads\/2021\/05\/cocoa-pod-breaker-machine.jpg\"><img loading=\"lazy\" decoding=\"async\" width=\"720\" height=\"407\" data-id=\"10387\" src=\"https:\/\/www.agriculture-machine.com\/wp-content\/uploads\/2021\/05\/cocoa-pod-breaker-machine.jpg\" alt=\"m\u00e1quina rompevainas de cacao\" class=\"wp-image-10387\" srcset=\"https:\/\/www.agriculture-machine.com\/wp-content\/uploads\/2021\/05\/cocoa-pod-breaker-machine.jpg 720w, https:\/\/www.agriculture-machine.com\/wp-content\/uploads\/2021\/05\/cocoa-pod-breaker-machine-360x204.jpg 360w\" sizes=\"auto, (max-width: 720px) 100vw, 720px\" \/><\/a><figcaption class=\"wp-element-caption\">m\u00e1quina rompevainas de cacao<\/figcaption><\/figure>    <figure class=\"wp-block-image size-large\"><a href=\"https:\/\/www.agriculture-machine.com\/wp-content\/uploads\/2021\/05\/cocoa-bean-pod-splitter.jpg\"><img loading=\"lazy\" decoding=\"async\" width=\"720\" height=\"407\" data-id=\"10386\" src=\"https:\/\/www.agriculture-machine.com\/wp-content\/uploads\/2021\/05\/cocoa-bean-pod-splitter.jpg\" alt=\"divisor de vainas de cacao\" class=\"wp-image-10386\" srcset=\"https:\/\/www.agriculture-machine.com\/wp-content\/uploads\/2021\/05\/cocoa-bean-pod-splitter.jpg 720w, https:\/\/www.agriculture-machine.com\/wp-content\/uploads\/2021\/05\/cocoa-bean-pod-splitter-360x204.jpg 360w\" sizes=\"auto, (max-width: 720px) 100vw, 720px\" \/><\/a><figcaption class=\"wp-element-caption\">divisor de vainas de cacao<\/figcaption><\/figure> <\/figure>    <h2 class=\"wp-block-heading\">\u00bfCu\u00e1les son las ventajas de una m\u00e1quina autom\u00e1tica de dividir granos de cacao?<\/h2>    <ol class=\"wp-block-list\"> <li>La m\u00e1quina de romper vainas de cacao es simple en estructura y f\u00e1cil de operar.<\/li>    <li>El material principal es acero inoxidable y acero al carbono, que es f\u00e1cil de limpiar.<\/li>    <li>Nuestra m\u00e1quina autom\u00e1tica de separaci\u00f3n de granos de cacao es m\u00e1s eficiente que abrir las vainas manualmente y puede separar el 98% de los granos de cacao.<\/li>    <li>La producci\u00f3n unitaria del rompedor de vainas de cacao es grande<\/li>    <li>En comparaci\u00f3n con romper vainas de cacao manualmente, el rompedor de vainas de cacao ahorra mano de obra.<\/li> <\/ol>    <figure class=\"wp-block-gallery has-nested-images columns-1 is-cropped wp-block-gallery-3 is-layout-flex wp-block-gallery-is-layout-flex\"> <figure class=\"wp-block-image aligncenter size-large\"><a href=\"https:\/\/www.agriculture-machine.com\/wp-content\/uploads\/2021\/05\/screening.jpg\"><img loading=\"lazy\" decoding=\"async\" width=\"720\" height=\"364\" data-id=\"10391\" src=\"https:\/\/www.agriculture-machine.com\/wp-content\/uploads\/2021\/05\/screening.jpg\" alt=\"clasificaci\u00f3n\" class=\"wp-image-10391\" srcset=\"https:\/\/www.agriculture-machine.com\/wp-content\/uploads\/2021\/05\/screening.jpg 720w, https:\/\/www.agriculture-machine.com\/wp-content\/uploads\/2021\/05\/screening-360x182.jpg 360w\" sizes=\"auto, (max-width: 720px) 100vw, 720px\" \/><\/a><figcaption class=\"wp-element-caption\">clasificaci\u00f3n<\/figcaption><\/figure>    <figure class=\"wp-block-image aligncenter size-large\"><a href=\"https:\/\/www.agriculture-machine.com\/wp-content\/uploads\/2021\/05\/display-of-cocoa-bean-splitter-1.jpg\"><img loading=\"lazy\" decoding=\"async\" width=\"720\" height=\"367\" data-id=\"10390\" src=\"https:\/\/www.agriculture-machine.com\/wp-content\/uploads\/2021\/05\/display-of-cocoa-bean-splitter-1.jpg\" alt=\"pantalla\" class=\"wp-image-10390\" srcset=\"https:\/\/www.agriculture-machine.com\/wp-content\/uploads\/2021\/05\/display-of-cocoa-bean-splitter-1.jpg 720w, https:\/\/www.agriculture-machine.com\/wp-content\/uploads\/2021\/05\/display-of-cocoa-bean-splitter-1-360x184.jpg 360w\" sizes=\"auto, (max-width: 720px) 100vw, 720px\" \/><\/a><figcaption class=\"wp-element-caption\">pantalla <\/figcaption><\/figure>    <figure class=\"wp-block-image aligncenter size-large\"><a href=\"https:\/\/www.agriculture-machine.com\/wp-content\/uploads\/2021\/05\/display-of-cocoa-bean-splitter.jpg\"><img loading=\"lazy\" decoding=\"async\" width=\"720\" height=\"365\" data-id=\"10389\" src=\"https:\/\/www.agriculture-machine.com\/wp-content\/uploads\/2021\/05\/display-of-cocoa-bean-splitter.jpg\" alt=\"pantalla del divisor de granos de cacao\" class=\"wp-image-10389\" srcset=\"https:\/\/www.agriculture-machine.com\/wp-content\/uploads\/2021\/05\/display-of-cocoa-bean-splitter.jpg 720w, https:\/\/www.agriculture-machine.com\/wp-content\/uploads\/2021\/05\/display-of-cocoa-bean-splitter-360x183.jpg 360w\" sizes=\"auto, (max-width: 720px) 100vw, 720px\" \/><\/a><figcaption class=\"wp-element-caption\">pantalla del divisor de granos de cacao<\/figcaption><\/figure> <\/figure>    <h2 class=\"wp-block-heading\">\u00bfCu\u00e1nto cuesta el abrevainas de cacao?<\/h2>    <p>Debido a los diferentes modelos de abrevainas de cacao, los precios tambi\u00e9n var\u00edan. Si desea obtener m\u00e1s informaci\u00f3n sobre los precios, por favor cont\u00e1ctenos.<\/p>    <h2 class=\"wp-block-heading\">\u00bfC\u00f3mo elegir un divisor de vainas de cacao?<\/h2>    <p>El rompedor de vainas de cacao tiene dos tipos: grande HT-SF800 y peque\u00f1o HT-SF400. Si planta muchas \u00e1rboles de cacao, se recomienda elegir una m\u00e1quina rompedora de vainas de cacao grande. Este modelo puede ayudarte a completar tu trabajo m\u00e1s r\u00e1pido. Pero si tu producci\u00f3n no es alta, puedes optar por una m\u00e1quina peque\u00f1a. De esta manera, se evita el desperdicio de recursos y se ahorran costos.<\/p>    <figure class=\"wp-block-image aligncenter size-full wp-image-10388\"><img loading=\"lazy\" decoding=\"async\" width=\"720\" height=\"507\" src=\"https:\/\/www.agriculture-machine.com\/wp-content\/uploads\/2021\/05\/cocoa-pod-breaking-machine.jpg\" alt=\"m\u00e1quina de romper vainas de cacao\" class=\"wp-image-10388\" srcset=\"https:\/\/www.agriculture-machine.com\/wp-content\/uploads\/2021\/05\/cocoa-pod-breaking-machine.jpg 720w, https:\/\/www.agriculture-machine.com\/wp-content\/uploads\/2021\/05\/cocoa-pod-breaking-machine-360x254.jpg 360w\" sizes=\"auto, (max-width: 720px) 100vw, 720px\" \/><figcaption class=\"wp-element-caption\">m\u00e1quina de romper vainas de cacao<\/figcaption><\/figure>    <h2 class=\"wp-block-heading\">\u00bfA qu\u00e9 pa\u00edses se exporta?<\/h2>    <p>Nuestro rompevainas autom\u00e1tico de cacao se exporta principalmente a Am\u00e9rica Central y del Sur, \u00c1frica Occidental y Sudeste Asi\u00e1tico, incluyendo Egipto, Turqu\u00eda, Estados Unidos, Italia, Alemania, Filipinas, Per\u00fa, Pakist\u00e1n, M\u00e9xico, Espa\u00f1a, Kenia, Corea del Sur, EAU, Argelia, Ruman\u00eda, Sud\u00e1frica, Ucrania, Nigeria, Tayikist\u00e1n, Malasia, Marruecos, etc. <\/p>    <p>Estas m\u00e1quinas brindan mucha comodidad a los usuarios y son muy populares en estos pa\u00edses y regiones. Un cliente tambi\u00e9n nos envi\u00f3 un video usando el rompedor de vainas de cacao.<\/p>    <h2 class=\"wp-block-heading\">Par\u00e1metros de la m\u00e1quina<\/h2>    <figure class=\"wp-block-table is-style-stripes\"><table><tbody><tr><td>Modelo<\/td><td colspan=\"2\">KKFQ-800 Extractor de granos de cacao<\/td><td colspan=\"2\">KKFQ-800 Extractor de granos de cacao<\/td><\/tr><tr><td>Nombre<\/td><td>Transportador de alimentaci\u00f3n y sistema de corte<\/td><td>Sistema de separaci\u00f3n<\/td><td>Transportador de alimentaci\u00f3n y sistema de corte<\/td><td>Sistema de separaci\u00f3n<\/td><\/tr><tr><td>Capacidad<\/td><td colspan=\"2\">300-400kg\/h<\/td><td colspan=\"2\">800kg\/h<\/td><\/tr><tr><td>Potencia<\/td><td>0.75kw<\/td><td>1.1kw<\/td><td>0.75kw<\/td><td>1.1kw<\/td><\/tr><tr><td>Dimensi\u00f3n<\/td><td>1600*600*1900mm<\/td><td>2000*1300*1700mm<\/td><td>1600*600*1600mm<\/td><td>3000*1300*2000mm<\/td><\/tr><tr><td>Peso<\/td><td>150kg<\/td><td>180kg<\/td><td>150kg<\/td><td>230kg<\/td><\/tr><tr><td>Material<\/td><td>Acero inoxidable<\/td><td>Acero inoxidable<\/td><td>Acero inoxidable<\/td><td>Acero inoxidable<\/td><\/tr><\/tbody><\/table><figcaption class=\"wp-element-caption\">Datos t\u00e9cnicos del abrevainas de cacao<\/figcaption><\/figure>    <h2 class=\"wp-block-heading\">Cont\u00e1ctenos en cualquier momento<\/h2>    <p>Damos la bienvenida sinceramente a todos los clientes para consultar y discutir activamente las aplicaciones y ventajas de los abrevainas de cacao. Ya sea un gran fabricante de chocolates o una peque\u00f1a f\u00e1brica de procesamiento de cacao, \u00a1estamos dedicados a ofrecerte las soluciones m\u00e1s profesionales!<\/p>","protected":false},"excerpt":{"rendered":"<p>El rompedor de vainas de cacao solo necesita una persona para operar, y la capacidad puede alcanzar 800kg\/h. Est\u00e1 hecho de acero inoxidable y tiene alta calidad.<\/p>","protected":false},"author":1,"featured_media":10383,"parent":0,"comment_status":"closed","ping_status":"closed","template":"","tags":[2612],"product-type":[904],"class_list":["post-10381","product","type-product","status-publish","has-post-thumbnail","hentry","tag-cocoa","product-type-cocao-beans-dehuller-machine"],"_links":{"self":[{"href":"https:\/\/www.agriculture-machine.com\/es\/wp-json\/wp\/v2\/product\/10381","targetHints":{"allow":["GET"]}}],"collection":[{"href":"https:\/\/www.agriculture-machine.com\/es\/wp-json\/wp\/v2\/product"}],"about":[{"href":"https:\/\/www.agriculture-machine.com\/es\/wp-json\/wp\/v2\/types\/product"}],"author":[{"embeddable":true,"href":"https:\/\/www.agriculture-machine.com\/es\/wp-json\/wp\/v2\/users\/1"}],"replies":[{"embeddable":true,"href":"https:\/\/www.agriculture-machine.com\/es\/wp-json\/wp\/v2\/comments?post=10381"}],"wp:featuredmedia":[{"embeddable":true,"href":"https:\/\/www.agriculture-machine.com\/es\/wp-json\/wp\/v2\/media\/10383"}],"wp:attachment":[{"href":"https:\/\/www.agriculture-machine.com\/es\/wp-json\/wp\/v2\/media?parent=10381"}],"wp:term":[{"taxonomy":"post_tag","embeddable":true,"href":"https:\/\/www.agriculture-machine.com\/es\/wp-json\/wp\/v2\/tags?post=10381"},{"taxonomy":"product-type","embeddable":true,"href":"https:\/\/www.agriculture-machine.com\/es\/wp-json\/wp\/v2\/product-type?post=10381"}],"curies":[{"name":"wp","href":"https:\/\/api.w.org\/{rel}","templated":true}]}}