{"id":10441,"date":"2021-05-19T16:47:31","date_gmt":"2021-05-19T08:47:31","guid":{"rendered":"https:\/\/www.agriculture-machine.com\/?p=10441"},"modified":"2024-09-23T11:15:12","modified_gmt":"2024-09-23T03:15:12","slug":"cocoa-bean-peeling-machine-roasted-cocoa-peeling-machine","status":"publish","type":"product","link":"https:\/\/www.agriculture-machine.com\/es\/cocoa-bean-peeling-machine-roasted-cocoa-peeling-machine\/","title":{"rendered":"M\u00e1quina de pelar granos de cacao | m\u00e1quina de pelar cacao tostado"},"content":{"rendered":"<p class=\"translation-block\"><strong>M\u00e1quina de pelado de semillas de cacao<\/strong> es una m\u00e1quina que se usa a menudo para procesar semillas de cacao. Despu\u00e9s de abrir la vaina, las semillas de cacao necesitan ser peladas. El mejor efecto de pelado se logra tostando primero las semillas de cacao para que la calidad de las semillas peladas sea alta.<\/p>    <h2 class=\"wp-block-heading\">Proceso de trabajo de la m\u00e1quina de pelado de semillas de cacao<\/h2>    <p>Al usar esta m\u00e1quina, solo necesita verter las semillas de cacao o cacahuetes en la entrada de alimentaci\u00f3n. La m\u00e1quina terminar\u00e1 autom\u00e1ticamente el pelado y la clasificaci\u00f3n.<\/p>    <figure class=\"wp-block-embed is-type-video is-provider-youtube wp-block-embed-youtube wp-embed-aspect-16-9 wp-has-aspect-ratio\"><div class=\"wp-block-embed__wrapper\"> <iframe loading=\"lazy\" title=\"Video de trabajo de la m\u00e1quina autom\u00e1tica de pelado de semillas de cacao \/ M\u00e1quina peladora de semillas de cacao 2021 m\u00e1s reciente.\" width=\"500\" height=\"281\" src=\"https:\/\/www.youtube.com\/embed\/EsiFnIqnjnA?feature=oembed\" frameborder=\"0\" allow=\"accelerometer; autoplay; clipboard-write; encrypted-media; gyroscope; picture-in-picture; web-share\" referrerpolicy=\"strict-origin-when-cross-origin\" allowfullscreen><\/iframe> <\/div><figcaption class=\"wp-element-caption\">Video de trabajo de la m\u00e1quina de pelado de semillas de cacao<\/figcaption><\/figure>    <h2 class=\"wp-block-heading\">\u00bfC\u00f3mo se hace el chocolate a partir de las semillas de cacao?<\/h2>    <p>Las semillas de cacao pueden hacer chocolate en cinco pasos.<\/p>    <ol class=\"wp-block-list\"> <li>Abrir la vaina<\/li>    <li>Fermentaci\u00f3n<\/li>    <li>Exposici\u00f3n (horneado)<\/li>    <li>Pelado<\/li>    <li>Molienda<\/li> <\/ol>    <p class=\"translation-block\">La <a href=\"https:\/\/www.agriculture-machine.com\/es\/cocoa-pod-breaker-cocoa-pod-splitter-cocoa-pod-opener\/\">apertura de la vaina de cacao<\/a> ya se mencion\u00f3 antes, solo usa la trituradora de vainas de cacao. La fermentaci\u00f3n y la exposici\u00f3n no necesitan m\u00e1quina. Si produces a gran escala, puedes comprar una m\u00e1quina de tostado. Hoy quiero compartir contigo el pelado de semillas de cacao. \u00bfC\u00f3mo pelar semillas de cacao?<\/p>    <h2 class=\"wp-block-heading\">\u00bfC\u00f3mo pelar semillas de cacao?<\/h2>    <p>Una m\u00e1quina de pelado de semillas de cacao es una m\u00e1quina necesaria para pelar cacao. Despu\u00e9s de poner las semillas de cacao tostadas en la m\u00e1quina peladora, se pueden obtener semillas de cacao limpias. Las semillas peladas son muy \u00fatiles, como para hacer chocolate, polvo de cacao, jugo de cacao, etc. Por eso, la m\u00e1quina de pelado de semillas de cacao ha sido siempre nuestra m\u00e1quina m\u00e1s vendida.<\/p>    <h2 class=\"wp-block-heading\">Aplicaci\u00f3n de la m\u00e1quina de pelado de cacao tostado<\/h2>    <p>Nuestra m\u00e1quina de pelado no solo puede pelar semillas de cacao, sino tambi\u00e9n pelar cacahuetes, es decir, eliminar la piel roja de los cacahuetes.<\/p>    <figure class=\"wp-block-image aligncenter size-full wp-image-10450\"><img loading=\"lazy\" decoding=\"async\" width=\"720\" height=\"540\" src=\"https:\/\/www.agriculture-machine.com\/wp-content\/uploads\/2021\/05\/application-of-cocoa-bean-peeler.jpg\" alt=\"Aplicaci\u00f3n de la m\u00e1quina peladora de semillas de cacao\" class=\"wp-image-10450\" srcset=\"https:\/\/www.agriculture-machine.com\/wp-content\/uploads\/2021\/05\/application-of-cocoa-bean-peeler.jpg 720w, https:\/\/www.agriculture-machine.com\/wp-content\/uploads\/2021\/05\/application-of-cocoa-bean-peeler-360x270.jpg 360w, https:\/\/www.agriculture-machine.com\/wp-content\/uploads\/2021\/05\/application-of-cocoa-bean-peeler-240x180.jpg 240w\" sizes=\"auto, (max-width: 720px) 100vw, 720px\" \/><figcaption class=\"wp-element-caption\">Aplicaci\u00f3n de la m\u00e1quina peladora de semillas de cacao<\/figcaption><\/figure>    <h2 class=\"wp-block-heading\">Las ventajas de la m\u00e1quina peladora de semillas de cacao<\/h2>    <ol class=\"wp-block-list\"> <li>Tasa de pelado superior al 98%<\/li>    <li>Trituraci\u00f3n y separaci\u00f3n de c\u00e1scaras y n\u00facleos de semillas de cacao 2~3 kg por minuto<\/li>    <li>La operaci\u00f3n es sencilla, casi no requiere operaci\u00f3n manual.<\/li>    <li>El grado de automatizaci\u00f3n es alto, solo las personas necesitan verter los materiales en la m\u00e1quina, y la m\u00e1quina puede completar autom\u00e1ticamente el pelado, separaci\u00f3n y cribado.<\/li> <\/ol>    <figure class=\"wp-block-gallery has-nested-images columns-2 is-cropped wp-block-gallery-2 is-layout-flex wp-block-gallery-is-layout-flex\"> <figure class=\"wp-block-image size-large\"><a href=\"https:\/\/www.agriculture-machine.com\/wp-content\/uploads\/2021\/05\/cocoa-bean-peeler-working.jpg\"><img loading=\"lazy\" decoding=\"async\" width=\"720\" height=\"540\" data-id=\"10444\" src=\"https:\/\/www.agriculture-machine.com\/wp-content\/uploads\/2021\/05\/cocoa-bean-peeler-working.jpg\" alt=\"m\u00e1quina peladora de semillas de cacao en funcionamiento\" class=\"wp-image-10444\" srcset=\"https:\/\/www.agriculture-machine.com\/wp-content\/uploads\/2021\/05\/cocoa-bean-peeler-working.jpg 720w, https:\/\/www.agriculture-machine.com\/wp-content\/uploads\/2021\/05\/cocoa-bean-peeler-working-360x270.jpg 360w, https:\/\/www.agriculture-machine.com\/wp-content\/uploads\/2021\/05\/cocoa-bean-peeler-working-240x180.jpg 240w\" sizes=\"auto, (max-width: 720px) 100vw, 720px\" \/><\/a><figcaption class=\"wp-element-caption\">m\u00e1quina peladora de semillas de cacao en funcionamiento<\/figcaption><\/figure>    <figure class=\"wp-block-image size-large\"><a href=\"https:\/\/www.agriculture-machine.com\/wp-content\/uploads\/2021\/05\/woking.jpg\"><img loading=\"lazy\" decoding=\"async\" width=\"720\" height=\"540\" data-id=\"10445\" src=\"https:\/\/www.agriculture-machine.com\/wp-content\/uploads\/2021\/05\/woking.jpg\" alt=\"trabajando\" class=\"wp-image-10445\" srcset=\"https:\/\/www.agriculture-machine.com\/wp-content\/uploads\/2021\/05\/woking.jpg 720w, https:\/\/www.agriculture-machine.com\/wp-content\/uploads\/2021\/05\/woking-360x270.jpg 360w, https:\/\/www.agriculture-machine.com\/wp-content\/uploads\/2021\/05\/woking-240x180.jpg 240w\" sizes=\"auto, (max-width: 720px) 100vw, 720px\" \/><\/a><figcaption class=\"wp-element-caption\">trabajando<\/figcaption><\/figure> <\/figure>    <h2 class=\"wp-block-heading\">\u00bfCu\u00e1les son los requisitos para las semillas de cacao al pelarlas?<\/h2>    <ol class=\"wp-block-list\"> <li>Se requiere fermentaci\u00f3n para que la pulpa de las semillas de cacao pueda separarse. No peles las semillas de cacao directamente despu\u00e9s de abrir la vaina.<\/li>    <li>Don&#8217;t get moldy. The way to avoid moldy is to dry and reduce the moisture from 70% to 7%.<\/li>    <li>La semilla de cacao necesita ser tostada, y las c\u00e1scaras caer\u00e1n gradualmente durante el proceso de tostado. Esto favorece el pelado de las semillas de cacao. Tambi\u00e9n durante el tostado, las semillas de cacao absorben calor, equilibrando el sabor inherente y el sabor producido durante la fermentaci\u00f3n, adem\u00e1s de reducir la amargura y absorber el aroma producido por el tostado.<\/li> <\/ol>    <h2 class=\"wp-block-heading\">Pantalla de la m\u00e1quina<\/h2>    <figure class=\"wp-block-gallery has-nested-images columns-2 is-cropped wp-block-gallery-3 is-layout-flex wp-block-gallery-is-layout-flex\"> <figure class=\"wp-block-image size-large\"><a href=\"https:\/\/www.agriculture-machine.com\/wp-content\/uploads\/2021\/05\/cocoa-bean-peeler-1.jpg\"><img loading=\"lazy\" decoding=\"async\" width=\"720\" height=\"540\" data-id=\"10446\" src=\"https:\/\/www.agriculture-machine.com\/wp-content\/uploads\/2021\/05\/cocoa-bean-peeler-1.jpg\" alt=\"peladora de semillas de cacao 1\" class=\"wp-image-10446\" srcset=\"https:\/\/www.agriculture-machine.com\/wp-content\/uploads\/2021\/05\/cocoa-bean-peeler-1.jpg 720w, https:\/\/www.agriculture-machine.com\/wp-content\/uploads\/2021\/05\/cocoa-bean-peeler-1-360x270.jpg 360w, https:\/\/www.agriculture-machine.com\/wp-content\/uploads\/2021\/05\/cocoa-bean-peeler-1-240x180.jpg 240w\" sizes=\"auto, (max-width: 720px) 100vw, 720px\" \/><\/a><figcaption class=\"wp-element-caption\">peladora de semillas de cacao 1<\/figcaption><\/figure>    <figure class=\"wp-block-image size-large\"><a href=\"https:\/\/www.agriculture-machine.com\/wp-content\/uploads\/2021\/05\/cocoa-bean-peeler-2.jpg\"><img loading=\"lazy\" decoding=\"async\" width=\"720\" height=\"540\" data-id=\"10447\" src=\"https:\/\/www.agriculture-machine.com\/wp-content\/uploads\/2021\/05\/cocoa-bean-peeler-2.jpg\" alt=\"peladora de semillas de cacao 2\" class=\"wp-image-10447\" srcset=\"https:\/\/www.agriculture-machine.com\/wp-content\/uploads\/2021\/05\/cocoa-bean-peeler-2.jpg 720w, https:\/\/www.agriculture-machine.com\/wp-content\/uploads\/2021\/05\/cocoa-bean-peeler-2-360x270.jpg 360w, https:\/\/www.agriculture-machine.com\/wp-content\/uploads\/2021\/05\/cocoa-bean-peeler-2-240x180.jpg 240w\" sizes=\"auto, (max-width: 720px) 100vw, 720px\" \/><\/a><figcaption class=\"wp-element-caption\">peladora de semillas de cacao 2<\/figcaption><\/figure>    <figure class=\"wp-block-image size-large\"><a href=\"https:\/\/www.agriculture-machine.com\/wp-content\/uploads\/2021\/05\/cocoa-bean-peeler-3.jpg\"><img loading=\"lazy\" decoding=\"async\" width=\"720\" height=\"540\" data-id=\"10448\" src=\"https:\/\/www.agriculture-machine.com\/wp-content\/uploads\/2021\/05\/cocoa-bean-peeler-3.jpg\" alt=\"peladora de semillas de cacao 3\" class=\"wp-image-10448\" srcset=\"https:\/\/www.agriculture-machine.com\/wp-content\/uploads\/2021\/05\/cocoa-bean-peeler-3.jpg 720w, https:\/\/www.agriculture-machine.com\/wp-content\/uploads\/2021\/05\/cocoa-bean-peeler-3-360x270.jpg 360w, https:\/\/www.agriculture-machine.com\/wp-content\/uploads\/2021\/05\/cocoa-bean-peeler-3-240x180.jpg 240w\" sizes=\"auto, (max-width: 720px) 100vw, 720px\" \/><\/a><figcaption class=\"wp-element-caption\">peladora de semillas de cacao 3<\/figcaption><\/figure>    <figure class=\"wp-block-image size-large\"><a href=\"https:\/\/www.agriculture-machine.com\/wp-content\/uploads\/2021\/05\/cocoa-bean-peeler-4.jpg\"><img loading=\"lazy\" decoding=\"async\" width=\"720\" height=\"540\" data-id=\"10449\" src=\"https:\/\/www.agriculture-machine.com\/wp-content\/uploads\/2021\/05\/cocoa-bean-peeler-4.jpg\" alt=\"peladora de semillas de cacao 4\" class=\"wp-image-10449\" srcset=\"https:\/\/www.agriculture-machine.com\/wp-content\/uploads\/2021\/05\/cocoa-bean-peeler-4.jpg 720w, https:\/\/www.agriculture-machine.com\/wp-content\/uploads\/2021\/05\/cocoa-bean-peeler-4-360x270.jpg 360w, https:\/\/www.agriculture-machine.com\/wp-content\/uploads\/2021\/05\/cocoa-bean-peeler-4-240x180.jpg 240w\" sizes=\"auto, (max-width: 720px) 100vw, 720px\" \/><\/a><figcaption class=\"wp-element-caption\">peladora de semillas de cacao 4<\/figcaption><\/figure> <\/figure>    <h2 class=\"wp-block-heading\">Par\u00e1metros t\u00e9cnicos<\/h2>    <figure class=\"wp-block-table is-style-stripes\"><table><tbody><tr><td>Capacidad<\/td><td>500-700kg\/h<\/td><\/tr><tr><td>Voltaje<\/td><td>220V\/380V\/50HZ<\/td><\/tr><tr><td>Potencia<\/td><td>1.5kw*2<\/td><\/tr><tr><td>Tasa de pelado<\/td><td>98%<\/td><\/tr><tr><td>Tama\u00f1o<\/td><td>1900*850*1350<\/td><\/tr><\/tbody><\/table><figcaption class=\"wp-element-caption\">Datos t\u00e9cnicos de la m\u00e1quina de pelado de semillas de cacao<\/figcaption><\/figure>    <h2 class=\"wp-block-heading\">Cont\u00e1ctenos en cualquier momento<\/h2>    <p>Invitamos sinceramente a todos los clientes a consultar activamente y aprender m\u00e1s sobre las m\u00e1quinas de pelado de semillas de cacao. Nuestro equipo profesional est\u00e1 dispuesto a ofrecerle presentaciones detalladas del producto, soluciones personalizadas y soporte t\u00e9cnico para discutir c\u00f3mo mejorar la eficiencia de procesamiento de sus semillas de cacao.<\/p>","protected":false},"excerpt":{"rendered":"<p>Esta es una m\u00e1quina de pelado de semillas de cacao. Las semillas de cacao deben ser peladas despu\u00e9s de abrir la vaina. La producci\u00f3n de esta m\u00e1quina es de 500-700 kg\/h.<\/p>","protected":false},"author":1,"featured_media":10443,"parent":0,"comment_status":"closed","ping_status":"closed","template":"","tags":[2612,2613],"product-type":[874],"class_list":["post-10441","product","type-product","status-publish","has-post-thumbnail","hentry","tag-cocoa","tag-peeling","product-type-grains-peeling-machine"],"_links":{"self":[{"href":"https:\/\/www.agriculture-machine.com\/es\/wp-json\/wp\/v2\/product\/10441","targetHints":{"allow":["GET"]}}],"collection":[{"href":"https:\/\/www.agriculture-machine.com\/es\/wp-json\/wp\/v2\/product"}],"about":[{"href":"https:\/\/www.agriculture-machine.com\/es\/wp-json\/wp\/v2\/types\/product"}],"author":[{"embeddable":true,"href":"https:\/\/www.agriculture-machine.com\/es\/wp-json\/wp\/v2\/users\/1"}],"replies":[{"embeddable":true,"href":"https:\/\/www.agriculture-machine.com\/es\/wp-json\/wp\/v2\/comments?post=10441"}],"wp:featuredmedia":[{"embeddable":true,"href":"https:\/\/www.agriculture-machine.com\/es\/wp-json\/wp\/v2\/media\/10443"}],"wp:attachment":[{"href":"https:\/\/www.agriculture-machine.com\/es\/wp-json\/wp\/v2\/media?parent=10441"}],"wp:term":[{"taxonomy":"post_tag","embeddable":true,"href":"https:\/\/www.agriculture-machine.com\/es\/wp-json\/wp\/v2\/tags?post=10441"},{"taxonomy":"product-type","embeddable":true,"href":"https:\/\/www.agriculture-machine.com\/es\/wp-json\/wp\/v2\/product-type?post=10441"}],"curies":[{"name":"wp","href":"https:\/\/api.w.org\/{rel}","templated":true}]}}