{"id":1054,"date":"2018-10-17T10:51:19","date_gmt":"2018-10-17T02:51:19","guid":{"rendered":"https:\/\/www.agriculture-machine.com\/?p=1054"},"modified":"2024-09-18T16:25:26","modified_gmt":"2024-09-18T08:25:26","slug":"rice-destoner-machine","status":"publish","type":"product","link":"https:\/\/www.agriculture-machine.com\/es\/rice-destoner-machine\/","title":{"rendered":"M\u00e1quina de despolvoreo de arroz con trigo | m\u00e1quina para eliminar impurezas de piedra"},"content":{"rendered":"<p class=\"translation-block\"><strong>M\u00e1quina de deshuesado de arroz <\/strong> se usa principalmente en la planta de procesamiento de granos, separando las piedras y otras impurezas de cultivos como trigo y arroz. Su capacidad es de 1t\/h y la m\u00e1quina est\u00e1 equipada con un motor de 2.2kw. En la mayor\u00eda de los casos, el trigo y el arroz contienen algunas piedras que no son f\u00e1ciles de eliminar, por lo que esta m\u00e1quina de deshuesado de arroz resuelve este problema con alta eficiencia.<\/p> <p><img loading=\"lazy\" decoding=\"async\" class=\"alignnone wp-image-2715\" title=\"m\u00e1quina de removedor de piedras de arroz\" src=\"https:\/\/www.agriculture-machine.com\/wp-content\/uploads\/2019\/03\/rice-destoner-machine-4-2.jpg\" alt=\"m\u00e1quina de removedor de piedras de arroz\" width=\"611\" height=\"619\" srcset=\"https:\/\/www.agriculture-machine.com\/wp-content\/uploads\/2019\/03\/rice-destoner-machine-4-2.jpg 750w, https:\/\/www.agriculture-machine.com\/wp-content\/uploads\/2019\/03\/rice-destoner-machine-4-2-266x270.jpg 266w, https:\/\/www.agriculture-machine.com\/wp-content\/uploads\/2019\/03\/rice-destoner-machine-4-2-533x540.jpg 533w\" sizes=\"auto, (max-width: 611px) 100vw, 611px\" \/><\/p> <h2>Par\u00e1metros t\u00e9cnicos de SQ50<\/h2> <table style=\"height: 173px;\" width=\"399\"> <tbody> <tr> <td width=\"346\"><strong><b>Modelo<\/b><\/strong><\/td> <td width=\"293\">SQ50<\/td> <\/tr> <tr> <td width=\"346\">Productividad<\/td> <td width=\"293\">1t\/h<\/td> <\/tr> <tr> <td width=\"346\">Potencia<\/td> <td width=\"293\">Motor de 2.2kw<\/td> <\/tr> <tr> <td width=\"346\">Dimensi\u00f3n<\/td> <td width=\"293\">900*610*320mm<\/td> <\/tr> <tr> <td width=\"346\">N\uff0ePeso<\/td> <td width=\"293\">86kg<\/td> <\/tr> <\/tbody> <\/table> <h2>La estructura de la m\u00e1quina de deshuesado de arroz<\/h2> <p>Nuestra m\u00e1quina para eliminar piedras del trigo consiste principalmente en una gran salida de piedras, una salida de impurezas, una salida de arroz limpio, una peque\u00f1a salida de piedras y una tolva de alimentaci\u00f3n de arroz.<\/p> <p><img loading=\"lazy\" decoding=\"async\" class=\"alignnone wp-image-2711\" title=\"detalles del producto\" src=\"https:\/\/www.agriculture-machine.com\/wp-content\/uploads\/2019\/03\/rice-destoner-machine-5-1.jpg\" alt=\"detalles del producto\" width=\"607\" height=\"617\" srcset=\"https:\/\/www.agriculture-machine.com\/wp-content\/uploads\/2019\/03\/rice-destoner-machine-5-1.jpg 750w, https:\/\/www.agriculture-machine.com\/wp-content\/uploads\/2019\/03\/rice-destoner-machine-5-1-266x270.jpg 266w, https:\/\/www.agriculture-machine.com\/wp-content\/uploads\/2019\/03\/rice-destoner-machine-5-1-531x540.jpg 531w\" sizes=\"auto, (max-width: 607px) 100vw, 607px\" \/><\/p> <h2>El principio de funcionamiento de la m\u00e1quina de deshuesadora de arroz<\/h2> <ol> <li>El operador deja caer el arroz o trigo en la tolva de alimentaci\u00f3n cuando la m\u00e1quina de deshuesado de arroz en Nigeria comienza a funcionar.<\/li> <li>El motor de 2.2kw alimenta la m\u00e1quina, por lo que la pantalla el\u00e9ctrica vibra constantemente.<\/li> <li>La piedra se mueve hacia arriba, mientras que el arroz o trigo circulan en la direcci\u00f3n opuesta.<\/li> <li>Despu\u00e9s de varios minutos, el arroz limpio, las piedras peque\u00f1as, las piedras grandes y otras impurezas salen por diferentes salidas.<\/li> <\/ol> <h2>La ventaja de la m\u00e1quina de deshuesado de arroz<\/h2> <ol> <li>Alta tasa de limpieza. El arroz final est\u00e1 muy limpio sin impurezas<\/li> <li>La m\u00e1quina es estable durante su funcionamiento.<\/li> <li>Alta capacidad. Su capacidad es de 1t\/h.<\/li> <li>La m\u00e1quina es f\u00e1cil de usar, ahorra tiempo y energ\u00eda.<img loading=\"lazy\" decoding=\"async\" class=\"alignnone wp-image-2708\" title=\"arroz\" src=\"https:\/\/www.agriculture-machine.com\/wp-content\/uploads\/2019\/03\/rice-destoner-machine-2-1.jpg\" alt=\"arroz\" width=\"645\" height=\"430\" srcset=\"https:\/\/www.agriculture-machine.com\/wp-content\/uploads\/2019\/03\/rice-destoner-machine-2-1.jpg 750w, https:\/\/www.agriculture-machine.com\/wp-content\/uploads\/2019\/03\/rice-destoner-machine-2-1-360x240.jpg 360w, https:\/\/www.agriculture-machine.com\/wp-content\/uploads\/2019\/03\/rice-destoner-machine-2-1-720x480.jpg 720w\" sizes=\"auto, (max-width: 645px) 100vw, 645px\" \/> <img loading=\"lazy\" decoding=\"async\" class=\"alignnone wp-image-2709\" title=\"arroz\" src=\"https:\/\/www.agriculture-machine.com\/wp-content\/uploads\/2019\/03\/rice-destoner-machine-3-1.jpg\" alt=\"arroz\" width=\"645\" height=\"430\" srcset=\"https:\/\/www.agriculture-machine.com\/wp-content\/uploads\/2019\/03\/rice-destoner-machine-3-1.jpg 750w, https:\/\/www.agriculture-machine.com\/wp-content\/uploads\/2019\/03\/rice-destoner-machine-3-1-360x240.jpg 360w, https:\/\/www.agriculture-machine.com\/wp-content\/uploads\/2019\/03\/rice-destoner-machine-3-1-720x480.jpg 720w\" sizes=\"auto, (max-width: 645px) 100vw, 645px\" \/><\/li> <\/ol> <h2>La preoccupaci\u00f3n de nuestra m\u00e1quina<\/h2> <ol> <li>Antes de poner en marcha la m\u00e1quina, el usuario debe revisar cuidadosamente la superficie de la pantalla y el ventilador, si los sujetadores est\u00e1n sueltos o no, girando la polea a mano. Se puede poner en marcha si no hay sonidos anormales.<\/li> <li>La inclinaci\u00f3n de la pantalla debe estar entre 10 \u00b0 y 13 \u00b0, y una inclinaci\u00f3n excesiva detendr\u00e1 el movimiento de las piedras hacia arriba. En este caso, la velocidad de entrada a la c\u00e1mara de selecci\u00f3n disminuir\u00e1, lo que dificultar\u00e1 la descarga de las piedras.<\/li> <li>Adem\u00e1s, el arroz se mover\u00e1 a una velocidad mayor que provoca que el arroz final no est\u00e9 limpio. Por lo tanto, la inclinaci\u00f3n de trabajo debe mantenerse dentro del rango apropiado y ajustarse seg\u00fan la cantidad de piedras en el arroz final. Cuando el arroz contiene muchas piedras, el \u00e1ngulo de inclinaci\u00f3n puede reducirse apropiadamente.<\/li> <li>Debe haber arroz adecuado en la entrada para evitar que el arroz golpee directamente la superficie de la pantalla, afectando el estado de suspensi\u00f3n y la tasa de eliminaci\u00f3n de piedras.<\/li> <li>El ajuste del volumen de aire de la m\u00e1quina de deshuesado de trigo se basa en el estado de movimiento del arroz en la pantalla y la calidad del arroz final. Si el arroz vibra bruscamente, significa que el volumen de aire es demasiado grande; si el arroz no est\u00e1 suelto y flota, significa que el volumen de aire es demasiado peque\u00f1o. Como resultado, todav\u00eda hay piedras en el arroz final, y el amortiguador debe ajustarse a tiempo.<\/li> <li>La placa de tamiz, la placa de distribuci\u00f3n de aire y la puerta de entrada de aire deben mantener el flujo de aire sin obstrucciones. Si el agujero de la pantalla est\u00e1 bloqueado, puede limpiarse con un cepillo de alambre.<\/li> <li>El operador debe verificar siempre la cantidad de piedras en el arroz final.<\/li> <li>La m\u00e1quina para eliminar piedras del arroz debe inspeccionarse regularmente, y los rodamientos deben limpiarse y rellenarse peri\u00f3dicamente. La prueba en vac\u00edo debe realizarse despu\u00e9s de la inspecci\u00f3n.<\/li> <\/ol> <h2>Un caso de \u00e9xito de la m\u00e1quina de deshuesado de arroz<\/h2> <p>Nuestro cliente de Sud\u00e1frica nos encarg\u00f3 500 conjuntos de m\u00e1quinas de deshuesado de arroz este a\u00f1o. Hemos colaborado con \u00e9l muchas veces y trabaja para el gobierno local. Por lo tanto, damos gran importancia a esta deshuesadora de trigo para satisfacerlo.<\/p> <p>Terminamos todas las m\u00e1quinas en un mes y las empacamos cuidadosamente en caso de accidentes durante la entrega. Hasta ahora, ha recibido las m\u00e1quinas y nos ha dado buenos comentarios.<\/p> <p><img loading=\"lazy\" decoding=\"async\" class=\"alignnone wp-image-2717\" title=\"imagen del env\u00edo 12\" src=\"https:\/\/www.agriculture-machine.com\/wp-content\/uploads\/2018\/10\/rice-destoner-machine-6.jpg\" alt=\"imagen del env\u00edo 12\" width=\"645\" height=\"484\" \/><\/p> <p>Preguntas frecuentes<\/p> <ol> <li>\u00bfCu\u00e1l es la materia prima de la m\u00e1quina de despolvoreo?<\/li> <\/ol> <p>La materia prima es arroz y trigo.<\/p> <ol start=\"2\"> <li>\u00bfCu\u00e1l es la tasa de limpieza<\/li> <\/ol> <p>La tasa de limpieza es del 98%, lo que significa que los granos finales est\u00e1n muy limpios.<\/p> <ol start=\"3\"> <li>\u00bfPor qu\u00e9 el arroz final contiene pocas piedras?<\/li> <\/ol> <p>El volumen de viento es peque\u00f1o y debe ajustarse a tiempo.<\/p> <p><center><\/center><center><\/center><\/p>","protected":false},"excerpt":{"rendered":"<p>Rice destoner machine\u00a0is mainly used in the grain processing plant, separating the stone and other impurities from crops such as wheat, rice. Its capacity is 1t\/h and machine matches with 2.2kw motor. In most case, wheat and rice contain some stones that are not easy to remove, so this rice destoning machine solves this problem [&hellip;]<\/p>\n","protected":false},"author":1,"featured_media":1059,"parent":0,"comment_status":"closed","ping_status":"closed","template":"","tags":[2621],"product-type":[907],"class_list":["post-1054","product","type-product","status-publish","has-post-thumbnail","hentry","tag-destoner","product-type-paddy-rice-destoner"],"_links":{"self":[{"href":"https:\/\/www.agriculture-machine.com\/es\/wp-json\/wp\/v2\/product\/1054","targetHints":{"allow":["GET"]}}],"collection":[{"href":"https:\/\/www.agriculture-machine.com\/es\/wp-json\/wp\/v2\/product"}],"about":[{"href":"https:\/\/www.agriculture-machine.com\/es\/wp-json\/wp\/v2\/types\/product"}],"author":[{"embeddable":true,"href":"https:\/\/www.agriculture-machine.com\/es\/wp-json\/wp\/v2\/users\/1"}],"replies":[{"embeddable":true,"href":"https:\/\/www.agriculture-machine.com\/es\/wp-json\/wp\/v2\/comments?post=1054"}],"wp:featuredmedia":[{"embeddable":true,"href":"https:\/\/www.agriculture-machine.com\/es\/wp-json\/wp\/v2\/media\/1059"}],"wp:attachment":[{"href":"https:\/\/www.agriculture-machine.com\/es\/wp-json\/wp\/v2\/media?parent=1054"}],"wp:term":[{"taxonomy":"post_tag","embeddable":true,"href":"https:\/\/www.agriculture-machine.com\/es\/wp-json\/wp\/v2\/tags?post=1054"},{"taxonomy":"product-type","embeddable":true,"href":"https:\/\/www.agriculture-machine.com\/es\/wp-json\/wp\/v2\/product-type?post=1054"}],"curies":[{"name":"wp","href":"https:\/\/api.w.org\/{rel}","templated":true}]}}