{"id":10611,"date":"2021-06-04T15:46:59","date_gmt":"2021-06-04T07:46:59","guid":{"rendered":"https:\/\/www.agriculture-machine.com\/?p=10611"},"modified":"2024-10-24T14:11:33","modified_gmt":"2024-10-24T06:11:33","slug":"small-rice-destoner-blowing-gravity-destoner-machine","status":"publish","type":"product","link":"https:\/\/www.agriculture-machine.com\/es\/small-rice-destoner-blowing-gravity-destoner-machine\/","title":{"rendered":"Peque\u00f1a m\u00e1quina de despolvoreo de arroz | m\u00e1quina de gravedad por soplado"},"content":{"rendered":"<p class=\"translation-block\">Esta es una m\u00e1quina desgranadora de arroz peque\u00f1a. Su principio de funcionamiento es usar diferentes gravedad y luego soplar las impurezas con un ventilador, por lo que tambi\u00e9n se llama m\u00e1quina de desgranado por gravedad con soplado. A diferencia de otras m\u00e1quinas de eliminaci\u00f3n de piedras, esta m\u00e1quina tiene una estructura peque\u00f1a y es muy conveniente de usar.<\/p>    <h2 class=\"wp-block-heading\">Prueba de m\u00e1quina desgranadora de arroz econ\u00f3mica y mini para el cliente<\/h2>    <figure class=\"wp-block-embed aligncenter is-type-video is-provider-youtube wp-block-embed-youtube wp-embed-aspect-16-9 wp-has-aspect-ratio\"><div class=\"wp-block-embed__wrapper\"> <iframe loading=\"lazy\" title=\"M\u00e1quina desgranadora de arroz m\u00e1s reciente | M\u00e1quina mini de desgranado con capacidad de 400-2000kg\/h\" width=\"500\" height=\"281\" src=\"https:\/\/www.youtube.com\/embed\/dK00e-AiYC8?feature=oembed\" frameborder=\"0\" allow=\"accelerometer; autoplay; clipboard-write; encrypted-media; gyroscope; picture-in-picture; web-share\" referrerpolicy=\"strict-origin-when-cross-origin\" allowfullscreen><\/iframe> <\/div><figcaption class=\"wp-element-caption\">Video de funcionamiento de la m\u00e1quina desgranadora de arroz peque\u00f1a<\/figcaption><\/figure>    <h2 class=\"wp-block-heading\">Funciones de la m\u00e1quina desgranadora<\/h2>    <p>La funci\u00f3n de la m\u00e1quina desgranadora es limpiar las impurezas, polvo, piedras y otras impurezas en el grano. Continuamos actualizando los modelos de m\u00e1quinas de desgranado, y actualmente, tenemos cuatro diferentes m\u00e1quinas de eliminaci\u00f3n de piedras de arroz. <\/p>    <p>La producci\u00f3n var\u00eda de 400 a 2000kg\/h, y las funciones tambi\u00e9n se actualizan constantemente. No solo puede procesar arroz, sino tambi\u00e9n todo tipo de granos para eliminar impurezas, como mijo, trigo, arroz, soja, mung bean, etc.<\/p>    <figure class=\"wp-block-image aligncenter size-full wp-image-10613\"><img loading=\"lazy\" decoding=\"async\" width=\"720\" height=\"420\" src=\"https:\/\/www.agriculture-machine.com\/wp-content\/uploads\/2021\/06\/remove-impurities-in-millet-wheat-rice-soybeans-mung-beans.jpg\" alt=\"Eliminar impurezas en mijo, trigo, arroz, soja, mung bean,\" class=\"wp-image-10613\" srcset=\"https:\/\/www.agriculture-machine.com\/wp-content\/uploads\/2021\/06\/remove-impurities-in-millet-wheat-rice-soybeans-mung-beans.jpg 720w, https:\/\/www.agriculture-machine.com\/wp-content\/uploads\/2021\/06\/remove-impurities-in-millet-wheat-rice-soybeans-mung-beans-360x210.jpg 360w\" sizes=\"auto, (max-width: 720px) 100vw, 720px\" \/><figcaption class=\"wp-element-caption\">Eliminar impurezas en mijo, trigo, arroz, soja, mung beans, y otros<\/figcaption><\/figure>    <h2 class=\"wp-block-heading\">Mostrar estructura<\/h2>    <p>Esta peque\u00f1a m\u00e1quina desgranadora de arroz funciona con un motor. Consta de una entrada de alimentaci\u00f3n, una salida de impurezas, un ventilador, un interruptor, etc.<\/p>    <figure class=\"wp-block-gallery has-nested-images columns-2 is-cropped wp-block-gallery-2 is-layout-flex wp-block-gallery-is-layout-flex\"> <figure class=\"wp-block-image size-large\"><a href=\"https:\/\/www.agriculture-machine.com\/wp-content\/uploads\/2021\/06\/Small-rice-destoner-structure-2.jpg\"><img loading=\"lazy\" decoding=\"async\" width=\"720\" height=\"540\" data-id=\"10615\" src=\"https:\/\/www.agriculture-machine.com\/wp-content\/uploads\/2021\/06\/Small-rice-destoner-structure-2.jpg\" alt=\"Estructura del desgranador de arroz peque\u00f1o 2\" class=\"wp-image-10615\" srcset=\"https:\/\/www.agriculture-machine.com\/wp-content\/uploads\/2021\/06\/Small-rice-destoner-structure-2.jpg 720w, https:\/\/www.agriculture-machine.com\/wp-content\/uploads\/2021\/06\/Small-rice-destoner-structure-2-360x270.jpg 360w, https:\/\/www.agriculture-machine.com\/wp-content\/uploads\/2021\/06\/Small-rice-destoner-structure-2-240x180.jpg 240w\" sizes=\"auto, (max-width: 720px) 100vw, 720px\" \/><\/a><\/figure>    <figure class=\"wp-block-image size-large\"><a href=\"https:\/\/www.agriculture-machine.com\/wp-content\/uploads\/2021\/06\/Small-rice-destoner-structure-1.jpg\"><img loading=\"lazy\" decoding=\"async\" width=\"720\" height=\"540\" data-id=\"10614\" src=\"https:\/\/www.agriculture-machine.com\/wp-content\/uploads\/2021\/06\/Small-rice-destoner-structure-1.jpg\" alt=\"Estructura del desgranador de arroz peque\u00f1o 1\" class=\"wp-image-10614\" srcset=\"https:\/\/www.agriculture-machine.com\/wp-content\/uploads\/2021\/06\/Small-rice-destoner-structure-1.jpg 720w, https:\/\/www.agriculture-machine.com\/wp-content\/uploads\/2021\/06\/Small-rice-destoner-structure-1-360x270.jpg 360w, https:\/\/www.agriculture-machine.com\/wp-content\/uploads\/2021\/06\/Small-rice-destoner-structure-1-240x180.jpg 240w\" sizes=\"auto, (max-width: 720px) 100vw, 720px\" \/><\/a><\/figure> <\/figure>    <h2 class=\"wp-block-heading\">Detalles del desgranador de arroz mini<\/h2>    <figure class=\"wp-block-gallery has-nested-images columns-2 is-cropped wp-block-gallery-3 is-layout-flex wp-block-gallery-is-layout-flex\"> <figure class=\"wp-block-image size-large\"><a href=\"https:\/\/www.agriculture-machine.com\/wp-content\/uploads\/2021\/06\/stainless-steel.jpg\"><img loading=\"lazy\" decoding=\"async\" width=\"450\" height=\"278\" data-id=\"10619\" src=\"https:\/\/www.agriculture-machine.com\/wp-content\/uploads\/2021\/06\/stainless-steel.jpg\" alt=\"Entrada de acero inoxidable\" class=\"wp-image-10619\" srcset=\"https:\/\/www.agriculture-machine.com\/wp-content\/uploads\/2021\/06\/stainless-steel.jpg 450w, https:\/\/www.agriculture-machine.com\/wp-content\/uploads\/2021\/06\/stainless-steel-360x222.jpg 360w\" sizes=\"auto, (max-width: 450px) 100vw, 450px\" \/><\/a><\/figure>    <figure class=\"wp-block-image size-large\"><a href=\"https:\/\/www.agriculture-machine.com\/wp-content\/uploads\/2021\/06\/inlet.jpg\"><img loading=\"lazy\" decoding=\"async\" width=\"450\" height=\"278\" data-id=\"10617\" src=\"https:\/\/www.agriculture-machine.com\/wp-content\/uploads\/2021\/06\/inlet.jpg\" alt=\"Entrada\" class=\"wp-image-10617\" srcset=\"https:\/\/www.agriculture-machine.com\/wp-content\/uploads\/2021\/06\/inlet.jpg 450w, https:\/\/www.agriculture-machine.com\/wp-content\/uploads\/2021\/06\/inlet-360x222.jpg 360w\" sizes=\"auto, (max-width: 450px) 100vw, 450px\" \/><\/a><\/figure>    <figure class=\"wp-block-image size-large\"><a href=\"https:\/\/www.agriculture-machine.com\/wp-content\/uploads\/2021\/06\/stainless-steel-discharge-hopper.jpg\"><img loading=\"lazy\" decoding=\"async\" width=\"450\" height=\"278\" data-id=\"10618\" src=\"https:\/\/www.agriculture-machine.com\/wp-content\/uploads\/2021\/06\/stainless-steel-discharge-hopper.jpg\" alt=\"tolva de descarga de acero inoxidable\" class=\"wp-image-10618\" srcset=\"https:\/\/www.agriculture-machine.com\/wp-content\/uploads\/2021\/06\/stainless-steel-discharge-hopper.jpg 450w, https:\/\/www.agriculture-machine.com\/wp-content\/uploads\/2021\/06\/stainless-steel-discharge-hopper-360x222.jpg 360w\" sizes=\"auto, (max-width: 450px) 100vw, 450px\" \/><\/a><\/figure>    <figure class=\"wp-block-image size-large\"><a href=\"https:\/\/www.agriculture-machine.com\/wp-content\/uploads\/2021\/06\/High-precision-sieve.jpg\"><img loading=\"lazy\" decoding=\"async\" width=\"450\" height=\"278\" data-id=\"10616\" src=\"https:\/\/www.agriculture-machine.com\/wp-content\/uploads\/2021\/06\/High-precision-sieve.jpg\" alt=\"Tamiz de alta precisi\u00f3n\" class=\"wp-image-10616\" srcset=\"https:\/\/www.agriculture-machine.com\/wp-content\/uploads\/2021\/06\/High-precision-sieve.jpg 450w, https:\/\/www.agriculture-machine.com\/wp-content\/uploads\/2021\/06\/High-precision-sieve-360x222.jpg 360w\" sizes=\"auto, (max-width: 450px) 100vw, 450px\" \/><\/a><\/figure> <\/figure>    <ol class=\"wp-block-list\"> <li>La entrada del desgranador de arroz peque\u00f1o est\u00e1 hecha de acero inoxidable, lo que hace que el grano sea m\u00e1s seguro sin tocar la pintura.<\/li>    <li>Profundizar la entrada de alimentaci\u00f3n, que puede poner 40 kg de grano a la vez.<\/li>    <li>El tolva de descarga de acero inoxidable grueso y el lugar de descarga tambi\u00e9n est\u00e1n hechos de acero inoxidable, cumpliendo con los est\u00e1ndares de inspecci\u00f3n sanitaria.<\/li>    <li>Filtrado de tamiz de alta precisi\u00f3n, el lugar de descarga puede filtrar arroz partido, residuos, polvo de piedra y otras part\u00edculas relativamente peque\u00f1as a trav\u00e9s del tamiz.<\/li> <\/ol>    <h2 class=\"wp-block-heading\">Ventajas de la m\u00e1quina desgranadora de arroz peque\u00f1a y econ\u00f3mica<\/h2>    <ul class=\"wp-block-list\"> <li>Ahorro de energ\u00eda y protecci\u00f3n del medio ambiente, fabricaci\u00f3n de precisi\u00f3n, motor de cobre puro.<\/li>    <li>Estructura sencilla, tama\u00f1o peque\u00f1o y bajo consumo de energ\u00eda.<\/li>    <li>Amplio rango de aplicaci\u00f3n: arroz, mijo, trigo, soja, mung bean, etc.<\/li>    <li>Utilizando acero laminado en fr\u00edo de alta calidad seg\u00fan la norma nacional.<\/li> <\/ul>    <figure class=\"wp-block-gallery has-nested-images columns-2 is-cropped wp-block-gallery-4 is-layout-flex wp-block-gallery-is-layout-flex\"> <figure class=\"wp-block-image size-large\"><a href=\"https:\/\/www.agriculture-machine.com\/wp-content\/uploads\/2021\/06\/Small-white-rice-destoner.jpg\"><img loading=\"lazy\" decoding=\"async\" width=\"720\" height=\"540\" data-id=\"10622\" src=\"https:\/\/www.agriculture-machine.com\/wp-content\/uploads\/2021\/06\/Small-white-rice-destoner.jpg\" alt=\"Desgranador de arroz blanco peque\u00f1o\" class=\"wp-image-10622\" srcset=\"https:\/\/www.agriculture-machine.com\/wp-content\/uploads\/2021\/06\/Small-white-rice-destoner.jpg 720w, https:\/\/www.agriculture-machine.com\/wp-content\/uploads\/2021\/06\/Small-white-rice-destoner-360x270.jpg 360w, https:\/\/www.agriculture-machine.com\/wp-content\/uploads\/2021\/06\/Small-white-rice-destoner-240x180.jpg 240w\" sizes=\"auto, (max-width: 720px) 100vw, 720px\" \/><\/a><\/figure>    <figure class=\"wp-block-image size-large\"><a href=\"https:\/\/www.agriculture-machine.com\/wp-content\/uploads\/2021\/06\/blowing-gravity-destoner-machine.jpg\"><img loading=\"lazy\" decoding=\"async\" width=\"720\" height=\"540\" data-id=\"10621\" src=\"https:\/\/www.agriculture-machine.com\/wp-content\/uploads\/2021\/06\/blowing-gravity-destoner-machine.jpg\" alt=\"M\u00e1quina de desgranado por gravedad con soplado\" class=\"wp-image-10621\" srcset=\"https:\/\/www.agriculture-machine.com\/wp-content\/uploads\/2021\/06\/blowing-gravity-destoner-machine.jpg 720w, https:\/\/www.agriculture-machine.com\/wp-content\/uploads\/2021\/06\/blowing-gravity-destoner-machine-360x270.jpg 360w, https:\/\/www.agriculture-machine.com\/wp-content\/uploads\/2021\/06\/blowing-gravity-destoner-machine-240x180.jpg 240w\" sizes=\"auto, (max-width: 720px) 100vw, 720px\" \/><\/a><\/figure> <\/figure>    <h2 class=\"wp-block-heading\">Caso de cliente con m\u00e1quina de eliminaci\u00f3n de polvo de arroz<\/h2>    <p>Exportamos m\u00e1quinas desgranadoras de arroz blanco a Togo. El cliente trabaja con arroz blanco y quiere filtrar arena fina e impurezas en el arroz blanco. <\/p>    <p>Esta m\u00e1quina desgranadora de arroz blanco peque\u00f1a y econ\u00f3mica es muy popular en \u00c1frica, y cada familia debe tener una para comer arroz. <\/p>    <p>Por lo tanto, exportamos este tipo de m\u00e1quina desgranadora de arroz peque\u00f1a cada mes con un bono de 1000 unidades. Nuestra f\u00e1brica fabrica 2000 juegos de m\u00e1quinas de desgranado por gravedad con soplado cada mes.<\/p>    <figure class=\"wp-block-gallery has-nested-images columns-2 is-cropped wp-block-gallery-5 is-layout-flex wp-block-gallery-is-layout-flex\"> <figure class=\"wp-block-image size-large\"><a href=\"https:\/\/www.agriculture-machine.com\/wp-content\/uploads\/2021\/06\/pack.jpg\"><img loading=\"lazy\" decoding=\"async\" width=\"720\" height=\"540\" data-id=\"10624\" src=\"https:\/\/www.agriculture-machine.com\/wp-content\/uploads\/2021\/06\/pack.jpg\" alt=\"paquete\" class=\"wp-image-10624\" srcset=\"https:\/\/www.agriculture-machine.com\/wp-content\/uploads\/2021\/06\/pack.jpg 720w, https:\/\/www.agriculture-machine.com\/wp-content\/uploads\/2021\/06\/pack-360x270.jpg 360w, https:\/\/www.agriculture-machine.com\/wp-content\/uploads\/2021\/06\/pack-240x180.jpg 240w\" sizes=\"auto, (max-width: 720px) 100vw, 720px\" \/><\/a><\/figure>    <figure class=\"wp-block-image size-large\"><a href=\"https:\/\/www.agriculture-machine.com\/wp-content\/uploads\/2021\/06\/packaging.jpg\"><img loading=\"lazy\" decoding=\"async\" width=\"720\" height=\"540\" data-id=\"10625\" src=\"https:\/\/www.agriculture-machine.com\/wp-content\/uploads\/2021\/06\/packaging.jpg\" alt=\"\" class=\"wp-image-10625\" srcset=\"https:\/\/www.agriculture-machine.com\/wp-content\/uploads\/2021\/06\/packaging.jpg 720w, https:\/\/www.agriculture-machine.com\/wp-content\/uploads\/2021\/06\/packaging-360x270.jpg 360w, https:\/\/www.agriculture-machine.com\/wp-content\/uploads\/2021\/06\/packaging-240x180.jpg 240w\" sizes=\"auto, (max-width: 720px) 100vw, 720px\" \/><\/a><\/figure> <\/figure>    <h2 class=\"wp-block-heading\"><\/h2>    <h2 class=\"wp-block-heading\">Par\u00e1metros t\u00e9cnicos<\/h2>    <figure class=\"wp-block-table is-style-stripes\"><table><tbody><tr><td>Modelo<\/td><td>I<\/td><td>II<\/td><td>III<\/td><td>IV<\/td><\/tr><tr><td>Potencia<\/td><td>250w,220v<\/td><td>370w,220v<\/td><td>&nbsp;550w,380v<\/td><td>750w,380v<\/td><\/tr><tr><td>Tama\u00f1o de la m\u00e1quina<\/td><td>67*48*63cm<\/td><td>68*50*69.5cm<\/td><td>83*59*76cm<\/td><td>95*72*82cm<\/td><\/tr><tr><td>Capacidad<\/td><td>400kg\/h<\/td><td>400kg\/h<\/td><td>1000kg\/h<\/td><td>2000kg\/h<\/td><\/tr><\/tbody><\/table><figcaption class=\"wp-element-caption\">Datos t\u00e9cnicos del desgranador de arroz peque\u00f1o<\/figcaption><\/figure>    <h2 class=\"wp-block-heading\">\u00bfC\u00f3mo mantener la m\u00e1quina?<\/h2>    <ol class=\"wp-block-list\"> <li><strong>Limpieza regular<\/strong>: limpiar los residuos dentro de la m\u00e1quina de desgranado despu\u00e9s del uso diario para prevenir obstrucciones y contaminaci\u00f3n.<\/li>    <li><strong>Mantenimiento de lubricaci\u00f3n<\/strong>: revisar y a\u00f1adir lubricante regularmente para garantizar el funcionamiento suave de las partes mec\u00e1nicas y prolongar la vida \u00fatil.<\/li>    <li><strong>Revisar la pantalla<\/strong>: revisar regularmente el desgaste de la pantalla, si se encuentra rota o atascada, reemplazarla o limpiarla a tiempo.<\/li>    <li><strong>Inspecci\u00f3n el\u00e9ctrica:<\/strong> Revisar regularmente el motor, cableado y sistema de control para garantizar que las partes el\u00e9ctricas sean seguras y confiables.<\/li>    <li><strong>Partes de fijaci\u00f3n:<\/strong> Revisar y apretar regularmente todos los tornillos, tuercas y otros sujetadores para evitar que se aflojen y causen fallas mec\u00e1nicas.<\/li>    <li><strong>Tratamiento anti-rust<\/strong>: Para m\u00e1quinas que no se usan por mucho tiempo, se debe tratar con anti-rust y almacenarse en un ambiente seco y ventilado.<\/li> <\/ol>    <p>Our company offers many types of small rice destoner machines to meet different customers&#8217; needs. Whether you need a small home machine or a large industrial machine, we can provide you with the right solution. Feel free to contact us for more machine information and quotation, we are looking forward to cooperating with you to improve your production efficiency and rice product quality.<\/p>","protected":false},"excerpt":{"rendered":"<p>Esta es una m\u00e1quina desgranadora de arroz peque\u00f1a. La de capacidad peque\u00f1a es muy adecuada para uso dom\u00e9stico, y la de gran capacidad puede ser utilizada por molinos.<\/p>","protected":false},"author":1,"featured_media":10623,"parent":0,"comment_status":"closed","ping_status":"closed","template":"","tags":[2621],"product-type":[907,875],"class_list":["post-10611","product","type-product","status-publish","has-post-thumbnail","hentry","tag-destoner","product-type-paddy-rice-destoner","product-type-rice-mill-category"],"_links":{"self":[{"href":"https:\/\/www.agriculture-machine.com\/es\/wp-json\/wp\/v2\/product\/10611","targetHints":{"allow":["GET"]}}],"collection":[{"href":"https:\/\/www.agriculture-machine.com\/es\/wp-json\/wp\/v2\/product"}],"about":[{"href":"https:\/\/www.agriculture-machine.com\/es\/wp-json\/wp\/v2\/types\/product"}],"author":[{"embeddable":true,"href":"https:\/\/www.agriculture-machine.com\/es\/wp-json\/wp\/v2\/users\/1"}],"replies":[{"embeddable":true,"href":"https:\/\/www.agriculture-machine.com\/es\/wp-json\/wp\/v2\/comments?post=10611"}],"wp:featuredmedia":[{"embeddable":true,"href":"https:\/\/www.agriculture-machine.com\/es\/wp-json\/wp\/v2\/media\/10623"}],"wp:attachment":[{"href":"https:\/\/www.agriculture-machine.com\/es\/wp-json\/wp\/v2\/media?parent=10611"}],"wp:term":[{"taxonomy":"post_tag","embeddable":true,"href":"https:\/\/www.agriculture-machine.com\/es\/wp-json\/wp\/v2\/tags?post=10611"},{"taxonomy":"product-type","embeddable":true,"href":"https:\/\/www.agriculture-machine.com\/es\/wp-json\/wp\/v2\/product-type?post=10611"}],"curies":[{"name":"wp","href":"https:\/\/api.w.org\/{rel}","templated":true}]}}