{"id":10672,"date":"2021-06-11T10:04:44","date_gmt":"2021-06-11T02:04:44","guid":{"rendered":"https:\/\/www.agriculture-machine.com\/?p=10672"},"modified":"2024-09-18T15:51:29","modified_gmt":"2024-09-18T07:51:29","slug":"chicken-cow-pig-horse-dung-dehydrator-manure-dehydrator","status":"publish","type":"product","link":"https:\/\/www.agriculture-machine.com\/es\/chicken-cow-pig-horse-dung-dehydrator-manure-dehydrator\/","title":{"rendered":"Deshidratador de esti\u00e9rcol de pollo, vaca, cerdo, caballo | deshidratador de esti\u00e9rcol"},"content":{"rendered":"<p>El deshidratador de esti\u00e9rcol de ganado tambi\u00e9n se llama deshidratador de esti\u00e9rcol av\u00edcola. Se usa para deshidratar esti\u00e9rcol de cerdo, vaca, conejo, pollo y en granjas de ganado grande y mediano para tratar los residuos animales. Tambi\u00e9n se llama separador s\u00f3lido-l\u00edquido por algunas personas, que puede usarse para separar escoria de alta concentraci\u00f3n y l\u00edquido en granos de destiler\u00eda, residuos de medicamentos, desperdicios, residuos de matadero y ingenier\u00eda de aguas residuales. Es un equipo de deshidrataci\u00f3n ideal.<\/p>    <div class=\"wp-block-image\"><figure class=\"aligncenter size-large\"><img loading=\"lazy\" decoding=\"async\" width=\"720\" height=\"540\" src=\"https:\/\/www.agriculture-machine.com\/wp-content\/uploads\/2021\/06\/poultry-dung-dehydrator.jpg\" alt=\"Deshidratador de esti\u00e9rcol de aves\" class=\"wp-image-10676\" srcset=\"https:\/\/www.agriculture-machine.com\/wp-content\/uploads\/2021\/06\/poultry-dung-dehydrator.jpg 720w, https:\/\/www.agriculture-machine.com\/wp-content\/uploads\/2021\/06\/poultry-dung-dehydrator-360x270.jpg 360w, https:\/\/www.agriculture-machine.com\/wp-content\/uploads\/2021\/06\/poultry-dung-dehydrator-240x180.jpg 240w\" sizes=\"auto, (max-width: 720px) 100vw, 720px\" \/><figcaption>Deshidratador de esti\u00e9rcol de aves<\/figcaption><\/figure><\/div>    <h2 class=\"wp-block-heading\" id=\"h-structure-composition-of-screw-extrusion-dung-dehydrator\">Composici\u00f3n estructural del deshidratador de esti\u00e9rcol por extrusi\u00f3n de tornillo<\/h2>    <p>El separador de s\u00f3lidos-l\u00edquidos por extrusi\u00f3n de tornillo est\u00e1 compuesto principalmente por una unidad principal, una bomba no obstrucci\u00f3n, un armario de control, tuber\u00edas y otros equipos. El cuerpo principal, la pantalla de malla, el tornillo de extrusi\u00f3n, el motor engranado, el contrapeso y el dispositivo de descarga son componentes.<\/p>    <div class=\"wp-block-image\"><figure class=\"aligncenter size-large\"><img loading=\"lazy\" decoding=\"async\" width=\"720\" height=\"540\" src=\"https:\/\/www.agriculture-machine.com\/wp-content\/uploads\/2021\/06\/Structure-composition-of-screw-extrusion-dehydrator.jpg\" alt=\"Composici\u00f3n estructural del deshidratador de extrusi\u00f3n de tornillo\" class=\"wp-image-10674\" srcset=\"https:\/\/www.agriculture-machine.com\/wp-content\/uploads\/2021\/06\/Structure-composition-of-screw-extrusion-dehydrator.jpg 720w, https:\/\/www.agriculture-machine.com\/wp-content\/uploads\/2021\/06\/Structure-composition-of-screw-extrusion-dehydrator-360x270.jpg 360w, https:\/\/www.agriculture-machine.com\/wp-content\/uploads\/2021\/06\/Structure-composition-of-screw-extrusion-dehydrator-240x180.jpg 240w\" sizes=\"auto, (max-width: 720px) 100vw, 720px\" \/><figcaption>Composici\u00f3n estructural del deshidratador de extrusi\u00f3n de tornillo<\/figcaption><\/figure><\/div>    <h2 class=\"wp-block-heading\" id=\"h-working-principle-of-the-manure-dehydrator\">Principio de funcionamiento del deshidratador de esti\u00e9rcol<\/h2>    <p>La bomba de barro se usa para enviar el esti\u00e9rcol crudo a la m\u00e1quina. La materia s\u00f3lida se separa apretando el eje de tornillo dispuesto en la pantalla. Las heces se filtran y deshidratan mediante una pantalla, y luego se descargan por el puerto de descarga. Las heces deshidratadas pueden venderse directamente o convertirse en fertilizante. El l\u00edquido fluye desde la salida de l\u00edquido a trav\u00e9s de la pantalla y se transporta al estanque, convirtiendo as\u00ed los residuos en tesoro.<\/p>    <p>La parte superior de la unidad est\u00e1 dise\u00f1ada con un puerto de desbordamiento, y el puerto de descarga puede ajustar la humedad seca del material descargado.<\/p>    <div class=\"wp-block-image\"><figure class=\"aligncenter size-large\"><img loading=\"lazy\" decoding=\"async\" width=\"720\" height=\"518\" src=\"https:\/\/www.agriculture-machine.com\/wp-content\/uploads\/2021\/06\/working-principle-of-the-fecal-dehydrator-720x518.jpg\" alt=\"Principio de funcionamiento del deshidratador de heces\" class=\"wp-image-10677\" srcset=\"https:\/\/www.agriculture-machine.com\/wp-content\/uploads\/2021\/06\/working-principle-of-the-fecal-dehydrator-720x518.jpg 720w, https:\/\/www.agriculture-machine.com\/wp-content\/uploads\/2021\/06\/working-principle-of-the-fecal-dehydrator-360x259.jpg 360w, https:\/\/www.agriculture-machine.com\/wp-content\/uploads\/2021\/06\/working-principle-of-the-fecal-dehydrator.jpg 750w\" sizes=\"auto, (max-width: 720px) 100vw, 720px\" \/><figcaption>Principio de funcionamiento del deshidratador de heces<\/figcaption><\/figure><\/div>    <h2 class=\"wp-block-heading\" id=\"h-advantages-of-manure-dehydrator-machine\">Ventajas de la m\u00e1quina deshidratadora de esti\u00e9rcol<\/h2>    <ul class=\"wp-block-list\"><li>1. Tornillo de acero inoxidable, todo el cuerpo de la m\u00e1quina no se oxida.<\/li><li>2. Nueva tapa superior de acero inoxidable, f\u00e1cil de desmontar.<\/li><li>3. Aumentar el grosor del filtro, es f\u00e1cil de limpiar y no se da\u00f1a f\u00e1cilmente.<\/li><li>4. Motor de n\u00facleo de cobre de alta calidad, con bajo nivel de ruido y alta potencia.<\/li><li>5. Bomba de corte de aguas residuales, los residuos pueden bombeados sin obstrucciones.<\/li><\/ul>    <div class=\"wp-block-image\"><figure class=\"aligncenter size-large\"><img loading=\"lazy\" decoding=\"async\" width=\"720\" height=\"540\" src=\"https:\/\/www.agriculture-machine.com\/wp-content\/uploads\/2021\/06\/solid-liquid-separator.jpg\" alt=\"Separador s\u00f3lido-l\u00edquido\" class=\"wp-image-10675\" srcset=\"https:\/\/www.agriculture-machine.com\/wp-content\/uploads\/2021\/06\/solid-liquid-separator.jpg 720w, https:\/\/www.agriculture-machine.com\/wp-content\/uploads\/2021\/06\/solid-liquid-separator-360x270.jpg 360w, https:\/\/www.agriculture-machine.com\/wp-content\/uploads\/2021\/06\/solid-liquid-separator-240x180.jpg 240w\" sizes=\"auto, (max-width: 720px) 100vw, 720px\" \/><figcaption>Separador s\u00f3lido-l\u00edquido<\/figcaption><\/figure><\/div>    <h2 class=\"wp-block-heading\" id=\"h-why-should-dung-be-dehydrated\">\u00bfPor qu\u00e9 se debe deshidratar el esti\u00e9rcol?<\/h2>    <p>Despu\u00e9s de usar el deshidratador de heces, el esti\u00e9rcol de cerdo, pato, vaca, pollo y otros esti\u00e9rcolos av\u00edcolas se separan en fertilizante l\u00edquido y s\u00f3lido. El fertilizante l\u00edquido puede usarse directamente para el cultivo y la absorci\u00f3n. Y el fertilizante s\u00f3lido puede transportarse a \u00e1reas que carecen de fertilizante para su uso. Adem\u00e1s, puede proteger la estructura del suelo. Al mismo tiempo, puede convertirse en fertilizante compuesto despu\u00e9s de la fermentaci\u00f3n.<\/p>    <div class=\"wp-block-image\"><figure class=\"aligncenter size-large\"><img loading=\"lazy\" decoding=\"async\" width=\"720\" height=\"540\" src=\"https:\/\/www.agriculture-machine.com\/wp-content\/uploads\/2021\/06\/Manure-Organic-Fertilizer.jpg\" alt=\"Esti\u00e9rcol-Fertilizante-org\u00e1nico\" class=\"wp-image-10678\" srcset=\"https:\/\/www.agriculture-machine.com\/wp-content\/uploads\/2021\/06\/Manure-Organic-Fertilizer.jpg 720w, https:\/\/www.agriculture-machine.com\/wp-content\/uploads\/2021\/06\/Manure-Organic-Fertilizer-360x270.jpg 360w, https:\/\/www.agriculture-machine.com\/wp-content\/uploads\/2021\/06\/Manure-Organic-Fertilizer-240x180.jpg 240w\" sizes=\"auto, (max-width: 720px) 100vw, 720px\" \/><figcaption>Esti\u00e9rcol-Fertilizante-org\u00e1nico<\/figcaption><\/figure><\/div>    <h2 class=\"wp-block-heading\" id=\"h-who-can-buy-a-fecal-dehydrator\">\u00bfQui\u00e9n puede comprar un deshidratador de heces?<\/h2>    <p>1. Tratamiento de esti\u00e9rcol de cerdo en granjas porcinas. Las granjas porcinas pueden comprar este deshidratador de esti\u00e9rcol de cerdo. Puedes usar el esti\u00e9rcol de cerdo deshidratado para hacer productos en pellet y el contenido de humedad es menor al 12%. No contiene componentes qu\u00edmicos. Es un fertilizante org\u00e1nico ideal para tierras agr\u00edcolas.<\/p>    <div class=\"wp-block-image\"><figure class=\"aligncenter size-large\"><img loading=\"lazy\" decoding=\"async\" width=\"720\" height=\"540\" src=\"https:\/\/www.agriculture-machine.com\/wp-content\/uploads\/2021\/06\/pellet-organic-fertilizer.jpg\" alt=\"fertilizante org\u00e1nico en pellet\" class=\"wp-image-10679\" srcset=\"https:\/\/www.agriculture-machine.com\/wp-content\/uploads\/2021\/06\/pellet-organic-fertilizer.jpg 720w, https:\/\/www.agriculture-machine.com\/wp-content\/uploads\/2021\/06\/pellet-organic-fertilizer-360x270.jpg 360w, https:\/\/www.agriculture-machine.com\/wp-content\/uploads\/2021\/06\/pellet-organic-fertilizer-240x180.jpg 240w\" sizes=\"auto, (max-width: 720px) 100vw, 720px\" \/><figcaption>fertilizante org\u00e1nico en pellet<\/figcaption><\/figure><\/div>    <p class=\"translation-block\">2. Los heces separadas pueden mezclarse con <a href=\"https:\/\/www.agriculture-machine.com\/es\/combined-chaff-cutter-and-grinder-straw-cutter-and-grain-grinder\/\">paja y c\u00e1scaras<\/a> y fermentar completamente con cepas. Despu\u00e9s de granulado, puede convertirse en fertilizante org\u00e1nico compuesto. Adem\u00e1s, puede mejorar la calidad del suelo y aumentar el rendimiento directamente. Tambi\u00e9n puede usarse para criar lombrices, cultivar hongos, alimentar peces, etc., todo lo cual puede a\u00f1adir ingresos adicionales considerables a su granja. Por lo tanto, el deshidratador de esti\u00e9rcol es una buena herramienta para la agricultura.<\/p>    <div class=\"wp-block-image\"><figure class=\"aligncenter size-large\"><img loading=\"lazy\" decoding=\"async\" width=\"720\" height=\"540\" src=\"https:\/\/www.agriculture-machine.com\/wp-content\/uploads\/2021\/06\/separated-feces-can-mix-with-straw-chaff.jpg\" alt=\"las heces separadas pueden mezclarse con paja y c\u00e1scaras\" class=\"wp-image-10680\" srcset=\"https:\/\/www.agriculture-machine.com\/wp-content\/uploads\/2021\/06\/separated-feces-can-mix-with-straw-chaff.jpg 720w, https:\/\/www.agriculture-machine.com\/wp-content\/uploads\/2021\/06\/separated-feces-can-mix-with-straw-chaff-360x270.jpg 360w, https:\/\/www.agriculture-machine.com\/wp-content\/uploads\/2021\/06\/separated-feces-can-mix-with-straw-chaff-240x180.jpg 240w\" sizes=\"auto, (max-width: 720px) 100vw, 720px\" \/><figcaption>las heces separadas pueden mezclarse con paja y c\u00e1scaras<\/figcaption><\/figure><\/div>    <p>3. Tratamiento de esti\u00e9rcol de vaca en granjas de ganado. El esti\u00e9rcol de vaca separado por un separador s\u00f3lido-l\u00edquido puede usarse como material de cama para vacas. Adem\u00e1s, puede convertir el esti\u00e9rcol en combustible para ahorrar costos. El esti\u00e9rcol l\u00edquido separado puede descargarse directamente en el digestor de biog\u00e1s, y la eficiencia de producci\u00f3n de biog\u00e1s es mayor. El digestor de biog\u00e1s no se bloquear\u00e1, lo que prolonga su vida \u00fatil. El esti\u00e9rcol s\u00f3lido es f\u00e1cil de transportar y puede venderse a un precio alto.<\/p>    <p>4. Usuarios de digestores de biog\u00e1s. Antes de que el agua del esti\u00e9rcol entre en el digestor de biog\u00e1s, las medidas de separaci\u00f3n s\u00f3lido-l\u00edquido pueden resolver el problema de precipitaci\u00f3n del esti\u00e9rcol de cerdo en el digestor de biog\u00e1s. Y aumenta en gran medida la capacidad de tratamiento del digestor de biog\u00e1s. Al mismo tiempo, se reduce mucho el \u00e1rea de construcci\u00f3n de los tanques de biog\u00e1s y los tanques bioqu\u00edmicos. Esto ahorra inversi\u00f3n en construcci\u00f3n y uso de tierra para el tratamiento ambiental.<\/p>    <h2 class=\"wp-block-heading\" id=\"h-why-choose-us\">\u00bfPor qu\u00e9 elegirnos?<\/h2>    <p>Somos un fabricante profesional de maquinaria agr\u00edcola. Actualmente, nuestro deshidratador de esti\u00e9rcol ha sido exportado a Pakist\u00e1n, India, Malasia, Filipinas, etc. El cliente que exporta el deshidratador de esti\u00e9rcol a Pakist\u00e1n lo usa para deshidratar esti\u00e9rcol de vaca porque cr\u00eda muchas vacas. Adem\u00e1s, no quiere desperdiciar ning\u00fan esti\u00e9rcol, por lo que compr\u00f3 un deshidratador de heces con una capacidad de 7 metros c\u00fabicos por hora.<\/p>    <div class=\"wp-block-image\"><figure class=\"aligncenter size-large\"><img loading=\"lazy\" decoding=\"async\" width=\"720\" height=\"339\" src=\"https:\/\/www.agriculture-machine.com\/wp-content\/uploads\/2021\/06\/manure-dehydrator.jpg\" alt=\"Deshidratador de esti\u00e9rcol\" class=\"wp-image-10687\" srcset=\"https:\/\/www.agriculture-machine.com\/wp-content\/uploads\/2021\/06\/manure-dehydrator.jpg 720w, https:\/\/www.agriculture-machine.com\/wp-content\/uploads\/2021\/06\/manure-dehydrator-360x170.jpg 360w\" sizes=\"auto, (max-width: 720px) 100vw, 720px\" \/><figcaption>Deshidratador de esti\u00e9rcol<\/figcaption><\/figure><\/div>    <h2 class=\"wp-block-heading\" id=\"h-what-does-a-fecal-dehydrator-include\">\u00bfQu\u00e9 incluye un deshidratador de heces?<\/h2>    <p>El deshidratador de esti\u00e9rcol incluye una unidad principal, una bomba de 4 kW, un armario de control, un par de contrapesos, un conjunto de tubos de succi\u00f3n, un conjunto de tubos de drenaje, un conjunto de instrucciones de uso y una tarjeta de garant\u00eda.<\/p>    <h2 class=\"wp-block-heading\" id=\"h-technical-parameters\">Par\u00e1metros t\u00e9cnicos<\/h2>    <figure class=\"wp-block-table\"><table><tbody><tr><td>Modelo<\/td><td>180<\/td><td>200<\/td><td>300<\/td><\/tr><tr><td>Potencia<\/td><td>220\/380V<\/td><td>380V<\/td><td>380V<\/td><\/tr><tr><td>Potencia de la m\u00e1quina<\/td><td>4kw<\/td><td>5.5kw<\/td><td>7.5kw<\/td><\/tr><tr><td>Potencia de la bomba<\/td><td>3kw<\/td><td>3kw<\/td><td>3kw<\/td><\/tr><tr><td>Entrada<\/td><td>76mm<\/td><td>76mm<\/td><td>76mm<\/td><\/tr><tr><td>Drenar<\/td><td>102mm<\/td><td>102mm<\/td><td>102mm<\/td><\/tr><tr><td>Material<\/td><td>Acero inoxidable 304<\/td><td>Acero inoxidable 304<\/td><td>Acero inoxidable 304<\/td><\/tr><tr><td>Extractor de esti\u00e9rcol<\/td><td>20M3\/h<\/td><td>20M3\/h<\/td><td>25M3\/h<\/td><\/tr><tr><td>Esti\u00e9rcol seco<\/td><td>5M3\/h<\/td><td>7M3\/h<\/td><td>15M3\/h<\/td><\/tr><tr><td>Longitud de la red del cilindro<\/td><td>180*600mm<\/td><td>200*600mm<\/td><td>300*600mm<\/td><\/tr><\/tbody><\/table><\/figure>","protected":false},"excerpt":{"rendered":"<p>Livestock dung dehydrator is also called poultry manure dehydrator. It is used for dehydrating&nbsp;pig dung, cattle dung, rabbits dung, chickens dung, and large and medium-sized livestock farms to treat animal manure.&nbsp;It is also called a solid-liquid separator by some people, which can be used to separate high-concentration slag and liquid in distiller grains, medicine residue, [&hellip;]<\/p>\n","protected":false},"author":1,"featured_media":10682,"parent":0,"comment_status":"closed","ping_status":"closed","template":"","tags":[2611],"product-type":[1],"class_list":["post-10672","product","type-product","status-publish","has-post-thumbnail","hentry","tag-dehydrator","product-type-other"],"_links":{"self":[{"href":"https:\/\/www.agriculture-machine.com\/es\/wp-json\/wp\/v2\/product\/10672","targetHints":{"allow":["GET"]}}],"collection":[{"href":"https:\/\/www.agriculture-machine.com\/es\/wp-json\/wp\/v2\/product"}],"about":[{"href":"https:\/\/www.agriculture-machine.com\/es\/wp-json\/wp\/v2\/types\/product"}],"author":[{"embeddable":true,"href":"https:\/\/www.agriculture-machine.com\/es\/wp-json\/wp\/v2\/users\/1"}],"replies":[{"embeddable":true,"href":"https:\/\/www.agriculture-machine.com\/es\/wp-json\/wp\/v2\/comments?post=10672"}],"wp:featuredmedia":[{"embeddable":true,"href":"https:\/\/www.agriculture-machine.com\/es\/wp-json\/wp\/v2\/media\/10682"}],"wp:attachment":[{"href":"https:\/\/www.agriculture-machine.com\/es\/wp-json\/wp\/v2\/media?parent=10672"}],"wp:term":[{"taxonomy":"post_tag","embeddable":true,"href":"https:\/\/www.agriculture-machine.com\/es\/wp-json\/wp\/v2\/tags?post=10672"},{"taxonomy":"product-type","embeddable":true,"href":"https:\/\/www.agriculture-machine.com\/es\/wp-json\/wp\/v2\/product-type?post=10672"}],"curies":[{"name":"wp","href":"https:\/\/api.w.org\/{rel}","templated":true}]}}