{"id":10692,"date":"2021-06-17T09:08:09","date_gmt":"2021-06-17T01:08:09","guid":{"rendered":"https:\/\/www.agriculture-machine.com\/?p=10692"},"modified":"2024-08-20T17:43:39","modified_gmt":"2024-08-20T09:43:39","slug":"portable-milking-machine-for-cows-goats","status":"publish","type":"product","link":"https:\/\/www.agriculture-machine.com\/es\/portable-milking-machine-for-cows-goats\/","title":{"rendered":"M\u00e1quina de orde\u00f1o de vacas | M\u00e1quina de orde\u00f1o de cabras | Orde\u00f1ador de cabras"},"content":{"rendered":"<p>La m\u00e1quina de orde\u00f1o de vacas se puede usar para orde\u00f1ar vacas, ovejas y cabras. Nuestras m\u00e1quinas de orde\u00f1o para cabras y vacas se dividen en m\u00e1quinas de orde\u00f1o de tipo bomba de pist\u00f3n y m\u00e1quinas de orde\u00f1o tipo bomba al vac\u00edo. La velocidad de orde\u00f1o de la m\u00e1quina al vac\u00edo es muy r\u00e1pida, y la leche extra\u00edda es relativamente limpia e higi\u00e9nica.<\/p>    <figure class=\"wp-block-image aligncenter size-large\"><img loading=\"lazy\" decoding=\"async\" width=\"720\" height=\"381\" src=\"https:\/\/www.agriculture-machine.com\/wp-content\/uploads\/2021\/06\/milking-machine-for-cow-cattle.jpg\" alt=\"m\u00e1quina de orde\u00f1o para vaca y ganado\" class=\"wp-image-10707\" srcset=\"https:\/\/www.agriculture-machine.com\/wp-content\/uploads\/2021\/06\/milking-machine-for-cow-cattle.jpg 720w, https:\/\/www.agriculture-machine.com\/wp-content\/uploads\/2021\/06\/milking-machine-for-cow-cattle-360x191.jpg 360w\" sizes=\"auto, (max-width: 720px) 100vw, 720px\" \/><figcaption class=\"wp-element-caption\">m\u00e1quina de orde\u00f1o para vaca y ganado<\/figcaption><\/figure>    <h2 class=\"wp-block-heading\" id=\"h-types-of-cow-milking-machine\">Tipos de m\u00e1quina de orde\u00f1o de vacas<\/h2>    <p>Nuestro equipo de orde\u00f1o de vacas tiene una m\u00e1quina de un solo barril y una exquisita m\u00e1quina de orde\u00f1o de cabras de doble barril. El volumen del barril de leche tiene un barril de leche de 25 litros de acero inoxidable y un barril de leche transparente de 32 litros. La potencia puede equiparse con motores el\u00e9ctricos y motores de gasolina, y el voltaje de los motores el\u00e9ctricos puede personalizarse.<\/p>    <figure class=\"wp-block-gallery has-nested-images columns-2 is-cropped wp-block-gallery-2 is-layout-flex wp-block-gallery-is-layout-flex\"> <figure class=\"wp-block-image size-large\"><a href=\"https:\/\/www.agriculture-machine.com\/wp-content\/uploads\/2021\/06\/Gasoline-double-barrel-milking-machine.jpg\"><img loading=\"lazy\" decoding=\"async\" width=\"720\" height=\"540\" data-id=\"10696\" src=\"https:\/\/www.agriculture-machine.com\/wp-content\/uploads\/2021\/06\/Gasoline-double-barrel-milking-machine.jpg\" alt=\"M\u00e1quina de orde\u00f1o de doble barril de gasolina\" class=\"wp-image-10696\" srcset=\"https:\/\/www.agriculture-machine.com\/wp-content\/uploads\/2021\/06\/Gasoline-double-barrel-milking-machine.jpg 720w, https:\/\/www.agriculture-machine.com\/wp-content\/uploads\/2021\/06\/Gasoline-double-barrel-milking-machine-360x270.jpg 360w, https:\/\/www.agriculture-machine.com\/wp-content\/uploads\/2021\/06\/Gasoline-double-barrel-milking-machine-240x180.jpg 240w\" sizes=\"auto, (max-width: 720px) 100vw, 720px\" \/><\/a><figcaption class=\"wp-element-caption\">M\u00e1quina de orde\u00f1o de gasolina de doble barril<\/figcaption><\/figure>    <figure class=\"wp-block-image size-large\"><a href=\"https:\/\/www.agriculture-machine.com\/wp-content\/uploads\/2021\/06\/Piston-single-barrel-milking-machine.jpg\"><img loading=\"lazy\" decoding=\"async\" width=\"720\" height=\"540\" data-id=\"10697\" src=\"https:\/\/www.agriculture-machine.com\/wp-content\/uploads\/2021\/06\/Piston-single-barrel-milking-machine.jpg\" alt=\"M\u00e1quina de orde\u00f1o de pist\u00f3n de un solo barril\" class=\"wp-image-10697\" srcset=\"https:\/\/www.agriculture-machine.com\/wp-content\/uploads\/2021\/06\/Piston-single-barrel-milking-machine.jpg 720w, https:\/\/www.agriculture-machine.com\/wp-content\/uploads\/2021\/06\/Piston-single-barrel-milking-machine-360x270.jpg 360w, https:\/\/www.agriculture-machine.com\/wp-content\/uploads\/2021\/06\/Piston-single-barrel-milking-machine-240x180.jpg 240w\" sizes=\"auto, (max-width: 720px) 100vw, 720px\" \/><\/a><figcaption class=\"wp-element-caption\">M\u00e1quina de orde\u00f1o de pist\u00f3n de un solo barril<\/figcaption><\/figure>    <figure class=\"wp-block-image size-large\"><a href=\"https:\/\/www.agriculture-machine.com\/wp-content\/uploads\/2021\/06\/Vacuum-double-barrel-milking-machine.jpg\"><img loading=\"lazy\" decoding=\"async\" width=\"720\" height=\"540\" data-id=\"10698\" src=\"https:\/\/www.agriculture-machine.com\/wp-content\/uploads\/2021\/06\/Vacuum-double-barrel-milking-machine.jpg\" alt=\"M\u00e1quina de orde\u00f1o de doble barril al vac\u00edo\" class=\"wp-image-10698\" srcset=\"https:\/\/www.agriculture-machine.com\/wp-content\/uploads\/2021\/06\/Vacuum-double-barrel-milking-machine.jpg 720w, https:\/\/www.agriculture-machine.com\/wp-content\/uploads\/2021\/06\/Vacuum-double-barrel-milking-machine-360x270.jpg 360w, https:\/\/www.agriculture-machine.com\/wp-content\/uploads\/2021\/06\/Vacuum-double-barrel-milking-machine-240x180.jpg 240w\" sizes=\"auto, (max-width: 720px) 100vw, 720px\" \/><\/a><figcaption class=\"wp-element-caption\">M\u00e1quina de orde\u00f1o de doble barril al vac\u00edo<\/figcaption><\/figure>    <figure class=\"wp-block-image size-large\"><a href=\"https:\/\/www.agriculture-machine.com\/wp-content\/uploads\/2021\/06\/Vacuum-single-barrel-milking-machine.jpg\"><img loading=\"lazy\" decoding=\"async\" width=\"720\" height=\"540\" data-id=\"10699\" src=\"https:\/\/www.agriculture-machine.com\/wp-content\/uploads\/2021\/06\/Vacuum-single-barrel-milking-machine.jpg\" alt=\"M\u00e1quina de orde\u00f1o de un solo barril al vac\u00edo\" class=\"wp-image-10699\" srcset=\"https:\/\/www.agriculture-machine.com\/wp-content\/uploads\/2021\/06\/Vacuum-single-barrel-milking-machine.jpg 720w, https:\/\/www.agriculture-machine.com\/wp-content\/uploads\/2021\/06\/Vacuum-single-barrel-milking-machine-360x270.jpg 360w, https:\/\/www.agriculture-machine.com\/wp-content\/uploads\/2021\/06\/Vacuum-single-barrel-milking-machine-240x180.jpg 240w\" sizes=\"auto, (max-width: 720px) 100vw, 720px\" \/><\/a><figcaption class=\"wp-element-caption\">M\u00e1quina de orde\u00f1o de un solo barril al vac\u00edo<\/figcaption><\/figure> <\/figure>    <h2 class=\"wp-block-heading\" id=\"h-piston-pump-type-milking-machine-structure\">Estructura de la m\u00e1quina de orde\u00f1o de pist\u00f3n de tipo bomba pist\u00f3n<\/h2>    <p>Nuestra m\u00e1quina port\u00e1til de leche para vacas se compone principalmente de un marco de apoyo, cubeta de leche, grupo de copa de leche, v\u00e1lvula reguladora, colector de leche, tuber\u00eda, man\u00f3metro de vac\u00edo, bomba de pist\u00f3n, dispositivo de transmisi\u00f3n, motor y l\u00e1mpara de trabajo.<\/p>    <figure class=\"wp-block-image aligncenter size-large\"><img loading=\"lazy\" decoding=\"async\" width=\"720\" height=\"540\" src=\"https:\/\/www.agriculture-machine.com\/wp-content\/uploads\/2021\/06\/Piston-pump-type-milking-machine-structure.jpg\" alt=\"equipo de orde\u00f1o\" class=\"wp-image-10694\" srcset=\"https:\/\/www.agriculture-machine.com\/wp-content\/uploads\/2021\/06\/Piston-pump-type-milking-machine-structure.jpg 720w, https:\/\/www.agriculture-machine.com\/wp-content\/uploads\/2021\/06\/Piston-pump-type-milking-machine-structure-360x270.jpg 360w, https:\/\/www.agriculture-machine.com\/wp-content\/uploads\/2021\/06\/Piston-pump-type-milking-machine-structure-240x180.jpg 240w\" sizes=\"auto, (max-width: 720px) 100vw, 720px\" \/><figcaption class=\"wp-element-caption\">equipo de orde\u00f1o<\/figcaption><\/figure>    <h3 class=\"wp-block-heading\" id=\"h-technical-parameters\">Par\u00e1metros t\u00e9cnicos de la m\u00e1quina de orde\u00f1o de vacas<\/h3>    <figure class=\"wp-block-table is-style-stripes\"><table><tbody><tr><td>Modelo<\/td><td>HL-JN01<\/td><td>HL-JN02<\/td><\/tr><tr><td>Vac\u00edo<\/td><td>50 kPa<\/td><td>50 kPa<\/td><\/tr><tr><td>Bomba de vac\u00edo<\/td><td>250L\/min<\/td><td>250L\/min<\/td><\/tr><tr><td>Voltaje<\/td><td>220v\/50HZ (El motor puede personalizarse)<\/td><td>220\/50Hz ((El motor puede personalizarse))<\/td><\/tr><tr><td>Potencia<\/td><td>0.75KW<\/td><td>1.1kw<\/td><\/tr><tr><td>Cubeta de leche de acero inoxidable<\/td><td>25L (cubeta de leche transparente)<\/td><td>25L\uff08cubeta de leche transparente\uff09<\/td><\/tr><tr><td>Capacidad<\/td><td>10-12 vacas\/hora<\/td><td>20-24 vacas\/hora<\/td><\/tr><tr><td>Tiempo de orde\u00f1o<\/td><td>5-6 minutos\/vaca<\/td><td>5-6 minutos\/vaca<\/td><\/tr><tr><td>Frecuencia de pulso<\/td><td>60:40<\/td><td>60:40<\/td><\/tr><tr><td>Adecuado<\/td><td>vacas, cabras (se puede reemplazar la copa de orde\u00f1o)<\/td><td>vacas, cabras (se puede reemplazar la copa de orde\u00f1o)<\/td><\/tr><tr><td>Peso de la m\u00e1quina<\/td><td>90kg<\/td><td>100kg<\/td><\/tr><tr><td>Tama\u00f1o de embalaje (LxAnxAl)<\/td><td>800*650*980mm<\/td><td>800x720x980mm<\/td><\/tr><\/tbody><\/table><figcaption class=\"wp-element-caption\">Datos t\u00e9cnicos de la m\u00e1quina de orde\u00f1o de vacas<\/figcaption><\/figure>    <h2 class=\"wp-block-heading\" id=\"h-composition-of-vacuum-cow-milking-machine\">Composici\u00f3n de la m\u00e1quina de orde\u00f1o de vacas al vac\u00edo<\/h2>    <p>La bomba de vac\u00edo para el soporte de la vaca de orde\u00f1o tiene una v\u00e1lvula de regulaci\u00f3n de presi\u00f3n, barril de orde\u00f1o, silenciador, pulsador, colector de leche, man\u00f3metro, tubo de aire, revestimiento de leche, tuber\u00eda de leche y bomba de vac\u00edo.<\/p>    <figure class=\"wp-block-image aligncenter size-large\"><img loading=\"lazy\" decoding=\"async\" width=\"720\" height=\"540\" src=\"https:\/\/www.agriculture-machine.com\/wp-content\/uploads\/2021\/06\/vacuum-milking-machine.jpg\" alt=\"orde\u00f1ador al vac\u00edo\" class=\"wp-image-10695\" srcset=\"https:\/\/www.agriculture-machine.com\/wp-content\/uploads\/2021\/06\/vacuum-milking-machine.jpg 720w, https:\/\/www.agriculture-machine.com\/wp-content\/uploads\/2021\/06\/vacuum-milking-machine-360x270.jpg 360w, https:\/\/www.agriculture-machine.com\/wp-content\/uploads\/2021\/06\/vacuum-milking-machine-240x180.jpg 240w\" sizes=\"auto, (max-width: 720px) 100vw, 720px\" \/><figcaption class=\"wp-element-caption\">orde\u00f1ador al vac\u00edo <\/figcaption><\/figure>    <p>Esta bomba de vac\u00edo para equipo de orde\u00f1o de cabras adopta una bomba de vac\u00edo de paletas rotativas, transmisi\u00f3n directa, estructura compacta y razonable, con un dispositivo de lubricaci\u00f3n autom\u00e1tica para garantizar un funcionamiento libre de problemas.<\/p>    <h3 class=\"wp-block-heading\" id=\"h-technical-parameters-1\">Par\u00e1metros t\u00e9cnicos<\/h3>    <figure class=\"wp-block-table is-style-stripes\"><table><tbody><tr><td>Modelo<\/td><td>HL-JN04<\/td><td>HL-JN05<\/td><\/tr><tr><td>Nombre<\/td><td>M\u00e1quina de orde\u00f1o de pist\u00f3n de un solo barril<\/td><td>M\u00e1quina de orde\u00f1o de pist\u00f3n de doble barril<\/td><\/tr><tr><td>Vac\u00edo<\/td><td>50 kPa<\/td><td>50 kPa<\/td><\/tr><tr><td>Bomba de vac\u00edo<\/td><td>250L\/min<\/td><td>250L\/min<\/td><\/tr><tr><td>Voltaje<\/td><td>220v\/50HZ (El motor puede personalizarse)<\/td><td>220\/50Hz ((El motor puede personalizarse))<\/td><\/tr><tr><td>Potencia<\/td><td>0.55KW<\/td><td>0.75KW<\/td><\/tr><tr><td>Cubeta de leche de acero inoxidable<\/td><td>25L (cubeta de leche transparente)<\/td><td>25L\uff08cubeta de leche transparente\uff09<\/td><\/tr><tr><td>Capacidad<\/td><td>10-12 vacas\/hora<\/td><td>20-24 vacas\/hora<\/td><\/tr><tr><td>Tiempo de orde\u00f1o<\/td><td>5-6 minutos\/vaca<\/td><td>5-6 minutos\/vaca<\/td><\/tr><tr><td>Frecuencia de pulso<\/td><td>60:40<\/td><td>60:40<\/td><\/tr><tr><td>Adecuado<\/td><td>vacas, cabras (se puede reemplazar la copa de orde\u00f1o)<\/td><td>vacas, cabras (se puede reemplazar la copa de orde\u00f1o)<\/td><\/tr><tr><td>Peso de la m\u00e1quina<\/td><td>68kg<\/td><td>98kg<\/td><\/tr><tr><td>Tama\u00f1o de embalaje (LxAnxAl)<\/td><td>800x620x1000mm<\/td><td>800x650x1000mm<\/td><\/tr><\/tbody><\/table><figcaption class=\"wp-element-caption\">informaci\u00f3n detallada sobre la m\u00e1quina de orde\u00f1o de vacas<\/figcaption><\/figure>    <p>Se utiliza un tanque de vac\u00edo de acero inoxidable, y la leche de cabra se bombea al tanque de vac\u00edo a trav\u00e9s de un tubo de goma. El tanque de vac\u00edo est\u00e1 equipado con un regulador de vac\u00edo y un pulsador. La cubeta de leche es de acero inoxidable y est\u00e1 equipada con una junta de sellado de goma para formar un contenedor sellado durante el trabajo. <\/p>    <p>La copa de orde\u00f1o se monta con un interruptor autom\u00e1tico, que es una medida importante para proteger el pecho, y est\u00e1 equipada con una v\u00e1lvula de parada de succi\u00f3n. Utilizando un pulsador importado, su forma de pulsaci\u00f3n es extremadamente estable y confiable.<\/p>    <h2 class=\"wp-block-heading\" id=\"h-working-of-cow-milking-machine\">Trabajando en la m\u00e1quina de orde\u00f1o de vacas<\/h2>    <p>Verifique la presi\u00f3n de orde\u00f1o y ejec\u00fatelo durante 2-3 minutos despu\u00e9s de iniciar la m\u00e1quina. No debe haber atascos ni ruidos an\u00f3malos en todas las piezas m\u00f3viles. Luego d\u00e9 la grupo de copas de leche volteado (es decir, las tomas de conexi\u00f3n del colector de leche miran hacia arriba y la boca de la copa de leche mira hacia abajo), y la aguja del man\u00f3metro de vac\u00edo debe alcanzar 0,04-0,045 MPa. <\/p>    <p>Cuando el vac\u00edo es demasiado alto o demasiado bajo, ajuste la v\u00e1lvula reguladora (gira a la derecha) Para aumentar el grado de vac\u00edo, y al girar a la izquierda, disminuirlo) para lograr la presi\u00f3n de orde\u00f1o requerida antes de realizar el trabajo de orde\u00f1o. Esto es muy importante cuando los componentes de orde\u00f1o est\u00e1n operando.<\/p>    <h3 class=\"wp-block-heading\" id=\"h-installation-of-milk-cup\">Instalaci\u00f3n de la copa de leche<\/h3>    <p>El orde\u00f1ador debe pararse al lado de la vaca con la copa de orde\u00f1o invertida en su mano izquierda (los tubos de conexi\u00f3n del colector de leche mirando hacia arriba, y las copas de pez\u00f3n mirando hacia abajo), y colocarlas debajo de los pezones. En consecuencia, doblar los tubos cortos uno por uno para que el ambiente no pueda entrar), coloca r\u00e1pidamente las copas en el pez\u00f3n, estira los tubos cortos, y el vac\u00edo empezar\u00e1 a succionar el pez\u00f3n.<\/p>    <h3 class=\"wp-block-heading\" id=\"h-milk-flow-control\">Control de caudal de leche<\/h3>    <p>El orde\u00f1o debe realizarse con un vac\u00edo de trabajo normal (generalmente no m\u00e1s de 0.05 MPa). Cuando el flujo de leche es bajo, se puede masajear el pecho a mano. Una vez que el flujo de leche se detenga, la coleta de leche debe presionarse a mano durante 5-10 segundos para continuar el orde\u00f1o. <\/p>    <p>Luego, sostenga el colector de pecho con una mano y presione la abertura de la copa de pez\u00f3n en el pecho con la otra mano para permitir que entre la atm\u00f3sfera y mover r\u00e1pidamente las copas una por una desde diferentes direcciones.<\/p>    <h3 class=\"wp-block-heading\" id=\"h-other-conditions\">Otras condiciones<\/h3>    <p>Las vacas y ovejas que nunca han usado una m\u00e1quina de orde\u00f1o pueden tener una producci\u00f3n de leche m\u00e1s baja en los primeros d\u00edas, o incluso perder el copa de leche. Nunca use el orde\u00f1o manual en este momento, de lo contrario ser\u00e1 dif\u00edcil para las vacas y ovejas aceptar el orde\u00f1o mec\u00e1nico. <\/p>    <p>Coloque la m\u00e1quina de orde\u00f1o en el gallinero unos d\u00edas antes del primer uso, para que se acostumbren al ruido de la m\u00e1quina y a las cosas en la m\u00e1quina de orde\u00f1o de vacas, durante unos 2-4 d\u00edas. La vaca se acostumbrar\u00e1 gradualmente a la m\u00e1quina de orde\u00f1o y la producci\u00f3n de leche volver\u00e1 a la normalidad.<\/p>    <h2 class=\"wp-block-heading\" id=\"h-advantages-of-vacuum-pump-milking-machine\">Ventajas de la m\u00e1quina de orde\u00f1o con bomba de vac\u00edo<\/h2>    <ul class=\"wp-block-list\"> <li>Bajo ruido, estructura simple, operaci\u00f3n flexible y conveniente, trabajo estable, alta eficiencia de orde\u00f1o, orde\u00f1o alterno.<\/li>    <li>Con un pulsador, el orde\u00f1o es suave, no da\u00f1a los pezones y ayuda a aumentar la producci\u00f3n de leche de la oveja lechera.<\/li>    <li>El equipo de orde\u00f1o m\u00f3vil para ovejas tiene la ventaja de rendimiento estable, gran almacenamiento efectivo de los tanques de vac\u00edo, bajo ruido y operaci\u00f3n simple.<\/li>    <li>La m\u00e1quina orde\u00f1adora funciona en estado horizontal y se empuja al costado de la cabra lechera para orde\u00f1ar. Tambi\u00e9n puede conectarse como fuente de vac\u00edo para orde\u00f1o por tuber\u00eda.<\/li> <\/ul>    <h2 class=\"wp-block-heading\" id=\"h-packing-and-shipping\">Embalaje y env\u00edo<\/h2>    <p>Despu\u00e9s de que los clientes hagan un pedido con nosotros, lo enviaremos de inmediato, ya que nuestras diversas tipos de m\u00e1quinas de orde\u00f1o para vacas est\u00e1n en stock. Utilizamos embalaje en caja de madera, por lo que muchas m\u00e1quinas exportadas han recibido elogios un\u00e1nimes de los clientes. Porque el cliente recibi\u00f3 la m\u00e1quina en buenas condiciones.<\/p>    <figure class=\"wp-block-gallery has-nested-images columns-2 is-cropped wp-block-gallery-3 is-layout-flex wp-block-gallery-is-layout-flex\"> <figure class=\"wp-block-image size-large\"><a href=\"https:\/\/www.agriculture-machine.com\/wp-content\/uploads\/2021\/06\/milking-machine-in-stock-.jpg\"><img loading=\"lazy\" decoding=\"async\" width=\"720\" height=\"540\" data-id=\"10708\" src=\"https:\/\/www.agriculture-machine.com\/wp-content\/uploads\/2021\/06\/milking-machine-in-stock-.jpg\" alt=\"m\u00e1quina de orde\u00f1o en stock\" class=\"wp-image-10708\" srcset=\"https:\/\/www.agriculture-machine.com\/wp-content\/uploads\/2021\/06\/milking-machine-in-stock-.jpg 720w, https:\/\/www.agriculture-machine.com\/wp-content\/uploads\/2021\/06\/milking-machine-in-stock--360x270.jpg 360w, https:\/\/www.agriculture-machine.com\/wp-content\/uploads\/2021\/06\/milking-machine-in-stock--240x180.jpg 240w\" sizes=\"auto, (max-width: 720px) 100vw, 720px\" \/><\/a><figcaption class=\"wp-element-caption\">m\u00e1quina de orde\u00f1o en stock<\/figcaption><\/figure>    <figure class=\"wp-block-image size-large\"><a href=\"https:\/\/www.agriculture-machine.com\/wp-content\/uploads\/2021\/06\/Milking-machine-in-stock.jpg\"><img loading=\"lazy\" decoding=\"async\" width=\"720\" height=\"540\" data-id=\"10709\" src=\"https:\/\/www.agriculture-machine.com\/wp-content\/uploads\/2021\/06\/Milking-machine-in-stock.jpg\" alt=\"M\u00e1quina de orde\u00f1o en stock\" class=\"wp-image-10709\" srcset=\"https:\/\/www.agriculture-machine.com\/wp-content\/uploads\/2021\/06\/Milking-machine-in-stock.jpg 720w, https:\/\/www.agriculture-machine.com\/wp-content\/uploads\/2021\/06\/Milking-machine-in-stock-360x270.jpg 360w, https:\/\/www.agriculture-machine.com\/wp-content\/uploads\/2021\/06\/Milking-machine-in-stock-240x180.jpg 240w\" sizes=\"auto, (max-width: 720px) 100vw, 720px\" \/><\/a><figcaption class=\"wp-element-caption\">M\u00e1quina de orde\u00f1o en stock<\/figcaption><\/figure>    <figure class=\"wp-block-image size-large\"><a href=\"https:\/\/www.agriculture-machine.com\/wp-content\/uploads\/2021\/06\/packing-of-cow-milking-machine.jpg\"><img loading=\"lazy\" decoding=\"async\" width=\"720\" height=\"540\" data-id=\"10710\" src=\"https:\/\/www.agriculture-machine.com\/wp-content\/uploads\/2021\/06\/packing-of-cow-milking-machine.jpg\" alt=\"embalaje de la m\u00e1quina de orde\u00f1o de vacas\" class=\"wp-image-10710\" srcset=\"https:\/\/www.agriculture-machine.com\/wp-content\/uploads\/2021\/06\/packing-of-cow-milking-machine.jpg 720w, https:\/\/www.agriculture-machine.com\/wp-content\/uploads\/2021\/06\/packing-of-cow-milking-machine-360x270.jpg 360w, https:\/\/www.agriculture-machine.com\/wp-content\/uploads\/2021\/06\/packing-of-cow-milking-machine-240x180.jpg 240w\" sizes=\"auto, (max-width: 720px) 100vw, 720px\" \/><\/a><figcaption class=\"wp-element-caption\">embalaje de la m\u00e1quina de orde\u00f1o de vacas<\/figcaption><\/figure>    <figure class=\"wp-block-image size-large\"><a href=\"https:\/\/www.agriculture-machine.com\/wp-content\/uploads\/2021\/06\/shipping-of-goat-milking-machine.jpg\"><img loading=\"lazy\" decoding=\"async\" width=\"720\" height=\"540\" data-id=\"10711\" src=\"https:\/\/www.agriculture-machine.com\/wp-content\/uploads\/2021\/06\/shipping-of-goat-milking-machine.jpg\" alt=\"env\u00edo de la m\u00e1quina de orde\u00f1o de cabras\" class=\"wp-image-10711\" srcset=\"https:\/\/www.agriculture-machine.com\/wp-content\/uploads\/2021\/06\/shipping-of-goat-milking-machine.jpg 720w, https:\/\/www.agriculture-machine.com\/wp-content\/uploads\/2021\/06\/shipping-of-goat-milking-machine-360x270.jpg 360w, https:\/\/www.agriculture-machine.com\/wp-content\/uploads\/2021\/06\/shipping-of-goat-milking-machine-240x180.jpg 240w\" sizes=\"auto, (max-width: 720px) 100vw, 720px\" \/><\/a><figcaption class=\"wp-element-caption\">env\u00edo de la m\u00e1quina de orde\u00f1o de cabras<\/figcaption><\/figure> <\/figure>","protected":false},"excerpt":{"rendered":"<p>Este art\u00edculo muestra el tipo de m\u00e1quina de orde\u00f1o de vacas. Tenemos m\u00e1quinas de orde\u00f1o de pist\u00f3n, m\u00e1quinas de orde\u00f1o al vac\u00edo. Es adecuado para cabras, vacas, etc.<\/p>","protected":false},"author":1,"featured_media":10704,"parent":0,"comment_status":"closed","ping_status":"closed","template":"","tags":[947,946],"product-type":[1],"class_list":["post-10692","product","type-product","status-publish","has-post-thumbnail","hentry","tag-cow","tag-goat","product-type-other"],"_links":{"self":[{"href":"https:\/\/www.agriculture-machine.com\/es\/wp-json\/wp\/v2\/product\/10692","targetHints":{"allow":["GET"]}}],"collection":[{"href":"https:\/\/www.agriculture-machine.com\/es\/wp-json\/wp\/v2\/product"}],"about":[{"href":"https:\/\/www.agriculture-machine.com\/es\/wp-json\/wp\/v2\/types\/product"}],"author":[{"embeddable":true,"href":"https:\/\/www.agriculture-machine.com\/es\/wp-json\/wp\/v2\/users\/1"}],"replies":[{"embeddable":true,"href":"https:\/\/www.agriculture-machine.com\/es\/wp-json\/wp\/v2\/comments?post=10692"}],"wp:featuredmedia":[{"embeddable":true,"href":"https:\/\/www.agriculture-machine.com\/es\/wp-json\/wp\/v2\/media\/10704"}],"wp:attachment":[{"href":"https:\/\/www.agriculture-machine.com\/es\/wp-json\/wp\/v2\/media?parent=10692"}],"wp:term":[{"taxonomy":"post_tag","embeddable":true,"href":"https:\/\/www.agriculture-machine.com\/es\/wp-json\/wp\/v2\/tags?post=10692"},{"taxonomy":"product-type","embeddable":true,"href":"https:\/\/www.agriculture-machine.com\/es\/wp-json\/wp\/v2\/product-type?post=10692"}],"curies":[{"name":"wp","href":"https:\/\/api.w.org\/{rel}","templated":true}]}}