{"id":10716,"date":"2021-06-17T18:25:19","date_gmt":"2021-06-17T10:25:19","guid":{"rendered":"https:\/\/www.agriculture-machine.com\/?p=10716"},"modified":"2024-10-24T14:11:26","modified_gmt":"2024-10-24T06:11:26","slug":"small-sweet-corn-sheller-for-fresh-maize","status":"publish","type":"product","link":"https:\/\/www.agriculture-machine.com\/es\/small-sweet-corn-sheller-for-fresh-maize\/","title":{"rendered":"Trilladora de ma\u00edz fresco | M\u00e1quina de trillar ma\u00edz dulce | Descascador de ma\u00edz dulce"},"content":{"rendered":"<p class=\"translation-block\">El <strong>recolector de ma\u00edz fresco<\/strong> puede trillar todo tipo de ma\u00edz fresco, ma\u00edz dulce, ma\u00edz waxy, ma\u00edz cocido y ma\u00edz despu\u00e9s de descongelar. Puede manejar hasta 600 kg de granos de ma\u00edz fresco por hora, aumentando la eficiencia en m\u00e1s de 30 veces en comparaci\u00f3n con el trillado manual tradicional, resolviendo completamente el problema de escasez de mano de obra y baja eficiencia durante las temporadas de alta demanda agr\u00edcola.<\/p>    <p>El dise\u00f1o anti-damage \u00fanico del descascarador de ma\u00edz dulce garantiza que cada grano de ma\u00edz est\u00e9 lleno y sin da\u00f1os, y la tasa de trilla alcanza el 98%. Es adecuado para f\u00e1bricas y empresas como cocinas centrales, kernels de ma\u00edz enlatado, jarabe de ma\u00edz ultracongelado, f\u00e1bricas de kernels de ma\u00edz, procesamiento de alimentos secos, procesamiento de productos agr\u00edcolas y de actividades secundarias, etc.<\/p>    <figure class=\"wp-block-embed aligncenter is-type-video is-provider-youtube wp-block-embed-youtube wp-embed-aspect-16-9 wp-has-aspect-ratio\"><div class=\"wp-block-embed__wrapper\"> <iframe loading=\"lazy\" title=\"\u00a1M\u00e1quina de descascarado de ma\u00edz fresco de acero inoxidable! recolector de ma\u00edz dulce limpio y en buen estado para la venta\" width=\"500\" height=\"281\" src=\"https:\/\/www.youtube.com\/embed\/f_IO5_pMlug?feature=oembed\" frameborder=\"0\" allow=\"accelerometer; autoplay; clipboard-write; encrypted-media; gyroscope; picture-in-picture; web-share\" referrerpolicy=\"strict-origin-when-cross-origin\" allowfullscreen><\/iframe> <\/div><figcaption class=\"wp-element-caption\">c\u00f3mo funciona la m\u00e1quina de descascarar ma\u00edz dulce<\/figcaption><\/figure>    <p>Varias m\u00e1quinas de descascarado de ma\u00edz dulce pueden trabajar con l\u00edneas de ensamblaje a gran escala, por ejemplo, l\u00edneas de producci\u00f3n de trilla y lavado de ma\u00edz. Una sola m\u00e1quina puede usarse para procesamiento de alimentos, como producci\u00f3n de ma\u00edz enlatado y talleres de procesamiento, etc.<\/p>    <figure class=\"wp-block-image aligncenter size-large\"><img loading=\"lazy\" decoding=\"async\" width=\"720\" height=\"540\" src=\"https:\/\/www.agriculture-machine.com\/wp-content\/uploads\/2021\/06\/Sweet-corn-sheller.jpg\" alt=\"Descascarador de ma\u00edz dulce\" class=\"wp-image-10718\" srcset=\"https:\/\/www.agriculture-machine.com\/wp-content\/uploads\/2021\/06\/Sweet-corn-sheller.jpg 720w, https:\/\/www.agriculture-machine.com\/wp-content\/uploads\/2021\/06\/Sweet-corn-sheller-360x270.jpg 360w, https:\/\/www.agriculture-machine.com\/wp-content\/uploads\/2021\/06\/Sweet-corn-sheller-240x180.jpg 240w\" sizes=\"auto, (max-width: 720px) 100vw, 720px\" \/><figcaption class=\"wp-element-caption\">Descascarador de ma\u00edz dulce<\/figcaption><\/figure>    <h2 class=\"wp-block-heading\" id=\"h-structure-of-the-fresh-corn-threshing-machine\">Estructura y caracter\u00edsticas de la m\u00e1quina de trillar ma\u00edz fresco<\/h2>    <p>Toda la m\u00e1quina de trillar ma\u00edz fresco est\u00e1 hecha de acero inoxidable, lo que puede adaptarse completamente al ambiente h\u00famedo del centro de procesamiento. Sus componentes principales se muestran en la figura a continuaci\u00f3n.<\/p>    <ul class=\"wp-block-list\"> <li><strong>Dise\u00f1o razonable:<\/strong> Toda la m\u00e1quina est\u00e1 hecha de acero inoxidable, y es f\u00e1cil de mover con ruedas. El convertidor de frecuencia controla la velocidad y la operaci\u00f3n es sencilla.<\/li>    <li><strong>Alimentaci\u00f3n conveniente: <\/strong>La entrada de alimentaci\u00f3n est\u00e1 equipada con un dispositivo de alimentaci\u00f3n por cadena, que mejora efectivamente la eficiencia del trabajo.<\/li>    <li><strong>Puerto de descarga: <\/strong>Est\u00e1 equipado con un soplador para limpiar y embellecer los granos de ma\u00edz despu\u00e9s de ser removidos.<\/li>    <li><strong>Alta adaptabilidad: <\/strong>No solo es adecuada para producci\u00f3n a gran escala en f\u00e1bricas y l\u00edneas de ensamblaje, sino tambi\u00e9n para procesamiento en talleres familiares.<\/li>    <li><strong>Alta tasa de trilla: <\/strong>Es adecuado para el trillar de varios tama\u00f1os de ma\u00edz, y la profundidad del trillar es ajustable.<\/li>    <li><strong>Herramientas de cuchilla con larga vida \u00fatil: <\/strong>Est\u00e1n hechos de material de acero inoxidable especial, sometidos a tratamiento de proceso especial, no requieren afilado prolongado y son duraderos.<\/li> <\/ul>    <figure class=\"wp-block-image aligncenter size-large is-resized\"><img loading=\"lazy\" decoding=\"async\" width=\"720\" height=\"540\" src=\"https:\/\/www.agriculture-machine.com\/wp-content\/uploads\/2021\/06\/Sweet-corn-thresher-structure.jpg\" alt=\"Estructura del recolector de ma\u00edz dulce\" class=\"wp-image-10719\" style=\"width:720px;height:auto\" srcset=\"https:\/\/www.agriculture-machine.com\/wp-content\/uploads\/2021\/06\/Sweet-corn-thresher-structure.jpg 720w, https:\/\/www.agriculture-machine.com\/wp-content\/uploads\/2021\/06\/Sweet-corn-thresher-structure-360x270.jpg 360w, https:\/\/www.agriculture-machine.com\/wp-content\/uploads\/2021\/06\/Sweet-corn-thresher-structure-240x180.jpg 240w\" sizes=\"auto, (max-width: 720px) 100vw, 720px\" \/><figcaption class=\"wp-element-caption\">Estructura del recolector de ma\u00edz dulce<\/figcaption><\/figure>    <h2 class=\"wp-block-heading\" id=\"h-introduction-of-threshing-sweet-corn\">Principio de funcionamiento del trillar de ma\u00edz dulce<\/h2>    <h3 class=\"wp-block-heading\" id=\"h-place-peeled-fresh-corn-on-the-conveyor-chain\">Coloque el ma\u00edz fresco pelado en la cadena transportadora<\/h3>    <ul class=\"wp-block-list\"> <li>El ma\u00edz se alimenta en la m\u00e1quina de ma\u00edz una por una mediante la cadena transportadora.<\/li>    <li>El sistema de transporte utiliza una cadena de acero inoxidable para un transporte de velocidad uniforme. V=15 m\/min.<\/li>    <li>Alimentando el ma\u00edz.<\/li>    <li>La rueda de goma gira en la direcci\u00f3n de la flecha, sujetando y transportando la mazorca hacia el cortador.<\/li>    <li>La rueda de goma est\u00e1 hecha de un material especial no t\u00f3xico con textura suave y el\u00e1stica. Garantiza que el ma\u00edz de piel ultrafina no se rompa ni explote.<\/li> <\/ul>    <figure class=\"wp-block-image aligncenter size-large is-resized\"><img loading=\"lazy\" decoding=\"async\" width=\"720\" height=\"540\" src=\"https:\/\/www.agriculture-machine.com\/wp-content\/uploads\/2021\/06\/corn.jpg\" alt=\"estructura interna\" class=\"wp-image-10720\" style=\"width:540px;height:405px\" srcset=\"https:\/\/www.agriculture-machine.com\/wp-content\/uploads\/2021\/06\/corn.jpg 720w, https:\/\/www.agriculture-machine.com\/wp-content\/uploads\/2021\/06\/corn-360x270.jpg 360w, https:\/\/www.agriculture-machine.com\/wp-content\/uploads\/2021\/06\/corn-240x180.jpg 240w\" sizes=\"auto, (max-width: 720px) 100vw, 720px\" \/><figcaption class=\"wp-element-caption\">estructura interna<\/figcaption><\/figure>    <h3 class=\"wp-block-heading\" id=\"h-core-structure-separation-of-kernel-and-stem\">Estructura principal-separaci\u00f3n del grano y el tallo<\/h3>    <ul class=\"wp-block-list\"> <li>Las cuchillas y cabezales de corte \u00fanicos pueden cortar f\u00e1cilmente mazorcas de diferentes di\u00e1metros. <\/li>    <li>Una cuchilla de cinco piezas gira a alta velocidad, cerca de la mazorca. <\/li>    <li>La cuchilla gira en sentido antihorario para cortar las mazorcas de ma\u00edz. <\/li>    <li>La herramienta de corte est\u00e1 hecha de materiales de alta dureza, alta tenacidad y alta resistencia al desgaste. Actualmente, ha pasado por varias etapas de desarrollo, lo que extiende mucho el ciclo de afilado y mejora significativamente la eficiencia de producci\u00f3n.<\/li> <\/ul>    <figure class=\"wp-block-image aligncenter size-large is-resized\"><img loading=\"lazy\" decoding=\"async\" width=\"720\" height=\"540\" src=\"https:\/\/www.agriculture-machine.com\/wp-content\/uploads\/2021\/06\/maize.jpg\" alt=\"Detalles internos\" class=\"wp-image-10721\" style=\"width:540px;height:405px\" srcset=\"https:\/\/www.agriculture-machine.com\/wp-content\/uploads\/2021\/06\/maize.jpg 720w, https:\/\/www.agriculture-machine.com\/wp-content\/uploads\/2021\/06\/maize-360x270.jpg 360w, https:\/\/www.agriculture-machine.com\/wp-content\/uploads\/2021\/06\/maize-240x180.jpg 240w\" sizes=\"auto, (max-width: 720px) 100vw, 720px\" \/><figcaption class=\"wp-element-caption\">Detalles internos<\/figcaption><\/figure>    <h3 class=\"wp-block-heading\" id=\"h-radial-cutting-of-corn-cob\">Corte radial de la mazorca<\/h3>    <ul class=\"wp-block-list\"> <li>El corte es limpio, suave y seco, sin da\u00f1ar el contenido del grano.<\/li>    <li>La profundidad de corte es ajustable y puede satisfacer las necesidades de todos los usuarios.<\/li> <\/ul>    <figure class=\"wp-block-image aligncenter size-large is-resized\"><img loading=\"lazy\" decoding=\"async\" width=\"720\" height=\"540\" src=\"https:\/\/www.agriculture-machine.com\/wp-content\/uploads\/2021\/06\/Radial-cutting.jpg\" alt=\"Corte radial\" class=\"wp-image-10722\" style=\"width:540px;height:405px\" srcset=\"https:\/\/www.agriculture-machine.com\/wp-content\/uploads\/2021\/06\/Radial-cutting.jpg 720w, https:\/\/www.agriculture-machine.com\/wp-content\/uploads\/2021\/06\/Radial-cutting-360x270.jpg 360w, https:\/\/www.agriculture-machine.com\/wp-content\/uploads\/2021\/06\/Radial-cutting-240x180.jpg 240w\" sizes=\"auto, (max-width: 720px) 100vw, 720px\" \/><figcaption class=\"wp-element-caption\">Corte radial<\/figcaption><\/figure>    <h3 class=\"wp-block-heading\" id=\"h-axial-cutting-of-corn-cob\">Corte axial de la mazorca<\/h3>    <ul class=\"wp-block-list\"> <li>Se puede lograr un corte c\u00f3nico axial, lo que mejora en gran medida el rendimiento de los granos de ma\u00edz.<\/li>    <li>Ma\u00edz especial cortado suavemente y ma\u00edz curvado.<\/li>    <li>La longitud m\u00ednima del grano de ma\u00edz para cortar es de 80mm.<\/li> <\/ul>    <figure class=\"wp-block-image aligncenter size-large is-resized\"><img loading=\"lazy\" decoding=\"async\" width=\"720\" height=\"540\" src=\"https:\/\/www.agriculture-machine.com\/wp-content\/uploads\/2021\/06\/Axial-cutting.jpg\" alt=\"Corte axial\" class=\"wp-image-10723\" style=\"width:540px;height:405px\" srcset=\"https:\/\/www.agriculture-machine.com\/wp-content\/uploads\/2021\/06\/Axial-cutting.jpg 720w, https:\/\/www.agriculture-machine.com\/wp-content\/uploads\/2021\/06\/Axial-cutting-360x270.jpg 360w, https:\/\/www.agriculture-machine.com\/wp-content\/uploads\/2021\/06\/Axial-cutting-240x180.jpg 240w\" sizes=\"auto, (max-width: 720px) 100vw, 720px\" \/><figcaption class=\"wp-element-caption\">Corte axial<\/figcaption><\/figure>    <h3 class=\"wp-block-heading\" id=\"h-corn-cob-discharge\">Descarga de mazorca<\/h3>    <ul class=\"wp-block-list\"> <li>Hay un cortador de disco dentado en el centro del rodillo de pl\u00e1stico.<\/li>    <li>La mazorca puede ser sujeta, transportada y descargada.<\/li>    <li>La mazorca se expulsa coaxialmente mediante dos juegos de cuatro ruedas de descarga, lo que mejora la estabilidad de la descarga y evita atascos.<\/li> <\/ul>    <figure class=\"wp-block-image aligncenter size-large is-resized\"><img loading=\"lazy\" decoding=\"async\" width=\"506\" height=\"540\" src=\"https:\/\/www.agriculture-machine.com\/wp-content\/uploads\/2021\/06\/Corn-cob-discharge.jpg\" alt=\"Descarga de mazorca\" class=\"wp-image-10724\" style=\"width:380px;height:405px\" srcset=\"https:\/\/www.agriculture-machine.com\/wp-content\/uploads\/2021\/06\/Corn-cob-discharge.jpg 506w, https:\/\/www.agriculture-machine.com\/wp-content\/uploads\/2021\/06\/Corn-cob-discharge-253x270.jpg 253w\" sizes=\"auto, (max-width: 506px) 100vw, 506px\" \/><figcaption class=\"wp-element-caption\">Descarga de mazorca<\/figcaption><\/figure>    <h3 class=\"wp-block-heading\" id=\"h-electrical-control\">Control el\u00e9ctrico<\/h3>    <p>Todo el proceso de operaci\u00f3n del recolector de ma\u00edz fresco est\u00e1 controlado por un motor. La m\u00e1quina est\u00e1 equipada con botones de operaci\u00f3n y hay un inversor en la estructura interna.<\/p>    <figure class=\"wp-block-image aligncenter size-large is-resized\"><img loading=\"lazy\" decoding=\"async\" width=\"720\" height=\"540\" src=\"https:\/\/www.agriculture-machine.com\/wp-content\/uploads\/2021\/06\/Electrical-control.jpg\" alt=\"Control el\u00e9ctrico\" class=\"wp-image-10725\" style=\"width:540px;height:405px\" srcset=\"https:\/\/www.agriculture-machine.com\/wp-content\/uploads\/2021\/06\/Electrical-control.jpg 720w, https:\/\/www.agriculture-machine.com\/wp-content\/uploads\/2021\/06\/Electrical-control-360x270.jpg 360w, https:\/\/www.agriculture-machine.com\/wp-content\/uploads\/2021\/06\/Electrical-control-240x180.jpg 240w\" sizes=\"auto, (max-width: 720px) 100vw, 720px\" \/><figcaption class=\"wp-element-caption\">Control el\u00e9ctrico<\/figcaption><\/figure>    <h2 class=\"wp-block-heading\" id=\"h-application-of-fresh-corn-thresher-in-the-production-line\">Aplicaci\u00f3n del recolector de ma\u00edz fresco en l\u00edneas de producci\u00f3n<\/h2>    <p>En la planta de procesamiento de alimentos enlatados de ma\u00edz, puede usar m\u00faltiples recolectores de ma\u00edz fresco si desea una gran capacidad al mismo tiempo. Puede lavar, empacar, congelar y vender despu\u00e9s del trillar.<\/p>    <figure class=\"wp-block-image aligncenter size-large\"><img loading=\"lazy\" decoding=\"async\" width=\"720\" height=\"540\" src=\"https:\/\/www.agriculture-machine.com\/wp-content\/uploads\/2021\/06\/Sweet-corn-thresher-in-production-line.jpg\" alt=\"Recolector de ma\u00edz dulce en l\u00ednea de producci\u00f3n\" class=\"wp-image-10727\" srcset=\"https:\/\/www.agriculture-machine.com\/wp-content\/uploads\/2021\/06\/Sweet-corn-thresher-in-production-line.jpg 720w, https:\/\/www.agriculture-machine.com\/wp-content\/uploads\/2021\/06\/Sweet-corn-thresher-in-production-line-360x270.jpg 360w, https:\/\/www.agriculture-machine.com\/wp-content\/uploads\/2021\/06\/Sweet-corn-thresher-in-production-line-240x180.jpg 240w\" sizes=\"auto, (max-width: 720px) 100vw, 720px\" \/><figcaption class=\"wp-element-caption\">Recolector de ma\u00edz dulce en l\u00ednea de producci\u00f3n<\/figcaption><\/figure>    <h2 class=\"wp-block-heading\">Ventajas del descascarador de ma\u00edz dulce<\/h2>    <p>Hoy en d\u00eda, los productos enlatados, diversos acompa\u00f1amientos de ma\u00edz y el uso del ma\u00edz en la vida diaria hacen que la demanda de ma\u00edz fresco sea alta. La producci\u00f3n en grandes cantidades de ma\u00edz fresco se ha convertido en un fen\u00f3meno com\u00fan. El material de la m\u00e1quina es acero inoxidable de grado alimentario, produciendo granos de ma\u00edz limpios e higi\u00e9nicos.<\/p>    <ul class=\"wp-block-list\"> <li><strong>Incremento de eficiencia:<\/strong> Los descascaradores de ma\u00edz dulce pueden procesar grandes cantidades de ma\u00edz en poco tiempo, lo que ayuda a reducir costos laborales y aumentar la productividad en grandes plantas de procesamiento de ma\u00edz.<\/li>    <li><strong>Consistencia:<\/strong> Los recolectores de ma\u00edz fresco pueden pelar el ma\u00edz de manera consistente y con casi ninguna rotura, ayudando a mejorar la calidad general del ma\u00edz y reducir desperdicios.<\/li>    <li><strong>Mejoras en la seguridad alimentaria:<\/strong> Los trilladores de ma\u00edz dulce est\u00e1n dise\u00f1ados para pelar los granos de ma\u00edz sin contaminaci\u00f3n, lo cual es especialmente importante para las empresas que venden ma\u00edz dulce como producto alimenticio.<\/li>    <li><strong>Adaptable:<\/strong> La secci\u00f3n de trilla de nuestros descascaradores de ma\u00edz dulce se ajusta autom\u00e1ticamente al tama\u00f1o espec\u00edfico del ma\u00edz, permitiendo manejar ma\u00edz de todos los di\u00e1metros.<\/li> <\/ul>    <figure class=\"wp-block-image aligncenter size-full\"><img loading=\"lazy\" decoding=\"async\" width=\"720\" height=\"540\" src=\"https:\/\/www.agriculture-machine.com\/wp-content\/uploads\/2023\/04\/sweet-corn-shelling-machine-.webp\" alt=\"m\u00e1quina de descascarado de ma\u00edz dulce\" class=\"wp-image-14539\" title=\"m\u00e1quina de descascarado de ma\u00edz dulce\"\/><figcaption class=\"wp-element-caption\">m\u00e1quina de descascarado de ma\u00edz dulce<\/figcaption><\/figure>    <p>En general, las grandes plantas de procesamiento de ma\u00edz fresco usar\u00e1n m\u00e1s de una m\u00e1quina de trillar ma\u00edz fresco para comenzar a trabajar al mismo tiempo.<\/p>    <figure class=\"wp-block-image aligncenter size-full\"><img loading=\"lazy\" decoding=\"async\" width=\"720\" height=\"540\" src=\"https:\/\/www.agriculture-machine.com\/wp-content\/uploads\/2023\/04\/fresh-corn-thresher-.webp\" alt=\"Recolector de ma\u00edz fresco\" class=\"wp-image-14542\" title=\"Recolector de ma\u00edz fresco\"\/><figcaption class=\"wp-element-caption\">Recolector de ma\u00edz fresco<\/figcaption><\/figure>    <h2 class=\"wp-block-heading\">Informaci\u00f3n t\u00e9cnica del descascarador de ma\u00edz dulce<\/h2>    <figure class=\"wp-block-table is-style-stripes\"><table><tbody><tr><td>Modelo<\/td><td>HYMZ-268<\/td><td>HYMZ-368<\/td><\/tr><tr><td>Voltaje<\/td><td>220V 1 fase<\/td><td>220V 1 fase<\/td><\/tr><tr><td>Motor<\/td><td>1HP 1\/2HP 1\/4HP<\/td><td>1HP 1\/2HP 1\/4HP<\/td><\/tr><tr><td>Producci\u00f3n<\/td><td>400-500kg\/h (solo semillas)<\/td><td>600kg\/h (solo semillas)<\/td><\/tr><tr><td>Tama\u00f1o del transportador de entrada<\/td><td>Sin<\/td><td>690*260*380mm<\/td><\/tr><tr><td>Tama\u00f1o de la m\u00e1quina<\/td><td>630*620*1250mm<\/td><td>1320*620*1250mm<\/td><\/tr><tr><td>Peso de la m\u00e1quina<\/td><td>100kg<\/td><td>100kg<\/td><\/tr><\/tbody><\/table><figcaption class=\"wp-element-caption\">Par\u00e1metro del descascarador de ma\u00edz dulce<\/figcaption><\/figure>    <h2 class=\"wp-block-heading\">M\u00e1quina de descascarado de ma\u00edz fresco vendida a Am\u00e9rica<\/h2>    <p>Un cliente de Estados Unidos compr\u00f3 un recolector de ma\u00edz fresco para su uso. Durante la comunicaci\u00f3n, proporcionaremos cualquier informaci\u00f3n sobre la m\u00e1quina, como fotos, videos, par\u00e1metros, estructura, etc.<\/p>    <p>Tambi\u00e9n estaremos listos para responder cualquier pregunta que tenga el cliente sobre la m\u00e1quina. Adem\u00e1s del recolector de ma\u00edz fresco, el cliente tambi\u00e9n compr\u00f3 un conjunto de cuchillas. <\/p>    <p>Despu\u00e9s de que el cliente compre el recolector de ma\u00edz fresco, proporcionaremos el manual y las instrucciones. Por lo tanto, los clientes no tienen que preocuparse en absoluto por c\u00f3mo operar la m\u00e1quina.<\/p>    <figure class=\"wp-block-gallery has-nested-images columns-default is-cropped wp-block-gallery-2 is-layout-flex wp-block-gallery-is-layout-flex\"> <figure class=\"wp-block-image size-large\"><img loading=\"lazy\" decoding=\"async\" width=\"720\" height=\"540\" data-id=\"14544\" src=\"https:\/\/www.agriculture-machine.com\/wp-content\/uploads\/2023\/04\/wooden-case-packing-of-the-fresh-corn-thresher-.webp\" alt=\"embalaje en caja de madera del recolector de ma\u00edz fresco\" class=\"wp-image-14544\" title=\"embalaje en caja de madera del recolector de ma\u00edz fresco\"\/><figcaption class=\"wp-element-caption\">embalaje en caja de madera del recolector de ma\u00edz fresco<\/figcaption><\/figure>    <figure class=\"wp-block-image size-large\"><img loading=\"lazy\" decoding=\"async\" width=\"720\" height=\"540\" data-id=\"14545\" src=\"https:\/\/www.agriculture-machine.com\/wp-content\/uploads\/2023\/04\/packed-sweet-corn-sheller-.webp\" alt=\"Descascador de ma\u00edz dulce envasado\" class=\"wp-image-14545\" title=\"Descascador de ma\u00edz dulce envasado \"\/><figcaption class=\"wp-element-caption\">Descascador de ma\u00edz dulce envasado<\/figcaption><\/figure>    <figure class=\"wp-block-image size-large\"><img loading=\"lazy\" decoding=\"async\" width=\"720\" height=\"540\" data-id=\"14546\" src=\"https:\/\/www.agriculture-machine.com\/wp-content\/uploads\/2023\/04\/spare-parts-.webp\" alt=\"piezas de repuesto de la m\u00e1quina\" class=\"wp-image-14546\" title=\"piezas de repuesto\"\/><figcaption class=\"wp-element-caption\">piezas de repuesto de la m\u00e1quina<\/figcaption><\/figure> <\/figure>    <h2 class=\"wp-block-heading\">Preguntas frecuentes sobre la m\u00e1quina de trillar ma\u00edz dulce<\/h2>   <div id=\"rank-math-faq\" class=\"rank-math-block\"> <div class=\"rank-math-list\"> <div id=\"faq-question-63172586910d0\" class=\"rank-math-list-item\"> <h3 class=\"rank-math-question\">\u00bfPuede pelar esta m\u00e1quina el ma\u00edz?<\/h3> <div class=\"rank-math-answer\">  <p class=\"translation-block\">No, al trillar con un recolector de ma\u00edz dulce, debe quitar la c\u00e1scara antes de ponerlo en la m\u00e1quina. Tenemos otros tipos de <a href=\"https:\/\/www.agriculture-machine.com\/es\/maize-peeler-and-thresher\/\">peladoras y trilladoras de ma\u00edz<\/a>.<\/p>  <\/div> <\/div> <div id=\"faq-question-63172586910d5\" class=\"rank-math-list-item\"> <h3 class=\"rank-math-question\">\u00bfSe puede ajustar la velocidad de la cuchilla?<\/h3> <div class=\"rank-math-answer\">  <p>La velocidad de rotaci\u00f3n de la cuchilla se controla mediante el convertidor de frecuencia, y la velocidad de alimentaci\u00f3n es fija.<\/p>  <\/div> <\/div> <div id=\"faq-question-63172586910d6\" class=\"rank-math-list-item\"> <h3 class=\"rank-math-question\">\u00bfSe puede retirar el ma\u00edz?<\/h3> <div class=\"rank-math-answer\">  <p>S\u00ed, puede. El recolector de ma\u00edz fresco est\u00e1 equipado con un dispositivo de inversi\u00f3n y rebobinado de la rueda de alimentaci\u00f3n. Si la mazorca se rompe o atasca, presione el bot\u00f3n de inversi\u00f3n para que salga suavemente.<\/p>  <\/div> <\/div> <div id=\"faq-question-63172586910d7\" class=\"rank-math-list-item\"> <h3 class=\"rank-math-question\">\u00bfCu\u00e1l es la capacidad de un recolector de ma\u00edz dulce fresco?<\/h3> <div class=\"rank-math-answer\">  <p>La m\u00e1quina puede trillar 75 mazorcas por minuto, y la producci\u00f3n es de aproximadamente 300 kg\/h (granos de ma\u00edz).<\/p>  <\/div> <\/div> <\/div> <\/div>   <figure class=\"wp-block-embed aligncenter is-type-video is-provider-youtube wp-block-embed-youtube wp-embed-aspect-4-3 wp-has-aspect-ratio\"><div class=\"wp-block-embed__wrapper\"> <iframe loading=\"lazy\" title=\"Descascarador de ma\u00edz \/ m\u00e1quina de descascarado de ma\u00edz dulce precio\/f\u00e1brica de m\u00e1quinas de descascarado de ma\u00edz de acero inoxidable\" width=\"500\" height=\"375\" src=\"https:\/\/www.youtube.com\/embed\/bH8ETVh9jv8?start=11&#038;feature=oembed\" frameborder=\"0\" allow=\"accelerometer; autoplay; clipboard-write; encrypted-media; gyroscope; picture-in-picture; web-share\" referrerpolicy=\"strict-origin-when-cross-origin\" allowfullscreen><\/iframe> <\/div><figcaption class=\"wp-element-caption\">Video de funcionamiento del recolector de ma\u00edz dulce de acero inoxidable<\/figcaption><\/figure>    <h2 class=\"wp-block-heading\">Cont\u00e1ctenos en cualquier momento<\/h2>    <p>\u00a1Los agricultores y emprendedores agr\u00edcolas son bienvenidos a consultar activamente nuestra m\u00e1quina de trillar ma\u00edz fresco! Nos comprometemos a ofrecer soluciones eficientes y confiables y brindar soporte completo de consulta previa y postventa. \u00a1Esperamos trabajar contigo!<\/p>","protected":false},"excerpt":{"rendered":"<p>El recolector de ma\u00edz fresco puede trillar ma\u00edz dulce, ma\u00edz fresco dulce, ma\u00edz waxy, ma\u00edz cocido y ma\u00edz despu\u00e9s de descongelar. La capacidad es de 600 kg\/h y la tasa de trilla alcanza el 98%.<\/p>","protected":false},"author":1,"featured_media":10729,"parent":0,"comment_status":"closed","ping_status":"closed","template":"","tags":[491,2614],"product-type":[893,872],"class_list":["post-10716","product","type-product","status-publish","has-post-thumbnail","hentry","tag-corn","tag-thresher","product-type-corn-thresher","product-type-thresher-sheller"],"_links":{"self":[{"href":"https:\/\/www.agriculture-machine.com\/es\/wp-json\/wp\/v2\/product\/10716","targetHints":{"allow":["GET"]}}],"collection":[{"href":"https:\/\/www.agriculture-machine.com\/es\/wp-json\/wp\/v2\/product"}],"about":[{"href":"https:\/\/www.agriculture-machine.com\/es\/wp-json\/wp\/v2\/types\/product"}],"author":[{"embeddable":true,"href":"https:\/\/www.agriculture-machine.com\/es\/wp-json\/wp\/v2\/users\/1"}],"replies":[{"embeddable":true,"href":"https:\/\/www.agriculture-machine.com\/es\/wp-json\/wp\/v2\/comments?post=10716"}],"wp:featuredmedia":[{"embeddable":true,"href":"https:\/\/www.agriculture-machine.com\/es\/wp-json\/wp\/v2\/media\/10729"}],"wp:attachment":[{"href":"https:\/\/www.agriculture-machine.com\/es\/wp-json\/wp\/v2\/media?parent=10716"}],"wp:term":[{"taxonomy":"post_tag","embeddable":true,"href":"https:\/\/www.agriculture-machine.com\/es\/wp-json\/wp\/v2\/tags?post=10716"},{"taxonomy":"product-type","embeddable":true,"href":"https:\/\/www.agriculture-machine.com\/es\/wp-json\/wp\/v2\/product-type?post=10716"}],"curies":[{"name":"wp","href":"https:\/\/api.w.org\/{rel}","templated":true}]}}