{"id":10764,"date":"2021-06-21T16:13:31","date_gmt":"2021-06-21T08:13:31","guid":{"rendered":"https:\/\/www.agriculture-machine.com\/?p=10764"},"modified":"2024-09-18T16:12:33","modified_gmt":"2024-09-18T08:12:33","slug":"small-corn-peeler-thresher-for-sale","status":"publish","type":"product","link":"https:\/\/www.agriculture-machine.com\/es\/small-corn-peeler-thresher-for-sale\/","title":{"rendered":"Peque\u00f1o trillador de ma\u00edz | Mini m\u00e1quina trilladora de ma\u00edz"},"content":{"rendered":"<p class=\"translation-block\">La m\u00e1quina vertical de pelar y trillador de ma\u00edz <strong>corn peeler thresher<\/strong> tiene dos funciones, una es pelar y la otra trill, adem\u00e1s, la peque\u00f1a trilladora de ma\u00edz puede equiparse con motores el\u00e9ctricos o motores de gasolina. <\/p>    <p>La producci\u00f3n es de 1500-2000 kg\/h (granillos de ma\u00edz), lo cual es muy adecuado para uso dom\u00e9stico. Si tu familia cultiva ma\u00edz, puedes comprar una peque\u00f1a m\u00e1quina peladora trilladora de ma\u00edz como esta, que es muy conveniente para procesar el ma\u00edz.<\/p>    <figure class=\"wp-block-embed is-type-video is-provider-youtube wp-block-embed-youtube wp-embed-aspect-16-9 wp-has-aspect-ratio\"><div class=\"wp-block-embed__wrapper\"> <iframe loading=\"lazy\" title=\"Operaci\u00f3n de la m\u00e1quina de trillado y desgranado de ma\u00edz de alta eficiencia | Pionero de Maquinaria Agr\u00edcola\" width=\"500\" height=\"281\" src=\"https:\/\/www.youtube.com\/embed\/Hfeg1nPOT2Y?feature=oembed\" frameborder=\"0\" allow=\"accelerometer; autoplay; clipboard-write; encrypted-media; gyroscope; picture-in-picture; web-share\" referrerpolicy=\"strict-origin-when-cross-origin\" allowfullscreen><\/iframe> <\/div><figcaption class=\"wp-element-caption\">v\u00eddeo de trabajo de la peladora trilladora de ma\u00edz port\u00e1til y peque\u00f1a<\/figcaption><\/figure>    <h2 class=\"wp-block-heading\">Breve introducci\u00f3n a la peque\u00f1a peladora trilladora de ma\u00edz<\/h2>    <p>Nuestra m\u00e1quina dom\u00e9stica de pelar y trillado de ma\u00edz es f\u00e1cil de usar y no requiere que las personas manipulen el trillado hasta despu\u00e9s de pelar el ma\u00edz. La m\u00e1quina es peque\u00f1a pero funciona de manera eficiente para satisfacer las necesidades diarias de las familias. <\/p>    <p>Adem\u00e1s, la m\u00e1quina de pelado y trillado de ma\u00edz funciona bien, el cob de ma\u00edz procesado est\u00e1 completo y con menos roturas. Tambi\u00e9n est\u00e1 limpio y no requiere que las personas tamicen el cob de ma\u00edz nuevamente, ahorrando tiempo y esfuerzo. <\/p>    <p class=\"translation-block\">Adem\u00e1s, tambi\u00e9n tenemos modelos m\u00e1s grandes de trilladoras de ma\u00edz, <a href=\"https:\/\/www.agriculture-machine.com\/es\/multifunctional-thresher-for-maize-beans-sorghum-millet\/\"><strong>trilladoras multifuncionales<\/strong><\/a>, trilladoras de arroz y trigo, y <a href=\"https:\/\/www.agriculture-machine.com\/es\/small-sweet-corn-sheller-for-fresh-maize\/\"><strong>trilladoras de ma\u00edz dulce<\/strong><\/a>. Los clientes pueden elegir la m\u00e1quina seg\u00fan sus necesidades.<\/p>    <figure class=\"wp-block-gallery has-nested-images columns-default is-cropped wp-block-gallery-2 is-layout-flex wp-block-gallery-is-layout-flex\"> <figure class=\"wp-block-image size-large\"><img loading=\"lazy\" decoding=\"async\" width=\"720\" height=\"540\" data-id=\"13409\" src=\"https:\/\/www.agriculture-machine.com\/wp-content\/uploads\/2022\/05\/small-maize-peeler-and-thresher.jpg\" alt=\"peladora y trilladora de ma\u00edz a peque\u00f1a escala\" class=\"wp-image-13409\" title=\"peladora y trilladora de ma\u00edz a peque\u00f1a escala\" srcset=\"https:\/\/www.agriculture-machine.com\/wp-content\/uploads\/2022\/05\/small-maize-peeler-and-thresher.jpg 720w, https:\/\/www.agriculture-machine.com\/wp-content\/uploads\/2022\/05\/small-maize-peeler-and-thresher-360x270.jpg 360w, https:\/\/www.agriculture-machine.com\/wp-content\/uploads\/2022\/05\/small-maize-peeler-and-thresher-240x180.jpg 240w\" sizes=\"auto, (max-width: 720px) 100vw, 720px\" \/><figcaption class=\"wp-element-caption\">peladora y trilladora de ma\u00edz a peque\u00f1a escala<\/figcaption><\/figure>    <figure class=\"wp-block-image size-large\"><img loading=\"lazy\" decoding=\"async\" width=\"720\" height=\"540\" data-id=\"13410\" src=\"https:\/\/www.agriculture-machine.com\/wp-content\/uploads\/2022\/05\/corn-threshing-machine.jpg\" alt=\"m\u00e1quina de trillar ma\u00edz\" class=\"wp-image-13410\" title=\"m\u00e1quina de trillar ma\u00edz\" srcset=\"https:\/\/www.agriculture-machine.com\/wp-content\/uploads\/2022\/05\/corn-threshing-machine.jpg 720w, https:\/\/www.agriculture-machine.com\/wp-content\/uploads\/2022\/05\/corn-threshing-machine-360x270.jpg 360w, https:\/\/www.agriculture-machine.com\/wp-content\/uploads\/2022\/05\/corn-threshing-machine-240x180.jpg 240w\" sizes=\"auto, (max-width: 720px) 100vw, 720px\" \/><figcaption class=\"wp-element-caption\">m\u00e1quina de trillar ma\u00edz<\/figcaption><\/figure>    <figure class=\"wp-block-image size-large\"><img loading=\"lazy\" decoding=\"async\" width=\"720\" height=\"540\" data-id=\"13411\" src=\"https:\/\/www.agriculture-machine.com\/wp-content\/uploads\/2022\/05\/mini-corn-thresher.jpg\" alt=\"trilladora de ma\u00edz mini\" class=\"wp-image-13411\" title=\"trilladora de ma\u00edz mini\" srcset=\"https:\/\/www.agriculture-machine.com\/wp-content\/uploads\/2022\/05\/mini-corn-thresher.jpg 720w, https:\/\/www.agriculture-machine.com\/wp-content\/uploads\/2022\/05\/mini-corn-thresher-360x270.jpg 360w, https:\/\/www.agriculture-machine.com\/wp-content\/uploads\/2022\/05\/mini-corn-thresher-240x180.jpg 240w\" sizes=\"auto, (max-width: 720px) 100vw, 720px\" \/><figcaption class=\"wp-element-caption\">trilladora de ma\u00edz mini<\/figcaption><\/figure> <\/figure>    <h2 class=\"wp-block-heading\">Estructura de la trilladora de ma\u00edz a peque\u00f1a escala<\/h2>    <p>Esta peque\u00f1a trilladora de ma\u00edz a peque\u00f1a escala se compone principalmente de la entrada de material, marco, potencia (motor el\u00e9ctrico o motor de gasolina), salida de granos, pelado y salida de cob, c\u00e1mara de pelado y trillado, ventilador, etc. <\/p>    <figure class=\"wp-block-image aligncenter size-full\"><img loading=\"lazy\" decoding=\"async\" width=\"720\" height=\"540\" src=\"https:\/\/www.agriculture-machine.com\/wp-content\/uploads\/2022\/05\/small-scale-corn-threshing-machines-structure.jpg\" alt=\"estructura de la trilladora de ma\u00edz a peque\u00f1a escala\" class=\"wp-image-13406\" title=\"estructura de la trilladora de ma\u00edz a peque\u00f1a escala\" srcset=\"https:\/\/www.agriculture-machine.com\/wp-content\/uploads\/2022\/05\/small-scale-corn-threshing-machines-structure.jpg 720w, https:\/\/www.agriculture-machine.com\/wp-content\/uploads\/2022\/05\/small-scale-corn-threshing-machines-structure-360x270.jpg 360w, https:\/\/www.agriculture-machine.com\/wp-content\/uploads\/2022\/05\/small-scale-corn-threshing-machines-structure-240x180.jpg 240w\" sizes=\"auto, (max-width: 720px) 100vw, 720px\" \/><figcaption class=\"wp-element-caption\">small-scale corn threshing machine&#8217;s structure<\/figcaption><\/figure>    <h2 class=\"wp-block-heading\" id=\"h-5-reasons-to-use-the-mini-corn-thresher-machine\">5 razones para usar la mini trilladora de ma\u00edz<\/h2>    <ol class=\"wp-block-list\"> <li>The threshing effect is high. Its capacity is 2000 kg per hour. So, it can meet people&#8217;s threshing needs, when the corn is harvested.<\/li>    <li>High removal rate. It has a 99% removal rate. So we don&#8217;t need to worry about missing a lot of corn seeds.<\/li>    <li>La abertura de alimentaci\u00f3n es grande, la anchura de la abertura de alimentaci\u00f3n es de 330 mm y la longitud de 360 mm. Puede alimentar mucho ma\u00edz de una vez. Por lo tanto, ahorra tiempo y energ\u00eda cuando usamos esta m\u00e1quina dom\u00e9stica peque\u00f1a de pelado y trillado de ma\u00edz.<\/li>    <li>Las semillas y los cob se separan autom\u00e1ticamente con menos tiempo y esfuerzo, y los cob de ma\u00edz y los granos de ma\u00edz se separan autom\u00e1ticamente.<\/li>    <li>Con m\u00faltiples funciones, puede terminar de pelar y trillarlo.<\/li> <\/ol>    <figure class=\"wp-block-image aligncenter size-full\"><img loading=\"lazy\" decoding=\"async\" width=\"720\" height=\"540\" src=\"https:\/\/www.agriculture-machine.com\/wp-content\/uploads\/2022\/05\/traditional-threshing-method.jpg\" alt=\"m\u00e9todo de trillado tradicional\" class=\"wp-image-13412\" title=\"m\u00e9todo de trillado tradicional\" srcset=\"https:\/\/www.agriculture-machine.com\/wp-content\/uploads\/2022\/05\/traditional-threshing-method.jpg 720w, https:\/\/www.agriculture-machine.com\/wp-content\/uploads\/2022\/05\/traditional-threshing-method-360x270.jpg 360w, https:\/\/www.agriculture-machine.com\/wp-content\/uploads\/2022\/05\/traditional-threshing-method-240x180.jpg 240w\" sizes=\"auto, (max-width: 720px) 100vw, 720px\" \/><figcaption class=\"wp-element-caption\">m\u00e9todo de trillado tradicional<\/figcaption><\/figure>    <h2 class=\"wp-block-heading\" id=\"h-advantages-of-small-maize-peeler-and-thresher-machine\">Ventajas de la peque\u00f1a m\u00e1quina peladora trilladora de ma\u00edz<\/h2>    <p>La mini peladora trilladora de ma\u00edz tiene un marco engrosado y reforzado. Por lo tanto, tiene una vida \u00fatil m\u00e1s larga. Al mismo tiempo, un marco robusto har\u00e1 que la m\u00e1quina trilladora funcione de forma m\u00e1s estable y duradera. La trilladora de ma\u00edz vertical tiene un ventilador s\u00faper potente, los granos de ma\u00edz tras trillado quedan especialmente limpios. Por lo tanto, los granos de ma\u00edz pueden venderse directamente.<\/p>    <figure class=\"wp-block-image aligncenter size-full\"><img loading=\"lazy\" decoding=\"async\" width=\"720\" height=\"540\" src=\"https:\/\/www.agriculture-machine.com\/wp-content\/uploads\/2022\/05\/maize-peeler-and-thresher-machine.jpg\" alt=\"ma\u00edz pelador y trilladora m\u00e1quina\" class=\"wp-image-13413\" title=\"ma\u00edz pelador y trilladora m\u00e1quina\" srcset=\"https:\/\/www.agriculture-machine.com\/wp-content\/uploads\/2022\/05\/maize-peeler-and-thresher-machine.jpg 720w, https:\/\/www.agriculture-machine.com\/wp-content\/uploads\/2022\/05\/maize-peeler-and-thresher-machine-360x270.jpg 360w, https:\/\/www.agriculture-machine.com\/wp-content\/uploads\/2022\/05\/maize-peeler-and-thresher-machine-240x180.jpg 240w\" sizes=\"auto, (max-width: 720px) 100vw, 720px\" \/><figcaption class=\"wp-element-caption\">ma\u00edz pelador y trilladora m\u00e1quina<\/figcaption><\/figure>    <h2 class=\"wp-block-heading\" id=\"h-use-of-small-corn-peeler-thresher\">Uso de la peque\u00f1a peladora trilladora de ma\u00edz<\/h2>    <ol class=\"wp-block-list\"> <li>En primer lugar, inicie la peladora trilladora de ma\u00edz. Y verifique si hay problemas con la m\u00e1quina. <\/li>    <li>Si no hay problema con la m\u00e1quina, ponga el ma\u00edz directamente en la entrada de la m\u00e1quina. <\/li>    <li>Then the maize peeler and thresher&#8217;s threshing device will work. <\/li>    <li>Finalmente, la m\u00e1quina descarga las mazorcas, los pellejos y los granos a trav\u00e9s de diferentes salidas. <\/li>    <li>Solo ponga el ma\u00edz en la m\u00e1quina, y la m\u00e1quina puede terminar autom\u00e1ticamente de pelar y trillarlo.<\/li> <\/ol>    <figure class=\"wp-block-gallery has-nested-images columns-default is-cropped wp-block-gallery-3 is-layout-flex wp-block-gallery-is-layout-flex\"> <figure class=\"wp-block-image size-large\"><a href=\"https:\/\/www.agriculture-machine.com\/wp-content\/uploads\/2021\/06\/Use-of-small-corn-peeler-thresher.jpg\"><img loading=\"lazy\" decoding=\"async\" width=\"415\" height=\"540\" data-id=\"10778\" src=\"https:\/\/www.agriculture-machine.com\/wp-content\/uploads\/2021\/06\/Use-of-small-corn-peeler-thresher.jpg\" alt=\"\" class=\"wp-image-10778\" srcset=\"https:\/\/www.agriculture-machine.com\/wp-content\/uploads\/2021\/06\/Use-of-small-corn-peeler-thresher.jpg 415w, https:\/\/www.agriculture-machine.com\/wp-content\/uploads\/2021\/06\/Use-of-small-corn-peeler-thresher-208x270.jpg 208w\" sizes=\"auto, (max-width: 415px) 100vw, 415px\" \/><\/a><\/figure>    <figure class=\"wp-block-image size-large\"><a href=\"https:\/\/www.agriculture-machine.com\/wp-content\/uploads\/2021\/06\/Use-of-mini-corn-peeler-thresher.jpg\"><img loading=\"lazy\" decoding=\"async\" width=\"415\" height=\"540\" data-id=\"10777\" src=\"https:\/\/www.agriculture-machine.com\/wp-content\/uploads\/2021\/06\/Use-of-mini-corn-peeler-thresher.jpg\" alt=\"\" class=\"wp-image-10777\" srcset=\"https:\/\/www.agriculture-machine.com\/wp-content\/uploads\/2021\/06\/Use-of-mini-corn-peeler-thresher.jpg 415w, https:\/\/www.agriculture-machine.com\/wp-content\/uploads\/2021\/06\/Use-of-mini-corn-peeler-thresher-208x270.jpg 208w\" sizes=\"auto, (max-width: 415px) 100vw, 415px\" \/><\/a><\/figure> <\/figure>    <h2 class=\"wp-block-heading\" id=\"h-difference-between-the-two-types-of-corn-thresher\">Diferencia entre los dos tipos de trilladoras de ma\u00edz<\/h2>    <p>Tambi\u00e9n tenemos otro pelador de ma\u00edz y trilladora. Difieren en los siguientes aspectos.<\/p>    <ol class=\"wp-block-list\"> <li>Diferentes potencias. El <a href=\"https:\/\/www.agriculture-machine.com\/es\/maize-peeler-and-thresher\/\">tipo anterior de pelado y trillado<\/a> puede usar motores el\u00e9ctricos, motores de gasolina y motores di\u00e9sel. La potencia de esta peladora trilladora vertical de ma\u00edz no requiere un motor di\u00e9sel, se puede encender con solo un motor y un motor de gasolina. <\/li>    <li>Son de diferente tama\u00f1o. La trilladora de ma\u00edz vertical es m\u00e1s peque\u00f1a.<\/li>    <li>Los otros tipos de peladores y trilladoras de ma\u00edz tienen mayor capacidad.<\/li> <\/ol>    <h2 class=\"wp-block-heading\" id=\"h-reseller-customers\">Clientes revendedores<\/h2>    <p class=\"translation-block\">El tama\u00f1o de esta m\u00e1quina es muy peque\u00f1o. y es muy adecuada para uso dom\u00e9stico. Para los distribuidores, esta m\u00e1quina es muy adecuada para comprar. Es un muy buen proyecto de inversi\u00f3n. Un contenedor 40 HQ puede contener cerca de 600 de estas m\u00e1quinas. Luego v\u00e9ndelas a los agricultores locales. Al igual que nuestros clientes en Zimbabue que han adquirido <a href=\"https:\/\/www.agriculture-machine.com\/es\/40-hq-agriculture-machine-sold-to-zimbabwe\/\">muchas trilladoras peque\u00f1as multifuncionales<\/a>, y pronto recibieron pedidos, porque esta peque\u00f1a m\u00e1quina es muy adecuada para el uso dom\u00e9stico.<\/p>    <figure class=\"wp-block-gallery has-nested-images columns-default is-cropped wp-block-gallery-4 is-layout-flex wp-block-gallery-is-layout-flex\"> <figure class=\"wp-block-image size-large\"><a href=\"https:\/\/www.agriculture-machine.com\/wp-content\/uploads\/2022\/05\/mini-maize-procesor.jpg\"><img loading=\"lazy\" decoding=\"async\" width=\"720\" height=\"540\" data-id=\"13415\" src=\"https:\/\/www.agriculture-machine.com\/wp-content\/uploads\/2022\/05\/mini-maize-procesor.jpg\" alt=\"procesadora de ma\u00edz mini\" class=\"wp-image-13415\" title=\"procesadora de ma\u00edz mini\" srcset=\"https:\/\/www.agriculture-machine.com\/wp-content\/uploads\/2022\/05\/mini-maize-procesor.jpg 720w, https:\/\/www.agriculture-machine.com\/wp-content\/uploads\/2022\/05\/mini-maize-procesor-360x270.jpg 360w, https:\/\/www.agriculture-machine.com\/wp-content\/uploads\/2022\/05\/mini-maize-procesor-240x180.jpg 240w\" sizes=\"auto, (max-width: 720px) 100vw, 720px\" \/><\/a><figcaption class=\"wp-element-caption\">procesadora de ma\u00edz mini<\/figcaption><\/figure>    <figure class=\"wp-block-image size-large\"><a href=\"https:\/\/www.agriculture-machine.com\/wp-content\/uploads\/2022\/05\/small-corn-thresher.jpg\"><img loading=\"lazy\" decoding=\"async\" width=\"720\" height=\"540\" data-id=\"13414\" src=\"https:\/\/www.agriculture-machine.com\/wp-content\/uploads\/2022\/05\/small-corn-thresher.jpg\" alt=\"peque\u00f1a trilladora de ma\u00edz\" class=\"wp-image-13414\" title=\"peque\u00f1a trilladora de ma\u00edz\" srcset=\"https:\/\/www.agriculture-machine.com\/wp-content\/uploads\/2022\/05\/small-corn-thresher.jpg 720w, https:\/\/www.agriculture-machine.com\/wp-content\/uploads\/2022\/05\/small-corn-thresher-360x270.jpg 360w, https:\/\/www.agriculture-machine.com\/wp-content\/uploads\/2022\/05\/small-corn-thresher-240x180.jpg 240w\" sizes=\"auto, (max-width: 720px) 100vw, 720px\" \/><\/a><figcaption class=\"wp-element-caption\">peque\u00f1a trilladora de ma\u00edz<\/figcaption><\/figure> <\/figure>    <h2 class=\"wp-block-heading\" id=\"h-specification-of-the-home-use-corn-peeling-and-threshing-machine\">Especificaci\u00f3n de la m\u00e1quina de pelar y trillado de ma\u00edz para uso dom\u00e9stico<\/h2>    <figure class=\"wp-block-table is-style-stripes\"><table><tbody><tr><td>Modelo<\/td><td>Peque\u00f1a peladora trilladora de ma\u00edz<\/td><\/tr><tr><td>Potencia<\/td><td>Motor de gasolina o motor el\u00e9ctrico<\/td><\/tr><tr><td>Capacidad<\/td><td>1500-2000kg\/h<\/td><\/tr><tr><td>Peso de la m\u00e1quina<\/td><td>65 kg<\/td><\/tr><tr><td>Tama\u00f1o de la m\u00e1quina<\/td><td>440*400*800 mm<\/td><\/tr><\/tbody><\/table><figcaption class=\"wp-element-caption\">corn peeling and threshing machine&#8217;s parameter<\/figcaption><\/figure>    <h2 class=\"wp-block-heading\">Peladora trilladora combinada vendida a M\u00e9xico<\/h2>    <p>La semana pasada nuestro cliente mexicano encarg\u00f3 20 peque\u00f1as peladoras trilladoras de ma\u00edz. \u00c9l conoci\u00f3 la m\u00e1quina de pelado y trillado de ma\u00edz a trav\u00e9s de nuestro sitio web y dej\u00f3 su informaci\u00f3n de contacto. <\/p>    <p>Our sales manager added the customer&#8217;s WhatsApp, and through thorough communication, we realized that our small corn threshers were perfect for the customer&#8217;s needs. <\/p>    <p>El cliente finalmente decidi\u00f3 comprar nuestra m\u00e1quina dom\u00e9stica de pelar y trillado de ma\u00edz. Aqu\u00ed est\u00e1 la foto de embalaje y env\u00edo de la m\u00e1quina.<\/p>    <figure class=\"wp-block-gallery has-nested-images columns-default is-cropped wp-block-gallery-5 is-layout-flex wp-block-gallery-is-layout-flex\"> <figure class=\"wp-block-image size-large\"><img loading=\"lazy\" decoding=\"async\" width=\"720\" height=\"540\" data-id=\"13416\" src=\"https:\/\/www.agriculture-machine.com\/wp-content\/uploads\/2022\/05\/wooden-case-package-of-corn-thresher.jpg\" alt=\"de embalaje en estuche de madera de la trilladora de ma\u00edz\" class=\"wp-image-13416\" title=\"de embalaje en estuche de madera de la trilladora de ma\u00edz\" srcset=\"https:\/\/www.agriculture-machine.com\/wp-content\/uploads\/2022\/05\/wooden-case-package-of-corn-thresher.jpg 720w, https:\/\/www.agriculture-machine.com\/wp-content\/uploads\/2022\/05\/wooden-case-package-of-corn-thresher-360x270.jpg 360w, https:\/\/www.agriculture-machine.com\/wp-content\/uploads\/2022\/05\/wooden-case-package-of-corn-thresher-240x180.jpg 240w\" sizes=\"auto, (max-width: 720px) 100vw, 720px\" \/><figcaption class=\"wp-element-caption\">de embalaje en estuche de madera de la trilladora de ma\u00edz<\/figcaption><\/figure>    <figure class=\"wp-block-image size-large\"><img loading=\"lazy\" decoding=\"async\" width=\"720\" height=\"540\" data-id=\"13417\" src=\"https:\/\/www.agriculture-machine.com\/wp-content\/uploads\/2022\/05\/loading-of-the-machine.jpg\" alt=\"carga de la m\u00e1quina\" class=\"wp-image-13417\" title=\"carga de la m\u00e1quina\" srcset=\"https:\/\/www.agriculture-machine.com\/wp-content\/uploads\/2022\/05\/loading-of-the-machine.jpg 720w, https:\/\/www.agriculture-machine.com\/wp-content\/uploads\/2022\/05\/loading-of-the-machine-360x270.jpg 360w, https:\/\/www.agriculture-machine.com\/wp-content\/uploads\/2022\/05\/loading-of-the-machine-240x180.jpg 240w\" sizes=\"auto, (max-width: 720px) 100vw, 720px\" \/><figcaption class=\"wp-element-caption\">carga de la m\u00e1quina<\/figcaption><\/figure>    <figure class=\"wp-block-image size-large\"><img loading=\"lazy\" decoding=\"async\" width=\"720\" height=\"540\" data-id=\"13404\" src=\"https:\/\/www.agriculture-machine.com\/wp-content\/uploads\/2022\/05\/shipping-of-corn-peeler-and-thresher.jpg\" alt=\"env\u00edo de peladora y trilladora de ma\u00edz\" class=\"wp-image-13404\" title=\"env\u00edo de peladora y trilladora de ma\u00edz\" srcset=\"https:\/\/www.agriculture-machine.com\/wp-content\/uploads\/2022\/05\/shipping-of-corn-peeler-and-thresher.jpg 720w, https:\/\/www.agriculture-machine.com\/wp-content\/uploads\/2022\/05\/shipping-of-corn-peeler-and-thresher-360x270.jpg 360w, https:\/\/www.agriculture-machine.com\/wp-content\/uploads\/2022\/05\/shipping-of-corn-peeler-and-thresher-240x180.jpg 240w\" sizes=\"auto, (max-width: 720px) 100vw, 720px\" \/><figcaption class=\"wp-element-caption\">env\u00edo de peladora y trilladora de ma\u00edz<\/figcaption><\/figure> <\/figure>    <h2 class=\"wp-block-heading\">Cont\u00e1ctenos en cualquier momento<\/h2>    <p>Si est\u00e1 interesado en nuestra m\u00e1quina de desgarre y trillado de ma\u00edz o tiene alguna pregunta, siempre estamos dispuestos a proporcionarle informaci\u00f3n detallada y asesor\u00eda profesional. No dude en contactarnos de inmediato. Nuestro equipo profesional estar\u00e1 encantado de servirle y responder a sus inquietudes.<\/p>","protected":false},"excerpt":{"rendered":"<p>Este es una peque\u00f1a m\u00e1quina peladora trilladora de ma\u00edz. Es muy adecuada para uso dom\u00e9stico. Su capacidad es de 1500-2000 kg\/h (granos de ma\u00edz). <\/p>","protected":false},"author":1,"featured_media":13408,"parent":0,"comment_status":"closed","ping_status":"closed","template":"","tags":[2614],"product-type":[872],"class_list":["post-10764","product","type-product","status-publish","has-post-thumbnail","hentry","tag-thresher","product-type-thresher-sheller"],"_links":{"self":[{"href":"https:\/\/www.agriculture-machine.com\/es\/wp-json\/wp\/v2\/product\/10764","targetHints":{"allow":["GET"]}}],"collection":[{"href":"https:\/\/www.agriculture-machine.com\/es\/wp-json\/wp\/v2\/product"}],"about":[{"href":"https:\/\/www.agriculture-machine.com\/es\/wp-json\/wp\/v2\/types\/product"}],"author":[{"embeddable":true,"href":"https:\/\/www.agriculture-machine.com\/es\/wp-json\/wp\/v2\/users\/1"}],"replies":[{"embeddable":true,"href":"https:\/\/www.agriculture-machine.com\/es\/wp-json\/wp\/v2\/comments?post=10764"}],"wp:featuredmedia":[{"embeddable":true,"href":"https:\/\/www.agriculture-machine.com\/es\/wp-json\/wp\/v2\/media\/13408"}],"wp:attachment":[{"href":"https:\/\/www.agriculture-machine.com\/es\/wp-json\/wp\/v2\/media?parent=10764"}],"wp:term":[{"taxonomy":"post_tag","embeddable":true,"href":"https:\/\/www.agriculture-machine.com\/es\/wp-json\/wp\/v2\/tags?post=10764"},{"taxonomy":"product-type","embeddable":true,"href":"https:\/\/www.agriculture-machine.com\/es\/wp-json\/wp\/v2\/product-type?post=10764"}],"curies":[{"name":"wp","href":"https:\/\/api.w.org\/{rel}","templated":true}]}}