{"id":10781,"date":"2021-06-22T16:21:32","date_gmt":"2021-06-22T08:21:32","guid":{"rendered":"https:\/\/www.agriculture-machine.com\/?p=10781"},"modified":"2024-09-23T11:27:07","modified_gmt":"2024-09-23T03:27:07","slug":"small-home-use-corn-thresher","status":"publish","type":"product","link":"https:\/\/www.agriculture-machine.com\/es\/small-home-use-corn-thresher\/","title":{"rendered":"Trillador de ma\u00edz para uso dom\u00e9stico | Peque\u00f1o trillador de ma\u00edz en venta"},"content":{"rendered":"<p>Este es un trillador de ma\u00edz para uso dom\u00e9stico que es de doble rodillo. El efecto de trilla es m\u00e1s r\u00e1pido y mejor. La m\u00e1quina puede equiparse con dos modos de energ\u00eda: un motor el\u00e9ctrico y un motor de gasolina. La estructura de la m\u00e1quina es muy peque\u00f1a y tambi\u00e9n es muy adecuada para uso dom\u00e9stico.<\/p>    <figure class=\"wp-block-embed is-type-video is-provider-youtube wp-block-embed-youtube wp-embed-aspect-16-9 wp-has-aspect-ratio\"><div class=\"wp-block-embed__wrapper\"> <iframe loading=\"lazy\" title=\"\u00a1La herramienta favorita de los agricultores! M\u00e1quina de descascarado de ma\u00edz \/ trilla de ma\u00edz \/ descascarado de ma\u00edz \/ descascarador de ma\u00edz\" width=\"500\" height=\"281\" src=\"https:\/\/www.youtube.com\/embed\/DvmhM1jNc0A?feature=oembed\" frameborder=\"0\" allow=\"accelerometer; autoplay; clipboard-write; encrypted-media; gyroscope; picture-in-picture; web-share\" referrerpolicy=\"strict-origin-when-cross-origin\" allowfullscreen><\/iframe> <\/div><figcaption class=\"wp-element-caption\">Video de funcionamiento del trillador de ma\u00edz para uso dom\u00e9stico<\/figcaption><\/figure>    <h2 class=\"wp-block-heading\" id=\"h-structure-of-small-corn-thresher\">Estructura del trillador de ma\u00edz peque\u00f1o<\/h2>    <p id=\"h-this-type-of-household-corn-thresher-has-a-double-roller\">Este tipo de trillador de ma\u00edz para hogares tiene un doble rodillo.&nbsp;<\/p>    <figure class=\"wp-block-image aligncenter size-large\"><img loading=\"lazy\" decoding=\"async\" width=\"720\" height=\"540\" src=\"https:\/\/www.agriculture-machine.com\/wp-content\/uploads\/2021\/06\/double-roller-corn-thresher-1.jpg\" alt=\"Trillador de ma\u00edz de doble rodillo\" class=\"wp-image-10794\" srcset=\"https:\/\/www.agriculture-machine.com\/wp-content\/uploads\/2021\/06\/double-roller-corn-thresher-1.jpg 720w, https:\/\/www.agriculture-machine.com\/wp-content\/uploads\/2021\/06\/double-roller-corn-thresher-1-360x270.jpg 360w, https:\/\/www.agriculture-machine.com\/wp-content\/uploads\/2021\/06\/double-roller-corn-thresher-1-240x180.jpg 240w\" sizes=\"auto, (max-width: 720px) 100vw, 720px\" \/><figcaption class=\"wp-element-caption\">Trillador de ma\u00edz de doble rodillo<\/figcaption><\/figure>    <h2 class=\"wp-block-heading\" id=\"h-machine-details-display\">Pantalla de detalles de la m\u00e1quina<br><\/h2>    <div class=\"wp-block-columns is-layout-flex wp-container-core-columns-is-layout-9d6595d7 wp-block-columns-is-layout-flex\"> <div class=\"wp-block-column is-layout-flow wp-block-column-is-layout-flow\"> <figure class=\"wp-block-image size-large is-resized\"><img loading=\"lazy\" decoding=\"async\" width=\"360\" height=\"307\" src=\"https:\/\/www.agriculture-machine.com\/wp-content\/uploads\/2021\/06\/corn-inlet.jpg\" alt=\"Entrada de ma\u00edz\" class=\"wp-image-10790\" style=\"width:180px;height:154px\" srcset=\"https:\/\/www.agriculture-machine.com\/wp-content\/uploads\/2021\/06\/corn-inlet.jpg 360w, https:\/\/www.agriculture-machine.com\/wp-content\/uploads\/2021\/06\/corn-inlet-317x270.jpg 317w\" sizes=\"auto, (max-width: 360px) 100vw, 360px\" \/><figcaption class=\"wp-element-caption\">Entrada de ma\u00edz<\/figcaption><\/figure> <\/div>    <div class=\"wp-block-column is-layout-flow wp-block-column-is-layout-flow\"> <p>Cuando la m\u00e1quina arranca, puede introducir mucho ma\u00edz al mismo tiempo.<\/p> <\/div> <\/div>    <div class=\"wp-block-columns is-layout-flex wp-container-core-columns-is-layout-9d6595d7 wp-block-columns-is-layout-flex\"> <div class=\"wp-block-column is-layout-flow wp-block-column-is-layout-flow\"> <p>Hay 14 engranajes.<\/p>    <p>Puedes procesar tanto ma\u00edz grande como peque\u00f1o ajustando la marcha.<\/p> <\/div>    <div class=\"wp-block-column is-layout-flow wp-block-column-is-layout-flow\"> <figure class=\"wp-block-image size-large is-resized\"><img loading=\"lazy\" decoding=\"async\" width=\"360\" height=\"307\" src=\"https:\/\/www.agriculture-machine.com\/wp-content\/uploads\/2021\/06\/gear.jpg\" alt=\"Engranaje\" class=\"wp-image-10791\" style=\"width:270px;height:230px\" srcset=\"https:\/\/www.agriculture-machine.com\/wp-content\/uploads\/2021\/06\/gear.jpg 360w, https:\/\/www.agriculture-machine.com\/wp-content\/uploads\/2021\/06\/gear-317x270.jpg 317w\" sizes=\"auto, (max-width: 360px) 100vw, 360px\" \/><figcaption class=\"wp-element-caption\">Engranaje<\/figcaption><\/figure> <\/div> <\/div>    <div class=\"wp-block-columns is-layout-flex wp-container-core-columns-is-layout-9d6595d7 wp-block-columns-is-layout-flex\"> <div class=\"wp-block-column is-layout-flow wp-block-column-is-layout-flow\"> <figure class=\"wp-block-image size-large is-resized\"><img loading=\"lazy\" decoding=\"async\" width=\"360\" height=\"307\" src=\"https:\/\/www.agriculture-machine.com\/wp-content\/uploads\/2021\/06\/corn-cob-outlet.jpg\" alt=\"Salida de mazorca de ma\u00edz\" class=\"wp-image-10792\" style=\"width:270px;height:230px\" srcset=\"https:\/\/www.agriculture-machine.com\/wp-content\/uploads\/2021\/06\/corn-cob-outlet.jpg 360w, https:\/\/www.agriculture-machine.com\/wp-content\/uploads\/2021\/06\/corn-cob-outlet-317x270.jpg 317w\" sizes=\"auto, (max-width: 360px) 100vw, 360px\" \/><figcaption class=\"wp-element-caption\">Salida de mazorca de ma\u00edz<\/figcaption><\/figure> <\/div>    <div class=\"wp-block-column is-layout-flow wp-block-column-is-layout-flow\"> <p>Esta es una salida de mazorca de ma\u00edz<\/p>    <p>Despu\u00e9s de trillar el ma\u00edz, la mazorca sale por aqu\u00ed.<\/p> <\/div> <\/div>    <div class=\"wp-block-columns is-layout-flex wp-container-core-columns-is-layout-9d6595d7 wp-block-columns-is-layout-flex\"> <div class=\"wp-block-column is-layout-flow wp-block-column-is-layout-flow\"> <p>Hay 4 ruedas.<\/p>    <p>Es muy adecuado para mover, por lo que el \u00e1rea de trabajo no est\u00e1 limitada.<\/p> <\/div>    <div class=\"wp-block-column is-layout-flow wp-block-column-is-layout-flow\"> <figure class=\"wp-block-image size-large is-resized\"><img loading=\"lazy\" decoding=\"async\" width=\"360\" height=\"307\" src=\"https:\/\/www.agriculture-machine.com\/wp-content\/uploads\/2021\/06\/wheel.jpg\" alt=\"Rueda del trillador de ma\u00edz para uso dom\u00e9stico\" class=\"wp-image-10793\" style=\"width:270px;height:230px\" srcset=\"https:\/\/www.agriculture-machine.com\/wp-content\/uploads\/2021\/06\/wheel.jpg 360w, https:\/\/www.agriculture-machine.com\/wp-content\/uploads\/2021\/06\/wheel-317x270.jpg 317w\" sizes=\"auto, (max-width: 360px) 100vw, 360px\" \/><figcaption class=\"wp-element-caption\">Rueda del trillador de ma\u00edz para uso dom\u00e9stico<\/figcaption><\/figure> <\/div> <\/div>    <h2 class=\"wp-block-heading\" id=\"h-use-of-small-corn-thresher\">Uso del trillador de ma\u00edz peque\u00f1o<\/h2>    <p>Esta m\u00e1quina de trillado de ma\u00edz para uso dom\u00e9stico vale la pena tener una en cada hogar. No importa cu\u00e1nto ma\u00edz cultives, puedes comprar una m\u00e1quina as\u00ed. Es muy peque\u00f1a, no ocupa espacio y su producci\u00f3n tambi\u00e9n es adecuada para uso dom\u00e9stico.<\/p>    <figure class=\"wp-block-gallery has-nested-images columns-default is-cropped wp-block-gallery-2 is-layout-flex wp-block-gallery-is-layout-flex\"> <figure class=\"wp-block-image size-large\"><a href=\"https:\/\/www.agriculture-machine.com\/wp-content\/uploads\/2021\/06\/Home-use-corn-thresher.jpg\"><img loading=\"lazy\" decoding=\"async\" width=\"720\" height=\"540\" data-id=\"10796\" src=\"https:\/\/www.agriculture-machine.com\/wp-content\/uploads\/2021\/06\/Home-use-corn-thresher.jpg\" alt=\"Trillador de ma\u00edz para uso dom\u00e9stico\" class=\"wp-image-10796\" srcset=\"https:\/\/www.agriculture-machine.com\/wp-content\/uploads\/2021\/06\/Home-use-corn-thresher.jpg 720w, https:\/\/www.agriculture-machine.com\/wp-content\/uploads\/2021\/06\/Home-use-corn-thresher-360x270.jpg 360w, https:\/\/www.agriculture-machine.com\/wp-content\/uploads\/2021\/06\/Home-use-corn-thresher-240x180.jpg 240w\" sizes=\"auto, (max-width: 720px) 100vw, 720px\" \/><\/a><figcaption class=\"wp-element-caption\">Trillador de ma\u00edz para uso dom\u00e9stico<\/figcaption><\/figure>    <figure class=\"wp-block-image size-large\"><a href=\"https:\/\/www.agriculture-machine.com\/wp-content\/uploads\/2021\/06\/use-of-Household-corn-thresher.jpg\"><img loading=\"lazy\" decoding=\"async\" width=\"720\" height=\"540\" data-id=\"10797\" src=\"https:\/\/www.agriculture-machine.com\/wp-content\/uploads\/2021\/06\/use-of-Household-corn-thresher.jpg\" alt=\"uso-de-Trillador-de-Ma\u00edz-Hogar\" class=\"wp-image-10797\" srcset=\"https:\/\/www.agriculture-machine.com\/wp-content\/uploads\/2021\/06\/use-of-Household-corn-thresher.jpg 720w, https:\/\/www.agriculture-machine.com\/wp-content\/uploads\/2021\/06\/use-of-Household-corn-thresher-360x270.jpg 360w, https:\/\/www.agriculture-machine.com\/wp-content\/uploads\/2021\/06\/use-of-Household-corn-thresher-240x180.jpg 240w\" sizes=\"auto, (max-width: 720px) 100vw, 720px\" \/><\/a><figcaption class=\"wp-element-caption\">uso-de-Trillador-de-Ma\u00edz-Hogar<\/figcaption><\/figure> <\/figure>    <h2 class=\"wp-block-heading\" id=\"h-ten-points-to-the-operation-of-small-corn-thresher\">Diez puntos para la operaci\u00f3n del trillador de ma\u00edz peque\u00f1o<\/h2>    <p>Si la operaci\u00f3n es descuidada, no solo da\u00f1ar\u00e1 la m\u00e1quina, sino que tambi\u00e9n puede causar lesiones personales graves y p\u00e9rdidas econ\u00f3micas.<\/p>    <h3 class=\"wp-block-heading\" id=\"h-1-v-belt-of-household-corn-thresher\">(1) Correa en V del trillador de ma\u00edz para uso dom\u00e9stico<\/h3>    <p>Preste atenci\u00f3n a la tensi\u00f3n de la correa de transmisi\u00f3n triangular del trillador de ma\u00edz. Si est\u00e1 demasiado apretada, da\u00f1ar\u00e1 la m\u00e1quina; si est\u00e1 demasiado floja, la correa patinar\u00e1, y debe reajustarse si est\u00e1 demasiado floja o demasiado apretada.<\/p>    <h3 class=\"wp-block-heading\" id=\"h-2-pulley\">(2) Polea<\/h3>    <p>Verifique si el sistema de transmisi\u00f3n, como la polea del cintur\u00f3n del trillador de ma\u00edz, est\u00e1 en un estado normal. Si hay una anomal\u00eda, debe ajustarse a un estado relativamente bueno.<\/p>    <h3 class=\"wp-block-heading\" id=\"h-3-motor-steering\">(3) Direcci\u00f3n del motor<\/h3>    <p>Antes de comenzar a trabajar, primero confirme si la direcci\u00f3n de rotaci\u00f3n del motor es correcta, es decir, inicie el trillador de ma\u00edz y observe durante 5-10 segundos. Si no hay sonidos o vibraciones anormales, debe continuar la operaci\u00f3n de trilla.<\/p>    <h3 class=\"wp-block-heading\" id=\"h-4-corn-dry-humidity\">(4) Humedad del ma\u00edz seco<\/h3>    <p>La sequedad y humedad del ma\u00edz est\u00e1n directamente relacionadas con el efecto de trilla. El ma\u00edz con menos humedad tiene un buen efecto de trilla, trilla limpia y r\u00e1pida.<\/p>    <h3 class=\"wp-block-heading\" id=\"h-5-feeding-at-a-uniform-speed-and-appropriate-amount\">(5) Alimentaci\u00f3n a velocidad uniforme y cantidad adecuada<\/h3>    <p>La alimentaci\u00f3n de las mazorcas de ma\u00edz no debe interrumpirse durante el trabajo. Alimentar de manera continua y uniforme. De lo contrario, la calidad y eficiencia del trilla de ma\u00edz pueden verse afectadas, y la m\u00e1quina puede atascarse o da\u00f1arse en casos severos.<\/p>    <h3 class=\"wp-block-heading\" id=\"h-6-bolt-screw-roller-inspection\">(6) Inspecci\u00f3n de tornillo de perno y rodillo<\/h3>    <p>Para garantizar que el trillador pueda operar normalmente en todo momento, es necesario revisar los pernos y tornillos que sujetan el tambor y el asiento del rodamiento en cualquier momento y lugar. De lo contrario, apri\u00e9telos a tiempo.<\/p>    <h3 class=\"wp-block-heading\" id=\"h-7-exposed-part-inspection\">(7) Inspecci\u00f3n de partes expuestas<\/h3>    <p>Se deben proporcionar dispositivos de protecci\u00f3n para todas las partes expuestas. Antes de cada operaci\u00f3n, revise los pernos en el tambor de trilla, el ventilador, la varilla oscilante, el asiento del rodamiento y otras partes m\u00f3viles del trillador de ma\u00edz, y no debe haber aflojamiento.<\/p>    <h3 class=\"wp-block-heading\" id=\"h-8-machine-troubleshooting\">(8) Soluci\u00f3n de problemas de la m\u00e1quina<\/h3>    <p>Durante el trabajo, no se permite el mantenimiento de ning\u00fan tipo de trillador de ma\u00edz, y todas las acciones deben realizarse despu\u00e9s de apagar la m\u00e1quina.<\/p>    <h3 class=\"wp-block-heading\" id=\"h-9-parts-lubrication-maintenance-of-home-use-corn-thresher\">(9) Mantenimiento de lubricaci\u00f3n de piezas del trillador de ma\u00edz para uso dom\u00e9stico<\/h3>    <p>El uso prolongado del trillador de ma\u00edz puede producir abrasi\u00f3n natural, como punching de dientes, etc., lo que afectar\u00e1 la calidad del trilla. Para prolongar la vida \u00fatil de la m\u00e1quina y obtener mejores beneficios econ\u00f3micos, todas las piezas desgastadas deben lubricarse y mantenerse de manera oportuna y precisa.<\/p>    <h3 class=\"wp-block-heading\" id=\"h-10-machine-storage-of-small-corn-thresher\">(10) Almacenamiento de la m\u00e1quina de trillado de ma\u00edz peque\u00f1o<\/h3>    <p>El tiempo de operaci\u00f3n del trillador de ma\u00edz para uso dom\u00e9stico no es muy largo, generalmente se concentra en la temporada de cosecha de ma\u00edz, y la mayor parte del resto del tiempo est\u00e1 inactivo, por lo que preste atenci\u00f3n al almacenamiento de la m\u00e1quina, que debe estar limpia, a prueba de humedad, a prueba de fuego y a prueba de humedad para que pueda usarse en el pr\u00f3ximo a\u00f1o.<\/p>    <figure class=\"wp-block-gallery has-nested-images columns-default is-cropped wp-block-gallery-3 is-layout-flex wp-block-gallery-is-layout-flex\"> <figure class=\"wp-block-image size-large\"><img loading=\"lazy\" decoding=\"async\" width=\"720\" height=\"540\" data-id=\"10811\" src=\"https:\/\/www.agriculture-machine.com\/wp-content\/uploads\/2021\/06\/3.jpg\" alt=\"Trillador de ma\u00edz para uso dom\u00e9stico \" class=\"wp-image-10811\" srcset=\"https:\/\/www.agriculture-machine.com\/wp-content\/uploads\/2021\/06\/3.jpg 720w, https:\/\/www.agriculture-machine.com\/wp-content\/uploads\/2021\/06\/3-360x270.jpg 360w, https:\/\/www.agriculture-machine.com\/wp-content\/uploads\/2021\/06\/3-240x180.jpg 240w\" sizes=\"auto, (max-width: 720px) 100vw, 720px\" \/><figcaption class=\"wp-element-caption\">Trillador de ma\u00edz para uso dom\u00e9stico <\/figcaption><\/figure> <\/figure>    <h2 class=\"wp-block-heading\" id=\"h-machine-parameters\">Par\u00e1metros de la m\u00e1quina de trillado de ma\u00edz para uso dom\u00e9stico<\/h2>    <figure class=\"wp-block-table is-style-stripes\"><table><tbody><tr><td>M\u00e1quina de trillado de ma\u00edz<br><\/td><td>\uff08Tipo de doble rodillo\uff09<\/td><\/tr><tr><td>Potencia<\/td><td>Motor de gasolina o motor el\u00e9ctrico<\/td><\/tr><tr><td>Capacidad<\/td><td>1500-2000kg\/h<\/td><\/tr><tr><td>Peso<\/td><td>60kg<\/td><\/tr><tr><td>Tama\u00f1o<\/td><td>750*460*375mm<\/td><\/tr><\/tbody><\/table><figcaption class=\"wp-element-caption\">Datos t\u00e9cnicos del descascarador de ma\u00edz para uso dom\u00e9stico<\/figcaption><\/figure>    <h2 class=\"wp-block-heading\">Cont\u00e1ctenos en cualquier momento<\/h2>    <p>Si est\u00e1 interesado en nuestro peque\u00f1o trillador de ma\u00edz para uso dom\u00e9stico, no dude en contactarnos y le proporcionaremos informaci\u00f3n detallada del producto. \u00a1Esperamos ofrecer la mejor soluci\u00f3n para el procesamiento de ma\u00edz en su hogar!<\/p>","protected":false},"excerpt":{"rendered":"<p>Esta es una peque\u00f1a m\u00e1quina de trillado de ma\u00edz para uso dom\u00e9stico. Su capacidad es de 1500-2000 kg\/h. Es peque\u00f1a en tama\u00f1o y muy adecuada para uso en el hogar.<\/p>","protected":false},"author":1,"featured_media":10810,"parent":0,"comment_status":"closed","ping_status":"closed","template":"","tags":[2614],"product-type":[872],"class_list":["post-10781","product","type-product","status-publish","has-post-thumbnail","hentry","tag-thresher","product-type-thresher-sheller"],"_links":{"self":[{"href":"https:\/\/www.agriculture-machine.com\/es\/wp-json\/wp\/v2\/product\/10781","targetHints":{"allow":["GET"]}}],"collection":[{"href":"https:\/\/www.agriculture-machine.com\/es\/wp-json\/wp\/v2\/product"}],"about":[{"href":"https:\/\/www.agriculture-machine.com\/es\/wp-json\/wp\/v2\/types\/product"}],"author":[{"embeddable":true,"href":"https:\/\/www.agriculture-machine.com\/es\/wp-json\/wp\/v2\/users\/1"}],"replies":[{"embeddable":true,"href":"https:\/\/www.agriculture-machine.com\/es\/wp-json\/wp\/v2\/comments?post=10781"}],"wp:featuredmedia":[{"embeddable":true,"href":"https:\/\/www.agriculture-machine.com\/es\/wp-json\/wp\/v2\/media\/10810"}],"wp:attachment":[{"href":"https:\/\/www.agriculture-machine.com\/es\/wp-json\/wp\/v2\/media?parent=10781"}],"wp:term":[{"taxonomy":"post_tag","embeddable":true,"href":"https:\/\/www.agriculture-machine.com\/es\/wp-json\/wp\/v2\/tags?post=10781"},{"taxonomy":"product-type","embeddable":true,"href":"https:\/\/www.agriculture-machine.com\/es\/wp-json\/wp\/v2\/product-type?post=10781"}],"curies":[{"name":"wp","href":"https:\/\/api.w.org\/{rel}","templated":true}]}}