{"id":10851,"date":"2021-07-09T11:26:57","date_gmt":"2021-07-09T03:26:57","guid":{"rendered":"https:\/\/www.agriculture-machine.com\/?p=10851"},"modified":"2024-09-26T09:29:22","modified_gmt":"2024-09-26T01:29:22","slug":"disc-plough-disc-plow-for-sale","status":"publish","type":"product","link":"https:\/\/www.agriculture-machine.com\/es\/disc-plough-disc-plow-for-sale\/","title":{"rendered":"Arado de disco | Equipo de arado de disco en venta"},"content":{"rendered":"<p>El arado de disco es remolcado por un tractor, principalmente utilizado para arar tierras cultivadas en \u00e1reas de agricultura seca. Presenta un dise\u00f1o distintivo de disco de rotaci\u00f3n omni-direccional de 360\u00b0, fabricado con materiales de aleaci\u00f3n de alta resistencia, permitiendo una profundidad de operaci\u00f3n de hasta 30 cm en una sola pasada. Esta innovaci\u00f3n aumenta la eficiencia hasta en un 40% en comparaci\u00f3n con los arados convencionales. <\/p>    <p>Adem\u00e1s, este arado de disco minimiza en gran medida el riesgo de compactaci\u00f3n del suelo mientras mejora la aireaci\u00f3n y la infiltraci\u00f3n de agua a trav\u00e9s del control preciso de la labranza, estableciendo una base s\u00f3lida para el crecimiento de los cultivos.<\/p>    <figure class=\"wp-block-embed aligncenter is-type-video is-provider-youtube wp-block-embed-youtube wp-embed-aspect-4-3 wp-has-aspect-ratio\"><div class=\"wp-block-embed__wrapper\"> <iframe loading=\"lazy\" title=\"Arado de disco \/ Alta eficiencia \/ Alta calidad \/ Bajo precio\" width=\"500\" height=\"375\" src=\"https:\/\/www.youtube.com\/embed\/OOuBYkUNlNE?feature=oembed\" frameborder=\"0\" allow=\"accelerometer; autoplay; clipboard-write; encrypted-media; gyroscope; picture-in-picture; web-share\" referrerpolicy=\"strict-origin-when-cross-origin\" allowfullscreen><\/iframe> <\/div><figcaption class=\"wp-element-caption\">video de trabajo de la m\u00e1quina de arado de disco<\/figcaption><\/figure>    <h2 class=\"wp-block-heading\">Diferentes tipos de arado de disco<\/h2>    <h3 class=\"wp-block-heading\" id=\"h-type-one-single-disc-plough\">Tipo 1: arado de disco simple<\/h3>    <p>El arado de disco simple es remolcado por un tractor. Cuando trabaja, la unidad avanza, el disco rueda y corta en el suelo, y el suelo se eleva a lo largo de la superficie c\u00f3ncava del disco. Al mismo tiempo, con la cooperaci\u00f3n del rastrillo, el suelo se voltea y se rompe.<\/p>    <p class=\"translation-block\">Tenemos siete modelos diferentes de este arado de disco de un solo sentido. Los primeros tres tipos de anchuras de labranza son diferentes, pero la profundidad de labranza es de 200 mm, y los otros cuatro modelos tienen una profundidad de 250 a 300 mm. Cuando la potencia correspondiente es de 18, usaremos un <a href=\"https:\/\/www.agriculture-machine.com\/es\/walking-tractor-simplicity-walking-tractor\/\">peque\u00f1o tractor de paseo<\/a>.<\/p>    <figure class=\"wp-block-gallery has-nested-images columns-default is-cropped wp-block-gallery-2 is-layout-flex wp-block-gallery-is-layout-flex\"> <figure class=\"wp-block-image size-large\"><img loading=\"lazy\" decoding=\"async\" width=\"720\" height=\"540\" data-id=\"10854\" src=\"https:\/\/www.agriculture-machine.com\/wp-content\/uploads\/2021\/07\/Disc-plough1.jpg\" alt=\"arado de disco simple\" class=\"wp-image-10854\" srcset=\"https:\/\/www.agriculture-machine.com\/wp-content\/uploads\/2021\/07\/Disc-plough1.jpg 720w, https:\/\/www.agriculture-machine.com\/wp-content\/uploads\/2021\/07\/Disc-plough1-360x270.jpg 360w, https:\/\/www.agriculture-machine.com\/wp-content\/uploads\/2021\/07\/Disc-plough1-240x180.jpg 240w\" sizes=\"auto, (max-width: 720px) 100vw, 720px\" \/><figcaption class=\"wp-element-caption\">arado de disco simple<\/figcaption><\/figure>    <figure class=\"wp-block-image size-large\"><img loading=\"lazy\" decoding=\"async\" width=\"720\" height=\"540\" data-id=\"10855\" src=\"https:\/\/www.agriculture-machine.com\/wp-content\/uploads\/2021\/07\/Disc-plough2.jpg\" alt=\"arado de disco simple\" class=\"wp-image-10855\" srcset=\"https:\/\/www.agriculture-machine.com\/wp-content\/uploads\/2021\/07\/Disc-plough2.jpg 720w, https:\/\/www.agriculture-machine.com\/wp-content\/uploads\/2021\/07\/Disc-plough2-360x270.jpg 360w, https:\/\/www.agriculture-machine.com\/wp-content\/uploads\/2021\/07\/Disc-plough2-240x180.jpg 240w\" sizes=\"auto, (max-width: 720px) 100vw, 720px\" \/><figcaption class=\"wp-element-caption\">arado de disco simple<\/figcaption><\/figure> <\/figure>    <h3 class=\"wp-block-heading\" id=\"h-the-structure-of-single-disc-plough\">Estructura del arado de disco simple<\/h3>    <p>Mira la imagen, nuestro arado de disco simple consta de las siguientes partes: vertical, soldadura del marco del arado, soldadura de la barra de amarre, pasador de suspensi\u00f3n inferior, soldadura de filete, soldadura del poste frontal del arado y disco del arado. Los diferentes tipos de arados de disco simple deben ser accionados por diferentes tractores.<\/p>    <figure class=\"wp-block-image aligncenter size-large\"><img loading=\"lazy\" decoding=\"async\" width=\"720\" height=\"540\" src=\"https:\/\/www.agriculture-machine.com\/wp-content\/uploads\/2021\/07\/structure-1.jpg\" alt=\"estructura\" class=\"wp-image-10928\" srcset=\"https:\/\/www.agriculture-machine.com\/wp-content\/uploads\/2021\/07\/structure-1.jpg 720w, https:\/\/www.agriculture-machine.com\/wp-content\/uploads\/2021\/07\/structure-1-360x270.jpg 360w, https:\/\/www.agriculture-machine.com\/wp-content\/uploads\/2021\/07\/structure-1-240x180.jpg 240w\" sizes=\"auto, (max-width: 720px) 100vw, 720px\" \/><figcaption class=\"wp-element-caption\">estructura<\/figcaption><\/figure>    <h3 class=\"wp-block-heading\" id=\"h-technical-parameter-of-our-machine\">Par\u00e1metros t\u00e9cnicos<\/h3>    <figure class=\"wp-block-image aligncenter size-large\"><img loading=\"lazy\" decoding=\"async\" width=\"720\" height=\"142\" src=\"https:\/\/www.agriculture-machine.com\/wp-content\/uploads\/2021\/07\/Single-disc-plough-720x142.png?v=1625739321\" alt=\"Arado de disco simple\" class=\"wp-image-10868\" srcset=\"https:\/\/www.agriculture-machine.com\/wp-content\/uploads\/2021\/07\/Single-disc-plough-720x142.png 720w, https:\/\/www.agriculture-machine.com\/wp-content\/uploads\/2021\/07\/Single-disc-plough-360x71.png 360w, https:\/\/www.agriculture-machine.com\/wp-content\/uploads\/2021\/07\/Single-disc-plough.png 736w\" sizes=\"auto, (max-width: 720px) 100vw, 720px\" \/><\/figure>    <h3 class=\"wp-block-heading\" id=\"h-type-two-circular-tube-disc-plough\">Tipo 2: arado de disco de tubo circular<\/h3>    <p>The circular tube disc plow is matched with the tractor&#8217;s full suspension link, and the plow blade rotates during operation to plow and turn the soil. We have four different models of circular tube disc plows. The tillage depth is 250 to 300 mm.<\/p>    <p>Tiene las caracter\u00edsticas de no enredar la hierba, no constrictar el suelo, no bloquear, poder cortar tallos y rizomas de cultivos, y tener menos resistencia de trabajo.<\/p>    <figure class=\"wp-block-gallery has-nested-images columns-default is-cropped wp-block-gallery-3 is-layout-flex wp-block-gallery-is-layout-flex\"> <figure class=\"wp-block-image size-large\"><img loading=\"lazy\" decoding=\"async\" width=\"720\" height=\"540\" data-id=\"10856\" src=\"https:\/\/www.agriculture-machine.com\/wp-content\/uploads\/2021\/07\/Disc-plough3.jpg\" alt=\"arado de tubo circular\" class=\"wp-image-10856\" srcset=\"https:\/\/www.agriculture-machine.com\/wp-content\/uploads\/2021\/07\/Disc-plough3.jpg 720w, https:\/\/www.agriculture-machine.com\/wp-content\/uploads\/2021\/07\/Disc-plough3-360x270.jpg 360w, https:\/\/www.agriculture-machine.com\/wp-content\/uploads\/2021\/07\/Disc-plough3-240x180.jpg 240w\" sizes=\"auto, (max-width: 720px) 100vw, 720px\" \/><figcaption class=\"wp-element-caption\">arado de tubo circular<\/figcaption><\/figure>    <figure class=\"wp-block-image size-large\"><img loading=\"lazy\" decoding=\"async\" width=\"720\" height=\"540\" data-id=\"10857\" src=\"https:\/\/www.agriculture-machine.com\/wp-content\/uploads\/2021\/07\/Disc-plough4.jpg\" alt=\"arado de tubo circular\" class=\"wp-image-10857\" srcset=\"https:\/\/www.agriculture-machine.com\/wp-content\/uploads\/2021\/07\/Disc-plough4.jpg 720w, https:\/\/www.agriculture-machine.com\/wp-content\/uploads\/2021\/07\/Disc-plough4-360x270.jpg 360w, https:\/\/www.agriculture-machine.com\/wp-content\/uploads\/2021\/07\/Disc-plough4-240x180.jpg 240w\" sizes=\"auto, (max-width: 720px) 100vw, 720px\" \/><figcaption class=\"wp-element-caption\">arado de tubo circular<\/figcaption><\/figure> <\/figure>    <h3 class=\"wp-block-heading\" id=\"h-the-structure-of-circular-tube-plough\">Estructura del arado de tubo circular<\/h3>    <p>El arado de disco de tubo circular est\u00e1 compuesto principalmente por estas partes: rueda de cola, suspensi\u00f3n pesada y hoja del arado.<\/p>    <figure class=\"wp-block-image aligncenter size-large\"><img loading=\"lazy\" decoding=\"async\" width=\"720\" height=\"540\" src=\"https:\/\/www.agriculture-machine.com\/wp-content\/uploads\/2021\/07\/structure-of-circular-tube-disc-plough.jpg\" alt=\"estructura del arado de disco de tubo circular\" class=\"wp-image-10938\" srcset=\"https:\/\/www.agriculture-machine.com\/wp-content\/uploads\/2021\/07\/structure-of-circular-tube-disc-plough.jpg 720w, https:\/\/www.agriculture-machine.com\/wp-content\/uploads\/2021\/07\/structure-of-circular-tube-disc-plough-360x270.jpg 360w, https:\/\/www.agriculture-machine.com\/wp-content\/uploads\/2021\/07\/structure-of-circular-tube-disc-plough-240x180.jpg 240w\" sizes=\"auto, (max-width: 720px) 100vw, 720px\" \/><figcaption class=\"wp-element-caption\">estructura del arado de disco de tubo circular<\/figcaption><\/figure>    <h3 class=\"wp-block-heading\" id=\"h-technical-parameter-of-circular-tube-disc-plough\">Par\u00e1metros t\u00e9cnicos<\/h3>    <figure class=\"wp-block-image aligncenter size-large\"><img loading=\"lazy\" decoding=\"async\" width=\"520\" height=\"145\" src=\"https:\/\/www.agriculture-machine.com\/wp-content\/uploads\/2021\/07\/Circular-tube-disc-plough.png\" alt=\"Arado de tubo circular\" class=\"wp-image-10869\" srcset=\"https:\/\/www.agriculture-machine.com\/wp-content\/uploads\/2021\/07\/Circular-tube-disc-plough.png 520w, https:\/\/www.agriculture-machine.com\/wp-content\/uploads\/2021\/07\/Circular-tube-disc-plough-360x100.png 360w\" sizes=\"auto, (max-width: 520px) 100vw, 520px\" \/><\/figure>    <h3 class=\"wp-block-heading\" id=\"h-type-three-1ly-disc-plough\">Tipo 3: arado de disco 1LY<\/h3>    <p>El arado de disco 1LY se refiere a las caracter\u00edsticas de los arados de disco extranjeros y crea dise\u00f1os basados en ellos. La serie de arados de disco 1LY se usa principalmente para operaciones de arado en tierras secas o tierras sin cultivar. Tiene las caracter\u00edsticas de baja resistencia y operaci\u00f3n sencilla. <\/p>    <p>La serie de arados de disco 1LY incluye cuatro modelos diferentes. Los anchos de labranza de los modelos adyacentes difieren en 300 mm, la profundidad de labranza es la misma y se requieren tractores con diferentes caballos de fuerza para tirar de ellos.<\/p>    <figure class=\"wp-block-gallery has-nested-images columns-default is-cropped wp-block-gallery-4 is-layout-flex wp-block-gallery-is-layout-flex\"> <figure class=\"wp-block-image size-large\"><img loading=\"lazy\" decoding=\"async\" width=\"720\" height=\"540\" data-id=\"10858\" src=\"https:\/\/www.agriculture-machine.com\/wp-content\/uploads\/2021\/07\/Disc-plough5.jpg\" alt=\"Arado de disco 1LY\" class=\"wp-image-10858\" srcset=\"https:\/\/www.agriculture-machine.com\/wp-content\/uploads\/2021\/07\/Disc-plough5.jpg 720w, https:\/\/www.agriculture-machine.com\/wp-content\/uploads\/2021\/07\/Disc-plough5-360x270.jpg 360w, https:\/\/www.agriculture-machine.com\/wp-content\/uploads\/2021\/07\/Disc-plough5-240x180.jpg 240w\" sizes=\"auto, (max-width: 720px) 100vw, 720px\" \/><figcaption class=\"wp-element-caption\">Arado de disco 1LY<\/figcaption><\/figure>    <figure class=\"wp-block-image size-large\"><img loading=\"lazy\" decoding=\"async\" width=\"720\" height=\"540\" data-id=\"10859\" src=\"https:\/\/www.agriculture-machine.com\/wp-content\/uploads\/2021\/07\/Disc-plough6.jpg\" alt=\"Arado de disco 1LY\" class=\"wp-image-10859\" srcset=\"https:\/\/www.agriculture-machine.com\/wp-content\/uploads\/2021\/07\/Disc-plough6.jpg 720w, https:\/\/www.agriculture-machine.com\/wp-content\/uploads\/2021\/07\/Disc-plough6-360x270.jpg 360w, https:\/\/www.agriculture-machine.com\/wp-content\/uploads\/2021\/07\/Disc-plough6-240x180.jpg 240w\" sizes=\"auto, (max-width: 720px) 100vw, 720px\" \/><figcaption class=\"wp-element-caption\">Arado de disco 1LY<\/figcaption><\/figure> <\/figure>    <h3 class=\"wp-block-heading\" id=\"h-the-structure-of-1ly-disc-plough\">Estructura del arado de disco 1LY<\/h3>    <p>El arado de disco 1LY est\u00e1 compuesto por tres partes principales: marco, punto de enlace y disco del arado. Otras im\u00e1genes son una introducci\u00f3n detallada a las partes.<\/p>    <figure class=\"wp-block-gallery has-nested-images columns-default is-cropped wp-block-gallery-5 is-layout-flex wp-block-gallery-is-layout-flex\"> <figure class=\"wp-block-image size-large\"><img loading=\"lazy\" decoding=\"async\" width=\"720\" height=\"382\" data-id=\"10932\" src=\"https:\/\/www.agriculture-machine.com\/wp-content\/uploads\/2021\/07\/blade.jpg\" alt=\"cuchilla\" class=\"wp-image-10932\" srcset=\"https:\/\/www.agriculture-machine.com\/wp-content\/uploads\/2021\/07\/blade.jpg 720w, https:\/\/www.agriculture-machine.com\/wp-content\/uploads\/2021\/07\/blade-360x191.jpg 360w\" sizes=\"auto, (max-width: 720px) 100vw, 720px\" \/><figcaption class=\"wp-element-caption\">cuchilla<\/figcaption><\/figure>    <figure class=\"wp-block-image size-large\"><img loading=\"lazy\" decoding=\"async\" width=\"720\" height=\"267\" data-id=\"10931\" src=\"https:\/\/www.agriculture-machine.com\/wp-content\/uploads\/2021\/07\/plow-post.jpg\" alt=\"poste del arado\" class=\"wp-image-10931\" srcset=\"https:\/\/www.agriculture-machine.com\/wp-content\/uploads\/2021\/07\/plow-post.jpg 720w, https:\/\/www.agriculture-machine.com\/wp-content\/uploads\/2021\/07\/plow-post-360x134.jpg 360w\" sizes=\"auto, (max-width: 720px) 100vw, 720px\" \/><figcaption class=\"wp-element-caption\">poste del arado<\/figcaption><\/figure>    <figure class=\"wp-block-image size-large\"><img loading=\"lazy\" decoding=\"async\" width=\"720\" height=\"235\" data-id=\"10933\" src=\"https:\/\/www.agriculture-machine.com\/wp-content\/uploads\/2021\/07\/three-point-suspension.jpg\" alt=\"suspensi\u00f3n de tres puntos\" class=\"wp-image-10933\" srcset=\"https:\/\/www.agriculture-machine.com\/wp-content\/uploads\/2021\/07\/three-point-suspension.jpg 720w, https:\/\/www.agriculture-machine.com\/wp-content\/uploads\/2021\/07\/three-point-suspension-360x118.jpg 360w\" sizes=\"auto, (max-width: 720px) 100vw, 720px\" \/><figcaption class=\"wp-element-caption\">suspensi\u00f3n de tres puntos<\/figcaption><\/figure>    <figure class=\"wp-block-image aligncenter size-large\"><img loading=\"lazy\" decoding=\"async\" width=\"720\" height=\"498\" data-id=\"10930\" src=\"https:\/\/www.agriculture-machine.com\/wp-content\/uploads\/2021\/07\/structure-of-1LY.jpg\" alt=\"estructura del 1LY\" class=\"wp-image-10930\" srcset=\"https:\/\/www.agriculture-machine.com\/wp-content\/uploads\/2021\/07\/structure-of-1LY.jpg 720w, https:\/\/www.agriculture-machine.com\/wp-content\/uploads\/2021\/07\/structure-of-1LY-360x249.jpg 360w\" sizes=\"auto, (max-width: 720px) 100vw, 720px\" \/><figcaption class=\"wp-element-caption\">estructura del 1LY<\/figcaption><\/figure> <\/figure>    <h3 class=\"wp-block-heading\" id=\"h-technical-parameter-of-1ly-disc-plough\">Par\u00e1metros t\u00e9cnicos<\/h3>    <figure class=\"wp-block-image aligncenter size-large\"><img loading=\"lazy\" decoding=\"async\" width=\"520\" height=\"145\" src=\"https:\/\/www.agriculture-machine.com\/wp-content\/uploads\/2021\/07\/1LY-disc-plough.png\" alt=\"\" class=\"wp-image-10870\" srcset=\"https:\/\/www.agriculture-machine.com\/wp-content\/uploads\/2021\/07\/1LY-disc-plough.png 520w, https:\/\/www.agriculture-machine.com\/wp-content\/uploads\/2021\/07\/1LY-disc-plough-360x100.png 360w\" sizes=\"auto, (max-width: 520px) 100vw, 520px\" \/><\/figure>    <h2 class=\"wp-block-heading\">Aplicaciones del equipo de arado agr\u00edcola<\/h2>    <p>Nuestros arados de disco son adecuados para tierra seca y campos de arroz. Antes de plantar arroz, arar la tierra es bueno para el crecimiento del arroz. Cuando se arar en el campo de arroz, puede voltear completamente el suelo y nivelarlo.<\/p>    <p>Puede cortar los tallos de trigo y arroz y enterrarlos en el suelo. Se pudren en el suelo y aumentan la materia org\u00e1nica del suelo. El arado de disco est\u00e1 conectado con la suspensi\u00f3n completa del tractor. <\/p>    <p>Durante la operaci\u00f3n, la hoja del arado gira hacia el arado y voltea el suelo. Es especialmente adecuado para infestaci\u00f3n de malezas, tallos erguidos, alta resistencia espec\u00edfica del suelo y suelos con mamposter\u00eda compleja.<\/p>    <figure class=\"wp-block-image aligncenter size-large\"><img loading=\"lazy\" decoding=\"async\" width=\"720\" height=\"540\" src=\"https:\/\/www.agriculture-machine.com\/wp-content\/uploads\/2021\/07\/application-of-disc-plough.jpg\" alt=\"aplicaci\u00f3n del arado de disco\" class=\"wp-image-10929\" srcset=\"https:\/\/www.agriculture-machine.com\/wp-content\/uploads\/2021\/07\/application-of-disc-plough.jpg 720w, https:\/\/www.agriculture-machine.com\/wp-content\/uploads\/2021\/07\/application-of-disc-plough-360x270.jpg 360w, https:\/\/www.agriculture-machine.com\/wp-content\/uploads\/2021\/07\/application-of-disc-plough-240x180.jpg 240w\" sizes=\"auto, (max-width: 720px) 100vw, 720px\" \/><figcaption class=\"wp-element-caption\">aplicaci\u00f3n del arado de disco<\/figcaption><\/figure>    <h2 class=\"wp-block-heading\">\u00bfC\u00f3mo mantener el arado de disco?<\/h2>    <ul class=\"wp-block-list\"> <li>Verifique de manera integral la apariencia de la m\u00e1quina, repinte y aplique aceite en la machete y en el eje de engranaje para prevenir la oxidaci\u00f3n.<\/li>    <li>Verifique si la caja de transmisi\u00f3n, los diez bytes y los rodamientos carecen de aceite, y reabastezca inmediatamente si es necesario.<\/li>    <li>Verifique y apriete los tornillos de conexi\u00f3n.<\/li>    <li>Verifique si las partes vulnerables como tornillos y pasadores de separaci\u00f3n est\u00e1n da\u00f1adas, y reempl\u00e1celas si es necesario.<\/li>    <li>Elimina completamente el barro, el polvo y el aceite en el equipo.<\/li>    <li>Reemplace completamente el aceite lubricante y la grasa.<\/li> <\/ul>    <h2 class=\"wp-block-heading\">Tractor con arado agr\u00edcola<\/h2>    <p>Como se mencion\u00f3 anteriormente, tenemos muchos tipos de arados de disco, arado de 3 discos, 4 discos, 5 discos, 6 discos, etc. Los diferentes arados de disco requieren tractores con diferentes caballos de fuerza. Los arados peque\u00f1os pueden usar tractores de paseo de 18 caballos de fuerza, y los grandes arados de disco pueden usar tractores medianos o grandes.<\/p>    <figure class=\"wp-block-image aligncenter size-large\"><img loading=\"lazy\" decoding=\"async\" width=\"720\" height=\"540\" src=\"https:\/\/www.agriculture-machine.com\/wp-content\/uploads\/2021\/07\/Tractor-with-disc-plough.jpg\" alt=\"Tractor con arado\" class=\"wp-image-10864\" srcset=\"https:\/\/www.agriculture-machine.com\/wp-content\/uploads\/2021\/07\/Tractor-with-disc-plough.jpg 720w, https:\/\/www.agriculture-machine.com\/wp-content\/uploads\/2021\/07\/Tractor-with-disc-plough-360x270.jpg 360w, https:\/\/www.agriculture-machine.com\/wp-content\/uploads\/2021\/07\/Tractor-with-disc-plough-240x180.jpg 240w\" sizes=\"auto, (max-width: 720px) 100vw, 720px\" \/><figcaption class=\"wp-element-caption\">Tractor con arado<\/figcaption><\/figure>    <h2 class=\"wp-block-heading\">\u00bfPor qu\u00e9 usamos un arado?<\/h2>    <ul class=\"wp-block-list\"> <li>En el pasado, las personas usaban mano de obra o ganado para arar la tierra, pero esto es un desperdicio de fuerza laboral y es ineficiente. El arado de disco vertical puede resolver eficazmente este problema y hacer que el suelo sea m\u00e1s f\u00e9rtil.<\/li>    <li>La tierra f\u00e9rtil puede cultivar mejor los cultivos y hacer que las personas obtengan mayores rendimientos. En la tierra arada, la brecha del suelo se ampl\u00eda y la permeabilidad del aire es buena. <\/li>    <li>El agua y el aire pueden entrar bien en el suelo y mantenerse bien retenidos. El arado puede ablandar el suelo y hacerlo adecuado para el crecimiento de las ra\u00edces de los cultivos y la absorci\u00f3n de nutrientes.\u00a0<\/li>    <li>La temperatura durante el arado de primavera todav\u00eda es relativamente baja, y el arado puede matar algunas plagas escondidas en el suelo para la hibernaci\u00f3n, lo que puede reducir el da\u00f1o a las semillas por parte de las plagas. Por lo tanto, el arado es muy importante para los agricultores.<\/li> <\/ul>    <figure class=\"wp-block-gallery has-nested-images columns-default is-cropped wp-block-gallery-6 is-layout-flex wp-block-gallery-is-layout-flex\"> <figure class=\"wp-block-image size-large\"><img loading=\"lazy\" decoding=\"async\" width=\"720\" height=\"371\" data-id=\"10936\" src=\"https:\/\/www.agriculture-machine.com\/wp-content\/uploads\/2021\/07\/Primitive-farming-method-1.jpg\" alt=\"M\u00e9todo de agricultura primitiva \" class=\"wp-image-10936\" srcset=\"https:\/\/www.agriculture-machine.com\/wp-content\/uploads\/2021\/07\/Primitive-farming-method-1.jpg 720w, https:\/\/www.agriculture-machine.com\/wp-content\/uploads\/2021\/07\/Primitive-farming-method-1-360x186.jpg 360w\" sizes=\"auto, (max-width: 720px) 100vw, 720px\" \/><figcaption class=\"wp-element-caption\">M\u00e9todo de agricultura primitiva <\/figcaption><\/figure>    <figure class=\"wp-block-image size-large\"><img loading=\"lazy\" decoding=\"async\" width=\"720\" height=\"540\" data-id=\"10937\" src=\"https:\/\/www.agriculture-machine.com\/wp-content\/uploads\/2021\/07\/effect-of-disc-plow-1.jpg\" alt=\"efecto del arado de disco \" class=\"wp-image-10937\" srcset=\"https:\/\/www.agriculture-machine.com\/wp-content\/uploads\/2021\/07\/effect-of-disc-plow-1.jpg 720w, https:\/\/www.agriculture-machine.com\/wp-content\/uploads\/2021\/07\/effect-of-disc-plow-1-360x270.jpg 360w, https:\/\/www.agriculture-machine.com\/wp-content\/uploads\/2021\/07\/effect-of-disc-plow-1-240x180.jpg 240w\" sizes=\"auto, (max-width: 720px) 100vw, 720px\" \/><figcaption class=\"wp-element-caption\">efecto del arado de disco<\/figcaption><\/figure> <\/figure>    <h2 class=\"wp-block-heading\">\u00bfCu\u00e1l es el precio del equipo?<\/h2>    <p>Seg\u00fan la tabla de par\u00e1metros anterior, podemos ver que el n\u00famero de cuchillas del arado de disco var\u00eda seg\u00fan el modelo, y la profundidad y el ancho de labranza tambi\u00e9n son diferentes. <\/p>    <p>Por lo tanto, el precio de cada arado de disco no es fijo, puede elegir el arado de disco adecuado seg\u00fan sus necesidades, y nuestro gerente comercial le dar\u00e1 una cotizaci\u00f3n precisa.<\/p>    <h2 class=\"wp-block-heading\">Arado de disco en Filipinas<\/h2>    <p>Este es un video de retroalimentaci\u00f3n de un cliente de Filipinas, quien cree que con la tracci\u00f3n del tractor correspondiente, nuestro arado de disco tiene una fuerte intensidad de trabajo y puede voltear la tierra profunda. <\/p>    <p>El arado de disco es remolcado por un tractor, lo que hace que la conducci\u00f3n sea extremadamente estable y segura, sin turbulencias, y no hace que las personas se mareen.<\/p>    <figure class=\"wp-block-embed aligncenter is-type-video is-provider-youtube wp-block-embed-youtube wp-embed-aspect-4-3 wp-has-aspect-ratio\"><div class=\"wp-block-embed__wrapper\"> <iframe loading=\"lazy\" title=\"Disco del arado de tubo circular\" width=\"500\" height=\"375\" src=\"https:\/\/www.youtube.com\/embed\/yvRkHE4Uqfo?feature=oembed\" frameborder=\"0\" allow=\"accelerometer; autoplay; clipboard-write; encrypted-media; gyroscope; picture-in-picture; web-share\" referrerpolicy=\"strict-origin-when-cross-origin\" allowfullscreen><\/iframe> <\/div><figcaption class=\"wp-element-caption\">sitio de trabajo del arado agr\u00edcola<\/figcaption><\/figure>    <h2 class=\"wp-block-heading\">Nuestra f\u00e1brica y productos<\/h2>    <p>Our company specializes in agricultural machinery products, established for many years. Our factory has strong strength and sufficient inventory, so please don&#8217;t worry about out-of-stock issues. Our products are made of upper-level materials, and the production process is checked several times, so the quality is guaranteed.<\/p>    <p>Si est\u00e1 interesado en nuestros productos, por favor deje su informaci\u00f3n de contacto, y nuestros compa\u00f1eros se pondr\u00e1n en contacto con usted en 24 horas. Prometemos brindarle el servicio m\u00e1s cercano, el precio m\u00e1s favorable y la mejor calidad del producto. Bienvenido a contactarnos.<\/p>","protected":false},"excerpt":{"rendered":"<p>Tenemos muchos tipos de arado, como arado de disco simple, arado de tubo circular, arado de disco 1LY. La profundidad de corte es de 200-300 mm.<\/p>","protected":false},"author":1,"featured_media":10871,"parent":0,"comment_status":"closed","ping_status":"closed","template":"","tags":[698],"product-type":[878],"class_list":["post-10851","product","type-product","status-publish","has-post-thumbnail","hentry","tag-tractor","product-type-manual-tractor"],"_links":{"self":[{"href":"https:\/\/www.agriculture-machine.com\/es\/wp-json\/wp\/v2\/product\/10851","targetHints":{"allow":["GET"]}}],"collection":[{"href":"https:\/\/www.agriculture-machine.com\/es\/wp-json\/wp\/v2\/product"}],"about":[{"href":"https:\/\/www.agriculture-machine.com\/es\/wp-json\/wp\/v2\/types\/product"}],"author":[{"embeddable":true,"href":"https:\/\/www.agriculture-machine.com\/es\/wp-json\/wp\/v2\/users\/1"}],"replies":[{"embeddable":true,"href":"https:\/\/www.agriculture-machine.com\/es\/wp-json\/wp\/v2\/comments?post=10851"}],"wp:featuredmedia":[{"embeddable":true,"href":"https:\/\/www.agriculture-machine.com\/es\/wp-json\/wp\/v2\/media\/10871"}],"wp:attachment":[{"href":"https:\/\/www.agriculture-machine.com\/es\/wp-json\/wp\/v2\/media?parent=10851"}],"wp:term":[{"taxonomy":"post_tag","embeddable":true,"href":"https:\/\/www.agriculture-machine.com\/es\/wp-json\/wp\/v2\/tags?post=10851"},{"taxonomy":"product-type","embeddable":true,"href":"https:\/\/www.agriculture-machine.com\/es\/wp-json\/wp\/v2\/product-type?post=10851"}],"curies":[{"name":"wp","href":"https:\/\/api.w.org\/{rel}","templated":true}]}}