{"id":10993,"date":"2021-08-16T17:44:40","date_gmt":"2021-08-16T09:44:40","guid":{"rendered":"https:\/\/www.agriculture-machine.com\/?p=10993"},"modified":"2024-08-20T17:43:17","modified_gmt":"2024-08-20T09:43:17","slug":"potato-harvester-two-models-of-potato-harvester","status":"publish","type":"product","link":"https:\/\/www.agriculture-machine.com\/es\/potato-harvester-two-models-of-potato-harvester\/","title":{"rendered":"Dos modelos de m\u00e1quina cosechadora de papas en venta"},"content":{"rendered":"<p class=\"translation-block\">La <strong>cosechadora de patatas<\/strong> se usa principalmente para completar la cosecha de patatas subterr\u00e1neas, que incluye patatas, batatas, zanahorias, etc. Es adecuada para diversos tipos de suelo: suelo arenoso, suelo limoso y suelo de cohesi\u00f3n media. <\/p>    <p>La m\u00e1quina puede voltear el fruto fuera del suelo y formar un mont\u00f3n, reduciendo el consumo de mano de obra y facilitando su recogida. Debido a la gran profundidad de excavaci\u00f3n, no causar\u00e1 da\u00f1os a las patatas.<\/p>    <figure class=\"wp-block-embed aligncenter is-type-video is-provider-youtube wp-block-embed-youtube wp-embed-aspect-16-9 wp-has-aspect-ratio\"><div class=\"wp-block-embed__wrapper\"> <iframe loading=\"lazy\" title=\"Maximice la eficiencia de cosecha de patatas con nuestra avanzada m\u00e1quina cosechadora de patatas combinada#cosecha\" width=\"500\" height=\"281\" src=\"https:\/\/www.youtube.com\/embed\/4WllxEhKSvg?feature=oembed\" frameborder=\"0\" allow=\"accelerometer; autoplay; clipboard-write; encrypted-media; gyroscope; picture-in-picture; web-share\" referrerpolicy=\"strict-origin-when-cross-origin\" allowfullscreen><\/iframe> <\/div><figcaption class=\"wp-element-caption\">video de trabajo de la m\u00e1quina cosechadora de patatas<\/figcaption><\/figure>    <p class=\"translation-block\">Esta m\u00e1quina es popular en muchos pa\u00edses, incluyendo los Pa\u00edses Bajos, Estados Unidos, Canad\u00e1, Alemania, Francia, Rusia, etc. (<strong><em><a href=\"https:\/\/www.agriculture-machine.com\/es\/automatic-potato-harvesting-machine\/\">Por qu\u00e9 las m\u00e1quinas autom\u00e1ticas de cosecha de patatas son populares en pa\u00edses canadienses<\/a><\/em><\/strong>). Aqu\u00ed hay varios escenarios de trabajo.<\/p>    <figure class=\"wp-block-image aligncenter size-full\"><img loading=\"lazy\" decoding=\"async\" width=\"720\" height=\"540\" src=\"https:\/\/www.agriculture-machine.com\/wp-content\/uploads\/2021\/07\/working-scene.jpg\" alt=\"escena de trabajo\" class=\"wp-image-10998\" srcset=\"https:\/\/www.agriculture-machine.com\/wp-content\/uploads\/2021\/07\/working-scene.jpg 720w, https:\/\/www.agriculture-machine.com\/wp-content\/uploads\/2021\/07\/working-scene-360x270.jpg 360w, https:\/\/www.agriculture-machine.com\/wp-content\/uploads\/2021\/07\/working-scene-240x180.jpg 240w\" sizes=\"auto, (max-width: 720px) 100vw, 720px\" \/><figcaption class=\"wp-element-caption\">escena de trabajo de la m\u00e1quina excavadora de patatas<\/figcaption><\/figure>    <h2 class=\"wp-block-heading\" id=\"h-introduction-about-our-potato-harvester\">Introducci\u00f3n sobre nuestro cosechador de patatas<\/h2>    <p>The harvester machine can help people harvest the crop efficiently. Our potato harvester equipment is specially designed according to our country&#8217;s characteristics of potato planting. The yield that the machine can harvest is more than a dozen people can harvest.<\/p>    <p>Todo el proceso de operaci\u00f3n es suave. La m\u00e1quina es f\u00e1cil de conectar y operar. Es flexible, pr\u00e1ctica, con alta eficiencia de cosecha, baja enterramiento de patatas y no causa da\u00f1o a las patatas. <\/p>    <figure class=\"wp-block-image aligncenter size-large\"><img loading=\"lazy\" decoding=\"async\" width=\"720\" height=\"539\" src=\"https:\/\/www.agriculture-machine.com\/wp-content\/uploads\/2021\/07\/potato-harvester-2.jpg\" alt=\"cosechadora de patatas\" class=\"wp-image-11003\" srcset=\"https:\/\/www.agriculture-machine.com\/wp-content\/uploads\/2021\/07\/potato-harvester-2.jpg 720w, https:\/\/www.agriculture-machine.com\/wp-content\/uploads\/2021\/07\/potato-harvester-2-360x270.jpg 360w, https:\/\/www.agriculture-machine.com\/wp-content\/uploads\/2021\/07\/potato-harvester-2-240x180.jpg 240w\" sizes=\"auto, (max-width: 720px) 100vw, 720px\" \/><figcaption class=\"wp-element-caption\">m\u00e1quina excavadora de patatas<\/figcaption><\/figure>    <p>The machine can turn over the soil. The remaining agricultural film is turned directly on the ground, which is more convenient to clean up. It is also conducive to the growth of the next season&#8217;s crops. So our potato reaping machine is favored by users everywhere.<\/p>    <figure class=\"wp-block-image aligncenter size-large\"><img loading=\"lazy\" decoding=\"async\" width=\"720\" height=\"530\" src=\"https:\/\/www.agriculture-machine.com\/wp-content\/uploads\/2021\/07\/potato-harvester-2-1.jpg\" alt=\"\" class=\"wp-image-11004\" srcset=\"https:\/\/www.agriculture-machine.com\/wp-content\/uploads\/2021\/07\/potato-harvester-2-1.jpg 720w, https:\/\/www.agriculture-machine.com\/wp-content\/uploads\/2021\/07\/potato-harvester-2-1-360x265.jpg 360w\" sizes=\"auto, (max-width: 720px) 100vw, 720px\" \/><figcaption class=\"wp-element-caption\">cosechadora de patatas en venta<\/figcaption><\/figure>    <h2 class=\"wp-block-heading\">Principio de funcionamiento del excavador de patatas<\/h2>    <ol class=\"wp-block-list\"> <li>Antes de trabajar, conecte la m\u00e1quina al tractor. Diferentes cosechadoras de patatas necesitan coincidir con tractores de diferentes caballos de fuerza.<\/li>    <li>Cuando el tractor comience a avanzar, la m\u00e1quina de recolecci\u00f3n de patatas debe comenzar a trabajar junto con \u00e9l.<\/li>    <li>El principio de funcionamiento es que bajo la transmisi\u00f3n del PTO del tractor, el suelo y los tub\u00e9rculos se separan por la vibraci\u00f3n de la pantalla vibratoria. La tierra cae en el espacio de la pantalla vibratoria, y las patatas permanecen en la pantalla.<\/li> <\/ol>    <h2 class=\"wp-block-heading\">Potato harvesting machine&#8217;s main structure <\/h2>    <p>La cosechadora de patatas incluye varias partes: rueda, soporte de rueda trasera, pantalla vibratoria, cubierta protectora, marco de tracci\u00f3n, PTO y pasador de suspensi\u00f3n. Puede encontrar m\u00e1s detalles en la imagen a continuaci\u00f3n.<\/p>    <figure class=\"wp-block-image aligncenter size-full\"><img loading=\"lazy\" decoding=\"async\" width=\"720\" height=\"528\" src=\"https:\/\/www.agriculture-machine.com\/wp-content\/uploads\/2021\/07\/structure-2.jpg\" alt=\"estructura\" class=\"wp-image-11002\" srcset=\"https:\/\/www.agriculture-machine.com\/wp-content\/uploads\/2021\/07\/structure-2.jpg 720w, https:\/\/www.agriculture-machine.com\/wp-content\/uploads\/2021\/07\/structure-2-360x264.jpg 360w\" sizes=\"auto, (max-width: 720px) 100vw, 720px\" \/><figcaption class=\"wp-element-caption\">estructura del m\u00e1quina de cosecha<\/figcaption><\/figure>    <h2 class=\"wp-block-heading\">Par\u00e1metros t\u00e9cnicos<\/h2>    <p>Disponemos de dos modelos de cosechadora de patatas: m\u00e1quinas de cosecha de patatas de fila simple y doble fila. Puede obtener informaci\u00f3n detallada en la hoja. Para m\u00e1s detalles, consulte a nuestro personal.<\/p>    <figure class=\"wp-block-gallery has-nested-images columns-default is-cropped wp-block-gallery-2 is-layout-flex wp-block-gallery-is-layout-flex\"> <figure class=\"wp-block-image size-large\"><img loading=\"lazy\" decoding=\"async\" width=\"720\" height=\"540\" data-id=\"11005\" src=\"https:\/\/www.agriculture-machine.com\/wp-content\/uploads\/2021\/07\/single-row.jpg\" alt=\"fila \u00fanica\" class=\"wp-image-11005\" srcset=\"https:\/\/www.agriculture-machine.com\/wp-content\/uploads\/2021\/07\/single-row.jpg 720w, https:\/\/www.agriculture-machine.com\/wp-content\/uploads\/2021\/07\/single-row-360x270.jpg 360w, https:\/\/www.agriculture-machine.com\/wp-content\/uploads\/2021\/07\/single-row-240x180.jpg 240w\" sizes=\"auto, (max-width: 720px) 100vw, 720px\" \/><figcaption class=\"wp-element-caption\">fila \u00fanica<\/figcaption><\/figure>    <figure class=\"wp-block-image size-large\"><img loading=\"lazy\" decoding=\"async\" width=\"720\" height=\"540\" data-id=\"11006\" src=\"https:\/\/www.agriculture-machine.com\/wp-content\/uploads\/2021\/07\/two-rows.jpg\" alt=\"dos filas\" class=\"wp-image-11006\" srcset=\"https:\/\/www.agriculture-machine.com\/wp-content\/uploads\/2021\/07\/two-rows.jpg 720w, https:\/\/www.agriculture-machine.com\/wp-content\/uploads\/2021\/07\/two-rows-360x270.jpg 360w, https:\/\/www.agriculture-machine.com\/wp-content\/uploads\/2021\/07\/two-rows-240x180.jpg 240w\" sizes=\"auto, (max-width: 720px) 100vw, 720px\" \/><figcaption class=\"wp-element-caption\">dos filas<\/figcaption><\/figure> <\/figure>    <figure class=\"wp-block-table is-style-stripes\"><table><tbody><tr><td>Modelo<\/td><td>4U-1<\/td><td>4U-2<\/td><\/tr><tr><td>Filas de cosecha<\/td><td>1<\/td><td>2<\/td><\/tr><tr><td>Ancho de corte (mm)<\/td><td>600<\/td><td>900\/1300\/1600\/1800<\/td><\/tr><tr><td>Profundidad de corte (mm)<\/td><td>100-250<\/td><td>100-250<\/td><\/tr><tr><td>Velocidad de rotaci\u00f3n del PTO (r\/min)<\/td><td>540-720<\/td><td>540-720<\/td><\/tr><tr><td>Peso (kg)<\/td><td>160<\/td><td>260\/335\/390\/440<\/td><\/tr><tr><td>Potencia del tractor (hp)<\/td><td>20-30<\/td><td>40\/50\/70\/80<\/td><\/tr><tr><td>Montado en cat<\/td><td>Suspensi\u00f3n de tres puntos Cat \u2161<\/td><td>Suspensi\u00f3n de tres puntos Cat \u2161<\/td><\/tr><\/tbody><\/table><figcaption class=\"wp-element-caption\">Informaci\u00f3n param\u00e9trica para ambos modelos de cosechadoras<\/figcaption><\/figure>    <h2 class=\"wp-block-heading\">Preparaci\u00f3n antes del trabajo<\/h2>    <ol class=\"wp-block-list\"> <li>Desmonte y limpie las diversas partes de la cosechadora de patatas con anticipaci\u00f3n, y aplique grasa a las partes de los rodamientos durante la limpieza para garantizar su funcionamiento normal.<\/li>    <li>Al trabajar en el suelo, es necesario asegurarse de que no haya piedras grandes, piedras evidentes, etc. El objetivo es garantizar que el excavador de patatas no cause da\u00f1os a los engranajes y cuchillas debido a las piedras.<\/li> <\/ol>    <h2 class=\"wp-block-heading\">Ventajas de la cosechadora<\/h2>    <ol class=\"wp-block-list\"> <li>Altamente eficiente, esta m\u00e1quina puede cosechar aproximadamente 0,27 hect\u00e1reas por hora y tiene una capacidad de alimentaci\u00f3n de alrededor de 180 kg\/s.<\/li>    <li>La cosechadora de patatas pierde tierra r\u00e1pidamente, y no causa ning\u00fan da\u00f1o a la epidermis de la patata. El almacenamiento auxiliar es ordenado, y la tasa de cosecha de patatas es alta.<\/li>    <li>La pel\u00edcula residual se recupera de manera limpia, y la m\u00e1quina puede completar la excavaci\u00f3n de patatas de manera eficiente y r\u00e1pida en una sola vez.<\/li>    <li>La cadena transportadora adopta un dise\u00f1o especial y es duradera.<\/li>    <li>Tiene una estructura de marco, por lo que la cosechadora de patatas es ligera, duradera y m\u00e1s f\u00e1cil de instalar.<\/li>    <li>El dise\u00f1o general sigue el principio de la mec\u00e1nica tras largos experimentos repetidos. Tiene una amplia adaptabilidad, alta eficiencia de trabajo, baja demanda de potencia, recuperaci\u00f3n r\u00e1pida y se adapta a diversos suelos.<\/li> <\/ol>    <figure class=\"wp-block-gallery has-nested-images columns-default is-cropped wp-block-gallery-3 is-layout-flex wp-block-gallery-is-layout-flex\"> <figure class=\"wp-block-image size-large\"><img loading=\"lazy\" decoding=\"async\" width=\"720\" height=\"540\" data-id=\"15509\" src=\"https:\/\/www.agriculture-machine.com\/wp-content\/uploads\/2021\/08\/potato-digging-machine.webp\" alt=\"m\u00e1quina de excavaci\u00f3n de patatas\" class=\"wp-image-15509\" srcset=\"https:\/\/www.agriculture-machine.com\/wp-content\/uploads\/2021\/08\/potato-digging-machine.webp 720w, https:\/\/www.agriculture-machine.com\/wp-content\/uploads\/2021\/08\/potato-digging-machine-360x270.webp 360w, https:\/\/www.agriculture-machine.com\/wp-content\/uploads\/2021\/08\/potato-digging-machine-240x180.webp 240w\" sizes=\"auto, (max-width: 720px) 100vw, 720px\" \/><figcaption class=\"wp-element-caption\">m\u00e1quina de excavaci\u00f3n de patatas<\/figcaption><\/figure>    <figure class=\"wp-block-image size-large\"><img loading=\"lazy\" decoding=\"async\" width=\"720\" height=\"540\" data-id=\"15510\" src=\"https:\/\/www.agriculture-machine.com\/wp-content\/uploads\/2021\/08\/potato-harvesting-machine-for-sale.webp\" alt=\"m\u00e1quina de cosecha de patatas en venta\" class=\"wp-image-15510\" srcset=\"https:\/\/www.agriculture-machine.com\/wp-content\/uploads\/2021\/08\/potato-harvesting-machine-for-sale.webp 720w, https:\/\/www.agriculture-machine.com\/wp-content\/uploads\/2021\/08\/potato-harvesting-machine-for-sale-360x270.webp 360w, https:\/\/www.agriculture-machine.com\/wp-content\/uploads\/2021\/08\/potato-harvesting-machine-for-sale-240x180.webp 240w\" sizes=\"auto, (max-width: 720px) 100vw, 720px\" \/><figcaption class=\"wp-element-caption\">m\u00e1quina de cosecha de patatas en venta<\/figcaption><\/figure> <\/figure>    <h2 class=\"wp-block-heading\">Mantenimiento t\u00e9cnico y almacenamiento<\/h2>    <ol class=\"wp-block-list\"> <li>Despu\u00e9s de cada turno, se debe eliminar la tierra en cada parte de la m\u00e1quina.<\/li>    <li>Verifique los sujetadores de varias partes y apri\u00e9telos a tiempo si est\u00e1n sueltos.<\/li>    <li>Verifique si las partes giratorias son flexibles. Si no est\u00e1n en condiciones normales, debe ajustarlas y eliminarlas a tiempo.<\/li>    <li>Cuando la m\u00e1quina no se ha utilizado durante mucho tiempo, se debe prestar atenci\u00f3n para evitar la lluvia y el contacto con sustancias \u00e1cidas para evitar la corrosi\u00f3n. Las cuchillas deben tratarse con aceite.<\/li> <\/ol>    <p>Si est\u00e1 interesado en nuestra avanzada cosechadora de patatas, no dude en contactar con nuestro equipo profesional para m\u00e1s detalles y opciones de personalizaci\u00f3n. Esperamos tener noticias suyas y ofrecerle la soluci\u00f3n m\u00e1s adecuada.<\/p>","protected":false},"excerpt":{"rendered":"<p>La cosechadora de patatas se usa ampliamente en grandes campos de patatas o batatas, etc. Hay opciones de fila simple y doble, lo que puede mejorar la productividad del trabajo de cosecha de patatas.<\/p>","protected":false},"author":1,"featured_media":11000,"parent":0,"comment_status":"closed","ping_status":"closed","template":"","tags":[843,842],"product-type":[871],"class_list":["post-10993","product","type-product","status-publish","has-post-thumbnail","hentry","tag-potatoes","tag-sweet-potatoes","product-type-harvester"],"_links":{"self":[{"href":"https:\/\/www.agriculture-machine.com\/es\/wp-json\/wp\/v2\/product\/10993","targetHints":{"allow":["GET"]}}],"collection":[{"href":"https:\/\/www.agriculture-machine.com\/es\/wp-json\/wp\/v2\/product"}],"about":[{"href":"https:\/\/www.agriculture-machine.com\/es\/wp-json\/wp\/v2\/types\/product"}],"author":[{"embeddable":true,"href":"https:\/\/www.agriculture-machine.com\/es\/wp-json\/wp\/v2\/users\/1"}],"replies":[{"embeddable":true,"href":"https:\/\/www.agriculture-machine.com\/es\/wp-json\/wp\/v2\/comments?post=10993"}],"wp:featuredmedia":[{"embeddable":true,"href":"https:\/\/www.agriculture-machine.com\/es\/wp-json\/wp\/v2\/media\/11000"}],"wp:attachment":[{"href":"https:\/\/www.agriculture-machine.com\/es\/wp-json\/wp\/v2\/media?parent=10993"}],"wp:term":[{"taxonomy":"post_tag","embeddable":true,"href":"https:\/\/www.agriculture-machine.com\/es\/wp-json\/wp\/v2\/tags?post=10993"},{"taxonomy":"product-type","embeddable":true,"href":"https:\/\/www.agriculture-machine.com\/es\/wp-json\/wp\/v2\/product-type?post=10993"}],"curies":[{"name":"wp","href":"https:\/\/api.w.org\/{rel}","templated":true}]}}