{"id":11043,"date":"2021-08-07T16:29:49","date_gmt":"2021-08-07T08:29:49","guid":{"rendered":"https:\/\/www.agriculture-machine.com\/?p=11043"},"modified":"2024-09-26T09:28:27","modified_gmt":"2024-09-26T01:28:27","slug":"heavy-disc-harrow-hydraulic-trailed-heavy-duty-harrow","status":"publish","type":"product","link":"https:\/\/www.agriculture-machine.com\/es\/heavy-disc-harrow-hydraulic-trailed-heavy-duty-harrow\/","title":{"rendered":"Arado pesado de disco | Arado pesado remolcado hidr\u00e1ulicamente"},"content":{"rendered":"<p>El rastra pesado de discos de tracci\u00f3n es una herramienta de labranza. Tiene un grupo de rastrillos compuesto por una pluralidad de discos c\u00f3ncavos. Estos discos est\u00e1n fijados en un eje horizontal como parte de trabajo. Tiene una fuerte adaptabilidad a suelos pesados, terrenos bald\u00edos y parcelas con maleza.<\/p>    <p>Se usa principalmente para arar tierras no cultivadas, tambi\u00e9n para eliminar rastrojo antes de arar, rastrillar despu\u00e9s de arar, aflojar el suelo, etc. Cuando trabaja el rastra pesado de discos, puede mezclar fertilizantes superficiales y pesticidas con la tierra superficial para lograr un efecto de nivelaci\u00f3n y conservaci\u00f3n de humedad.<\/p>    <figure class=\"wp-block-embed aligncenter is-type-video is-provider-youtube wp-block-embed-youtube wp-embed-aspect-16-9 wp-has-aspect-ratio\"><div class=\"wp-block-embed__wrapper\"> <iframe loading=\"lazy\" title=\"Video de trabajo del rastra pesado hidr\u00e1ulico remolcado|video de retroalimentaci\u00f3n del rastra pesado de discos\" width=\"500\" height=\"281\" src=\"https:\/\/www.youtube.com\/embed\/VSU8fbMLO7A?feature=oembed\" frameborder=\"0\" allow=\"accelerometer; autoplay; clipboard-write; encrypted-media; gyroscope; picture-in-picture; web-share\" referrerpolicy=\"strict-origin-when-cross-origin\" allowfullscreen><\/iframe> <\/div><figcaption class=\"wp-element-caption\">Video de trabajo del rastra pesado de discos agr\u00edcolas<\/figcaption><\/figure>    <h2 class=\"wp-block-heading\">Estructura del rastra pesado de discos<\/h2>    <p>El rastra generalmente est\u00e1 compuesto por un grupo de rastrillos, marco de rastrillo, mecanismo de ajuste de deflexi\u00f3n y dispositivo de enganche.<\/p>    <h3 class=\"wp-block-heading\" id=\"h-rake-group\">Grupo de rastrillos<\/h3>    <p>El grupo de rastrillos est\u00e1 compuesto por cuchillas de rastrillo, tubos intermedios, ejes cuadrados, rodamientos y rasquetas. Las cuchillas del rastrillo son generalmente discos esf\u00e9ricos. Hay dos tipos de discos, un disco completo y un disco con muescas. El primero es f\u00e1cil de fabricar y de afilar. El segundo tiene una fuerte capacidad de penetraci\u00f3n en el suelo. Esto ayuda a cortar tierra y maleza de rastrojo.<\/p>    <p>Y el centro de la cuchilla es un agujero cuadrado a trav\u00e9s del eje cuadrado. Cuando trabaja, las cuchillas del rastra giran junto con el eje cuadrado. Que est\u00e1 conectado a la estructura del rastrillo mediante un rodamiento, y las cuchillas en el mismo eje est\u00e1n separadas por un tubo intermedio.<\/p>    <figure class=\"wp-block-gallery has-nested-images columns-2 is-cropped wp-block-gallery-2 is-layout-flex wp-block-gallery-is-layout-flex\"> <figure class=\"wp-block-image size-large\"><a href=\"https:\/\/www.agriculture-machine.com\/wp-content\/uploads\/2021\/08\/\u5168\u5203.jpg\"><img loading=\"lazy\" decoding=\"async\" width=\"720\" height=\"540\" data-id=\"11053\" src=\"https:\/\/www.agriculture-machine.com\/wp-content\/uploads\/2021\/08\/\u5168\u5203.jpg\" alt=\"Disco de disco completo\" class=\"wp-image-11053\" srcset=\"https:\/\/www.agriculture-machine.com\/wp-content\/uploads\/2021\/08\/\u5168\u5203.jpg 720w, https:\/\/www.agriculture-machine.com\/wp-content\/uploads\/2021\/08\/\u5168\u5203-360x270.jpg 360w, https:\/\/www.agriculture-machine.com\/wp-content\/uploads\/2021\/08\/\u5168\u5203-240x180.jpg 240w\" sizes=\"auto, (max-width: 720px) 100vw, 720px\" \/><\/a><figcaption class=\"wp-element-caption\">Disco de disco completo<\/figcaption><\/figure>    <figure class=\"wp-block-image size-large\"><a href=\"https:\/\/www.agriculture-machine.com\/wp-content\/uploads\/2021\/08\/\u7f3a\u53e3\u5203.jpg\"><img loading=\"lazy\" decoding=\"async\" width=\"720\" height=\"540\" data-id=\"11054\" src=\"https:\/\/www.agriculture-machine.com\/wp-content\/uploads\/2021\/08\/\u7f3a\u53e3\u5203.jpg\" alt=\"Disco con muescas\" class=\"wp-image-11054\" srcset=\"https:\/\/www.agriculture-machine.com\/wp-content\/uploads\/2021\/08\/\u7f3a\u53e3\u5203.jpg 720w, https:\/\/www.agriculture-machine.com\/wp-content\/uploads\/2021\/08\/\u7f3a\u53e3\u5203-360x270.jpg 360w, https:\/\/www.agriculture-machine.com\/wp-content\/uploads\/2021\/08\/\u7f3a\u53e3\u5203-240x180.jpg 240w\" sizes=\"auto, (max-width: 720px) 100vw, 720px\" \/><\/a><figcaption class=\"wp-element-caption\">Disco con muescas<\/figcaption><\/figure> <\/figure>    <h3 class=\"wp-block-heading\" id=\"h-rake-frame\"> Marco del rastrillo<\/h3>    <p>El marco del rastrillo se usa para instalar el grupo de rastrillos, mecanismo de ajuste, dispositivo de enganche y otros componentes. <\/p>    <p>Algunos marcos de rastrillo tambi\u00e9n est\u00e1n equipados con una caja de carga para que se puedan agregar contrapesos cuando sea necesario para aumentar y mantener la profundidad del rastrillo. <\/p>    <p>El mecanismo de ajuste del \u00e1ngulo de deflexi\u00f3n se usa para ajustar el \u00e1ngulo de deflexi\u00f3n del rastra pesado de discos para cumplir con los requisitos de diferentes profundidades de rastrillo.<\/p>    <figure class=\"wp-block-gallery has-nested-images columns-default is-cropped wp-block-gallery-3 is-layout-flex wp-block-gallery-is-layout-flex\"> <figure class=\"wp-block-image size-large\"><a href=\"https:\/\/www.agriculture-machine.com\/wp-content\/uploads\/2021\/08\/4.jpg\"><img loading=\"lazy\" decoding=\"async\" width=\"720\" height=\"540\" data-id=\"11052\" src=\"https:\/\/www.agriculture-machine.com\/wp-content\/uploads\/2021\/08\/4.jpg\" alt=\"Rastra pesado de discos opuestos remolcado hidr\u00e1ulicamente\" class=\"wp-image-11052\" srcset=\"https:\/\/www.agriculture-machine.com\/wp-content\/uploads\/2021\/08\/4.jpg 720w, https:\/\/www.agriculture-machine.com\/wp-content\/uploads\/2021\/08\/4-360x270.jpg 360w, https:\/\/www.agriculture-machine.com\/wp-content\/uploads\/2021\/08\/4-240x180.jpg 240w\" sizes=\"auto, (max-width: 720px) 100vw, 720px\" \/><\/a><figcaption class=\"wp-element-caption\">Rastra pesado de discos opuestos remolcado hidr\u00e1ulicamente<\/figcaption><\/figure>    <figure class=\"wp-block-image size-large\"><a href=\"https:\/\/www.agriculture-machine.com\/wp-content\/uploads\/2021\/08\/3.jpg\"><img loading=\"lazy\" decoding=\"async\" width=\"720\" height=\"540\" data-id=\"11051\" src=\"https:\/\/www.agriculture-machine.com\/wp-content\/uploads\/2021\/08\/3.jpg\" alt=\"Rastra pesado de discos opuestos remolcado hidr\u00e1ulicamente\" class=\"wp-image-11051\" srcset=\"https:\/\/www.agriculture-machine.com\/wp-content\/uploads\/2021\/08\/3.jpg 720w, https:\/\/www.agriculture-machine.com\/wp-content\/uploads\/2021\/08\/3-360x270.jpg 360w, https:\/\/www.agriculture-machine.com\/wp-content\/uploads\/2021\/08\/3-240x180.jpg 240w\" sizes=\"auto, (max-width: 720px) 100vw, 720px\" \/><\/a><figcaption class=\"wp-element-caption\">Rastra pesado de discos opuestos remolcado hidr\u00e1ulicamente<\/figcaption><\/figure> <\/figure>    <h3 class=\"wp-block-heading\" id=\"h-deflection-adjustment-mechanism\"> Mecanismo de ajuste de deflexi\u00f3n <\/h3>    <p>Los ajustadores de \u00e1ngulo incluyen tipo tornillo de avance, tipo placa de dientes, hidr\u00e1ulico, tipo perno, tipo placa de presi\u00f3n y tipo palanca manual.<\/p>    <p>El soporte est\u00e1 fijado en la viga principal de tracci\u00f3n, las placas deslizantes superior e inferior est\u00e1n fijadas con el marco de tracci\u00f3n, y pueden moverse a lo largo de la viga principal, y el rango de movimiento est\u00e1 limitado por el soporte en el extremo de la placa de dientes.<\/p>    <h3 class=\"wp-block-heading\" id=\"h-hooking-device\">Dispositivo de enganche<\/h3>    <p>El enganche es un rastra de discos pesado conectado al tractor mediante un dispositivo de tracci\u00f3n o un dispositivo de suspensi\u00f3n.<\/p>    <h2 class=\"wp-block-heading\">Principio de funcionamiento del implemento agr\u00edcola rastra<\/h2>    <ul class=\"wp-block-list\"> <li>Los grupos de discos c\u00f3ncavos se usan como partes de trabajo.<\/li>    <li>El plano del borde del disco es perpendicular al suelo y tiene un \u00e1ngulo de deflexi\u00f3n ajustable con la direcci\u00f3n hacia adelante de la unidad.<\/li>    <li>Las cuchillas del rastrillo cortan en la tierra para cortar ra\u00edces y residuos de cultivos, y la tierra se eleva a cierta altura a lo largo de la superficie c\u00f3ncava de las cuchillas y luego se voltea hacia abajo.<\/li> <\/ul>    <figure class=\"wp-block-embed is-type-video is-provider-youtube wp-block-embed-youtube wp-embed-aspect-16-9 wp-has-aspect-ratio\"><div class=\"wp-block-embed__wrapper\"> <iframe loading=\"lazy\" title=\"Video de trabajo del rastra pesado hidr\u00e1ulico remolcado|video de retroalimentaci\u00f3n del rastra pesado de discos\" width=\"500\" height=\"281\" src=\"https:\/\/www.youtube.com\/embed\/H3_jjq-Vs5w?feature=oembed\" frameborder=\"0\" allow=\"accelerometer; autoplay; clipboard-write; encrypted-media; gyroscope; picture-in-picture; web-share\" referrerpolicy=\"strict-origin-when-cross-origin\" allowfullscreen><\/iframe> <\/div><figcaption class=\"wp-element-caption\">Sitio de trabajo del rastra agr\u00edcola pesado<\/figcaption><\/figure>    <h2 class=\"wp-block-heading\">Ventajas del rastra pesado de discos remolcado hidr\u00e1ulicamente<\/h2>    <ul class=\"wp-block-list\"> <li>Estructura robusta, marco en fases y colgadores de rodamientos duraderos que prolongan la vida \u00fatil.<\/li>    <li>Los grupos de cuchillas independientes se acoplan fluidamente con una pata.<\/li>    <li>La fuerza descendente pesada hace que cada cuchilla penetre m\u00e1s profundo.<\/li>    <li>Las cuchillas con muescas cortan en la tierra.<\/li>    <li>Las cuchillas lisas dejan un acabado fino.<\/li>    <li>Rasquetas de lodo que ayudan a evitar obstrucciones.<\/li> <\/ul>    <figure class=\"wp-block-image aligncenter size-full\"><img loading=\"lazy\" decoding=\"async\" width=\"720\" height=\"540\" src=\"https:\/\/www.agriculture-machine.com\/wp-content\/uploads\/2021\/08\/9.jpg\" alt=\"Diferentes tipos de cuchillas\" class=\"wp-image-11060\" srcset=\"https:\/\/www.agriculture-machine.com\/wp-content\/uploads\/2021\/08\/9.jpg 720w, https:\/\/www.agriculture-machine.com\/wp-content\/uploads\/2021\/08\/9-360x270.jpg 360w, https:\/\/www.agriculture-machine.com\/wp-content\/uploads\/2021\/08\/9-240x180.jpg 240w\" sizes=\"auto, (max-width: 720px) 100vw, 720px\" \/><figcaption class=\"wp-element-caption\">Diferentes tipos de cuchillas<\/figcaption><\/figure>    <h2 class=\"wp-block-heading\">Formulario de configuraci\u00f3n del arado de disco de tractor<\/h2>    <p>Seg\u00fan la configuraci\u00f3n del grupo de rastrillos, podemos dividirlo en tres tipos: tipo de fila simple opuesto, tipo de doble fila opuesto y tipo de disco pesado desplazado.<\/p>    <ol class=\"wp-block-list\"> <li><strong>Tipo de fila simple opuesto<\/strong>. Los lados izquierdo y derecho de los componentes del rastrillo est\u00e1n dispuestos en una sola fila. La fila izquierda y derecha cada una consiste en uno o m\u00e1s grupos de rastrillos con superficies c\u00f3ncavas opuestas. Se usa para tierras planas de tierras irrigadas, rastrojo despu\u00e9s de la cosecha y arado superficial de tierras en barbecho.<\/li>    <li><strong>Tipo doble fila opuesto. <\/strong>Cada columna est\u00e1 dispuesta de manera sim\u00e9trica por dos filas de grupos de rastrillos a la izquierda y derecha. Las superficies c\u00f3ncavas de los discos de las dos primeras filas de grupos de rastrillos est\u00e1n enfrentadas entre s\u00ed.<\/li>    <li><strong>Tipo desplazable<\/strong>. Consta de dos filas de grupos de rastrillos con superficies c\u00f3ncavas opuestas de los discos en la parte delantera y trasera. La l\u00ednea central del ancho del rastrillo puede desviarse mucho del eje longitudinal del tractor durante la operaci\u00f3n. El rastrillo de desplazamiento amplio puede alcanzar m\u00e1s de 3 metros. Cuando se usa en un huerto, puede extender el rastrillo desplazable para trabajar bajo el dosel donde el tractor no puede entrar. Debido a que el rastrillo desplazable no tiene zona de labranza faltante, tambi\u00e9n se usa ampliamente en operaciones de campo.<\/li> <\/ol>    <figure class=\"wp-block-gallery has-nested-images columns-default is-cropped wp-block-gallery-4 is-layout-flex wp-block-gallery-is-layout-flex\"> <figure class=\"wp-block-image size-large\"><img loading=\"lazy\" decoding=\"async\" width=\"720\" height=\"540\" data-id=\"11055\" src=\"https:\/\/www.agriculture-machine.com\/wp-content\/uploads\/2021\/08\/5.jpg\" alt=\"Rastra pesado de discos de disco completo\" class=\"wp-image-11055\" srcset=\"https:\/\/www.agriculture-machine.com\/wp-content\/uploads\/2021\/08\/5.jpg 720w, https:\/\/www.agriculture-machine.com\/wp-content\/uploads\/2021\/08\/5-360x270.jpg 360w, https:\/\/www.agriculture-machine.com\/wp-content\/uploads\/2021\/08\/5-240x180.jpg 240w\" sizes=\"auto, (max-width: 720px) 100vw, 720px\" \/><figcaption class=\"wp-element-caption\">Rastra pesado de discos de disco completo<\/figcaption><\/figure>    <figure class=\"wp-block-image size-large\"><img loading=\"lazy\" decoding=\"async\" width=\"720\" height=\"540\" data-id=\"11056\" src=\"https:\/\/www.agriculture-machine.com\/wp-content\/uploads\/2021\/08\/6.jpg\" alt=\"Disco con muescas\" class=\"wp-image-11056\" srcset=\"https:\/\/www.agriculture-machine.com\/wp-content\/uploads\/2021\/08\/6.jpg 720w, https:\/\/www.agriculture-machine.com\/wp-content\/uploads\/2021\/08\/6-360x270.jpg 360w, https:\/\/www.agriculture-machine.com\/wp-content\/uploads\/2021\/08\/6-240x180.jpg 240w\" sizes=\"auto, (max-width: 720px) 100vw, 720px\" \/><figcaption class=\"wp-element-caption\">Disco con muescas<\/figcaption><\/figure> <\/figure>    <h2 class=\"wp-block-heading\" id=\"h-how-to-choose-a-disc-heavy-harrow\">\u00bfC\u00f3mo elegir tu equipo de labranza?<\/h2>    <ul class=\"wp-block-list\"> <li>La serie 1BZ de rastras hidr\u00e1ulicas pesadas de discos tiene alta eficiencia de trabajo y fuerte capacidad de penetraci\u00f3n en el suelo.<\/li>    <li>Este tipo de rastrillo se adapta bien a suelos pegajosos, terrenos bald\u00edos y parcelas con maleza.<\/li>    <li>El rastrillo tambi\u00e9n est\u00e1 equipado con ruedas de goma hidr\u00e1ulicas elevadoras.<\/li>    <li>Por lo tanto, puede mejorar en gran medida la eficiencia de producci\u00f3n y la vida \u00fatil del rastrillo.<\/li> <\/ul>    <figure class=\"wp-block-gallery has-nested-images columns-default is-cropped wp-block-gallery-5 is-layout-flex wp-block-gallery-is-layout-flex\"> <figure class=\"wp-block-image size-large\"><img loading=\"lazy\" decoding=\"async\" width=\"720\" height=\"540\" data-id=\"11057\" src=\"https:\/\/www.agriculture-machine.com\/wp-content\/uploads\/2021\/08\/7.jpg\" alt=\"Rastra pesado de discos de ala plegable hidr\u00e1ulicamente\" class=\"wp-image-11057\" srcset=\"https:\/\/www.agriculture-machine.com\/wp-content\/uploads\/2021\/08\/7.jpg 720w, https:\/\/www.agriculture-machine.com\/wp-content\/uploads\/2021\/08\/7-360x270.jpg 360w, https:\/\/www.agriculture-machine.com\/wp-content\/uploads\/2021\/08\/7-240x180.jpg 240w\" sizes=\"auto, (max-width: 720px) 100vw, 720px\" \/><figcaption class=\"wp-element-caption\">Rastra pesado de discos de ala plegable hidr\u00e1ulicamente<\/figcaption><\/figure>    <figure class=\"wp-block-image size-large\"><img loading=\"lazy\" decoding=\"async\" width=\"720\" height=\"540\" data-id=\"11058\" src=\"https:\/\/www.agriculture-machine.com\/wp-content\/uploads\/2021\/08\/8.jpg\" alt=\"Rastra pesado de discos de tracci\u00f3n hidr\u00e1ulica\" class=\"wp-image-11058\" srcset=\"https:\/\/www.agriculture-machine.com\/wp-content\/uploads\/2021\/08\/8.jpg 720w, https:\/\/www.agriculture-machine.com\/wp-content\/uploads\/2021\/08\/8-360x270.jpg 360w, https:\/\/www.agriculture-machine.com\/wp-content\/uploads\/2021\/08\/8-240x180.jpg 240w\" sizes=\"auto, (max-width: 720px) 100vw, 720px\" \/><figcaption class=\"wp-element-caption\">Rastra pesado de discos de tracci\u00f3n hidr\u00e1ulica<\/figcaption><\/figure> <\/figure>    <h2 class=\"wp-block-heading\">Par\u00e1metros del rastra pesado de discos<\/h2>    <figure class=\"wp-block-table is-style-stripes\"><table><tbody><tr><td>Modelo<\/td><td>Ancho de trabajo (mm\uff09<\/td><td>Profundidad de trabajo (mm)<\/td><td>Di\u00e1metro del disco (mm)<\/td><td>N\u00famero de discos (pcs)<\/td><td>Peso (kg)<\/td><td>Potencia compatible (hp)<\/td><td>Enlace<\/td><\/tr><tr><td>1BZ-1.8<\/td><td>1800<\/td><td>200<\/td><td>660<\/td><td>16<\/td><td>1160<\/td><td>70<\/td><td>Remolcado hidr\u00e1ulico con tractor<\/td><\/tr><tr><td>1BZ-2.2<\/td><td>2200<\/td><td>200<\/td><td>660<\/td><td>20<\/td><td>1250<\/td><td>80<\/td><td>Remolcado hidr\u00e1ulico con tractor<\/td><\/tr><tr><td>1BZ-2.5<\/td><td>2500<\/td><td>200<\/td><td>660<\/td><td>24<\/td><td>1350<\/td><td>90<\/td><td>Remolcado hidr\u00e1ulico con tractor<\/td><\/tr><tr><td>1BZ-3.0<\/td><td>3000<\/td><td>200<\/td><td>660<\/td><td>28<\/td><td>1430<\/td><td>100<\/td><td>Remolcado hidr\u00e1ulico con tractor<\/td><\/tr><tr><td>1BZ-3.4<\/td><td>3400<\/td><td>200<\/td><td>660<\/td><td>32<\/td><td>1550<\/td><td>120<\/td><td>Remolcado hidr\u00e1ulico con tractor<\/td><\/tr><tr><td>1BZ-4.0<\/td><td>4000<\/td><td>200<\/td><td>660<\/td><td>36<\/td><td>1900<\/td><td>150<\/td><td>Remolcado hidr\u00e1ulico con tractor<\/td><\/tr><tr><td>1BZ-5.3 <\/td><td>5300<\/td><td>200<\/td><td>660<\/td><td>48<\/td><td>2500<\/td><td>180<\/td><td>Remolcado hidr\u00e1ulico con tractor<\/td><\/tr><\/tbody><\/table><figcaption class=\"wp-element-caption\">Par\u00e1metros del rastra pesado de discos hidr\u00e1ulico remolcado<\/figcaption><\/figure>    <figure class=\"wp-block-table is-style-stripes\"><table><tbody><tr><td>Modelo<\/td><td>1BZD-2.6<\/td><td>1BZD-3.0<\/td><td> 1BZD-3.3<\/td><td>1BZD-4.0<\/td><td>1BZD-4.3<\/td><td>1BZD-4.8<\/td><td> 1BZDF-4.5 <\/td><\/tr><tr><td>Ancho de trabajo (mm\uff09<\/td><td>2600<\/td><td>3000<\/td><td>3300<\/td><td>4000<\/td><td>4400<\/td><td>4800<\/td><td>4500<\/td><\/tr><tr><td>Profundidad de trabajo (mm)<\/td><td>200-250<\/td><td>200-250<\/td><td> 200-250 <\/td><td> 200-250 <\/td><td> 200-250 <\/td><td>200-250 <\/td><td>250<\/td><\/tr><tr><td>Di\u00e1metro del disco (mm)<\/td><td>660<\/td><td>660<\/td><td>660<\/td><td>660<\/td><td>660<\/td><td>660<\/td><td>660<\/td><\/tr><tr><td>Grosor del disco (mm)<\/td><td>5<\/td><td>5<\/td><td>5<\/td><td>5<\/td><td>5<\/td><td>5<\/td><td>6<\/td><\/tr><tr><td>N\u00famero de discos (pcs)<\/td><td>16<\/td><td>18<\/td><td>20<\/td><td>24<\/td><td>28<\/td><td>32<\/td><td>40<\/td><\/tr><tr><td>Peso (kg)<\/td><td>1150<\/td><td>1250<\/td><td>1350<\/td><td>1500<\/td><td>1600<\/td><td>1800<\/td><td>3200<\/td><\/tr><tr><td>Potencia compatible (hp)<\/td><td>60-70<\/td><td>70-80<\/td><td>80-90<\/td><td><br>90-100<br><\/td><td>100-110<\/td><td>110-120<\/td><td>150-160<\/td><\/tr><tr><td>Enlace<\/td><td>Remolcado hidr\u00e1ulico con tractor<\/td><td>Remolcado hidr\u00e1ulico con tractor<\/td><td>Remolcado hidr\u00e1ulico con tractor<\/td><td>Remolcado hidr\u00e1ulico con tractor<\/td><td>Remolcado hidr\u00e1ulico con tractor<\/td><td>Remolcado hidr\u00e1ulico con tractor<\/td><td>plegado hidr\u00e1ulico remolcado<\/td><\/tr><\/tbody><\/table><figcaption class=\"wp-element-caption\">Par\u00e1metros del rastra pesado de discos opuestos hidr\u00e1ulico remolcado<\/figcaption><\/figure>    <h2 class=\"wp-block-heading\">Uso correcto y mantenimiento del rastra de cultivo de campo<\/h2>    <ul class=\"wp-block-list\"> <li>Durante el uso, revise frecuentemente el estado t\u00e9cnico de la cuchilla del rastrillo, rasqueta, eje cuadrado, rodamiento, ajustador de \u00e1ngulo y varias partes de conexi\u00f3n.<\/li>    <li>Especialmente las tuercas finales del rastra pesado de discos y los pernos de fijaci\u00f3n de cada rodamiento.<\/li>    <li>Despu\u00e9s de la operaci\u00f3n, limpiar y revisar el grupo de rastrillos del rastra pesado de discos.<\/li>    <li>Si no se usa la rueda de transporte, da\u00f1ar\u00e1 prematuramente el grupo de rastrillos del rastra.<\/li>    <li>Al transportar en el campo o cerca de caminos de tierra, ajuste el \u00e1ngulo de inclinaci\u00f3n a cero.<\/li> <\/ul>    <p>Si tiene alguna pregunta o necesita m\u00e1s informaci\u00f3n sobre este producto, no dude en completar el formulario a la derecha para consulta, esperamos trabajar con usted.<\/p>","protected":false},"excerpt":{"rendered":"<p>The traction heavy disc harrow is a tillage tool. It has a rake group composed of a plurality of concave discs. These discs are fixed on a horizontal shaft as a working part. It has strong adaptability to heavy soil, wasteland, and weedy plots. It is mainly used for plowing uncultivated land, also for stubble [&hellip;]<\/p>\n","protected":false},"author":1,"featured_media":11062,"parent":0,"comment_status":"closed","ping_status":"closed","template":"","tags":[698],"product-type":[950,955,2],"class_list":["post-11043","product","type-product","status-publish","has-post-thumbnail","hentry","tag-tractor","product-type-arable-plows","product-type-arable-plows-products","product-type-products"],"_links":{"self":[{"href":"https:\/\/www.agriculture-machine.com\/es\/wp-json\/wp\/v2\/product\/11043","targetHints":{"allow":["GET"]}}],"collection":[{"href":"https:\/\/www.agriculture-machine.com\/es\/wp-json\/wp\/v2\/product"}],"about":[{"href":"https:\/\/www.agriculture-machine.com\/es\/wp-json\/wp\/v2\/types\/product"}],"author":[{"embeddable":true,"href":"https:\/\/www.agriculture-machine.com\/es\/wp-json\/wp\/v2\/users\/1"}],"replies":[{"embeddable":true,"href":"https:\/\/www.agriculture-machine.com\/es\/wp-json\/wp\/v2\/comments?post=11043"}],"wp:featuredmedia":[{"embeddable":true,"href":"https:\/\/www.agriculture-machine.com\/es\/wp-json\/wp\/v2\/media\/11062"}],"wp:attachment":[{"href":"https:\/\/www.agriculture-machine.com\/es\/wp-json\/wp\/v2\/media?parent=11043"}],"wp:term":[{"taxonomy":"post_tag","embeddable":true,"href":"https:\/\/www.agriculture-machine.com\/es\/wp-json\/wp\/v2\/tags?post=11043"},{"taxonomy":"product-type","embeddable":true,"href":"https:\/\/www.agriculture-machine.com\/es\/wp-json\/wp\/v2\/product-type?post=11043"}],"curies":[{"name":"wp","href":"https:\/\/api.w.org\/{rel}","templated":true}]}}