{"id":1105,"date":"2018-10-19T08:51:53","date_gmt":"2018-10-19T00:51:53","guid":{"rendered":"https:\/\/www.agriculture-machine.com\/?p=1105"},"modified":"2024-09-18T16:07:36","modified_gmt":"2024-09-18T08:07:36","slug":"multifunctional-thresher-machine","status":"publish","type":"product","link":"https:\/\/www.agriculture-machine.com\/es\/multifunctional-thresher-machine\/","title":{"rendered":"M\u00e1quina trilladora multifuncional"},"content":{"rendered":"<h2 class=\"wp-block-heading\">Breve introducci\u00f3n de la m\u00e1quina de trillar de trigo<\/h2>    <p>La trilladora multifuncional consta de una tolva de alimentaci\u00f3n, un tambor, una pantalla y una estanter\u00eda. Integra trilla, separaci\u00f3n y picado de paja en un todo y puede usarse para trigo, cebada, arroz, sorgo, mijo, frijoles y colza. El dise\u00f1o especial hacia una entrada m\u00e1s grande facilita la colocaci\u00f3n de materias primas. Adem\u00e1s, es mejor elegir cultivos con un 80% de humedad, lo que puede reducir la tasa de rotura.<\/p>    <figure class=\"wp-block-embed is-type-rich is-provider-embed-handler wp-block-embed-embed-handler wp-embed-aspect-16-9 wp-has-aspect-ratio\"><div class=\"wp-block-embed__wrapper\"> <iframe loading=\"lazy\" title=\"Trilladora de trigo, cebada, arroz, sorgo, mijo, frijoles y colza\" width=\"500\" height=\"281\" src=\"https:\/\/www.youtube.com\/embed\/0Y2dKaS3GxI?feature=oembed\" frameborder=\"0\" allow=\"accelerometer; autoplay; clipboard-write; encrypted-media; gyroscope; picture-in-picture; web-share\" referrerpolicy=\"strict-origin-when-cross-origin\" allowfullscreen><\/iframe> <\/div><\/figure>    <h2 class=\"wp-block-heading\">Par\u00e1metros t\u00e9cnicos de la m\u00e1quina de trillar de trigo<\/h2>    <div class=\"table-responsive\"> <table class=\"table\" border=\"1\"> <tbody> <tr style=\"background-color: #f79646;\"> <td width=\"284\">Modelo<\/td> <td width=\"316\">DT-60<\/td> <\/tr> <tr style=\"background-color: #fbd5b5;\"> <td rowspan=\"3\" width=\"284\">&nbsp;<br>Potencia<\/td> <td width=\"316\">&gt;3kw motor<\/td> <\/tr> <tr> <td width=\"316\">Motor de gasolina 170F<\/td> <\/tr> <tr> <td width=\"316\">Motor di\u00e9sel de 8HP<\/td> <\/tr> <tr style=\"background-color: #fbd5b5;\"> <td width=\"284\">Capacidad<\/td> <td width=\"316\">800-1000kg\/h<\/td> <\/tr> <tr> <td width=\"284\">Velocidad del ventilador<\/td> <td width=\"316\">2450 r\/min<\/td> <\/tr> <tr style=\"background-color: #fbd5b5;\"> <td width=\"284\">Tama\u00f1o de la m\u00e1quina<\/td> <td width=\"316\">1490*1270*1480mm<\/td> <\/tr> <tr> <td width=\"284\">Tama\u00f1o de embalaje<\/td> <td width=\"316\">1280*960*1010mm(1.24CBM)<\/td> <\/tr> <tr style=\"background-color: #fbd5b5;\"> <td width=\"284\">Peso<\/td> <td width=\"316\">150kg<\/td> <\/tr> <tr> <td width=\"284\">Implementaci\u00f3n nacional de normas<\/td> <td width=\"316\">DG\/T 016-2006<\/td> <\/tr> <tr style=\"background-color: #fbd5b5;\"> <td width=\"284\">&nbsp;<\/td> <td width=\"316\">JB\/T 9778-2008<\/td> <\/tr> <\/tbody> <\/table> <\/div>    <figure class=\"wp-block-image\"><img decoding=\"async\" src=\"https:\/\/www.agriculture-machine.com\/wp-content\/uploads\/2018\/10\/thresher-machine5.jpg\" alt=\"m\u00e1quina de trillar5\"\/><\/figure>    <h2 class=\"wp-block-heading\">Principio de funcionamiento de la m\u00e1quina de trillar de trigo<\/h2>    <p>Cuando la m\u00e1quina est\u00e1 en funcionamiento, los cultivos se alimentan de manera continua y uniforme. El cultivo se separa del tallo por fricci\u00f3n, extrusi\u00f3n, colisi\u00f3n y vibraci\u00f3n entre el bastidor del tambor y la pantalla. Despu\u00e9s de que el grano se separa del tallo, el tallo se expulsa por el ventilador de tiro. Mientras tanto, los granos salen por otra salida.<br><img decoding=\"async\" style=\"width: 400px; float: left; margin-right: 10px;\" src=\"https:\/\/www.agriculture-machine.com\/wp-content\/uploads\/2018\/10\/thresher-machine4.jpg\" alt=\"m\u00e1quina de trillar4\"><img decoding=\"async\" style=\"width: 400px;\" src=\"https:\/\/www.agriculture-machine.com\/wp-content\/uploads\/2018\/10\/thresher-machine3.jpg\" alt=\"m\u00e1quina de trillar3\"><\/p>    <h2 class=\"wp-block-heading\">Piezas de repuesto vulnerables<\/h2>    <div class=\"table-responsive\"> <table class=\"table\" border=\"1\"> <tbody> <tr> <td width=\"189\">Nombre<\/td> <td width=\"189\">Imagen<\/td> <td width=\"189\">Especificaci\u00f3n<\/td> <\/tr> <tr> <td width=\"189\">Correa triangular<\/td> <td width=\"189\"><img decoding=\"async\" src=\"https:\/\/www.agriculture-machine.com\/wp-content\/uploads\/2018\/10\/thresher-machine.jpg\" alt=\"m\u00e1quina de trillar\"><\/td> <td width=\"189\">A1473<\/td> <\/tr> <tr> <td width=\"189\">Rodamiento del eje<\/td> <td width=\"189\"><img decoding=\"async\" src=\"https:\/\/www.agriculture-machine.com\/wp-content\/uploads\/2018\/10\/thresher-machine2-1.jpg\" alt=\"m\u00e1quina de trillar2\"><\/td> <td width=\"189\">6009 <p>&nbsp;<\/p> <p>6204<\/p> <\/td> <\/tr> <tr> <td width=\"189\">Cadena<\/td> <td width=\"189\"><img decoding=\"async\" src=\"https:\/\/www.agriculture-machine.com\/wp-content\/uploads\/2018\/10\/thresher-machine3-1.jpg\" alt=\"m\u00e1quina de trillar3\"><\/td> <td width=\"189\">12.7\/960mm<\/td> <\/tr> <\/tbody> <\/table> <\/div>    <h2 class=\"wp-block-heading\">Aplicaci\u00f3n de la m\u00e1quina de trillar de trigo<\/h2>    <p>En comparaci\u00f3n con otras trilladoras, nuestra trilladora tiene una aplicaci\u00f3n m\u00e1s amplia y puede usarse para cebada, mijo, trigo, soja, sorgo y colza, etc. Es necesario reemplazar una pantalla ajustada al tama\u00f1o de los cultivos.<\/p>    <h2 class=\"wp-block-heading\">Ventajas de la m\u00e1quina de trillar de trigo<\/h2>    <p>1. Alta tasa de limpieza. El ventilador adicional en la salida puede expulsar las impurezas dos veces, lo que hace que los granos finales sean m\u00e1s limpios.<br>2. Baja tasa de p\u00e9rdida. Es inferior al 1,5% y casi todos los granos pueden ser recolectados.<br>3. Alta resistencia a la corrosi\u00f3n. Permite que la m\u00e1quina tenga una larga vida \u00fatil<br>4. F\u00e1cil de usar. Cumpliendo con las especificaciones, cualquiera puede operarla.<br>5. Movimiento conveniente. Con dos ruedas, la m\u00e1quina de trillar es f\u00e1cil de mover.<br>6. Funciones m\u00faltiples. Cultivos como cebada, mijo, trigo, soja, sorgo y colza son adecuados para esta m\u00e1quina que se puede lograr cambiando el tama\u00f1o de la pantalla.<br><img decoding=\"async\" style=\"width: 100%;\" src=\"https:\/\/www.agriculture-machine.com\/wp-content\/uploads\/2018\/10\/thresher-machine6.jpg\" alt=\"m\u00e1quina de trillar6\"><\/p>    <h2 class=\"wp-block-heading\">Preguntas frecuentes<\/h2>    <p>\u00bfEs usted fabricante?<br>&nbsp;S\u00ed, lo somos. Bienvenido a visitar nuestra f\u00e1brica.<br>2. \u00bfPuede cambiar el voltaje de la m\u00e1quina seg\u00fan nuestra solicitud?<br>&nbsp;S\u00ed, podemos.<br>3. \u00bfQu\u00e9 tal su servicio postventa?<br>&nbsp;Nuestro ingeniero puede salir a instalar y capacitar a sus trabajadores<br>4. \u00bfCu\u00e1l es el tiempo de garant\u00eda de su m\u00e1quina?<br>&nbsp;1 a\u00f1o, excepto piezas de repuesto consumibles.<br>5. \u00bfQu\u00e9 tal el tiempo de entrega de su m\u00e1quina?<br>&nbsp;En general, se necesitan de 5 a 15 d\u00edas para m\u00e1quinas grandes o l\u00edneas de producci\u00f3n, y ser\u00e1 mucho m\u00e1s largo, pero dentro de nuestro tiempo de entrega negociado.<br><img decoding=\"async\" style=\"width: 100%;\" src=\"https:\/\/www.agriculture-machine.com\/wp-content\/uploads\/2018\/10\/thresher-machine8.jpg\" alt=\"m\u00e1quina de trillar8\"><\/p>","protected":false},"excerpt":{"rendered":"<p>Brief introduction of wheat thresher machine The multipurpose thresher machine consists of a feeding hopper, a drum, a screen and a shelf.It integrates threshing, separating, straw chopping as a whole and can be used for wheat, barley, rice, sorghum, millet, beans and rapeseed.The special design towards bigger inlet make it convenient to place raw materials. [&hellip;]<\/p>\n","protected":false},"author":1,"featured_media":2037,"parent":0,"comment_status":"closed","ping_status":"closed","template":"","tags":[2614],"product-type":[894],"class_list":["post-1105","product","type-product","status-publish","has-post-thumbnail","hentry","tag-thresher","product-type-rice-and-wheat-thresher"],"_links":{"self":[{"href":"https:\/\/www.agriculture-machine.com\/es\/wp-json\/wp\/v2\/product\/1105","targetHints":{"allow":["GET"]}}],"collection":[{"href":"https:\/\/www.agriculture-machine.com\/es\/wp-json\/wp\/v2\/product"}],"about":[{"href":"https:\/\/www.agriculture-machine.com\/es\/wp-json\/wp\/v2\/types\/product"}],"author":[{"embeddable":true,"href":"https:\/\/www.agriculture-machine.com\/es\/wp-json\/wp\/v2\/users\/1"}],"replies":[{"embeddable":true,"href":"https:\/\/www.agriculture-machine.com\/es\/wp-json\/wp\/v2\/comments?post=1105"}],"wp:featuredmedia":[{"embeddable":true,"href":"https:\/\/www.agriculture-machine.com\/es\/wp-json\/wp\/v2\/media\/2037"}],"wp:attachment":[{"href":"https:\/\/www.agriculture-machine.com\/es\/wp-json\/wp\/v2\/media?parent=1105"}],"wp:term":[{"taxonomy":"post_tag","embeddable":true,"href":"https:\/\/www.agriculture-machine.com\/es\/wp-json\/wp\/v2\/tags?post=1105"},{"taxonomy":"product-type","embeddable":true,"href":"https:\/\/www.agriculture-machine.com\/es\/wp-json\/wp\/v2\/product-type?post=1105"}],"curies":[{"name":"wp","href":"https:\/\/api.w.org\/{rel}","templated":true}]}}