{"id":11066,"date":"2021-08-11T17:31:26","date_gmt":"2021-08-11T09:31:26","guid":{"rendered":"https:\/\/www.agriculture-machine.com\/?p=11066"},"modified":"2024-08-20T17:43:27","modified_gmt":"2024-08-20T09:43:27","slug":"corn-stalk-reaping-machinecorn-stalk-reapermaize-straw-reaper","status":"publish","type":"product","link":"https:\/\/www.agriculture-machine.com\/es\/corn-stalk-reaping-machinecorn-stalk-reapermaize-straw-reaper\/","title":{"rendered":"Cosechadora de tallos de ma\u00edz, cosechadora de paja de ma\u00edz para cosecha."},"content":{"rendered":"<p>La m\u00e1quina cosechadora de tallos de ma\u00edz tambi\u00e9n se llama cosechadora de paja de ma\u00edz y cosechadora de tallos de ma\u00edz. Cosecha tallos de ma\u00edz erguidos en el campo cuando el ma\u00edz est\u00e1 maduro o cerca de madurar.<\/p>    <p>Dispone de un dispositivo de transporte de cadena de sujeci\u00f3n. Las pajas cosechadas se colocan en haces horizontales en la parte trasera o trasera derecha del tractor. Se aplica a la cosecha de paja con espiga o mazorca sin \u00e1reas de producci\u00f3n y \u00e1reas de cr\u00eda de ganado.<\/p>    <figure class=\"wp-block-gallery has-nested-images columns-default is-cropped wp-block-gallery-2 is-layout-flex wp-block-gallery-is-layout-flex\"> <figure class=\"wp-block-image size-large\"><a href=\"https:\/\/www.agriculture-machine.com\/wp-content\/uploads\/2021\/08\/\u753b\u677f-7.jpg\"><img loading=\"lazy\" decoding=\"async\" width=\"720\" height=\"540\" data-id=\"11087\" src=\"https:\/\/www.agriculture-machine.com\/wp-content\/uploads\/2021\/08\/\u753b\u677f-7.jpg\" alt=\"cosechadora de tallos de ma\u00edz.\" class=\"wp-image-11087\" srcset=\"https:\/\/www.agriculture-machine.com\/wp-content\/uploads\/2021\/08\/\u753b\u677f-7.jpg 720w, https:\/\/www.agriculture-machine.com\/wp-content\/uploads\/2021\/08\/\u753b\u677f-7-360x270.jpg 360w, https:\/\/www.agriculture-machine.com\/wp-content\/uploads\/2021\/08\/\u753b\u677f-7-240x180.jpg 240w\" sizes=\"auto, (max-width: 720px) 100vw, 720px\" \/><\/a><figcaption class=\"wp-element-caption\">cosechadora de tallos de ma\u00edz.<\/figcaption><\/figure>    <figure class=\"wp-block-image size-large\"><a href=\"https:\/\/www.agriculture-machine.com\/wp-content\/uploads\/2021\/08\/\u753b\u677f-6.jpg\"><img loading=\"lazy\" decoding=\"async\" width=\"720\" height=\"540\" data-id=\"11086\" src=\"https:\/\/www.agriculture-machine.com\/wp-content\/uploads\/2021\/08\/\u753b\u677f-6.jpg\" alt=\"cosechadora de tallos de ma\u00edz.\" class=\"wp-image-11086\" srcset=\"https:\/\/www.agriculture-machine.com\/wp-content\/uploads\/2021\/08\/\u753b\u677f-6.jpg 720w, https:\/\/www.agriculture-machine.com\/wp-content\/uploads\/2021\/08\/\u753b\u677f-6-360x270.jpg 360w, https:\/\/www.agriculture-machine.com\/wp-content\/uploads\/2021\/08\/\u753b\u677f-6-240x180.jpg 240w\" sizes=\"auto, (max-width: 720px) 100vw, 720px\" \/><\/a><figcaption class=\"wp-element-caption\">cosechadora de tallos de ma\u00edz.<\/figcaption><\/figure> <\/figure>    <h2 class=\"wp-block-heading\">Principio de funcionamiento de la cosechadora de tallos de ma\u00edz.<\/h2>    <p>Durante la operaci\u00f3n, la cosechadora de tallos de ma\u00edz avanza a lo largo de la l\u00ednea de ma\u00edz. Y la cuchilla de corte corta los tallos de ma\u00edz. Los tallos se descargan desde el lado derecho de las cadenas de transporte superior, medio e inferior y se colocan de forma natural para completar la cosecha.<\/p>    <figure class=\"wp-block-embed aligncenter is-type-video is-provider-youtube wp-block-embed-youtube wp-embed-aspect-16-9 wp-has-aspect-ratio\"><div class=\"wp-block-embed__wrapper\"> <iframe loading=\"lazy\" title=\"video de trabajo de la cosechadora de tallos de ma\u00edz|Cosechadora de tallos de ma\u00edz|Cosechadora de paja de ma\u00edz.\" width=\"500\" height=\"281\" src=\"https:\/\/www.youtube.com\/embed\/Ge8t8kxGNUQ?feature=oembed\" frameborder=\"0\" allow=\"accelerometer; autoplay; clipboard-write; encrypted-media; gyroscope; picture-in-picture; web-share\" referrerpolicy=\"strict-origin-when-cross-origin\" allowfullscreen><\/iframe> <\/div><figcaption class=\"wp-element-caption\">C\u00f3mo funciona la m\u00e1quina cosechadora de paja.<\/figcaption><\/figure>    <h2 class=\"wp-block-heading\">Estructura de la m\u00e1quina cosechadora de tallos de ma\u00edz.<\/h2>    <p>La m\u00e1quina cosechadora de tallos de ma\u00edz consiste en un dispositivo cortador de varillas, un dispositivo de transporte, un elevador hidr\u00e1ulico, y otros. Se colocan respectivamente delante y a la derecha del tractor. <\/p>    <p>Se corta con una hoja de sierra y adopta la forma de sujeci\u00f3n y transporte. Puede cosechar directamente la paja erguida en el campo. Y poner la paja en haces en el lado derecho del tractor.<\/p>    <figure class=\"wp-block-gallery has-nested-images columns-default is-cropped wp-block-gallery-3 is-layout-flex wp-block-gallery-is-layout-flex\"> <figure class=\"wp-block-image aligncenter size-large\"><a href=\"https:\/\/www.agriculture-machine.com\/wp-content\/uploads\/2021\/08\/\u753b\u677f-9.jpg\"><img loading=\"lazy\" decoding=\"async\" width=\"720\" height=\"540\" data-id=\"11075\" src=\"https:\/\/www.agriculture-machine.com\/wp-content\/uploads\/2021\/08\/\u753b\u677f-9.jpg\" alt=\"estructura principal de la cosechadora de tallos de ma\u00edz.\" class=\"wp-image-11075\" srcset=\"https:\/\/www.agriculture-machine.com\/wp-content\/uploads\/2021\/08\/\u753b\u677f-9.jpg 720w, https:\/\/www.agriculture-machine.com\/wp-content\/uploads\/2021\/08\/\u753b\u677f-9-360x270.jpg 360w, https:\/\/www.agriculture-machine.com\/wp-content\/uploads\/2021\/08\/\u753b\u677f-9-240x180.jpg 240w\" sizes=\"auto, (max-width: 720px) 100vw, 720px\" \/><\/a><figcaption class=\"wp-element-caption\">estructura principal de la cosechadora de tallos de ma\u00edz.<\/figcaption><\/figure> <\/figure>    <h2 class=\"wp-block-heading\">Ventajas de la m\u00e1quina picadora de tallos de ma\u00edz.<\/h2>    <ul class=\"wp-block-list\"> <li>No es necesario limpiar la carretera manualmente durante la operaci\u00f3n, lo que ahorra mano de obra y mejora la eficiencia laboral.<\/li>    <li>La cabeza de corte se controla mediante un cilindro hidr\u00e1ulico para controlar la altura de la estela.<\/li>    <li>Las pajas cosechadas se colocan ordenadamente en la misma direcci\u00f3n, lo que facilita la recolecci\u00f3n, almacenamiento y transporte.<\/li>    <li>La eficiencia de cosecha es alta, se pueden operar de 5 a 10 acres por hora.<\/li>    <li>El m\u00e9todo de corte es el corte superpuesto y escalonado de las hojas de sierra, la velocidad de corte es r\u00e1pida, el corte es completo y no quedan esquinas muertas. La estela se corta de manera ordenada y con poca vibraci\u00f3n.<\/li> <\/ul>    <h2 class=\"wp-block-heading\">Par\u00e1metros de la m\u00e1quina  <\/h2>    <figure class=\"wp-block-table is-style-stripes\"><table><tbody><tr><td>Potencia de soporte<\/td><td>Peque tractor de cuatro ruedas con un solo cilindro y m\u00e1s de 20 caballos de fuerza.<\/td><\/tr><tr><td>Eficiencia de operaci\u00f3n.<\/td><td>5-10 acres\/hora.<\/td><\/tr><tr><td>Peso total de la m\u00e1quina.<\/td><td>510kg.<\/td><\/tr><tr><td>Forma de conexi\u00f3n.<\/td><td>colgando.<\/td><\/tr><tr><td>Espaciado te\u00f3rico de la l\u00ednea de cosecha.<\/td><td>550-650mm.<\/td><\/tr><tr><td>Ancho de cosecha<\/td><td>2.2 metros (te\u00f3ricamente 4 filas).<\/td><\/tr><tr><td>Fuente de energ\u00eda.<\/td><td>cilindro simple: polea de banda, rueda trasera.<br>multi-cilindro: eje de salida trasero, rueda trasera.<\/td><\/tr><tr><td>M\u00e9todo de transporte<\/td><td>succi\u00f3n y transporte.<\/td><\/tr><tr><td>Altura m\u00e1xima de la hoja de sierra desde el suelo.<\/td><td>300mm<\/td><\/tr><tr><td>Componentes.<\/td><td>dispositivo de varilla de corte, dispositivo de transporte, elevador hidr\u00e1ulico.<\/td><\/tr><\/tbody><\/table><figcaption class=\"wp-element-caption\">datos t\u00e9cnicos de la m\u00e1quina cosechadora de tallos de ma\u00edz.<\/figcaption><\/figure>    <figure class=\"wp-block-gallery has-nested-images columns-default is-cropped wp-block-gallery-4 is-layout-flex wp-block-gallery-is-layout-flex\"> <figure class=\"wp-block-image aligncenter size-large\"><a href=\"https:\/\/www.agriculture-machine.com\/wp-content\/uploads\/2021\/08\/\u753b\u677f-8.jpg\"><img loading=\"lazy\" decoding=\"async\" width=\"720\" height=\"540\" data-id=\"11076\" src=\"https:\/\/www.agriculture-machine.com\/wp-content\/uploads\/2021\/08\/\u753b\u677f-8.jpg\" alt=\"Requisitos de la cosechadora de tallos de ma\u00edz en el tractor.\" class=\"wp-image-11076\" srcset=\"https:\/\/www.agriculture-machine.com\/wp-content\/uploads\/2021\/08\/\u753b\u677f-8.jpg 720w, https:\/\/www.agriculture-machine.com\/wp-content\/uploads\/2021\/08\/\u753b\u677f-8-360x270.jpg 360w, https:\/\/www.agriculture-machine.com\/wp-content\/uploads\/2021\/08\/\u753b\u677f-8-240x180.jpg 240w\" sizes=\"auto, (max-width: 720px) 100vw, 720px\" \/><\/a><figcaption class=\"wp-element-caption\">Requisitos de la cosechadora de tallos de ma\u00edz en el tractor.<\/figcaption><\/figure> <\/figure>    <h2 class=\"wp-block-heading\">Diferencia entre m\u00e1quina cosechadora de tallos de ma\u00edz, m\u00e1quina de trituraci\u00f3n y reciclaje de paja.<\/h2>    <h3 class=\"wp-block-heading\" id=\"h-corn-stalk-reaping-machine\">Cosechadora de tallos de ma\u00edz. <\/h3>    <p>La cosechadora de paja de ma\u00edz es una cosechadora de tipo y prop\u00f3sito especial. Es para cosechar la paja con o sin mazorca y extenderla plana detr\u00e1s o detr\u00e1s de la m\u00e1quina para facilitar la recolecci\u00f3n. Se puede usar no solo para cosechar ma\u00edz, sino tambi\u00e9n para cosechar pasto. Y puede cosechar la paja directamente en una sola pieza.<\/p>    <figure class=\"wp-block-gallery has-nested-images columns-default is-cropped wp-block-gallery-5 is-layout-flex wp-block-gallery-is-layout-flex\"> <figure class=\"wp-block-image size-large\"><a href=\"https:\/\/www.agriculture-machine.com\/wp-content\/uploads\/2021\/08\/\u672a\u6807\u9898-1.jpg\"><img loading=\"lazy\" decoding=\"async\" width=\"720\" height=\"540\" data-id=\"11077\" src=\"https:\/\/www.agriculture-machine.com\/wp-content\/uploads\/2021\/08\/\u672a\u6807\u9898-1.jpg\" alt=\"Cosechadora de tallos de ma\u00edz en funcionamiento.\" class=\"wp-image-11077\" srcset=\"https:\/\/www.agriculture-machine.com\/wp-content\/uploads\/2021\/08\/\u672a\u6807\u9898-1.jpg 720w, https:\/\/www.agriculture-machine.com\/wp-content\/uploads\/2021\/08\/\u672a\u6807\u9898-1-360x270.jpg 360w, https:\/\/www.agriculture-machine.com\/wp-content\/uploads\/2021\/08\/\u672a\u6807\u9898-1-240x180.jpg 240w\" sizes=\"auto, (max-width: 720px) 100vw, 720px\" \/><\/a><figcaption class=\"wp-element-caption\">Cosechadora de tallos de ma\u00edz en funcionamiento.<\/figcaption><\/figure>    <figure class=\"wp-block-image size-large\"><a href=\"https:\/\/www.agriculture-machine.com\/wp-content\/uploads\/2021\/08\/201903051540197185.jpgw640qm_\u526f\u672c.jpg\"><img loading=\"lazy\" decoding=\"async\" width=\"720\" height=\"540\" data-id=\"11078\" src=\"https:\/\/www.agriculture-machine.com\/wp-content\/uploads\/2021\/08\/201903051540197185.jpgw640qm_\u526f\u672c.jpg\" alt=\"Pajas cosechadas con cosechadora de tallos de ma\u00edz.\" class=\"wp-image-11078\" srcset=\"https:\/\/www.agriculture-machine.com\/wp-content\/uploads\/2021\/08\/201903051540197185.jpgw640qm_\u526f\u672c.jpg 720w, https:\/\/www.agriculture-machine.com\/wp-content\/uploads\/2021\/08\/201903051540197185.jpgw640qm_\u526f\u672c-360x270.jpg 360w, https:\/\/www.agriculture-machine.com\/wp-content\/uploads\/2021\/08\/201903051540197185.jpgw640qm_\u526f\u672c-240x180.jpg 240w\" sizes=\"auto, (max-width: 720px) 100vw, 720px\" \/><\/a><figcaption class=\"wp-element-caption\">Pajas cosechadas con cosechadora de tallos de ma\u00edz.<\/figcaption><\/figure> <\/figure>    <h3 class=\"wp-block-heading\" id=\"h-straw-crushing-and-recycling-machine\"><a href=\"https:\/\/www.agriculture-machine.com\/es\/silage-harvester-machine-with-tractor\/\">m\u00e1quina de trituraci\u00f3n y reciclaje de paja.<\/a><\/h3>    <p>La m\u00e1quina de trituraci\u00f3n y reciclaje de paja tiene la funci\u00f3n de triturar y reciclar. Es adecuada para paja de cultivos erguidos o ca\u00eddos. La m\u00e1quina tritura directamente la paja. Despu\u00e9s, la paja triturada sale por la boca de descarga y cae en la caja de almacenamiento.<\/p>    <p>Puede usar directamente la paja verde cosechada por la m\u00e1quina de trituraci\u00f3n y reciclaje para hacer ensilaje. Y usar la paja seca para hacer combustible de biomasa. Tambi\u00e9n puede usarla como nutriente para hongos comestibles.<\/p>    <figure class=\"wp-block-gallery has-nested-images columns-default is-cropped wp-block-gallery-6 is-layout-flex wp-block-gallery-is-layout-flex\"> <figure class=\"wp-block-image size-large\"><a href=\"https:\/\/www.agriculture-machine.com\/wp-content\/uploads\/2021\/08\/corn-silage-harvester.jpg\"><img loading=\"lazy\" decoding=\"async\" width=\"720\" height=\"540\" data-id=\"11080\" src=\"https:\/\/www.agriculture-machine.com\/wp-content\/uploads\/2021\/08\/corn-silage-harvester.jpg\" alt=\"m\u00e1quina de trituraci\u00f3n y reciclaje de paja.\" class=\"wp-image-11080\" srcset=\"https:\/\/www.agriculture-machine.com\/wp-content\/uploads\/2021\/08\/corn-silage-harvester.jpg 720w, https:\/\/www.agriculture-machine.com\/wp-content\/uploads\/2021\/08\/corn-silage-harvester-360x270.jpg 360w, https:\/\/www.agriculture-machine.com\/wp-content\/uploads\/2021\/08\/corn-silage-harvester-240x180.jpg 240w\" sizes=\"auto, (max-width: 720px) 100vw, 720px\" \/><\/a><figcaption class=\"wp-element-caption\">m\u00e1quina de trituraci\u00f3n y reciclaje de paja.<\/figcaption><\/figure>    <figure class=\"wp-block-image size-large\"><a href=\"https:\/\/www.agriculture-machine.com\/wp-content\/uploads\/2021\/08\/81342a0cfb04464ebfbcd713c8bdc9e7_c5_q75_864x486_\u526f\u672c.jpg\"><img loading=\"lazy\" decoding=\"async\" width=\"720\" height=\"540\" data-id=\"11079\" src=\"https:\/\/www.agriculture-machine.com\/wp-content\/uploads\/2021\/08\/81342a0cfb04464ebfbcd713c8bdc9e7_c5_q75_864x486_\u526f\u672c.jpg\" alt=\"Paja cosechada con m\u00e1quina de trituraci\u00f3n y reciclaje de paja.\" class=\"wp-image-11079\" srcset=\"https:\/\/www.agriculture-machine.com\/wp-content\/uploads\/2021\/08\/81342a0cfb04464ebfbcd713c8bdc9e7_c5_q75_864x486_\u526f\u672c.jpg 720w, https:\/\/www.agriculture-machine.com\/wp-content\/uploads\/2021\/08\/81342a0cfb04464ebfbcd713c8bdc9e7_c5_q75_864x486_\u526f\u672c-360x270.jpg 360w, https:\/\/www.agriculture-machine.com\/wp-content\/uploads\/2021\/08\/81342a0cfb04464ebfbcd713c8bdc9e7_c5_q75_864x486_\u526f\u672c-240x180.jpg 240w\" sizes=\"auto, (max-width: 720px) 100vw, 720px\" \/><\/a><figcaption class=\"wp-element-caption\">Paja cosechada con m\u00e1quina de trituraci\u00f3n y reciclaje de paja.<\/figcaption><\/figure> <\/figure>    <p>Ambos tipos de cosechadoras de paja tienen sus ventajas y usos. Puede elegir seg\u00fan sus necesidades. Al mismo tiempo, tambi\u00e9n podemos recomendarle el modelo m\u00e1s adecuado seg\u00fan sus necesidades.<\/p>    <h2 class=\"wp-block-heading\" id=\"h-corn-stalk-reaping-machine-display\">Pantalla de la f\u00e1brica de m\u00e1quinas.<\/h2>    <figure class=\"wp-block-gallery has-nested-images columns-2 is-cropped wp-block-gallery-7 is-layout-flex wp-block-gallery-is-layout-flex\"> <figure class=\"wp-block-image size-large\"><a href=\"https:\/\/www.agriculture-machine.com\/wp-content\/uploads\/2021\/08\/\u753b\u677f-4.jpg\"><img loading=\"lazy\" decoding=\"async\" width=\"720\" height=\"540\" data-id=\"11084\" src=\"https:\/\/www.agriculture-machine.com\/wp-content\/uploads\/2021\/08\/\u753b\u677f-4.jpg\" alt=\"pantalla de la cosechadora de tallos de ma\u00edz. \" class=\"wp-image-11084\" srcset=\"https:\/\/www.agriculture-machine.com\/wp-content\/uploads\/2021\/08\/\u753b\u677f-4.jpg 720w, https:\/\/www.agriculture-machine.com\/wp-content\/uploads\/2021\/08\/\u753b\u677f-4-360x270.jpg 360w, https:\/\/www.agriculture-machine.com\/wp-content\/uploads\/2021\/08\/\u753b\u677f-4-240x180.jpg 240w\" sizes=\"auto, (max-width: 720px) 100vw, 720px\" \/><\/a><figcaption class=\"wp-element-caption\">pantalla de la cosechadora de tallos de ma\u00edz. <\/figcaption><\/figure>    <figure class=\"wp-block-image size-large\"><a href=\"https:\/\/www.agriculture-machine.com\/wp-content\/uploads\/2021\/08\/\u753b\u677f-3.jpg\"><img loading=\"lazy\" decoding=\"async\" width=\"720\" height=\"540\" data-id=\"11083\" src=\"https:\/\/www.agriculture-machine.com\/wp-content\/uploads\/2021\/08\/\u753b\u677f-3.jpg\" alt=\"pantalla de cosechadora de tallos de ma\u00edz.\" class=\"wp-image-11083\" srcset=\"https:\/\/www.agriculture-machine.com\/wp-content\/uploads\/2021\/08\/\u753b\u677f-3.jpg 720w, https:\/\/www.agriculture-machine.com\/wp-content\/uploads\/2021\/08\/\u753b\u677f-3-360x270.jpg 360w, https:\/\/www.agriculture-machine.com\/wp-content\/uploads\/2021\/08\/\u753b\u677f-3-240x180.jpg 240w\" sizes=\"auto, (max-width: 720px) 100vw, 720px\" \/><\/a><figcaption class=\"wp-element-caption\">pantalla de cosechadora de tallos de ma\u00edz.<\/figcaption><\/figure>    <figure class=\"wp-block-image size-large\"><a href=\"https:\/\/www.agriculture-machine.com\/wp-content\/uploads\/2021\/08\/\u753b\u677f-2.jpg\"><img loading=\"lazy\" decoding=\"async\" width=\"720\" height=\"540\" data-id=\"11082\" src=\"https:\/\/www.agriculture-machine.com\/wp-content\/uploads\/2021\/08\/\u753b\u677f-2.jpg\" alt=\"pantalla de cosechadora de paja de ma\u00edz.\" class=\"wp-image-11082\" srcset=\"https:\/\/www.agriculture-machine.com\/wp-content\/uploads\/2021\/08\/\u753b\u677f-2.jpg 720w, https:\/\/www.agriculture-machine.com\/wp-content\/uploads\/2021\/08\/\u753b\u677f-2-360x270.jpg 360w, https:\/\/www.agriculture-machine.com\/wp-content\/uploads\/2021\/08\/\u753b\u677f-2-240x180.jpg 240w\" sizes=\"auto, (max-width: 720px) 100vw, 720px\" \/><\/a><figcaption class=\"wp-element-caption\">pantalla de cosechadora de paja de ma\u00edz.<\/figcaption><\/figure>    <figure class=\"wp-block-image size-large\"><a href=\"https:\/\/www.agriculture-machine.com\/wp-content\/uploads\/2021\/08\/\u753b\u677f-1.jpg\"><img loading=\"lazy\" decoding=\"async\" width=\"720\" height=\"540\" data-id=\"11081\" src=\"https:\/\/www.agriculture-machine.com\/wp-content\/uploads\/2021\/08\/\u753b\u677f-1.jpg\" alt=\"pantalla de cosechadora de paja de ma\u00edz. \" class=\"wp-image-11081\" srcset=\"https:\/\/www.agriculture-machine.com\/wp-content\/uploads\/2021\/08\/\u753b\u677f-1.jpg 720w, https:\/\/www.agriculture-machine.com\/wp-content\/uploads\/2021\/08\/\u753b\u677f-1-360x270.jpg 360w, https:\/\/www.agriculture-machine.com\/wp-content\/uploads\/2021\/08\/\u753b\u677f-1-240x180.jpg 240w\" sizes=\"auto, (max-width: 720px) 100vw, 720px\" \/><\/a><figcaption class=\"wp-element-caption\">pantalla de cosechadora de paja de ma\u00edz. <\/figcaption><\/figure> <\/figure>    <h2 class=\"wp-block-heading\">Precauciones para el uso.<\/h2>    <ul class=\"wp-block-list\"> <li>Depure la m\u00e1quina antes de la operaci\u00f3n para asegurar que est\u00e9 en buenas condiciones de trabajo.<\/li>    <li>Puede ajustar la altura de la estela ajustando el tornillo del marco de elevaci\u00f3n. Antes de cosechar, ajuste la cuchilla de corte para que toque el suelo y el terreno y luego bloquee el tornillo para una prueba de corte para ver si la condici\u00f3n de corte es adecuada. Si no es adecuada, aj\u00fastela para cumplir con los requisitos y comience la cosecha. En general, la altura recomendada de la estela es mayor a 3-5cm para evitar da\u00f1os a la cortadora.<\/li>    <li>Verifique si la caja de cambios tiene poca cantidad de aceite antes de cosechar, y si hay escasez, a\u00f1ada aceite a tiempo. Despu\u00e9s de que la cadena haya estado funcionando un tiempo, tambi\u00e9n hay una gota de aceite lubricante.<\/li>    <li>Adem\u00e1s, el m\u00e9todo de cosecha para mejorar la eficiencia es cosechar en c\u00edrculos alrededor del parcela.<\/li>    <li>Despu\u00e9s de usar el cortador por un tiempo, la parte de la hoja de corte se desgasta y se vuelve opaca. En ese momento, use un amoladora de mano para afilar la hoja de corte y ayudar a ahorrar energ\u00eda durante la cosecha. Sin embargo, al afilar la hoja, evite el sobrecalentamiento y el goteo para enfriar, para no reducir la durabilidad de la hoja de corte.<\/li> <\/ul>    <h2 class=\"wp-block-heading\" id=\"h-maintenance-of-the-machine\">Mantenimiento de la m\u00e1quina. <\/h2>    <p>Despu\u00e9s de completar la operaci\u00f3n de la m\u00e1quina, inspeccione la m\u00e1quina a tiempo. Verifique si hay da\u00f1os durante la operaci\u00f3n de la m\u00e1quina. Si se detecta, rep\u00e1rela y mant\u00e9ngala inmediatamente.<\/p>    <p>Cuando la m\u00e1quina no opere durante mucho tiempo y necesite almacenarse, lubrique los rodamientos y las partes de transporte para evitar que la m\u00e1quina se oxide y afecte su uso.<\/p>","protected":false},"excerpt":{"rendered":"<p>La cosechadora de tallos de ma\u00edz cosecha todos los tallos en el campo para reciclaje y reutilizaci\u00f3n. No solo ahorra mano de obra, sino que tambi\u00e9n mejora la eficiencia.<\/p>","protected":false},"author":1,"featured_media":11089,"parent":0,"comment_status":"closed","ping_status":"closed","template":"","tags":[961],"product-type":[871,1,2],"class_list":["post-11066","product","type-product","status-publish","has-post-thumbnail","hentry","tag-maize-straw-reaper","product-type-harvester","product-type-other","product-type-products"],"_links":{"self":[{"href":"https:\/\/www.agriculture-machine.com\/es\/wp-json\/wp\/v2\/product\/11066","targetHints":{"allow":["GET"]}}],"collection":[{"href":"https:\/\/www.agriculture-machine.com\/es\/wp-json\/wp\/v2\/product"}],"about":[{"href":"https:\/\/www.agriculture-machine.com\/es\/wp-json\/wp\/v2\/types\/product"}],"author":[{"embeddable":true,"href":"https:\/\/www.agriculture-machine.com\/es\/wp-json\/wp\/v2\/users\/1"}],"replies":[{"embeddable":true,"href":"https:\/\/www.agriculture-machine.com\/es\/wp-json\/wp\/v2\/comments?post=11066"}],"wp:featuredmedia":[{"embeddable":true,"href":"https:\/\/www.agriculture-machine.com\/es\/wp-json\/wp\/v2\/media\/11089"}],"wp:attachment":[{"href":"https:\/\/www.agriculture-machine.com\/es\/wp-json\/wp\/v2\/media?parent=11066"}],"wp:term":[{"taxonomy":"post_tag","embeddable":true,"href":"https:\/\/www.agriculture-machine.com\/es\/wp-json\/wp\/v2\/tags?post=11066"},{"taxonomy":"product-type","embeddable":true,"href":"https:\/\/www.agriculture-machine.com\/es\/wp-json\/wp\/v2\/product-type?post=11066"}],"curies":[{"name":"wp","href":"https:\/\/api.w.org\/{rel}","templated":true}]}}