{"id":11093,"date":"2021-08-18T15:50:35","date_gmt":"2021-08-18T07:50:35","guid":{"rendered":"https:\/\/www.agriculture-machine.com\/?p=11093"},"modified":"2024-09-18T16:17:13","modified_gmt":"2024-09-18T08:17:13","slug":"vibrating-sieving-machine-grain-screening-machine","status":"publish","type":"product","link":"https:\/\/www.agriculture-machine.com\/es\/vibrating-sieving-machine-grain-screening-machine\/","title":{"rendered":"M\u00e1quina de tamizado vibratorio | M\u00e1quina de selecci\u00f3n de granos"},"content":{"rendered":"<h2 class=\"wp-block-heading\">Introducci\u00f3n a la m\u00e1quina de tamizado vibratorio<\/h2>    <p>La m\u00e1quina de tamizado vibratorio es una m\u00e1quina de limpieza y selecci\u00f3n de granos peque\u00f1a y mediana, cuyo objetivo es eliminar hojas, c\u00e1scaras, polvo y otras impurezas en los granos. <\/p>    <p class=\"translation-block\">Despu\u00e9s de usar una <a href=\"https:\/\/www.agriculture-machine.com\/es\/peanut-groundmut-sheller-removing-machine\/\">m\u00e1quina trilladora<\/a> para desgranar cultivos, puede usar una m\u00e1quina de tamizado vibratorio para limpiarlos. La m\u00e1quina de selecci\u00f3n de granos tiene una apariencia atractiva y estructura compacta. A pesar de eso, es conveniente de mover y f\u00e1cil de usar. Esta m\u00e1quina posee ventajas en eficiencia de eliminaci\u00f3n de impurezas y bajo consumo de energ\u00eda. La pantalla puede cambiarse libremente seg\u00fan los requisitos del usuario, y las cribas son adecuadas para diferentes variedades de materiales.<\/p>    <figure class=\"wp-block-embed is-type-video is-provider-youtube wp-block-embed-youtube wp-embed-aspect-16-9 wp-has-aspect-ratio\"><div class=\"wp-block-embed__wrapper\"> <iframe loading=\"lazy\" title=\"Video de trabajo de la m\u00e1quina de tamizado vibratorio | m\u00e1quina de selecci\u00f3n de granos\" width=\"500\" height=\"281\" src=\"https:\/\/www.youtube.com\/embed\/C69m_ahdRSo?feature=oembed\" frameborder=\"0\" allow=\"accelerometer; autoplay; clipboard-write; encrypted-media; gyroscope; picture-in-picture; web-share\" referrerpolicy=\"strict-origin-when-cross-origin\" allowfullscreen><\/iframe> <\/div><\/figure>    <h2 class=\"wp-block-heading\" id=\"h-components-of-vibrating-sieving-machine\">Componentes de la m\u00e1quina de tamizado vibratorio<\/h2>    <p>La m\u00e1quina est\u00e1 compuesta principalmente por varias partes, incluyendo una tolva, un marco, un mecanismo de transmisi\u00f3n, un ventilador y una criba, etc. La base del marco est\u00e1 equipada con cuatro ruedas para facilitar el movimiento; las cribas pueden y el marco adopta una estructura dividida, lo que facilita reemplazar diferentes elementos.<\/p>    <h2 class=\"wp-block-heading\">Par\u00e1metros de la m\u00e1quina de tamizado vibratorio<\/h2>    <p>Nuestra m\u00e1quina tiene dos modelos diferentes, que se dividen en peque\u00f1os y medianos. Puede elegir el modelo adecuado seg\u00fan sus necesidades, y puede obtener los par\u00e1metros detallados en la tabla a continuaci\u00f3n.<\/p>    <figure class=\"wp-block-gallery columns-2 is-cropped wp-block-gallery-2 is-layout-flex wp-block-gallery-is-layout-flex\"><ul class=\"blocks-gallery-grid\"><li class=\"blocks-gallery-item\"><figure><img loading=\"lazy\" decoding=\"async\" width=\"720\" height=\"540\" src=\"https:\/\/www.agriculture-machine.com\/wp-content\/uploads\/2021\/08\/2.jpg\" alt=\"tama\u00f1o peque\u00f1o\" data-id=\"11099\" data-full-url=\"https:\/\/www.agriculture-machine.com\/wp-content\/uploads\/2021\/08\/2.jpg\" data-link=\"https:\/\/www.agriculture-machine.com\/?attachment_id=11099\" class=\"wp-image-11099\" srcset=\"https:\/\/www.agriculture-machine.com\/wp-content\/uploads\/2021\/08\/2.jpg 720w, https:\/\/www.agriculture-machine.com\/wp-content\/uploads\/2021\/08\/2-360x270.jpg 360w, https:\/\/www.agriculture-machine.com\/wp-content\/uploads\/2021\/08\/2-240x180.jpg 240w\" sizes=\"auto, (max-width: 720px) 100vw, 720px\" \/><figcaption class=\"blocks-gallery-item__caption\">tama\u00f1o peque\u00f1o<\/figcaption><\/figure><\/li><li class=\"blocks-gallery-item\"><figure><img loading=\"lazy\" decoding=\"async\" width=\"720\" height=\"540\" src=\"https:\/\/www.agriculture-machine.com\/wp-content\/uploads\/2021\/08\/1-1.jpg\" alt=\"tama\u00f1o mediano\" data-id=\"11100\" data-full-url=\"https:\/\/www.agriculture-machine.com\/wp-content\/uploads\/2021\/08\/1-1.jpg\" data-link=\"https:\/\/www.agriculture-machine.com\/?attachment_id=11100\" class=\"wp-image-11100\" srcset=\"https:\/\/www.agriculture-machine.com\/wp-content\/uploads\/2021\/08\/1-1.jpg 720w, https:\/\/www.agriculture-machine.com\/wp-content\/uploads\/2021\/08\/1-1-360x270.jpg 360w, https:\/\/www.agriculture-machine.com\/wp-content\/uploads\/2021\/08\/1-1-240x180.jpg 240w\" sizes=\"auto, (max-width: 720px) 100vw, 720px\" \/><figcaption class=\"blocks-gallery-item__caption\">tama\u00f1o mediano<\/figcaption><\/figure><\/li><\/ul><\/figure>    <figure class=\"wp-block-table is-style-stripes\"><table><tbody><tr><td><strong>Modelo <\/strong><strong><\/strong><\/td><td><strong>ZDS-1 <\/strong><strong><\/strong><\/td><td><strong>ZDS-2 <\/strong><strong><\/strong><\/td><\/tr><tr><td>Potencia<\/td><td>2.2kw<\/td><td>2.2kw<\/td><\/tr><tr><td>Capacidad<\/td><td>2 t\/h<\/td><td>1t\/h<\/td><\/tr><tr><td>Tasa de rotura<\/td><td>\u22660.1%<\/td><td>\u22660.1%<\/td><\/tr><tr><td>Velocidad de rotaci\u00f3n<\/td><td>1400 r\/min<\/td><td>1400 r\/min<\/td><\/tr><tr><td>Tama\u00f1o<\/td><td>1600*800*1000mm<\/td><td>2350*1100*1100mm<\/td><\/tr><tr><td>FOB Qingdao<\/td><td>&nbsp;<\/td><td>&nbsp;<\/td><\/tr><\/tbody><\/table><\/figure>    <h2 class=\"wp-block-heading\">Proceso de trabajo de la m\u00e1quina de tamizado vibratorio<\/h2>    <ol class=\"wp-block-list\" type=\"1\"><li>Coloque la m\u00e1quina de selecci\u00f3n de granos en posici\u00f3n horizontal, y encienda la fuente de alimentaci\u00f3n. Luego, active el interruptor de trabajo para asegurar que el motor gire en sentido horario. Esto indica que la m\u00e1quina ha entrado en el estado de trabajo correcto.<\/li><li>Vierta los materiales\u00a0que necesitan ser tamizados\u00a0en la tolva, y luego ajuste la placa de tope en la parte inferior de la tolva seg\u00fan el tama\u00f1o de las part\u00edculas del material. El objetivo es que los materiales ingresen de manera uniforme en la pantalla superior.<\/li><li>Aseg\u00farese de que el ventilador cil\u00edndrico en la parte superior de la pantalla pueda enviar aire correctamente a la salida de la pantalla. La entrada de aire est\u00e1 en el extremo inferior del ventilador, y luego tambi\u00e9n puede conectarse directamente a la bolsa de tela para recibir los residuos ligeros diversos en el grano.<\/li><li>La parte inferior de la pantalla vibratoria tiene cuatro rodamientos, que est\u00e1n fijados respectivamente en el canal de acero en el marco para movimiento lineal rec\u00edproco: la pantalla gruesa superior limpia las part\u00edculas grandes de impurezas en el material, y la pantalla fina inferior limpia las part\u00edculas peque\u00f1as de impurezas en el material.<\/li><li>Finalmente, puede obtener cultivos limpios.<\/li><\/ol>    <h2 class=\"wp-block-heading\">Ventajas de la m\u00e1quina de selecci\u00f3n de granos<\/h2>    <p>1. La m\u00e1quina tiene una estructura compacta, operaci\u00f3n estable y una criba cuidadosa que puede reducir en gran medida la intensidad laboral y mejorar la eficiencia del trabajo.<\/p>    <p>2. Las pantallas pueden cambiarse libremente seg\u00fan los requisitos del usuario para que sean adecuadas para diferentes variedades de materiales, permitiendo tamizar arroz, cacahuetes, ma\u00edz, soja y otros granos, etc.<\/p>    <p>3. Es adecuado para la mayor\u00eda de los agricultores de cultivo y cosecha de granos, y plantas de procesamiento de alimentos, y puede eliminar de manera limpia y exhaustiva todo tipo de impurezas y polvo en granos o semillas oleaginosas.<\/p>    <p>4. Ocupa un \u00e1rea peque\u00f1a, y la m\u00e1quina est\u00e1 equipada con ruedas para facilitar el movimiento.<\/p>    <p>5. La eficiencia de eliminaci\u00f3n de polvo es evidente, el consumo de energ\u00eda es bajo, y la m\u00e1quina es f\u00e1cil de usar.<\/p>    <h2 class=\"wp-block-heading\">Precauciones para usar la m\u00e1quina de tamizado vibratorio<\/h2>    <p>1. Don&#8217;t reach into the operating part of the equipment.<\/p>    <p>2. Al encender, el ventilador principal debe funcionar en la direcci\u00f3n indicada por la flecha.<\/p>    <p>3. If mechanical and electrical failure or abnormal noise occurs during the operation of the equipment, then you should shut down the machine immediately to inspect, so the hidden dangers can be eliminated before normal operation. Equipment maintenance should be carried out by professionals, and you can&#8217;t disassemble key parts at will.<\/p>    <p>4. La cubierta protectora no puede desmontarse al azar.<\/p>    <h2 class=\"wp-block-heading\">Fortalezas de nuestra empresa<\/h2>    <p>We are a company established for many years, with strong strength and rich export experience. We have enough vibrating sieving\u00a0machines in stock. Our products have sufficient inventory, and we have to check the production process. Therefore, you needn&#8217;t worry about product inventory and quality issues. Our products are sold to many countries and received unanimous praise. If you have interest in our products, you can leave your contact information and our staff will contact you within 24 hours.<\/p>    <figure class=\"wp-block-gallery columns-2 is-cropped wp-block-gallery-3 is-layout-flex wp-block-gallery-is-layout-flex\"><ul class=\"blocks-gallery-grid\"><li class=\"blocks-gallery-item\"><figure><img loading=\"lazy\" decoding=\"async\" width=\"720\" height=\"540\" src=\"https:\/\/www.agriculture-machine.com\/wp-content\/uploads\/2021\/08\/3-1.jpg\" alt=\"stock\" data-id=\"11101\" data-full-url=\"https:\/\/www.agriculture-machine.com\/wp-content\/uploads\/2021\/08\/3-1.jpg\" data-link=\"https:\/\/www.agriculture-machine.com\/?attachment_id=11101\" class=\"wp-image-11101\" srcset=\"https:\/\/www.agriculture-machine.com\/wp-content\/uploads\/2021\/08\/3-1.jpg 720w, https:\/\/www.agriculture-machine.com\/wp-content\/uploads\/2021\/08\/3-1-360x270.jpg 360w, https:\/\/www.agriculture-machine.com\/wp-content\/uploads\/2021\/08\/3-1-240x180.jpg 240w\" sizes=\"auto, (max-width: 720px) 100vw, 720px\" \/><figcaption class=\"blocks-gallery-item__caption\">stock<\/figcaption><\/figure><\/li><li class=\"blocks-gallery-item\"><figure><img loading=\"lazy\" decoding=\"async\" width=\"720\" height=\"540\" src=\"https:\/\/www.agriculture-machine.com\/wp-content\/uploads\/2021\/08\/4-1.jpg\" alt=\"stock\" data-id=\"11102\" data-full-url=\"https:\/\/www.agriculture-machine.com\/wp-content\/uploads\/2021\/08\/4-1.jpg\" data-link=\"https:\/\/www.agriculture-machine.com\/?attachment_id=11102\" class=\"wp-image-11102\" srcset=\"https:\/\/www.agriculture-machine.com\/wp-content\/uploads\/2021\/08\/4-1.jpg 720w, https:\/\/www.agriculture-machine.com\/wp-content\/uploads\/2021\/08\/4-1-360x270.jpg 360w, https:\/\/www.agriculture-machine.com\/wp-content\/uploads\/2021\/08\/4-1-240x180.jpg 240w\" sizes=\"auto, (max-width: 720px) 100vw, 720px\" \/><figcaption class=\"blocks-gallery-item__caption\">stock<\/figcaption><\/figure><\/li><\/ul><\/figure>","protected":false},"excerpt":{"rendered":"<p>Introduction of vibrating sieving machine Vibrating sieving\u00a0machine is a small and medium-sized grain cleaning, and screening machine, its aim is to remove leaves, bran husks, dust, and other sundries in the grain. After using a thresher machine to shell crops, then you can use a vibrating sieving\u00a0machine to clean them. The grain screening machine has [&hellip;]<\/p>\n","protected":false},"author":1,"featured_media":11103,"parent":0,"comment_status":"closed","ping_status":"closed","template":"","tags":[487],"product-type":[1],"class_list":["post-11093","product","type-product","status-publish","has-post-thumbnail","hentry","tag-grain","product-type-other"],"_links":{"self":[{"href":"https:\/\/www.agriculture-machine.com\/es\/wp-json\/wp\/v2\/product\/11093","targetHints":{"allow":["GET"]}}],"collection":[{"href":"https:\/\/www.agriculture-machine.com\/es\/wp-json\/wp\/v2\/product"}],"about":[{"href":"https:\/\/www.agriculture-machine.com\/es\/wp-json\/wp\/v2\/types\/product"}],"author":[{"embeddable":true,"href":"https:\/\/www.agriculture-machine.com\/es\/wp-json\/wp\/v2\/users\/1"}],"replies":[{"embeddable":true,"href":"https:\/\/www.agriculture-machine.com\/es\/wp-json\/wp\/v2\/comments?post=11093"}],"wp:featuredmedia":[{"embeddable":true,"href":"https:\/\/www.agriculture-machine.com\/es\/wp-json\/wp\/v2\/media\/11103"}],"wp:attachment":[{"href":"https:\/\/www.agriculture-machine.com\/es\/wp-json\/wp\/v2\/media?parent=11093"}],"wp:term":[{"taxonomy":"post_tag","embeddable":true,"href":"https:\/\/www.agriculture-machine.com\/es\/wp-json\/wp\/v2\/tags?post=11093"},{"taxonomy":"product-type","embeddable":true,"href":"https:\/\/www.agriculture-machine.com\/es\/wp-json\/wp\/v2\/product-type?post=11093"}],"curies":[{"name":"wp","href":"https:\/\/api.w.org\/{rel}","templated":true}]}}