{"id":11227,"date":"2021-09-08T18:08:17","date_gmt":"2021-09-08T10:08:17","guid":{"rendered":"https:\/\/www.agriculture-machine.com\/?p=11227"},"modified":"2024-09-18T16:17:45","modified_gmt":"2024-09-18T08:17:45","slug":"wheat-planter-wheat-seeder-wheat-grain-drill-for-sale","status":"publish","type":"product","link":"https:\/\/www.agriculture-machine.com\/es\/wheat-planter-wheat-seeder-wheat-grain-drill-for-sale\/","title":{"rendered":"Plantadora de trigo | Sembradora de trigo | Taladro de granos de trigo en venta"},"content":{"rendered":"<p>Actualmente, la aplicaci\u00f3n de maquinaria agr\u00edcola es relativamente com\u00fan, y la aplicaci\u00f3n eficiente de la sembradora de trigo en el proceso de siembra puede reducir la intensidad laboral de los agricultores, y al mismo tiempo puede acortar el tiempo de trabajo, mejorando significativamente la eficiencia de los agricultores.<\/p>    <h2 class=\"wp-block-heading\">Introducci\u00f3n de la sembradora de trigo<\/h2>    <p>La sembradora de trigo es un tipo de equipo mec\u00e1nico que planta semillas de trigo en el suelo mediante un sistema mec\u00e1nico de siembra. Actualmente, los tractores conducen las sembradoras de trigo para sembrar, y la sembradora de granos puede combinarse con m\u00e1quinas fertilizadoras. <\/p>    <p>The machine is suitable for fertilizing and planting wheat in plain and hilly areas. It has the characteristics of good general performance, a wide application range, and uniform seeding. Compared with traditional farming methods, the wheat planter can reduce the amount of seed input and ensure the uniformity of seeding. At the same time, the soil covering effect is relatively high. It can not only reduce the farmer&#8217;s planting input cost but also ensure the quality of wheat planting.<\/p>    <figure class=\"wp-block-gallery columns-2 is-cropped wp-block-gallery-2 is-layout-flex wp-block-gallery-is-layout-flex\"><ul class=\"blocks-gallery-grid\"><li class=\"blocks-gallery-item\"><figure><img loading=\"lazy\" decoding=\"async\" width=\"720\" height=\"540\" src=\"https:\/\/www.agriculture-machine.com\/wp-content\/uploads\/2021\/08\/4-4.jpg\" alt=\"sembradora de trigo\" data-id=\"11239\" data-full-url=\"https:\/\/www.agriculture-machine.com\/wp-content\/uploads\/2021\/08\/4-4.jpg\" data-link=\"https:\/\/www.agriculture-machine.com\/?attachment_id=11239\" class=\"wp-image-11239\" srcset=\"https:\/\/www.agriculture-machine.com\/wp-content\/uploads\/2021\/08\/4-4.jpg 720w, https:\/\/www.agriculture-machine.com\/wp-content\/uploads\/2021\/08\/4-4-360x270.jpg 360w, https:\/\/www.agriculture-machine.com\/wp-content\/uploads\/2021\/08\/4-4-240x180.jpg 240w\" sizes=\"auto, (max-width: 720px) 100vw, 720px\" \/><figcaption class=\"blocks-gallery-item__caption\">sembradora de trigo<\/figcaption><\/figure><\/li><li class=\"blocks-gallery-item\"><figure><img loading=\"lazy\" decoding=\"async\" width=\"720\" height=\"540\" src=\"https:\/\/www.agriculture-machine.com\/wp-content\/uploads\/2021\/08\/6-2.jpg\" alt=\"escena de trabajo\" data-id=\"11240\" data-full-url=\"https:\/\/www.agriculture-machine.com\/wp-content\/uploads\/2021\/08\/6-2.jpg\" data-link=\"https:\/\/www.agriculture-machine.com\/?attachment_id=11240\" class=\"wp-image-11240\" srcset=\"https:\/\/www.agriculture-machine.com\/wp-content\/uploads\/2021\/08\/6-2.jpg 720w, https:\/\/www.agriculture-machine.com\/wp-content\/uploads\/2021\/08\/6-2-360x270.jpg 360w, https:\/\/www.agriculture-machine.com\/wp-content\/uploads\/2021\/08\/6-2-240x180.jpg 240w\" sizes=\"auto, (max-width: 720px) 100vw, 720px\" \/><figcaption class=\"blocks-gallery-item__caption\">escena de trabajo<\/figcaption><\/figure><\/li><\/ul><\/figure>    <h2 class=\"wp-block-heading\" id=\"h-features-of-the-our-wheat-planter\">Caracter\u00edsticas de nuestra sembradora de trigo<\/h2>    <p>1. La m\u00e1quina es de gran tama\u00f1o y debe usarse con tractores grandes y medianos. Est\u00e1 en estado de suspensi\u00f3n en tres puntos, compatible con el ancho de uni\u00f3n del trigo, y es f\u00e1cil de trabajar en conjunto.<\/p>    <p>2. Esta sembradora de granos de trigo puede usarse para sembrar sola, o puede a\u00f1adirse con una caja fertilizadora para realizar la siembra y fertilizaci\u00f3n al mismo tiempo.<\/p>    <p>3. Esta m\u00e1quina no solo puede sembrar semillas de trigo, sino tambi\u00e9n otras semillas, como arroz de secano, mijo y espinaca, etc.<\/p>    <p>4. La m\u00e1quina est\u00e1 equipada con una rueda de supresi\u00f3n, que puede cubrirse directamente con tierra despu\u00e9s de sembrar para completar la siembra.<\/p>    <p>5. La sembradora de trigo realiza siembra lineal, sembrando 20 filas a la vez, por lo que la eficiencia de siembra es extremadamente alta.<\/p>    <figure class=\"wp-block-gallery columns-2 is-cropped wp-block-gallery-3 is-layout-flex wp-block-gallery-is-layout-flex\"><ul class=\"blocks-gallery-grid\"><li class=\"blocks-gallery-item\"><figure><img loading=\"lazy\" decoding=\"async\" width=\"720\" height=\"540\" src=\"https:\/\/www.agriculture-machine.com\/wp-content\/uploads\/2021\/08\/1-3.jpg\" alt=\"2BXF-20\" data-id=\"11241\" data-full-url=\"https:\/\/www.agriculture-machine.com\/wp-content\/uploads\/2021\/08\/1-3.jpg\" data-link=\"https:\/\/www.agriculture-machine.com\/?attachment_id=11241\" class=\"wp-image-11241\" srcset=\"https:\/\/www.agriculture-machine.com\/wp-content\/uploads\/2021\/08\/1-3.jpg 720w, https:\/\/www.agriculture-machine.com\/wp-content\/uploads\/2021\/08\/1-3-360x270.jpg 360w, https:\/\/www.agriculture-machine.com\/wp-content\/uploads\/2021\/08\/1-3-240x180.jpg 240w\" sizes=\"auto, (max-width: 720px) 100vw, 720px\" \/><figcaption class=\"blocks-gallery-item__caption\">2BXF-20<\/figcaption><\/figure><\/li><li class=\"blocks-gallery-item\"><figure><img loading=\"lazy\" decoding=\"async\" width=\"720\" height=\"540\" src=\"https:\/\/www.agriculture-machine.com\/wp-content\/uploads\/2021\/08\/2-2.jpg\" alt=\"detalles de 2BXF-20\" data-id=\"11242\" data-full-url=\"https:\/\/www.agriculture-machine.com\/wp-content\/uploads\/2021\/08\/2-2.jpg\" data-link=\"https:\/\/www.agriculture-machine.com\/?attachment_id=11242\" class=\"wp-image-11242\" srcset=\"https:\/\/www.agriculture-machine.com\/wp-content\/uploads\/2021\/08\/2-2.jpg 720w, https:\/\/www.agriculture-machine.com\/wp-content\/uploads\/2021\/08\/2-2-360x270.jpg 360w, https:\/\/www.agriculture-machine.com\/wp-content\/uploads\/2021\/08\/2-2-240x180.jpg 240w\" sizes=\"auto, (max-width: 720px) 100vw, 720px\" \/><figcaption class=\"blocks-gallery-item__caption\">detalles de 2BXF-20<\/figcaption><\/figure><\/li><\/ul><\/figure>    <h2 class=\"wp-block-heading\">El principio de funcionamiento de la sembradora de trigo<\/h2>    <p>La sembradora de trigo es remolcada por el tractor, y la potencia del tractor se transmite al dispositivo de laboreo rotatorio a trav\u00e9s del dispositivo de transmisi\u00f3n de potencia para voltear la tierra y soportar la cresta. Impulsado por la potencia, el dispositivo de tracci\u00f3n hace que la sembradora de trigo camine, accionando as\u00ed el abrebocas de semillas y fertilizantes para abrir la zanja. <\/p>    <p>Al mismo tiempo, el tractor arrastra la rueda suppressora para avanzar y hace girar la cadena, impulsando as\u00ed la rotaci\u00f3n del eje fertilizante y del eje de siembra, de modo que las semillas y fertilizantes salen del caja de fertilizantes y entran en el abrebocas de fertilizaci\u00f3n y el abrebocas de siembra a lo largo del tubo. Finalmente, fluye hacia la zanja y es suprimido por la rueda de supresi\u00f3n que cubre la tierra para completar la siembra del trigo.<\/p>    <p>La principal caracter\u00edstica del trigo es que solo se voltea la tierra que necesita ser sembrada, lo que reduce la perturbaci\u00f3n a la tierra, y realiza todos los procedimientos de siembra en un solo paso, lo que puede ahorrar tiempo y reducir costos.<\/p>    <h2 class=\"wp-block-heading\">Notas de operaci\u00f3n<\/h2>    <p>1. Antes de operar, elimine obst\u00e1culos en el campo.<\/p>    <p>2. Al realizar inspecci\u00f3n, reparaci\u00f3n, ajuste, mantenimiento, etc., primero apague el tractor.<\/p>    <p>3. Cuando la unidad gira, invierte y transfiere, la m\u00e1quina debe levantarse.<\/p>    <p>4. Durante la operaci\u00f3n, no retroceda ni reduzca el estacionamiento innecesario para evitar la acumulaci\u00f3n de semillas o fertilizantes o la rotura de las crestas.<\/p>    <p>5. Cuando hay viento fuerte, lluvia, y el contenido de humedad del suelo supera el 70%, se proh\u00edbe la operaci\u00f3n.<\/p>","protected":false},"excerpt":{"rendered":"<p>At present, the application of agricultural machinery is relatively common, and the efficient application of wheat planter in the process of wheat planting can reduce the labor intensity of farmers, at the same time it can&nbsp;shorten the labor time so that the work efficiency of farmers has been significantly improved. Introduction of wheat planter The [&hellip;]<\/p>\n","protected":false},"author":1,"featured_media":0,"parent":0,"comment_status":"closed","ping_status":"closed","template":"","tags":[492,158],"product-type":[870,883],"class_list":["post-11227","product","type-product","status-publish","hentry","tag-planter","tag-wheat","product-type-planter","product-type-wheat-planter"],"_links":{"self":[{"href":"https:\/\/www.agriculture-machine.com\/es\/wp-json\/wp\/v2\/product\/11227","targetHints":{"allow":["GET"]}}],"collection":[{"href":"https:\/\/www.agriculture-machine.com\/es\/wp-json\/wp\/v2\/product"}],"about":[{"href":"https:\/\/www.agriculture-machine.com\/es\/wp-json\/wp\/v2\/types\/product"}],"author":[{"embeddable":true,"href":"https:\/\/www.agriculture-machine.com\/es\/wp-json\/wp\/v2\/users\/1"}],"replies":[{"embeddable":true,"href":"https:\/\/www.agriculture-machine.com\/es\/wp-json\/wp\/v2\/comments?post=11227"}],"wp:attachment":[{"href":"https:\/\/www.agriculture-machine.com\/es\/wp-json\/wp\/v2\/media?parent=11227"}],"wp:term":[{"taxonomy":"post_tag","embeddable":true,"href":"https:\/\/www.agriculture-machine.com\/es\/wp-json\/wp\/v2\/tags?post=11227"},{"taxonomy":"product-type","embeddable":true,"href":"https:\/\/www.agriculture-machine.com\/es\/wp-json\/wp\/v2\/product-type?post=11227"}],"curies":[{"name":"wp","href":"https:\/\/api.w.org\/{rel}","templated":true}]}}