{"id":11285,"date":"2021-09-03T14:01:03","date_gmt":"2021-09-03T06:01:03","guid":{"rendered":"https:\/\/www.agriculture-machine.com\/?p=11285"},"modified":"2024-09-23T11:18:32","modified_gmt":"2024-09-23T03:18:32","slug":"electric-grain-hammer-mill-grain-mill-grinder-grain-grinding","status":"publish","type":"product","link":"https:\/\/www.agriculture-machine.com\/es\/electric-grain-hammer-mill-grain-mill-grinder-grain-grinding\/","title":{"rendered":"Molino de martillos el\u00e9ctrico para granos | Molino molinero de granos | Triturador de granos"},"content":{"rendered":"<p>El molinillo de grano es el tipo de molinillo m\u00e1s utilizado. Tiene buena versatilidad. Despu\u00e9s de que materia extranjera met\u00e1lica entra en el triturador, solo rompe las pantallas. No ocurrir\u00e1n accidentes graves, y su estructura consta de tres partes: un mecanismo de alimentaci\u00f3n, una c\u00e1mara de trituraci\u00f3n y una parte de descarga.<\/p>    <figure class=\"wp-block-embed is-type-video is-provider-youtube wp-block-embed-youtube wp-embed-aspect-16-9 wp-has-aspect-ratio\"><div class=\"wp-block-embed__wrapper\"> <iframe loading=\"lazy\" title=\"Video de trabajo del molino de martillos el\u00e9ctrico para granos | molinillo de grano\" width=\"500\" height=\"281\" src=\"https:\/\/www.youtube.com\/embed\/LrGfvzii4tI?feature=oembed\" frameborder=\"0\" allow=\"accelerometer; autoplay; clipboard-write; encrypted-media; gyroscope; picture-in-picture; web-share\" referrerpolicy=\"strict-origin-when-cross-origin\" allowfullscreen><\/iframe> <\/div><figcaption class=\"wp-element-caption\">Video de funcionamiento del molinillo de grano de alta eficiencia<\/figcaption><\/figure>    <h2 class=\"wp-block-heading\">La funci\u00f3n del molinillo de grano<\/h2>    <p><font style=\"vertical-align: inherit;\"><font style=\"vertical-align: inherit;\">Los molinos de grano se utilizan en los sectores farmac\u00e9utico, alimentario, qu\u00edmico, cient\u00edfico y otros sectores industriales para procesar materiales que contienen almid\u00f3n. Se puede obtener polvo de un molino de martillos el\u00e9ctrico para granos. La sustancia se convierte en polvo bajo la acci\u00f3n de molienda del disco de molienda.<\/font><\/font><\/p>    <p>El equipo est\u00e1 equipado con un dispositivo de succi\u00f3n de polvo, sin contaminaci\u00f3n por polvo. Tiene las caracter\u00edsticas de baja temperatura, bajo ruido y alta eficiencia. Es adecuado para triturar materiales secos y fr\u00e1giles, como materiales qu\u00edmicos y hierbas medicinales chinas.<\/p>    <figure class=\"wp-block-gallery has-nested-images columns-default is-cropped wp-block-gallery-2 is-layout-flex wp-block-gallery-is-layout-flex\"> <figure class=\"wp-block-image size-large\"><img loading=\"lazy\" decoding=\"async\" width=\"720\" height=\"540\" data-id=\"11288\" src=\"https:\/\/www.agriculture-machine.com\/wp-content\/uploads\/2021\/08\/5-3.jpg\" alt=\"molino de grano\" class=\"wp-image-11288\" srcset=\"https:\/\/www.agriculture-machine.com\/wp-content\/uploads\/2021\/08\/5-3.jpg 720w, https:\/\/www.agriculture-machine.com\/wp-content\/uploads\/2021\/08\/5-3-360x270.jpg 360w, https:\/\/www.agriculture-machine.com\/wp-content\/uploads\/2021\/08\/5-3-240x180.jpg 240w\" sizes=\"auto, (max-width: 720px) 100vw, 720px\" \/><figcaption class=\"wp-element-caption\">molino de grano<\/figcaption><\/figure>    <figure class=\"wp-block-image size-large\"><img loading=\"lazy\" decoding=\"async\" width=\"720\" height=\"540\" data-id=\"11289\" src=\"https:\/\/www.agriculture-machine.com\/wp-content\/uploads\/2021\/08\/6-3.jpg\" alt=\"molino el\u00e9ctrico de granos\" class=\"wp-image-11289\" srcset=\"https:\/\/www.agriculture-machine.com\/wp-content\/uploads\/2021\/08\/6-3.jpg 720w, https:\/\/www.agriculture-machine.com\/wp-content\/uploads\/2021\/08\/6-3-360x270.jpg 360w, https:\/\/www.agriculture-machine.com\/wp-content\/uploads\/2021\/08\/6-3-240x180.jpg 240w\" sizes=\"auto, (max-width: 720px) 100vw, 720px\" \/><figcaption class=\"wp-element-caption\">molino el\u00e9ctrico de granos<\/figcaption><\/figure> <\/figure>    <h2 class=\"wp-block-heading\" id=\"h-working-principle\">Principio de funcionamiento<\/h2>    <p>Despu\u00e9s de arrancar el motor, la potencia se transmite a la rueda de correa a trav\u00e9s de la correa en V, que impulsa el eje principal a girar y hace que la disco de molienda m\u00f3vil y la disco de molienda fija se muevan en relaci\u00f3n para producir efectos de compresi\u00f3n y molienda, de modo que el centro de la disco de molienda tritura los materiales en su interior de manera exhaustiva.  <\/p>    <figure class=\"wp-block-gallery has-nested-images columns-default is-cropped wp-block-gallery-3 is-layout-flex wp-block-gallery-is-layout-flex\"> <figure class=\"wp-block-image size-large\"><img loading=\"lazy\" decoding=\"async\" width=\"720\" height=\"540\" data-id=\"11396\" src=\"https:\/\/www.agriculture-machine.com\/wp-content\/uploads\/2021\/09\/IMG_20210730_112620_\u526f\u672c.jpg\" alt=\"triturador de disco\" class=\"wp-image-11396\" srcset=\"https:\/\/www.agriculture-machine.com\/wp-content\/uploads\/2021\/09\/IMG_20210730_112620_\u526f\u672c.jpg 720w, https:\/\/www.agriculture-machine.com\/wp-content\/uploads\/2021\/09\/IMG_20210730_112620_\u526f\u672c-360x270.jpg 360w, https:\/\/www.agriculture-machine.com\/wp-content\/uploads\/2021\/09\/IMG_20210730_112620_\u526f\u672c-240x180.jpg 240w\" sizes=\"auto, (max-width: 720px) 100vw, 720px\" \/><figcaption class=\"wp-element-caption\">triturador de disco<\/figcaption><\/figure>    <figure class=\"wp-block-image size-large\"><img loading=\"lazy\" decoding=\"async\" width=\"720\" height=\"540\" data-id=\"11397\" src=\"https:\/\/www.agriculture-machine.com\/wp-content\/uploads\/2021\/09\/IMG_20210730_112641_\u526f\u672c.jpg\" alt=\"triturador de disco\" class=\"wp-image-11397\" srcset=\"https:\/\/www.agriculture-machine.com\/wp-content\/uploads\/2021\/09\/IMG_20210730_112641_\u526f\u672c.jpg 720w, https:\/\/www.agriculture-machine.com\/wp-content\/uploads\/2021\/09\/IMG_20210730_112641_\u526f\u672c-360x270.jpg 360w, https:\/\/www.agriculture-machine.com\/wp-content\/uploads\/2021\/09\/IMG_20210730_112641_\u526f\u672c-240x180.jpg 240w\" sizes=\"auto, (max-width: 720px) 100vw, 720px\" \/><figcaption class=\"wp-element-caption\">triturador de disco<\/figcaption><\/figure> <\/figure>    <h2 class=\"wp-block-heading\">M\u00e9todos de operaci\u00f3n<\/h2>    <p>1. This grain mill grinder&#8217;s package is as a whole. After unpacking, move it to an appropriate location, then place it steadily, and connect it to the power supply for trial use.<\/p>    <p>2. Before use, check whether there is any looseness and other abnormal phenomena in the transmission part of the machine. The direction of the machine&#8217;s operation should be consistent with the direction shown by the arrow.<\/p>    <p>3. Realice la prueba sin carga durante 1-2 minutos antes de usar, y espere hasta que no haya fen\u00f3menos anormales antes de alimentar. Aumente gradualmente el flujo de material al alimentar, y observe el consumo de energ\u00eda y el funcionamiento del motor en cualquier momento.<\/p>    <p>4. Si el material est\u00e1 demasiado h\u00famedo y pegajoso, lo que afecta la salida de polvo, el material debe secarse o reemplazarse con una placa de tamiz m\u00e1s gruesa.<\/p>    <p>5. Antes de detener la m\u00e1quina, deje de alimentar y deje que la m\u00e1quina funcione durante 5-20 minutos antes de detenerse. El objetivo es reducir los materiales residuales.<\/p>    <h2 class=\"wp-block-heading\">Ventajas del molinillo de grano<\/h2>    <p>1. Alta eficiencia y capacidad de trituraci\u00f3n potente.<\/p>    <p>2. El disco de molienda de alta velocidad produce un impacto fuerte en las part\u00edculas de material, lo que puede garantizar un efecto de molienda fuerte.<\/p>    <p>3. Alta flexibilidad en el proceso de producci\u00f3n: nuestro molino de martillos puede tener diferentes pantallas, por lo que puede usarse para triturar, molido grueso y fino.<\/p>    <p>4. F\u00e1cil de operar, seguro de usar y f\u00e1cil de mantener. <\/p>    <p class=\"translation-block\">5. La m\u00e1quina tiene una amplia aplicabilidad, es adecuada para <a href=\"https:\/\/www.agriculture-machine.com\/es\/corn-grinder-machine\/\">moler ma\u00edz<\/a>, tofu, almid\u00f3n y harina de arroz, y tambi\u00e9n puede usarse en otras industrias alimentarias. Puede <a href=\"https:\/\/www.agriculture-machine.com\/es\/corn-grits-making-machine\/\">moler ma\u00edz<\/a>, trigo, arroz, sorgo, soja y otros cultivos en polvo seco.\u00a0<\/p>    <figure class=\"wp-block-gallery has-nested-images columns-default is-cropped wp-block-gallery-4 is-layout-flex wp-block-gallery-is-layout-flex\"> <figure class=\"wp-block-image size-large\"><img loading=\"lazy\" decoding=\"async\" width=\"720\" height=\"540\" data-id=\"11292\" src=\"https:\/\/www.agriculture-machine.com\/wp-content\/uploads\/2021\/08\/1-4.jpg\" alt=\"resultado\" class=\"wp-image-11292\" srcset=\"https:\/\/www.agriculture-machine.com\/wp-content\/uploads\/2021\/08\/1-4.jpg 720w, https:\/\/www.agriculture-machine.com\/wp-content\/uploads\/2021\/08\/1-4-360x270.jpg 360w, https:\/\/www.agriculture-machine.com\/wp-content\/uploads\/2021\/08\/1-4-240x180.jpg 240w\" sizes=\"auto, (max-width: 720px) 100vw, 720px\" \/><figcaption class=\"wp-element-caption\">resultado<\/figcaption><\/figure>    <figure class=\"wp-block-image size-large\"><img loading=\"lazy\" decoding=\"async\" width=\"720\" height=\"540\" data-id=\"11293\" src=\"https:\/\/www.agriculture-machine.com\/wp-content\/uploads\/2021\/08\/2-3.jpg\" alt=\"consecuente\" class=\"wp-image-11293\" srcset=\"https:\/\/www.agriculture-machine.com\/wp-content\/uploads\/2021\/08\/2-3.jpg 720w, https:\/\/www.agriculture-machine.com\/wp-content\/uploads\/2021\/08\/2-3-360x270.jpg 360w, https:\/\/www.agriculture-machine.com\/wp-content\/uploads\/2021\/08\/2-3-240x180.jpg 240w\" sizes=\"auto, (max-width: 720px) 100vw, 720px\" \/><figcaption class=\"wp-element-caption\">consecuente<\/figcaption><\/figure> <\/figure>    <h2 class=\"wp-block-heading\">Mantenimiento del molinillo de grano<\/h2>    <p>1. Verifique regularmente los rodamientos y reemplace la grasa de alta velocidad para garantizar el funcionamiento normal de la m\u00e1quina. Verifique con frecuencia las piezas de desgaste. Si hay un desgaste grave, reempl\u00e1celo a tiempo.<\/p>    <p>2. Cuando la m\u00e1quina est\u00e9 en uso, si la velocidad del husillo disminuye gradualmente, debe ajustar el motor hacia abajo. Entonces la m\u00e1quina puede alcanzar la velocidad especificada. Si hay una anomal\u00eda, la m\u00e1quina debe apagarse para inspecci\u00f3n.<\/p>    <p>3. Est\u00e1 estrictamente prohibido que materiales met\u00e1licos, como clavos, bloques de hierro, etc., ingresen al interior de la m\u00e1quina cuando est\u00e9 encendida. Despu\u00e9s de terminar el trabajo, debe limpiar los materiales residuales en todas las partes de la m\u00e1quina. Si la m\u00e1quina no se usa durante mucho tiempo, debe limpiarse y cubrirse con una lona.<\/p>    <h2 class=\"wp-block-heading\">Programa de mejora de eficiencia<\/h2>    <p>Adoptar medidas auxiliares puede mejorar eficazmente la eficiencia de trabajo del triturador. A\u00f1ada un sistema de ventilaci\u00f3n al proceso de trituraci\u00f3n para facilitar el paso de los materiales a trav\u00e9s de los agujeros de la pantalla. Esto puede mejorar la eficiencia de cribado del triturador y reducir la presi\u00f3n en el proceso de trituraci\u00f3n.<\/p>","protected":false},"excerpt":{"rendered":"<p>Este molinillo de grano es una m\u00e1quina que muele trigo, arroz, ma\u00edz, sorgo, soja y otros cultivos en polvo seco.\u00a0<\/p>","protected":false},"author":1,"featured_media":11289,"parent":0,"comment_status":"closed","ping_status":"closed","template":"","tags":[2631],"product-type":[873],"class_list":["post-11285","product","type-product","status-publish","has-post-thumbnail","hentry","tag-hammer","product-type-corn-grains-grinding-equipment"],"_links":{"self":[{"href":"https:\/\/www.agriculture-machine.com\/es\/wp-json\/wp\/v2\/product\/11285","targetHints":{"allow":["GET"]}}],"collection":[{"href":"https:\/\/www.agriculture-machine.com\/es\/wp-json\/wp\/v2\/product"}],"about":[{"href":"https:\/\/www.agriculture-machine.com\/es\/wp-json\/wp\/v2\/types\/product"}],"author":[{"embeddable":true,"href":"https:\/\/www.agriculture-machine.com\/es\/wp-json\/wp\/v2\/users\/1"}],"replies":[{"embeddable":true,"href":"https:\/\/www.agriculture-machine.com\/es\/wp-json\/wp\/v2\/comments?post=11285"}],"wp:featuredmedia":[{"embeddable":true,"href":"https:\/\/www.agriculture-machine.com\/es\/wp-json\/wp\/v2\/media\/11289"}],"wp:attachment":[{"href":"https:\/\/www.agriculture-machine.com\/es\/wp-json\/wp\/v2\/media?parent=11285"}],"wp:term":[{"taxonomy":"post_tag","embeddable":true,"href":"https:\/\/www.agriculture-machine.com\/es\/wp-json\/wp\/v2\/tags?post=11285"},{"taxonomy":"product-type","embeddable":true,"href":"https:\/\/www.agriculture-machine.com\/es\/wp-json\/wp\/v2\/product-type?post=11285"}],"curies":[{"name":"wp","href":"https:\/\/api.w.org\/{rel}","templated":true}]}}