{"id":11394,"date":"2021-09-07T14:23:39","date_gmt":"2021-09-07T06:23:39","guid":{"rendered":"https:\/\/www.agriculture-machine.com\/?p=11394"},"modified":"2026-02-25T17:31:26","modified_gmt":"2026-02-25T09:31:26","slug":"rice-miller-machine-small-household-rice-mill-rice-milling-machine","status":"publish","type":"product","link":"https:\/\/www.agriculture-machine.com\/es\/rice-miller-machine-small-household-rice-mill-rice-milling-machine\/","title":{"rendered":"M\u00e1quina de molino de arroz | Molino de arroz para hogares peque\u00f1os | M\u00e1quina de molienda de arroz"},"content":{"rendered":"<h2 class=\"wp-block-heading\" id=\"h-introduction-of-rice-miller-machine\">Introducci\u00f3n de la m\u00e1quina molinera de arroz<\/h2>    <p>La m\u00e1quina molinera de arroz es un dispositivo que utiliza la fuerza del equipo mec\u00e1nico para pelar y blanquear el arroz integral.<\/p>    <h2 class=\"wp-block-heading\">Principio de funcionamiento de la m\u00e1quina de molino de arroz<\/h2>    <p>Cuando el arroz integral fluye desde la tolva hacia la c\u00e1mara de blanqueo, debido a la presi\u00f3n interna del talio de prensado y la fuerza mec\u00e1nica, el arroz integral se exprime en la c\u00e1mara de blanqueo. <\/p>    <p>Despu\u00e9s de la fricci\u00f3n y la fricci\u00f3n entre el arroz integral y la rueda de molienda, es decir, puede eliminar r\u00e1pidamente la capa de piel del arroz integral y alcanzar el nivel de blancura fina medido por arroz blanco en un cierto tiempo de ajuste.<\/p>    <figure class=\"wp-block-embed is-type-video is-provider-youtube wp-block-embed-youtube wp-embed-aspect-4-3 wp-has-aspect-ratio\"><div class=\"wp-block-embed__wrapper\"> <iframe loading=\"lazy\" title=\"Tipo de motor mejorado molino de arroz | Molino de arroz de alta eficiencia | M\u00e1quina de molienda de arroz directa de f\u00e1brica\" width=\"500\" height=\"375\" src=\"https:\/\/www.youtube.com\/embed\/BxvKOok0_f4?feature=oembed\" frameborder=\"0\" allow=\"accelerometer; autoplay; clipboard-write; encrypted-media; gyroscope; picture-in-picture; web-share\" referrerpolicy=\"strict-origin-when-cross-origin\" allowfullscreen><\/iframe> <\/div><\/figure>    <h2 class=\"wp-block-heading\">Estructura de la m\u00e1quina molinera de arroz<\/h2>    <p>La m\u00e1quina molinera de arroz consta de una tolva, una c\u00e1mara de molienda de arroz, una salida y un mango de ajuste, etc.<\/p>    <h2 class=\"wp-block-heading\">Ventajas de la m\u00e1quina de molienda de arroz<\/h2>    <p>El molino de arroz es compacto en estructura y de apariencia hermosa. Y su tama\u00f1o peque\u00f1o facilita su movimiento. Adem\u00e1s, el menor consumo de energ\u00eda tendr\u00e1 una larga vida \u00fatil. F\u00e1cil de operar y mantener. Adem\u00e1s, se pueden procesar varias variedades de arroz para separar la c\u00e1scara y el salvado. <\/p>    <p>En general, la tasa de rendimiento del arroz alcanza m\u00e1s del 95%, y la tasa de arroz partido es baja. De modo que el arroz terminado procesado es brillante, blanco, fragante y muy delicioso. Los molinos de arroz para hogares peque\u00f1os tambi\u00e9n se pueden usar para descascarar ma\u00edz, trigo, cebada, mung beans, alforf\u00f3n y caf\u00e9. <\/p>    <p>Thus, it becomes a good machine for individual households, urban supermarkets, grain shops, farmers&#8217; markets, etc., for on-site processing.<\/p>    <h2 class=\"wp-block-heading\">Modelos de molino de arroz <\/h2>    <p>Ahora tenemos tres grados diferentes de molinos de arroz, a saber, el modelo b\u00e1sico, el modelo mejorado y el modelo m\u00e1s reciente.<\/p>    <p>The basic model can meet daily production needs, but the upgraded model has been upgraded in color and function. The broken rice rate is low, so the rice milling efficiency is higher, and the performance is better. What&#8217;s more, the latest model adds the stone removal function compared to the upgraded model. <\/p>    <p>Porque una vez que objetos duros como piedras, bloques de hierro entran en la sala de molienda de arroz, causar\u00e1n da\u00f1os irreversibles a las partes de trabajo de la sala de molienda de arroz, reduciendo as\u00ed la vida \u00fatil de la m\u00e1quina de moler arroz. <\/p>    <p>Por lo tanto, el aumento de las piezas de eliminaci\u00f3n de piedras en el \u00faltimo molino de arroz puede reducir este tipo de da\u00f1o y prolongar su vida \u00fatil. Al mismo tiempo, har\u00e1 que el arroz molido sea m\u00e1s transl\u00facido y blanco.<\/p>    <h3 class=\"wp-block-heading\">El modelo b\u00e1sico<\/h3>    <figure class=\"wp-block-gallery has-nested-images columns-2 is-cropped wp-block-gallery-2 is-layout-flex wp-block-gallery-is-layout-flex\"> <figure class=\"wp-block-image size-large\"><a href=\"https:\/\/www.agriculture-machine.com\/wp-content\/uploads\/2021\/09\/the-basic-model-rice-miller-machine-40x.jpg\"><img loading=\"lazy\" decoding=\"async\" width=\"720\" height=\"540\" data-id=\"11410\" src=\"https:\/\/www.agriculture-machine.com\/wp-content\/uploads\/2021\/09\/the-basic-model-rice-miller-machine-40x.jpg\" alt=\"el-modelo-b\u00e1sico-molino-de-arroz-40x\" class=\"wp-image-11410\" srcset=\"https:\/\/www.agriculture-machine.com\/wp-content\/uploads\/2021\/09\/the-basic-model-rice-miller-machine-40x.jpg 720w, https:\/\/www.agriculture-machine.com\/wp-content\/uploads\/2021\/09\/the-basic-model-rice-miller-machine-40x-360x270.jpg 360w, https:\/\/www.agriculture-machine.com\/wp-content\/uploads\/2021\/09\/the-basic-model-rice-miller-machine-40x-240x180.jpg 240w\" sizes=\"auto, (max-width: 720px) 100vw, 720px\" \/><\/a><figcaption class=\"wp-element-caption\">el-modelo-b\u00e1sico-molino-de-arroz-40x<\/figcaption><\/figure>    <figure class=\"wp-block-image size-large\"><a href=\"https:\/\/www.agriculture-machine.com\/wp-content\/uploads\/2021\/09\/the-basic-model-rice-mill-40B.jpg\"><img loading=\"lazy\" decoding=\"async\" width=\"720\" height=\"540\" data-id=\"11409\" src=\"https:\/\/www.agriculture-machine.com\/wp-content\/uploads\/2021\/09\/the-basic-model-rice-mill-40B.jpg\" alt=\"el-modelo-b\u00e1sico-molino-de-arroz-40B\" class=\"wp-image-11409\" srcset=\"https:\/\/www.agriculture-machine.com\/wp-content\/uploads\/2021\/09\/the-basic-model-rice-mill-40B.jpg 720w, https:\/\/www.agriculture-machine.com\/wp-content\/uploads\/2021\/09\/the-basic-model-rice-mill-40B-360x270.jpg 360w, https:\/\/www.agriculture-machine.com\/wp-content\/uploads\/2021\/09\/the-basic-model-rice-mill-40B-240x180.jpg 240w\" sizes=\"auto, (max-width: 720px) 100vw, 720px\" \/><\/a><figcaption class=\"wp-element-caption\">el-modelo-b\u00e1sico-molino-de-arroz-40B<\/figcaption><\/figure>    <figure class=\"wp-block-image size-large\"><a href=\"https:\/\/www.agriculture-machine.com\/wp-content\/uploads\/2021\/09\/The-basic-model-rice-milling-machine-80.jpg\"><img loading=\"lazy\" decoding=\"async\" width=\"720\" height=\"540\" data-id=\"11411\" src=\"https:\/\/www.agriculture-machine.com\/wp-content\/uploads\/2021\/09\/The-basic-model-rice-milling-machine-80.jpg\" alt=\"El-modelo-b\u00e1sico-molino-de-arroz-80\" class=\"wp-image-11411\" srcset=\"https:\/\/www.agriculture-machine.com\/wp-content\/uploads\/2021\/09\/The-basic-model-rice-milling-machine-80.jpg 720w, https:\/\/www.agriculture-machine.com\/wp-content\/uploads\/2021\/09\/The-basic-model-rice-milling-machine-80-360x270.jpg 360w, https:\/\/www.agriculture-machine.com\/wp-content\/uploads\/2021\/09\/The-basic-model-rice-milling-machine-80-240x180.jpg 240w\" sizes=\"auto, (max-width: 720px) 100vw, 720px\" \/><\/a><figcaption class=\"wp-element-caption\">El-modelo-b\u00e1sico-molino-de-arroz-80<\/figcaption><\/figure>    <figure class=\"wp-block-image size-large\"><a href=\"https:\/\/www.agriculture-machine.com\/wp-content\/uploads\/2021\/09\/the-basic-model-Direct-connected-rice-mill.jpg\"><img loading=\"lazy\" decoding=\"async\" width=\"720\" height=\"540\" data-id=\"11408\" src=\"https:\/\/www.agriculture-machine.com\/wp-content\/uploads\/2021\/09\/the-basic-model-Direct-connected-rice-mill.jpg\" alt=\"el-modelo-b\u00e1sico-molino-de-arroz-conexi\u00f3n-directa\" class=\"wp-image-11408\" srcset=\"https:\/\/www.agriculture-machine.com\/wp-content\/uploads\/2021\/09\/the-basic-model-Direct-connected-rice-mill.jpg 720w, https:\/\/www.agriculture-machine.com\/wp-content\/uploads\/2021\/09\/the-basic-model-Direct-connected-rice-mill-360x270.jpg 360w, https:\/\/www.agriculture-machine.com\/wp-content\/uploads\/2021\/09\/the-basic-model-Direct-connected-rice-mill-240x180.jpg 240w\" sizes=\"auto, (max-width: 720px) 100vw, 720px\" \/><\/a><figcaption class=\"wp-element-caption\">el-modelo-b\u00e1sico-molino-de-arroz-conexi\u00f3n-directa<\/figcaption><\/figure> <\/figure>    <h3 class=\"wp-block-heading\">El modelo mejorado<\/h3>    <figure class=\"wp-block-gallery has-nested-images columns-default is-cropped wp-block-gallery-3 is-layout-flex wp-block-gallery-is-layout-flex\"> <figure class=\"wp-block-image size-large\"><a href=\"https:\/\/www.agriculture-machine.com\/wp-content\/uploads\/2021\/09\/The-upgraded-model-rice-mill.jpg\"><img loading=\"lazy\" decoding=\"async\" width=\"720\" height=\"540\" data-id=\"11415\" src=\"https:\/\/www.agriculture-machine.com\/wp-content\/uploads\/2021\/09\/The-upgraded-model-rice-mill.jpg\" alt=\"El modelo mejorado del molino de arroz\" class=\"wp-image-11415\" srcset=\"https:\/\/www.agriculture-machine.com\/wp-content\/uploads\/2021\/09\/The-upgraded-model-rice-mill.jpg 720w, https:\/\/www.agriculture-machine.com\/wp-content\/uploads\/2021\/09\/The-upgraded-model-rice-mill-360x270.jpg 360w, https:\/\/www.agriculture-machine.com\/wp-content\/uploads\/2021\/09\/The-upgraded-model-rice-mill-240x180.jpg 240w\" sizes=\"auto, (max-width: 720px) 100vw, 720px\" \/><\/a><figcaption class=\"wp-element-caption\">El modelo mejorado del molino de arroz<\/figcaption><\/figure>    <figure class=\"wp-block-image size-large\"><a href=\"https:\/\/www.agriculture-machine.com\/wp-content\/uploads\/2021\/09\/Upgraded-rice-mill-with-grinding-and-refining-function.jpg\"><img loading=\"lazy\" decoding=\"async\" width=\"720\" height=\"540\" data-id=\"11416\" src=\"https:\/\/www.agriculture-machine.com\/wp-content\/uploads\/2021\/09\/Upgraded-rice-mill-with-grinding-and-refining-function.jpg\" alt=\"Molino de arroz mejorado con funci\u00f3n de molienda y refinado\" class=\"wp-image-11416\" srcset=\"https:\/\/www.agriculture-machine.com\/wp-content\/uploads\/2021\/09\/Upgraded-rice-mill-with-grinding-and-refining-function.jpg 720w, https:\/\/www.agriculture-machine.com\/wp-content\/uploads\/2021\/09\/Upgraded-rice-mill-with-grinding-and-refining-function-360x270.jpg 360w, https:\/\/www.agriculture-machine.com\/wp-content\/uploads\/2021\/09\/Upgraded-rice-mill-with-grinding-and-refining-function-240x180.jpg 240w\" sizes=\"auto, (max-width: 720px) 100vw, 720px\" \/><\/a><figcaption class=\"wp-element-caption\">Molino de arroz mejorado con funci\u00f3n de molienda y refinado<\/figcaption><\/figure> <\/figure>    <h3 class=\"wp-block-heading\">El modelo m\u00e1s reciente<\/h3>    <figure class=\"wp-block-gallery has-nested-images columns-default is-cropped wp-block-gallery-4 is-layout-flex wp-block-gallery-is-layout-flex\"> <figure class=\"wp-block-image size-large\"><a href=\"https:\/\/www.agriculture-machine.com\/wp-content\/uploads\/2021\/09\/The-latest-model-rice-mill-with-stone-remover.jpg\"><img loading=\"lazy\" decoding=\"async\" width=\"720\" height=\"540\" data-id=\"11417\" src=\"https:\/\/www.agriculture-machine.com\/wp-content\/uploads\/2021\/09\/The-latest-model-rice-mill-with-stone-remover.jpg\" alt=\"El-modelo-m\u00e1s-reciente-de-molino-de-arroz-con-eliminador-de-piedras\" class=\"wp-image-11417\" srcset=\"https:\/\/www.agriculture-machine.com\/wp-content\/uploads\/2021\/09\/The-latest-model-rice-mill-with-stone-remover.jpg 720w, https:\/\/www.agriculture-machine.com\/wp-content\/uploads\/2021\/09\/The-latest-model-rice-mill-with-stone-remover-360x270.jpg 360w, https:\/\/www.agriculture-machine.com\/wp-content\/uploads\/2021\/09\/The-latest-model-rice-mill-with-stone-remover-240x180.jpg 240w\" sizes=\"auto, (max-width: 720px) 100vw, 720px\" \/><\/a><figcaption class=\"wp-element-caption\">El-modelo-m\u00e1s-reciente-de-molino-de-arroz-con-eliminador-de-piedras<\/figcaption><\/figure>    <figure class=\"wp-block-image size-large\"><a href=\"https:\/\/www.agriculture-machine.com\/wp-content\/uploads\/2021\/09\/The-latest-model-rice-milling-machine-with-stone-remover.jpg\"><img loading=\"lazy\" decoding=\"async\" width=\"720\" height=\"540\" data-id=\"11413\" src=\"https:\/\/www.agriculture-machine.com\/wp-content\/uploads\/2021\/09\/The-latest-model-rice-milling-machine-with-stone-remover.jpg\" alt=\"El-modelo-m\u00e1s-reciente-de-molino-de-arroz-con-eliminador-de-piedras\" class=\"wp-image-11413\" srcset=\"https:\/\/www.agriculture-machine.com\/wp-content\/uploads\/2021\/09\/The-latest-model-rice-milling-machine-with-stone-remover.jpg 720w, https:\/\/www.agriculture-machine.com\/wp-content\/uploads\/2021\/09\/The-latest-model-rice-milling-machine-with-stone-remover-360x270.jpg 360w, https:\/\/www.agriculture-machine.com\/wp-content\/uploads\/2021\/09\/The-latest-model-rice-milling-machine-with-stone-remover-240x180.jpg 240w\" sizes=\"auto, (max-width: 720px) 100vw, 720px\" \/><\/a><figcaption class=\"wp-element-caption\">El-modelo-m\u00e1s-reciente-de-molino-de-arroz-con-eliminador-de-piedras<\/figcaption><\/figure> <\/figure>    <h2 class=\"wp-block-heading\" id=\"h-working-video-of-rice-mill\">Video de trabajo del molino de arroz<\/h2>    <figure class=\"wp-block-embed is-type-video is-provider-youtube wp-block-embed-youtube wp-embed-aspect-4-3 wp-has-aspect-ratio\"><div class=\"wp-block-embed__wrapper\"> <iframe loading=\"lazy\" title=\"Molino de arroz a gasolina|m\u00e1quina de molienda de arroz|m\u00e1quina de molino de arroz|Molino de arroz de alta eficiencia\" width=\"500\" height=\"375\" src=\"https:\/\/www.youtube.com\/embed\/qViU3o8LdnQ?feature=oembed\" frameborder=\"0\" allow=\"accelerometer; autoplay; clipboard-write; encrypted-media; gyroscope; picture-in-picture; web-share\" referrerpolicy=\"strict-origin-when-cross-origin\" allowfullscreen><\/iframe> <\/div><\/figure>    <h2 class=\"wp-block-heading\">Par\u00e1metros del molino de arroz<\/h2>    <figure class=\"wp-block-table\"><table><tbody><tr><td>Modelo <\/td><td>tipo 80 Molino de arroz<\/td><\/tr><tr><td>Velocidad del husillo <\/td><td>1600r\/min<\/td><\/tr><tr><td>Di\u00e1metro del rodillo del medidor<\/td><td>80mm<\/td><\/tr><tr><td>Productividad<\/td><td>\u2265150kg\/h<\/td><\/tr><tr><td>Tasa de producci\u00f3n de arroz<\/td><td>\u226565%<\/td><\/tr><tr><td>Tasa de arroz partido<\/td><td>\u226430%<\/td><\/tr><tr><td>Consumo de electricidad por tonelada de material <\/td><td>\u226412KW.h\/t<\/td><\/tr><tr><td>Voltaje<\/td><td>220v<\/td><\/tr><tr><td>Potencia nominal <\/td><td>2.2KW<\/td><\/tr><tr><td>Accesorios <\/td><td>Motor de tolva de entrada y salida, correa en V<\/td><\/tr><tr><td>Dimensiones (mm) <\/td><td>670x400x1090<\/td><\/tr><tr><td>Tama\u00f1o de embalaje (mm) <\/td><td>590x660x340<\/td><\/tr><tr><td>Peso<\/td><td>30kg<\/td><\/tr><\/tbody><\/table><\/figure>    <h2 class=\"wp-block-heading\">Diferentes configuraciones del molino de arroz<\/h2>    <p>Tambi\u00e9n puede agregar un dispositivo de eliminaci\u00f3n de polvo Shakron y un dispositivo de alimentaci\u00f3n por succi\u00f3n seg\u00fan sus propias necesidades. Adem\u00e1s, si la electricidad no es conveniente, tambi\u00e9n puede estar equipado con un motor de gasolina.<\/p>    <figure class=\"wp-block-gallery has-nested-images columns-default is-cropped wp-block-gallery-5 is-layout-flex wp-block-gallery-is-layout-flex\"> <figure class=\"wp-block-image size-large\"><a href=\"https:\/\/www.agriculture-machine.com\/wp-content\/uploads\/2021\/09\/Rice-mill-with-Shacron-dust-removal-device.jpg\"><img loading=\"lazy\" decoding=\"async\" width=\"720\" height=\"540\" data-id=\"11418\" src=\"https:\/\/www.agriculture-machine.com\/wp-content\/uploads\/2021\/09\/Rice-mill-with-Shacron-dust-removal-device.jpg\" alt=\"Molino de arroz con dispositivo de eliminaci\u00f3n de polvo Shakron\" class=\"wp-image-11418\" srcset=\"https:\/\/www.agriculture-machine.com\/wp-content\/uploads\/2021\/09\/Rice-mill-with-Shacron-dust-removal-device.jpg 720w, https:\/\/www.agriculture-machine.com\/wp-content\/uploads\/2021\/09\/Rice-mill-with-Shacron-dust-removal-device-360x270.jpg 360w, https:\/\/www.agriculture-machine.com\/wp-content\/uploads\/2021\/09\/Rice-mill-with-Shacron-dust-removal-device-240x180.jpg 240w\" sizes=\"auto, (max-width: 720px) 100vw, 720px\" \/><\/a><figcaption class=\"wp-element-caption\">Molino de arroz con dispositivo de eliminaci\u00f3n de polvo Shackron<\/figcaption><\/figure> <\/figure>","protected":false},"excerpt":{"rendered":"<p>Introduction of rice miller machine The rice miller machine is a device that uses the force of mechanical equipment to peel and whitens brown rice. Working principle of the rice miller machine When the brown rice flows from the hopper into the whitening chamber, due to the internal pressure of the pressing thallium and the [&hellip;]<\/p>\n","protected":false},"author":1,"featured_media":11421,"parent":0,"comment_status":"closed","ping_status":"closed","template":"","tags":[796],"product-type":[875],"class_list":["post-11394","product","type-product","status-publish","has-post-thumbnail","hentry","tag-rice","product-type-rice-mill-category"],"_links":{"self":[{"href":"https:\/\/www.agriculture-machine.com\/es\/wp-json\/wp\/v2\/product\/11394","targetHints":{"allow":["GET"]}}],"collection":[{"href":"https:\/\/www.agriculture-machine.com\/es\/wp-json\/wp\/v2\/product"}],"about":[{"href":"https:\/\/www.agriculture-machine.com\/es\/wp-json\/wp\/v2\/types\/product"}],"author":[{"embeddable":true,"href":"https:\/\/www.agriculture-machine.com\/es\/wp-json\/wp\/v2\/users\/1"}],"replies":[{"embeddable":true,"href":"https:\/\/www.agriculture-machine.com\/es\/wp-json\/wp\/v2\/comments?post=11394"}],"wp:featuredmedia":[{"embeddable":true,"href":"https:\/\/www.agriculture-machine.com\/es\/wp-json\/wp\/v2\/media\/11421"}],"wp:attachment":[{"href":"https:\/\/www.agriculture-machine.com\/es\/wp-json\/wp\/v2\/media?parent=11394"}],"wp:term":[{"taxonomy":"post_tag","embeddable":true,"href":"https:\/\/www.agriculture-machine.com\/es\/wp-json\/wp\/v2\/tags?post=11394"},{"taxonomy":"product-type","embeddable":true,"href":"https:\/\/www.agriculture-machine.com\/es\/wp-json\/wp\/v2\/product-type?post=11394"}],"curies":[{"name":"wp","href":"https:\/\/api.w.org\/{rel}","templated":true}]}}