{"id":11439,"date":"2021-09-10T11:36:56","date_gmt":"2021-09-10T03:36:56","guid":{"rendered":"https:\/\/www.agriculture-machine.com\/?p=11439"},"modified":"2024-09-18T15:52:14","modified_gmt":"2024-09-18T07:52:14","slug":"combined-rice-mill-rice-milling-and-crushing-machine","status":"publish","type":"product","link":"https:\/\/www.agriculture-machine.com\/es\/combined-rice-mill-rice-milling-and-crushing-machine\/","title":{"rendered":"Molino de arroz combinado | M\u00e1quina de molienda y trituraci\u00f3n de arroz"},"content":{"rendered":"<h2 class=\"wp-block-heading\" id=\"h-introduction-of-rice-milling-and-crushing-combined-machine\">Introducci\u00f3n de la m\u00e1quina combinada de molienda y trituraci\u00f3n de arroz<\/h2>    <p>El molino de arroz combinado a\u00f1ade una trituradora a la m\u00e1quina de molienda de arroz para que una sola m\u00e1quina tenga dos funciones diferentes. De esta manera, no solo se puede usar una m\u00e1quina para m\u00faltiples prop\u00f3sitos, sino que tambi\u00e9n se puede reducir el costo de producci\u00f3n de los clientes.<\/p>    <figure class=\"wp-block-embed is-type-video is-provider-youtube wp-block-embed-youtube wp-embed-aspect-16-9 wp-has-aspect-ratio\"><div class=\"wp-block-embed__wrapper\"> <iframe loading=\"lazy\" title=\"Molino de arroz y trituraci\u00f3n tipo armario | molino de arroz combinado f\u00e1cil de almacenar\" width=\"500\" height=\"281\" src=\"https:\/\/www.youtube.com\/embed\/Tc7TcedbRMQ?feature=oembed\" frameborder=\"0\" allow=\"accelerometer; autoplay; clipboard-write; encrypted-media; gyroscope; picture-in-picture; web-share\" referrerpolicy=\"strict-origin-when-cross-origin\" allowfullscreen><\/iframe> <\/div><figcaption class=\"wp-element-caption\">Sitio de trabajo de la m\u00e1quina de arroz combinado<\/figcaption><\/figure>    <p class=\"translation-block\">Al mismo tiempo, dos m\u00e1quinas usan un motor, lo que es m\u00e1s eficiente. Es adecuado para triturar ma\u00edz, soja, pimienta, materiales medicinales, especias, etc. Por <a href=\"https:\/\/www.agriculture-machine.com\/es\/uses-and-maintenance-of-rice-mill-machine\/\">lo que se usa ampliamente<\/a> en f\u00e1bricas, hogares rurales, plantas de procesamiento de piensos, peque\u00f1os negocios y otros lugares. Adem\u00e1s, los clientes pueden elegir diferentes modelos y diferentes capacidades seg\u00fan sus necesidades.<\/p>    <h2 class=\"wp-block-heading\">Estructura de la m\u00e1quina combinada de molienda y trituraci\u00f3n de arroz<\/h2>    <p>La m\u00e1quina est\u00e1 compuesta principalmente por cuatro partes: m\u00e1quina de arroz, molinillo, motor y marco. El molino de arroz combinado est\u00e1 compuesto por una cubierta de m\u00e1quina, un cilindro de arroz, una criba de arroz, una cuchilla, un alimentador, un separador, una polea y un dispositivo de ajuste. La trituradora est\u00e1 compuesta por una tolva de alimentaci\u00f3n, una c\u00e1mara de trituraci\u00f3n, una boca de descarga, un marco y otras partes.<\/p>    <figure class=\"wp-block-gallery has-nested-images columns-2 is-cropped wp-block-gallery-2 is-layout-flex wp-block-gallery-is-layout-flex\"> <figure class=\"wp-block-image size-large\"><a href=\"https:\/\/www.agriculture-machine.com\/wp-content\/uploads\/2021\/09\/structure-of-the-rice-mill-part-of-the-combined-rice-mill.jpg\"><img loading=\"lazy\" decoding=\"async\" width=\"720\" height=\"540\" data-id=\"11445\" src=\"https:\/\/www.agriculture-machine.com\/wp-content\/uploads\/2021\/09\/structure-of-the-rice-mill-part-of-the-combined-rice-mill.jpg\" alt=\"estructura de la parte del molino de arroz del molino de arroz combinado\" class=\"wp-image-11445\" srcset=\"https:\/\/www.agriculture-machine.com\/wp-content\/uploads\/2021\/09\/structure-of-the-rice-mill-part-of-the-combined-rice-mill.jpg 720w, https:\/\/www.agriculture-machine.com\/wp-content\/uploads\/2021\/09\/structure-of-the-rice-mill-part-of-the-combined-rice-mill-360x270.jpg 360w, https:\/\/www.agriculture-machine.com\/wp-content\/uploads\/2021\/09\/structure-of-the-rice-mill-part-of-the-combined-rice-mill-240x180.jpg 240w\" sizes=\"auto, (max-width: 720px) 100vw, 720px\" \/><\/a><figcaption class=\"wp-element-caption\">molino de arroz<\/figcaption><\/figure>    <figure class=\"wp-block-image size-large\"><a href=\"https:\/\/www.agriculture-machine.com\/wp-content\/uploads\/2021\/09\/structure-of-the-rice-mill-part-of-the-rice-milling-and-crushing-machine.jpg\"><img loading=\"lazy\" decoding=\"async\" width=\"720\" height=\"540\" data-id=\"11446\" src=\"https:\/\/www.agriculture-machine.com\/wp-content\/uploads\/2021\/09\/structure-of-the-rice-mill-part-of-the-rice-milling-and-crushing-machine.jpg\" alt=\"estructura de la parte del molino de arroz de la m\u00e1quina de molienda y trituraci\u00f3n de arroz\" class=\"wp-image-11446\" srcset=\"https:\/\/www.agriculture-machine.com\/wp-content\/uploads\/2021\/09\/structure-of-the-rice-mill-part-of-the-rice-milling-and-crushing-machine.jpg 720w, https:\/\/www.agriculture-machine.com\/wp-content\/uploads\/2021\/09\/structure-of-the-rice-mill-part-of-the-rice-milling-and-crushing-machine-360x270.jpg 360w, https:\/\/www.agriculture-machine.com\/wp-content\/uploads\/2021\/09\/structure-of-the-rice-mill-part-of-the-rice-milling-and-crushing-machine-240x180.jpg 240w\" sizes=\"auto, (max-width: 720px) 100vw, 720px\" \/><\/a><figcaption class=\"wp-element-caption\">m\u00e1quina de molienda de arroz<\/figcaption><\/figure>    <figure class=\"wp-block-image size-large\"><a href=\"https:\/\/www.agriculture-machine.com\/wp-content\/uploads\/2021\/09\/structure-of-the-crushing-part-of-the-combined-rice-mill-1.jpg\"><img loading=\"lazy\" decoding=\"async\" width=\"720\" height=\"540\" data-id=\"11449\" src=\"https:\/\/www.agriculture-machine.com\/wp-content\/uploads\/2021\/09\/structure-of-the-crushing-part-of-the-combined-rice-mill-1.jpg\" alt=\"estructura de la parte de trituraci\u00f3n del molino de arroz combinado-1\" class=\"wp-image-11449\" srcset=\"https:\/\/www.agriculture-machine.com\/wp-content\/uploads\/2021\/09\/structure-of-the-crushing-part-of-the-combined-rice-mill-1.jpg 720w, https:\/\/www.agriculture-machine.com\/wp-content\/uploads\/2021\/09\/structure-of-the-crushing-part-of-the-combined-rice-mill-1-360x270.jpg 360w, https:\/\/www.agriculture-machine.com\/wp-content\/uploads\/2021\/09\/structure-of-the-crushing-part-of-the-combined-rice-mill-1-240x180.jpg 240w\" sizes=\"auto, (max-width: 720px) 100vw, 720px\" \/><\/a><figcaption class=\"wp-element-caption\">m\u00e1quina de procesamiento de arroz paddy<\/figcaption><\/figure>    <figure class=\"wp-block-image size-large\"><a href=\"https:\/\/www.agriculture-machine.com\/wp-content\/uploads\/2021\/09\/structure-of-the-crushing-part-of-the-rice-milling-and-crushing-machine.jpg\"><img loading=\"lazy\" decoding=\"async\" width=\"720\" height=\"540\" data-id=\"11450\" src=\"https:\/\/www.agriculture-machine.com\/wp-content\/uploads\/2021\/09\/structure-of-the-crushing-part-of-the-rice-milling-and-crushing-machine.jpg\" alt=\"estructura de la parte de trituraci\u00f3n de la m\u00e1quina de molienda y trituraci\u00f3n de arroz\" class=\"wp-image-11450\" srcset=\"https:\/\/www.agriculture-machine.com\/wp-content\/uploads\/2021\/09\/structure-of-the-crushing-part-of-the-rice-milling-and-crushing-machine.jpg 720w, https:\/\/www.agriculture-machine.com\/wp-content\/uploads\/2021\/09\/structure-of-the-crushing-part-of-the-rice-milling-and-crushing-machine-360x270.jpg 360w, https:\/\/www.agriculture-machine.com\/wp-content\/uploads\/2021\/09\/structure-of-the-crushing-part-of-the-rice-milling-and-crushing-machine-240x180.jpg 240w\" sizes=\"auto, (max-width: 720px) 100vw, 720px\" \/><\/a><figcaption class=\"wp-element-caption\">m\u00e1quina para hacer arroz blanco<\/figcaption><\/figure> <\/figure>    <h2 class=\"wp-block-heading\">Ventajas del molino de arroz combinado <\/h2>    <ol class=\"wp-block-list\"> <li>La parte de molienda de arroz de esta m\u00e1quina puede procesar arroz en arroz en una sola vez, y completar la separaci\u00f3n de arroz, salvado y arroz roto al mismo tiempo. La parte triturada puede usarse para triturar arroz, ma\u00edz, sorgo, frijoles, papas y tallos.<\/li>    <li>El fuselaje est\u00e1 hecho de materiales de alta calidad, chapa de acero reforzada, resistente y duradera, bonita y elegante.<\/li>    <li>Motor excelente, con potencia fuerte y estable.<\/li>    <li>Este molino de arroz combinado tiene ventajas de estructura razonable, modelo compacto, operaci\u00f3n sencilla, mantenimiento conveniente, velocidad de molienda r\u00e1pida, bajo consumo de energ\u00eda, seguridad y fiabilidad.<\/li>    <li>El cilindro de molienda de arroz adopta fundici\u00f3n de una pieza y el dise\u00f1o de soporte en ambos extremos hace que el cilindro de arroz sea m\u00e1s estable, reduzca efectivamente la tasa de arroz roto y prolongue la vida \u00fatil del cilindro de arroz.<\/li>    <li>El dise\u00f1o de molienda de arroz del cilindro de arroz soportado en ambos extremos hace que el cilindro de arroz sea m\u00e1s estable durante la operaci\u00f3n, reduce efectivamente la tasa de arroz roto y prolonga la vida \u00fatil del cilindro de arroz.<\/li>    <li>Las cuchillas tradicionales de arroz son reemplazadas por rodillos de arroz, hechos de acero inoxidable, y su rendimiento es superior. El tubo del ventilador de acero es m\u00e1s duradero, no se rompe f\u00e1cilmente y tiene una larga vida \u00fatil.<\/li>    <li>Puede elegir el tama\u00f1o de la abertura de la criba de arroz para la instalaci\u00f3n.<\/li> <\/ol>    <h2 class=\"wp-block-heading\">Principio de funcionamiento de la m\u00e1quina de molienda y trituraci\u00f3n de arroz<\/h2>    <h3 class=\"wp-block-heading\">Parte de molienda de arroz:<\/h3>    <p>El arroz entra en la c\u00e1mara de molienda a trav\u00e9s del alimentador, y luego el arroz es exprimido por rodamientos y cuchillas de arroz. En este paso, el arroz ser\u00e1 descascarillado y descargado por la boca de descarga. <\/p>    <p>El dise\u00f1o \u00fanico de la boca de descarga separa el arroz entero del arroz roto. Al mismo tiempo, el salvado de arroz roto entrar\u00e1 en la bolsa de salvado a trav\u00e9s de la pantalla, y el usuario puede usar el polvo de salvado como alimento.<\/p>    <figure class=\"wp-block-gallery has-nested-images columns-default is-cropped wp-block-gallery-3 is-layout-flex wp-block-gallery-is-layout-flex\"> <figure class=\"wp-block-image size-large\"><a href=\"https:\/\/www.agriculture-machine.com\/wp-content\/uploads\/2021\/09\/The-rice-milling-part-of-the-combined-rice-mill-scaled.jpg\"><img loading=\"lazy\" decoding=\"async\" width=\"720\" height=\"480\" data-id=\"11531\" src=\"https:\/\/www.agriculture-machine.com\/wp-content\/uploads\/2021\/09\/The-rice-milling-part-of-the-combined-rice-mill-720x480.jpg\" alt=\"La parte de molienda de arroz del molino de arroz combinado\" class=\"wp-image-11531\" srcset=\"https:\/\/www.agriculture-machine.com\/wp-content\/uploads\/2021\/09\/The-rice-milling-part-of-the-combined-rice-mill-720x480.jpg 720w, https:\/\/www.agriculture-machine.com\/wp-content\/uploads\/2021\/09\/The-rice-milling-part-of-the-combined-rice-mill-360x240.jpg 360w, https:\/\/www.agriculture-machine.com\/wp-content\/uploads\/2021\/09\/The-rice-milling-part-of-the-combined-rice-mill-768x512.jpg 768w, https:\/\/www.agriculture-machine.com\/wp-content\/uploads\/2021\/09\/The-rice-milling-part-of-the-combined-rice-mill-1536x1024.jpg 1536w, https:\/\/www.agriculture-machine.com\/wp-content\/uploads\/2021\/09\/The-rice-milling-part-of-the-combined-rice-mill-2048x1365.jpg 2048w\" sizes=\"auto, (max-width: 720px) 100vw, 720px\" \/><\/a><figcaption class=\"wp-element-caption\">La parte de molienda de arroz <\/figcaption><\/figure> <\/figure>    <h3 class=\"wp-block-heading\">Parte de trituraci\u00f3n:<\/h3>    <p>La materia prima se golpea constantemente en la placa de engranaje de alta velocidad y luego se convierte en polvo. Y se utilizan pantallas de diferentes tama\u00f1os para controlar el tama\u00f1o de part\u00edcula del polvo.<\/p>    <figure class=\"wp-block-gallery has-nested-images columns-default is-cropped wp-block-gallery-4 is-layout-flex wp-block-gallery-is-layout-flex\"> <figure class=\"wp-block-image size-large\"><a href=\"https:\/\/www.agriculture-machine.com\/wp-content\/uploads\/2021\/09\/The-crushing-part-of-the-combined-rice-mill-scaled.jpg\"><img loading=\"lazy\" decoding=\"async\" width=\"720\" height=\"540\" data-id=\"11532\" src=\"https:\/\/www.agriculture-machine.com\/wp-content\/uploads\/2021\/09\/The-crushing-part-of-the-combined-rice-mill-720x540.jpg\" alt=\"La parte de trituraci\u00f3n del molino de arroz combinado\" class=\"wp-image-11532\" srcset=\"https:\/\/www.agriculture-machine.com\/wp-content\/uploads\/2021\/09\/The-crushing-part-of-the-combined-rice-mill-720x540.jpg 720w, https:\/\/www.agriculture-machine.com\/wp-content\/uploads\/2021\/09\/The-crushing-part-of-the-combined-rice-mill-360x270.jpg 360w, https:\/\/www.agriculture-machine.com\/wp-content\/uploads\/2021\/09\/The-crushing-part-of-the-combined-rice-mill-240x180.jpg 240w, https:\/\/www.agriculture-machine.com\/wp-content\/uploads\/2021\/09\/The-crushing-part-of-the-combined-rice-mill-768x576.jpg 768w, https:\/\/www.agriculture-machine.com\/wp-content\/uploads\/2021\/09\/The-crushing-part-of-the-combined-rice-mill-1536x1152.jpg 1536w, https:\/\/www.agriculture-machine.com\/wp-content\/uploads\/2021\/09\/The-crushing-part-of-the-combined-rice-mill-2048x1536.jpg 2048w\" sizes=\"auto, (max-width: 720px) 100vw, 720px\" \/><\/a><figcaption class=\"wp-element-caption\">La parte de trituraci\u00f3n<\/figcaption><\/figure> <\/figure>    <h2 class=\"wp-block-heading\">Video de trabajo del molino de arroz<\/h2>    <figure class=\"wp-block-embed is-type-video is-provider-youtube wp-block-embed-youtube wp-embed-aspect-16-9 wp-has-aspect-ratio\"><div class=\"wp-block-embed__wrapper\"> <iframe loading=\"lazy\" title=\"Molino de arroz combinado | m\u00e1quina de molienda y trituraci\u00f3n de arroz| m\u00e1quina combinada de molienda y trituraci\u00f3n de arroz\" width=\"500\" height=\"281\" src=\"https:\/\/www.youtube.com\/embed\/ZmceG6M6LfY?feature=oembed\" frameborder=\"0\" allow=\"accelerometer; autoplay; clipboard-write; encrypted-media; gyroscope; picture-in-picture; web-share\" referrerpolicy=\"strict-origin-when-cross-origin\" allowfullscreen><\/iframe> <\/div><figcaption class=\"wp-element-caption\">proceso integrado de molienda de arroz paddy<\/figcaption><\/figure>    <h2 class=\"wp-block-heading\">Par\u00e1metro del molino de arroz combinado<\/h2>    <figure class=\"wp-block-table is-style-stripes\"><table><tbody><tr><td>Modelo<\/td><td>Molino de arroz combinado 6N80-9FZ23<\/td><\/tr><tr><td>Velocidad nominal del motor <\/td><td>1600r\/min<br><\/td><\/tr><tr><td>Di\u00e1metro del rodillo del medidor <\/td><td>80mm<\/td><\/tr><tr><td>Productividad de la m\u00e1quina de arroz <\/td><td>\u2265150kg\/h<\/td><\/tr><tr><td>Tasa de producci\u00f3n de arroz <\/td><td>\u226565%<\/td><\/tr><tr><td>Tasa de arroz partido <\/td><td>\u226430%<\/td><\/tr><tr><td>Di\u00e1metro del anillo de la criba <\/td><td>\u2265150kg\/h<\/td><\/tr><tr><td>Di\u00e1metro del rotor <\/td><td>230mm<\/td><\/tr><tr><td>Di\u00e1metro del anillo de tamiz <\/td><td>280mm<\/td><\/tr><tr><td>Tama\u00f1o de pantalla (mm) <\/td><td>840\u00d7100<\/td><\/tr><tr><td>Accesorios <\/td><td>Entrada y salida de la tolva, 2 juegos de pantallas, cubierta protectora, rueda del motor, correa en V<\/td><\/tr><\/tbody><\/table><figcaption class=\"wp-element-caption\">Datos t\u00e9cnicos de la m\u00e1quina de molienda de arroz paddy<\/figcaption><\/figure>    <h2 class=\"wp-block-heading\">Modelo y configuraci\u00f3n<\/h2>    <p>Entre los modelos b\u00e1sicos existentes, puede elegir m\u00e1quinas combinadas de molienda y trituraci\u00f3n de arroz de un solo cubo o doble cubo, m\u00e1quinas combinadas y m\u00e1quinas integradas de molienda y trituraci\u00f3n tipo armario. Adem\u00e1s, en el modelo mejorado, puede elegir la con trituradora de garra, o la que tenga funci\u00f3n de molienda y refinado. Al mismo tiempo, la potencia de nuestro molino de arroz combinado es un motor de alta calidad, que puede extender la vida \u00fatil de su m\u00e1quina.<\/p>    <figure class=\"wp-block-gallery has-nested-images columns-3 is-cropped wp-block-gallery-5 is-layout-flex wp-block-gallery-is-layout-flex\"> <figure class=\"wp-block-image size-large\"><a href=\"https:\/\/www.agriculture-machine.com\/wp-content\/uploads\/2021\/09\/type-100-30-double-bucket-rice-milling-and-crushing-combined-machine.jpg\"><img loading=\"lazy\" decoding=\"async\" width=\"720\" height=\"540\" data-id=\"11524\" src=\"https:\/\/www.agriculture-machine.com\/wp-content\/uploads\/2021\/09\/type-100-30-double-bucket-rice-milling-and-crushing-combined-machine.jpg\" alt=\"tipo-100-30-m\u00e1quina combinada de molienda y trituraci\u00f3n de arroz de doble cubeta\" class=\"wp-image-11524\" srcset=\"https:\/\/www.agriculture-machine.com\/wp-content\/uploads\/2021\/09\/type-100-30-double-bucket-rice-milling-and-crushing-combined-machine.jpg 720w, https:\/\/www.agriculture-machine.com\/wp-content\/uploads\/2021\/09\/type-100-30-double-bucket-rice-milling-and-crushing-combined-machine-360x270.jpg 360w, https:\/\/www.agriculture-machine.com\/wp-content\/uploads\/2021\/09\/type-100-30-double-bucket-rice-milling-and-crushing-combined-machine-240x180.jpg 240w\" sizes=\"auto, (max-width: 720px) 100vw, 720px\" \/><\/a><figcaption class=\"wp-element-caption\">tipo-100-30-m\u00e1quina combinada de molienda y trituraci\u00f3n de arroz de doble cubeta<\/figcaption><\/figure>    <figure class=\"wp-block-image size-large\"><a href=\"https:\/\/www.agriculture-machine.com\/wp-content\/uploads\/2021\/09\/ZLN4-21-combined-rice-mill.jpg\"><img loading=\"lazy\" decoding=\"async\" width=\"720\" height=\"540\" data-id=\"11527\" src=\"https:\/\/www.agriculture-machine.com\/wp-content\/uploads\/2021\/09\/ZLN4-21-combined-rice-mill.jpg\" alt=\"ZLN4-21-molino de arroz combinado\" class=\"wp-image-11527\" srcset=\"https:\/\/www.agriculture-machine.com\/wp-content\/uploads\/2021\/09\/ZLN4-21-combined-rice-mill.jpg 720w, https:\/\/www.agriculture-machine.com\/wp-content\/uploads\/2021\/09\/ZLN4-21-combined-rice-mill-360x270.jpg 360w, https:\/\/www.agriculture-machine.com\/wp-content\/uploads\/2021\/09\/ZLN4-21-combined-rice-mill-240x180.jpg 240w\" sizes=\"auto, (max-width: 720px) 100vw, 720px\" \/><\/a><figcaption class=\"wp-element-caption\">ZLN4-21-molino de arroz combinado<\/figcaption><\/figure>    <figure class=\"wp-block-image size-large\"><a href=\"https:\/\/www.agriculture-machine.com\/wp-content\/uploads\/2021\/09\/type-40B-20-combined-rice-mill.jpg\"><img loading=\"lazy\" decoding=\"async\" width=\"720\" height=\"540\" data-id=\"11523\" src=\"https:\/\/www.agriculture-machine.com\/wp-content\/uploads\/2021\/09\/type-40B-20-combined-rice-mill.jpg\" alt=\"tipo-40B-20-molino de arroz combinado\" class=\"wp-image-11523\" srcset=\"https:\/\/www.agriculture-machine.com\/wp-content\/uploads\/2021\/09\/type-40B-20-combined-rice-mill.jpg 720w, https:\/\/www.agriculture-machine.com\/wp-content\/uploads\/2021\/09\/type-40B-20-combined-rice-mill-360x270.jpg 360w, https:\/\/www.agriculture-machine.com\/wp-content\/uploads\/2021\/09\/type-40B-20-combined-rice-mill-240x180.jpg 240w\" sizes=\"auto, (max-width: 720px) 100vw, 720px\" \/><\/a><figcaption class=\"wp-element-caption\">tipo-40B-20-molino de arroz combinado<\/figcaption><\/figure>    <figure class=\"wp-block-image size-large\"><a href=\"https:\/\/www.agriculture-machine.com\/wp-content\/uploads\/2021\/09\/Upgraded-combined-rice-mill-with-claw-crusher.jpg\"><img loading=\"lazy\" decoding=\"async\" width=\"720\" height=\"540\" data-id=\"11525\" src=\"https:\/\/www.agriculture-machine.com\/wp-content\/uploads\/2021\/09\/Upgraded-combined-rice-mill-with-claw-crusher.jpg\" alt=\"Molino de arroz combinado mejorado con trituradora de garra\" class=\"wp-image-11525\" srcset=\"https:\/\/www.agriculture-machine.com\/wp-content\/uploads\/2021\/09\/Upgraded-combined-rice-mill-with-claw-crusher.jpg 720w, https:\/\/www.agriculture-machine.com\/wp-content\/uploads\/2021\/09\/Upgraded-combined-rice-mill-with-claw-crusher-360x270.jpg 360w, https:\/\/www.agriculture-machine.com\/wp-content\/uploads\/2021\/09\/Upgraded-combined-rice-mill-with-claw-crusher-240x180.jpg 240w\" sizes=\"auto, (max-width: 720px) 100vw, 720px\" \/><\/a><figcaption class=\"wp-element-caption\">Molino de arroz combinado mejorado con trituradora de garra<\/figcaption><\/figure>    <figure class=\"wp-block-image size-large\"><a href=\"https:\/\/www.agriculture-machine.com\/wp-content\/uploads\/2021\/09\/Combined-rice-mill-with-grinding-and-refining-function.jpg\"><img loading=\"lazy\" decoding=\"async\" width=\"720\" height=\"540\" data-id=\"11522\" src=\"https:\/\/www.agriculture-machine.com\/wp-content\/uploads\/2021\/09\/Combined-rice-mill-with-grinding-and-refining-function.jpg\" alt=\"Molino de arroz combinado con funci\u00f3n de molienda y refinado\" class=\"wp-image-11522\" srcset=\"https:\/\/www.agriculture-machine.com\/wp-content\/uploads\/2021\/09\/Combined-rice-mill-with-grinding-and-refining-function.jpg 720w, https:\/\/www.agriculture-machine.com\/wp-content\/uploads\/2021\/09\/Combined-rice-mill-with-grinding-and-refining-function-360x270.jpg 360w, https:\/\/www.agriculture-machine.com\/wp-content\/uploads\/2021\/09\/Combined-rice-mill-with-grinding-and-refining-function-240x180.jpg 240w\" sizes=\"auto, (max-width: 720px) 100vw, 720px\" \/><\/a><figcaption class=\"wp-element-caption\">Molino de arroz combinado con funci\u00f3n de molienda y refinado<\/figcaption><\/figure>    <figure class=\"wp-block-image size-large\"><a href=\"https:\/\/www.agriculture-machine.com\/wp-content\/uploads\/2021\/09\/Cabinet-type-rice-milling-and-crushing-machine.jpg\"><img loading=\"lazy\" decoding=\"async\" width=\"720\" height=\"540\" data-id=\"11521\" src=\"https:\/\/www.agriculture-machine.com\/wp-content\/uploads\/2021\/09\/Cabinet-type-rice-milling-and-crushing-machine.jpg\" alt=\"M\u00e1quina de molienda y trituraci\u00f3n de arroz tipo armario\" class=\"wp-image-11521\" srcset=\"https:\/\/www.agriculture-machine.com\/wp-content\/uploads\/2021\/09\/Cabinet-type-rice-milling-and-crushing-machine.jpg 720w, https:\/\/www.agriculture-machine.com\/wp-content\/uploads\/2021\/09\/Cabinet-type-rice-milling-and-crushing-machine-360x270.jpg 360w, https:\/\/www.agriculture-machine.com\/wp-content\/uploads\/2021\/09\/Cabinet-type-rice-milling-and-crushing-machine-240x180.jpg 240w\" sizes=\"auto, (max-width: 720px) 100vw, 720px\" \/><\/a><figcaption class=\"wp-element-caption\">M\u00e1quina de molienda y trituraci\u00f3n de arroz tipo armario<\/figcaption><\/figure> <\/figure>    <h2 class=\"wp-block-heading\">Cont\u00e1ctenos en cualquier momento<\/h2>    <p>Si est\u00e1 interesado en nuestra avanzada m\u00e1quina de molino de arroz combinado, no dude en contactar con nuestro equipo profesional para m\u00e1s detalles. Estamos encantados de ofrecerle soluciones personalizadas para satisfacer sus necesidades de procesamiento de arroz.<\/p>","protected":false},"excerpt":{"rendered":"<p>Con una eficiencia de molienda mejorada y control de calidad del arroz fino, nuestras avanzadas m\u00e1quinas de molino de arroz combinado aseguran que la calidad y el sabor del arroz terminado est\u00e9n en su mejor momento.<\/p>","protected":false},"author":1,"featured_media":15235,"parent":0,"comment_status":"closed","ping_status":"closed","template":"","tags":[796],"product-type":[875],"class_list":["post-11439","product","type-product","status-publish","has-post-thumbnail","hentry","tag-rice","product-type-rice-mill-category"],"_links":{"self":[{"href":"https:\/\/www.agriculture-machine.com\/es\/wp-json\/wp\/v2\/product\/11439","targetHints":{"allow":["GET"]}}],"collection":[{"href":"https:\/\/www.agriculture-machine.com\/es\/wp-json\/wp\/v2\/product"}],"about":[{"href":"https:\/\/www.agriculture-machine.com\/es\/wp-json\/wp\/v2\/types\/product"}],"author":[{"embeddable":true,"href":"https:\/\/www.agriculture-machine.com\/es\/wp-json\/wp\/v2\/users\/1"}],"replies":[{"embeddable":true,"href":"https:\/\/www.agriculture-machine.com\/es\/wp-json\/wp\/v2\/comments?post=11439"}],"wp:featuredmedia":[{"embeddable":true,"href":"https:\/\/www.agriculture-machine.com\/es\/wp-json\/wp\/v2\/media\/15235"}],"wp:attachment":[{"href":"https:\/\/www.agriculture-machine.com\/es\/wp-json\/wp\/v2\/media?parent=11439"}],"wp:term":[{"taxonomy":"post_tag","embeddable":true,"href":"https:\/\/www.agriculture-machine.com\/es\/wp-json\/wp\/v2\/tags?post=11439"},{"taxonomy":"product-type","embeddable":true,"href":"https:\/\/www.agriculture-machine.com\/es\/wp-json\/wp\/v2\/product-type?post=11439"}],"curies":[{"name":"wp","href":"https:\/\/api.w.org\/{rel}","templated":true}]}}