{"id":11660,"date":"2021-10-15T16:29:24","date_gmt":"2021-10-15T08:29:24","guid":{"rendered":"https:\/\/www.agriculture-machine.com\/?p=11660"},"modified":"2026-02-11T17:21:38","modified_gmt":"2026-02-11T09:21:38","slug":"peanut-planter-peanut-planting-machine","status":"publish","type":"product","link":"https:\/\/www.agriculture-machine.com\/es\/peanut-planter-peanut-planting-machine\/","title":{"rendered":"Sembradora de cacahuete M\u00e1quina de siembra de semillas de Groundnut"},"content":{"rendered":"<p>El sembrador de cacahuetes integra fertilizaci\u00f3n, siembra y cobertura del suelo en una sola unidad. Funciones opcionales como pulverizaci\u00f3n, mulching, rodado y laboreo rotatorio se pueden seleccionar seg\u00fan los requisitos de siembra, permitiendo operaciones multifuncionales y completando m\u00faltiples procesos en una sola pasada.<\/p>    <p>El equipo ofrece m\u00faltiples configuraciones, incluyendo modelos de 2, 4, 6 y 8 filas, con recuentos de filas personalizables. Admite diversos m\u00e9todos de siembra como cultivo en surcos, siembra con pl\u00e1stico de cobertura y siembra en terreno plano.<\/p>    <p>Mechanized operation significantly boosts planting efficiency. Compared to traditional manual methods, it saves substantial labor time, reduces farmers&#8217; workload intensity, and enhances planting standardization, making it the ideal equipment for modern large-scale peanut cultivation.<\/p>    <figure class=\"wp-block-embed aligncenter is-type-video is-provider-youtube wp-block-embed-youtube wp-embed-aspect-16-9 wp-has-aspect-ratio\"><div class=\"wp-block-embed__wrapper\"> <iframe loading=\"lazy\" title=\"\u00a1Nueva tecnolog\u00eda agr\u00edcola moderna! La sembradora de cacahuetes ayuda a cosechar con un clic \ud83c\udf31\ud83d\ude9c#cacahuete #sembradora\" width=\"500\" height=\"281\" src=\"https:\/\/www.youtube.com\/embed\/s8vec3aw-vU?feature=oembed\" frameborder=\"0\" allow=\"accelerometer; autoplay; clipboard-write; encrypted-media; gyroscope; picture-in-picture; web-share\" referrerpolicy=\"strict-origin-when-cross-origin\" allowfullscreen><\/iframe> <\/div><figcaption class=\"wp-element-caption\">T\u00e9cnicas de siembra r\u00e1pidas y precisas para sembradoras de cacahuetes.<\/figcaption><\/figure>    <h2 class=\"wp-block-heading\" id=\"h-what-is-peanut-planter\">\u00bfCu\u00e1les son las funciones de la sembradora de cacahuetes?<\/h2>    <p id=\"Peanut-planter\">La sembradora de cacahuetes es una m\u00e1quina de operaci\u00f3n integral de suspensi\u00f3n de tres puntos para la siembra de cacahuetes. Y esta m\u00e1quina debe trabajar con un tractor. Esta sembradora de cacahuetes puede completar operaciones como excavaci\u00f3n de zanjas, formaci\u00f3n de surcos, siembra, fertilizaci\u00f3n, pulverizaci\u00f3n, enterramiento de tuber\u00edas de goteo, mulching con film y cobertura de tierra en una sola vez.<\/p>    <p id=\"Peanut-planter\">Also, this peanut planter&#8217;s ridge width, ridge height, seeding depth, seed number, row spacing, ridge distance, film width, and hanging position are all adjustable. Compared with manual operation, it can improve work efficiency by more than 20 times and can ensure consistent seeding row spacing, plant spacing, and depth.<\/p>    <figure class=\"wp-block-gallery has-nested-images columns-default is-cropped wp-block-gallery-2 is-layout-flex wp-block-gallery-is-layout-flex\"> <figure class=\"wp-block-image size-large\"><img loading=\"lazy\" decoding=\"async\" width=\"720\" height=\"540\" data-id=\"15656\" src=\"https:\/\/www.agriculture-machine.com\/wp-content\/uploads\/2021\/10\/6-row-groundnut-planting-machine.webp\" alt=\"M\u00e1quina de siembra de cacahuetes de 6 hileras\" class=\"wp-image-15656\" srcset=\"https:\/\/www.agriculture-machine.com\/wp-content\/uploads\/2021\/10\/6-row-groundnut-planting-machine.webp 720w, https:\/\/www.agriculture-machine.com\/wp-content\/uploads\/2021\/10\/6-row-groundnut-planting-machine-360x270.webp 360w, https:\/\/www.agriculture-machine.com\/wp-content\/uploads\/2021\/10\/6-row-groundnut-planting-machine-240x180.webp 240w\" sizes=\"auto, (max-width: 720px) 100vw, 720px\" \/><figcaption class=\"wp-element-caption\">M\u00e1quina de siembra de cacahuetes de 6 hileras<\/figcaption><\/figure>    <figure class=\"wp-block-image size-large\"><img loading=\"lazy\" decoding=\"async\" width=\"720\" height=\"540\" data-id=\"15657\" src=\"https:\/\/www.agriculture-machine.com\/wp-content\/uploads\/2021\/10\/tractor-driven-planter.webp\" alt=\"Sembradora accionada por tractor\" class=\"wp-image-15657\" srcset=\"https:\/\/www.agriculture-machine.com\/wp-content\/uploads\/2021\/10\/tractor-driven-planter.webp 720w, https:\/\/www.agriculture-machine.com\/wp-content\/uploads\/2021\/10\/tractor-driven-planter-360x270.webp 360w, https:\/\/www.agriculture-machine.com\/wp-content\/uploads\/2021\/10\/tractor-driven-planter-240x180.webp 240w\" sizes=\"auto, (max-width: 720px) 100vw, 720px\" \/><figcaption class=\"wp-element-caption\">Sembradora accionada por tractor<\/figcaption><\/figure> <\/figure>    <h2 class=\"wp-block-heading\">Ventajas de la m\u00e1quina de siembra de semillas de cacahuete<\/h2>    <ul class=\"wp-block-list\"> <li>Capaz de completar m\u00faltiples procesos en una sola pasada, incluyendo siembra, fertilizaci\u00f3n, nivelaci\u00f3n, pulverizaci\u00f3n, mulching, prensado de mulch y cobertura del suelo.<\/li>    <li>Disponible en configuraciones de 2, 4, 6 y 8 filas, con recuentos de filas personalizables para adaptarse a diferentes escalas de siembra.<\/li>    <li>Cuenta con dispensadores de semillas de alta precisi\u00f3n para una siembra uniforme, minimizando saltos y pudrici\u00f3n de semillas, y asegurando que el espaciamiento entre plantas cumpla con los est\u00e1ndares agron\u00f3micos.<\/li>    <li>La resistencia mec\u00e1nica baja reduce el consumo de energ\u00eda en aproximadamente un 30%, ahorrando costos de energ\u00eda.<\/li>    <li>Alta adaptabilidad que garantiza un funcionamiento estable incluso en campos con maleza o preparaci\u00f3n del suelo sub\u00f3ptima.<\/li>    <li>Equipado con un mecanismo de prensado de pel\u00edcula que elimina la labor manual, previniendo eficazmente que el pl\u00e1stico de mulch sea levantado por vientos fuertes y mejorando la estabilidad de la siembra.<\/li> <\/ul>    <figure class=\"wp-block-gallery has-nested-images columns-2 is-cropped wp-block-gallery-3 is-layout-flex wp-block-gallery-is-layout-flex\"> <figure class=\"wp-block-image size-large\"><img loading=\"lazy\" decoding=\"async\" width=\"720\" height=\"540\" data-id=\"12760\" src=\"https:\/\/www.agriculture-machine.com\/wp-content\/uploads\/2022\/03\/4-rows-peanut-planter2.jpg\" alt=\"Sembradora de cacahuetes de 4 filas\" class=\"wp-image-12760\" title=\"Sembradora de cacahuetes de 4 filas\" srcset=\"https:\/\/www.agriculture-machine.com\/wp-content\/uploads\/2022\/03\/4-rows-peanut-planter2.jpg 720w, https:\/\/www.agriculture-machine.com\/wp-content\/uploads\/2022\/03\/4-rows-peanut-planter2-360x270.jpg 360w, https:\/\/www.agriculture-machine.com\/wp-content\/uploads\/2022\/03\/4-rows-peanut-planter2-240x180.jpg 240w\" sizes=\"auto, (max-width: 720px) 100vw, 720px\" \/><figcaption class=\"wp-element-caption\">Sembradora de cacahuetes de 4 filas<\/figcaption><\/figure>    <figure class=\"wp-block-image size-large\"><img loading=\"lazy\" decoding=\"async\" width=\"720\" height=\"540\" data-id=\"12761\" src=\"https:\/\/www.agriculture-machine.com\/wp-content\/uploads\/2022\/03\/gronudnut-planter2.jpg\" alt=\"sembradora de cacahuetes\" class=\"wp-image-12761\" title=\"sembradora de cacahuetes\" srcset=\"https:\/\/www.agriculture-machine.com\/wp-content\/uploads\/2022\/03\/gronudnut-planter2.jpg 720w, https:\/\/www.agriculture-machine.com\/wp-content\/uploads\/2022\/03\/gronudnut-planter2-360x270.jpg 360w, https:\/\/www.agriculture-machine.com\/wp-content\/uploads\/2022\/03\/gronudnut-planter2-240x180.jpg 240w\" sizes=\"auto, (max-width: 720px) 100vw, 720px\" \/><figcaption class=\"wp-element-caption\">sembradora de cacahuetes<\/figcaption><\/figure>    <figure class=\"wp-block-image size-large\"><img loading=\"lazy\" decoding=\"async\" width=\"720\" height=\"540\" data-id=\"12762\" src=\"https:\/\/www.agriculture-machine.com\/wp-content\/uploads\/2022\/03\/peanut-seeder2.jpg\" alt=\"sembradora de cacahuetes\" class=\"wp-image-12762\" title=\"sembradora de cacahuetes\" srcset=\"https:\/\/www.agriculture-machine.com\/wp-content\/uploads\/2022\/03\/peanut-seeder2.jpg 720w, https:\/\/www.agriculture-machine.com\/wp-content\/uploads\/2022\/03\/peanut-seeder2-360x270.jpg 360w, https:\/\/www.agriculture-machine.com\/wp-content\/uploads\/2022\/03\/peanut-seeder2-240x180.jpg 240w\" sizes=\"auto, (max-width: 720px) 100vw, 720px\" \/><figcaption class=\"wp-element-caption\">sembradora de cacahuetes<\/figcaption><\/figure>    <figure class=\"wp-block-image size-large\"><img loading=\"lazy\" decoding=\"async\" width=\"720\" height=\"540\" data-id=\"12763\" src=\"https:\/\/www.agriculture-machine.com\/wp-content\/uploads\/2022\/03\/peanut-sowing-machine2.jpg\" alt=\"m\u00e1quina de siembra de cacahuetes\" class=\"wp-image-12763\" title=\"m\u00e1quina de siembra de cacahuetes\" srcset=\"https:\/\/www.agriculture-machine.com\/wp-content\/uploads\/2022\/03\/peanut-sowing-machine2.jpg 720w, https:\/\/www.agriculture-machine.com\/wp-content\/uploads\/2022\/03\/peanut-sowing-machine2-360x270.jpg 360w, https:\/\/www.agriculture-machine.com\/wp-content\/uploads\/2022\/03\/peanut-sowing-machine2-240x180.jpg 240w\" sizes=\"auto, (max-width: 720px) 100vw, 720px\" \/><figcaption class=\"wp-element-caption\">m\u00e1quina de siembra de cacahuetes<\/figcaption><\/figure> <figcaption class=\"blocks-gallery-caption wp-element-caption\">sembradora de cacahuetes<\/figcaption><\/figure>    <h2 class=\"wp-block-heading\">Groundnut planter&#8217;s working process<\/h2>    <p>Primero, el fertilizante en el dep\u00f3sito de fertilizante entra en la pala fertilizadora a trav\u00e9s de la ranura del neum\u00e1tico exterior. La pala cava la capa de suelo mientras aplica el fertilizante al suelo. <\/p>    <p>Cuando la sembradora completa el proceso de fertilizaci\u00f3n, las semillas en el dispositivo de medici\u00f3n de semillas entran en la zanja bajo el impulso de la rueda. As\u00ed, las semillas en la caja de siembra entran en la sembradora.<\/p>    <p>El dispositivo de descarga de zanjas siembra las semillas de cacahuete de manera uniforme en las dos zanjas mientras descarga la tierra y realiza la excavaci\u00f3n para completar el proceso de siembra.<\/p>    <p>El barril de herbicida se instala en la parte frontal del tractor, y el extremo de entrada de aire se instala en la salida de aire del dep\u00f3sito de almacenamiento de aire del compresor del tractor. El tractor puede proporcionarle cierta presi\u00f3n de aire para lograr el prop\u00f3sito de rociado, completando as\u00ed la formaci\u00f3n de surcos en una sola vez.<\/p>    <figure class=\"wp-block-embed aligncenter is-type-video is-provider-youtube wp-block-embed-youtube wp-embed-aspect-16-9 wp-has-aspect-ratio\"><div class=\"wp-block-embed__wrapper\"> <iframe loading=\"lazy\" title=\"M\u00e1quina de siembra de cacahuetes \/ sembradora de cacahuetes \/ sembradora de 4 filas de cacahuetes\" width=\"500\" height=\"281\" src=\"https:\/\/www.youtube.com\/embed\/g6o8jZJtyzg?list=PL58YSJlfYgUlCsCeUwNyy0Ae_f8BI3080\" frameborder=\"0\" allow=\"accelerometer; autoplay; clipboard-write; encrypted-media; gyroscope; picture-in-picture; web-share\" referrerpolicy=\"strict-origin-when-cross-origin\" allowfullscreen><\/iframe> <\/div><figcaption class=\"wp-element-caption\">Multi-functional peanut planter&#8217;s working video<\/figcaption><\/figure>    <h2 class=\"wp-block-heading\" id=\"h-peanut-planting-machine-s-model\">Peanut planting machine&#8217;s model<\/h2>    <p>Tipo 2BH-2 (una hilera y dos filas), tipo 2BH-4 (dos hileras y cuatro filas), tipo 2BH-6 (tres hileras y seis filas).<\/p>    <p>Estos son los modelos m\u00e1s populares. Por supuesto, tambi\u00e9n tenemos opciones de 8 filas y hacemos todo lo posible para satisfacer sus necesidades.<\/p>    <figure class=\"wp-block-gallery has-nested-images columns-3 is-cropped wp-block-gallery-4 is-layout-flex wp-block-gallery-is-layout-flex\"> <figure class=\"wp-block-image size-large\"><img loading=\"lazy\" decoding=\"async\" width=\"720\" height=\"540\" data-id=\"12767\" src=\"https:\/\/www.agriculture-machine.com\/wp-content\/uploads\/2022\/03\/2-row-groundnut-seed-planter1.jpg\" alt=\"Sembradora de cacahuetes de 2 hileras\" class=\"wp-image-12767\" title=\"Sembradora de cacahuetes de 2 hileras\" srcset=\"https:\/\/www.agriculture-machine.com\/wp-content\/uploads\/2022\/03\/2-row-groundnut-seed-planter1.jpg 720w, https:\/\/www.agriculture-machine.com\/wp-content\/uploads\/2022\/03\/2-row-groundnut-seed-planter1-360x270.jpg 360w, https:\/\/www.agriculture-machine.com\/wp-content\/uploads\/2022\/03\/2-row-groundnut-seed-planter1-240x180.jpg 240w\" sizes=\"auto, (max-width: 720px) 100vw, 720px\" \/><figcaption class=\"wp-element-caption\">Sembradora de cacahuetes de 2 hileras<\/figcaption><\/figure>    <figure class=\"wp-block-image size-large\"><img loading=\"lazy\" decoding=\"async\" width=\"720\" height=\"540\" data-id=\"12769\" src=\"https:\/\/www.agriculture-machine.com\/wp-content\/uploads\/2022\/03\/tractor-drive-peanut-seeder1.jpg\" alt=\"sembradora de cacahuetes accionada por tractor\" class=\"wp-image-12769\" title=\"sembradora de cacahuetes accionada por tractor\" srcset=\"https:\/\/www.agriculture-machine.com\/wp-content\/uploads\/2022\/03\/tractor-drive-peanut-seeder1.jpg 720w, https:\/\/www.agriculture-machine.com\/wp-content\/uploads\/2022\/03\/tractor-drive-peanut-seeder1-360x270.jpg 360w, https:\/\/www.agriculture-machine.com\/wp-content\/uploads\/2022\/03\/tractor-drive-peanut-seeder1-240x180.jpg 240w\" sizes=\"auto, (max-width: 720px) 100vw, 720px\" \/><figcaption class=\"wp-element-caption\">sembradora de cacahuetes accionada por tractor<\/figcaption><\/figure>    <figure class=\"wp-block-image size-large\"><img loading=\"lazy\" decoding=\"async\" width=\"720\" height=\"540\" data-id=\"12770\" src=\"https:\/\/www.agriculture-machine.com\/wp-content\/uploads\/2022\/03\/6-row-groundnut-seeder1.jpg\" alt=\"Sembradora de cacahuetes de 6 hileras\" class=\"wp-image-12770\" title=\"Sembradora de cacahuetes de 6 hileras\" srcset=\"https:\/\/www.agriculture-machine.com\/wp-content\/uploads\/2022\/03\/6-row-groundnut-seeder1.jpg 720w, https:\/\/www.agriculture-machine.com\/wp-content\/uploads\/2022\/03\/6-row-groundnut-seeder1-360x270.jpg 360w, https:\/\/www.agriculture-machine.com\/wp-content\/uploads\/2022\/03\/6-row-groundnut-seeder1-240x180.jpg 240w\" sizes=\"auto, (max-width: 720px) 100vw, 720px\" \/><figcaption class=\"wp-element-caption\">Sembradora de cacahuetes de 6 hileras<\/figcaption><\/figure> <figcaption class=\"blocks-gallery-caption wp-element-caption\">sembradora de cacahuetes<\/figcaption><\/figure>    <h2 class=\"wp-block-heading\">Par\u00e1metros t\u00e9cnicos de la m\u00e1quina de siembra de cacahuetes<\/h2>    <figure class=\"wp-block-table is-style-stripes\"><table><tbody><tr><td>Modelo<\/td><td>2BHMF-2<\/td><td>2BHMF-4<\/td><td>2BHMF-6<\/td><\/tr><tr><td>potencia compatible<\/td><td>20-40hp<\/td><td>40-70hp<\/td><td>60-90hp<\/td><\/tr><tr><td>tama\u00f1o<\/td><td>2940\u00d71200\u00d71300mm<\/td><td>2940\u00d71600\u00d71300mm<\/td><td>2940\u00d71900\u00d71300mm<\/td><\/tr><tr><td>peso<\/td><td>180kg<\/td><td>350kg<\/td><td>450kg<\/td><\/tr><tr><td>capacidad del dep\u00f3sito de semillas<\/td><td>10kg*2<\/td><td>10kg*4<\/td><td>10kg*6<\/td><\/tr><tr><td>N\u00famero de filas<\/td><td>2<\/td><td>4<\/td><td>6<\/td><\/tr><tr><td>espacio entre filas<\/td><td>300-350mm<\/td><td>300-350mm<\/td><td>300-350mm<\/td><\/tr><tr><td>espacio de la semilla<\/td><td>80-300mm<\/td><td>80-300mm<\/td><td>80-300mm<\/td><\/tr><tr><td>productividad<\/td><td>0,5-0,8 acres\/h<\/td><td>0,8-1,6 acres\/h<\/td><td>1,6-3,2 acres\/h<\/td><\/tr><tr><td>tasa de siembra<\/td><td>&gt;98%<\/td><td>&gt;98%<\/td><td>&gt;98%<\/td><\/tr><\/tbody><\/table><figcaption class=\"wp-element-caption\">peanut planter&#8217;s parameter<\/figcaption><\/figure>    <p>Con la expansi\u00f3n continua de las \u00e1reas de cultivo de cacahuetes y la amplia aplicaci\u00f3n de estos en alimentos, aceites comestibles y otros sectores, la siembra mecanizada se ha convertido en una tendencia inevitable. <\/p>    <p class=\"translation-block\">Este sembrador de cacahuetes puede integrarse con <a href=\"https:\/\/www.agriculture-machine.com\/es\/peanut-harvester\/\">cosechadoras de cacahuetes<\/a>, <a href=\"https:\/\/www.agriculture-machine.com\/es\/peanut-picker-machine\/\">recolectoras de cacahuetes<\/a>, <a href=\"https:\/\/www.agriculture-machine.com\/es\/peanut-groundnut-shell-removing-machine\/\">descascaradoras de cacahuetes<\/a>, <a href=\"https:\/\/www.agriculture-machine.com\/es\/screw-oil-press-machine-screw-press-oil-extraction\/\">m\u00e1quinas de prensa de aceite de tornillo<\/a> y otros equipos para formar una soluci\u00f3n mecanizada integral para la industria del cacahuete.<\/p>    <h2 class=\"wp-block-heading\" id=\"h-normal-problem\">Preguntas frecuentes<\/h2>   <div id=\"rank-math-faq\" class=\"rank-math-block\"> <div class=\"rank-math-list\"> <div id=\"faq-question-1706253089235\" class=\"rank-math-list-item\"> <h3 class=\"rank-math-question\">\u00bfQu\u00e9 potencia de tractor se requiere para este sembrador de cacahuetes?<\/h3> <div class=\"rank-math-answer\">  <p>En general, se recomienda un tractor de 20 a 80 caballos de fuerza (dependiendo del n\u00famero de filas). Podemos recomendar la configuraci\u00f3n de potencia adecuada seg\u00fan el modelo de su tractor.<\/p>  <\/div> <\/div> <div id=\"faq-question-1706253093178\" class=\"rank-math-list-item\"> <h3 class=\"rank-math-question\">\u00bfSe puede personalizar el n\u00famero de filas seg\u00fan mis necesidades de siembra?<\/h3> <div class=\"rank-math-answer\">  <p>S\u00ed. La m\u00e1quina ofrece modelos de 2, 4, 6 y 8 filas y puede personalizarse seg\u00fan su \u00e1rea de siembra y requisitos de separaci\u00f3n entre filas.<\/p>  <\/div> <\/div> <div id=\"faq-question-1706253101674\" class=\"rank-math-list-item\"> <h3 class=\"rank-math-question\">\u00bfAdmite la siembra con pl\u00e1stico de mulch?<\/h3> <div class=\"rank-math-answer\">  <p>S\u00ed. Las funciones opcionales de colocaci\u00f3n de mulch y sellado permiten sembrar y cubrir simult\u00e1neamente, mejorando la retenci\u00f3n de humedad y las tasas de emergencia de pl\u00e1ntulas.<\/p>  <\/div> <\/div> <div id=\"faq-question-1770799273998\" class=\"rank-math-list-item\"> <h3 class=\"rank-math-question\">\u00bfSon ajustables el espaciamiento y la profundidad de siembra?<\/h3> <div class=\"rank-math-answer\">  <p>S\u00ed. La separaci\u00f3n entre plantas, entre filas y la profundidad de siembra se pueden ajustar para cumplir con los requisitos agron\u00f3micos y las normas regionales de siembra.<\/p>  <\/div> <\/div> <div id=\"faq-question-1770800036248\" class=\"rank-math-list-item\"> <h3 class=\"rank-math-question\">\u00bfPuede la m\u00e1quina operar normalmente en campos con maleza densa o terreno irregular?<\/h3> <div class=\"rank-math-answer\">  <p>S\u00ed. El equipo presenta una estructura bien dise\u00f1ada con alta adaptabilidad, manteniendo un funcionamiento estable en condiciones t\u00edpicas de preparaci\u00f3n del terreno.<\/p>  <\/div> <\/div> <\/div> <\/div>   <p>Si est\u00e1 interesado en nuestros productos o tiene alguna pregunta, no dude en contactarnos. Nuestro equipo profesional estar\u00e1 encantado de proporcionarle informaci\u00f3n detallada del producto y responder a todas sus preguntas.<\/p>","protected":false},"excerpt":{"rendered":"<p>El sembrador de cacahuetes integra m\u00faltiples funciones, incluyendo siembra, fertilizaci\u00f3n, cobertura del suelo y colocaci\u00f3n de pel\u00edcula de mulch. Disponible en configuraciones de 2 a 8 filas, es adecuado tanto para siembra en surcos como para cultivo en terreno plano.<\/p>","protected":false},"author":1,"featured_media":12758,"parent":0,"comment_status":"closed","ping_status":"closed","template":"","tags":[797,976,492],"product-type":[884],"class_list":["post-11660","product","type-product","status-publish","has-post-thumbnail","hentry","tag-peanut","tag-peanutplanter","tag-planter","product-type-peanut-planter"],"_links":{"self":[{"href":"https:\/\/www.agriculture-machine.com\/es\/wp-json\/wp\/v2\/product\/11660","targetHints":{"allow":["GET"]}}],"collection":[{"href":"https:\/\/www.agriculture-machine.com\/es\/wp-json\/wp\/v2\/product"}],"about":[{"href":"https:\/\/www.agriculture-machine.com\/es\/wp-json\/wp\/v2\/types\/product"}],"author":[{"embeddable":true,"href":"https:\/\/www.agriculture-machine.com\/es\/wp-json\/wp\/v2\/users\/1"}],"replies":[{"embeddable":true,"href":"https:\/\/www.agriculture-machine.com\/es\/wp-json\/wp\/v2\/comments?post=11660"}],"wp:featuredmedia":[{"embeddable":true,"href":"https:\/\/www.agriculture-machine.com\/es\/wp-json\/wp\/v2\/media\/12758"}],"wp:attachment":[{"href":"https:\/\/www.agriculture-machine.com\/es\/wp-json\/wp\/v2\/media?parent=11660"}],"wp:term":[{"taxonomy":"post_tag","embeddable":true,"href":"https:\/\/www.agriculture-machine.com\/es\/wp-json\/wp\/v2\/tags?post=11660"},{"taxonomy":"product-type","embeddable":true,"href":"https:\/\/www.agriculture-machine.com\/es\/wp-json\/wp\/v2\/product-type?post=11660"}],"curies":[{"name":"wp","href":"https:\/\/api.w.org\/{rel}","templated":true}]}}