{"id":11750,"date":"2021-10-28T17:12:13","date_gmt":"2021-10-28T09:12:13","guid":{"rendered":"https:\/\/www.agriculture-machine.com\/?p=11750"},"modified":"2025-05-26T17:18:03","modified_gmt":"2025-05-26T09:18:03","slug":"screw-oil-press-machine-screw-press-oil-extraction","status":"publish","type":"product","link":"https:\/\/www.agriculture-machine.com\/es\/screw-oil-press-machine-screw-press-oil-extraction\/","title":{"rendered":"M\u00e1quina de prensa de aceite por tornillo Equipo de extracci\u00f3n de semillas de cacahuete y s\u00e9samo"},"content":{"rendered":"<p class=\"translation-block\">La m\u00e1quina autom\u00e1tica <strong>prensa de aceite por tornillo<\/strong> es un tipo de equipo de extracci\u00f3n de aceite eficiente y que ahorra energ\u00eda, ampliamente utilizado en molinos de aceite peque\u00f1os y medianos y talleres familiares con una tasa de conversi\u00f3n de aceite del 20%-50%.<\/p>    <p>En comparaci\u00f3n con el m\u00e9todo tradicional de extracci\u00f3n de aceite, el rendimiento de aceite de este equipo ha aumentado en un 4% a 6%, y el consumo de energ\u00eda se ha reducido en aproximadamente un 60%, lo que mejora significativamente la eficiencia de producci\u00f3n y los beneficios econ\u00f3micos.<\/p>    <figure class=\"wp-block-image aligncenter size-full\" id=\"screw-oil-press-machine\"><img loading=\"lazy\" decoding=\"async\" width=\"720\" height=\"540\" src=\"https:\/\/www.agriculture-machine.com\/wp-content\/uploads\/2021\/10\/lQDPDhrQf3GNo9_NAu7NAu6wz-R60YbSrb4Bgth7WIAfAA_750_750.jpg\" alt=\"M\u00e1quina de prensa de aceite por tornillo\" class=\"wp-image-11898\" title=\"M\u00e1quina de prensa de aceite por tornillo\" srcset=\"https:\/\/www.agriculture-machine.com\/wp-content\/uploads\/2021\/10\/lQDPDhrQf3GNo9_NAu7NAu6wz-R60YbSrb4Bgth7WIAfAA_750_750.jpg 720w, https:\/\/www.agriculture-machine.com\/wp-content\/uploads\/2021\/10\/lQDPDhrQf3GNo9_NAu7NAu6wz-R60YbSrb4Bgth7WIAfAA_750_750-360x270.jpg 360w, https:\/\/www.agriculture-machine.com\/wp-content\/uploads\/2021\/10\/lQDPDhrQf3GNo9_NAu7NAu6wz-R60YbSrb4Bgth7WIAfAA_750_750-240x180.jpg 240w\" sizes=\"auto, (max-width: 720px) 100vw, 720px\" \/><figcaption class=\"wp-element-caption\">M\u00e1quina de prensa de aceite por tornillo<\/figcaption><\/figure>    <p>Esta serie de prensas de aceite es f\u00e1cil de operar, ocupa poco espacio y es adecuada para prensado en caliente y en fr\u00edo de varias semillas oleaginosas. Es adecuada para m\u00e1s de 30 cultivos oleaginosos como cacahuete, soja, s\u00e9samo, colza, etc. La tasa de aceite residual de la torta seca es de solo 0.5%-3.5%, y la capacidad de producci\u00f3n de la m\u00e1quina individual var\u00eda de 15kg\/h a 550kg\/h.<\/p>    <figure class=\"wp-block-embed aligncenter is-type-video is-provider-youtube wp-block-embed-youtube wp-embed-aspect-16-9 wp-has-aspect-ratio\"><div class=\"wp-block-embed__wrapper\"> <iframe loading=\"lazy\" title=\"Video de trabajo de extracci\u00f3n de aceite de colza y filtraci\u00f3n con una prensa de aceite por tornillo\" width=\"500\" height=\"281\" src=\"https:\/\/www.youtube.com\/embed\/7A41hiwDkj4?feature=oembed\" frameborder=\"0\" allow=\"accelerometer; autoplay; clipboard-write; encrypted-media; gyroscope; picture-in-picture; web-share\" referrerpolicy=\"strict-origin-when-cross-origin\" allowfullscreen><\/iframe> <\/div><figcaption class=\"wp-element-caption\">Screw oil press machine&#8217;s working video<\/figcaption><\/figure>    <p>De acuerdo con diferentes requisitos de producci\u00f3n, hay varios modelos disponibles, como 6YL-60, 6YL-70, 6YL-80, 6YL-100, 6YL-125, etc., para satisfacer las necesidades diversificadas de los usuarios.<\/p>    <h2 class=\"wp-block-heading\" id=\"h-introduction-of-screw-oil-press-machine\">M\u00e1quina de prensa de aceite por tornillo de venta caliente<\/h2>    <p>La m\u00e1quina autom\u00e1tica de prensa de aceite por tornillo puede realizar filtraci\u00f3n al vac\u00edo. Se pueden establecer diferentes temperaturas seg\u00fan los diferentes materiales.<\/p>    <p>Girar la manivela puede ajustar la presi\u00f3n que requiere para exprimir el material. La cantidad de aceite extra\u00eddo en una vez tambi\u00e9n var\u00eda seg\u00fan diferentes presiones, y el grosor de la torta de aceite tambi\u00e9n es diferente. <\/p>    <figure class=\"wp-block-image aligncenter size-large is-resized\"><img loading=\"lazy\" decoding=\"async\" width=\"540\" height=\"540\" src=\"https:\/\/www.agriculture-machine.com\/wp-content\/uploads\/2021\/10\/\u5fae\u4fe1\u56fe\u7247_2021090216442810-540x540.jpg?v=1635402250\" alt=\"M\u00e1quina de prensa de aceite por tornillo\" class=\"wp-image-11903\" title=\"m\u00e1quina de prensa de aceite por tornillo\" srcset=\"https:\/\/www.agriculture-machine.com\/wp-content\/uploads\/2021\/10\/\u5fae\u4fe1\u56fe\u7247_2021090216442810-540x540.jpg 540w, https:\/\/www.agriculture-machine.com\/wp-content\/uploads\/2021\/10\/\u5fae\u4fe1\u56fe\u7247_2021090216442810-270x270.jpg 270w, https:\/\/www.agriculture-machine.com\/wp-content\/uploads\/2021\/10\/\u5fae\u4fe1\u56fe\u7247_2021090216442810-768x768.jpg 768w, https:\/\/www.agriculture-machine.com\/wp-content\/uploads\/2021\/10\/\u5fae\u4fe1\u56fe\u7247_2021090216442810-1536x1536.jpg 1536w, https:\/\/www.agriculture-machine.com\/wp-content\/uploads\/2021\/10\/\u5fae\u4fe1\u56fe\u7247_2021090216442810-2048x2048.jpg 2048w\" sizes=\"auto, (max-width: 540px) 100vw, 540px\" \/><figcaption class=\"wp-element-caption\">M\u00e1quina de prensa de aceite por tornillo<\/figcaption><\/figure>    <h2 class=\"wp-block-heading\">Materiales aplicables a la prensa de aceite por tornillo<\/h2>    <p>Nuestra m\u00e1quina de prensa de aceite por tornillo es adecuada para cacahuete, lino, s\u00e9samo, colza, girasol, semilla de algod\u00f3n, soja, nuez, semilla de pimienta, semilla de tung, ricino, almendra, etc.<\/p>    <figure class=\"wp-block-image aligncenter size-large is-resized\"><img loading=\"lazy\" decoding=\"async\" width=\"502\" height=\"540\" src=\"https:\/\/www.agriculture-machine.com\/wp-content\/uploads\/2021\/10\/\u672a\u6807\u9898-1_05-502x540.jpg?v=1635402522\" alt=\"Prensa de aceite por tornillo\" class=\"wp-image-11904\" title=\"\" srcset=\"https:\/\/www.agriculture-machine.com\/wp-content\/uploads\/2021\/10\/\u672a\u6807\u9898-1_05-502x540.jpg 502w, https:\/\/www.agriculture-machine.com\/wp-content\/uploads\/2021\/10\/\u672a\u6807\u9898-1_05-251x270.jpg 251w, https:\/\/www.agriculture-machine.com\/wp-content\/uploads\/2021\/10\/\u672a\u6807\u9898-1_05.jpg 750w\" sizes=\"auto, (max-width: 502px) 100vw, 502px\" \/><figcaption class=\"wp-element-caption\">Prensa de aceite por tornillo<\/figcaption><\/figure>    <h2 class=\"wp-block-heading\">Estructura de la extracci\u00f3n de aceite por prensa de tornillo<\/h2>    <p>La estructura de la m\u00e1quina de prensa de aceite por tornillo incluye un regulador de temperatura, ventilaci\u00f3n de humo, armario de distribuci\u00f3n de polvo, posici\u00f3n de engrase, reductor, motor, entrada de alimentaci\u00f3n, secci\u00f3n de ajuste, elemento calefactor, parte de salida de aceite, parte de prensado, filtro de aceite al vac\u00edo, etc.<\/p>    <figure class=\"wp-block-image aligncenter size-large is-resized\"><img loading=\"lazy\" decoding=\"async\" width=\"410\" height=\"540\" src=\"https:\/\/www.agriculture-machine.com\/wp-content\/uploads\/2021\/10\/\u672a\u6807\u9898-1_02-410x540.jpg?v=1635402558\" alt=\"estructura de la m\u00e1quina\" class=\"wp-image-11905\" srcset=\"https:\/\/www.agriculture-machine.com\/wp-content\/uploads\/2021\/10\/\u672a\u6807\u9898-1_02-410x540.jpg 410w, https:\/\/www.agriculture-machine.com\/wp-content\/uploads\/2021\/10\/\u672a\u6807\u9898-1_02-205x270.jpg 205w, https:\/\/www.agriculture-machine.com\/wp-content\/uploads\/2021\/10\/\u672a\u6807\u9898-1_02.jpg 750w\" sizes=\"auto, (max-width: 410px) 100vw, 410px\" \/><figcaption class=\"wp-element-caption\">machine&#8217;s structure<\/figcaption><\/figure>    <h2 class=\"wp-block-heading\">Principio de funcionamiento de la extractora de aceite por tornillo<\/h2>    <p>En una m\u00e1quina de prensa de aceite por tornillo, las materias primas entran en la c\u00e1mara de prensado desde la tolva. Luego, son empujadas hacia adentro por el tornillo para prensar.<\/p>    <p>El alto presi\u00f3n y la fricci\u00f3n entre el material, el tornillo y la c\u00e1mara crean movimiento relativo y generan calor, ayudando en el proceso de extracci\u00f3n de aceite.<\/p>    <p>The screw&#8217;s increasing diameter and decreasing pitch push the material forward and outward. While frictional heat helps denature proteins, increase plasticity, and reduce viscosity, thereby improving the oil yield and allowing oil to flow out through gaps in the press.<\/p>    <figure class=\"wp-block-embed aligncenter is-type-video is-provider-youtube wp-block-embed-youtube wp-embed-aspect-16-9 wp-has-aspect-ratio\"><div class=\"wp-block-embed__wrapper\"> <iframe loading=\"lazy\" title=\"Magia de extracci\u00f3n de aceite: \u00a1Descubre el poder de nuestra m\u00e1quina de prensa de aceite!#aceite #prensadeaceite\" width=\"500\" height=\"281\" src=\"https:\/\/www.youtube.com\/embed\/c8tV-bTnv3k?feature=oembed\" frameborder=\"0\" allow=\"accelerometer; autoplay; clipboard-write; encrypted-media; gyroscope; picture-in-picture; web-share\" referrerpolicy=\"strict-origin-when-cross-origin\" allowfullscreen><\/iframe> <\/div><figcaption class=\"wp-element-caption\">Video de trabajo de la m\u00e1quina extractora de aceite por tornillo<\/figcaption><\/figure>    <h2 class=\"wp-block-heading\">Par\u00e1metros de la prensa de aceite por tornillo<\/h2>    <figure class=\"wp-block-table\"><table class=\"has-black-color has-pale-cyan-blue-background-color has-text-color has-background\"><tbody><tr><td><strong>Modelo<\/strong><\/td><td><strong>6YL-60<\/strong><\/td><td><strong>6YL-70<\/strong><\/td><td><strong>6YL-80<\/strong><\/td><td><strong>6YL-100<\/strong><\/td><td><strong>6YL-125<\/strong><\/td><\/tr><tr><td>Di\u00e1metro del tornillo (mm)<\/td><td>\u03a655<\/td><td>\u03a665<\/td><td>\u03a680<\/td><td>\u03a6100<\/td><td>\u03a6125<\/td><\/tr><tr><td>Velocidad de rotaci\u00f3n del tornillo (r\/min)<\/td><td>64<\/td><td>38<\/td><td>35<\/td><td>37<\/td><td>34<\/td><\/tr><tr><td>Potencia principal (kw)<\/td><td>2.2<\/td><td>3<\/td><td>4<\/td><td>7.5<\/td><td>15<\/td><\/tr><tr><td>Potencia de la bomba de vac\u00edo (kw)<\/td><td>0.75<\/td><td>0.75<\/td><td>0.55<\/td><td>0.75<\/td><td>0.75<\/td><\/tr><tr><td>Potencia de calefacci\u00f3n (kw)<\/td><td>0.9<\/td><td>1.8<\/td><td>2.2<\/td><td>3<\/td><td>3.75<\/td><\/tr><tr><td>Capacidad (kg\/h)<\/td><td>40-60<\/td><td>50-70<\/td><td>80-120<\/td><td>150-230<\/td><td>300-350<\/td><\/tr><tr><td>Peso (kg)<\/td><td>240<\/td><td>280<\/td><td>880<\/td><td>1100<\/td><td>1400<\/td><\/tr><tr><td>Tama\u00f1o (mm)<\/td><td>1200*480*1100<\/td><td>1400*500*1200<\/td><td>1700*110*1600<\/td><td>1900*1200*1300<\/td><td>2600*1300*2300<\/td><\/tr><\/tbody><\/table><figcaption class=\"wp-element-caption\">Screw press oil extraction&#8217;s parameter <\/figcaption><\/figure>    <h2 class=\"wp-block-heading\">Ventajas de la m\u00e1quina de extracci\u00f3n de semillas oleaginosas por tornillo<\/h2>    <ul class=\"wp-block-list\"> <li>Alto rendimiento de aceite: en comparaci\u00f3n con el equipo antiguo, la producci\u00f3n de aceite puede aumentarse en 2-3 puntos porcentuales. Por cada 100 libras de cacahuetes procesados, se pueden producir en promedio 2-6 libras de aceite.<\/li>    <li>Ahorro de energ\u00eda y protecci\u00f3n ambiental: ahorra un 40% de electricidad con la misma producci\u00f3n.<\/li>    <li>Ahorro de mano de obra y alta eficiencia: ahorra un 60% de mano de obra con la misma producci\u00f3n, 1-2 personas pueden operar.<\/li>    <li>Amplio rango de aplicaci\u00f3n: una m\u00e1quina es multifunci\u00f3n, puede prensar m\u00e1s de 30 tipos de cultivos oleaginosos (como cacahuete, s\u00e9samo, girasol, semilla de algod\u00f3n, soja, etc.).<\/li>    <li>Aceite puro: el residuo se filtra por vac\u00edo, la calidad del aceite es pura y cumple con la norma de cuarentena higi\u00e9nica.<\/li>    <li>Espacio reducido en el suelo: el taller de prensado solo necesita entre 10 y 20 metros cuadrados para satisfacer la demanda de producci\u00f3n.<\/li>    <li>Control de temperatura inteligente: se adopta un sistema de control de temperatura por infrarrojos para controlar autom\u00e1ticamente la temperatura y humedad de prensado, las mol\u00e9culas de aceite se ablandan y activan directamente, y la cosecha de aceite aumenta considerablemente.<\/li>    <li>Filtraci\u00f3n de alta eficiencia: adopta un dispositivo de filtraci\u00f3n de precisi\u00f3n de m\u00faltiples etapas para aumentar la presi\u00f3n de filtraci\u00f3n del aceite y la temperatura del aceite crudo, la calidad del aceite es m\u00e1s pura y la velocidad de filtraci\u00f3n es r\u00e1pida.<\/li> <\/ul>    <figure class=\"wp-block-image aligncenter size-full is-resized\"><img loading=\"lazy\" decoding=\"async\" width=\"661\" height=\"496\" src=\"https:\/\/www.agriculture-machine.com\/wp-content\/uploads\/2021\/10\/EM\u622a\u56fe_201681154127.png\" alt=\"m\u00e1quina de prensa de aceite por tornillo\" class=\"wp-image-11906\" title=\"m\u00e1quina de prensa de aceite por tornillo\" srcset=\"https:\/\/www.agriculture-machine.com\/wp-content\/uploads\/2021\/10\/EM\u622a\u56fe_201681154127.png 661w, https:\/\/www.agriculture-machine.com\/wp-content\/uploads\/2021\/10\/EM\u622a\u56fe_201681154127-360x270.png 360w, https:\/\/www.agriculture-machine.com\/wp-content\/uploads\/2021\/10\/EM\u622a\u56fe_201681154127-240x180.png 240w\" sizes=\"auto, (max-width: 661px) 100vw, 661px\" \/><figcaption class=\"wp-element-caption\">Prensa de aceite por tornillo<\/figcaption><\/figure>    <figure class=\"wp-block-image aligncenter size-full\"><img loading=\"lazy\" decoding=\"async\" width=\"720\" height=\"540\" src=\"https:\/\/www.agriculture-machine.com\/wp-content\/uploads\/2021\/10\/press-oil-extractor-for-sale.webp\" alt=\"prensa de aceite para venta\" class=\"wp-image-16303\" srcset=\"https:\/\/www.agriculture-machine.com\/wp-content\/uploads\/2021\/10\/press-oil-extractor-for-sale.webp 720w, https:\/\/www.agriculture-machine.com\/wp-content\/uploads\/2021\/10\/press-oil-extractor-for-sale-360x270.webp 360w, https:\/\/www.agriculture-machine.com\/wp-content\/uploads\/2021\/10\/press-oil-extractor-for-sale-240x180.webp 240w, https:\/\/www.agriculture-machine.com\/wp-content\/uploads\/2021\/10\/press-oil-extractor-for-sale-16x12.webp 16w\" sizes=\"auto, (max-width: 720px) 100vw, 720px\" \/><figcaption class=\"wp-element-caption\">prensa de aceite para venta<\/figcaption><\/figure>    <h2 class=\"wp-block-heading\">Screw oil mill&#8217;s instructions for use<\/h2>    <ul class=\"wp-block-list\"> <li>Verifique los sujetadores antes de usar para asegurarse de que no est\u00e9n sueltos; gire manualmente la manivela y la polea para asegurarse de que la operaci\u00f3n sea flexible y sin ruidos anormales.<\/li>    <li>Llenar el reductor con aceite 30# El equipo debe estar conectado a tierra de manera confiable antes de encenderlo.<\/li>    <li>Conecte la m\u00e1quina a una fuente de alimentaci\u00f3n trif\u00e1sica de cuatro hilos, y el husillo debe girar en sentido antihorario despu\u00e9s de encender la m\u00e1quina.<\/li>    <li>Ajustar el termostato a 120\u00b0C-160\u00b0C (seg\u00fan el aceite), encender el interruptor de calefacci\u00f3n de la m\u00e1quina principal y precalentar la m\u00e1quina.<\/li>    <li>Despu\u00e9s de instalar la nueva m\u00e1quina, necesita un per\u00edodo de rodaje de 4-8 horas: introducir lentamente el torta de aceite seco desde la tolva y presionarlo repetidamente para pulir la c\u00e1mara de prensado.<\/li>    <li>Mantener el material de alimentaci\u00f3n de manera uniforme, evitar romper el material o introducir demasiado, la m\u00e1quina carga normalmente, funciona suavemente, con sonido r\u00edtmico.<\/li>    <li>Antes de detener la m\u00e1quina, deje de alimentar, introduzca una peque\u00f1a cantidad de residuo de torta, espere a que se descargue el material residual en la c\u00e1mara de prensado y detenga la m\u00e1quina cuando ya no salga m\u00e1s torta de la salida de torta.<\/li>    <li>Despu\u00e9s de detener la m\u00e1quina, gire el tornillo de ajuste en sentido horario 1-3 vueltas y finalmente desconecte la alimentaci\u00f3n.<\/li> <\/ul>    <figure class=\"wp-block-image aligncenter size-large\"><img loading=\"lazy\" decoding=\"async\" width=\"720\" height=\"540\" src=\"https:\/\/www.agriculture-machine.com\/wp-content\/uploads\/2021\/10\/\u65b0\u5efa\u6587\u4ef6\u5939-2IMG_20160528_152744-720x540.jpg?v=1635404815\" alt=\"m\u00e1quina de prensa de aceite por tornillo\" class=\"wp-image-11910\" title=\"m\u00e1quina de prensa de aceite por tornillo\" srcset=\"https:\/\/www.agriculture-machine.com\/wp-content\/uploads\/2021\/10\/\u65b0\u5efa\u6587\u4ef6\u5939-2IMG_20160528_152744-720x540.jpg 720w, https:\/\/www.agriculture-machine.com\/wp-content\/uploads\/2021\/10\/\u65b0\u5efa\u6587\u4ef6\u5939-2IMG_20160528_152744-360x270.jpg 360w, https:\/\/www.agriculture-machine.com\/wp-content\/uploads\/2021\/10\/\u65b0\u5efa\u6587\u4ef6\u5939-2IMG_20160528_152744-240x180.jpg 240w, https:\/\/www.agriculture-machine.com\/wp-content\/uploads\/2021\/10\/\u65b0\u5efa\u6587\u4ef6\u5939-2IMG_20160528_152744-768x576.jpg 768w, https:\/\/www.agriculture-machine.com\/wp-content\/uploads\/2021\/10\/\u65b0\u5efa\u6587\u4ef6\u5939-2IMG_20160528_152744-1536x1152.jpg 1536w, https:\/\/www.agriculture-machine.com\/wp-content\/uploads\/2021\/10\/\u65b0\u5efa\u6587\u4ef6\u5939-2IMG_20160528_152744-2048x1536.jpg 2048w\" sizes=\"auto, (max-width: 720px) 100vw, 720px\" \/><figcaption class=\"wp-element-caption\">m\u00e1quina de prensa de aceite por tornillo<\/figcaption><\/figure>    <figure class=\"wp-block-image aligncenter size-full\"><img loading=\"lazy\" decoding=\"async\" width=\"720\" height=\"540\" src=\"https:\/\/www.agriculture-machine.com\/wp-content\/uploads\/2021\/10\/oil-mill-machines.webp\" alt=\"m\u00e1quinas de molino de aceite\" class=\"wp-image-16304\" srcset=\"https:\/\/www.agriculture-machine.com\/wp-content\/uploads\/2021\/10\/oil-mill-machines.webp 720w, https:\/\/www.agriculture-machine.com\/wp-content\/uploads\/2021\/10\/oil-mill-machines-360x270.webp 360w, https:\/\/www.agriculture-machine.com\/wp-content\/uploads\/2021\/10\/oil-mill-machines-240x180.webp 240w, https:\/\/www.agriculture-machine.com\/wp-content\/uploads\/2021\/10\/oil-mill-machines-16x12.webp 16w\" sizes=\"auto, (max-width: 720px) 100vw, 720px\" \/><figcaption class=\"wp-element-caption\">m\u00e1quinas de molino de aceite<\/figcaption><\/figure>    <p class=\"translation-block\">Nuestra f\u00e1brica produce otros tipos de <a href=\"https:\/\/en.wikipedia.org\/wiki\/Oil\" target=\"_blank\" rel=\"noopener\">prensas de aceite<\/a>, como prensas hidr\u00e1ulicas (<a href=\"https:\/\/www.agriculture-machine.com\/es\/oil-extraction-machine-screw-oil-expellerhydraulic-oil-mill\/\"><strong><em>M\u00e1quina de extracci\u00f3n de aceite | Prensa de aceite por tornillo | Molino de aceite hidr\u00e1ulico <\/em><\/strong><\/a>). Si est\u00e1 interesado, puede completar el formulario a la derecha y contarnos su materia prima y necesidades espec\u00edficas. Le daremos la recomendaci\u00f3n adecuada para que su negocio de prensado de aceite funcione sin problemas.<\/p>","protected":false},"excerpt":{"rendered":"<p>Prensa autom\u00e1tica de aceite de tornillo, filtraci\u00f3n al vac\u00edo, funci\u00f3n de control de temperatura autom\u00e1tica. Ajuste la presi\u00f3n necesaria para exprimir el material girando la manivela. El aceite del producto extra\u00eddo por esta m\u00e1quina tiene buena calidad, sabor fragante y alto rendimiento de aceite, y generalmente es bien recibido por muchas personas.<\/p>","protected":false},"author":1,"featured_media":11898,"parent":0,"comment_status":"closed","ping_status":"closed","template":"","tags":[2597,963,830,2599],"product-type":[162],"class_list":["post-11750","product","type-product","status-publish","has-post-thumbnail","hentry","tag-oil","tag-oil-press","tag-peanut-oil","tag-sesame-oil","product-type-other-type"],"_links":{"self":[{"href":"https:\/\/www.agriculture-machine.com\/es\/wp-json\/wp\/v2\/product\/11750","targetHints":{"allow":["GET"]}}],"collection":[{"href":"https:\/\/www.agriculture-machine.com\/es\/wp-json\/wp\/v2\/product"}],"about":[{"href":"https:\/\/www.agriculture-machine.com\/es\/wp-json\/wp\/v2\/types\/product"}],"author":[{"embeddable":true,"href":"https:\/\/www.agriculture-machine.com\/es\/wp-json\/wp\/v2\/users\/1"}],"replies":[{"embeddable":true,"href":"https:\/\/www.agriculture-machine.com\/es\/wp-json\/wp\/v2\/comments?post=11750"}],"wp:featuredmedia":[{"embeddable":true,"href":"https:\/\/www.agriculture-machine.com\/es\/wp-json\/wp\/v2\/media\/11898"}],"wp:attachment":[{"href":"https:\/\/www.agriculture-machine.com\/es\/wp-json\/wp\/v2\/media?parent=11750"}],"wp:term":[{"taxonomy":"post_tag","embeddable":true,"href":"https:\/\/www.agriculture-machine.com\/es\/wp-json\/wp\/v2\/tags?post=11750"},{"taxonomy":"product-type","embeddable":true,"href":"https:\/\/www.agriculture-machine.com\/es\/wp-json\/wp\/v2\/product-type?post=11750"}],"curies":[{"name":"wp","href":"https:\/\/api.w.org\/{rel}","templated":true}]}}