{"id":1178,"date":"2018-10-20T03:23:39","date_gmt":"2018-10-19T19:23:39","guid":{"rendered":"https:\/\/www.agriculture-machine.com\/?p=1178"},"modified":"2024-09-23T11:19:36","modified_gmt":"2024-09-23T03:19:36","slug":"electric-olive-picking-machine","status":"publish","type":"product","link":"https:\/\/www.agriculture-machine.com\/es\/electric-olive-picking-machine\/","title":{"rendered":"M\u00e1quina el\u00e9ctrica de recolecci\u00f3n de aceitunas y nueces"},"content":{"rendered":"<p>M\u00e1quina el\u00e9ctrica de recolecci\u00f3n de aceitunas dise\u00f1ada especialmente para la recolecci\u00f3n y cosecha de \u00e1rboles de nueces en el huerto. La m\u00e1quina tiene una estructura compacta, forma atractiva y operaci\u00f3n sencilla. Adem\u00e1s, los tubos internos y externos est\u00e1n hechos de aleaci\u00f3n de aluminio de alta resistencia y se pueden ajustar f\u00e1cilmente, es decir, de 2170 a 3000mm.<\/p> <p>El recolector de frutas es ligero y resistente, ampliamente utilizado para nueces en general como aceitunas, jujubes, d\u00e1tiles, etc.<\/p> <h2><strong><b>Tipo uno: M\u00e1quina el\u00e9ctrica de recolecci\u00f3n de frutas GL-1<\/b><\/strong><\/h2> <p>La cabeza de la m\u00e1quina el\u00e9ctrica de recolecci\u00f3n de aceitunas es una parte de alta resistencia que es duradera. La m\u00e1quina recolectora de aceitunas usa una bater\u00eda de 12V, y fuentes de energ\u00eda dom\u00e9sticas, peque\u00f1os generadores y otros son adecuados para ella. Es conveniente y pr\u00e1ctica de usar.<\/p> <figure id=\"attachment_3052\" aria-describedby=\"caption-attachment-3052\" style=\"width: 400px\" class=\"wp-caption aligncenter\"><img loading=\"lazy\" decoding=\"async\" class=\"wp-image-3052 size-full\" src=\"https:\/\/www.agriculture-machine.com\/wp-content\/uploads\/2018\/10\/99.jpg\" alt=\"m\u00e1quina de cosecha de aceitunas\" width=\"400\" height=\"500\" srcset=\"https:\/\/www.agriculture-machine.com\/wp-content\/uploads\/2018\/10\/99.jpg 400w, https:\/\/www.agriculture-machine.com\/wp-content\/uploads\/2018\/10\/99-216x270.jpg 216w\" sizes=\"auto, (max-width: 400px) 100vw, 400px\" \/><figcaption id=\"caption-attachment-3052\" class=\"wp-caption-text\">m\u00e1quina de cosecha de aceitunas<\/figcaption><\/figure> <h3>Par\u00e1metros t\u00e9cnicos de la recolecci\u00f3n de frutas<\/h3> <table> <tbody> <tr> <td width=\"284\">Modelo<\/td> <td width=\"284\">GL-1<\/td> <\/tr> <tr> <td width=\"284\">bater\u00eda<\/td> <td width=\"284\">12V<\/td> <\/tr> <tr> <td width=\"284\">Longitud<\/td> <td width=\"284\">2170-3000mm<\/td> <\/tr> <tr> <td width=\"284\">Ancho de la cabeza<\/td> <td width=\"284\">260mm<\/td> <\/tr> <tr> <td width=\"284\">Longitud del cable<\/td> <td width=\"284\">12m<\/td> <\/tr> <tr> <td width=\"284\">Velocidad<\/td> <td width=\"284\">820r\/min<\/td> <\/tr> <tr> <td width=\"284\">Tama\u00f1o de embalaje<\/td> <td width=\"284\">2170*160*260mm<\/td> <\/tr> <tr> <td width=\"284\">N.W\/G.W<\/td> <td width=\"284\">7.5kg\/11kg<\/td> <\/tr> <tr> <td width=\"284\">Observaci\u00f3n<\/td> <td width=\"284\">El comprador debe comprar la bater\u00eda por s\u00ed mismo<\/td> <\/tr> <\/tbody> <\/table> <h3><strong><b>Estructura de la m\u00e1quina de recolecci\u00f3n de frutas<\/b><\/strong><\/h3> <ul> <li>rastrillo<\/li> <li>cuerpo del motor protegido por cubierta<\/li> <li>eje<\/li> <li>mango<\/li> <li>enchufe de fusible (10 Amperios)<\/li> <li>pinza de corriente continua<\/li> <li>cable de conexi\u00f3n (15m)<\/li> <li>Eje telesc\u00f3pico de 2-3m<\/li> <li>Eje telesc\u00f3pico de 5 a 2.2m<\/li> <li>Eje fijo de 2m<\/li> <\/ul> <div id='gallery-1' class='gallery galleryid-1178 gallery-columns-2 gallery-size-full'><figure class='gallery-item'> \t\t\t<div class='gallery-icon portrait'> \t\t\t\t<a href='https:\/\/www.agriculture-machine.com\/es\/electric-olive-picking-machine\/attachment\/88-3\/'><img loading=\"lazy\" decoding=\"async\" width=\"400\" height=\"500\" src=\"https:\/\/www.agriculture-machine.com\/wp-content\/uploads\/2018\/10\/88-1.jpg\" class=\"attachment-full size-full\" alt=\"introducci\u00f3n a la m\u00e1quina de cosecha de aceitunas\" aria-describedby=\"gallery-1-3051\" srcset=\"https:\/\/www.agriculture-machine.com\/wp-content\/uploads\/2018\/10\/88-1.jpg 400w, https:\/\/www.agriculture-machine.com\/wp-content\/uploads\/2018\/10\/88-1-216x270.jpg 216w\" sizes=\"auto, (max-width: 400px) 100vw, 400px\" \/><\/a> \t\t\t<\/div> \t\t\t\t<figcaption class='wp-caption-text gallery-caption' id='gallery-1-3051'> \t\t\t\tintroducci\u00f3n a la m\u00e1quina de cosecha de aceitunas \t\t\t\t<\/figcaption><\/figure><figure class='gallery-item'> \t\t\t<div class='gallery-icon portrait'> \t\t\t\t<a href='https:\/\/www.agriculture-machine.com\/es\/electric-olive-picking-machine\/attachment\/77-3\/'><img loading=\"lazy\" decoding=\"async\" width=\"400\" height=\"500\" src=\"https:\/\/www.agriculture-machine.com\/wp-content\/uploads\/2018\/10\/77-1.jpg\" class=\"attachment-full size-full\" alt=\"m\u00e1quina de cosecha de aceitunas-2\" aria-describedby=\"gallery-1-3050\" srcset=\"https:\/\/www.agriculture-machine.com\/wp-content\/uploads\/2018\/10\/77-1.jpg 400w, https:\/\/www.agriculture-machine.com\/wp-content\/uploads\/2018\/10\/77-1-216x270.jpg 216w\" sizes=\"auto, (max-width: 400px) 100vw, 400px\" \/><\/a> \t\t\t<\/div> \t\t\t\t<figcaption class='wp-caption-text gallery-caption' id='gallery-1-3050'> \t\t\t\tm\u00e1quina de cosecha de aceitunas-2 \t\t\t\t<\/figcaption><\/figure> \t\t<\/div>  <p class=\"translation-block\"><strong><b>\u00a0<\/b><\/strong><\/p> <p class=\"translation-block\"><strong><b>\u00a0<\/b><\/strong><\/p> <h2><strong><b>Tipo dos: M\u00e1quina el\u00e9ctrica de recolecci\u00f3n de frutas GL-2<\/b><\/strong><\/h2> <p>Esta m\u00e1quina el\u00e9ctrica de recolecci\u00f3n de frutas es como una pelota con dientes largos alimentada por una bater\u00eda de 12V, ahorrando completamente tiempo de trabajo; su longitud de eje es de 2500mm y el ancho de la cabeza es de 100mm. La longitud del cable de 10m la hace conveniente para cosechar frutas.<\/p> <div id='gallery-2' class='gallery galleryid-1178 gallery-columns-2 gallery-size-full'><figure class='gallery-item'> \t\t\t<div class='gallery-icon portrait'> \t\t\t\t<a href='https:\/\/www.agriculture-machine.com\/es\/electric-olive-picking-machine\/attachment\/222-2\/'><img loading=\"lazy\" decoding=\"async\" width=\"400\" height=\"500\" src=\"https:\/\/www.agriculture-machine.com\/wp-content\/uploads\/2018\/10\/222.jpg\" class=\"attachment-full size-full\" alt=\"detalle de la m\u00e1quina de cosecha de aceitunas\" aria-describedby=\"gallery-2-3054\" srcset=\"https:\/\/www.agriculture-machine.com\/wp-content\/uploads\/2018\/10\/222.jpg 400w, https:\/\/www.agriculture-machine.com\/wp-content\/uploads\/2018\/10\/222-216x270.jpg 216w\" sizes=\"auto, (max-width: 400px) 100vw, 400px\" \/><\/a> \t\t\t<\/div> \t\t\t\t<figcaption class='wp-caption-text gallery-caption' id='gallery-2-3054'> \t\t\t\tdetalle de la m\u00e1quina de cosecha de aceitunas \t\t\t\t<\/figcaption><\/figure><figure class='gallery-item'> \t\t\t<div class='gallery-icon portrait'> \t\t\t\t<a href='https:\/\/www.agriculture-machine.com\/es\/electric-olive-picking-machine\/attachment\/111-2\/'><img loading=\"lazy\" decoding=\"async\" width=\"400\" height=\"500\" src=\"https:\/\/www.agriculture-machine.com\/wp-content\/uploads\/2018\/10\/111.jpg\" class=\"attachment-full size-full\" alt=\"detalle de la m\u00e1quina de cosecha de aceitunas-2\" srcset=\"https:\/\/www.agriculture-machine.com\/wp-content\/uploads\/2018\/10\/111.jpg 400w, https:\/\/www.agriculture-machine.com\/wp-content\/uploads\/2018\/10\/111-216x270.jpg 216w\" sizes=\"auto, (max-width: 400px) 100vw, 400px\" \/><\/a> \t\t\t<\/div><\/figure> \t\t<\/div>  <h3>Par\u00e1metros t\u00e9cnicos de la m\u00e1quina de recolecci\u00f3n de frutas<\/h3> <table> <tbody> <tr> <td width=\"284\">Modelo<\/td> <td width=\"284\">GL-2<\/td> <\/tr> <tr> <td width=\"284\">bater\u00eda<\/td> <td width=\"284\">12V<\/td> <\/tr> <tr> <td width=\"284\">Longitud<\/td> <td width=\"284\">2500mm<\/td> <\/tr> <tr> <td width=\"284\">Ancho de la cabeza<\/td> <td width=\"284\">100mm<\/td> <\/tr> <tr> <td width=\"284\">Longitud del cable<\/td> <td width=\"284\">10m<\/td> <\/tr> <tr> <td width=\"284\">Velocidad<\/td> <td width=\"284\">1800r\/min<\/td> <\/tr> <tr> <td width=\"284\">Tama\u00f1o de embalaje<\/td> <td width=\"284\">2040*110*130mm<\/p> <p>380*255*215mm<\/td> <\/tr> <tr> <td width=\"284\">N.W\/G.W<\/td> <td width=\"284\">2.5kg\/ 3.35kg<\/td> <\/tr> <tr> <td width=\"284\">Observaci\u00f3n<\/td> <td width=\"284\">El comprador debe comprar la bater\u00eda por s\u00ed mismo<\/td> <\/tr> <\/tbody> <\/table> <h2><strong><b>Tipo tres<\/b><\/strong><strong><b>: M\u00e1quina de recolecci\u00f3n de frutas con motor de gasolina GL-3 <\/b><\/strong><\/h2> <p>Es una m\u00e1quina de sacudida de aceitunas de 2 tiempos alimentada por un motor de gasolina de 43cc con una capacidad de tanque de combustible de 700ml. La potencia de salida nominal es de 1.4kw\/7500rpm y el di\u00e1metro del gancho es de 44mm, que no se puede ajustar, mientras que la longitud del tubo var\u00eda de 150cm a 225cm. Alta eficiencia de trabajo y baja tasa de rotura son sus principales caracter\u00edsticas.<\/p> <div id='gallery-3' class='gallery galleryid-1178 gallery-columns-2 gallery-size-full'><figure class='gallery-item'> \t\t\t<div class='gallery-icon portrait'> \t\t\t\t<a href='https:\/\/www.agriculture-machine.com\/es\/electric-olive-picking-machine\/attachment\/44-2\/'><img loading=\"lazy\" decoding=\"async\" width=\"400\" height=\"500\" src=\"https:\/\/www.agriculture-machine.com\/wp-content\/uploads\/2018\/10\/44-1.jpg\" class=\"attachment-full size-full\" alt=\"m\u00e1quina de recolecci\u00f3n de frutas con motor de gasolina-1\" aria-describedby=\"gallery-3-3047\" srcset=\"https:\/\/www.agriculture-machine.com\/wp-content\/uploads\/2018\/10\/44-1.jpg 400w, https:\/\/www.agriculture-machine.com\/wp-content\/uploads\/2018\/10\/44-1-216x270.jpg 216w\" sizes=\"auto, (max-width: 400px) 100vw, 400px\" \/><\/a> \t\t\t<\/div> \t\t\t\t<figcaption class='wp-caption-text gallery-caption' id='gallery-3-3047'> \t\t\t\tm\u00e1quina de recolecci\u00f3n de frutas con motor de gasolina-1 \t\t\t\t<\/figcaption><\/figure><figure class='gallery-item'> \t\t\t<div class='gallery-icon portrait'> \t\t\t\t<a href='https:\/\/www.agriculture-machine.com\/es\/electric-olive-picking-machine\/attachment\/55-3\/'><img loading=\"lazy\" decoding=\"async\" width=\"400\" height=\"500\" src=\"https:\/\/www.agriculture-machine.com\/wp-content\/uploads\/2018\/10\/55-1.jpg\" class=\"attachment-full size-full\" alt=\"m\u00e1quina de recolecci\u00f3n de frutas con motor de gasolina-2\" aria-describedby=\"gallery-3-3048\" srcset=\"https:\/\/www.agriculture-machine.com\/wp-content\/uploads\/2018\/10\/55-1.jpg 400w, https:\/\/www.agriculture-machine.com\/wp-content\/uploads\/2018\/10\/55-1-216x270.jpg 216w\" sizes=\"auto, (max-width: 400px) 100vw, 400px\" \/><\/a> \t\t\t<\/div> \t\t\t\t<figcaption class='wp-caption-text gallery-caption' id='gallery-3-3048'> \t\t\t\tm\u00e1quina de recolecci\u00f3n de frutas con motor de gasolina-2 \t\t\t\t<\/figcaption><\/figure> \t\t<\/div>  <h3>Par\u00e1metros t\u00e9cnicos de la m\u00e1quina de recolecci\u00f3n de frutas<\/h3> <table> <tbody> <tr> <td width=\"284\">Modelo<\/td> <td width=\"284\">GL-3<\/td> <\/tr> <tr> <td width=\"284\">Potencia<\/td> <td width=\"284\">Motor de gasolina<\/td> <\/tr> <tr> <td width=\"284\">Tipo de motor<\/td> <td width=\"284\">2 tiempos<\/td> <\/tr> <tr> <td width=\"284\">Cilindrada<\/td> <td width=\"284\">43cc<\/td> <\/tr> <tr> <td width=\"284\">Potencia de salida nominal<\/td> <td width=\"284\">1.4kw\/7500rpm<\/td> <\/tr> <tr> <td width=\"284\">Capacidad del tanque de combustible<\/td> <td width=\"284\">700ml<\/td> <\/tr> <tr> <td width=\"284\">Di\u00e1metro del gancho<\/td> <td width=\"284\">44mm<\/td> <\/tr> <tr> <td width=\"284\">Longitud del tubo del agitador<\/td> <td width=\"284\">150cm-225cm<\/td> <\/tr> <tr> <td width=\"284\">Embalaje<\/td> <td width=\"284\">360*300*240mm<\/p> <p>150*120*120mm<\/td> <\/tr> <tr> <td width=\"284\">Peso de embalaje<\/td> <td width=\"284\">8.0kg<\/td> <\/tr> <\/tbody> <\/table> <h3>Ventajas de la recolecci\u00f3n de frutas (para tres tipos)<\/h3> <ol> <li>Amplia aplicaci\u00f3n. La m\u00e1quina cosechadora de aceitunas tambi\u00e9n puede recoger d\u00e1tiles, jujubes, pacanas, casta\u00f1as, jujubes y otras frutas peque\u00f1as.<\/li> <li>Tiene un eje flexible y es f\u00e1cil ajustar la longitud de la cabeza.<\/li> <li>F\u00e1cil de usar. La recolecci\u00f3n de frutas alimentada por electricidad o motor de gasolina y con operaci\u00f3n sencilla.<\/li> <li>Alta tasa de recolecci\u00f3n. Se pueden recoger todas las frutas.<\/li> <li>Las frutas pueden mantenerse intactas despu\u00e9s de la cosecha.<\/li> <\/ol> <h3>Caso de \u00e9xito de la m\u00e1quina de recolecci\u00f3n de frutas<\/h3> <p>Con f\u00e1cil uso y alta capacidad, este agitador de frutas es popular en el mercado africano. En octubre de 2018, en la temporada de cosecha de aceitunas, se entregaron contenedores de 20GP con agitadores de aceitunas en L\u00edbano. Este cliente distribuir\u00e1 todas las m\u00e1quinas a los agricultores locales tras recibirlas, y los detalles a continuaci\u00f3n son las im\u00e1genes del embalaje.<\/p> <div id='gallery-4' class='gallery galleryid-1178 gallery-columns-2 gallery-size-full'><figure class='gallery-item'> \t\t\t<div class='gallery-icon portrait'> \t\t\t\t<a href='https:\/\/www.agriculture-machine.com\/es\/electric-olive-picking-machine\/attachment\/22-2\/'><img loading=\"lazy\" decoding=\"async\" width=\"400\" height=\"500\" src=\"https:\/\/www.agriculture-machine.com\/wp-content\/uploads\/2018\/10\/22-1.jpg\" class=\"attachment-full size-full\" alt=\"imagen de env\u00edo-2\" aria-describedby=\"gallery-4-3044\" srcset=\"https:\/\/www.agriculture-machine.com\/wp-content\/uploads\/2018\/10\/22-1.jpg 400w, https:\/\/www.agriculture-machine.com\/wp-content\/uploads\/2018\/10\/22-1-216x270.jpg 216w\" sizes=\"auto, (max-width: 400px) 100vw, 400px\" \/><\/a> \t\t\t<\/div> \t\t\t\t<figcaption class='wp-caption-text gallery-caption' id='gallery-4-3044'> \t\t\t\timagen de env\u00edo-2 \t\t\t\t<\/figcaption><\/figure><figure class='gallery-item'> \t\t\t<div class='gallery-icon portrait'> \t\t\t\t<a href='https:\/\/www.agriculture-machine.com\/es\/electric-olive-picking-machine\/attachment\/66-3\/'><img loading=\"lazy\" decoding=\"async\" width=\"400\" height=\"500\" src=\"https:\/\/www.agriculture-machine.com\/wp-content\/uploads\/2018\/10\/66-1.jpg\" class=\"attachment-full size-full\" alt=\"imagen de env\u00edo-3\" aria-describedby=\"gallery-4-3049\" srcset=\"https:\/\/www.agriculture-machine.com\/wp-content\/uploads\/2018\/10\/66-1.jpg 400w, https:\/\/www.agriculture-machine.com\/wp-content\/uploads\/2018\/10\/66-1-216x270.jpg 216w\" sizes=\"auto, (max-width: 400px) 100vw, 400px\" \/><\/a> \t\t\t<\/div> \t\t\t\t<figcaption class='wp-caption-text gallery-caption' id='gallery-4-3049'> \t\t\t\timagen de env\u00edo-3 \t\t\t\t<\/figcaption><\/figure> \t\t<\/div>  <h3>Preguntas frecuentes<\/h3> <ol> <li>\u00bfCu\u00e1l es la diferencia entre los 3 tipos de m\u00e1quinas de recolecci\u00f3n de frutas?<\/li> <\/ol> <p>Los dos primeros tipos son el\u00e9ctricos y el \u00faltimo funciona con motor de gasolina.<\/p> <ol start=\"2\"> <li>\u00bfQu\u00e9 tipos de frutas se pueden recoger con esta m\u00e1quina?<\/li> <li>La materia prima puede ser aceituna, d\u00e1til, jujube, pacanas, casta\u00f1as, jujube y otras frutas peque\u00f1as<\/li> <li>\u00bfCu\u00e1l es la tasa de recolecci\u00f3n de la m\u00e1quina?<\/li> <\/ol> <p>Esta m\u00e1quina recolectora puede trabajar con alta eficiencia, y todas las frutas en el \u00e1rbol pueden ser cosechadas durante la operaci\u00f3n.<\/p> <ol start=\"5\"> <li>\u00bfLas frutas se romper\u00e1n despu\u00e9s de la recolecci\u00f3n?<\/li> <\/ol> <p>No, la m\u00e1quina recolectora puede cosechar completamente la fruta sin da\u00f1arla.<\/p>","protected":false},"excerpt":{"rendered":"<p>Electric olive picking machine is specially designed for the nut tree picking and harvesting in the orchard. Machine bears compact structure, beautiful shape and simple operation. What\u2019s more, internal and external tubes is made of high-strength aluminum alloy and can be adjusted easily, that is, 2170-3000mm. Fruit picker\u00a0is\u00a0light in weight and good in strength, widely [&hellip;]<\/p>\n","protected":false},"author":1,"featured_media":3064,"parent":0,"comment_status":"closed","ping_status":"closed","template":"","tags":[2633,2632],"product-type":[892],"class_list":["post-1178","product","type-product","status-publish","has-post-thumbnail","hentry","tag-olive","tag-picker","product-type-olive-picker"],"_links":{"self":[{"href":"https:\/\/www.agriculture-machine.com\/es\/wp-json\/wp\/v2\/product\/1178","targetHints":{"allow":["GET"]}}],"collection":[{"href":"https:\/\/www.agriculture-machine.com\/es\/wp-json\/wp\/v2\/product"}],"about":[{"href":"https:\/\/www.agriculture-machine.com\/es\/wp-json\/wp\/v2\/types\/product"}],"author":[{"embeddable":true,"href":"https:\/\/www.agriculture-machine.com\/es\/wp-json\/wp\/v2\/users\/1"}],"replies":[{"embeddable":true,"href":"https:\/\/www.agriculture-machine.com\/es\/wp-json\/wp\/v2\/comments?post=1178"}],"wp:featuredmedia":[{"embeddable":true,"href":"https:\/\/www.agriculture-machine.com\/es\/wp-json\/wp\/v2\/media\/3064"}],"wp:attachment":[{"href":"https:\/\/www.agriculture-machine.com\/es\/wp-json\/wp\/v2\/media?parent=1178"}],"wp:term":[{"taxonomy":"post_tag","embeddable":true,"href":"https:\/\/www.agriculture-machine.com\/es\/wp-json\/wp\/v2\/tags?post=1178"},{"taxonomy":"product-type","embeddable":true,"href":"https:\/\/www.agriculture-machine.com\/es\/wp-json\/wp\/v2\/product-type?post=1178"}],"curies":[{"name":"wp","href":"https:\/\/api.w.org\/{rel}","templated":true}]}}