{"id":1190,"date":"2018-10-20T03:40:51","date_gmt":"2018-10-19T19:40:51","guid":{"rendered":"https:\/\/www.agriculture-machine.com\/?p=1190"},"modified":"2024-09-23T11:14:26","modified_gmt":"2024-09-23T03:14:26","slug":"cassava-slicer-machine","status":"publish","type":"product","link":"https:\/\/www.agriculture-machine.com\/es\/cassava-slicer-machine\/","title":{"rendered":"M\u00e1quina cortadora de yuca \/ cortadora de boniato."},"content":{"rendered":"<p>La cortadora de yuca puede pelar y cortar la yuca en rebanadas, logrando pelado y corte al mismo tiempo. Las rebanadas finales son muy limpias, sin c\u00e1scara exterior, y su grosor puede ajustarse seg\u00fan su requerimiento.<\/p> <div align=\"center\"><\/div> <p>&nbsp;<\/p> <p>&nbsp;<\/p> <h2>Principio de funcionamiento de la cortadora de boniato.<\/h2> <ol> <li>Primero, la yuca entra en un cilindro largo con agujeros.<\/li> <li>Giran constantemente bajo la fuerza del motor durante varios minutos, y se les quita la piel.<\/li> <li>Durante la operaci\u00f3n, el operador puede cubrir la salida del rodillo para evitar que algunas yucas salgan demasiado pronto.<\/li> <li>Finalmente, la yuca sin piel es pelada por una cuchilla afilada.<\/li> <li>Es mejor colocar una bolsa en la salida de la m\u00e1quina para recoger los trozos de yuca.<\/li> <\/ol> <figure id=\"attachment_3110\" aria-describedby=\"caption-attachment-3110\" style=\"width: 667px\" class=\"wp-caption alignnone\"><img loading=\"lazy\" decoding=\"async\" class=\"wp-image-3110\" src=\"https:\/\/www.agriculture-machine.com\/wp-content\/uploads\/2018\/10\/cassava-peeling-machine-1.jpg\" alt=\"\" width=\"667\" height=\"667\" srcset=\"https:\/\/www.agriculture-machine.com\/wp-content\/uploads\/2018\/10\/cassava-peeling-machine-1.jpg 750w, https:\/\/www.agriculture-machine.com\/wp-content\/uploads\/2018\/10\/cassava-peeling-machine-1-270x270.jpg 270w, https:\/\/www.agriculture-machine.com\/wp-content\/uploads\/2018\/10\/cassava-peeling-machine-1-540x540.jpg 540w\" sizes=\"auto, (max-width: 667px) 100vw, 667px\" \/><figcaption id=\"caption-attachment-3110\" class=\"wp-caption-text\">Peladora de yuca.<\/figcaption><\/figure> <h2>Ventaja de la cortadora de boniato.<\/h2> <ol> <li>Alta capacidad. La capacidad de la m\u00e1quina es de 4t\/h.<\/li> <li>Amplia aplicaci\u00f3n. Se usa para yuca, boniato y patata, etc.<\/li> <li>La peladora de yuca puede ser combinada con un motor de 3kw o un motor di\u00e9sel de 8HP seg\u00fan los requisitos del cliente.<\/li> <li>El grosor de la m\u00e1quina cortadora de boniato es ajustable: de 5mm a 20mm.<\/li> <li>La cortadora de boniato tiene operaci\u00f3n sencilla, alta eficiencia y poco consumo de energ\u00eda.<\/li> <li>La m\u00e1quina es f\u00e1cil de mover gracias a sus dos ruedas grandes.<\/li> <\/ol> <figure id=\"attachment_3117\" aria-describedby=\"caption-attachment-3117\" style=\"width: 634px\" class=\"wp-caption alignnone\"><img loading=\"lazy\" decoding=\"async\" class=\"wp-image-3117\" src=\"https:\/\/www.agriculture-machine.com\/wp-content\/uploads\/2018\/10\/cassava-peeling-machine-8.jpg\" alt=\"\" width=\"634\" height=\"634\" srcset=\"https:\/\/www.agriculture-machine.com\/wp-content\/uploads\/2018\/10\/cassava-peeling-machine-8.jpg 750w, https:\/\/www.agriculture-machine.com\/wp-content\/uploads\/2018\/10\/cassava-peeling-machine-8-270x270.jpg 270w, https:\/\/www.agriculture-machine.com\/wp-content\/uploads\/2018\/10\/cassava-peeling-machine-8-540x540.jpg 540w\" sizes=\"auto, (max-width: 634px) 100vw, 634px\" \/><figcaption id=\"caption-attachment-3117\" class=\"wp-caption-text\">Peladora de yuca.<\/figcaption><\/figure> <figure id=\"attachment_3118\" aria-describedby=\"caption-attachment-3118\" style=\"width: 650px\" class=\"wp-caption alignnone\"><img loading=\"lazy\" decoding=\"async\" class=\"wp-image-3118\" src=\"https:\/\/www.agriculture-machine.com\/wp-content\/uploads\/2018\/10\/cassava-peeling-machine-9.jpg\" alt=\"\" width=\"650\" height=\"650\" srcset=\"https:\/\/www.agriculture-machine.com\/wp-content\/uploads\/2018\/10\/cassava-peeling-machine-9.jpg 750w, https:\/\/www.agriculture-machine.com\/wp-content\/uploads\/2018\/10\/cassava-peeling-machine-9-270x270.jpg 270w, https:\/\/www.agriculture-machine.com\/wp-content\/uploads\/2018\/10\/cassava-peeling-machine-9-540x540.jpg 540w\" sizes=\"auto, (max-width: 650px) 100vw, 650px\" \/><figcaption id=\"caption-attachment-3118\" class=\"wp-caption-text\">Peladora de yuca.<\/figcaption><\/figure> <h2>Par\u00e1metro t\u00e9cnico de la cortadora de boniato.<\/h2> <p>&nbsp;<\/p> <table> <tbody> <tr> <td width=\"284\">Modelo<\/td> <td width=\"284\">SL-04<\/td> <\/tr> <tr> <td width=\"284\">Potencia<\/td> <td width=\"284\">Motor de 3kw o motor di\u00e9sel de 8HP.<\/td> <\/tr> <tr> <td width=\"284\">Capacidad<\/td> <td width=\"284\">4t\/h<\/td> <\/tr> <tr> <td width=\"284\">Peso<\/td> <td width=\"284\">150kg<\/td> <\/tr> <tr> <td width=\"284\">Tama\u00f1o<\/td> <td width=\"284\">1650*800*1200mm<\/td> <\/tr> <\/tbody> <\/table> <h2>Caso de \u00e9xito de la cortadora de boniato.<\/h2> <p>Tres clientes de Congo ordenaron 50 unidades de la m\u00e1quina cortadora de boniato en 2018. Primero visitaron nuestra f\u00e1brica para conocer profundamente la m\u00e1quina, prob\u00e1ndola con su materia prima. Impresionados por su alta capacidad y excelente rendimiento, realizaron el pago de inmediato despu\u00e9s de la prueba, lo que fue solo el primer acuerdo entre nosotros.<\/p> <h3>Imagen de los clientes.<\/h3> <figure id=\"attachment_3115\" aria-describedby=\"caption-attachment-3115\" style=\"width: 598px\" class=\"wp-caption alignnone\"><img loading=\"lazy\" decoding=\"async\" class=\"wp-image-3115\" src=\"https:\/\/www.agriculture-machine.com\/wp-content\/uploads\/2018\/10\/cassava-peeling-machine-6.jpg\" alt=\"\" width=\"598\" height=\"598\" srcset=\"https:\/\/www.agriculture-machine.com\/wp-content\/uploads\/2018\/10\/cassava-peeling-machine-6.jpg 750w, https:\/\/www.agriculture-machine.com\/wp-content\/uploads\/2018\/10\/cassava-peeling-machine-6-270x270.jpg 270w, https:\/\/www.agriculture-machine.com\/wp-content\/uploads\/2018\/10\/cassava-peeling-machine-6-540x540.jpg 540w\" sizes=\"auto, (max-width: 598px) 100vw, 598px\" \/><figcaption id=\"caption-attachment-3115\" class=\"wp-caption-text\">Peladora de yuca.<\/figcaption><\/figure> <figure id=\"attachment_3114\" aria-describedby=\"caption-attachment-3114\" style=\"width: 592px\" class=\"wp-caption alignnone\"><img loading=\"lazy\" decoding=\"async\" class=\"wp-image-3114\" src=\"https:\/\/www.agriculture-machine.com\/wp-content\/uploads\/2018\/10\/cassava-peeling-machine-5.jpg\" alt=\"\" width=\"592\" height=\"592\" srcset=\"https:\/\/www.agriculture-machine.com\/wp-content\/uploads\/2018\/10\/cassava-peeling-machine-5.jpg 750w, https:\/\/www.agriculture-machine.com\/wp-content\/uploads\/2018\/10\/cassava-peeling-machine-5-270x270.jpg 270w, https:\/\/www.agriculture-machine.com\/wp-content\/uploads\/2018\/10\/cassava-peeling-machine-5-540x540.jpg 540w\" sizes=\"auto, (max-width: 592px) 100vw, 592px\" \/><figcaption id=\"caption-attachment-3114\" class=\"wp-caption-text\">Peladora de yuca.<\/figcaption><\/figure> <h3>Imagen de entrega de la cortadora de boniato.<\/h3> <figure id=\"attachment_3111\" aria-describedby=\"caption-attachment-3111\" style=\"width: 593px\" class=\"wp-caption alignnone\"><img loading=\"lazy\" decoding=\"async\" class=\"wp-image-3111\" src=\"https:\/\/www.agriculture-machine.com\/wp-content\/uploads\/2018\/10\/cassava-peeling-machine-2.jpg\" alt=\"\" width=\"593\" height=\"593\" srcset=\"https:\/\/www.agriculture-machine.com\/wp-content\/uploads\/2018\/10\/cassava-peeling-machine-2.jpg 750w, https:\/\/www.agriculture-machine.com\/wp-content\/uploads\/2018\/10\/cassava-peeling-machine-2-270x270.jpg 270w, https:\/\/www.agriculture-machine.com\/wp-content\/uploads\/2018\/10\/cassava-peeling-machine-2-540x540.jpg 540w\" sizes=\"auto, (max-width: 593px) 100vw, 593px\" \/><figcaption id=\"caption-attachment-3111\" class=\"wp-caption-text\">Peladora de yuca.<\/figcaption><\/figure> <figure id=\"attachment_3112\" aria-describedby=\"caption-attachment-3112\" style=\"width: 594px\" class=\"wp-caption alignnone\"><img loading=\"lazy\" decoding=\"async\" class=\"wp-image-3112\" src=\"https:\/\/www.agriculture-machine.com\/wp-content\/uploads\/2018\/10\/cassava-peeling-machine-3.jpg\" alt=\"\" width=\"594\" height=\"594\" srcset=\"https:\/\/www.agriculture-machine.com\/wp-content\/uploads\/2018\/10\/cassava-peeling-machine-3.jpg 750w, https:\/\/www.agriculture-machine.com\/wp-content\/uploads\/2018\/10\/cassava-peeling-machine-3-270x270.jpg 270w, https:\/\/www.agriculture-machine.com\/wp-content\/uploads\/2018\/10\/cassava-peeling-machine-3-540x540.jpg 540w\" sizes=\"auto, (max-width: 594px) 100vw, 594px\" \/><figcaption id=\"caption-attachment-3112\" class=\"wp-caption-text\">Peladora de yuca.<\/figcaption><\/figure> <figure id=\"attachment_3113\" aria-describedby=\"caption-attachment-3113\" style=\"width: 589px\" class=\"wp-caption alignnone\"><img loading=\"lazy\" decoding=\"async\" class=\"wp-image-3113\" src=\"https:\/\/www.agriculture-machine.com\/wp-content\/uploads\/2018\/10\/cassava-peeling-machine-4.jpg\" alt=\"\" width=\"589\" height=\"589\" srcset=\"https:\/\/www.agriculture-machine.com\/wp-content\/uploads\/2018\/10\/cassava-peeling-machine-4.jpg 750w, https:\/\/www.agriculture-machine.com\/wp-content\/uploads\/2018\/10\/cassava-peeling-machine-4-270x270.jpg 270w, https:\/\/www.agriculture-machine.com\/wp-content\/uploads\/2018\/10\/cassava-peeling-machine-4-540x540.jpg 540w\" sizes=\"auto, (max-width: 589px) 100vw, 589px\" \/><figcaption id=\"caption-attachment-3113\" class=\"wp-caption-text\">Peladora de yuca.<\/figcaption><\/figure> <h2>Preguntas frecuentes<\/h2> <ol> <li>\u00bfCu\u00e1l es la materia prima de la m\u00e1quina peladora de boniato?<\/li> <\/ol> <p>La materia prima puede ser yuca, patata o boniato.<\/p> <ol start=\"2\"> <li>\u00bfEs ajustable el grosor?<\/li> <\/ol> <p>S\u00ed, por supuesto, va de 5mm a 20mm.<\/p> <ol start=\"3\"> <li>\u00bfPuede la m\u00e1quina eliminar completamente la c\u00e1scara de la materia prima?<\/li> <\/ol> <p>La tasa de remoci\u00f3n de piel es del 95%, lo que significa que casi toda la corteza puede ser eliminada en el rodillo.<\/p> <ol start=\"4\"> <li>\u00bfHay trozos de yuca rotos?<\/li> <\/ol> <p>No, todas las piezas pueden mantenerse intactas.<\/p> <p>El stock de la cortadora de boniato.<\/p> <p>&nbsp;<\/p>","protected":false},"excerpt":{"rendered":"<p>Cassava slicing\u00a0machine\u00a0can peel cassava and then cut them\u00a0into slices, achieving\u00a0peeling and slicing\u00a0at the same time.\u00a0The final slices are very clean without outer husk, and its thickness can be adjusted according to your requirement. &nbsp; &nbsp; Working principle of sweet potato slicer The cassava\u00a0firstly goes into a long barrel with hole. They constantly rotate under the [&hellip;]<\/p>\n","protected":false},"author":1,"featured_media":3110,"parent":0,"comment_status":"closed","ping_status":"closed","template":"","tags":[2629],"product-type":[1],"class_list":["post-1190","product","type-product","status-publish","has-post-thumbnail","hentry","tag-slicer","product-type-other"],"_links":{"self":[{"href":"https:\/\/www.agriculture-machine.com\/es\/wp-json\/wp\/v2\/product\/1190","targetHints":{"allow":["GET"]}}],"collection":[{"href":"https:\/\/www.agriculture-machine.com\/es\/wp-json\/wp\/v2\/product"}],"about":[{"href":"https:\/\/www.agriculture-machine.com\/es\/wp-json\/wp\/v2\/types\/product"}],"author":[{"embeddable":true,"href":"https:\/\/www.agriculture-machine.com\/es\/wp-json\/wp\/v2\/users\/1"}],"replies":[{"embeddable":true,"href":"https:\/\/www.agriculture-machine.com\/es\/wp-json\/wp\/v2\/comments?post=1190"}],"wp:featuredmedia":[{"embeddable":true,"href":"https:\/\/www.agriculture-machine.com\/es\/wp-json\/wp\/v2\/media\/3110"}],"wp:attachment":[{"href":"https:\/\/www.agriculture-machine.com\/es\/wp-json\/wp\/v2\/media?parent=1190"}],"wp:term":[{"taxonomy":"post_tag","embeddable":true,"href":"https:\/\/www.agriculture-machine.com\/es\/wp-json\/wp\/v2\/tags?post=1190"},{"taxonomy":"product-type","embeddable":true,"href":"https:\/\/www.agriculture-machine.com\/es\/wp-json\/wp\/v2\/product-type?post=1190"}],"curies":[{"name":"wp","href":"https:\/\/api.w.org\/{rel}","templated":true}]}}